{"id":39375,"date":"2022-02-24T14:44:53","date_gmt":"2022-02-24T13:44:53","guid":{"rendered":"https:\/produit\/lift-mtb-devanado-de-motor-simple\/"},"modified":"2024-06-06T00:37:54","modified_gmt":"2024-06-05T22:37:54","slug":"bobinado-motor-alone-motor-electrico-velo-lift-mtb","status":"publish","type":"product","link":"https:\/\/www.lift-mtb.com\/es\/produit\/bobinado-motor-alone-motor-electrico-velo-lift-mtb\/","title":{"rendered":"LIFT-MTB devanado de motor simple"},"content":{"rendered":"<p>Bobinado de <a href=\"https:\/\/www.youtube.com\/watch?v=g0aRczJ2-uA\">motores el\u00e9ctricos para bicicletas.<\/a><\/p>\n<p>El bobinado del motor de escobillas es un componente clave de los motores el\u00e9ctricos utilizados en las bicicletas el\u00e9ctricas. Este tipo de motor funciona utilizando imanes permanentes y escobillas de carb\u00f3n para proporcionar energ\u00eda al motor y hacerlo girar.<\/p>\n<p>Las bobinas se enrollan alrededor del rotor del motor. A continuaci\u00f3n se alimenta con corriente el\u00e9ctrica para crear un campo magn\u00e9tico. Este campo magn\u00e9tico hace girar el rotor. Esto hace girar la rueda trasera de la bicicleta y la impulsa hacia delante.<\/p>\n<p>Los motores de escobillas son una tecnolog\u00eda habitual en las bicicletas el\u00e9ctricas por su bajo coste y facilidad de mantenimiento.<\/p>\n<p>Siguen siendo una opci\u00f3n popular para los usuarios que desean <strong>convertir su bicicleta en el\u00e9ctrica<\/strong>.<\/p>\n<p>El bobinado de un motor de escobillas debe ser preciso para garantizar un funcionamiento eficaz.<\/p>\n<p>Tambi\u00e9n se utiliza hilo de cobre de alta calidad para los bobinados. Esto permite una conductividad el\u00e9ctrica \u00f3ptima y una resistencia m\u00ednima.<\/p>\n<p><a href=\"https:\/technologie-du-moteur\/\">Las bobinas<\/a> tambi\u00e9n deben estar aisladas para evitar cortocircuitos y fallos el\u00e9ctricos.<\/p>\n<p>El bobinado del motor de escobillas es un componente crucial y muy resistente de los motores de las bicicletas el\u00e9ctricas, no requiere ning\u00fan mantenimiento espec\u00edfico y puede durar toda la vida de la bicicleta el\u00e9ctrica, ya que las escobillas tambi\u00e9n son elementos muy resistentes que rara vez o nunca se sustituyen, \u00a1nuestra motorizaci\u00f3n es realmente muy resistente y fiable!<\/p>\n","protected":false},"excerpt":{"rendered":"<p><strong>Bobinado de motor el\u00e9ctrico para bicicleta Descripci\u00f3n:<\/strong><\/p>\n<ul>\n<li>Bobinado para <a href=\"https:\/technologie-du-moteur\/\">motor el\u00e9ctrico de bicicleta<\/a> individual.<\/li>\n<li>Por lo general, es una pieza muy robusta y es muy raro tener que sustituirla.<\/li>\n<li>Un bobinado de motor el\u00e9ctrico en mal estado es de color muy oscuro, incluso negro si ha sufrido un exceso de trabajo.<\/li>\n<\/ul>\n","protected":false},"featured_media":8442,"comment_status":"open","ping_status":"closed","template":"","meta":[],"product_brand":[],"product_cat":[838,850],"product_tag":[],"class_list":{"0":"post-39375","1":"product","2":"type-product","3":"status-publish","4":"has-post-thumbnail","6":"product_cat-piezas-de-recambio","7":"product_cat-piezas-electronicas","9":"first","10":"instock","11":"taxable","12":"shipping-taxable","13":"purchasable","14":"product-type-simple"},"yoast_head":"<!-- This site is optimized with the Yoast SEO plugin v26.9 - https:\/\/yoast.com\/product\/yoast-seo-wordpress\/ -->\n<title>Bobinado de motor el\u00e9ctrico para bicicleta y Mountain bikes (MTB) monta\u00f1a LIFT-MTB<\/title>\n<meta name=\"description\" content=\"Bobina de motor desmontable s\u00f3lo para bicicleta LIFT-MTB, aunque es pr\u00e1cticamente irrompible detallamos todas las piezas de nuestro kit de bicicleta el\u00e9ctrica\" \/>\n<meta name=\"robots\" content=\"index, follow, max-snippet:-1, max-image-preview:large, max-video-preview:-1\" \/>\n<link rel=\"canonical\" href=\"https:\/\/www.lift-mtb.com\/es\/produit\/bobinado-motor-alone-motor-electrico-velo-lift-mtb\/\" \/>\n<meta property=\"og:locale\" content=\"es_ES\" \/>\n<meta property=\"og:type\" content=\"article\" \/>\n<meta property=\"og:title\" content=\"Bobinado de motor el\u00e9ctrico para bicicleta y Mountain bikes (MTB) monta\u00f1a LIFT-MTB\" \/>\n<meta property=\"og:description\" content=\"Bobina de motor desmontable s\u00f3lo para bicicleta LIFT-MTB, aunque es pr\u00e1cticamente irrompible detallamos todas las piezas de nuestro kit de bicicleta el\u00e9ctrica\" \/>\n<meta property=\"og:url\" content=\"https:\/\/www.lift-mtb.com\/es\/produit\/bobinado-motor-alone-motor-electrico-velo-lift-mtb\/\" \/>\n<meta property=\"og:site_name\" content=\"LIFT-MTB\" \/>\n<meta property=\"article:modified_time\" content=\"2024-06-05T22:37:54+00:00\" \/>\n<meta property=\"og:image\" content=\"https:\/\/www.lift-mtb.com\/wp-content\/uploads\/2022\/02\/bobinage-2.jpg\" \/>\n\t<meta property=\"og:image:width\" content=\"1280\" \/>\n\t<meta property=\"og:image:height\" content=\"720\" \/>\n\t<meta property=\"og:image:type\" content=\"image\/jpeg\" \/>\n<meta name=\"twitter:card\" content=\"summary_large_image\" \/>\n<meta name=\"twitter:label1\" content=\"Tiempo de lectura\" \/>\n\t<meta name=\"twitter:data1\" content=\"1 minuto\" \/>\n<script type=\"application\/ld+json\" class=\"yoast-schema-graph\">{\"@context\":\"https:\/\/schema.org\",\"@graph\":[{\"@type\":\"WebPage\",\"@id\":\"https:\/\/www.lift-mtb.com\/es\/produit\/bobinado-motor-alone-motor-electrico-velo-lift-mtb\/\",\"url\":\"https:\/\/www.lift-mtb.com\/es\/produit\/bobinado-motor-alone-motor-electrico-velo-lift-mtb\/\",\"name\":\"Bobinado de motor el\u00e9ctrico para bicicleta y Mountain bikes (MTB) monta\u00f1a LIFT-MTB\",\"isPartOf\":{\"@id\":\"https:\/\/www.lift-mtb.com\/es\/#website\"},\"primaryImageOfPage\":{\"@id\":\"https:\/\/www.lift-mtb.com\/es\/produit\/bobinado-motor-alone-motor-electrico-velo-lift-mtb\/#primaryimage\"},\"image\":{\"@id\":\"https:\/\/www.lift-mtb.com\/es\/produit\/bobinado-motor-alone-motor-electrico-velo-lift-mtb\/#primaryimage\"},\"thumbnailUrl\":\"https:\/\/www.lift-mtb.com\/wp-content\/uploads\/2022\/02\/bobinage-2.jpg\",\"datePublished\":\"2022-02-24T13:44:53+00:00\",\"dateModified\":\"2024-06-05T22:37:54+00:00\",\"description\":\"Bobina de motor desmontable s\u00f3lo para bicicleta LIFT-MTB, aunque es pr\u00e1cticamente irrompible detallamos todas las piezas de nuestro kit de bicicleta el\u00e9ctrica\",\"breadcrumb\":{\"@id\":\"https:\/\/www.lift-mtb.com\/es\/produit\/bobinado-motor-alone-motor-electrico-velo-lift-mtb\/#breadcrumb\"},\"inLanguage\":\"es\",\"potentialAction\":[{\"@type\":\"ReadAction\",\"target\":[\"https:\/\/www.lift-mtb.com\/es\/produit\/bobinado-motor-alone-motor-electrico-velo-lift-mtb\/\"]}]},{\"@type\":\"ImageObject\",\"inLanguage\":\"es\",\"@id\":\"https:\/\/www.lift-mtb.com\/es\/produit\/bobinado-motor-alone-motor-electrico-velo-lift-mtb\/#primaryimage\",\"url\":\"https:\/\/www.lift-mtb.com\/wp-content\/uploads\/2022\/02\/bobinage-2.jpg\",\"contentUrl\":\"https:\/\/www.lift-mtb.com\/wp-content\/uploads\/2022\/02\/bobinage-2.jpg\",\"width\":1280,\"height\":720,\"caption\":\"Bobinado de bicicletas el\u00e9ctricas\"},{\"@type\":\"BreadcrumbList\",\"@id\":\"https:\/\/www.lift-mtb.com\/es\/produit\/bobinado-motor-alone-motor-electrico-velo-lift-mtb\/#breadcrumb\",\"itemListElement\":[{\"@type\":\"ListItem\",\"position\":1,\"name\":\"Accueil\",\"item\":\"https:\/\/www.lift-mtb.com\/es\/\"},{\"@type\":\"ListItem\",\"position\":2,\"name\":\"Tienda\",\"item\":\"https:\/\/www.lift-mtb.com\/es\/tienda\/\"},{\"@type\":\"ListItem\",\"position\":3,\"name\":\"Piezas de recambio\",\"item\":\"https:\/\/www.lift-mtb.com\/es\/categoria-de-productos\/piezas-de-recambio\/\"},{\"@type\":\"ListItem\",\"position\":4,\"name\":\"Piezas electr\u00f3nicas\",\"item\":\"https:\/\/www.lift-mtb.com\/es\/categoria-de-productos\/piezas-de-recambio\/piezas-electronicas\/\"},{\"@type\":\"ListItem\",\"position\":5,\"name\":\"LIFT-MTB devanado de motor simple\"}]},{\"@type\":\"WebSite\",\"@id\":\"https:\/\/www.lift-mtb.com\/es\/#website\",\"url\":\"https:\/\/www.lift-mtb.com\/es\/\",\"name\":\"LIFT-MTB\",\"description\":\"Transformer son v\u00e9lo en \u00e9lectrique rapidement !\",\"publisher\":{\"@id\":\"https:\/\/www.lift-mtb.com\/es\/#organization\"},\"potentialAction\":[{\"@type\":\"SearchAction\",\"target\":{\"@type\":\"EntryPoint\",\"urlTemplate\":\"https:\/\/www.lift-mtb.com\/es\/?s={search_term_string}\"},\"query-input\":{\"@type\":\"PropertyValueSpecification\",\"valueRequired\":true,\"valueName\":\"search_term_string\"}}],\"inLanguage\":\"es\"},{\"@type\":\"Organization\",\"@id\":\"https:\/\/www.lift-mtb.com\/es\/#organization\",\"name\":\"LIFT-MTB\",\"url\":\"https:\/\/www.lift-mtb.com\/es\/\",\"logo\":{\"@type\":\"ImageObject\",\"inLanguage\":\"es\",\"@id\":\"https:\/\/www.lift-mtb.com\/es\/#\/schema\/logo\/image\/\",\"url\":\"https:\/\/www.lift-mtb.com\/wp-content\/uploads\/2022\/01\/electric-kit-for-bike-1.jpg\",\"contentUrl\":\"https:\/\/www.lift-mtb.com\/wp-content\/uploads\/2022\/01\/electric-kit-for-bike-1.jpg\",\"width\":1223,\"height\":560,\"caption\":\"LIFT-MTB\"},\"image\":{\"@id\":\"https:\/\/www.lift-mtb.com\/es\/#\/schema\/logo\/image\/\"}}]}<\/script>\n<!-- \/ Yoast SEO plugin. -->","yoast_head_json":{"title":"Bobinado de motor el\u00e9ctrico para bicicleta y Mountain bikes (MTB) monta\u00f1a LIFT-MTB","description":"Bobina de motor desmontable s\u00f3lo para bicicleta LIFT-MTB, aunque es pr\u00e1cticamente irrompible detallamos todas las piezas de nuestro kit de bicicleta el\u00e9ctrica","robots":{"index":"index","follow":"follow","max-snippet":"max-snippet:-1","max-image-preview":"max-image-preview:large","max-video-preview":"max-video-preview:-1"},"canonical":"https:\/\/www.lift-mtb.com\/es\/produit\/bobinado-motor-alone-motor-electrico-velo-lift-mtb\/","og_locale":"es_ES","og_type":"article","og_title":"Bobinado de motor el\u00e9ctrico para bicicleta y Mountain bikes (MTB) monta\u00f1a LIFT-MTB","og_description":"Bobina de motor desmontable s\u00f3lo para bicicleta LIFT-MTB, aunque es pr\u00e1cticamente irrompible detallamos todas las piezas de nuestro kit de bicicleta el\u00e9ctrica","og_url":"https:\/\/www.lift-mtb.com\/es\/produit\/bobinado-motor-alone-motor-electrico-velo-lift-mtb\/","og_site_name":"LIFT-MTB","article_modified_time":"2024-06-05T22:37:54+00:00","og_image":[{"width":1280,"height":720,"url":"https:\/\/www.lift-mtb.com\/wp-content\/uploads\/2022\/02\/bobinage-2.jpg","type":"image\/jpeg"}],"twitter_card":"summary_large_image","twitter_misc":{"Tiempo de lectura":"1 minuto"},"schema":{"@context":"https:\/\/schema.org","@graph":[{"@type":"WebPage","@id":"https:\/\/www.lift-mtb.com\/es\/produit\/bobinado-motor-alone-motor-electrico-velo-lift-mtb\/","url":"https:\/\/www.lift-mtb.com\/es\/produit\/bobinado-motor-alone-motor-electrico-velo-lift-mtb\/","name":"Bobinado de motor el\u00e9ctrico para bicicleta y Mountain bikes (MTB) monta\u00f1a LIFT-MTB","isPartOf":{"@id":"https:\/\/www.lift-mtb.com\/es\/#website"},"primaryImageOfPage":{"@id":"https:\/\/www.lift-mtb.com\/es\/produit\/bobinado-motor-alone-motor-electrico-velo-lift-mtb\/#primaryimage"},"image":{"@id":"https:\/\/www.lift-mtb.com\/es\/produit\/bobinado-motor-alone-motor-electrico-velo-lift-mtb\/#primaryimage"},"thumbnailUrl":"https:\/\/www.lift-mtb.com\/wp-content\/uploads\/2022\/02\/bobinage-2.jpg","datePublished":"2022-02-24T13:44:53+00:00","dateModified":"2024-06-05T22:37:54+00:00","description":"Bobina de motor desmontable s\u00f3lo para bicicleta LIFT-MTB, aunque es pr\u00e1cticamente irrompible detallamos todas las piezas de nuestro kit de bicicleta el\u00e9ctrica","breadcrumb":{"@id":"https:\/\/www.lift-mtb.com\/es\/produit\/bobinado-motor-alone-motor-electrico-velo-lift-mtb\/#breadcrumb"},"inLanguage":"es","potentialAction":[{"@type":"ReadAction","target":["https:\/\/www.lift-mtb.com\/es\/produit\/bobinado-motor-alone-motor-electrico-velo-lift-mtb\/"]}]},{"@type":"ImageObject","inLanguage":"es","@id":"https:\/\/www.lift-mtb.com\/es\/produit\/bobinado-motor-alone-motor-electrico-velo-lift-mtb\/#primaryimage","url":"https:\/\/www.lift-mtb.com\/wp-content\/uploads\/2022\/02\/bobinage-2.jpg","contentUrl":"https:\/\/www.lift-mtb.com\/wp-content\/uploads\/2022\/02\/bobinage-2.jpg","width":1280,"height":720,"caption":"Bobinado de bicicletas el\u00e9ctricas"},{"@type":"BreadcrumbList","@id":"https:\/\/www.lift-mtb.com\/es\/produit\/bobinado-motor-alone-motor-electrico-velo-lift-mtb\/#breadcrumb","itemListElement":[{"@type":"ListItem","position":1,"name":"Accueil","item":"https:\/\/www.lift-mtb.com\/es\/"},{"@type":"ListItem","position":2,"name":"Tienda","item":"https:\/\/www.lift-mtb.com\/es\/tienda\/"},{"@type":"ListItem","position":3,"name":"Piezas de recambio","item":"https:\/\/www.lift-mtb.com\/es\/categoria-de-productos\/piezas-de-recambio\/"},{"@type":"ListItem","position":4,"name":"Piezas electr\u00f3nicas","item":"https:\/\/www.lift-mtb.com\/es\/categoria-de-productos\/piezas-de-recambio\/piezas-electronicas\/"},{"@type":"ListItem","position":5,"name":"LIFT-MTB devanado de motor simple"}]},{"@type":"WebSite","@id":"https:\/\/www.lift-mtb.com\/es\/#website","url":"https:\/\/www.lift-mtb.com\/es\/","name":"LIFT-MTB","description":"Transformer son v\u00e9lo en \u00e9lectrique rapidement !","publisher":{"@id":"https:\/\/www.lift-mtb.com\/es\/#organization"},"potentialAction":[{"@type":"SearchAction","target":{"@type":"EntryPoint","urlTemplate":"https:\/\/www.lift-mtb.com\/es\/?s={search_term_string}"},"query-input":{"@type":"PropertyValueSpecification","valueRequired":true,"valueName":"search_term_string"}}],"inLanguage":"es"},{"@type":"Organization","@id":"https:\/\/www.lift-mtb.com\/es\/#organization","name":"LIFT-MTB","url":"https:\/\/www.lift-mtb.com\/es\/","logo":{"@type":"ImageObject","inLanguage":"es","@id":"https:\/\/www.lift-mtb.com\/es\/#\/schema\/logo\/image\/","url":"https:\/\/www.lift-mtb.com\/wp-content\/uploads\/2022\/01\/electric-kit-for-bike-1.jpg","contentUrl":"https:\/\/www.lift-mtb.com\/wp-content\/uploads\/2022\/01\/electric-kit-for-bike-1.jpg","width":1223,"height":560,"caption":"LIFT-MTB"},"image":{"@id":"https:\/\/www.lift-mtb.com\/es\/#\/schema\/logo\/image\/"}}]}},"_links":{"self":[{"href":"https:\/\/www.lift-mtb.com\/es\/wp-json\/wp\/v2\/product\/39375","targetHints":{"allow":["GET"]}}],"collection":[{"href":"https:\/\/www.lift-mtb.com\/es\/wp-json\/wp\/v2\/product"}],"about":[{"href":"https:\/\/www.lift-mtb.com\/es\/wp-json\/wp\/v2\/types\/product"}],"replies":[{"embeddable":true,"href":"https:\/\/www.lift-mtb.com\/es\/wp-json\/wp\/v2\/comments?post=39375"}],"wp:featuredmedia":[{"embeddable":true,"href":"https:\/\/www.lift-mtb.com\/es\/wp-json\/wp\/v2\/media\/8442"}],"wp:attachment":[{"href":"https:\/\/www.lift-mtb.com\/es\/wp-json\/wp\/v2\/media?parent=39375"}],"wp:term":[{"taxonomy":"product_brand","embeddable":true,"href":"https:\/\/www.lift-mtb.com\/es\/wp-json\/wp\/v2\/product_brand?post=39375"},{"taxonomy":"product_cat","embeddable":true,"href":"https:\/\/www.lift-mtb.com\/es\/wp-json\/wp\/v2\/product_cat?post=39375"},{"taxonomy":"product_tag","embeddable":true,"href":"https:\/\/www.lift-mtb.com\/es\/wp-json\/wp\/v2\/product_tag?post=39375"}],"curies":[{"name":"wp","href":"https:\/\/api.w.org\/{rel}","templated":true}]}}