{"id":39380,"date":"2022-02-24T13:52:00","date_gmt":"2022-02-24T12:52:00","guid":{"rendered":"https:\/produit\/controlador-completo-controlador-arnes-disparador\/"},"modified":"2026-01-05T08:54:33","modified_gmt":"2026-01-05T07:54:33","slug":"motor-controlador-completo-de-bicicleta-electrica","status":"publish","type":"product","link":"https:\/\/www.lift-mtb.com\/es\/produit\/motor-controlador-completo-de-bicicleta-electrica\/","title":{"rendered":"Controlador completo (controlador + arn\u00e9s + disparador)"},"content":{"rendered":"<h2>Controlador de motor completo (controlador + arn\u00e9s + gatillo) <a href=\"https:\/\/www.youtube.com\/@LIFTMTBTV\/featured\">LIFT MTB<\/a><\/h2>\n<p>El conjunto completo est\u00e1 formado por el controlador que se acopla al motor.<\/p>\n<p>A continuaci\u00f3n, el arn\u00e9s el\u00e9ctrico para hacer el enlace con el gatillo.<\/p>\n<p>Que se fija al manillar de la bicicleta.<\/p>\n<p>Este kit tambi\u00e9n es compatible con todas las versiones del kit de bicicleta el\u00e9ctrica LIFT MTB v1,v2,v3,v4 desde 2012 hasta la actualidad.<\/p>\n<p>Se suministra con tubo <a href=\"https:\/produit\/gaine-retractable\/\">termorretr\u00e1ctil<\/a>.<\/p>\n<p>muy f\u00e1cil de instalar o desmontar, basta con conectarlo o desconectarlo al cable del motor, no es necesario desmontar el motor de la moto.<\/p>\n<p>Un motor que ya no funciona correctamente en t\u00e9rminos de gesti\u00f3n del acelerador es un signo de un fallo del controlador, que puede ocurrir por 3 razones:<\/p>\n<p>-Cuando la bater\u00eda est\u00e1 permanentemente conectada y el gatillo no est\u00e1 en posici\u00f3n OFF.<\/p>\n<p>&#8211; Inmersi\u00f3n en agua.<\/p>\n<p>&#8211; Sobrecalentamiento debido a una relaci\u00f3n de transmisi\u00f3n demasiado grande, cuando no est\u00e1s girando las piernas lo suficiente (pi\u00f1\u00f3n demasiado peque\u00f1o en el casete trasero en comparaci\u00f3n con la velocidad de la bicicleta), normalmente en carretera cuando quieres ir r\u00e1pido durante mucho tiempo.<\/p>\n<p><strong>Si<\/strong> no tienes uno y tu controlador est\u00e1 averiado, te recomendamos que compres uno y compruebes los datos mientras conduces para optimizar el consumo de combustible y evitar el sobrecalentamiento.<\/p>\n<p>Recuerde instalar un fusible de 20 amperios en la bater\u00eda si no es el caso, ya que esto proteger\u00e1 el controlador en caso de sobrecalentamiento.<\/p>\n<p>Puede sellar debajo del tubo termorretr\u00e1ctil con sellador de techos Rubson Butyl, o cualquier otro sellador.<\/p>\n<div class=\"video-shortcode\"><iframe title=\"Replacement controller\/trigger\/harness assembly on LIFT-MTB V1 V2 V3 V4 kit\" width=\"1375\" height=\"773\" src=\"https:\/\/www.youtube.com\/embed\/E86Rx5rYXqw?feature=oembed\" frameborder=\"0\" allow=\"accelerometer; autoplay; clipboard-write; encrypted-media; gyroscope; picture-in-picture; web-share\" allowfullscreen><\/iframe><\/div>\n<p>&nbsp;<\/p>\n","protected":false},"excerpt":{"rendered":"<p><strong>Descripci\u00f3n:<\/strong><\/p>\n<ul>\n<li>Compatible con todos los motores V1 \/V2 \/V3\/ V4<\/li>\n<li>Arn\u00e9s completo con gatillo preequipado para el montaje del sensor del pedal.<\/li>\n<li>Incluye tubo retr\u00e1ctil para el montaje<\/li>\n<li>Muy f\u00e1cil de cambiar. S\u00f3lo hay que conectarlo al cable del motor para instalarlo.<\/li>\n<\/ul>\n<p><span class=\"Y2IQFc\" lang=\"es\">Esta nueva versi\u00f3n ventilada ofrece una refrigeraci\u00f3n mejorada y tambi\u00e9n incorpora un sistema antichispas que reduce el riesgo de da\u00f1ar los componentes si la bater\u00eda se conecta con el encendido apagado. <\/span><\/p>\n<p><span class=\"Y2IQFc\" lang=\"es\">Con unas medidas de 90 mm x 70 mm x 30 mm, es ligeramente m\u00e1s grande que la versi\u00f3n anterior. Dependiendo del modelo de motor, puede requerir un peque\u00f1o recorte en el protector del motor, debajo del chasis, para su instalaci\u00f3n.<\/span><\/p>\n","protected":false},"featured_media":8309,"comment_status":"open","ping_status":"closed","template":"","meta":[],"product_brand":[],"product_cat":[850],"product_tag":[],"class_list":{"0":"post-39380","1":"product","2":"type-product","3":"status-publish","4":"has-post-thumbnail","6":"product_cat-piezas-electronicas","8":"first","9":"instock","10":"taxable","11":"shipping-taxable","12":"purchasable","13":"product-type-simple"},"yoast_head":"<!-- This site is optimized with the Yoast SEO plugin v26.9 - https:\/\/yoast.com\/product\/yoast-seo-wordpress\/ -->\n<title>Controlador de motor completo (controlador y arn\u00e9s).<\/title>\n<meta name=\"description\" content=\"Controlador de motor completo compatible con todos los motores - Arn\u00e9s completo con gatillo preequipado para el montaje del sensor del pedal.\" \/>\n<meta name=\"robots\" content=\"index, follow, max-snippet:-1, max-image-preview:large, max-video-preview:-1\" \/>\n<link rel=\"canonical\" href=\"https:\/\/www.lift-mtb.com\/es\/produit\/motor-controlador-completo-de-bicicleta-electrica\/\" \/>\n<meta property=\"og:locale\" content=\"es_ES\" \/>\n<meta property=\"og:type\" content=\"article\" \/>\n<meta property=\"og:title\" content=\"Controlador de motor completo (controlador y arn\u00e9s).\" \/>\n<meta property=\"og:description\" content=\"Controlador de motor completo compatible con todos los motores - Arn\u00e9s completo con gatillo preequipado para el montaje del sensor del pedal.\" \/>\n<meta property=\"og:url\" content=\"https:\/\/www.lift-mtb.com\/es\/produit\/motor-controlador-completo-de-bicicleta-electrica\/\" \/>\n<meta property=\"og:site_name\" content=\"LIFT-MTB\" \/>\n<meta property=\"article:modified_time\" content=\"2026-01-05T07:54:33+00:00\" \/>\n<meta property=\"og:image\" content=\"https:\/\/www.lift-mtb.com\/wp-content\/uploads\/2022\/02\/controleur-complet-kit-moteur-pedalier-velo-elctrique-1-scaled.jpg\" \/>\n\t<meta property=\"og:image:width\" content=\"3024\" \/>\n\t<meta property=\"og:image:height\" content=\"3780\" \/>\n\t<meta property=\"og:image:type\" content=\"image\/jpeg\" \/>\n<meta name=\"twitter:card\" content=\"summary_large_image\" \/>\n<meta name=\"twitter:label1\" content=\"Tiempo de lectura\" \/>\n\t<meta name=\"twitter:data1\" content=\"2 minutos\" \/>\n<script type=\"application\/ld+json\" class=\"yoast-schema-graph\">{\"@context\":\"https:\/\/schema.org\",\"@graph\":[{\"@type\":\"WebPage\",\"@id\":\"https:\/\/www.lift-mtb.com\/es\/produit\/motor-controlador-completo-de-bicicleta-electrica\/\",\"url\":\"https:\/\/www.lift-mtb.com\/es\/produit\/motor-controlador-completo-de-bicicleta-electrica\/\",\"name\":\"Controlador de motor completo (controlador y arn\u00e9s).\",\"isPartOf\":{\"@id\":\"https:\/\/www.lift-mtb.com\/es\/#website\"},\"primaryImageOfPage\":{\"@id\":\"https:\/\/www.lift-mtb.com\/es\/produit\/motor-controlador-completo-de-bicicleta-electrica\/#primaryimage\"},\"image\":{\"@id\":\"https:\/\/www.lift-mtb.com\/es\/produit\/motor-controlador-completo-de-bicicleta-electrica\/#primaryimage\"},\"thumbnailUrl\":\"https:\/\/www.lift-mtb.com\/wp-content\/uploads\/2022\/02\/controleur-complet-kit-moteur-pedalier-velo-elctrique-1-scaled.jpg\",\"datePublished\":\"2022-02-24T12:52:00+00:00\",\"dateModified\":\"2026-01-05T07:54:33+00:00\",\"description\":\"Controlador de motor completo compatible con todos los motores - Arn\u00e9s completo con gatillo preequipado para el montaje del sensor del pedal.\",\"breadcrumb\":{\"@id\":\"https:\/\/www.lift-mtb.com\/es\/produit\/motor-controlador-completo-de-bicicleta-electrica\/#breadcrumb\"},\"inLanguage\":\"es\",\"potentialAction\":[{\"@type\":\"ReadAction\",\"target\":[\"https:\/\/www.lift-mtb.com\/es\/produit\/motor-controlador-completo-de-bicicleta-electrica\/\"]}]},{\"@type\":\"ImageObject\",\"inLanguage\":\"es\",\"@id\":\"https:\/\/www.lift-mtb.com\/es\/produit\/motor-controlador-completo-de-bicicleta-electrica\/#primaryimage\",\"url\":\"https:\/\/www.lift-mtb.com\/wp-content\/uploads\/2022\/02\/controleur-complet-kit-moteur-pedalier-velo-elctrique-1-scaled.jpg\",\"contentUrl\":\"https:\/\/www.lift-mtb.com\/wp-content\/uploads\/2022\/02\/controleur-complet-kit-moteur-pedalier-velo-elctrique-1-scaled.jpg\",\"width\":3024,\"height\":3780,\"caption\":\"Controlador de motor completo LIFT-MTB\"},{\"@type\":\"BreadcrumbList\",\"@id\":\"https:\/\/www.lift-mtb.com\/es\/produit\/motor-controlador-completo-de-bicicleta-electrica\/#breadcrumb\",\"itemListElement\":[{\"@type\":\"ListItem\",\"position\":1,\"name\":\"Accueil\",\"item\":\"https:\/\/www.lift-mtb.com\/es\/\"},{\"@type\":\"ListItem\",\"position\":2,\"name\":\"Tienda\",\"item\":\"https:\/\/www.lift-mtb.com\/es\/tienda\/\"},{\"@type\":\"ListItem\",\"position\":3,\"name\":\"Piezas de recambio\",\"item\":\"https:\/\/www.lift-mtb.com\/es\/categoria-de-productos\/piezas-de-recambio\/\"},{\"@type\":\"ListItem\",\"position\":4,\"name\":\"Piezas electr\u00f3nicas\",\"item\":\"https:\/\/www.lift-mtb.com\/es\/categoria-de-productos\/piezas-de-recambio\/piezas-electronicas\/\"},{\"@type\":\"ListItem\",\"position\":5,\"name\":\"Controlador completo (controlador + arn\u00e9s + disparador)\"}]},{\"@type\":\"WebSite\",\"@id\":\"https:\/\/www.lift-mtb.com\/es\/#website\",\"url\":\"https:\/\/www.lift-mtb.com\/es\/\",\"name\":\"LIFT-MTB\",\"description\":\"Transformer son v\u00e9lo en \u00e9lectrique rapidement !\",\"publisher\":{\"@id\":\"https:\/\/www.lift-mtb.com\/es\/#organization\"},\"potentialAction\":[{\"@type\":\"SearchAction\",\"target\":{\"@type\":\"EntryPoint\",\"urlTemplate\":\"https:\/\/www.lift-mtb.com\/es\/?s={search_term_string}\"},\"query-input\":{\"@type\":\"PropertyValueSpecification\",\"valueRequired\":true,\"valueName\":\"search_term_string\"}}],\"inLanguage\":\"es\"},{\"@type\":\"Organization\",\"@id\":\"https:\/\/www.lift-mtb.com\/es\/#organization\",\"name\":\"LIFT-MTB\",\"url\":\"https:\/\/www.lift-mtb.com\/es\/\",\"logo\":{\"@type\":\"ImageObject\",\"inLanguage\":\"es\",\"@id\":\"https:\/\/www.lift-mtb.com\/es\/#\/schema\/logo\/image\/\",\"url\":\"https:\/\/www.lift-mtb.com\/wp-content\/uploads\/2022\/01\/electric-kit-for-bike-1.jpg\",\"contentUrl\":\"https:\/\/www.lift-mtb.com\/wp-content\/uploads\/2022\/01\/electric-kit-for-bike-1.jpg\",\"width\":1223,\"height\":560,\"caption\":\"LIFT-MTB\"},\"image\":{\"@id\":\"https:\/\/www.lift-mtb.com\/es\/#\/schema\/logo\/image\/\"}}]}<\/script>\n<!-- \/ Yoast SEO plugin. -->","yoast_head_json":{"title":"Controlador de motor completo (controlador y arn\u00e9s).","description":"Controlador de motor completo compatible con todos los motores - Arn\u00e9s completo con gatillo preequipado para el montaje del sensor del pedal.","robots":{"index":"index","follow":"follow","max-snippet":"max-snippet:-1","max-image-preview":"max-image-preview:large","max-video-preview":"max-video-preview:-1"},"canonical":"https:\/\/www.lift-mtb.com\/es\/produit\/motor-controlador-completo-de-bicicleta-electrica\/","og_locale":"es_ES","og_type":"article","og_title":"Controlador de motor completo (controlador y arn\u00e9s).","og_description":"Controlador de motor completo compatible con todos los motores - Arn\u00e9s completo con gatillo preequipado para el montaje del sensor del pedal.","og_url":"https:\/\/www.lift-mtb.com\/es\/produit\/motor-controlador-completo-de-bicicleta-electrica\/","og_site_name":"LIFT-MTB","article_modified_time":"2026-01-05T07:54:33+00:00","og_image":[{"width":3024,"height":3780,"url":"https:\/\/www.lift-mtb.com\/wp-content\/uploads\/2022\/02\/controleur-complet-kit-moteur-pedalier-velo-elctrique-1-scaled.jpg","type":"image\/jpeg"}],"twitter_card":"summary_large_image","twitter_misc":{"Tiempo de lectura":"2 minutos"},"schema":{"@context":"https:\/\/schema.org","@graph":[{"@type":"WebPage","@id":"https:\/\/www.lift-mtb.com\/es\/produit\/motor-controlador-completo-de-bicicleta-electrica\/","url":"https:\/\/www.lift-mtb.com\/es\/produit\/motor-controlador-completo-de-bicicleta-electrica\/","name":"Controlador de motor completo (controlador y arn\u00e9s).","isPartOf":{"@id":"https:\/\/www.lift-mtb.com\/es\/#website"},"primaryImageOfPage":{"@id":"https:\/\/www.lift-mtb.com\/es\/produit\/motor-controlador-completo-de-bicicleta-electrica\/#primaryimage"},"image":{"@id":"https:\/\/www.lift-mtb.com\/es\/produit\/motor-controlador-completo-de-bicicleta-electrica\/#primaryimage"},"thumbnailUrl":"https:\/\/www.lift-mtb.com\/wp-content\/uploads\/2022\/02\/controleur-complet-kit-moteur-pedalier-velo-elctrique-1-scaled.jpg","datePublished":"2022-02-24T12:52:00+00:00","dateModified":"2026-01-05T07:54:33+00:00","description":"Controlador de motor completo compatible con todos los motores - Arn\u00e9s completo con gatillo preequipado para el montaje del sensor del pedal.","breadcrumb":{"@id":"https:\/\/www.lift-mtb.com\/es\/produit\/motor-controlador-completo-de-bicicleta-electrica\/#breadcrumb"},"inLanguage":"es","potentialAction":[{"@type":"ReadAction","target":["https:\/\/www.lift-mtb.com\/es\/produit\/motor-controlador-completo-de-bicicleta-electrica\/"]}]},{"@type":"ImageObject","inLanguage":"es","@id":"https:\/\/www.lift-mtb.com\/es\/produit\/motor-controlador-completo-de-bicicleta-electrica\/#primaryimage","url":"https:\/\/www.lift-mtb.com\/wp-content\/uploads\/2022\/02\/controleur-complet-kit-moteur-pedalier-velo-elctrique-1-scaled.jpg","contentUrl":"https:\/\/www.lift-mtb.com\/wp-content\/uploads\/2022\/02\/controleur-complet-kit-moteur-pedalier-velo-elctrique-1-scaled.jpg","width":3024,"height":3780,"caption":"Controlador de motor completo LIFT-MTB"},{"@type":"BreadcrumbList","@id":"https:\/\/www.lift-mtb.com\/es\/produit\/motor-controlador-completo-de-bicicleta-electrica\/#breadcrumb","itemListElement":[{"@type":"ListItem","position":1,"name":"Accueil","item":"https:\/\/www.lift-mtb.com\/es\/"},{"@type":"ListItem","position":2,"name":"Tienda","item":"https:\/\/www.lift-mtb.com\/es\/tienda\/"},{"@type":"ListItem","position":3,"name":"Piezas de recambio","item":"https:\/\/www.lift-mtb.com\/es\/categoria-de-productos\/piezas-de-recambio\/"},{"@type":"ListItem","position":4,"name":"Piezas electr\u00f3nicas","item":"https:\/\/www.lift-mtb.com\/es\/categoria-de-productos\/piezas-de-recambio\/piezas-electronicas\/"},{"@type":"ListItem","position":5,"name":"Controlador completo (controlador + arn\u00e9s + disparador)"}]},{"@type":"WebSite","@id":"https:\/\/www.lift-mtb.com\/es\/#website","url":"https:\/\/www.lift-mtb.com\/es\/","name":"LIFT-MTB","description":"Transformer son v\u00e9lo en \u00e9lectrique rapidement !","publisher":{"@id":"https:\/\/www.lift-mtb.com\/es\/#organization"},"potentialAction":[{"@type":"SearchAction","target":{"@type":"EntryPoint","urlTemplate":"https:\/\/www.lift-mtb.com\/es\/?s={search_term_string}"},"query-input":{"@type":"PropertyValueSpecification","valueRequired":true,"valueName":"search_term_string"}}],"inLanguage":"es"},{"@type":"Organization","@id":"https:\/\/www.lift-mtb.com\/es\/#organization","name":"LIFT-MTB","url":"https:\/\/www.lift-mtb.com\/es\/","logo":{"@type":"ImageObject","inLanguage":"es","@id":"https:\/\/www.lift-mtb.com\/es\/#\/schema\/logo\/image\/","url":"https:\/\/www.lift-mtb.com\/wp-content\/uploads\/2022\/01\/electric-kit-for-bike-1.jpg","contentUrl":"https:\/\/www.lift-mtb.com\/wp-content\/uploads\/2022\/01\/electric-kit-for-bike-1.jpg","width":1223,"height":560,"caption":"LIFT-MTB"},"image":{"@id":"https:\/\/www.lift-mtb.com\/es\/#\/schema\/logo\/image\/"}}]}},"_links":{"self":[{"href":"https:\/\/www.lift-mtb.com\/es\/wp-json\/wp\/v2\/product\/39380","targetHints":{"allow":["GET"]}}],"collection":[{"href":"https:\/\/www.lift-mtb.com\/es\/wp-json\/wp\/v2\/product"}],"about":[{"href":"https:\/\/www.lift-mtb.com\/es\/wp-json\/wp\/v2\/types\/product"}],"replies":[{"embeddable":true,"href":"https:\/\/www.lift-mtb.com\/es\/wp-json\/wp\/v2\/comments?post=39380"}],"wp:featuredmedia":[{"embeddable":true,"href":"https:\/\/www.lift-mtb.com\/es\/wp-json\/wp\/v2\/media\/8309"}],"wp:attachment":[{"href":"https:\/\/www.lift-mtb.com\/es\/wp-json\/wp\/v2\/media?parent=39380"}],"wp:term":[{"taxonomy":"product_brand","embeddable":true,"href":"https:\/\/www.lift-mtb.com\/es\/wp-json\/wp\/v2\/product_brand?post=39380"},{"taxonomy":"product_cat","embeddable":true,"href":"https:\/\/www.lift-mtb.com\/es\/wp-json\/wp\/v2\/product_cat?post=39380"},{"taxonomy":"product_tag","embeddable":true,"href":"https:\/\/www.lift-mtb.com\/es\/wp-json\/wp\/v2\/product_tag?post=39380"}],"curies":[{"name":"wp","href":"https:\/\/api.w.org\/{rel}","templated":true}]}}