{"id":39399,"date":"2022-02-24T14:30:58","date_gmt":"2022-02-24T13:30:58","guid":{"rendered":"https:\/produit\/cargador-lift-mtb\/"},"modified":"2024-06-06T00:37:49","modified_gmt":"2024-06-05T22:37:49","slug":"cargador-elevador-mtb","status":"publish","type":"product","link":"https:\/\/www.lift-mtb.com\/es\/produit\/cargador-elevador-mtb\/","title":{"rendered":"Cargador LIFT-MTB"},"content":{"rendered":"<h1>Cargador LIFT-MTB<\/h1>\n<p>Los cargadores de bater\u00edas de iones de litio LIFT-MTB son esenciales para alimentar dispositivos electr\u00f3nicos port\u00e1tiles como los kits para bicicletas el\u00e9ctricas.<\/p>\n<p>Las bater\u00edas de iones de litio se han convertido en imprescindibles para las bicicletas el\u00e9ctricas. Gracias a su baja tasa de autodescarga y a su capacidad para mantener la carga durante largos periodos.<\/p>\n<p>Los cargadores de iones de litio para kits el\u00e9ctricos LIFT MTB utilizan un proceso de carga en dos etapas.<\/p>\n<h3>El primer paso :<\/h3>\n<p>es la carga de corriente constante, que proporciona una carga inicial a la bater\u00eda.<\/p>\n<h3>El segundo paso :<\/h3>\n<p>Carga a tensi\u00f3n constante, que garantiza una carga completa de la <a href=\"https:\/faq-items\/maecenas-nec-ante-metus-accumsan-eleifend\/\">bater\u00eda <\/a>.  <\/p>\n<p>Nuestros cargadores de Li-ion est\u00e1n dise\u00f1ados para detectar el nivel de carga de la bater\u00eda y ajustar autom\u00e1ticamente la corriente y el voltaje de carga en consecuencia.<\/p>\n<p>Los cargadores modernos de Li-ion est\u00e1n equipados con circuitos de protecci\u00f3n para evitar sobrecargas, sobrecalentamientos y cortocircuitos.<\/p>\n<p>Estos circuitos de protecci\u00f3n evitan que la bater\u00eda se sobrecargue o se descargue demasiado r\u00e1pido. Esto puede da\u00f1ar la bater\u00eda.<\/p>\n<p>El cargador est\u00e1 equipado con funciones adicionales, como indicadores LED de carga,<\/p>\n<h2>Cargador LIFT-MTB \u00bfa qu\u00e9 velocidad se carga?<\/h2>\n<p>Es importante tener en cuenta que la carga r\u00e1pida tambi\u00e9n puede repercutir en la vida \u00fatil de la bater\u00eda. Nuestros cargadores est\u00e1n dise\u00f1ados para proporcionar una carga constante, de 1,5 a 2AH, que no da\u00f1a la <a href=\"http:\/\/www.youtube.com\/watch?v=4lZmxDP_WwU\">bater\u00eda<\/a> a largo plazo como ocurrir\u00eda si se sometiera a una carga r\u00e1pida y excesiva.<\/p>\n<p>En conclusi\u00f3n, el uso de un <strong>cargador de bater\u00edas Li-ion original<\/strong> es esencial. Porque est\u00e1n dise\u00f1ados para cargar las bater\u00edas de iones de litio de nuestros kits de motor para bicicletas de forma r\u00e1pida, eficaz y segura, al tiempo que las protegen de posibles da\u00f1os.<\/p>\n","protected":false},"excerpt":{"rendered":"<p><strong>Descripci\u00f3n:<\/strong><\/p>\n<p><strong>S\u00f3lo cargador LIFT-MTB, compatible con nuestras bater\u00edas.<\/strong><\/p>\n<p><strong>(el cargador se entrega con nuestras bater\u00edas si compras una bater\u00eda)<\/strong><\/p>\n<p>&nbsp;<\/p>\n<ul>\n<li>Corriente de carga 2 amperios.<\/li>\n<li>Permite un tiempo de carga de 30 minutos por A\/h.<\/li>\n<\/ul>\n","protected":false},"featured_media":51098,"comment_status":"open","ping_status":"closed","template":"","meta":[],"product_brand":[],"product_cat":[829,850],"product_tag":[],"class_list":{"0":"post-39399","1":"product","2":"type-product","3":"status-publish","4":"has-post-thumbnail","6":"product_cat-baterias-y-cargadores","7":"product_cat-piezas-electronicas","9":"first","10":"instock","11":"taxable","12":"shipping-taxable","13":"purchasable","14":"product-type-simple"},"yoast_head":"<!-- This site is optimized with the Yoast SEO plugin v26.9 - https:\/\/yoast.com\/product\/yoast-seo-wordpress\/ -->\n<title>Cargador LIFT-MTB para bater\u00edas de iones de litio de bicicletas el\u00e9ctricas<\/title>\n<meta name=\"description\" content=\"Cargador de bater\u00eda LIFT-MTB - Corriente de carga de 1,5 a 2 amperios. \u00a1Permite un tiempo de carga de aproximadamente 30 minutos por kit de motor de bicicleta - A\/h!\" \/>\n<meta name=\"robots\" content=\"index, follow, max-snippet:-1, max-image-preview:large, max-video-preview:-1\" \/>\n<link rel=\"canonical\" href=\"https:\/\/www.lift-mtb.com\/es\/produit\/cargador-elevador-mtb\/\" \/>\n<meta property=\"og:locale\" content=\"es_ES\" \/>\n<meta property=\"og:type\" content=\"article\" \/>\n<meta property=\"og:title\" content=\"Cargador LIFT-MTB para bater\u00edas de iones de litio de bicicletas el\u00e9ctricas\" \/>\n<meta property=\"og:description\" content=\"Cargador de bater\u00eda LIFT-MTB - Corriente de carga de 1,5 a 2 amperios. \u00a1Permite un tiempo de carga de aproximadamente 30 minutos por kit de motor de bicicleta - A\/h!\" \/>\n<meta property=\"og:url\" content=\"https:\/\/www.lift-mtb.com\/es\/produit\/cargador-elevador-mtb\/\" \/>\n<meta property=\"og:site_name\" content=\"LIFT-MTB\" \/>\n<meta property=\"article:modified_time\" content=\"2024-06-05T22:37:49+00:00\" \/>\n<meta property=\"og:image\" content=\"https:\/\/www.lift-mtb.com\/wp-content\/uploads\/2022\/02\/chargeur-batterie-velo-electrique.png\" \/>\n\t<meta property=\"og:image:width\" content=\"418\" \/>\n\t<meta property=\"og:image:height\" content=\"276\" \/>\n\t<meta property=\"og:image:type\" content=\"image\/png\" \/>\n<meta name=\"twitter:card\" content=\"summary_large_image\" \/>\n<meta name=\"twitter:label1\" content=\"Tiempo de lectura\" \/>\n\t<meta name=\"twitter:data1\" content=\"2 minutos\" \/>\n<script type=\"application\/ld+json\" class=\"yoast-schema-graph\">{\"@context\":\"https:\/\/schema.org\",\"@graph\":[{\"@type\":\"WebPage\",\"@id\":\"https:\/\/www.lift-mtb.com\/es\/produit\/cargador-elevador-mtb\/\",\"url\":\"https:\/\/www.lift-mtb.com\/es\/produit\/cargador-elevador-mtb\/\",\"name\":\"Cargador LIFT-MTB para bater\u00edas de iones de litio de bicicletas el\u00e9ctricas\",\"isPartOf\":{\"@id\":\"https:\/\/www.lift-mtb.com\/es\/#website\"},\"primaryImageOfPage\":{\"@id\":\"https:\/\/www.lift-mtb.com\/es\/produit\/cargador-elevador-mtb\/#primaryimage\"},\"image\":{\"@id\":\"https:\/\/www.lift-mtb.com\/es\/produit\/cargador-elevador-mtb\/#primaryimage\"},\"thumbnailUrl\":\"https:\/\/www.lift-mtb.com\/wp-content\/uploads\/2022\/02\/chargeur-vttae-chargeur-vtt-electrique-chargeur-yamaha-scaled.jpg\",\"datePublished\":\"2022-02-24T13:30:58+00:00\",\"dateModified\":\"2024-06-05T22:37:49+00:00\",\"description\":\"Cargador de bater\u00eda LIFT-MTB - Corriente de carga de 1,5 a 2 amperios. \u00a1Permite un tiempo de carga de aproximadamente 30 minutos por kit de motor de bicicleta - A\/h!\",\"breadcrumb\":{\"@id\":\"https:\/\/www.lift-mtb.com\/es\/produit\/cargador-elevador-mtb\/#breadcrumb\"},\"inLanguage\":\"es\",\"potentialAction\":[{\"@type\":\"ReadAction\",\"target\":[\"https:\/\/www.lift-mtb.com\/es\/produit\/cargador-elevador-mtb\/\"]}]},{\"@type\":\"ImageObject\",\"inLanguage\":\"es\",\"@id\":\"https:\/\/www.lift-mtb.com\/es\/produit\/cargador-elevador-mtb\/#primaryimage\",\"url\":\"https:\/\/www.lift-mtb.com\/wp-content\/uploads\/2022\/02\/chargeur-vttae-chargeur-vtt-electrique-chargeur-yamaha-scaled.jpg\",\"contentUrl\":\"https:\/\/www.lift-mtb.com\/wp-content\/uploads\/2022\/02\/chargeur-vttae-chargeur-vtt-electrique-chargeur-yamaha-scaled.jpg\",\"width\":2560,\"height\":1696,\"caption\":\"chargeur batterie 36v\"},{\"@type\":\"BreadcrumbList\",\"@id\":\"https:\/\/www.lift-mtb.com\/es\/produit\/cargador-elevador-mtb\/#breadcrumb\",\"itemListElement\":[{\"@type\":\"ListItem\",\"position\":1,\"name\":\"Accueil\",\"item\":\"https:\/\/www.lift-mtb.com\/es\/\"},{\"@type\":\"ListItem\",\"position\":2,\"name\":\"Tienda\",\"item\":\"https:\/\/www.lift-mtb.com\/es\/tienda\/\"},{\"@type\":\"ListItem\",\"position\":3,\"name\":\"Piezas de recambio\",\"item\":\"https:\/\/www.lift-mtb.com\/es\/categoria-de-productos\/piezas-de-recambio\/\"},{\"@type\":\"ListItem\",\"position\":4,\"name\":\"Piezas electr\u00f3nicas\",\"item\":\"https:\/\/www.lift-mtb.com\/es\/categoria-de-productos\/piezas-de-recambio\/piezas-electronicas\/\"},{\"@type\":\"ListItem\",\"position\":5,\"name\":\"Cargador LIFT-MTB\"}]},{\"@type\":\"WebSite\",\"@id\":\"https:\/\/www.lift-mtb.com\/es\/#website\",\"url\":\"https:\/\/www.lift-mtb.com\/es\/\",\"name\":\"LIFT-MTB\",\"description\":\"Transformer son v\u00e9lo en \u00e9lectrique rapidement !\",\"publisher\":{\"@id\":\"https:\/\/www.lift-mtb.com\/es\/#organization\"},\"potentialAction\":[{\"@type\":\"SearchAction\",\"target\":{\"@type\":\"EntryPoint\",\"urlTemplate\":\"https:\/\/www.lift-mtb.com\/es\/?s={search_term_string}\"},\"query-input\":{\"@type\":\"PropertyValueSpecification\",\"valueRequired\":true,\"valueName\":\"search_term_string\"}}],\"inLanguage\":\"es\"},{\"@type\":\"Organization\",\"@id\":\"https:\/\/www.lift-mtb.com\/es\/#organization\",\"name\":\"LIFT-MTB\",\"url\":\"https:\/\/www.lift-mtb.com\/es\/\",\"logo\":{\"@type\":\"ImageObject\",\"inLanguage\":\"es\",\"@id\":\"https:\/\/www.lift-mtb.com\/es\/#\/schema\/logo\/image\/\",\"url\":\"https:\/\/www.lift-mtb.com\/wp-content\/uploads\/2022\/01\/electric-kit-for-bike-1.jpg\",\"contentUrl\":\"https:\/\/www.lift-mtb.com\/wp-content\/uploads\/2022\/01\/electric-kit-for-bike-1.jpg\",\"width\":1223,\"height\":560,\"caption\":\"LIFT-MTB\"},\"image\":{\"@id\":\"https:\/\/www.lift-mtb.com\/es\/#\/schema\/logo\/image\/\"}}]}<\/script>\n<!-- \/ Yoast SEO plugin. -->","yoast_head_json":{"title":"Cargador LIFT-MTB para bater\u00edas de iones de litio de bicicletas el\u00e9ctricas","description":"Cargador de bater\u00eda LIFT-MTB - Corriente de carga de 1,5 a 2 amperios. \u00a1Permite un tiempo de carga de aproximadamente 30 minutos por kit de motor de bicicleta - A\/h!","robots":{"index":"index","follow":"follow","max-snippet":"max-snippet:-1","max-image-preview":"max-image-preview:large","max-video-preview":"max-video-preview:-1"},"canonical":"https:\/\/www.lift-mtb.com\/es\/produit\/cargador-elevador-mtb\/","og_locale":"es_ES","og_type":"article","og_title":"Cargador LIFT-MTB para bater\u00edas de iones de litio de bicicletas el\u00e9ctricas","og_description":"Cargador de bater\u00eda LIFT-MTB - Corriente de carga de 1,5 a 2 amperios. \u00a1Permite un tiempo de carga de aproximadamente 30 minutos por kit de motor de bicicleta - A\/h!","og_url":"https:\/\/www.lift-mtb.com\/es\/produit\/cargador-elevador-mtb\/","og_site_name":"LIFT-MTB","article_modified_time":"2024-06-05T22:37:49+00:00","og_image":[{"width":418,"height":276,"url":"https:\/\/www.lift-mtb.com\/wp-content\/uploads\/2022\/02\/chargeur-batterie-velo-electrique.png","type":"image\/png"}],"twitter_card":"summary_large_image","twitter_misc":{"Tiempo de lectura":"2 minutos"},"schema":{"@context":"https:\/\/schema.org","@graph":[{"@type":"WebPage","@id":"https:\/\/www.lift-mtb.com\/es\/produit\/cargador-elevador-mtb\/","url":"https:\/\/www.lift-mtb.com\/es\/produit\/cargador-elevador-mtb\/","name":"Cargador LIFT-MTB para bater\u00edas de iones de litio de bicicletas el\u00e9ctricas","isPartOf":{"@id":"https:\/\/www.lift-mtb.com\/es\/#website"},"primaryImageOfPage":{"@id":"https:\/\/www.lift-mtb.com\/es\/produit\/cargador-elevador-mtb\/#primaryimage"},"image":{"@id":"https:\/\/www.lift-mtb.com\/es\/produit\/cargador-elevador-mtb\/#primaryimage"},"thumbnailUrl":"https:\/\/www.lift-mtb.com\/wp-content\/uploads\/2022\/02\/chargeur-vttae-chargeur-vtt-electrique-chargeur-yamaha-scaled.jpg","datePublished":"2022-02-24T13:30:58+00:00","dateModified":"2024-06-05T22:37:49+00:00","description":"Cargador de bater\u00eda LIFT-MTB - Corriente de carga de 1,5 a 2 amperios. \u00a1Permite un tiempo de carga de aproximadamente 30 minutos por kit de motor de bicicleta - A\/h!","breadcrumb":{"@id":"https:\/\/www.lift-mtb.com\/es\/produit\/cargador-elevador-mtb\/#breadcrumb"},"inLanguage":"es","potentialAction":[{"@type":"ReadAction","target":["https:\/\/www.lift-mtb.com\/es\/produit\/cargador-elevador-mtb\/"]}]},{"@type":"ImageObject","inLanguage":"es","@id":"https:\/\/www.lift-mtb.com\/es\/produit\/cargador-elevador-mtb\/#primaryimage","url":"https:\/\/www.lift-mtb.com\/wp-content\/uploads\/2022\/02\/chargeur-vttae-chargeur-vtt-electrique-chargeur-yamaha-scaled.jpg","contentUrl":"https:\/\/www.lift-mtb.com\/wp-content\/uploads\/2022\/02\/chargeur-vttae-chargeur-vtt-electrique-chargeur-yamaha-scaled.jpg","width":2560,"height":1696,"caption":"chargeur batterie 36v"},{"@type":"BreadcrumbList","@id":"https:\/\/www.lift-mtb.com\/es\/produit\/cargador-elevador-mtb\/#breadcrumb","itemListElement":[{"@type":"ListItem","position":1,"name":"Accueil","item":"https:\/\/www.lift-mtb.com\/es\/"},{"@type":"ListItem","position":2,"name":"Tienda","item":"https:\/\/www.lift-mtb.com\/es\/tienda\/"},{"@type":"ListItem","position":3,"name":"Piezas de recambio","item":"https:\/\/www.lift-mtb.com\/es\/categoria-de-productos\/piezas-de-recambio\/"},{"@type":"ListItem","position":4,"name":"Piezas electr\u00f3nicas","item":"https:\/\/www.lift-mtb.com\/es\/categoria-de-productos\/piezas-de-recambio\/piezas-electronicas\/"},{"@type":"ListItem","position":5,"name":"Cargador LIFT-MTB"}]},{"@type":"WebSite","@id":"https:\/\/www.lift-mtb.com\/es\/#website","url":"https:\/\/www.lift-mtb.com\/es\/","name":"LIFT-MTB","description":"Transformer son v\u00e9lo en \u00e9lectrique rapidement !","publisher":{"@id":"https:\/\/www.lift-mtb.com\/es\/#organization"},"potentialAction":[{"@type":"SearchAction","target":{"@type":"EntryPoint","urlTemplate":"https:\/\/www.lift-mtb.com\/es\/?s={search_term_string}"},"query-input":{"@type":"PropertyValueSpecification","valueRequired":true,"valueName":"search_term_string"}}],"inLanguage":"es"},{"@type":"Organization","@id":"https:\/\/www.lift-mtb.com\/es\/#organization","name":"LIFT-MTB","url":"https:\/\/www.lift-mtb.com\/es\/","logo":{"@type":"ImageObject","inLanguage":"es","@id":"https:\/\/www.lift-mtb.com\/es\/#\/schema\/logo\/image\/","url":"https:\/\/www.lift-mtb.com\/wp-content\/uploads\/2022\/01\/electric-kit-for-bike-1.jpg","contentUrl":"https:\/\/www.lift-mtb.com\/wp-content\/uploads\/2022\/01\/electric-kit-for-bike-1.jpg","width":1223,"height":560,"caption":"LIFT-MTB"},"image":{"@id":"https:\/\/www.lift-mtb.com\/es\/#\/schema\/logo\/image\/"}}]}},"_links":{"self":[{"href":"https:\/\/www.lift-mtb.com\/es\/wp-json\/wp\/v2\/product\/39399","targetHints":{"allow":["GET"]}}],"collection":[{"href":"https:\/\/www.lift-mtb.com\/es\/wp-json\/wp\/v2\/product"}],"about":[{"href":"https:\/\/www.lift-mtb.com\/es\/wp-json\/wp\/v2\/types\/product"}],"replies":[{"embeddable":true,"href":"https:\/\/www.lift-mtb.com\/es\/wp-json\/wp\/v2\/comments?post=39399"}],"wp:featuredmedia":[{"embeddable":true,"href":"https:\/\/www.lift-mtb.com\/es\/wp-json\/wp\/v2\/media\/51098"}],"wp:attachment":[{"href":"https:\/\/www.lift-mtb.com\/es\/wp-json\/wp\/v2\/media?parent=39399"}],"wp:term":[{"taxonomy":"product_brand","embeddable":true,"href":"https:\/\/www.lift-mtb.com\/es\/wp-json\/wp\/v2\/product_brand?post=39399"},{"taxonomy":"product_cat","embeddable":true,"href":"https:\/\/www.lift-mtb.com\/es\/wp-json\/wp\/v2\/product_cat?post=39399"},{"taxonomy":"product_tag","embeddable":true,"href":"https:\/\/www.lift-mtb.com\/es\/wp-json\/wp\/v2\/product_tag?post=39399"}],"curies":[{"name":"wp","href":"https:\/\/api.w.org\/{rel}","templated":true}]}}