{"id":39402,"date":"2022-02-24T13:37:36","date_gmt":"2022-02-24T12:37:36","guid":{"rendered":"https:\/produit\/piezas-de-recambio-para-sensores-de-pedalier\/"},"modified":"2024-11-25T13:57:38","modified_gmt":"2024-11-25T12:57:38","slug":"recambios-interruptor-interruptor","status":"publish","type":"product","link":"https:\/\/www.lift-mtb.com\/es\/produit\/recambios-interruptor-interruptor\/","title":{"rendered":"Piezas de recambio para sensores de pedalier"},"content":{"rendered":"<h3>Piezas de recambio para sensores de pedalier<\/h3>\n<p>Las piezas de repuesto para el sensor de plato y biela<a href=\"https:\/\/www.youtube.com\/@LIFTMTBTV\/featured\"> LIFT MTB<\/a> son :<\/p>\n<p>en primer lugar, el soporte del potenci\u00f3metro, que permite fijarlo al manguito de direcci\u00f3n.<\/p>\n<p>A continuaci\u00f3n, el \u00fanico mando negro que se gira para gestionar la potencia deseada.<\/p>\n<p>Los potenci\u00f3metros solos con conectores.<\/p>\n<p>EL <a href=\"https:\/fonctionnement-du-capteur-de-pedalier\/\">sensor<\/a> completo de perfil bajo con conectores.<\/p>\n<p>Y por \u00faltimo, la corona magn\u00e9tica (di\u00e1metro a elegir 22\/24\/29\/30mm) 5 imanes.<\/p>\n","protected":false},"excerpt":{"rendered":"<p><strong>Descripci\u00f3n:<\/strong><\/p>\n<ul>\n<li>Soporte de potenci\u00f3metro para fijar el potenci\u00f3metro al manguito de direcci\u00f3n<\/li>\n<li>Bot\u00f3n \u00fanico negro<\/li>\n<li>Potenci\u00f3metros s\u00f3lo con conectores<\/li>\n<li>Sensor completo bajo con conectores<\/li>\n<li>Anillo magn\u00e9tico (elecci\u00f3n del di\u00e1metro 22\/24\/29\/30mm) 5 imanes<\/li>\n<\/ul>\n","protected":false},"featured_media":26808,"comment_status":"open","ping_status":"closed","template":"","meta":[],"product_brand":[],"product_cat":[850],"product_tag":[],"class_list":{"0":"post-39402","1":"product","2":"type-product","3":"status-publish","4":"has-post-thumbnail","6":"product_cat-piezas-electronicas","8":"first","9":"instock","10":"taxable","11":"shipping-taxable","12":"purchasable","13":"product-type-variable"},"yoast_head":"<!-- This site is optimized with the Yoast SEO plugin v26.9 - https:\/\/yoast.com\/product\/yoast-seo-wordpress\/ -->\n<title>Piezas del sensor del pedalier<\/title>\n<meta name=\"description\" content=\"Soporte de pedalier: Soporte de potenci\u00f3metro para fijar el potenci\u00f3metro en la toma del juego de direcci\u00f3n -. Bot\u00f3n \u00fanico negro.\" \/>\n<meta name=\"robots\" content=\"index, follow, max-snippet:-1, max-image-preview:large, max-video-preview:-1\" \/>\n<link rel=\"canonical\" href=\"https:\/\/www.lift-mtb.com\/es\/produit\/recambios-interruptor-interruptor\/\" \/>\n<meta property=\"og:locale\" content=\"es_ES\" \/>\n<meta property=\"og:type\" content=\"article\" \/>\n<meta property=\"og:title\" content=\"Piezas del sensor del pedalier\" \/>\n<meta property=\"og:description\" content=\"Soporte de pedalier: Soporte de potenci\u00f3metro para fijar el potenci\u00f3metro en la toma del juego de direcci\u00f3n -. Bot\u00f3n \u00fanico negro.\" \/>\n<meta property=\"og:url\" content=\"https:\/\/www.lift-mtb.com\/es\/produit\/recambios-interruptor-interruptor\/\" \/>\n<meta property=\"og:site_name\" content=\"LIFT-MTB\" \/>\n<meta property=\"article:modified_time\" content=\"2024-11-25T12:57:38+00:00\" \/>\n<meta property=\"og:image\" content=\"https:\/\/www.lift-mtb.com\/wp-content\/uploads\/2022\/07\/pas.png\" \/>\n\t<meta property=\"og:image:width\" content=\"1920\" \/>\n\t<meta property=\"og:image:height\" content=\"1080\" \/>\n\t<meta property=\"og:image:type\" content=\"image\/png\" \/>\n<meta name=\"twitter:card\" content=\"summary_large_image\" \/>\n<script type=\"application\/ld+json\" class=\"yoast-schema-graph\">{\"@context\":\"https:\/\/schema.org\",\"@graph\":[{\"@type\":\"WebPage\",\"@id\":\"https:\/\/www.lift-mtb.com\/es\/produit\/recambios-interruptor-interruptor\/\",\"url\":\"https:\/\/www.lift-mtb.com\/es\/produit\/recambios-interruptor-interruptor\/\",\"name\":\"Piezas del sensor del pedalier\",\"isPartOf\":{\"@id\":\"https:\/\/www.lift-mtb.com\/es\/#website\"},\"primaryImageOfPage\":{\"@id\":\"https:\/\/www.lift-mtb.com\/es\/produit\/recambios-interruptor-interruptor\/#primaryimage\"},\"image\":{\"@id\":\"https:\/\/www.lift-mtb.com\/es\/produit\/recambios-interruptor-interruptor\/#primaryimage\"},\"thumbnailUrl\":\"https:\/\/www.lift-mtb.com\/wp-content\/uploads\/2022\/07\/pas.png\",\"datePublished\":\"2022-02-24T12:37:36+00:00\",\"dateModified\":\"2024-11-25T12:57:38+00:00\",\"description\":\"Soporte de pedalier: Soporte de potenci\u00f3metro para fijar el potenci\u00f3metro en la toma del juego de direcci\u00f3n -. Bot\u00f3n \u00fanico negro.\",\"breadcrumb\":{\"@id\":\"https:\/\/www.lift-mtb.com\/es\/produit\/recambios-interruptor-interruptor\/#breadcrumb\"},\"inLanguage\":\"es\",\"potentialAction\":[{\"@type\":\"ReadAction\",\"target\":[\"https:\/\/www.lift-mtb.com\/es\/produit\/recambios-interruptor-interruptor\/\"]}]},{\"@type\":\"ImageObject\",\"inLanguage\":\"es\",\"@id\":\"https:\/\/www.lift-mtb.com\/es\/produit\/recambios-interruptor-interruptor\/#primaryimage\",\"url\":\"https:\/\/www.lift-mtb.com\/wp-content\/uploads\/2022\/07\/pas.png\",\"contentUrl\":\"https:\/\/www.lift-mtb.com\/wp-content\/uploads\/2022\/07\/pas.png\",\"width\":1920,\"height\":1080,\"caption\":\"P.A.S\"},{\"@type\":\"BreadcrumbList\",\"@id\":\"https:\/\/www.lift-mtb.com\/es\/produit\/recambios-interruptor-interruptor\/#breadcrumb\",\"itemListElement\":[{\"@type\":\"ListItem\",\"position\":1,\"name\":\"Accueil\",\"item\":\"https:\/\/www.lift-mtb.com\/es\/\"},{\"@type\":\"ListItem\",\"position\":2,\"name\":\"Tienda\",\"item\":\"https:\/\/www.lift-mtb.com\/es\/tienda\/\"},{\"@type\":\"ListItem\",\"position\":3,\"name\":\"Piezas de recambio\",\"item\":\"https:\/\/www.lift-mtb.com\/es\/categoria-de-productos\/piezas-de-recambio\/\"},{\"@type\":\"ListItem\",\"position\":4,\"name\":\"Piezas electr\u00f3nicas\",\"item\":\"https:\/\/www.lift-mtb.com\/es\/categoria-de-productos\/piezas-de-recambio\/piezas-electronicas\/\"},{\"@type\":\"ListItem\",\"position\":5,\"name\":\"Piezas de recambio para sensores de pedalier\"}]},{\"@type\":\"WebSite\",\"@id\":\"https:\/\/www.lift-mtb.com\/es\/#website\",\"url\":\"https:\/\/www.lift-mtb.com\/es\/\",\"name\":\"LIFT-MTB\",\"description\":\"Transformer son v\u00e9lo en \u00e9lectrique rapidement !\",\"publisher\":{\"@id\":\"https:\/\/www.lift-mtb.com\/es\/#organization\"},\"potentialAction\":[{\"@type\":\"SearchAction\",\"target\":{\"@type\":\"EntryPoint\",\"urlTemplate\":\"https:\/\/www.lift-mtb.com\/es\/?s={search_term_string}\"},\"query-input\":{\"@type\":\"PropertyValueSpecification\",\"valueRequired\":true,\"valueName\":\"search_term_string\"}}],\"inLanguage\":\"es\"},{\"@type\":\"Organization\",\"@id\":\"https:\/\/www.lift-mtb.com\/es\/#organization\",\"name\":\"LIFT-MTB\",\"url\":\"https:\/\/www.lift-mtb.com\/es\/\",\"logo\":{\"@type\":\"ImageObject\",\"inLanguage\":\"es\",\"@id\":\"https:\/\/www.lift-mtb.com\/es\/#\/schema\/logo\/image\/\",\"url\":\"https:\/\/www.lift-mtb.com\/wp-content\/uploads\/2022\/01\/electric-kit-for-bike-1.jpg\",\"contentUrl\":\"https:\/\/www.lift-mtb.com\/wp-content\/uploads\/2022\/01\/electric-kit-for-bike-1.jpg\",\"width\":1223,\"height\":560,\"caption\":\"LIFT-MTB\"},\"image\":{\"@id\":\"https:\/\/www.lift-mtb.com\/es\/#\/schema\/logo\/image\/\"}}]}<\/script>\n<!-- \/ Yoast SEO plugin. -->","yoast_head_json":{"title":"Piezas del sensor del pedalier","description":"Soporte de pedalier: Soporte de potenci\u00f3metro para fijar el potenci\u00f3metro en la toma del juego de direcci\u00f3n -. Bot\u00f3n \u00fanico negro.","robots":{"index":"index","follow":"follow","max-snippet":"max-snippet:-1","max-image-preview":"max-image-preview:large","max-video-preview":"max-video-preview:-1"},"canonical":"https:\/\/www.lift-mtb.com\/es\/produit\/recambios-interruptor-interruptor\/","og_locale":"es_ES","og_type":"article","og_title":"Piezas del sensor del pedalier","og_description":"Soporte de pedalier: Soporte de potenci\u00f3metro para fijar el potenci\u00f3metro en la toma del juego de direcci\u00f3n -. Bot\u00f3n \u00fanico negro.","og_url":"https:\/\/www.lift-mtb.com\/es\/produit\/recambios-interruptor-interruptor\/","og_site_name":"LIFT-MTB","article_modified_time":"2024-11-25T12:57:38+00:00","og_image":[{"width":1920,"height":1080,"url":"https:\/\/www.lift-mtb.com\/wp-content\/uploads\/2022\/07\/pas.png","type":"image\/png"}],"twitter_card":"summary_large_image","schema":{"@context":"https:\/\/schema.org","@graph":[{"@type":"WebPage","@id":"https:\/\/www.lift-mtb.com\/es\/produit\/recambios-interruptor-interruptor\/","url":"https:\/\/www.lift-mtb.com\/es\/produit\/recambios-interruptor-interruptor\/","name":"Piezas del sensor del pedalier","isPartOf":{"@id":"https:\/\/www.lift-mtb.com\/es\/#website"},"primaryImageOfPage":{"@id":"https:\/\/www.lift-mtb.com\/es\/produit\/recambios-interruptor-interruptor\/#primaryimage"},"image":{"@id":"https:\/\/www.lift-mtb.com\/es\/produit\/recambios-interruptor-interruptor\/#primaryimage"},"thumbnailUrl":"https:\/\/www.lift-mtb.com\/wp-content\/uploads\/2022\/07\/pas.png","datePublished":"2022-02-24T12:37:36+00:00","dateModified":"2024-11-25T12:57:38+00:00","description":"Soporte de pedalier: Soporte de potenci\u00f3metro para fijar el potenci\u00f3metro en la toma del juego de direcci\u00f3n -. Bot\u00f3n \u00fanico negro.","breadcrumb":{"@id":"https:\/\/www.lift-mtb.com\/es\/produit\/recambios-interruptor-interruptor\/#breadcrumb"},"inLanguage":"es","potentialAction":[{"@type":"ReadAction","target":["https:\/\/www.lift-mtb.com\/es\/produit\/recambios-interruptor-interruptor\/"]}]},{"@type":"ImageObject","inLanguage":"es","@id":"https:\/\/www.lift-mtb.com\/es\/produit\/recambios-interruptor-interruptor\/#primaryimage","url":"https:\/\/www.lift-mtb.com\/wp-content\/uploads\/2022\/07\/pas.png","contentUrl":"https:\/\/www.lift-mtb.com\/wp-content\/uploads\/2022\/07\/pas.png","width":1920,"height":1080,"caption":"P.A.S"},{"@type":"BreadcrumbList","@id":"https:\/\/www.lift-mtb.com\/es\/produit\/recambios-interruptor-interruptor\/#breadcrumb","itemListElement":[{"@type":"ListItem","position":1,"name":"Accueil","item":"https:\/\/www.lift-mtb.com\/es\/"},{"@type":"ListItem","position":2,"name":"Tienda","item":"https:\/\/www.lift-mtb.com\/es\/tienda\/"},{"@type":"ListItem","position":3,"name":"Piezas de recambio","item":"https:\/\/www.lift-mtb.com\/es\/categoria-de-productos\/piezas-de-recambio\/"},{"@type":"ListItem","position":4,"name":"Piezas electr\u00f3nicas","item":"https:\/\/www.lift-mtb.com\/es\/categoria-de-productos\/piezas-de-recambio\/piezas-electronicas\/"},{"@type":"ListItem","position":5,"name":"Piezas de recambio para sensores de pedalier"}]},{"@type":"WebSite","@id":"https:\/\/www.lift-mtb.com\/es\/#website","url":"https:\/\/www.lift-mtb.com\/es\/","name":"LIFT-MTB","description":"Transformer son v\u00e9lo en \u00e9lectrique rapidement !","publisher":{"@id":"https:\/\/www.lift-mtb.com\/es\/#organization"},"potentialAction":[{"@type":"SearchAction","target":{"@type":"EntryPoint","urlTemplate":"https:\/\/www.lift-mtb.com\/es\/?s={search_term_string}"},"query-input":{"@type":"PropertyValueSpecification","valueRequired":true,"valueName":"search_term_string"}}],"inLanguage":"es"},{"@type":"Organization","@id":"https:\/\/www.lift-mtb.com\/es\/#organization","name":"LIFT-MTB","url":"https:\/\/www.lift-mtb.com\/es\/","logo":{"@type":"ImageObject","inLanguage":"es","@id":"https:\/\/www.lift-mtb.com\/es\/#\/schema\/logo\/image\/","url":"https:\/\/www.lift-mtb.com\/wp-content\/uploads\/2022\/01\/electric-kit-for-bike-1.jpg","contentUrl":"https:\/\/www.lift-mtb.com\/wp-content\/uploads\/2022\/01\/electric-kit-for-bike-1.jpg","width":1223,"height":560,"caption":"LIFT-MTB"},"image":{"@id":"https:\/\/www.lift-mtb.com\/es\/#\/schema\/logo\/image\/"}}]}},"_links":{"self":[{"href":"https:\/\/www.lift-mtb.com\/es\/wp-json\/wp\/v2\/product\/39402","targetHints":{"allow":["GET"]}}],"collection":[{"href":"https:\/\/www.lift-mtb.com\/es\/wp-json\/wp\/v2\/product"}],"about":[{"href":"https:\/\/www.lift-mtb.com\/es\/wp-json\/wp\/v2\/types\/product"}],"replies":[{"embeddable":true,"href":"https:\/\/www.lift-mtb.com\/es\/wp-json\/wp\/v2\/comments?post=39402"}],"wp:featuredmedia":[{"embeddable":true,"href":"https:\/\/www.lift-mtb.com\/es\/wp-json\/wp\/v2\/media\/26808"}],"wp:attachment":[{"href":"https:\/\/www.lift-mtb.com\/es\/wp-json\/wp\/v2\/media?parent=39402"}],"wp:term":[{"taxonomy":"product_brand","embeddable":true,"href":"https:\/\/www.lift-mtb.com\/es\/wp-json\/wp\/v2\/product_brand?post=39402"},{"taxonomy":"product_cat","embeddable":true,"href":"https:\/\/www.lift-mtb.com\/es\/wp-json\/wp\/v2\/product_cat?post=39402"},{"taxonomy":"product_tag","embeddable":true,"href":"https:\/\/www.lift-mtb.com\/es\/wp-json\/wp\/v2\/product_tag?post=39402"}],"curies":[{"name":"wp","href":"https:\/\/api.w.org\/{rel}","templated":true}]}}