{"id":39471,"date":"2022-02-23T17:57:41","date_gmt":"2022-02-23T16:57:41","guid":{"rendered":"https:\/produit\/latigo-de-cadena\/"},"modified":"2023-02-20T01:15:21","modified_gmt":"2023-02-20T00:15:21","slug":"maraton-del-latigo","status":"publish","type":"product","link":"https:\/\/www.lift-mtb.com\/es\/produit\/maraton-del-latigo\/","title":{"rendered":"L\u00e1tigo de cadena"},"content":{"rendered":"<h1>L\u00e1tigo de cadena<\/h1>\n<p>Un l\u00e1tigo de cadena es una herramienta utilizada para desmontar el casete de una bicicleta, que es la serie de pi\u00f1ones situados en la rueda trasera de la bicicleta.<\/p>\n<p>Suele utilizarse cuando es necesario sustituir un casete desgastado o instalar un <a href=\"https:\/produit\/casette-velo-11-42-dents-8-9-et-10-vitesses\/\">casete con un n\u00famero diferente de pi\u00f1ones o m\u00e1s grandes<\/a>. Con un mayor rango de uso que le permitir\u00e1 cambiar de marcha en los platos delanteros de la bicicleta (montaje de plato \u00fanico como en las bicicletas modernas).<\/p>\n<p>Este tipo de montaje le permitir\u00e1 tener m\u00e1s par en la rueda trasera con un motor de pedal en pendientes pronunciadas.<\/p>\n<p>El l\u00e1tigo de cadena se utiliza junto con un <a href=\"https:\/\/www.youtube.com\/watch?v=eTvVlh36XV0\">extractor de cassette.<\/a> Que es una herramienta que encaja en las ranuras del casete y lo mantiene en su lugar mientras se quitan las tuercas de seguridad.<\/p>\n<p>Por lo tanto, recuerde pedir el l\u00e1tigo de cadena, as\u00ed como el extractor de casete y el casete adaptado a su n\u00famero de marchas si desea cambiar los pi\u00f1ones de su bicicleta el\u00e9ctrica.<\/p>\n<p>Tenga en cuenta tambi\u00e9n que puede ser necesario un cambio de cadena con pi\u00f1ones m\u00e1s grandes (a veces de longitudes diferentes) y que tambi\u00e9n es preferible empezar con un juego de cadenas de casete nuevo para que el desgaste sea id\u00e9ntico.<\/p>\n<p>El l\u00e1tigo de cadena se utiliza para sujetar la cadena en los pi\u00f1ones del casete mientras afloja las contratuercas con el desmonta-casetes.<\/p>\n<p>El l\u00e1tigo de cadena consta de una cadena resistente que envuelve los pi\u00f1ones del casete y un asa que permite sujetar el casete mientras se utiliza el extractor de casete para aflojar las contratuercas.<\/p>\n<p>Esto mantiene la cadena en su sitio y evita que salte o se salga al desmontar el casete.<\/p>\n<p>En resumen, un l\u00e1tigo de cadena es una herramienta esencial para cualquier ciclista o mec\u00e1nico de bicicletas que necesite desmontar un casete de bicicleta.<\/p>\n","protected":false},"excerpt":{"rendered":"<p><strong>Descripci\u00f3n:<\/strong><\/p>\n<ul>\n<li>Permite sujetar los pi\u00f1ones cuando se retira la contratuerca del casete.<\/li>\n<li>el l\u00e1tigo de cadena se utiliza junto con un extractor de cassette, que es una herramienta que encaja en las ranuras del cassette<\/li>\n<\/ul>\n<p>Compatible con 3, 4 , 5 , 6, 7, 8, 9, 10,11 , 12 velocidades.<\/p>\n","protected":false},"featured_media":46069,"comment_status":"open","ping_status":"closed","template":"","meta":[],"product_brand":[],"product_cat":[1062],"product_tag":[],"class_list":{"0":"post-39471","1":"product","2":"type-product","3":"status-publish","4":"has-post-thumbnail","6":"product_cat-herramientas","8":"first","9":"instock","10":"taxable","11":"shipping-taxable","12":"purchasable","13":"product-type-simple"},"yoast_head":"<!-- This site is optimized with the Yoast SEO plugin v26.9 - https:\/\/yoast.com\/product\/yoast-seo-wordpress\/ -->\n<title>L\u00e1tigo de la cadena\/descargador de pi\u00f1ones de bicicleta<\/title>\n<meta name=\"description\" content=\"El l\u00e1tigo de cadena le permite desmontar el casete de su bicicleta -. Una herramienta esencial para desmontar usted mismo el casete de su bicicleta el\u00e9ctrica.\" \/>\n<meta name=\"robots\" content=\"index, follow, max-snippet:-1, max-image-preview:large, max-video-preview:-1\" \/>\n<link rel=\"canonical\" href=\"https:\/\/www.lift-mtb.com\/es\/produit\/maraton-del-latigo\/\" \/>\n<meta property=\"og:locale\" content=\"es_ES\" \/>\n<meta property=\"og:type\" content=\"article\" \/>\n<meta property=\"og:title\" content=\"L\u00e1tigo de la cadena\/descargador de pi\u00f1ones de bicicleta\" \/>\n<meta property=\"og:description\" content=\"El l\u00e1tigo de cadena le permite desmontar el casete de su bicicleta -. Una herramienta esencial para desmontar usted mismo el casete de su bicicleta el\u00e9ctrica.\" \/>\n<meta property=\"og:url\" content=\"https:\/\/www.lift-mtb.com\/es\/produit\/maraton-del-latigo\/\" \/>\n<meta property=\"og:site_name\" content=\"LIFT-MTB\" \/>\n<meta property=\"article:modified_time\" content=\"2023-02-20T00:15:21+00:00\" \/>\n<meta property=\"og:image\" content=\"https:\/\/www.lift-mtb.com\/wp-content\/uploads\/2023\/02\/fouet-a-chaine-2048x1357-1.png\" \/>\n\t<meta property=\"og:image:width\" content=\"2048\" \/>\n\t<meta property=\"og:image:height\" content=\"1367\" \/>\n\t<meta property=\"og:image:type\" content=\"image\/png\" \/>\n<meta name=\"twitter:card\" content=\"summary_large_image\" \/>\n<meta name=\"twitter:label1\" content=\"Tiempo de lectura\" \/>\n\t<meta name=\"twitter:data1\" content=\"2 minutos\" \/>\n<script type=\"application\/ld+json\" class=\"yoast-schema-graph\">{\"@context\":\"https:\/\/schema.org\",\"@graph\":[{\"@type\":\"WebPage\",\"@id\":\"https:\/\/www.lift-mtb.com\/es\/produit\/maraton-del-latigo\/\",\"url\":\"https:\/\/www.lift-mtb.com\/es\/produit\/maraton-del-latigo\/\",\"name\":\"L\u00e1tigo de la cadena\/descargador de pi\u00f1ones de bicicleta\",\"isPartOf\":{\"@id\":\"https:\/\/www.lift-mtb.com\/es\/#website\"},\"primaryImageOfPage\":{\"@id\":\"https:\/\/www.lift-mtb.com\/es\/produit\/maraton-del-latigo\/#primaryimage\"},\"image\":{\"@id\":\"https:\/\/www.lift-mtb.com\/es\/produit\/maraton-del-latigo\/#primaryimage\"},\"thumbnailUrl\":\"https:\/\/www.lift-mtb.com\/wp-content\/uploads\/2023\/02\/fouet-a-chaine-2048x1357-1.png\",\"datePublished\":\"2022-02-23T16:57:41+00:00\",\"dateModified\":\"2023-02-20T00:15:21+00:00\",\"description\":\"El l\u00e1tigo de cadena le permite desmontar el casete de su bicicleta -. Una herramienta esencial para desmontar usted mismo el casete de su bicicleta el\u00e9ctrica.\",\"breadcrumb\":{\"@id\":\"https:\/\/www.lift-mtb.com\/es\/produit\/maraton-del-latigo\/#breadcrumb\"},\"inLanguage\":\"es\",\"potentialAction\":[{\"@type\":\"ReadAction\",\"target\":[\"https:\/\/www.lift-mtb.com\/es\/produit\/maraton-del-latigo\/\"]}]},{\"@type\":\"ImageObject\",\"inLanguage\":\"es\",\"@id\":\"https:\/\/www.lift-mtb.com\/es\/produit\/maraton-del-latigo\/#primaryimage\",\"url\":\"https:\/\/www.lift-mtb.com\/wp-content\/uploads\/2023\/02\/fouet-a-chaine-2048x1357-1.png\",\"contentUrl\":\"https:\/\/www.lift-mtb.com\/wp-content\/uploads\/2023\/02\/fouet-a-chaine-2048x1357-1.png\",\"width\":2048,\"height\":1367,\"caption\":\"d\u00e9montage pignon vtt\"},{\"@type\":\"BreadcrumbList\",\"@id\":\"https:\/\/www.lift-mtb.com\/es\/produit\/maraton-del-latigo\/#breadcrumb\",\"itemListElement\":[{\"@type\":\"ListItem\",\"position\":1,\"name\":\"Accueil\",\"item\":\"https:\/\/www.lift-mtb.com\/es\/\"},{\"@type\":\"ListItem\",\"position\":2,\"name\":\"Tienda\",\"item\":\"https:\/\/www.lift-mtb.com\/es\/tienda\/\"},{\"@type\":\"ListItem\",\"position\":3,\"name\":\"Herramientas\",\"item\":\"https:\/\/www.lift-mtb.com\/es\/categoria-de-productos\/herramientas\/\"},{\"@type\":\"ListItem\",\"position\":4,\"name\":\"L\u00e1tigo de cadena\"}]},{\"@type\":\"WebSite\",\"@id\":\"https:\/\/www.lift-mtb.com\/es\/#website\",\"url\":\"https:\/\/www.lift-mtb.com\/es\/\",\"name\":\"LIFT-MTB\",\"description\":\"Transformer son v\u00e9lo en \u00e9lectrique rapidement !\",\"publisher\":{\"@id\":\"https:\/\/www.lift-mtb.com\/es\/#organization\"},\"potentialAction\":[{\"@type\":\"SearchAction\",\"target\":{\"@type\":\"EntryPoint\",\"urlTemplate\":\"https:\/\/www.lift-mtb.com\/es\/?s={search_term_string}\"},\"query-input\":{\"@type\":\"PropertyValueSpecification\",\"valueRequired\":true,\"valueName\":\"search_term_string\"}}],\"inLanguage\":\"es\"},{\"@type\":\"Organization\",\"@id\":\"https:\/\/www.lift-mtb.com\/es\/#organization\",\"name\":\"LIFT-MTB\",\"url\":\"https:\/\/www.lift-mtb.com\/es\/\",\"logo\":{\"@type\":\"ImageObject\",\"inLanguage\":\"es\",\"@id\":\"https:\/\/www.lift-mtb.com\/es\/#\/schema\/logo\/image\/\",\"url\":\"https:\/\/www.lift-mtb.com\/wp-content\/uploads\/2022\/01\/electric-kit-for-bike-1.jpg\",\"contentUrl\":\"https:\/\/www.lift-mtb.com\/wp-content\/uploads\/2022\/01\/electric-kit-for-bike-1.jpg\",\"width\":1223,\"height\":560,\"caption\":\"LIFT-MTB\"},\"image\":{\"@id\":\"https:\/\/www.lift-mtb.com\/es\/#\/schema\/logo\/image\/\"}}]}<\/script>\n<!-- \/ Yoast SEO plugin. -->","yoast_head_json":{"title":"L\u00e1tigo de la cadena\/descargador de pi\u00f1ones de bicicleta","description":"El l\u00e1tigo de cadena le permite desmontar el casete de su bicicleta -. Una herramienta esencial para desmontar usted mismo el casete de su bicicleta el\u00e9ctrica.","robots":{"index":"index","follow":"follow","max-snippet":"max-snippet:-1","max-image-preview":"max-image-preview:large","max-video-preview":"max-video-preview:-1"},"canonical":"https:\/\/www.lift-mtb.com\/es\/produit\/maraton-del-latigo\/","og_locale":"es_ES","og_type":"article","og_title":"L\u00e1tigo de la cadena\/descargador de pi\u00f1ones de bicicleta","og_description":"El l\u00e1tigo de cadena le permite desmontar el casete de su bicicleta -. Una herramienta esencial para desmontar usted mismo el casete de su bicicleta el\u00e9ctrica.","og_url":"https:\/\/www.lift-mtb.com\/es\/produit\/maraton-del-latigo\/","og_site_name":"LIFT-MTB","article_modified_time":"2023-02-20T00:15:21+00:00","og_image":[{"width":2048,"height":1367,"url":"https:\/\/www.lift-mtb.com\/wp-content\/uploads\/2023\/02\/fouet-a-chaine-2048x1357-1.png","type":"image\/png"}],"twitter_card":"summary_large_image","twitter_misc":{"Tiempo de lectura":"2 minutos"},"schema":{"@context":"https:\/\/schema.org","@graph":[{"@type":"WebPage","@id":"https:\/\/www.lift-mtb.com\/es\/produit\/maraton-del-latigo\/","url":"https:\/\/www.lift-mtb.com\/es\/produit\/maraton-del-latigo\/","name":"L\u00e1tigo de la cadena\/descargador de pi\u00f1ones de bicicleta","isPartOf":{"@id":"https:\/\/www.lift-mtb.com\/es\/#website"},"primaryImageOfPage":{"@id":"https:\/\/www.lift-mtb.com\/es\/produit\/maraton-del-latigo\/#primaryimage"},"image":{"@id":"https:\/\/www.lift-mtb.com\/es\/produit\/maraton-del-latigo\/#primaryimage"},"thumbnailUrl":"https:\/\/www.lift-mtb.com\/wp-content\/uploads\/2023\/02\/fouet-a-chaine-2048x1357-1.png","datePublished":"2022-02-23T16:57:41+00:00","dateModified":"2023-02-20T00:15:21+00:00","description":"El l\u00e1tigo de cadena le permite desmontar el casete de su bicicleta -. Una herramienta esencial para desmontar usted mismo el casete de su bicicleta el\u00e9ctrica.","breadcrumb":{"@id":"https:\/\/www.lift-mtb.com\/es\/produit\/maraton-del-latigo\/#breadcrumb"},"inLanguage":"es","potentialAction":[{"@type":"ReadAction","target":["https:\/\/www.lift-mtb.com\/es\/produit\/maraton-del-latigo\/"]}]},{"@type":"ImageObject","inLanguage":"es","@id":"https:\/\/www.lift-mtb.com\/es\/produit\/maraton-del-latigo\/#primaryimage","url":"https:\/\/www.lift-mtb.com\/wp-content\/uploads\/2023\/02\/fouet-a-chaine-2048x1357-1.png","contentUrl":"https:\/\/www.lift-mtb.com\/wp-content\/uploads\/2023\/02\/fouet-a-chaine-2048x1357-1.png","width":2048,"height":1367,"caption":"d\u00e9montage pignon vtt"},{"@type":"BreadcrumbList","@id":"https:\/\/www.lift-mtb.com\/es\/produit\/maraton-del-latigo\/#breadcrumb","itemListElement":[{"@type":"ListItem","position":1,"name":"Accueil","item":"https:\/\/www.lift-mtb.com\/es\/"},{"@type":"ListItem","position":2,"name":"Tienda","item":"https:\/\/www.lift-mtb.com\/es\/tienda\/"},{"@type":"ListItem","position":3,"name":"Herramientas","item":"https:\/\/www.lift-mtb.com\/es\/categoria-de-productos\/herramientas\/"},{"@type":"ListItem","position":4,"name":"L\u00e1tigo de cadena"}]},{"@type":"WebSite","@id":"https:\/\/www.lift-mtb.com\/es\/#website","url":"https:\/\/www.lift-mtb.com\/es\/","name":"LIFT-MTB","description":"Transformer son v\u00e9lo en \u00e9lectrique rapidement !","publisher":{"@id":"https:\/\/www.lift-mtb.com\/es\/#organization"},"potentialAction":[{"@type":"SearchAction","target":{"@type":"EntryPoint","urlTemplate":"https:\/\/www.lift-mtb.com\/es\/?s={search_term_string}"},"query-input":{"@type":"PropertyValueSpecification","valueRequired":true,"valueName":"search_term_string"}}],"inLanguage":"es"},{"@type":"Organization","@id":"https:\/\/www.lift-mtb.com\/es\/#organization","name":"LIFT-MTB","url":"https:\/\/www.lift-mtb.com\/es\/","logo":{"@type":"ImageObject","inLanguage":"es","@id":"https:\/\/www.lift-mtb.com\/es\/#\/schema\/logo\/image\/","url":"https:\/\/www.lift-mtb.com\/wp-content\/uploads\/2022\/01\/electric-kit-for-bike-1.jpg","contentUrl":"https:\/\/www.lift-mtb.com\/wp-content\/uploads\/2022\/01\/electric-kit-for-bike-1.jpg","width":1223,"height":560,"caption":"LIFT-MTB"},"image":{"@id":"https:\/\/www.lift-mtb.com\/es\/#\/schema\/logo\/image\/"}}]}},"_links":{"self":[{"href":"https:\/\/www.lift-mtb.com\/es\/wp-json\/wp\/v2\/product\/39471","targetHints":{"allow":["GET"]}}],"collection":[{"href":"https:\/\/www.lift-mtb.com\/es\/wp-json\/wp\/v2\/product"}],"about":[{"href":"https:\/\/www.lift-mtb.com\/es\/wp-json\/wp\/v2\/types\/product"}],"replies":[{"embeddable":true,"href":"https:\/\/www.lift-mtb.com\/es\/wp-json\/wp\/v2\/comments?post=39471"}],"wp:featuredmedia":[{"embeddable":true,"href":"https:\/\/www.lift-mtb.com\/es\/wp-json\/wp\/v2\/media\/46069"}],"wp:attachment":[{"href":"https:\/\/www.lift-mtb.com\/es\/wp-json\/wp\/v2\/media?parent=39471"}],"wp:term":[{"taxonomy":"product_brand","embeddable":true,"href":"https:\/\/www.lift-mtb.com\/es\/wp-json\/wp\/v2\/product_brand?post=39471"},{"taxonomy":"product_cat","embeddable":true,"href":"https:\/\/www.lift-mtb.com\/es\/wp-json\/wp\/v2\/product_cat?post=39471"},{"taxonomy":"product_tag","embeddable":true,"href":"https:\/\/www.lift-mtb.com\/es\/wp-json\/wp\/v2\/product_tag?post=39471"}],"curies":[{"name":"wp","href":"https:\/\/api.w.org\/{rel}","templated":true}]}}