{"id":39479,"date":"2022-02-23T17:53:00","date_gmt":"2022-02-23T16:53:00","guid":{"rendered":"https:\/produit\/desmontar-la-maleta\/"},"modified":"2023-02-23T23:53:57","modified_gmt":"2023-02-23T22:53:57","slug":"extractor-de-casetes","status":"publish","type":"product","link":"https:\/\/www.lift-mtb.com\/es\/produit\/extractor-de-casetes\/","title":{"rendered":"Extractor de casetes"},"content":{"rendered":"<p><a href=\"https:\/\/www.youtube.com\/watch?v=gtG8FQJIpqc\">Desmontador de<\/a><a href=\"https:\/produit\/casette-velo-11-42-dents-8-9-et-10-vitesses\/\"> cassette<\/a> Shimano\u00ae HG, Mavic\u00ae, Sram.<\/p>\n<ul>\n<li>Mecanizado de precisi\u00f3n.<\/li>\n<li>Acero de alta calidad con tratamiento t\u00e9rmico<\/li>\n<li>color negro<\/li>\n<\/ul>\n<p>Permite montar y desmontar f\u00e1cilmente el casete. La herramienta sirve para todos los tipos de cassette (8,9,10,11,12 velocidades).<\/p>\n<p>Compatible con Shimano, HG, Mavic, Sram.<\/p>\n<p>El extractor de cassette es una herramienta que primero afloja las contratuercas. Se trata de una herramienta que encaja en las ranuras del casete y permite extraer la contratuerca.<\/p>\n<p>Se utiliza junto con el l\u00e1tigo de cadena para sujetar la cadena en los pi\u00f1ones. (pida adem\u00e1s el l\u00e1tigo de cadena si no lo tiene)<\/p>\n<p>Suele utilizarse cuando es necesario sustituir un casete desgastado o instalar uno nuevo.  <a href=\"https:\/produit\/casette-velo-11-42-dents-8-9-et-10-vitesses\/\">casete con un n\u00famero diferente o pi\u00f1ones m\u00e1s grandes  <\/a>Esto le permitir\u00e1 cambiar de marcha en los platos delanteros de la bicicleta (conjunto de plato \u00fanico como en las bicicletas modernas).<\/p>\n<h5>c\u00f3mo utilizar el extractor de casetes<\/h5>\n<p>-Primero desmonte la rueda trasera.<\/p>\n<p>A continuaci\u00f3n, retire el cierre r\u00e1pido o el eje de la rueda.<\/p>\n<p>-A continuaci\u00f3n, coloque el l\u00e1tigo de cadena alrededor del pi\u00f1\u00f3n m\u00e1s grande (para obtener m\u00e1s fuerza) para bloquear la rotaci\u00f3n del casete.<\/p>\n<p>-A continuaci\u00f3n, coloque el elevador de cassette en las estr\u00edas.<\/p>\n<p>-Primero, afloje la contratuerca del casete bloqueando la rotaci\u00f3n del casete con el l\u00e1tigo de cadena.<\/p>\n<p>-Por \u00faltimo, retire el casete, teniendo cuidado de no perder ning\u00fan espaciador o pi\u00f1\u00f3n.<\/p>\n<p>En conclusi\u00f3n, el extractor de cassette es una herramienta esencial e indispensable para todos los usuarios que deseen sustituir el cassette de su bicicleta.<\/p>\n<p>&nbsp;<\/p>\n<p>&nbsp;<\/p>\n<p>&nbsp;<\/p>\n<p>&nbsp;<\/p>\n","protected":false},"excerpt":{"rendered":"<p><strong>Descripci\u00f3n:<\/strong><\/p>\n<p>Cambiador de bielas Shimano\u00ae HG, Mavic\u00ae, Sram.<\/p>\n<ul>\n<li>Mecanizado de precisi\u00f3n en un torno CNC<\/li>\n<li>Acero de alta calidad con tratamiento t\u00e9rmico<\/li>\n<\/ul>\n","protected":false},"featured_media":46059,"comment_status":"open","ping_status":"closed","template":"","meta":[],"product_brand":[],"product_cat":[1062],"product_tag":[],"class_list":{"0":"post-39479","1":"product","2":"type-product","3":"status-publish","4":"has-post-thumbnail","6":"product_cat-herramientas","8":"first","9":"instock","10":"taxable","11":"shipping-taxable","12":"purchasable","13":"product-type-simple"},"yoast_head":"<!-- This site is optimized with the Yoast SEO plugin v26.9 - https:\/\/yoast.com\/product\/yoast-seo-wordpress\/ -->\n<title>Extractor de cassette de bicicleta<\/title>\n<meta name=\"description\" content=\"El extractor de cassette permite montar y desmontar el cassette de la bicicleta. Una herramienta \u00fatil para el mantenimiento de la transmisi\u00f3n de su moto.\" \/>\n<meta name=\"robots\" content=\"index, follow, max-snippet:-1, max-image-preview:large, max-video-preview:-1\" \/>\n<link rel=\"canonical\" href=\"https:\/\/www.lift-mtb.com\/es\/produit\/extractor-de-casetes\/\" \/>\n<meta property=\"og:locale\" content=\"es_ES\" \/>\n<meta property=\"og:type\" content=\"article\" \/>\n<meta property=\"og:title\" content=\"Extractor de cassette de bicicleta\" \/>\n<meta property=\"og:description\" content=\"El extractor de cassette permite montar y desmontar el cassette de la bicicleta. Una herramienta \u00fatil para el mantenimiento de la transmisi\u00f3n de su moto.\" \/>\n<meta property=\"og:url\" content=\"https:\/\/www.lift-mtb.com\/es\/produit\/extractor-de-casetes\/\" \/>\n<meta property=\"og:site_name\" content=\"LIFT-MTB\" \/>\n<meta property=\"article:modified_time\" content=\"2023-02-23T22:53:57+00:00\" \/>\n<meta property=\"og:image\" content=\"https:\/\/www.lift-mtb.com\/wp-content\/uploads\/2023\/02\/demonte-k7-2048-x-1367-px.png\" \/>\n\t<meta property=\"og:image:width\" content=\"2048\" \/>\n\t<meta property=\"og:image:height\" content=\"1367\" \/>\n\t<meta property=\"og:image:type\" content=\"image\/png\" \/>\n<meta name=\"twitter:card\" content=\"summary_large_image\" \/>\n<meta name=\"twitter:label1\" content=\"Tiempo de lectura\" \/>\n\t<meta name=\"twitter:data1\" content=\"1 minuto\" \/>\n<script type=\"application\/ld+json\" class=\"yoast-schema-graph\">{\"@context\":\"https:\/\/schema.org\",\"@graph\":[{\"@type\":\"WebPage\",\"@id\":\"https:\/\/www.lift-mtb.com\/es\/produit\/extractor-de-casetes\/\",\"url\":\"https:\/\/www.lift-mtb.com\/es\/produit\/extractor-de-casetes\/\",\"name\":\"Extractor de cassette de bicicleta\",\"isPartOf\":{\"@id\":\"https:\/\/www.lift-mtb.com\/es\/#website\"},\"primaryImageOfPage\":{\"@id\":\"https:\/\/www.lift-mtb.com\/es\/produit\/extractor-de-casetes\/#primaryimage\"},\"image\":{\"@id\":\"https:\/\/www.lift-mtb.com\/es\/produit\/extractor-de-casetes\/#primaryimage\"},\"thumbnailUrl\":\"https:\/\/www.lift-mtb.com\/wp-content\/uploads\/2023\/02\/demonte-k7-2048-x-1367-px.png\",\"datePublished\":\"2022-02-23T16:53:00+00:00\",\"dateModified\":\"2023-02-23T22:53:57+00:00\",\"description\":\"El extractor de cassette permite montar y desmontar el cassette de la bicicleta. Una herramienta \u00fatil para el mantenimiento de la transmisi\u00f3n de su moto.\",\"breadcrumb\":{\"@id\":\"https:\/\/www.lift-mtb.com\/es\/produit\/extractor-de-casetes\/#breadcrumb\"},\"inLanguage\":\"es\",\"potentialAction\":[{\"@type\":\"ReadAction\",\"target\":[\"https:\/\/www.lift-mtb.com\/es\/produit\/extractor-de-casetes\/\"]}]},{\"@type\":\"ImageObject\",\"inLanguage\":\"es\",\"@id\":\"https:\/\/www.lift-mtb.com\/es\/produit\/extractor-de-casetes\/#primaryimage\",\"url\":\"https:\/\/www.lift-mtb.com\/wp-content\/uploads\/2023\/02\/demonte-k7-2048-x-1367-px.png\",\"contentUrl\":\"https:\/\/www.lift-mtb.com\/wp-content\/uploads\/2023\/02\/demonte-k7-2048-x-1367-px.png\",\"width\":2048,\"height\":1367,\"caption\":\"outils d\u00e9monte k7\"},{\"@type\":\"BreadcrumbList\",\"@id\":\"https:\/\/www.lift-mtb.com\/es\/produit\/extractor-de-casetes\/#breadcrumb\",\"itemListElement\":[{\"@type\":\"ListItem\",\"position\":1,\"name\":\"Accueil\",\"item\":\"https:\/\/www.lift-mtb.com\/es\/\"},{\"@type\":\"ListItem\",\"position\":2,\"name\":\"Tienda\",\"item\":\"https:\/\/www.lift-mtb.com\/es\/tienda\/\"},{\"@type\":\"ListItem\",\"position\":3,\"name\":\"Herramientas\",\"item\":\"https:\/\/www.lift-mtb.com\/es\/categoria-de-productos\/herramientas\/\"},{\"@type\":\"ListItem\",\"position\":4,\"name\":\"Extractor de casetes\"}]},{\"@type\":\"WebSite\",\"@id\":\"https:\/\/www.lift-mtb.com\/es\/#website\",\"url\":\"https:\/\/www.lift-mtb.com\/es\/\",\"name\":\"LIFT-MTB\",\"description\":\"Transformer son v\u00e9lo en \u00e9lectrique rapidement !\",\"publisher\":{\"@id\":\"https:\/\/www.lift-mtb.com\/es\/#organization\"},\"potentialAction\":[{\"@type\":\"SearchAction\",\"target\":{\"@type\":\"EntryPoint\",\"urlTemplate\":\"https:\/\/www.lift-mtb.com\/es\/?s={search_term_string}\"},\"query-input\":{\"@type\":\"PropertyValueSpecification\",\"valueRequired\":true,\"valueName\":\"search_term_string\"}}],\"inLanguage\":\"es\"},{\"@type\":\"Organization\",\"@id\":\"https:\/\/www.lift-mtb.com\/es\/#organization\",\"name\":\"LIFT-MTB\",\"url\":\"https:\/\/www.lift-mtb.com\/es\/\",\"logo\":{\"@type\":\"ImageObject\",\"inLanguage\":\"es\",\"@id\":\"https:\/\/www.lift-mtb.com\/es\/#\/schema\/logo\/image\/\",\"url\":\"https:\/\/www.lift-mtb.com\/wp-content\/uploads\/2022\/01\/electric-kit-for-bike-1.jpg\",\"contentUrl\":\"https:\/\/www.lift-mtb.com\/wp-content\/uploads\/2022\/01\/electric-kit-for-bike-1.jpg\",\"width\":1223,\"height\":560,\"caption\":\"LIFT-MTB\"},\"image\":{\"@id\":\"https:\/\/www.lift-mtb.com\/es\/#\/schema\/logo\/image\/\"}}]}<\/script>\n<!-- \/ Yoast SEO plugin. -->","yoast_head_json":{"title":"Extractor de cassette de bicicleta","description":"El extractor de cassette permite montar y desmontar el cassette de la bicicleta. Una herramienta \u00fatil para el mantenimiento de la transmisi\u00f3n de su moto.","robots":{"index":"index","follow":"follow","max-snippet":"max-snippet:-1","max-image-preview":"max-image-preview:large","max-video-preview":"max-video-preview:-1"},"canonical":"https:\/\/www.lift-mtb.com\/es\/produit\/extractor-de-casetes\/","og_locale":"es_ES","og_type":"article","og_title":"Extractor de cassette de bicicleta","og_description":"El extractor de cassette permite montar y desmontar el cassette de la bicicleta. Una herramienta \u00fatil para el mantenimiento de la transmisi\u00f3n de su moto.","og_url":"https:\/\/www.lift-mtb.com\/es\/produit\/extractor-de-casetes\/","og_site_name":"LIFT-MTB","article_modified_time":"2023-02-23T22:53:57+00:00","og_image":[{"width":2048,"height":1367,"url":"https:\/\/www.lift-mtb.com\/wp-content\/uploads\/2023\/02\/demonte-k7-2048-x-1367-px.png","type":"image\/png"}],"twitter_card":"summary_large_image","twitter_misc":{"Tiempo de lectura":"1 minuto"},"schema":{"@context":"https:\/\/schema.org","@graph":[{"@type":"WebPage","@id":"https:\/\/www.lift-mtb.com\/es\/produit\/extractor-de-casetes\/","url":"https:\/\/www.lift-mtb.com\/es\/produit\/extractor-de-casetes\/","name":"Extractor de cassette de bicicleta","isPartOf":{"@id":"https:\/\/www.lift-mtb.com\/es\/#website"},"primaryImageOfPage":{"@id":"https:\/\/www.lift-mtb.com\/es\/produit\/extractor-de-casetes\/#primaryimage"},"image":{"@id":"https:\/\/www.lift-mtb.com\/es\/produit\/extractor-de-casetes\/#primaryimage"},"thumbnailUrl":"https:\/\/www.lift-mtb.com\/wp-content\/uploads\/2023\/02\/demonte-k7-2048-x-1367-px.png","datePublished":"2022-02-23T16:53:00+00:00","dateModified":"2023-02-23T22:53:57+00:00","description":"El extractor de cassette permite montar y desmontar el cassette de la bicicleta. Una herramienta \u00fatil para el mantenimiento de la transmisi\u00f3n de su moto.","breadcrumb":{"@id":"https:\/\/www.lift-mtb.com\/es\/produit\/extractor-de-casetes\/#breadcrumb"},"inLanguage":"es","potentialAction":[{"@type":"ReadAction","target":["https:\/\/www.lift-mtb.com\/es\/produit\/extractor-de-casetes\/"]}]},{"@type":"ImageObject","inLanguage":"es","@id":"https:\/\/www.lift-mtb.com\/es\/produit\/extractor-de-casetes\/#primaryimage","url":"https:\/\/www.lift-mtb.com\/wp-content\/uploads\/2023\/02\/demonte-k7-2048-x-1367-px.png","contentUrl":"https:\/\/www.lift-mtb.com\/wp-content\/uploads\/2023\/02\/demonte-k7-2048-x-1367-px.png","width":2048,"height":1367,"caption":"outils d\u00e9monte k7"},{"@type":"BreadcrumbList","@id":"https:\/\/www.lift-mtb.com\/es\/produit\/extractor-de-casetes\/#breadcrumb","itemListElement":[{"@type":"ListItem","position":1,"name":"Accueil","item":"https:\/\/www.lift-mtb.com\/es\/"},{"@type":"ListItem","position":2,"name":"Tienda","item":"https:\/\/www.lift-mtb.com\/es\/tienda\/"},{"@type":"ListItem","position":3,"name":"Herramientas","item":"https:\/\/www.lift-mtb.com\/es\/categoria-de-productos\/herramientas\/"},{"@type":"ListItem","position":4,"name":"Extractor de casetes"}]},{"@type":"WebSite","@id":"https:\/\/www.lift-mtb.com\/es\/#website","url":"https:\/\/www.lift-mtb.com\/es\/","name":"LIFT-MTB","description":"Transformer son v\u00e9lo en \u00e9lectrique rapidement !","publisher":{"@id":"https:\/\/www.lift-mtb.com\/es\/#organization"},"potentialAction":[{"@type":"SearchAction","target":{"@type":"EntryPoint","urlTemplate":"https:\/\/www.lift-mtb.com\/es\/?s={search_term_string}"},"query-input":{"@type":"PropertyValueSpecification","valueRequired":true,"valueName":"search_term_string"}}],"inLanguage":"es"},{"@type":"Organization","@id":"https:\/\/www.lift-mtb.com\/es\/#organization","name":"LIFT-MTB","url":"https:\/\/www.lift-mtb.com\/es\/","logo":{"@type":"ImageObject","inLanguage":"es","@id":"https:\/\/www.lift-mtb.com\/es\/#\/schema\/logo\/image\/","url":"https:\/\/www.lift-mtb.com\/wp-content\/uploads\/2022\/01\/electric-kit-for-bike-1.jpg","contentUrl":"https:\/\/www.lift-mtb.com\/wp-content\/uploads\/2022\/01\/electric-kit-for-bike-1.jpg","width":1223,"height":560,"caption":"LIFT-MTB"},"image":{"@id":"https:\/\/www.lift-mtb.com\/es\/#\/schema\/logo\/image\/"}}]}},"_links":{"self":[{"href":"https:\/\/www.lift-mtb.com\/es\/wp-json\/wp\/v2\/product\/39479","targetHints":{"allow":["GET"]}}],"collection":[{"href":"https:\/\/www.lift-mtb.com\/es\/wp-json\/wp\/v2\/product"}],"about":[{"href":"https:\/\/www.lift-mtb.com\/es\/wp-json\/wp\/v2\/types\/product"}],"replies":[{"embeddable":true,"href":"https:\/\/www.lift-mtb.com\/es\/wp-json\/wp\/v2\/comments?post=39479"}],"wp:featuredmedia":[{"embeddable":true,"href":"https:\/\/www.lift-mtb.com\/es\/wp-json\/wp\/v2\/media\/46059"}],"wp:attachment":[{"href":"https:\/\/www.lift-mtb.com\/es\/wp-json\/wp\/v2\/media?parent=39479"}],"wp:term":[{"taxonomy":"product_brand","embeddable":true,"href":"https:\/\/www.lift-mtb.com\/es\/wp-json\/wp\/v2\/product_brand?post=39479"},{"taxonomy":"product_cat","embeddable":true,"href":"https:\/\/www.lift-mtb.com\/es\/wp-json\/wp\/v2\/product_cat?post=39479"},{"taxonomy":"product_tag","embeddable":true,"href":"https:\/\/www.lift-mtb.com\/es\/wp-json\/wp\/v2\/product_tag?post=39479"}],"curies":[{"name":"wp","href":"https:\/\/api.w.org\/{rel}","templated":true}]}}