{"id":39488,"date":"2022-02-23T17:37:13","date_gmt":"2022-02-23T16:37:13","guid":{"rendered":"https:\/produit\/pinon-de-11-42-dientes-de-8-9-y-10-velocidades\/"},"modified":"2025-06-11T23:10:07","modified_gmt":"2025-06-11T21:10:07","slug":"casette-velo-11-42-dents-8-9-et-10-vitesses","status":"publish","type":"product","link":"https:\/\/www.lift-mtb.com\/es\/produit\/casette-velo-11-42-dents-8-9-et-10-vitesses\/","title":{"rendered":"Pi\u00f1\u00f3n de 11\/42 dientes de 8, 9 y 10 velocidades"},"content":{"rendered":"<h4 class=\"fn\">Pi\u00f1\u00f3n de 11\/42 dientes de 8, 9 y 10 velocidades<\/h4>\n<div id=\"cc-shop-product-desc-text-16068255824\" class=\"description\">\n<ul>\n<li>Montaje del sistema  <a href=\"https:\/\/www.youtube.com\/@LIFTMTBTV\/featured\">LIFT-MTB<\/a>  Podr\u00e1s montar tu bicicleta en monoplato, es decir que utilizar\u00e1s un solo plato en la parte delantera, que generalmente ser\u00e1 de 32 dientes, es el tipo de montaje que adoptan todas las bicicletas recientes porque es m\u00e1s sencillo, ligero y tambi\u00e9n eficaz.<\/li>\n<li>Pero si tiene una <a href=\"https:\/transmission-moteur-de-vtt-electrique\/\">transmisi\u00f3n de<\/a> 9 \u00f3 10 velocidades, seguramente tendr\u00e1 un casete peque\u00f1o con pi\u00f1ones iguales o inferiores a 11\/34 dientes u 11\/36 dientes. Funcionar\u00e1 con el kit, pero si quieres rodar con mucha pendiente, te proponemos la adici\u00f3n de un juego de pi\u00f1ones con un escalonamiento del pi\u00f1\u00f3n trasero diferente al original de 9 o 10 marchas y unos pi\u00f1ones notablemente m\u00e1s grandes (42) que permitir\u00e1n un mayor par a la rueda trasera manteniendo el resto de la transmisi\u00f3n (mismo desviador, misma cadena y mismo cambio&#8230;) \u00a1tienes el equivalente a una transmisi\u00f3n &#8220;moderna&#8221; a un menor coste!<\/li>\n<li>Incluye una patilla de cambio que permite conservar el mismo desviador (pieza roja en la foto)<\/li>\n<\/ul>\n<\/div>\n","protected":false},"excerpt":{"rendered":"<p>disponible en:<\/p>\n<ul>\n<li>8 velocidades<\/li>\n<li>9 velocidades<\/li>\n<li>10 velocidades<\/li>\n<\/ul>\n","protected":false},"featured_media":8168,"comment_status":"open","ping_status":"closed","template":"","meta":[],"product_brand":[],"product_cat":[846],"product_tag":[],"class_list":{"0":"post-39488","1":"product","2":"type-product","3":"status-publish","4":"has-post-thumbnail","6":"product_cat-piezas-del-pedal","8":"first","9":"instock","10":"taxable","11":"shipping-taxable","12":"purchasable","13":"product-type-variable"},"yoast_head":"<!-- This site is optimized with the Yoast SEO plugin v26.9 - https:\/\/yoast.com\/product\/yoast-seo-wordpress\/ -->\n<title>- caso bicicleta Transmisi\u00f3n y Compra 11\/42 para bicicletas el\u00e9ctricas.<\/title>\n<meta name=\"description\" content=\"Un pi\u00f1\u00f3n de bicicleta es el grupo de pi\u00f1ones de tu bici -. Disponible en transmisi\u00f3n 11\/42 ideal para una Mountain bikes (MTB).\" \/>\n<meta name=\"robots\" content=\"index, follow, max-snippet:-1, max-image-preview:large, max-video-preview:-1\" \/>\n<link rel=\"canonical\" href=\"https:\/\/www.lift-mtb.com\/es\/produit\/casette-velo-11-42-dents-8-9-et-10-vitesses\/\" \/>\n<meta property=\"og:locale\" content=\"es_ES\" \/>\n<meta property=\"og:type\" content=\"article\" \/>\n<meta property=\"og:title\" content=\"- caso bicicleta Transmisi\u00f3n y Compra 11\/42 para bicicletas el\u00e9ctricas.\" \/>\n<meta property=\"og:description\" content=\"Un pi\u00f1\u00f3n de bicicleta es el grupo de pi\u00f1ones de tu bici -. Disponible en transmisi\u00f3n 11\/42 ideal para una Mountain bikes (MTB).\" \/>\n<meta property=\"og:url\" content=\"https:\/\/www.lift-mtb.com\/es\/produit\/casette-velo-11-42-dents-8-9-et-10-vitesses\/\" \/>\n<meta property=\"og:site_name\" content=\"LIFT-MTB\" \/>\n<meta property=\"article:modified_time\" content=\"2025-06-11T21:10:07+00:00\" \/>\n<meta property=\"og:image\" content=\"https:\/\/www.lift-mtb.com\/wp-content\/uploads\/2022\/02\/casette-complete-pour-velo-electrique-scaled.jpg\" \/>\n\t<meta property=\"og:image:width\" content=\"2767\" \/>\n\t<meta property=\"og:image:height\" content=\"3679\" \/>\n\t<meta property=\"og:image:type\" content=\"image\/jpeg\" \/>\n<meta name=\"twitter:card\" content=\"summary_large_image\" \/>\n<meta name=\"twitter:label1\" content=\"Tiempo de lectura\" \/>\n\t<meta name=\"twitter:data1\" content=\"1 minuto\" \/>\n<script type=\"application\/ld+json\" class=\"yoast-schema-graph\">{\"@context\":\"https:\/\/schema.org\",\"@graph\":[{\"@type\":\"WebPage\",\"@id\":\"https:\/\/www.lift-mtb.com\/es\/produit\/casette-velo-11-42-dents-8-9-et-10-vitesses\/\",\"url\":\"https:\/\/www.lift-mtb.com\/es\/produit\/casette-velo-11-42-dents-8-9-et-10-vitesses\/\",\"name\":\"- caso bicicleta Transmisi\u00f3n y Compra 11\/42 para bicicletas el\u00e9ctricas.\",\"isPartOf\":{\"@id\":\"https:\/\/www.lift-mtb.com\/es\/#website\"},\"primaryImageOfPage\":{\"@id\":\"https:\/\/www.lift-mtb.com\/es\/produit\/casette-velo-11-42-dents-8-9-et-10-vitesses\/#primaryimage\"},\"image\":{\"@id\":\"https:\/\/www.lift-mtb.com\/es\/produit\/casette-velo-11-42-dents-8-9-et-10-vitesses\/#primaryimage\"},\"thumbnailUrl\":\"https:\/\/www.lift-mtb.com\/wp-content\/uploads\/2022\/02\/casette-complete-pour-velo-electrique-scaled.jpg\",\"datePublished\":\"2022-02-23T16:37:13+00:00\",\"dateModified\":\"2025-06-11T21:10:07+00:00\",\"description\":\"Un pi\u00f1\u00f3n de bicicleta es el grupo de pi\u00f1ones de tu bici -. Disponible en transmisi\u00f3n 11\/42 ideal para una Mountain bikes (MTB).\",\"breadcrumb\":{\"@id\":\"https:\/\/www.lift-mtb.com\/es\/produit\/casette-velo-11-42-dents-8-9-et-10-vitesses\/#breadcrumb\"},\"inLanguage\":\"es\",\"potentialAction\":[{\"@type\":\"ReadAction\",\"target\":[\"https:\/\/www.lift-mtb.com\/es\/produit\/casette-velo-11-42-dents-8-9-et-10-vitesses\/\"]}]},{\"@type\":\"ImageObject\",\"inLanguage\":\"es\",\"@id\":\"https:\/\/www.lift-mtb.com\/es\/produit\/casette-velo-11-42-dents-8-9-et-10-vitesses\/#primaryimage\",\"url\":\"https:\/\/www.lift-mtb.com\/wp-content\/uploads\/2022\/02\/casette-complete-pour-velo-electrique-scaled.jpg\",\"contentUrl\":\"https:\/\/www.lift-mtb.com\/wp-content\/uploads\/2022\/02\/casette-complete-pour-velo-electrique-scaled.jpg\",\"width\":2767,\"height\":3679,\"caption\":\"Malet\u00edn para bicicletas\"},{\"@type\":\"BreadcrumbList\",\"@id\":\"https:\/\/www.lift-mtb.com\/es\/produit\/casette-velo-11-42-dents-8-9-et-10-vitesses\/#breadcrumb\",\"itemListElement\":[{\"@type\":\"ListItem\",\"position\":1,\"name\":\"Accueil\",\"item\":\"https:\/\/www.lift-mtb.com\/es\/\"},{\"@type\":\"ListItem\",\"position\":2,\"name\":\"Tienda\",\"item\":\"https:\/\/www.lift-mtb.com\/es\/tienda\/\"},{\"@type\":\"ListItem\",\"position\":3,\"name\":\"Piezas de recambio\",\"item\":\"https:\/\/www.lift-mtb.com\/es\/categoria-de-productos\/piezas-de-recambio\/\"},{\"@type\":\"ListItem\",\"position\":4,\"name\":\"Piezas del pedal\",\"item\":\"https:\/\/www.lift-mtb.com\/es\/categoria-de-productos\/piezas-de-recambio\/piezas-del-pedal\/\"},{\"@type\":\"ListItem\",\"position\":5,\"name\":\"Pi\u00f1\u00f3n de 11\/42 dientes de 8, 9 y 10 velocidades\"}]},{\"@type\":\"WebSite\",\"@id\":\"https:\/\/www.lift-mtb.com\/es\/#website\",\"url\":\"https:\/\/www.lift-mtb.com\/es\/\",\"name\":\"LIFT-MTB\",\"description\":\"Transformer son v\u00e9lo en \u00e9lectrique rapidement !\",\"publisher\":{\"@id\":\"https:\/\/www.lift-mtb.com\/es\/#organization\"},\"potentialAction\":[{\"@type\":\"SearchAction\",\"target\":{\"@type\":\"EntryPoint\",\"urlTemplate\":\"https:\/\/www.lift-mtb.com\/es\/?s={search_term_string}\"},\"query-input\":{\"@type\":\"PropertyValueSpecification\",\"valueRequired\":true,\"valueName\":\"search_term_string\"}}],\"inLanguage\":\"es\"},{\"@type\":\"Organization\",\"@id\":\"https:\/\/www.lift-mtb.com\/es\/#organization\",\"name\":\"LIFT-MTB\",\"url\":\"https:\/\/www.lift-mtb.com\/es\/\",\"logo\":{\"@type\":\"ImageObject\",\"inLanguage\":\"es\",\"@id\":\"https:\/\/www.lift-mtb.com\/es\/#\/schema\/logo\/image\/\",\"url\":\"https:\/\/www.lift-mtb.com\/wp-content\/uploads\/2022\/01\/electric-kit-for-bike-1.jpg\",\"contentUrl\":\"https:\/\/www.lift-mtb.com\/wp-content\/uploads\/2022\/01\/electric-kit-for-bike-1.jpg\",\"width\":1223,\"height\":560,\"caption\":\"LIFT-MTB\"},\"image\":{\"@id\":\"https:\/\/www.lift-mtb.com\/es\/#\/schema\/logo\/image\/\"}}]}<\/script>\n<!-- \/ Yoast SEO plugin. -->","yoast_head_json":{"title":"- caso bicicleta Transmisi\u00f3n y Compra 11\/42 para bicicletas el\u00e9ctricas.","description":"Un pi\u00f1\u00f3n de bicicleta es el grupo de pi\u00f1ones de tu bici -. Disponible en transmisi\u00f3n 11\/42 ideal para una Mountain bikes (MTB).","robots":{"index":"index","follow":"follow","max-snippet":"max-snippet:-1","max-image-preview":"max-image-preview:large","max-video-preview":"max-video-preview:-1"},"canonical":"https:\/\/www.lift-mtb.com\/es\/produit\/casette-velo-11-42-dents-8-9-et-10-vitesses\/","og_locale":"es_ES","og_type":"article","og_title":"- caso bicicleta Transmisi\u00f3n y Compra 11\/42 para bicicletas el\u00e9ctricas.","og_description":"Un pi\u00f1\u00f3n de bicicleta es el grupo de pi\u00f1ones de tu bici -. Disponible en transmisi\u00f3n 11\/42 ideal para una Mountain bikes (MTB).","og_url":"https:\/\/www.lift-mtb.com\/es\/produit\/casette-velo-11-42-dents-8-9-et-10-vitesses\/","og_site_name":"LIFT-MTB","article_modified_time":"2025-06-11T21:10:07+00:00","og_image":[{"width":2767,"height":3679,"url":"https:\/\/www.lift-mtb.com\/wp-content\/uploads\/2022\/02\/casette-complete-pour-velo-electrique-scaled.jpg","type":"image\/jpeg"}],"twitter_card":"summary_large_image","twitter_misc":{"Tiempo de lectura":"1 minuto"},"schema":{"@context":"https:\/\/schema.org","@graph":[{"@type":"WebPage","@id":"https:\/\/www.lift-mtb.com\/es\/produit\/casette-velo-11-42-dents-8-9-et-10-vitesses\/","url":"https:\/\/www.lift-mtb.com\/es\/produit\/casette-velo-11-42-dents-8-9-et-10-vitesses\/","name":"- caso bicicleta Transmisi\u00f3n y Compra 11\/42 para bicicletas el\u00e9ctricas.","isPartOf":{"@id":"https:\/\/www.lift-mtb.com\/es\/#website"},"primaryImageOfPage":{"@id":"https:\/\/www.lift-mtb.com\/es\/produit\/casette-velo-11-42-dents-8-9-et-10-vitesses\/#primaryimage"},"image":{"@id":"https:\/\/www.lift-mtb.com\/es\/produit\/casette-velo-11-42-dents-8-9-et-10-vitesses\/#primaryimage"},"thumbnailUrl":"https:\/\/www.lift-mtb.com\/wp-content\/uploads\/2022\/02\/casette-complete-pour-velo-electrique-scaled.jpg","datePublished":"2022-02-23T16:37:13+00:00","dateModified":"2025-06-11T21:10:07+00:00","description":"Un pi\u00f1\u00f3n de bicicleta es el grupo de pi\u00f1ones de tu bici -. Disponible en transmisi\u00f3n 11\/42 ideal para una Mountain bikes (MTB).","breadcrumb":{"@id":"https:\/\/www.lift-mtb.com\/es\/produit\/casette-velo-11-42-dents-8-9-et-10-vitesses\/#breadcrumb"},"inLanguage":"es","potentialAction":[{"@type":"ReadAction","target":["https:\/\/www.lift-mtb.com\/es\/produit\/casette-velo-11-42-dents-8-9-et-10-vitesses\/"]}]},{"@type":"ImageObject","inLanguage":"es","@id":"https:\/\/www.lift-mtb.com\/es\/produit\/casette-velo-11-42-dents-8-9-et-10-vitesses\/#primaryimage","url":"https:\/\/www.lift-mtb.com\/wp-content\/uploads\/2022\/02\/casette-complete-pour-velo-electrique-scaled.jpg","contentUrl":"https:\/\/www.lift-mtb.com\/wp-content\/uploads\/2022\/02\/casette-complete-pour-velo-electrique-scaled.jpg","width":2767,"height":3679,"caption":"Malet\u00edn para bicicletas"},{"@type":"BreadcrumbList","@id":"https:\/\/www.lift-mtb.com\/es\/produit\/casette-velo-11-42-dents-8-9-et-10-vitesses\/#breadcrumb","itemListElement":[{"@type":"ListItem","position":1,"name":"Accueil","item":"https:\/\/www.lift-mtb.com\/es\/"},{"@type":"ListItem","position":2,"name":"Tienda","item":"https:\/\/www.lift-mtb.com\/es\/tienda\/"},{"@type":"ListItem","position":3,"name":"Piezas de recambio","item":"https:\/\/www.lift-mtb.com\/es\/categoria-de-productos\/piezas-de-recambio\/"},{"@type":"ListItem","position":4,"name":"Piezas del pedal","item":"https:\/\/www.lift-mtb.com\/es\/categoria-de-productos\/piezas-de-recambio\/piezas-del-pedal\/"},{"@type":"ListItem","position":5,"name":"Pi\u00f1\u00f3n de 11\/42 dientes de 8, 9 y 10 velocidades"}]},{"@type":"WebSite","@id":"https:\/\/www.lift-mtb.com\/es\/#website","url":"https:\/\/www.lift-mtb.com\/es\/","name":"LIFT-MTB","description":"Transformer son v\u00e9lo en \u00e9lectrique rapidement !","publisher":{"@id":"https:\/\/www.lift-mtb.com\/es\/#organization"},"potentialAction":[{"@type":"SearchAction","target":{"@type":"EntryPoint","urlTemplate":"https:\/\/www.lift-mtb.com\/es\/?s={search_term_string}"},"query-input":{"@type":"PropertyValueSpecification","valueRequired":true,"valueName":"search_term_string"}}],"inLanguage":"es"},{"@type":"Organization","@id":"https:\/\/www.lift-mtb.com\/es\/#organization","name":"LIFT-MTB","url":"https:\/\/www.lift-mtb.com\/es\/","logo":{"@type":"ImageObject","inLanguage":"es","@id":"https:\/\/www.lift-mtb.com\/es\/#\/schema\/logo\/image\/","url":"https:\/\/www.lift-mtb.com\/wp-content\/uploads\/2022\/01\/electric-kit-for-bike-1.jpg","contentUrl":"https:\/\/www.lift-mtb.com\/wp-content\/uploads\/2022\/01\/electric-kit-for-bike-1.jpg","width":1223,"height":560,"caption":"LIFT-MTB"},"image":{"@id":"https:\/\/www.lift-mtb.com\/es\/#\/schema\/logo\/image\/"}}]}},"_links":{"self":[{"href":"https:\/\/www.lift-mtb.com\/es\/wp-json\/wp\/v2\/product\/39488","targetHints":{"allow":["GET"]}}],"collection":[{"href":"https:\/\/www.lift-mtb.com\/es\/wp-json\/wp\/v2\/product"}],"about":[{"href":"https:\/\/www.lift-mtb.com\/es\/wp-json\/wp\/v2\/types\/product"}],"replies":[{"embeddable":true,"href":"https:\/\/www.lift-mtb.com\/es\/wp-json\/wp\/v2\/comments?post=39488"}],"wp:featuredmedia":[{"embeddable":true,"href":"https:\/\/www.lift-mtb.com\/es\/wp-json\/wp\/v2\/media\/8168"}],"wp:attachment":[{"href":"https:\/\/www.lift-mtb.com\/es\/wp-json\/wp\/v2\/media?parent=39488"}],"wp:term":[{"taxonomy":"product_brand","embeddable":true,"href":"https:\/\/www.lift-mtb.com\/es\/wp-json\/wp\/v2\/product_brand?post=39488"},{"taxonomy":"product_cat","embeddable":true,"href":"https:\/\/www.lift-mtb.com\/es\/wp-json\/wp\/v2\/product_cat?post=39488"},{"taxonomy":"product_tag","embeddable":true,"href":"https:\/\/www.lift-mtb.com\/es\/wp-json\/wp\/v2\/product_tag?post=39488"}],"curies":[{"name":"wp","href":"https:\/\/api.w.org\/{rel}","templated":true}]}}