{"id":39515,"date":"2022-02-23T17:08:01","date_gmt":"2022-02-23T16:08:01","guid":{"rendered":"https:\/produit\/caja-de-pedalier-prensada-bb92-para-eje-de-24-mm\/"},"modified":"2023-02-17T17:36:53","modified_gmt":"2023-02-17T16:36:53","slug":"biela-bb92-24mm-para-bicicleta","status":"publish","type":"product","link":"https:\/\/www.lift-mtb.com\/es\/produit\/biela-bb92-24mm-para-bicicleta\/","title":{"rendered":"Caja de pedalier prensada bb92 para eje de 24 mm."},"content":{"rendered":"<ul>\n<li>Pedalier <a href=\"https:\/\/www.youtube.com\/@LIFTMTBTV\">Mountain bikes (MTB)<\/a><strong>Eje<\/strong><strong> Press-Fit<\/strong> <a href=\"https:\/comment-reconnaitre-demonter-son-boitier-de-pedalier\/\">di\u00e1metro <\/a><strong>24mm<\/strong>, para cuadro bb92 di\u00e1metro 41mm<\/li>\n<li>Esta caja est\u00e1 dise\u00f1ada para las cajas de marco <strong>bb92 de ajuste a<\/strong> presi\u00f3n<\/li>\n<li>Modelo compatible con Shimano<\/li>\n<li>\n<section id=\"product-description\" class=\"text-justify page-product-box\">\n<div class=\"rte\">\n<div>\n<p>Compatible con todos los cuadros Press-Fit de 41 mm de di\u00e1metro interior<br \/>\n&#8211; Para platos y bielas con eje de 24 mm de di\u00e1metro 10 u 11 velocidades<br \/>\n&#8211; Anchura del pedalier: 86,5 mm<\/p>\n<\/div>\n<\/div>\n<\/section>\n<\/li>\n<\/ul>\n","protected":false},"excerpt":{"rendered":"<p><strong>Descripci\u00f3n:<\/strong><\/p>\n<ul>\n<li><strong> Press-Fit<\/strong> <strong>eje<\/strong> pedalier Mountain bikes (MTB) di\u00e1metro <strong>24mm<\/strong>, para cuadro bb92 di\u00e1metro 41mm<\/li>\n<li>Esta caja est\u00e1 dise\u00f1ada para las cajas de marco <strong>bb92 de ajuste a<\/strong> presi\u00f3n<\/li>\n<li>Modelo compatible con Shimano<\/li>\n<\/ul>\n","protected":false},"featured_media":8130,"comment_status":"open","ping_status":"closed","template":"","meta":[],"product_brand":[],"product_cat":[846],"product_tag":[],"class_list":{"0":"post-39515","1":"product","2":"type-product","3":"status-publish","4":"has-post-thumbnail","6":"product_cat-piezas-del-pedal","8":"first","9":"instock","10":"taxable","11":"shipping-taxable","12":"purchasable","13":"product-type-simple"},"yoast_head":"<!-- This site is optimized with the Yoast SEO plugin v26.9 - https:\/\/yoast.com\/product\/yoast-seo-wordpress\/ -->\n<title>Caja de pedalier BB92\/ 24mm - Race Face para eje pasante.<\/title>\n<meta name=\"description\" content=\"BB92\/ 24mm - pedalier El BB92 est\u00e1ndar es un pedalier prensado al cuadro. El di\u00e1metro interior del bastidor es de 41 mm y el di\u00e1metro del eje de 24 mm.\" \/>\n<meta name=\"robots\" content=\"index, follow, max-snippet:-1, max-image-preview:large, max-video-preview:-1\" \/>\n<link rel=\"canonical\" href=\"https:\/\/www.lift-mtb.com\/es\/produit\/biela-bb92-24mm-para-bicicleta\/\" \/>\n<meta property=\"og:locale\" content=\"es_ES\" \/>\n<meta property=\"og:type\" content=\"article\" \/>\n<meta property=\"og:title\" content=\"Caja de pedalier BB92\/ 24mm - Race Face para eje pasante.\" \/>\n<meta property=\"og:description\" content=\"BB92\/ 24mm - pedalier El BB92 est\u00e1ndar es un pedalier prensado al cuadro. El di\u00e1metro interior del bastidor es de 41 mm y el di\u00e1metro del eje de 24 mm.\" \/>\n<meta property=\"og:url\" content=\"https:\/\/www.lift-mtb.com\/es\/produit\/biela-bb92-24mm-para-bicicleta\/\" \/>\n<meta property=\"og:site_name\" content=\"LIFT-MTB\" \/>\n<meta property=\"article:modified_time\" content=\"2023-02-17T16:36:53+00:00\" \/>\n<meta property=\"og:image\" content=\"https:\/\/www.lift-mtb.com\/wp-content\/uploads\/2022\/02\/bb24mm.jpg\" \/>\n\t<meta property=\"og:image:width\" content=\"295\" \/>\n\t<meta property=\"og:image:height\" content=\"171\" \/>\n\t<meta property=\"og:image:type\" content=\"image\/jpeg\" \/>\n<meta name=\"twitter:card\" content=\"summary_large_image\" \/>\n<script type=\"application\/ld+json\" class=\"yoast-schema-graph\">{\"@context\":\"https:\/\/schema.org\",\"@graph\":[{\"@type\":\"WebPage\",\"@id\":\"https:\/\/www.lift-mtb.com\/es\/produit\/biela-bb92-24mm-para-bicicleta\/\",\"url\":\"https:\/\/www.lift-mtb.com\/es\/produit\/biela-bb92-24mm-para-bicicleta\/\",\"name\":\"Caja de pedalier BB92\/ 24mm - Race Face para eje pasante.\",\"isPartOf\":{\"@id\":\"https:\/\/www.lift-mtb.com\/es\/#website\"},\"primaryImageOfPage\":{\"@id\":\"https:\/\/www.lift-mtb.com\/es\/produit\/biela-bb92-24mm-para-bicicleta\/#primaryimage\"},\"image\":{\"@id\":\"https:\/\/www.lift-mtb.com\/es\/produit\/biela-bb92-24mm-para-bicicleta\/#primaryimage\"},\"thumbnailUrl\":\"https:\/\/www.lift-mtb.com\/wp-content\/uploads\/2022\/02\/bb24mm.jpg\",\"datePublished\":\"2022-02-23T16:08:01+00:00\",\"dateModified\":\"2023-02-17T16:36:53+00:00\",\"description\":\"BB92\/ 24mm - pedalier El BB92 est\u00e1ndar es un pedalier prensado al cuadro. El di\u00e1metro interior del bastidor es de 41 mm y el di\u00e1metro del eje de 24 mm.\",\"breadcrumb\":{\"@id\":\"https:\/\/www.lift-mtb.com\/es\/produit\/biela-bb92-24mm-para-bicicleta\/#breadcrumb\"},\"inLanguage\":\"es\",\"potentialAction\":[{\"@type\":\"ReadAction\",\"target\":[\"https:\/\/www.lift-mtb.com\/es\/produit\/biela-bb92-24mm-para-bicicleta\/\"]}]},{\"@type\":\"ImageObject\",\"inLanguage\":\"es\",\"@id\":\"https:\/\/www.lift-mtb.com\/es\/produit\/biela-bb92-24mm-para-bicicleta\/#primaryimage\",\"url\":\"https:\/\/www.lift-mtb.com\/wp-content\/uploads\/2022\/02\/bb24mm.jpg\",\"contentUrl\":\"https:\/\/www.lift-mtb.com\/wp-content\/uploads\/2022\/02\/bb24mm.jpg\",\"width\":295,\"height\":171,\"caption\":\"BB92\/ Caja de pedalier de 24mm\"},{\"@type\":\"BreadcrumbList\",\"@id\":\"https:\/\/www.lift-mtb.com\/es\/produit\/biela-bb92-24mm-para-bicicleta\/#breadcrumb\",\"itemListElement\":[{\"@type\":\"ListItem\",\"position\":1,\"name\":\"Accueil\",\"item\":\"https:\/\/www.lift-mtb.com\/es\/\"},{\"@type\":\"ListItem\",\"position\":2,\"name\":\"Tienda\",\"item\":\"https:\/\/www.lift-mtb.com\/es\/tienda\/\"},{\"@type\":\"ListItem\",\"position\":3,\"name\":\"Piezas de recambio\",\"item\":\"https:\/\/www.lift-mtb.com\/es\/categoria-de-productos\/piezas-de-recambio\/\"},{\"@type\":\"ListItem\",\"position\":4,\"name\":\"Piezas del pedal\",\"item\":\"https:\/\/www.lift-mtb.com\/es\/categoria-de-productos\/piezas-de-recambio\/piezas-del-pedal\/\"},{\"@type\":\"ListItem\",\"position\":5,\"name\":\"Caja de pedalier prensada bb92 para eje de 24 mm.\"}]},{\"@type\":\"WebSite\",\"@id\":\"https:\/\/www.lift-mtb.com\/es\/#website\",\"url\":\"https:\/\/www.lift-mtb.com\/es\/\",\"name\":\"LIFT-MTB\",\"description\":\"Transformer son v\u00e9lo en \u00e9lectrique rapidement !\",\"publisher\":{\"@id\":\"https:\/\/www.lift-mtb.com\/es\/#organization\"},\"potentialAction\":[{\"@type\":\"SearchAction\",\"target\":{\"@type\":\"EntryPoint\",\"urlTemplate\":\"https:\/\/www.lift-mtb.com\/es\/?s={search_term_string}\"},\"query-input\":{\"@type\":\"PropertyValueSpecification\",\"valueRequired\":true,\"valueName\":\"search_term_string\"}}],\"inLanguage\":\"es\"},{\"@type\":\"Organization\",\"@id\":\"https:\/\/www.lift-mtb.com\/es\/#organization\",\"name\":\"LIFT-MTB\",\"url\":\"https:\/\/www.lift-mtb.com\/es\/\",\"logo\":{\"@type\":\"ImageObject\",\"inLanguage\":\"es\",\"@id\":\"https:\/\/www.lift-mtb.com\/es\/#\/schema\/logo\/image\/\",\"url\":\"https:\/\/www.lift-mtb.com\/wp-content\/uploads\/2022\/01\/electric-kit-for-bike-1.jpg\",\"contentUrl\":\"https:\/\/www.lift-mtb.com\/wp-content\/uploads\/2022\/01\/electric-kit-for-bike-1.jpg\",\"width\":1223,\"height\":560,\"caption\":\"LIFT-MTB\"},\"image\":{\"@id\":\"https:\/\/www.lift-mtb.com\/es\/#\/schema\/logo\/image\/\"}}]}<\/script>\n<!-- \/ Yoast SEO plugin. -->","yoast_head_json":{"title":"Caja de pedalier BB92\/ 24mm - Race Face para eje pasante.","description":"BB92\/ 24mm - pedalier El BB92 est\u00e1ndar es un pedalier prensado al cuadro. El di\u00e1metro interior del bastidor es de 41 mm y el di\u00e1metro del eje de 24 mm.","robots":{"index":"index","follow":"follow","max-snippet":"max-snippet:-1","max-image-preview":"max-image-preview:large","max-video-preview":"max-video-preview:-1"},"canonical":"https:\/\/www.lift-mtb.com\/es\/produit\/biela-bb92-24mm-para-bicicleta\/","og_locale":"es_ES","og_type":"article","og_title":"Caja de pedalier BB92\/ 24mm - Race Face para eje pasante.","og_description":"BB92\/ 24mm - pedalier El BB92 est\u00e1ndar es un pedalier prensado al cuadro. El di\u00e1metro interior del bastidor es de 41 mm y el di\u00e1metro del eje de 24 mm.","og_url":"https:\/\/www.lift-mtb.com\/es\/produit\/biela-bb92-24mm-para-bicicleta\/","og_site_name":"LIFT-MTB","article_modified_time":"2023-02-17T16:36:53+00:00","og_image":[{"width":295,"height":171,"url":"https:\/\/www.lift-mtb.com\/wp-content\/uploads\/2022\/02\/bb24mm.jpg","type":"image\/jpeg"}],"twitter_card":"summary_large_image","schema":{"@context":"https:\/\/schema.org","@graph":[{"@type":"WebPage","@id":"https:\/\/www.lift-mtb.com\/es\/produit\/biela-bb92-24mm-para-bicicleta\/","url":"https:\/\/www.lift-mtb.com\/es\/produit\/biela-bb92-24mm-para-bicicleta\/","name":"Caja de pedalier BB92\/ 24mm - Race Face para eje pasante.","isPartOf":{"@id":"https:\/\/www.lift-mtb.com\/es\/#website"},"primaryImageOfPage":{"@id":"https:\/\/www.lift-mtb.com\/es\/produit\/biela-bb92-24mm-para-bicicleta\/#primaryimage"},"image":{"@id":"https:\/\/www.lift-mtb.com\/es\/produit\/biela-bb92-24mm-para-bicicleta\/#primaryimage"},"thumbnailUrl":"https:\/\/www.lift-mtb.com\/wp-content\/uploads\/2022\/02\/bb24mm.jpg","datePublished":"2022-02-23T16:08:01+00:00","dateModified":"2023-02-17T16:36:53+00:00","description":"BB92\/ 24mm - pedalier El BB92 est\u00e1ndar es un pedalier prensado al cuadro. El di\u00e1metro interior del bastidor es de 41 mm y el di\u00e1metro del eje de 24 mm.","breadcrumb":{"@id":"https:\/\/www.lift-mtb.com\/es\/produit\/biela-bb92-24mm-para-bicicleta\/#breadcrumb"},"inLanguage":"es","potentialAction":[{"@type":"ReadAction","target":["https:\/\/www.lift-mtb.com\/es\/produit\/biela-bb92-24mm-para-bicicleta\/"]}]},{"@type":"ImageObject","inLanguage":"es","@id":"https:\/\/www.lift-mtb.com\/es\/produit\/biela-bb92-24mm-para-bicicleta\/#primaryimage","url":"https:\/\/www.lift-mtb.com\/wp-content\/uploads\/2022\/02\/bb24mm.jpg","contentUrl":"https:\/\/www.lift-mtb.com\/wp-content\/uploads\/2022\/02\/bb24mm.jpg","width":295,"height":171,"caption":"BB92\/ Caja de pedalier de 24mm"},{"@type":"BreadcrumbList","@id":"https:\/\/www.lift-mtb.com\/es\/produit\/biela-bb92-24mm-para-bicicleta\/#breadcrumb","itemListElement":[{"@type":"ListItem","position":1,"name":"Accueil","item":"https:\/\/www.lift-mtb.com\/es\/"},{"@type":"ListItem","position":2,"name":"Tienda","item":"https:\/\/www.lift-mtb.com\/es\/tienda\/"},{"@type":"ListItem","position":3,"name":"Piezas de recambio","item":"https:\/\/www.lift-mtb.com\/es\/categoria-de-productos\/piezas-de-recambio\/"},{"@type":"ListItem","position":4,"name":"Piezas del pedal","item":"https:\/\/www.lift-mtb.com\/es\/categoria-de-productos\/piezas-de-recambio\/piezas-del-pedal\/"},{"@type":"ListItem","position":5,"name":"Caja de pedalier prensada bb92 para eje de 24 mm."}]},{"@type":"WebSite","@id":"https:\/\/www.lift-mtb.com\/es\/#website","url":"https:\/\/www.lift-mtb.com\/es\/","name":"LIFT-MTB","description":"Transformer son v\u00e9lo en \u00e9lectrique rapidement !","publisher":{"@id":"https:\/\/www.lift-mtb.com\/es\/#organization"},"potentialAction":[{"@type":"SearchAction","target":{"@type":"EntryPoint","urlTemplate":"https:\/\/www.lift-mtb.com\/es\/?s={search_term_string}"},"query-input":{"@type":"PropertyValueSpecification","valueRequired":true,"valueName":"search_term_string"}}],"inLanguage":"es"},{"@type":"Organization","@id":"https:\/\/www.lift-mtb.com\/es\/#organization","name":"LIFT-MTB","url":"https:\/\/www.lift-mtb.com\/es\/","logo":{"@type":"ImageObject","inLanguage":"es","@id":"https:\/\/www.lift-mtb.com\/es\/#\/schema\/logo\/image\/","url":"https:\/\/www.lift-mtb.com\/wp-content\/uploads\/2022\/01\/electric-kit-for-bike-1.jpg","contentUrl":"https:\/\/www.lift-mtb.com\/wp-content\/uploads\/2022\/01\/electric-kit-for-bike-1.jpg","width":1223,"height":560,"caption":"LIFT-MTB"},"image":{"@id":"https:\/\/www.lift-mtb.com\/es\/#\/schema\/logo\/image\/"}}]}},"_links":{"self":[{"href":"https:\/\/www.lift-mtb.com\/es\/wp-json\/wp\/v2\/product\/39515","targetHints":{"allow":["GET"]}}],"collection":[{"href":"https:\/\/www.lift-mtb.com\/es\/wp-json\/wp\/v2\/product"}],"about":[{"href":"https:\/\/www.lift-mtb.com\/es\/wp-json\/wp\/v2\/types\/product"}],"replies":[{"embeddable":true,"href":"https:\/\/www.lift-mtb.com\/es\/wp-json\/wp\/v2\/comments?post=39515"}],"wp:featuredmedia":[{"embeddable":true,"href":"https:\/\/www.lift-mtb.com\/es\/wp-json\/wp\/v2\/media\/8130"}],"wp:attachment":[{"href":"https:\/\/www.lift-mtb.com\/es\/wp-json\/wp\/v2\/media?parent=39515"}],"wp:term":[{"taxonomy":"product_brand","embeddable":true,"href":"https:\/\/www.lift-mtb.com\/es\/wp-json\/wp\/v2\/product_brand?post=39515"},{"taxonomy":"product_cat","embeddable":true,"href":"https:\/\/www.lift-mtb.com\/es\/wp-json\/wp\/v2\/product_cat?post=39515"},{"taxonomy":"product_tag","embeddable":true,"href":"https:\/\/www.lift-mtb.com\/es\/wp-json\/wp\/v2\/product_tag?post=39515"}],"curies":[{"name":"wp","href":"https:\/\/api.w.org\/{rel}","templated":true}]}}