{"id":39588,"date":"2022-02-23T12:29:23","date_gmt":"2022-02-23T11:29:23","guid":{"rendered":"https:\/produit\/tornillo-del-eje-del-pedalier-x1-arandela-x1-v3\/"},"modified":"2023-02-23T23:54:21","modified_gmt":"2023-02-23T22:54:21","slug":"tornillo-del-pedal-de-la-bicicleta","status":"publish","type":"product","link":"https:\/\/www.lift-mtb.com\/es\/produit\/tornillo-del-pedal-de-la-bicicleta\/","title":{"rendered":"Tornillo eje pedalier (x1) + arandela (x1) v1 \/ v2 \/ v3"},"content":{"rendered":"<h2>Tornillo del eje del pedalier de la bicicleta<\/h2>\n<p>Los tornillos del eje V3 sujetan las bielas en el eje del pedalier atornill\u00e1ndolas en el eje <a href=\"https:\/fonctionnement-du-kit-moteur-pedalier-lift-mtb\/\">del pedal<\/a>ier.<\/p>\n<p>Por lo tanto, estas peque\u00f1as piezas de conexi\u00f3n son cruciales para el rendimiento y la fiabilidad de su moto.<\/p>\n<p>los tornillos hexagonales son m\u00e1s f\u00e1ciles de apretar y aflojar con una llave Allen de 5 \u00f3 6 mm<\/p>\n<p>Versi\u00f3n plana v3 \u00faltima generaci\u00f3n (foto A) para llave BTR grande, o v1, v2, v3 primera generaci\u00f3n de kit el\u00e9ctrico Mountain bikes (MTB) (foto B) versi\u00f3n c\u00f3nica para llave fina BTR (tenga en cuenta que los 2 modelos de tornillos no son compatibles entre s\u00ed)<\/p>\n<p>Tambi\u00e9n es importante comprobar el par de apriete de los tornillos del eje de pedalier para evitar que se da\u00f1en o se aflojen durante una salida.<\/p>\n<p>Si los tornillos del eje de pedalier no est\u00e1n suficientemente apretados, las bielas pueden desplazarse lateralmente, lo que tambi\u00e9n puede da\u00f1ar las roscas, los rodamientos o el eje.<\/p>\n<p>Se recomienda comprobar <a href=\"https:\/\/www.youtube.com\/watch?v=oa-4d4Uxl5E\">regularmente<\/a> el apriete de los tornillos del eje de pedalier.<\/p>\n<p>En conclusi\u00f3n, si los tornillos de su kit de motor de elevaci\u00f3n mtb V1, V2 o V3 muestran signos de da\u00f1os, como roscas desgastadas o cabezas redondeadas. Es posible sustituirlos por esta versi\u00f3n, tenga en cuenta que los tornillos de la versi\u00f3n 4 (v4) pro y classic ser\u00e1n diferentes (rosca y cavidad m\u00e1s grandes).<\/p>\n","protected":false},"excerpt":{"rendered":"<p><strong>Descripci\u00f3n:<\/strong><\/p>\n<ul>\n<li>Adaptable a la versi\u00f3n &#8220;CLASSIC&#8221; V3.<\/li>\n<li>Se vende por separado.<\/li>\n<li>Disponible en dos versiones, el nuevo modelo plano (foto A) para la llave BTR grande, o Modelo (foto B) versi\u00f3n c\u00f3nica para llave fina BTR (tenga en cuenta que los 2 modelos de tornillos no son compatibles entre s\u00ed)<\/li>\n<\/ul>\n","protected":false},"featured_media":7882,"comment_status":"open","ping_status":"closed","template":"","meta":[],"product_brand":[],"product_cat":[846],"product_tag":[],"class_list":{"0":"post-39588","1":"product","2":"type-product","3":"status-publish","4":"has-post-thumbnail","6":"product_cat-piezas-del-pedal","8":"first","9":"instock","10":"taxable","11":"shipping-taxable","12":"purchasable","13":"product-type-variable"},"yoast_head":"<!-- This site is optimized with the Yoast SEO plugin v26.9 - https:\/\/yoast.com\/product\/yoast-seo-wordpress\/ -->\n<title>Tornillo del eje del pedalier de la bicicleta (x1) + arandela (x1).<\/title>\n<meta name=\"description\" content=\"Tornillo del eje del pedalier de la bicicleta (x1) + arandela (x1). Este tornillo BTR se utiliza para apretar y sujetar la biela en el eje del pedalier de una bicicleta.\" \/>\n<meta name=\"robots\" content=\"index, follow, max-snippet:-1, max-image-preview:large, max-video-preview:-1\" \/>\n<link rel=\"canonical\" href=\"https:\/\/www.lift-mtb.com\/es\/produit\/tornillo-del-pedal-de-la-bicicleta\/\" \/>\n<meta property=\"og:locale\" content=\"es_ES\" \/>\n<meta property=\"og:type\" content=\"article\" \/>\n<meta property=\"og:title\" content=\"Tornillo del eje del pedalier de la bicicleta (x1) + arandela (x1).\" \/>\n<meta property=\"og:description\" content=\"Tornillo del eje del pedalier de la bicicleta (x1) + arandela (x1). Este tornillo BTR se utiliza para apretar y sujetar la biela en el eje del pedalier de una bicicleta.\" \/>\n<meta property=\"og:url\" content=\"https:\/\/www.lift-mtb.com\/es\/produit\/tornillo-del-pedal-de-la-bicicleta\/\" \/>\n<meta property=\"og:site_name\" content=\"LIFT-MTB\" \/>\n<meta property=\"article:modified_time\" content=\"2023-02-23T22:54:21+00:00\" \/>\n<meta property=\"og:image\" content=\"https:\/\/www.lift-mtb.com\/wp-content\/uploads\/2022\/02\/vis-axe-de-pedalier-v3.jpg\" \/>\n\t<meta property=\"og:image:width\" content=\"750\" \/>\n\t<meta property=\"og:image:height\" content=\"750\" \/>\n\t<meta property=\"og:image:type\" content=\"image\/jpeg\" \/>\n<meta name=\"twitter:card\" content=\"summary_large_image\" \/>\n<meta name=\"twitter:label1\" content=\"Tiempo de lectura\" \/>\n\t<meta name=\"twitter:data1\" content=\"1 minuto\" \/>\n<script type=\"application\/ld+json\" class=\"yoast-schema-graph\">{\"@context\":\"https:\/\/schema.org\",\"@graph\":[{\"@type\":\"WebPage\",\"@id\":\"https:\/\/www.lift-mtb.com\/es\/produit\/tornillo-del-pedal-de-la-bicicleta\/\",\"url\":\"https:\/\/www.lift-mtb.com\/es\/produit\/tornillo-del-pedal-de-la-bicicleta\/\",\"name\":\"Tornillo del eje del pedalier de la bicicleta (x1) + arandela (x1).\",\"isPartOf\":{\"@id\":\"https:\/\/www.lift-mtb.com\/es\/#website\"},\"primaryImageOfPage\":{\"@id\":\"https:\/\/www.lift-mtb.com\/es\/produit\/tornillo-del-pedal-de-la-bicicleta\/#primaryimage\"},\"image\":{\"@id\":\"https:\/\/www.lift-mtb.com\/es\/produit\/tornillo-del-pedal-de-la-bicicleta\/#primaryimage\"},\"thumbnailUrl\":\"https:\/\/www.lift-mtb.com\/wp-content\/uploads\/2022\/02\/vis-axe-de-pedalier-v3.jpg\",\"datePublished\":\"2022-02-23T11:29:23+00:00\",\"dateModified\":\"2023-02-23T22:54:21+00:00\",\"description\":\"Tornillo del eje del pedalier de la bicicleta (x1) + arandela (x1). Este tornillo BTR se utiliza para apretar y sujetar la biela en el eje del pedalier de una bicicleta.\",\"breadcrumb\":{\"@id\":\"https:\/\/www.lift-mtb.com\/es\/produit\/tornillo-del-pedal-de-la-bicicleta\/#breadcrumb\"},\"inLanguage\":\"es\",\"potentialAction\":[{\"@type\":\"ReadAction\",\"target\":[\"https:\/\/www.lift-mtb.com\/es\/produit\/tornillo-del-pedal-de-la-bicicleta\/\"]}]},{\"@type\":\"ImageObject\",\"inLanguage\":\"es\",\"@id\":\"https:\/\/www.lift-mtb.com\/es\/produit\/tornillo-del-pedal-de-la-bicicleta\/#primaryimage\",\"url\":\"https:\/\/www.lift-mtb.com\/wp-content\/uploads\/2022\/02\/vis-axe-de-pedalier-v3.jpg\",\"contentUrl\":\"https:\/\/www.lift-mtb.com\/wp-content\/uploads\/2022\/02\/vis-axe-de-pedalier-v3.jpg\",\"width\":750,\"height\":750,\"caption\":\"Vis d'axe de p\u00e9dalier de v\u00e9lo\"},{\"@type\":\"BreadcrumbList\",\"@id\":\"https:\/\/www.lift-mtb.com\/es\/produit\/tornillo-del-pedal-de-la-bicicleta\/#breadcrumb\",\"itemListElement\":[{\"@type\":\"ListItem\",\"position\":1,\"name\":\"Accueil\",\"item\":\"https:\/\/www.lift-mtb.com\/es\/\"},{\"@type\":\"ListItem\",\"position\":2,\"name\":\"Tienda\",\"item\":\"https:\/\/www.lift-mtb.com\/es\/tienda\/\"},{\"@type\":\"ListItem\",\"position\":3,\"name\":\"Piezas de recambio\",\"item\":\"https:\/\/www.lift-mtb.com\/es\/categoria-de-productos\/piezas-de-recambio\/\"},{\"@type\":\"ListItem\",\"position\":4,\"name\":\"Piezas del pedal\",\"item\":\"https:\/\/www.lift-mtb.com\/es\/categoria-de-productos\/piezas-de-recambio\/piezas-del-pedal\/\"},{\"@type\":\"ListItem\",\"position\":5,\"name\":\"Tornillo eje pedalier (x1) + arandela (x1) v1 \/ v2 \/ v3\"}]},{\"@type\":\"WebSite\",\"@id\":\"https:\/\/www.lift-mtb.com\/es\/#website\",\"url\":\"https:\/\/www.lift-mtb.com\/es\/\",\"name\":\"LIFT-MTB\",\"description\":\"Transformer son v\u00e9lo en \u00e9lectrique rapidement !\",\"publisher\":{\"@id\":\"https:\/\/www.lift-mtb.com\/es\/#organization\"},\"potentialAction\":[{\"@type\":\"SearchAction\",\"target\":{\"@type\":\"EntryPoint\",\"urlTemplate\":\"https:\/\/www.lift-mtb.com\/es\/?s={search_term_string}\"},\"query-input\":{\"@type\":\"PropertyValueSpecification\",\"valueRequired\":true,\"valueName\":\"search_term_string\"}}],\"inLanguage\":\"es\"},{\"@type\":\"Organization\",\"@id\":\"https:\/\/www.lift-mtb.com\/es\/#organization\",\"name\":\"LIFT-MTB\",\"url\":\"https:\/\/www.lift-mtb.com\/es\/\",\"logo\":{\"@type\":\"ImageObject\",\"inLanguage\":\"es\",\"@id\":\"https:\/\/www.lift-mtb.com\/es\/#\/schema\/logo\/image\/\",\"url\":\"https:\/\/www.lift-mtb.com\/wp-content\/uploads\/2022\/01\/electric-kit-for-bike-1.jpg\",\"contentUrl\":\"https:\/\/www.lift-mtb.com\/wp-content\/uploads\/2022\/01\/electric-kit-for-bike-1.jpg\",\"width\":1223,\"height\":560,\"caption\":\"LIFT-MTB\"},\"image\":{\"@id\":\"https:\/\/www.lift-mtb.com\/es\/#\/schema\/logo\/image\/\"}}]}<\/script>\n<!-- \/ Yoast SEO plugin. -->","yoast_head_json":{"title":"Tornillo del eje del pedalier de la bicicleta (x1) + arandela (x1).","description":"Tornillo del eje del pedalier de la bicicleta (x1) + arandela (x1). Este tornillo BTR se utiliza para apretar y sujetar la biela en el eje del pedalier de una bicicleta.","robots":{"index":"index","follow":"follow","max-snippet":"max-snippet:-1","max-image-preview":"max-image-preview:large","max-video-preview":"max-video-preview:-1"},"canonical":"https:\/\/www.lift-mtb.com\/es\/produit\/tornillo-del-pedal-de-la-bicicleta\/","og_locale":"es_ES","og_type":"article","og_title":"Tornillo del eje del pedalier de la bicicleta (x1) + arandela (x1).","og_description":"Tornillo del eje del pedalier de la bicicleta (x1) + arandela (x1). Este tornillo BTR se utiliza para apretar y sujetar la biela en el eje del pedalier de una bicicleta.","og_url":"https:\/\/www.lift-mtb.com\/es\/produit\/tornillo-del-pedal-de-la-bicicleta\/","og_site_name":"LIFT-MTB","article_modified_time":"2023-02-23T22:54:21+00:00","og_image":[{"width":750,"height":750,"url":"https:\/\/www.lift-mtb.com\/wp-content\/uploads\/2022\/02\/vis-axe-de-pedalier-v3.jpg","type":"image\/jpeg"}],"twitter_card":"summary_large_image","twitter_misc":{"Tiempo de lectura":"1 minuto"},"schema":{"@context":"https:\/\/schema.org","@graph":[{"@type":"WebPage","@id":"https:\/\/www.lift-mtb.com\/es\/produit\/tornillo-del-pedal-de-la-bicicleta\/","url":"https:\/\/www.lift-mtb.com\/es\/produit\/tornillo-del-pedal-de-la-bicicleta\/","name":"Tornillo del eje del pedalier de la bicicleta (x1) + arandela (x1).","isPartOf":{"@id":"https:\/\/www.lift-mtb.com\/es\/#website"},"primaryImageOfPage":{"@id":"https:\/\/www.lift-mtb.com\/es\/produit\/tornillo-del-pedal-de-la-bicicleta\/#primaryimage"},"image":{"@id":"https:\/\/www.lift-mtb.com\/es\/produit\/tornillo-del-pedal-de-la-bicicleta\/#primaryimage"},"thumbnailUrl":"https:\/\/www.lift-mtb.com\/wp-content\/uploads\/2022\/02\/vis-axe-de-pedalier-v3.jpg","datePublished":"2022-02-23T11:29:23+00:00","dateModified":"2023-02-23T22:54:21+00:00","description":"Tornillo del eje del pedalier de la bicicleta (x1) + arandela (x1). Este tornillo BTR se utiliza para apretar y sujetar la biela en el eje del pedalier de una bicicleta.","breadcrumb":{"@id":"https:\/\/www.lift-mtb.com\/es\/produit\/tornillo-del-pedal-de-la-bicicleta\/#breadcrumb"},"inLanguage":"es","potentialAction":[{"@type":"ReadAction","target":["https:\/\/www.lift-mtb.com\/es\/produit\/tornillo-del-pedal-de-la-bicicleta\/"]}]},{"@type":"ImageObject","inLanguage":"es","@id":"https:\/\/www.lift-mtb.com\/es\/produit\/tornillo-del-pedal-de-la-bicicleta\/#primaryimage","url":"https:\/\/www.lift-mtb.com\/wp-content\/uploads\/2022\/02\/vis-axe-de-pedalier-v3.jpg","contentUrl":"https:\/\/www.lift-mtb.com\/wp-content\/uploads\/2022\/02\/vis-axe-de-pedalier-v3.jpg","width":750,"height":750,"caption":"Vis d'axe de p\u00e9dalier de v\u00e9lo"},{"@type":"BreadcrumbList","@id":"https:\/\/www.lift-mtb.com\/es\/produit\/tornillo-del-pedal-de-la-bicicleta\/#breadcrumb","itemListElement":[{"@type":"ListItem","position":1,"name":"Accueil","item":"https:\/\/www.lift-mtb.com\/es\/"},{"@type":"ListItem","position":2,"name":"Tienda","item":"https:\/\/www.lift-mtb.com\/es\/tienda\/"},{"@type":"ListItem","position":3,"name":"Piezas de recambio","item":"https:\/\/www.lift-mtb.com\/es\/categoria-de-productos\/piezas-de-recambio\/"},{"@type":"ListItem","position":4,"name":"Piezas del pedal","item":"https:\/\/www.lift-mtb.com\/es\/categoria-de-productos\/piezas-de-recambio\/piezas-del-pedal\/"},{"@type":"ListItem","position":5,"name":"Tornillo eje pedalier (x1) + arandela (x1) v1 \/ v2 \/ v3"}]},{"@type":"WebSite","@id":"https:\/\/www.lift-mtb.com\/es\/#website","url":"https:\/\/www.lift-mtb.com\/es\/","name":"LIFT-MTB","description":"Transformer son v\u00e9lo en \u00e9lectrique rapidement !","publisher":{"@id":"https:\/\/www.lift-mtb.com\/es\/#organization"},"potentialAction":[{"@type":"SearchAction","target":{"@type":"EntryPoint","urlTemplate":"https:\/\/www.lift-mtb.com\/es\/?s={search_term_string}"},"query-input":{"@type":"PropertyValueSpecification","valueRequired":true,"valueName":"search_term_string"}}],"inLanguage":"es"},{"@type":"Organization","@id":"https:\/\/www.lift-mtb.com\/es\/#organization","name":"LIFT-MTB","url":"https:\/\/www.lift-mtb.com\/es\/","logo":{"@type":"ImageObject","inLanguage":"es","@id":"https:\/\/www.lift-mtb.com\/es\/#\/schema\/logo\/image\/","url":"https:\/\/www.lift-mtb.com\/wp-content\/uploads\/2022\/01\/electric-kit-for-bike-1.jpg","contentUrl":"https:\/\/www.lift-mtb.com\/wp-content\/uploads\/2022\/01\/electric-kit-for-bike-1.jpg","width":1223,"height":560,"caption":"LIFT-MTB"},"image":{"@id":"https:\/\/www.lift-mtb.com\/es\/#\/schema\/logo\/image\/"}}]}},"_links":{"self":[{"href":"https:\/\/www.lift-mtb.com\/es\/wp-json\/wp\/v2\/product\/39588","targetHints":{"allow":["GET"]}}],"collection":[{"href":"https:\/\/www.lift-mtb.com\/es\/wp-json\/wp\/v2\/product"}],"about":[{"href":"https:\/\/www.lift-mtb.com\/es\/wp-json\/wp\/v2\/types\/product"}],"replies":[{"embeddable":true,"href":"https:\/\/www.lift-mtb.com\/es\/wp-json\/wp\/v2\/comments?post=39588"}],"wp:featuredmedia":[{"embeddable":true,"href":"https:\/\/www.lift-mtb.com\/es\/wp-json\/wp\/v2\/media\/7882"}],"wp:attachment":[{"href":"https:\/\/www.lift-mtb.com\/es\/wp-json\/wp\/v2\/media?parent=39588"}],"wp:term":[{"taxonomy":"product_brand","embeddable":true,"href":"https:\/\/www.lift-mtb.com\/es\/wp-json\/wp\/v2\/product_brand?post=39588"},{"taxonomy":"product_cat","embeddable":true,"href":"https:\/\/www.lift-mtb.com\/es\/wp-json\/wp\/v2\/product_cat?post=39588"},{"taxonomy":"product_tag","embeddable":true,"href":"https:\/\/www.lift-mtb.com\/es\/wp-json\/wp\/v2\/product_tag?post=39588"}],"curies":[{"name":"wp","href":"https:\/\/api.w.org\/{rel}","templated":true}]}}