{"id":39610,"date":"2022-02-23T14:30:45","date_gmt":"2022-02-23T13:30:45","guid":{"rendered":"https:\/produit\/pedales-separados-para-tandem-electric\/"},"modified":"2025-10-13T12:26:53","modified_gmt":"2025-10-13T10:26:53","slug":"pedaleo-para-el-tandem-clasico-electrico","status":"publish","type":"product","link":"https:\/\/www.lift-mtb.com\/es\/produit\/pedaleo-para-el-tandem-clasico-electrico\/","title":{"rendered":"Pedales separados para TANDEM electric"},"content":{"rendered":"<p>Juego de bielas independiente para <a href=\"https:\/kit-de-conversion-pour-tandem-electrique\/\">t\u00e1ndem<\/a> muscular <a href=\"https:\/\/www.youtube.com\/@LIFTMTBTV\/featured\">LIFT-MTB<\/a> o t\u00e1ndem el\u00e9ctrico incluido:<\/p>\n<ul>\n<li>La rueda libre espec\u00edfica de la gama PRO, que ofrece 72 puntos de enganche para un relanzamiento m\u00e1s preciso y una mayor resistencia para soportar la potencia de los 2 ciclistas.<\/li>\n<li>Adaptadores del di\u00e1metro del eje del pedalier (22\/24mm \/ 24mm \/ DUB y 30mm).<\/li>\n<li>Manivelas versi\u00f3n V4 de nuestra gama CLASSIC en aluminio, con abrazadera sin herramientas para el desmontaje, rosca del pedal con inserto de acero.<\/li>\n<\/ul>\n<p>&nbsp;<\/p>\n<p><strong>Dos <\/strong><b>opciones<\/b><b>para el Pedalero Separado para TANDEM el\u00e9ctrico:<br \/>\n<\/b><\/p>\n<p>1) Estrella de bandeja en ambos lados fijos (lado derecho e izquierdo fijos)<\/p>\n<p>2) Rueda de estrella fija a la izquierda y rueda libre a la derecha.<\/p>\n<p>&nbsp;<\/p>\n<ul>\n<li>Se entrega sin bandejas, cons\u00faltenos para determinar la elecci\u00f3n de las bandejas.<\/li>\n<\/ul>\n","protected":false},"excerpt":{"rendered":"<p><strong>Descripci\u00f3n:<\/strong><\/p>\n<p>Incluye un pedal disociado espec\u00edfico para t\u00e1ndem muscular o LIFT-MTB el\u00e9ctrico<\/p>\n<p>Se entrega sin bandejas, cons\u00faltenos para determinar la elecci\u00f3n de las bandejas.<\/p>\n","protected":false},"featured_media":7939,"comment_status":"open","ping_status":"closed","template":"","meta":[],"product_brand":[],"product_cat":[846],"product_tag":[],"class_list":{"0":"post-39610","1":"product","2":"type-product","3":"status-publish","4":"has-post-thumbnail","6":"product_cat-piezas-del-pedal","8":"first","9":"instock","10":"taxable","11":"shipping-taxable","12":"purchasable","13":"product-type-variable"},"yoast_head":"<!-- This site is optimized with the Yoast SEO plugin v26.9 - https:\/\/yoast.com\/product\/yoast-seo-wordpress\/ -->\n<title>Platos y bielas separados para el t\u00e1ndem - Platos y bielas independientes para el t\u00e1ndem.<\/title>\n<meta name=\"description\" content=\"Platos y bielas disociados para t\u00e1ndem cl\u00e1sico o el\u00e9ctrico - permite disociar el plato delantero del trasero para una transmisi\u00f3n recta...\" \/>\n<meta name=\"robots\" content=\"index, follow, max-snippet:-1, max-image-preview:large, max-video-preview:-1\" \/>\n<link rel=\"canonical\" href=\"https:\/\/www.lift-mtb.com\/es\/produit\/pedaleo-para-el-tandem-clasico-electrico\/\" \/>\n<meta property=\"og:locale\" content=\"es_ES\" \/>\n<meta property=\"og:type\" content=\"article\" \/>\n<meta property=\"og:title\" content=\"Platos y bielas separados para el t\u00e1ndem - Platos y bielas independientes para el t\u00e1ndem.\" \/>\n<meta property=\"og:description\" content=\"Platos y bielas disociados para t\u00e1ndem cl\u00e1sico o el\u00e9ctrico - permite disociar el plato delantero del trasero para una transmisi\u00f3n recta...\" \/>\n<meta property=\"og:url\" content=\"https:\/\/www.lift-mtb.com\/es\/produit\/pedaleo-para-el-tandem-clasico-electrico\/\" \/>\n<meta property=\"og:site_name\" content=\"LIFT-MTB\" \/>\n<meta property=\"article:modified_time\" content=\"2025-10-13T10:26:53+00:00\" \/>\n<meta property=\"og:image\" content=\"https:\/\/www.lift-mtb.com\/wp-content\/uploads\/2022\/02\/crank-for-tandem-3.jpg\" \/>\n\t<meta property=\"og:image:width\" content=\"6016\" \/>\n\t<meta property=\"og:image:height\" content=\"4016\" \/>\n\t<meta property=\"og:image:type\" content=\"image\/jpeg\" \/>\n<meta name=\"twitter:card\" content=\"summary_large_image\" \/>\n<meta name=\"twitter:label1\" content=\"Tiempo de lectura\" \/>\n\t<meta name=\"twitter:data1\" content=\"1 minuto\" \/>\n<script type=\"application\/ld+json\" class=\"yoast-schema-graph\">{\"@context\":\"https:\/\/schema.org\",\"@graph\":[{\"@type\":\"WebPage\",\"@id\":\"https:\/\/www.lift-mtb.com\/es\/produit\/pedaleo-para-el-tandem-clasico-electrico\/\",\"url\":\"https:\/\/www.lift-mtb.com\/es\/produit\/pedaleo-para-el-tandem-clasico-electrico\/\",\"name\":\"Platos y bielas separados para el t\u00e1ndem - Platos y bielas independientes para el t\u00e1ndem.\",\"isPartOf\":{\"@id\":\"https:\/\/www.lift-mtb.com\/es\/#website\"},\"primaryImageOfPage\":{\"@id\":\"https:\/\/www.lift-mtb.com\/es\/produit\/pedaleo-para-el-tandem-clasico-electrico\/#primaryimage\"},\"image\":{\"@id\":\"https:\/\/www.lift-mtb.com\/es\/produit\/pedaleo-para-el-tandem-clasico-electrico\/#primaryimage\"},\"thumbnailUrl\":\"https:\/\/www.lift-mtb.com\/wp-content\/uploads\/2022\/02\/crank-for-tandem-3.jpg\",\"datePublished\":\"2022-02-23T13:30:45+00:00\",\"dateModified\":\"2025-10-13T10:26:53+00:00\",\"description\":\"Platos y bielas disociados para t\u00e1ndem cl\u00e1sico o el\u00e9ctrico - permite disociar el plato delantero del trasero para una transmisi\u00f3n recta...\",\"breadcrumb\":{\"@id\":\"https:\/\/www.lift-mtb.com\/es\/produit\/pedaleo-para-el-tandem-clasico-electrico\/#breadcrumb\"},\"inLanguage\":\"es\",\"potentialAction\":[{\"@type\":\"ReadAction\",\"target\":[\"https:\/\/www.lift-mtb.com\/es\/produit\/pedaleo-para-el-tandem-clasico-electrico\/\"]}]},{\"@type\":\"ImageObject\",\"inLanguage\":\"es\",\"@id\":\"https:\/\/www.lift-mtb.com\/es\/produit\/pedaleo-para-el-tandem-clasico-electrico\/#primaryimage\",\"url\":\"https:\/\/www.lift-mtb.com\/wp-content\/uploads\/2022\/02\/crank-for-tandem-3.jpg\",\"contentUrl\":\"https:\/\/www.lift-mtb.com\/wp-content\/uploads\/2022\/02\/crank-for-tandem-3.jpg\",\"width\":6016,\"height\":4016,\"caption\":\"Pedales separados para el t\u00e1ndem\"},{\"@type\":\"BreadcrumbList\",\"@id\":\"https:\/\/www.lift-mtb.com\/es\/produit\/pedaleo-para-el-tandem-clasico-electrico\/#breadcrumb\",\"itemListElement\":[{\"@type\":\"ListItem\",\"position\":1,\"name\":\"Accueil\",\"item\":\"https:\/\/www.lift-mtb.com\/es\/\"},{\"@type\":\"ListItem\",\"position\":2,\"name\":\"Tienda\",\"item\":\"https:\/\/www.lift-mtb.com\/es\/tienda\/\"},{\"@type\":\"ListItem\",\"position\":3,\"name\":\"Piezas de recambio\",\"item\":\"https:\/\/www.lift-mtb.com\/es\/categoria-de-productos\/piezas-de-recambio\/\"},{\"@type\":\"ListItem\",\"position\":4,\"name\":\"Piezas del pedal\",\"item\":\"https:\/\/www.lift-mtb.com\/es\/categoria-de-productos\/piezas-de-recambio\/piezas-del-pedal\/\"},{\"@type\":\"ListItem\",\"position\":5,\"name\":\"Pedales separados para TANDEM electric\"}]},{\"@type\":\"WebSite\",\"@id\":\"https:\/\/www.lift-mtb.com\/es\/#website\",\"url\":\"https:\/\/www.lift-mtb.com\/es\/\",\"name\":\"LIFT-MTB\",\"description\":\"Transformer son v\u00e9lo en \u00e9lectrique rapidement !\",\"publisher\":{\"@id\":\"https:\/\/www.lift-mtb.com\/es\/#organization\"},\"potentialAction\":[{\"@type\":\"SearchAction\",\"target\":{\"@type\":\"EntryPoint\",\"urlTemplate\":\"https:\/\/www.lift-mtb.com\/es\/?s={search_term_string}\"},\"query-input\":{\"@type\":\"PropertyValueSpecification\",\"valueRequired\":true,\"valueName\":\"search_term_string\"}}],\"inLanguage\":\"es\"},{\"@type\":\"Organization\",\"@id\":\"https:\/\/www.lift-mtb.com\/es\/#organization\",\"name\":\"LIFT-MTB\",\"url\":\"https:\/\/www.lift-mtb.com\/es\/\",\"logo\":{\"@type\":\"ImageObject\",\"inLanguage\":\"es\",\"@id\":\"https:\/\/www.lift-mtb.com\/es\/#\/schema\/logo\/image\/\",\"url\":\"https:\/\/www.lift-mtb.com\/wp-content\/uploads\/2022\/01\/electric-kit-for-bike-1.jpg\",\"contentUrl\":\"https:\/\/www.lift-mtb.com\/wp-content\/uploads\/2022\/01\/electric-kit-for-bike-1.jpg\",\"width\":1223,\"height\":560,\"caption\":\"LIFT-MTB\"},\"image\":{\"@id\":\"https:\/\/www.lift-mtb.com\/es\/#\/schema\/logo\/image\/\"}}]}<\/script>\n<!-- \/ Yoast SEO plugin. -->","yoast_head_json":{"title":"Platos y bielas separados para el t\u00e1ndem - Platos y bielas independientes para el t\u00e1ndem.","description":"Platos y bielas disociados para t\u00e1ndem cl\u00e1sico o el\u00e9ctrico - permite disociar el plato delantero del trasero para una transmisi\u00f3n recta...","robots":{"index":"index","follow":"follow","max-snippet":"max-snippet:-1","max-image-preview":"max-image-preview:large","max-video-preview":"max-video-preview:-1"},"canonical":"https:\/\/www.lift-mtb.com\/es\/produit\/pedaleo-para-el-tandem-clasico-electrico\/","og_locale":"es_ES","og_type":"article","og_title":"Platos y bielas separados para el t\u00e1ndem - Platos y bielas independientes para el t\u00e1ndem.","og_description":"Platos y bielas disociados para t\u00e1ndem cl\u00e1sico o el\u00e9ctrico - permite disociar el plato delantero del trasero para una transmisi\u00f3n recta...","og_url":"https:\/\/www.lift-mtb.com\/es\/produit\/pedaleo-para-el-tandem-clasico-electrico\/","og_site_name":"LIFT-MTB","article_modified_time":"2025-10-13T10:26:53+00:00","og_image":[{"width":6016,"height":4016,"url":"https:\/\/www.lift-mtb.com\/wp-content\/uploads\/2022\/02\/crank-for-tandem-3.jpg","type":"image\/jpeg"}],"twitter_card":"summary_large_image","twitter_misc":{"Tiempo de lectura":"1 minuto"},"schema":{"@context":"https:\/\/schema.org","@graph":[{"@type":"WebPage","@id":"https:\/\/www.lift-mtb.com\/es\/produit\/pedaleo-para-el-tandem-clasico-electrico\/","url":"https:\/\/www.lift-mtb.com\/es\/produit\/pedaleo-para-el-tandem-clasico-electrico\/","name":"Platos y bielas separados para el t\u00e1ndem - Platos y bielas independientes para el t\u00e1ndem.","isPartOf":{"@id":"https:\/\/www.lift-mtb.com\/es\/#website"},"primaryImageOfPage":{"@id":"https:\/\/www.lift-mtb.com\/es\/produit\/pedaleo-para-el-tandem-clasico-electrico\/#primaryimage"},"image":{"@id":"https:\/\/www.lift-mtb.com\/es\/produit\/pedaleo-para-el-tandem-clasico-electrico\/#primaryimage"},"thumbnailUrl":"https:\/\/www.lift-mtb.com\/wp-content\/uploads\/2022\/02\/crank-for-tandem-3.jpg","datePublished":"2022-02-23T13:30:45+00:00","dateModified":"2025-10-13T10:26:53+00:00","description":"Platos y bielas disociados para t\u00e1ndem cl\u00e1sico o el\u00e9ctrico - permite disociar el plato delantero del trasero para una transmisi\u00f3n recta...","breadcrumb":{"@id":"https:\/\/www.lift-mtb.com\/es\/produit\/pedaleo-para-el-tandem-clasico-electrico\/#breadcrumb"},"inLanguage":"es","potentialAction":[{"@type":"ReadAction","target":["https:\/\/www.lift-mtb.com\/es\/produit\/pedaleo-para-el-tandem-clasico-electrico\/"]}]},{"@type":"ImageObject","inLanguage":"es","@id":"https:\/\/www.lift-mtb.com\/es\/produit\/pedaleo-para-el-tandem-clasico-electrico\/#primaryimage","url":"https:\/\/www.lift-mtb.com\/wp-content\/uploads\/2022\/02\/crank-for-tandem-3.jpg","contentUrl":"https:\/\/www.lift-mtb.com\/wp-content\/uploads\/2022\/02\/crank-for-tandem-3.jpg","width":6016,"height":4016,"caption":"Pedales separados para el t\u00e1ndem"},{"@type":"BreadcrumbList","@id":"https:\/\/www.lift-mtb.com\/es\/produit\/pedaleo-para-el-tandem-clasico-electrico\/#breadcrumb","itemListElement":[{"@type":"ListItem","position":1,"name":"Accueil","item":"https:\/\/www.lift-mtb.com\/es\/"},{"@type":"ListItem","position":2,"name":"Tienda","item":"https:\/\/www.lift-mtb.com\/es\/tienda\/"},{"@type":"ListItem","position":3,"name":"Piezas de recambio","item":"https:\/\/www.lift-mtb.com\/es\/categoria-de-productos\/piezas-de-recambio\/"},{"@type":"ListItem","position":4,"name":"Piezas del pedal","item":"https:\/\/www.lift-mtb.com\/es\/categoria-de-productos\/piezas-de-recambio\/piezas-del-pedal\/"},{"@type":"ListItem","position":5,"name":"Pedales separados para TANDEM electric"}]},{"@type":"WebSite","@id":"https:\/\/www.lift-mtb.com\/es\/#website","url":"https:\/\/www.lift-mtb.com\/es\/","name":"LIFT-MTB","description":"Transformer son v\u00e9lo en \u00e9lectrique rapidement !","publisher":{"@id":"https:\/\/www.lift-mtb.com\/es\/#organization"},"potentialAction":[{"@type":"SearchAction","target":{"@type":"EntryPoint","urlTemplate":"https:\/\/www.lift-mtb.com\/es\/?s={search_term_string}"},"query-input":{"@type":"PropertyValueSpecification","valueRequired":true,"valueName":"search_term_string"}}],"inLanguage":"es"},{"@type":"Organization","@id":"https:\/\/www.lift-mtb.com\/es\/#organization","name":"LIFT-MTB","url":"https:\/\/www.lift-mtb.com\/es\/","logo":{"@type":"ImageObject","inLanguage":"es","@id":"https:\/\/www.lift-mtb.com\/es\/#\/schema\/logo\/image\/","url":"https:\/\/www.lift-mtb.com\/wp-content\/uploads\/2022\/01\/electric-kit-for-bike-1.jpg","contentUrl":"https:\/\/www.lift-mtb.com\/wp-content\/uploads\/2022\/01\/electric-kit-for-bike-1.jpg","width":1223,"height":560,"caption":"LIFT-MTB"},"image":{"@id":"https:\/\/www.lift-mtb.com\/es\/#\/schema\/logo\/image\/"}}]}},"_links":{"self":[{"href":"https:\/\/www.lift-mtb.com\/es\/wp-json\/wp\/v2\/product\/39610","targetHints":{"allow":["GET"]}}],"collection":[{"href":"https:\/\/www.lift-mtb.com\/es\/wp-json\/wp\/v2\/product"}],"about":[{"href":"https:\/\/www.lift-mtb.com\/es\/wp-json\/wp\/v2\/types\/product"}],"replies":[{"embeddable":true,"href":"https:\/\/www.lift-mtb.com\/es\/wp-json\/wp\/v2\/comments?post=39610"}],"wp:featuredmedia":[{"embeddable":true,"href":"https:\/\/www.lift-mtb.com\/es\/wp-json\/wp\/v2\/media\/7939"}],"wp:attachment":[{"href":"https:\/\/www.lift-mtb.com\/es\/wp-json\/wp\/v2\/media?parent=39610"}],"wp:term":[{"taxonomy":"product_brand","embeddable":true,"href":"https:\/\/www.lift-mtb.com\/es\/wp-json\/wp\/v2\/product_brand?post=39610"},{"taxonomy":"product_cat","embeddable":true,"href":"https:\/\/www.lift-mtb.com\/es\/wp-json\/wp\/v2\/product_cat?post=39610"},{"taxonomy":"product_tag","embeddable":true,"href":"https:\/\/www.lift-mtb.com\/es\/wp-json\/wp\/v2\/product_tag?post=39610"}],"curies":[{"name":"wp","href":"https:\/\/api.w.org\/{rel}","templated":true}]}}