{"id":39654,"date":"2022-02-23T15:47:55","date_gmt":"2022-02-23T14:47:55","guid":{"rendered":"https:\/produit\/tornillo-de-placa-larga-especifico\/"},"modified":"2023-02-23T23:54:15","modified_gmt":"2023-02-23T22:54:15","slug":"tornillo-placa-larga-especificamente","status":"publish","type":"product","link":"https:\/\/www.lift-mtb.com\/es\/produit\/tornillo-placa-larga-especificamente\/","title":{"rendered":"Tornillo de placa larga espec\u00edfico"},"content":{"rendered":"<p>Tornillo de plato largo espec\u00edfico para kit motor bielas el\u00e9ctricas<a href=\"https:\/\/www.youtube.com\/@LIFTMTBTV\"> LIFT MTB<\/a>.<\/p>\n<p> <a href=\"https:\/fabrication-made-in-france-moteur-electrique-pour-velo\/\"> Fabricado en<\/a> aluminio 7075 T6 mecanizado por CNC de alta resistencia.<\/p>\n","protected":false},"excerpt":{"rendered":"<p><strong>Descripci\u00f3n:<\/strong><\/p>\n<ul>\n<li>Hombre + mujer<\/li>\n<li>4 unidades<\/li>\n<li>Longitud total: 11 mm hembra \/ 14,5 mm macho<\/li>\n<\/ul>\n","protected":false},"featured_media":8002,"comment_status":"open","ping_status":"closed","template":"","meta":[],"product_brand":[],"product_cat":[846],"product_tag":[],"class_list":{"0":"post-39654","1":"product","2":"type-product","3":"status-publish","4":"has-post-thumbnail","6":"product_cat-piezas-del-pedal","8":"first","9":"instock","10":"taxable","11":"shipping-taxable","12":"purchasable","13":"product-type-simple"},"yoast_head":"<!-- This site is optimized with the Yoast SEO plugin v26.9 - https:\/\/yoast.com\/product\/yoast-seo-wordpress\/ -->\n<title>Tornillo de plato largo espec\u00edfico para kit motor plato el\u00e9ctrico<\/title>\n<meta name=\"description\" content=\"Tornillos de plato largos espec\u00edficos para kit de motor de plato de bicicleta el\u00e9ctrica - Fabricados en aluminio 7075 T6 mecanizado por CNC de alta resistencia.\" \/>\n<meta name=\"robots\" content=\"index, follow, max-snippet:-1, max-image-preview:large, max-video-preview:-1\" \/>\n<link rel=\"canonical\" href=\"https:\/\/www.lift-mtb.com\/es\/produit\/tornillo-placa-larga-especificamente\/\" \/>\n<meta property=\"og:locale\" content=\"es_ES\" \/>\n<meta property=\"og:type\" content=\"article\" \/>\n<meta property=\"og:title\" content=\"Tornillo de plato largo espec\u00edfico para kit motor plato el\u00e9ctrico\" \/>\n<meta property=\"og:description\" content=\"Tornillos de plato largos espec\u00edficos para kit de motor de plato de bicicleta el\u00e9ctrica - Fabricados en aluminio 7075 T6 mecanizado por CNC de alta resistencia.\" \/>\n<meta property=\"og:url\" content=\"https:\/\/www.lift-mtb.com\/es\/produit\/tornillo-placa-larga-especificamente\/\" \/>\n<meta property=\"og:site_name\" content=\"LIFT-MTB\" \/>\n<meta property=\"article:modified_time\" content=\"2023-02-23T22:54:15+00:00\" \/>\n<meta property=\"og:image\" content=\"https:\/\/www.lift-mtb.com\/wp-content\/uploads\/2022\/02\/vis-de-plateau.jpg\" \/>\n\t<meta property=\"og:image:width\" content=\"399\" \/>\n\t<meta property=\"og:image:height\" content=\"255\" \/>\n\t<meta property=\"og:image:type\" content=\"image\/jpeg\" \/>\n<meta name=\"twitter:card\" content=\"summary_large_image\" \/>\n<script type=\"application\/ld+json\" class=\"yoast-schema-graph\">{\"@context\":\"https:\/\/schema.org\",\"@graph\":[{\"@type\":\"WebPage\",\"@id\":\"https:\/\/www.lift-mtb.com\/es\/produit\/tornillo-placa-larga-especificamente\/\",\"url\":\"https:\/\/www.lift-mtb.com\/es\/produit\/tornillo-placa-larga-especificamente\/\",\"name\":\"Tornillo de plato largo espec\u00edfico para kit motor plato el\u00e9ctrico\",\"isPartOf\":{\"@id\":\"https:\/\/www.lift-mtb.com\/es\/#website\"},\"primaryImageOfPage\":{\"@id\":\"https:\/\/www.lift-mtb.com\/es\/produit\/tornillo-placa-larga-especificamente\/#primaryimage\"},\"image\":{\"@id\":\"https:\/\/www.lift-mtb.com\/es\/produit\/tornillo-placa-larga-especificamente\/#primaryimage\"},\"thumbnailUrl\":\"https:\/\/www.lift-mtb.com\/wp-content\/uploads\/2022\/02\/vis-de-plateau.jpg\",\"datePublished\":\"2022-02-23T14:47:55+00:00\",\"dateModified\":\"2023-02-23T22:54:15+00:00\",\"description\":\"Tornillos de plato largos espec\u00edficos para kit de motor de plato de bicicleta el\u00e9ctrica - Fabricados en aluminio 7075 T6 mecanizado por CNC de alta resistencia.\",\"breadcrumb\":{\"@id\":\"https:\/\/www.lift-mtb.com\/es\/produit\/tornillo-placa-larga-especificamente\/#breadcrumb\"},\"inLanguage\":\"es\",\"potentialAction\":[{\"@type\":\"ReadAction\",\"target\":[\"https:\/\/www.lift-mtb.com\/es\/produit\/tornillo-placa-larga-especificamente\/\"]}]},{\"@type\":\"ImageObject\",\"inLanguage\":\"es\",\"@id\":\"https:\/\/www.lift-mtb.com\/es\/produit\/tornillo-placa-larga-especificamente\/#primaryimage\",\"url\":\"https:\/\/www.lift-mtb.com\/wp-content\/uploads\/2022\/02\/vis-de-plateau.jpg\",\"contentUrl\":\"https:\/\/www.lift-mtb.com\/wp-content\/uploads\/2022\/02\/vis-de-plateau.jpg\",\"width\":399,\"height\":255,\"caption\":\"tornillo de la bandeja\"},{\"@type\":\"BreadcrumbList\",\"@id\":\"https:\/\/www.lift-mtb.com\/es\/produit\/tornillo-placa-larga-especificamente\/#breadcrumb\",\"itemListElement\":[{\"@type\":\"ListItem\",\"position\":1,\"name\":\"Accueil\",\"item\":\"https:\/\/www.lift-mtb.com\/es\/\"},{\"@type\":\"ListItem\",\"position\":2,\"name\":\"Tienda\",\"item\":\"https:\/\/www.lift-mtb.com\/es\/tienda\/\"},{\"@type\":\"ListItem\",\"position\":3,\"name\":\"Piezas de recambio\",\"item\":\"https:\/\/www.lift-mtb.com\/es\/categoria-de-productos\/piezas-de-recambio\/\"},{\"@type\":\"ListItem\",\"position\":4,\"name\":\"Piezas del pedal\",\"item\":\"https:\/\/www.lift-mtb.com\/es\/categoria-de-productos\/piezas-de-recambio\/piezas-del-pedal\/\"},{\"@type\":\"ListItem\",\"position\":5,\"name\":\"Tornillo de placa larga espec\u00edfico\"}]},{\"@type\":\"WebSite\",\"@id\":\"https:\/\/www.lift-mtb.com\/es\/#website\",\"url\":\"https:\/\/www.lift-mtb.com\/es\/\",\"name\":\"LIFT-MTB\",\"description\":\"Transformer son v\u00e9lo en \u00e9lectrique rapidement !\",\"publisher\":{\"@id\":\"https:\/\/www.lift-mtb.com\/es\/#organization\"},\"potentialAction\":[{\"@type\":\"SearchAction\",\"target\":{\"@type\":\"EntryPoint\",\"urlTemplate\":\"https:\/\/www.lift-mtb.com\/es\/?s={search_term_string}\"},\"query-input\":{\"@type\":\"PropertyValueSpecification\",\"valueRequired\":true,\"valueName\":\"search_term_string\"}}],\"inLanguage\":\"es\"},{\"@type\":\"Organization\",\"@id\":\"https:\/\/www.lift-mtb.com\/es\/#organization\",\"name\":\"LIFT-MTB\",\"url\":\"https:\/\/www.lift-mtb.com\/es\/\",\"logo\":{\"@type\":\"ImageObject\",\"inLanguage\":\"es\",\"@id\":\"https:\/\/www.lift-mtb.com\/es\/#\/schema\/logo\/image\/\",\"url\":\"https:\/\/www.lift-mtb.com\/wp-content\/uploads\/2022\/01\/electric-kit-for-bike-1.jpg\",\"contentUrl\":\"https:\/\/www.lift-mtb.com\/wp-content\/uploads\/2022\/01\/electric-kit-for-bike-1.jpg\",\"width\":1223,\"height\":560,\"caption\":\"LIFT-MTB\"},\"image\":{\"@id\":\"https:\/\/www.lift-mtb.com\/es\/#\/schema\/logo\/image\/\"}}]}<\/script>\n<!-- \/ Yoast SEO plugin. -->","yoast_head_json":{"title":"Tornillo de plato largo espec\u00edfico para kit motor plato el\u00e9ctrico","description":"Tornillos de plato largos espec\u00edficos para kit de motor de plato de bicicleta el\u00e9ctrica - Fabricados en aluminio 7075 T6 mecanizado por CNC de alta resistencia.","robots":{"index":"index","follow":"follow","max-snippet":"max-snippet:-1","max-image-preview":"max-image-preview:large","max-video-preview":"max-video-preview:-1"},"canonical":"https:\/\/www.lift-mtb.com\/es\/produit\/tornillo-placa-larga-especificamente\/","og_locale":"es_ES","og_type":"article","og_title":"Tornillo de plato largo espec\u00edfico para kit motor plato el\u00e9ctrico","og_description":"Tornillos de plato largos espec\u00edficos para kit de motor de plato de bicicleta el\u00e9ctrica - Fabricados en aluminio 7075 T6 mecanizado por CNC de alta resistencia.","og_url":"https:\/\/www.lift-mtb.com\/es\/produit\/tornillo-placa-larga-especificamente\/","og_site_name":"LIFT-MTB","article_modified_time":"2023-02-23T22:54:15+00:00","og_image":[{"width":399,"height":255,"url":"https:\/\/www.lift-mtb.com\/wp-content\/uploads\/2022\/02\/vis-de-plateau.jpg","type":"image\/jpeg"}],"twitter_card":"summary_large_image","schema":{"@context":"https:\/\/schema.org","@graph":[{"@type":"WebPage","@id":"https:\/\/www.lift-mtb.com\/es\/produit\/tornillo-placa-larga-especificamente\/","url":"https:\/\/www.lift-mtb.com\/es\/produit\/tornillo-placa-larga-especificamente\/","name":"Tornillo de plato largo espec\u00edfico para kit motor plato el\u00e9ctrico","isPartOf":{"@id":"https:\/\/www.lift-mtb.com\/es\/#website"},"primaryImageOfPage":{"@id":"https:\/\/www.lift-mtb.com\/es\/produit\/tornillo-placa-larga-especificamente\/#primaryimage"},"image":{"@id":"https:\/\/www.lift-mtb.com\/es\/produit\/tornillo-placa-larga-especificamente\/#primaryimage"},"thumbnailUrl":"https:\/\/www.lift-mtb.com\/wp-content\/uploads\/2022\/02\/vis-de-plateau.jpg","datePublished":"2022-02-23T14:47:55+00:00","dateModified":"2023-02-23T22:54:15+00:00","description":"Tornillos de plato largos espec\u00edficos para kit de motor de plato de bicicleta el\u00e9ctrica - Fabricados en aluminio 7075 T6 mecanizado por CNC de alta resistencia.","breadcrumb":{"@id":"https:\/\/www.lift-mtb.com\/es\/produit\/tornillo-placa-larga-especificamente\/#breadcrumb"},"inLanguage":"es","potentialAction":[{"@type":"ReadAction","target":["https:\/\/www.lift-mtb.com\/es\/produit\/tornillo-placa-larga-especificamente\/"]}]},{"@type":"ImageObject","inLanguage":"es","@id":"https:\/\/www.lift-mtb.com\/es\/produit\/tornillo-placa-larga-especificamente\/#primaryimage","url":"https:\/\/www.lift-mtb.com\/wp-content\/uploads\/2022\/02\/vis-de-plateau.jpg","contentUrl":"https:\/\/www.lift-mtb.com\/wp-content\/uploads\/2022\/02\/vis-de-plateau.jpg","width":399,"height":255,"caption":"tornillo de la bandeja"},{"@type":"BreadcrumbList","@id":"https:\/\/www.lift-mtb.com\/es\/produit\/tornillo-placa-larga-especificamente\/#breadcrumb","itemListElement":[{"@type":"ListItem","position":1,"name":"Accueil","item":"https:\/\/www.lift-mtb.com\/es\/"},{"@type":"ListItem","position":2,"name":"Tienda","item":"https:\/\/www.lift-mtb.com\/es\/tienda\/"},{"@type":"ListItem","position":3,"name":"Piezas de recambio","item":"https:\/\/www.lift-mtb.com\/es\/categoria-de-productos\/piezas-de-recambio\/"},{"@type":"ListItem","position":4,"name":"Piezas del pedal","item":"https:\/\/www.lift-mtb.com\/es\/categoria-de-productos\/piezas-de-recambio\/piezas-del-pedal\/"},{"@type":"ListItem","position":5,"name":"Tornillo de placa larga espec\u00edfico"}]},{"@type":"WebSite","@id":"https:\/\/www.lift-mtb.com\/es\/#website","url":"https:\/\/www.lift-mtb.com\/es\/","name":"LIFT-MTB","description":"Transformer son v\u00e9lo en \u00e9lectrique rapidement !","publisher":{"@id":"https:\/\/www.lift-mtb.com\/es\/#organization"},"potentialAction":[{"@type":"SearchAction","target":{"@type":"EntryPoint","urlTemplate":"https:\/\/www.lift-mtb.com\/es\/?s={search_term_string}"},"query-input":{"@type":"PropertyValueSpecification","valueRequired":true,"valueName":"search_term_string"}}],"inLanguage":"es"},{"@type":"Organization","@id":"https:\/\/www.lift-mtb.com\/es\/#organization","name":"LIFT-MTB","url":"https:\/\/www.lift-mtb.com\/es\/","logo":{"@type":"ImageObject","inLanguage":"es","@id":"https:\/\/www.lift-mtb.com\/es\/#\/schema\/logo\/image\/","url":"https:\/\/www.lift-mtb.com\/wp-content\/uploads\/2022\/01\/electric-kit-for-bike-1.jpg","contentUrl":"https:\/\/www.lift-mtb.com\/wp-content\/uploads\/2022\/01\/electric-kit-for-bike-1.jpg","width":1223,"height":560,"caption":"LIFT-MTB"},"image":{"@id":"https:\/\/www.lift-mtb.com\/es\/#\/schema\/logo\/image\/"}}]}},"_links":{"self":[{"href":"https:\/\/www.lift-mtb.com\/es\/wp-json\/wp\/v2\/product\/39654","targetHints":{"allow":["GET"]}}],"collection":[{"href":"https:\/\/www.lift-mtb.com\/es\/wp-json\/wp\/v2\/product"}],"about":[{"href":"https:\/\/www.lift-mtb.com\/es\/wp-json\/wp\/v2\/types\/product"}],"replies":[{"embeddable":true,"href":"https:\/\/www.lift-mtb.com\/es\/wp-json\/wp\/v2\/comments?post=39654"}],"wp:featuredmedia":[{"embeddable":true,"href":"https:\/\/www.lift-mtb.com\/es\/wp-json\/wp\/v2\/media\/8002"}],"wp:attachment":[{"href":"https:\/\/www.lift-mtb.com\/es\/wp-json\/wp\/v2\/media?parent=39654"}],"wp:term":[{"taxonomy":"product_brand","embeddable":true,"href":"https:\/\/www.lift-mtb.com\/es\/wp-json\/wp\/v2\/product_brand?post=39654"},{"taxonomy":"product_cat","embeddable":true,"href":"https:\/\/www.lift-mtb.com\/es\/wp-json\/wp\/v2\/product_cat?post=39654"},{"taxonomy":"product_tag","embeddable":true,"href":"https:\/\/www.lift-mtb.com\/es\/wp-json\/wp\/v2\/product_tag?post=39654"}],"curies":[{"name":"wp","href":"https:\/\/api.w.org\/{rel}","templated":true}]}}