{"id":39655,"date":"2022-02-23T12:10:35","date_gmt":"2022-02-23T11:10:35","guid":{"rendered":"https:\/produit\/eje-de-pedalier-classic-v4\/"},"modified":"2023-02-23T23:54:55","modified_gmt":"2023-02-23T22:54:55","slug":"pedal-eje-clasico-v4","status":"publish","type":"product","link":"https:\/\/www.lift-mtb.com\/es\/produit\/pedal-eje-clasico-v4\/","title":{"rendered":"Eje de pedalier CLASSIC V4"},"content":{"rendered":"<p>El eje de pedalier cl\u00e1sico V4 es compatible con la generaci\u00f3n 4 de nuestro motor de bielas <a href=\"https:\/\/www.youtube.com\/@LIFTMTBTV\">LIFT MTB<\/a>.<\/p>\n<p>Un formato est\u00e1ndar especialmente dise\u00f1ado en longitud para todas las bicicletas est\u00e1ndar o el\u00e9ctricas, es compatible con todo tipo de bicicletas y anchos de<a href=\"https:\/comment-reconnaitre-demonter-son-boitier-de-pedalier\/\"> carcasa<\/a> (xc \/ dh \/ enduro) excepto fat bikes y fat bikes el\u00e9ctricas<\/p>\n<p>&nbsp;<\/p>\n<p>Se trata de las bielas cuadradas est\u00e1ndar de 22 mm de gran tama\u00f1o que se utilizan para las bielas de BMX de gama alta, por lo que son realmente irrompibles. (no confundir con el cuadrado est\u00e1ndar de 15 mm de las motos de ciudad)<\/p>\n","protected":false},"excerpt":{"rendered":"<p><strong>Descripci\u00f3n:<\/strong><\/p>\n<ul>\n<li>Adaptable a las versiones &#8220;CLASSIC&#8221; V4.<\/li>\n<li>Se suministra con 4 tipos de anillos de reducci\u00f3n de di\u00e1metro (22\/24, 24, DUB 29, 30)<\/li>\n<li>Se vende con anillo de cu\u00f1a, tornillos y pernos.<\/li>\n<li>La longitud est\u00e1ndar sirve para todo tipo de motos (xc, enduro, dh)<\/li>\n<li>Longitud de fat bike para cuadro con distancia entre ejes de rueda trasera de 190mm o 170mm, ver nuestro art\u00edculo completo <a href=\"https:\/transformer-son-fat-bike-en-electrique\/\">ELECTRIC FAT BIKE<\/a> para determinar la longitud para fat bikes.<\/li>\n<\/ul>\n","protected":false},"featured_media":41645,"comment_status":"open","ping_status":"closed","template":"","meta":[],"product_brand":[],"product_cat":[846],"product_tag":[],"class_list":{"0":"post-39655","1":"product","2":"type-product","3":"status-publish","4":"has-post-thumbnail","6":"product_cat-piezas-del-pedal","8":"first","9":"instock","10":"taxable","11":"shipping-taxable","12":"purchasable","13":"product-type-variable"},"yoast_head":"<!-- This site is optimized with the Yoast SEO plugin v26.9 - https:\/\/yoast.com\/product\/yoast-seo-wordpress\/ -->\n<title>Eje de pedalier versi\u00f3n CLASSIC V4 LIFT MTB<\/title>\n<meta name=\"description\" content=\"Eje de pedalier versi\u00f3n CLASSIC V4 para kit de motor de pedalier LIFT-MTB. Se suministra con adaptador de di\u00e1metro ( 22\/24, 24, DUB, 30 mm)\" \/>\n<meta name=\"robots\" content=\"index, follow, max-snippet:-1, max-image-preview:large, max-video-preview:-1\" \/>\n<link rel=\"canonical\" href=\"https:\/\/www.lift-mtb.com\/es\/produit\/pedal-eje-clasico-v4\/\" \/>\n<meta property=\"og:locale\" content=\"es_ES\" \/>\n<meta property=\"og:type\" content=\"article\" \/>\n<meta property=\"og:title\" content=\"Eje de pedalier versi\u00f3n CLASSIC V4 LIFT MTB\" \/>\n<meta property=\"og:description\" content=\"Eje de pedalier versi\u00f3n CLASSIC V4 para kit de motor de pedalier LIFT-MTB. Se suministra con adaptador de di\u00e1metro ( 22\/24, 24, DUB, 30 mm)\" \/>\n<meta property=\"og:url\" content=\"https:\/\/www.lift-mtb.com\/es\/produit\/pedal-eje-clasico-v4\/\" \/>\n<meta property=\"og:site_name\" content=\"LIFT-MTB\" \/>\n<meta property=\"article:modified_time\" content=\"2023-02-23T22:54:55+00:00\" \/>\n<meta property=\"og:image\" content=\"https:\/\/www.lift-mtb.com\/wp-content\/uploads\/2002\/01\/axle-3-main-size-classic-version-scaled.jpg\" \/>\n\t<meta property=\"og:image:width\" content=\"2560\" \/>\n\t<meta property=\"og:image:height\" content=\"1608\" \/>\n\t<meta property=\"og:image:type\" content=\"image\/jpeg\" \/>\n<meta name=\"twitter:card\" content=\"summary_large_image\" \/>\n<meta name=\"twitter:label1\" content=\"Tiempo de lectura\" \/>\n\t<meta name=\"twitter:data1\" content=\"1 minuto\" \/>\n<script type=\"application\/ld+json\" class=\"yoast-schema-graph\">{\"@context\":\"https:\/\/schema.org\",\"@graph\":[{\"@type\":\"WebPage\",\"@id\":\"https:\/\/www.lift-mtb.com\/es\/produit\/pedal-eje-clasico-v4\/\",\"url\":\"https:\/\/www.lift-mtb.com\/es\/produit\/pedal-eje-clasico-v4\/\",\"name\":\"Eje de pedalier versi\u00f3n CLASSIC V4 LIFT MTB\",\"isPartOf\":{\"@id\":\"https:\/\/www.lift-mtb.com\/es\/#website\"},\"primaryImageOfPage\":{\"@id\":\"https:\/\/www.lift-mtb.com\/es\/produit\/pedal-eje-clasico-v4\/#primaryimage\"},\"image\":{\"@id\":\"https:\/\/www.lift-mtb.com\/es\/produit\/pedal-eje-clasico-v4\/#primaryimage\"},\"thumbnailUrl\":\"https:\/\/www.lift-mtb.com\/wp-content\/uploads\/2002\/01\/axle-3-main-size-classic-version-scaled.jpg\",\"datePublished\":\"2022-02-23T11:10:35+00:00\",\"dateModified\":\"2023-02-23T22:54:55+00:00\",\"description\":\"Eje de pedalier versi\u00f3n CLASSIC V4 para kit de motor de pedalier LIFT-MTB. Se suministra con adaptador de di\u00e1metro ( 22\/24, 24, DUB, 30 mm)\",\"breadcrumb\":{\"@id\":\"https:\/\/www.lift-mtb.com\/es\/produit\/pedal-eje-clasico-v4\/#breadcrumb\"},\"inLanguage\":\"es\",\"potentialAction\":[{\"@type\":\"ReadAction\",\"target\":[\"https:\/\/www.lift-mtb.com\/es\/produit\/pedal-eje-clasico-v4\/\"]}]},{\"@type\":\"ImageObject\",\"inLanguage\":\"es\",\"@id\":\"https:\/\/www.lift-mtb.com\/es\/produit\/pedal-eje-clasico-v4\/#primaryimage\",\"url\":\"https:\/\/www.lift-mtb.com\/wp-content\/uploads\/2002\/01\/axle-3-main-size-classic-version-scaled.jpg\",\"contentUrl\":\"https:\/\/www.lift-mtb.com\/wp-content\/uploads\/2002\/01\/axle-3-main-size-classic-version-scaled.jpg\",\"width\":2560,\"height\":1608,\"caption\":\"axe de fat bike\"},{\"@type\":\"BreadcrumbList\",\"@id\":\"https:\/\/www.lift-mtb.com\/es\/produit\/pedal-eje-clasico-v4\/#breadcrumb\",\"itemListElement\":[{\"@type\":\"ListItem\",\"position\":1,\"name\":\"Accueil\",\"item\":\"https:\/\/www.lift-mtb.com\/es\/\"},{\"@type\":\"ListItem\",\"position\":2,\"name\":\"Tienda\",\"item\":\"https:\/\/www.lift-mtb.com\/es\/tienda\/\"},{\"@type\":\"ListItem\",\"position\":3,\"name\":\"Piezas de recambio\",\"item\":\"https:\/\/www.lift-mtb.com\/es\/categoria-de-productos\/piezas-de-recambio\/\"},{\"@type\":\"ListItem\",\"position\":4,\"name\":\"Piezas del pedal\",\"item\":\"https:\/\/www.lift-mtb.com\/es\/categoria-de-productos\/piezas-de-recambio\/piezas-del-pedal\/\"},{\"@type\":\"ListItem\",\"position\":5,\"name\":\"Eje de pedalier CLASSIC V4\"}]},{\"@type\":\"WebSite\",\"@id\":\"https:\/\/www.lift-mtb.com\/es\/#website\",\"url\":\"https:\/\/www.lift-mtb.com\/es\/\",\"name\":\"LIFT-MTB\",\"description\":\"Transformer son v\u00e9lo en \u00e9lectrique rapidement !\",\"publisher\":{\"@id\":\"https:\/\/www.lift-mtb.com\/es\/#organization\"},\"potentialAction\":[{\"@type\":\"SearchAction\",\"target\":{\"@type\":\"EntryPoint\",\"urlTemplate\":\"https:\/\/www.lift-mtb.com\/es\/?s={search_term_string}\"},\"query-input\":{\"@type\":\"PropertyValueSpecification\",\"valueRequired\":true,\"valueName\":\"search_term_string\"}}],\"inLanguage\":\"es\"},{\"@type\":\"Organization\",\"@id\":\"https:\/\/www.lift-mtb.com\/es\/#organization\",\"name\":\"LIFT-MTB\",\"url\":\"https:\/\/www.lift-mtb.com\/es\/\",\"logo\":{\"@type\":\"ImageObject\",\"inLanguage\":\"es\",\"@id\":\"https:\/\/www.lift-mtb.com\/es\/#\/schema\/logo\/image\/\",\"url\":\"https:\/\/www.lift-mtb.com\/wp-content\/uploads\/2022\/01\/electric-kit-for-bike-1.jpg\",\"contentUrl\":\"https:\/\/www.lift-mtb.com\/wp-content\/uploads\/2022\/01\/electric-kit-for-bike-1.jpg\",\"width\":1223,\"height\":560,\"caption\":\"LIFT-MTB\"},\"image\":{\"@id\":\"https:\/\/www.lift-mtb.com\/es\/#\/schema\/logo\/image\/\"}}]}<\/script>\n<!-- \/ Yoast SEO plugin. -->","yoast_head_json":{"title":"Eje de pedalier versi\u00f3n CLASSIC V4 LIFT MTB","description":"Eje de pedalier versi\u00f3n CLASSIC V4 para kit de motor de pedalier LIFT-MTB. Se suministra con adaptador de di\u00e1metro ( 22\/24, 24, DUB, 30 mm)","robots":{"index":"index","follow":"follow","max-snippet":"max-snippet:-1","max-image-preview":"max-image-preview:large","max-video-preview":"max-video-preview:-1"},"canonical":"https:\/\/www.lift-mtb.com\/es\/produit\/pedal-eje-clasico-v4\/","og_locale":"es_ES","og_type":"article","og_title":"Eje de pedalier versi\u00f3n CLASSIC V4 LIFT MTB","og_description":"Eje de pedalier versi\u00f3n CLASSIC V4 para kit de motor de pedalier LIFT-MTB. Se suministra con adaptador de di\u00e1metro ( 22\/24, 24, DUB, 30 mm)","og_url":"https:\/\/www.lift-mtb.com\/es\/produit\/pedal-eje-clasico-v4\/","og_site_name":"LIFT-MTB","article_modified_time":"2023-02-23T22:54:55+00:00","og_image":[{"width":2560,"height":1608,"url":"https:\/\/www.lift-mtb.com\/wp-content\/uploads\/2002\/01\/axle-3-main-size-classic-version-scaled.jpg","type":"image\/jpeg"}],"twitter_card":"summary_large_image","twitter_misc":{"Tiempo de lectura":"1 minuto"},"schema":{"@context":"https:\/\/schema.org","@graph":[{"@type":"WebPage","@id":"https:\/\/www.lift-mtb.com\/es\/produit\/pedal-eje-clasico-v4\/","url":"https:\/\/www.lift-mtb.com\/es\/produit\/pedal-eje-clasico-v4\/","name":"Eje de pedalier versi\u00f3n CLASSIC V4 LIFT MTB","isPartOf":{"@id":"https:\/\/www.lift-mtb.com\/es\/#website"},"primaryImageOfPage":{"@id":"https:\/\/www.lift-mtb.com\/es\/produit\/pedal-eje-clasico-v4\/#primaryimage"},"image":{"@id":"https:\/\/www.lift-mtb.com\/es\/produit\/pedal-eje-clasico-v4\/#primaryimage"},"thumbnailUrl":"https:\/\/www.lift-mtb.com\/wp-content\/uploads\/2002\/01\/axle-3-main-size-classic-version-scaled.jpg","datePublished":"2022-02-23T11:10:35+00:00","dateModified":"2023-02-23T22:54:55+00:00","description":"Eje de pedalier versi\u00f3n CLASSIC V4 para kit de motor de pedalier LIFT-MTB. Se suministra con adaptador de di\u00e1metro ( 22\/24, 24, DUB, 30 mm)","breadcrumb":{"@id":"https:\/\/www.lift-mtb.com\/es\/produit\/pedal-eje-clasico-v4\/#breadcrumb"},"inLanguage":"es","potentialAction":[{"@type":"ReadAction","target":["https:\/\/www.lift-mtb.com\/es\/produit\/pedal-eje-clasico-v4\/"]}]},{"@type":"ImageObject","inLanguage":"es","@id":"https:\/\/www.lift-mtb.com\/es\/produit\/pedal-eje-clasico-v4\/#primaryimage","url":"https:\/\/www.lift-mtb.com\/wp-content\/uploads\/2002\/01\/axle-3-main-size-classic-version-scaled.jpg","contentUrl":"https:\/\/www.lift-mtb.com\/wp-content\/uploads\/2002\/01\/axle-3-main-size-classic-version-scaled.jpg","width":2560,"height":1608,"caption":"axe de fat bike"},{"@type":"BreadcrumbList","@id":"https:\/\/www.lift-mtb.com\/es\/produit\/pedal-eje-clasico-v4\/#breadcrumb","itemListElement":[{"@type":"ListItem","position":1,"name":"Accueil","item":"https:\/\/www.lift-mtb.com\/es\/"},{"@type":"ListItem","position":2,"name":"Tienda","item":"https:\/\/www.lift-mtb.com\/es\/tienda\/"},{"@type":"ListItem","position":3,"name":"Piezas de recambio","item":"https:\/\/www.lift-mtb.com\/es\/categoria-de-productos\/piezas-de-recambio\/"},{"@type":"ListItem","position":4,"name":"Piezas del pedal","item":"https:\/\/www.lift-mtb.com\/es\/categoria-de-productos\/piezas-de-recambio\/piezas-del-pedal\/"},{"@type":"ListItem","position":5,"name":"Eje de pedalier CLASSIC V4"}]},{"@type":"WebSite","@id":"https:\/\/www.lift-mtb.com\/es\/#website","url":"https:\/\/www.lift-mtb.com\/es\/","name":"LIFT-MTB","description":"Transformer son v\u00e9lo en \u00e9lectrique rapidement !","publisher":{"@id":"https:\/\/www.lift-mtb.com\/es\/#organization"},"potentialAction":[{"@type":"SearchAction","target":{"@type":"EntryPoint","urlTemplate":"https:\/\/www.lift-mtb.com\/es\/?s={search_term_string}"},"query-input":{"@type":"PropertyValueSpecification","valueRequired":true,"valueName":"search_term_string"}}],"inLanguage":"es"},{"@type":"Organization","@id":"https:\/\/www.lift-mtb.com\/es\/#organization","name":"LIFT-MTB","url":"https:\/\/www.lift-mtb.com\/es\/","logo":{"@type":"ImageObject","inLanguage":"es","@id":"https:\/\/www.lift-mtb.com\/es\/#\/schema\/logo\/image\/","url":"https:\/\/www.lift-mtb.com\/wp-content\/uploads\/2022\/01\/electric-kit-for-bike-1.jpg","contentUrl":"https:\/\/www.lift-mtb.com\/wp-content\/uploads\/2022\/01\/electric-kit-for-bike-1.jpg","width":1223,"height":560,"caption":"LIFT-MTB"},"image":{"@id":"https:\/\/www.lift-mtb.com\/es\/#\/schema\/logo\/image\/"}}]}},"_links":{"self":[{"href":"https:\/\/www.lift-mtb.com\/es\/wp-json\/wp\/v2\/product\/39655","targetHints":{"allow":["GET"]}}],"collection":[{"href":"https:\/\/www.lift-mtb.com\/es\/wp-json\/wp\/v2\/product"}],"about":[{"href":"https:\/\/www.lift-mtb.com\/es\/wp-json\/wp\/v2\/types\/product"}],"replies":[{"embeddable":true,"href":"https:\/\/www.lift-mtb.com\/es\/wp-json\/wp\/v2\/comments?post=39655"}],"wp:featuredmedia":[{"embeddable":true,"href":"https:\/\/www.lift-mtb.com\/es\/wp-json\/wp\/v2\/media\/41645"}],"wp:attachment":[{"href":"https:\/\/www.lift-mtb.com\/es\/wp-json\/wp\/v2\/media?parent=39655"}],"wp:term":[{"taxonomy":"product_brand","embeddable":true,"href":"https:\/\/www.lift-mtb.com\/es\/wp-json\/wp\/v2\/product_brand?post=39655"},{"taxonomy":"product_cat","embeddable":true,"href":"https:\/\/www.lift-mtb.com\/es\/wp-json\/wp\/v2\/product_cat?post=39655"},{"taxonomy":"product_tag","embeddable":true,"href":"https:\/\/www.lift-mtb.com\/es\/wp-json\/wp\/v2\/product_tag?post=39655"}],"curies":[{"name":"wp","href":"https:\/\/api.w.org\/{rel}","templated":true}]}}