{"id":39676,"date":"2022-02-23T14:43:32","date_gmt":"2022-02-23T13:43:32","guid":{"rendered":"https:\/produit\/bandeja-secundaria-de-104-mm-de-ancho\/"},"modified":"2023-02-17T17:56:43","modified_gmt":"2023-02-17T16:56:43","slug":"bandeja-secundaria-104mm-estrecha","status":"publish","type":"product","link":"https:\/\/www.lift-mtb.com\/es\/produit\/bandeja-secundaria-104mm-estrecha\/","title":{"rendered":"Narow bandeja secundaria de 104 mm de ancho."},"content":{"rendered":"<h3>Descripci\u00f3n<\/h3>\n<p>Narow bandejas anchas para limitar el descarrilamiento.<\/p>\n<ul>\n<li>Plato de aluminio 7075 T6 104mm, para la transmisi\u00f3n secundaria del kit <a href=\"https:\/\/www.youtube.com\/@LIFTMTBTV\">LIFT MTB<\/a>(para la cadena de la bicicleta a la rueda trasera).<\/li>\n<li>Permite guiar la cadena de la mejor manera posible, sin necesidad de utilizar una <a href=\"https:\/produit\/anti-derailleur-lift-mtb-guide-chaine\/\">gu\u00eda de cadena<\/a>.<\/li>\n<li>Simple, ligero y eficaz.<\/li>\n<\/ul>\n","protected":false},"excerpt":{"rendered":"<p><strong>Descripci\u00f3n:<\/strong><\/p>\n<ul>\n<li>Elecci\u00f3n de 32, 30, 38 dientes. (no es compatible en la bandeja primaria)<\/li>\n<\/ul>\n","protected":false},"featured_media":7970,"comment_status":"open","ping_status":"closed","template":"","meta":[],"product_brand":[],"product_cat":[846],"product_tag":[],"class_list":{"0":"post-39676","1":"product","2":"type-product","3":"status-publish","4":"has-post-thumbnail","6":"product_cat-piezas-del-pedal","8":"first","9":"instock","10":"taxable","11":"shipping-taxable","12":"purchasable","13":"product-type-variable"},"yoast_head":"<!-- This site is optimized with the Yoast SEO plugin v26.9 - https:\/\/yoast.com\/product\/yoast-seo-wordpress\/ -->\n<title>Plato secundario ancho Narow 104mm negro para bicicletas el\u00e9ctricas.<\/title>\n<meta name=\"description\" content=\"Plato secundario ancho Narow 104mm negro para bicicletas el\u00e9ctricas. Elecci\u00f3n de 32, 30, 38 dientes. Permite guiar la cadena de la mejor manera posible.\" \/>\n<meta name=\"robots\" content=\"index, follow, max-snippet:-1, max-image-preview:large, max-video-preview:-1\" \/>\n<link rel=\"canonical\" href=\"https:\/\/www.lift-mtb.com\/es\/produit\/bandeja-secundaria-104mm-estrecha\/\" \/>\n<meta property=\"og:locale\" content=\"es_ES\" \/>\n<meta property=\"og:type\" content=\"article\" \/>\n<meta property=\"og:title\" content=\"Plato secundario ancho Narow 104mm negro para bicicletas el\u00e9ctricas.\" \/>\n<meta property=\"og:description\" content=\"Plato secundario ancho Narow 104mm negro para bicicletas el\u00e9ctricas. Elecci\u00f3n de 32, 30, 38 dientes. Permite guiar la cadena de la mejor manera posible.\" \/>\n<meta property=\"og:url\" content=\"https:\/\/www.lift-mtb.com\/es\/produit\/bandeja-secundaria-104mm-estrecha\/\" \/>\n<meta property=\"og:site_name\" content=\"LIFT-MTB\" \/>\n<meta property=\"article:modified_time\" content=\"2023-02-17T16:56:43+00:00\" \/>\n<meta property=\"og:image\" content=\"https:\/\/www.lift-mtb.com\/wp-content\/uploads\/2022\/02\/plateau-narrow-wide-vtt-electrique-3-scaled.jpg\" \/>\n\t<meta property=\"og:image:width\" content=\"2540\" \/>\n\t<meta property=\"og:image:height\" content=\"3175\" \/>\n\t<meta property=\"og:image:type\" content=\"image\/jpeg\" \/>\n<meta name=\"twitter:card\" content=\"summary_large_image\" \/>\n<script type=\"application\/ld+json\" class=\"yoast-schema-graph\">{\"@context\":\"https:\/\/schema.org\",\"@graph\":[{\"@type\":\"WebPage\",\"@id\":\"https:\/\/www.lift-mtb.com\/es\/produit\/bandeja-secundaria-104mm-estrecha\/\",\"url\":\"https:\/\/www.lift-mtb.com\/es\/produit\/bandeja-secundaria-104mm-estrecha\/\",\"name\":\"Plato secundario ancho Narow 104mm negro para bicicletas el\u00e9ctricas.\",\"isPartOf\":{\"@id\":\"https:\/\/www.lift-mtb.com\/es\/#website\"},\"primaryImageOfPage\":{\"@id\":\"https:\/\/www.lift-mtb.com\/es\/produit\/bandeja-secundaria-104mm-estrecha\/#primaryimage\"},\"image\":{\"@id\":\"https:\/\/www.lift-mtb.com\/es\/produit\/bandeja-secundaria-104mm-estrecha\/#primaryimage\"},\"thumbnailUrl\":\"https:\/\/www.lift-mtb.com\/wp-content\/uploads\/2022\/02\/plateau-narrow-wide-vtt-electrique-3-scaled.jpg\",\"datePublished\":\"2022-02-23T13:43:32+00:00\",\"dateModified\":\"2023-02-17T16:56:43+00:00\",\"description\":\"Plato secundario ancho Narow 104mm negro para bicicletas el\u00e9ctricas. Elecci\u00f3n de 32, 30, 38 dientes. Permite guiar la cadena de la mejor manera posible.\",\"breadcrumb\":{\"@id\":\"https:\/\/www.lift-mtb.com\/es\/produit\/bandeja-secundaria-104mm-estrecha\/#breadcrumb\"},\"inLanguage\":\"es\",\"potentialAction\":[{\"@type\":\"ReadAction\",\"target\":[\"https:\/\/www.lift-mtb.com\/es\/produit\/bandeja-secundaria-104mm-estrecha\/\"]}]},{\"@type\":\"ImageObject\",\"inLanguage\":\"es\",\"@id\":\"https:\/\/www.lift-mtb.com\/es\/produit\/bandeja-secundaria-104mm-estrecha\/#primaryimage\",\"url\":\"https:\/\/www.lift-mtb.com\/wp-content\/uploads\/2022\/02\/plateau-narrow-wide-vtt-electrique-3-scaled.jpg\",\"contentUrl\":\"https:\/\/www.lift-mtb.com\/wp-content\/uploads\/2022\/02\/plateau-narrow-wide-vtt-electrique-3-scaled.jpg\",\"width\":2540,\"height\":3175,\"caption\":\"Bandeja ancha para bicicletas Narow\"},{\"@type\":\"BreadcrumbList\",\"@id\":\"https:\/\/www.lift-mtb.com\/es\/produit\/bandeja-secundaria-104mm-estrecha\/#breadcrumb\",\"itemListElement\":[{\"@type\":\"ListItem\",\"position\":1,\"name\":\"Accueil\",\"item\":\"https:\/\/www.lift-mtb.com\/es\/\"},{\"@type\":\"ListItem\",\"position\":2,\"name\":\"Tienda\",\"item\":\"https:\/\/www.lift-mtb.com\/es\/tienda\/\"},{\"@type\":\"ListItem\",\"position\":3,\"name\":\"Piezas de recambio\",\"item\":\"https:\/\/www.lift-mtb.com\/es\/categoria-de-productos\/piezas-de-recambio\/\"},{\"@type\":\"ListItem\",\"position\":4,\"name\":\"Piezas del pedal\",\"item\":\"https:\/\/www.lift-mtb.com\/es\/categoria-de-productos\/piezas-de-recambio\/piezas-del-pedal\/\"},{\"@type\":\"ListItem\",\"position\":5,\"name\":\"Narow bandeja secundaria de 104 mm de ancho.\"}]},{\"@type\":\"WebSite\",\"@id\":\"https:\/\/www.lift-mtb.com\/es\/#website\",\"url\":\"https:\/\/www.lift-mtb.com\/es\/\",\"name\":\"LIFT-MTB\",\"description\":\"Transformer son v\u00e9lo en \u00e9lectrique rapidement !\",\"publisher\":{\"@id\":\"https:\/\/www.lift-mtb.com\/es\/#organization\"},\"potentialAction\":[{\"@type\":\"SearchAction\",\"target\":{\"@type\":\"EntryPoint\",\"urlTemplate\":\"https:\/\/www.lift-mtb.com\/es\/?s={search_term_string}\"},\"query-input\":{\"@type\":\"PropertyValueSpecification\",\"valueRequired\":true,\"valueName\":\"search_term_string\"}}],\"inLanguage\":\"es\"},{\"@type\":\"Organization\",\"@id\":\"https:\/\/www.lift-mtb.com\/es\/#organization\",\"name\":\"LIFT-MTB\",\"url\":\"https:\/\/www.lift-mtb.com\/es\/\",\"logo\":{\"@type\":\"ImageObject\",\"inLanguage\":\"es\",\"@id\":\"https:\/\/www.lift-mtb.com\/es\/#\/schema\/logo\/image\/\",\"url\":\"https:\/\/www.lift-mtb.com\/wp-content\/uploads\/2022\/01\/electric-kit-for-bike-1.jpg\",\"contentUrl\":\"https:\/\/www.lift-mtb.com\/wp-content\/uploads\/2022\/01\/electric-kit-for-bike-1.jpg\",\"width\":1223,\"height\":560,\"caption\":\"LIFT-MTB\"},\"image\":{\"@id\":\"https:\/\/www.lift-mtb.com\/es\/#\/schema\/logo\/image\/\"}}]}<\/script>\n<!-- \/ Yoast SEO plugin. -->","yoast_head_json":{"title":"Plato secundario ancho Narow 104mm negro para bicicletas el\u00e9ctricas.","description":"Plato secundario ancho Narow 104mm negro para bicicletas el\u00e9ctricas. Elecci\u00f3n de 32, 30, 38 dientes. Permite guiar la cadena de la mejor manera posible.","robots":{"index":"index","follow":"follow","max-snippet":"max-snippet:-1","max-image-preview":"max-image-preview:large","max-video-preview":"max-video-preview:-1"},"canonical":"https:\/\/www.lift-mtb.com\/es\/produit\/bandeja-secundaria-104mm-estrecha\/","og_locale":"es_ES","og_type":"article","og_title":"Plato secundario ancho Narow 104mm negro para bicicletas el\u00e9ctricas.","og_description":"Plato secundario ancho Narow 104mm negro para bicicletas el\u00e9ctricas. Elecci\u00f3n de 32, 30, 38 dientes. Permite guiar la cadena de la mejor manera posible.","og_url":"https:\/\/www.lift-mtb.com\/es\/produit\/bandeja-secundaria-104mm-estrecha\/","og_site_name":"LIFT-MTB","article_modified_time":"2023-02-17T16:56:43+00:00","og_image":[{"width":2540,"height":3175,"url":"https:\/\/www.lift-mtb.com\/wp-content\/uploads\/2022\/02\/plateau-narrow-wide-vtt-electrique-3-scaled.jpg","type":"image\/jpeg"}],"twitter_card":"summary_large_image","schema":{"@context":"https:\/\/schema.org","@graph":[{"@type":"WebPage","@id":"https:\/\/www.lift-mtb.com\/es\/produit\/bandeja-secundaria-104mm-estrecha\/","url":"https:\/\/www.lift-mtb.com\/es\/produit\/bandeja-secundaria-104mm-estrecha\/","name":"Plato secundario ancho Narow 104mm negro para bicicletas el\u00e9ctricas.","isPartOf":{"@id":"https:\/\/www.lift-mtb.com\/es\/#website"},"primaryImageOfPage":{"@id":"https:\/\/www.lift-mtb.com\/es\/produit\/bandeja-secundaria-104mm-estrecha\/#primaryimage"},"image":{"@id":"https:\/\/www.lift-mtb.com\/es\/produit\/bandeja-secundaria-104mm-estrecha\/#primaryimage"},"thumbnailUrl":"https:\/\/www.lift-mtb.com\/wp-content\/uploads\/2022\/02\/plateau-narrow-wide-vtt-electrique-3-scaled.jpg","datePublished":"2022-02-23T13:43:32+00:00","dateModified":"2023-02-17T16:56:43+00:00","description":"Plato secundario ancho Narow 104mm negro para bicicletas el\u00e9ctricas. Elecci\u00f3n de 32, 30, 38 dientes. Permite guiar la cadena de la mejor manera posible.","breadcrumb":{"@id":"https:\/\/www.lift-mtb.com\/es\/produit\/bandeja-secundaria-104mm-estrecha\/#breadcrumb"},"inLanguage":"es","potentialAction":[{"@type":"ReadAction","target":["https:\/\/www.lift-mtb.com\/es\/produit\/bandeja-secundaria-104mm-estrecha\/"]}]},{"@type":"ImageObject","inLanguage":"es","@id":"https:\/\/www.lift-mtb.com\/es\/produit\/bandeja-secundaria-104mm-estrecha\/#primaryimage","url":"https:\/\/www.lift-mtb.com\/wp-content\/uploads\/2022\/02\/plateau-narrow-wide-vtt-electrique-3-scaled.jpg","contentUrl":"https:\/\/www.lift-mtb.com\/wp-content\/uploads\/2022\/02\/plateau-narrow-wide-vtt-electrique-3-scaled.jpg","width":2540,"height":3175,"caption":"Bandeja ancha para bicicletas Narow"},{"@type":"BreadcrumbList","@id":"https:\/\/www.lift-mtb.com\/es\/produit\/bandeja-secundaria-104mm-estrecha\/#breadcrumb","itemListElement":[{"@type":"ListItem","position":1,"name":"Accueil","item":"https:\/\/www.lift-mtb.com\/es\/"},{"@type":"ListItem","position":2,"name":"Tienda","item":"https:\/\/www.lift-mtb.com\/es\/tienda\/"},{"@type":"ListItem","position":3,"name":"Piezas de recambio","item":"https:\/\/www.lift-mtb.com\/es\/categoria-de-productos\/piezas-de-recambio\/"},{"@type":"ListItem","position":4,"name":"Piezas del pedal","item":"https:\/\/www.lift-mtb.com\/es\/categoria-de-productos\/piezas-de-recambio\/piezas-del-pedal\/"},{"@type":"ListItem","position":5,"name":"Narow bandeja secundaria de 104 mm de ancho."}]},{"@type":"WebSite","@id":"https:\/\/www.lift-mtb.com\/es\/#website","url":"https:\/\/www.lift-mtb.com\/es\/","name":"LIFT-MTB","description":"Transformer son v\u00e9lo en \u00e9lectrique rapidement !","publisher":{"@id":"https:\/\/www.lift-mtb.com\/es\/#organization"},"potentialAction":[{"@type":"SearchAction","target":{"@type":"EntryPoint","urlTemplate":"https:\/\/www.lift-mtb.com\/es\/?s={search_term_string}"},"query-input":{"@type":"PropertyValueSpecification","valueRequired":true,"valueName":"search_term_string"}}],"inLanguage":"es"},{"@type":"Organization","@id":"https:\/\/www.lift-mtb.com\/es\/#organization","name":"LIFT-MTB","url":"https:\/\/www.lift-mtb.com\/es\/","logo":{"@type":"ImageObject","inLanguage":"es","@id":"https:\/\/www.lift-mtb.com\/es\/#\/schema\/logo\/image\/","url":"https:\/\/www.lift-mtb.com\/wp-content\/uploads\/2022\/01\/electric-kit-for-bike-1.jpg","contentUrl":"https:\/\/www.lift-mtb.com\/wp-content\/uploads\/2022\/01\/electric-kit-for-bike-1.jpg","width":1223,"height":560,"caption":"LIFT-MTB"},"image":{"@id":"https:\/\/www.lift-mtb.com\/es\/#\/schema\/logo\/image\/"}}]}},"_links":{"self":[{"href":"https:\/\/www.lift-mtb.com\/es\/wp-json\/wp\/v2\/product\/39676","targetHints":{"allow":["GET"]}}],"collection":[{"href":"https:\/\/www.lift-mtb.com\/es\/wp-json\/wp\/v2\/product"}],"about":[{"href":"https:\/\/www.lift-mtb.com\/es\/wp-json\/wp\/v2\/types\/product"}],"replies":[{"embeddable":true,"href":"https:\/\/www.lift-mtb.com\/es\/wp-json\/wp\/v2\/comments?post=39676"}],"wp:featuredmedia":[{"embeddable":true,"href":"https:\/\/www.lift-mtb.com\/es\/wp-json\/wp\/v2\/media\/7970"}],"wp:attachment":[{"href":"https:\/\/www.lift-mtb.com\/es\/wp-json\/wp\/v2\/media?parent=39676"}],"wp:term":[{"taxonomy":"product_brand","embeddable":true,"href":"https:\/\/www.lift-mtb.com\/es\/wp-json\/wp\/v2\/product_brand?post=39676"},{"taxonomy":"product_cat","embeddable":true,"href":"https:\/\/www.lift-mtb.com\/es\/wp-json\/wp\/v2\/product_cat?post=39676"},{"taxonomy":"product_tag","embeddable":true,"href":"https:\/\/www.lift-mtb.com\/es\/wp-json\/wp\/v2\/product_tag?post=39676"}],"curies":[{"name":"wp","href":"https:\/\/api.w.org\/{rel}","templated":true}]}}