{"id":39753,"date":"2022-02-23T11:17:59","date_gmt":"2022-02-23T10:17:59","guid":{"rendered":"https:\/produit\/soporte-de-rueda-libre-interna-v4\/"},"modified":"2023-04-04T01:27:41","modified_gmt":"2023-04-03T23:27:41","slug":"soporte-de-rueda-interna","status":"publish","type":"product","link":"https:\/\/www.lift-mtb.com\/es\/produit\/soporte-de-rueda-interna\/","title":{"rendered":"Soporte de rueda libre interna V4"},"content":{"rendered":"<p><strong>\u00bfEl soporte de rueda libre interna es compatible con mi motor?  <\/strong><\/p>\n<p>Este adaptador s\u00f3lo est\u00e1 disponible para los kits de conversi\u00f3n el\u00e9ctrica <a href=\"https:\/\/www.youtube.com\/@LIFTMTBTV\">LIFT-MTB<\/a> V4 versi\u00f3n PRO &amp; CLASSIC, a partir de 01\/2022.<\/p>\n<p><strong>Puede encontrar algunos art\u00edculos relacionados con el producto en la p\u00e1gina de preguntas frecuentes del sitio web:<\/strong><\/p>\n<ul>\n<li><a href=\"\/?p=592\">\u00bfC\u00f3mo reconocer y desmontar el eje de las bielas?  <\/a><\/li>\n<li><a href=\"\/?p=186\">\u00bfC\u00f3mo reconocer y desmontar el pedalier?  <\/a><\/li>\n<li><a href=\"\/?p=1189\">Elecci\u00f3n de platos y bielas PRO o CLASSIC<\/a><\/li>\n<\/ul>\n","protected":false},"excerpt":{"rendered":"<p><strong>Descripci\u00f3n:<\/strong><\/p>\n<div id=\"cc-shop-product-desc-text-16359368524\" class=\"description\">\n<ul>\n<li>Adaptable a la versi\u00f3n V4 CLASSIC y PRO.<\/li>\n<li>Aluminio 7075 T6 mecanizado por CNC en Francia<\/li>\n<\/ul>\n<\/div>\n","protected":false},"featured_media":7710,"comment_status":"open","ping_status":"closed","template":"","meta":[],"product_brand":[],"product_cat":[846],"product_tag":[],"class_list":{"0":"post-39753","1":"product","2":"type-product","3":"status-publish","4":"has-post-thumbnail","6":"product_cat-piezas-del-pedal","8":"first","9":"instock","10":"taxable","11":"shipping-taxable","12":"purchasable","13":"product-type-simple"},"yoast_head":"<!-- This site is optimized with the Yoast SEO plugin v26.9 - https:\/\/yoast.com\/product\/yoast-seo-wordpress\/ -->\n<title>Soporte de rueda libre interna del kit de motor de las bielas V4.<\/title>\n<meta name=\"description\" content=\"Soporte de pi\u00f1\u00f3n libre interno espec\u00edfico para el kit de motor de plato y bielas LIFT-MTBV4. Compatible con las versiones PRO y CLASSIC. Encaja dentro de la rueda libre.\" \/>\n<meta name=\"robots\" content=\"index, follow, max-snippet:-1, max-image-preview:large, max-video-preview:-1\" \/>\n<link rel=\"canonical\" href=\"https:\/\/www.lift-mtb.com\/es\/produit\/soporte-de-rueda-interna\/\" \/>\n<meta property=\"og:locale\" content=\"es_ES\" \/>\n<meta property=\"og:type\" content=\"article\" \/>\n<meta property=\"og:title\" content=\"Soporte de rueda libre interna del kit de motor de las bielas V4.\" \/>\n<meta property=\"og:description\" content=\"Soporte de pi\u00f1\u00f3n libre interno espec\u00edfico para el kit de motor de plato y bielas LIFT-MTBV4. Compatible con las versiones PRO y CLASSIC. Encaja dentro de la rueda libre.\" \/>\n<meta property=\"og:url\" content=\"https:\/\/www.lift-mtb.com\/es\/produit\/soporte-de-rueda-interna\/\" \/>\n<meta property=\"og:site_name\" content=\"LIFT-MTB\" \/>\n<meta property=\"article:modified_time\" content=\"2023-04-03T23:27:41+00:00\" \/>\n<meta property=\"og:image\" content=\"https:\/\/www.lift-mtb.com\/wp-content\/uploads\/2022\/02\/support-interieur-de-roue-libre-v4-2-1.jpg\" \/>\n\t<meta property=\"og:image:width\" content=\"3134\" \/>\n\t<meta property=\"og:image:height\" content=\"2092\" \/>\n\t<meta property=\"og:image:type\" content=\"image\/jpeg\" \/>\n<meta name=\"twitter:card\" content=\"summary_large_image\" \/>\n<script type=\"application\/ld+json\" class=\"yoast-schema-graph\">{\"@context\":\"https:\/\/schema.org\",\"@graph\":[{\"@type\":\"WebPage\",\"@id\":\"https:\/\/www.lift-mtb.com\/es\/produit\/soporte-de-rueda-interna\/\",\"url\":\"https:\/\/www.lift-mtb.com\/es\/produit\/soporte-de-rueda-interna\/\",\"name\":\"Soporte de rueda libre interna del kit de motor de las bielas V4.\",\"isPartOf\":{\"@id\":\"https:\/\/www.lift-mtb.com\/es\/#website\"},\"primaryImageOfPage\":{\"@id\":\"https:\/\/www.lift-mtb.com\/es\/produit\/soporte-de-rueda-interna\/#primaryimage\"},\"image\":{\"@id\":\"https:\/\/www.lift-mtb.com\/es\/produit\/soporte-de-rueda-interna\/#primaryimage\"},\"thumbnailUrl\":\"https:\/\/www.lift-mtb.com\/wp-content\/uploads\/2022\/02\/support-interieur-de-roue-libre-v4-2-1.jpg\",\"datePublished\":\"2022-02-23T10:17:59+00:00\",\"dateModified\":\"2023-04-03T23:27:41+00:00\",\"description\":\"Soporte de pi\u00f1\u00f3n libre interno espec\u00edfico para el kit de motor de plato y bielas LIFT-MTBV4. Compatible con las versiones PRO y CLASSIC. Encaja dentro de la rueda libre.\",\"breadcrumb\":{\"@id\":\"https:\/\/www.lift-mtb.com\/es\/produit\/soporte-de-rueda-interna\/#breadcrumb\"},\"inLanguage\":\"es\",\"potentialAction\":[{\"@type\":\"ReadAction\",\"target\":[\"https:\/\/www.lift-mtb.com\/es\/produit\/soporte-de-rueda-interna\/\"]}]},{\"@type\":\"ImageObject\",\"inLanguage\":\"es\",\"@id\":\"https:\/\/www.lift-mtb.com\/es\/produit\/soporte-de-rueda-interna\/#primaryimage\",\"url\":\"https:\/\/www.lift-mtb.com\/wp-content\/uploads\/2022\/02\/support-interieur-de-roue-libre-v4-2-1.jpg\",\"contentUrl\":\"https:\/\/www.lift-mtb.com\/wp-content\/uploads\/2022\/02\/support-interieur-de-roue-libre-v4-2-1.jpg\",\"width\":3134,\"height\":2092,\"caption\":\"soporte interno de la rueda libre\"},{\"@type\":\"BreadcrumbList\",\"@id\":\"https:\/\/www.lift-mtb.com\/es\/produit\/soporte-de-rueda-interna\/#breadcrumb\",\"itemListElement\":[{\"@type\":\"ListItem\",\"position\":1,\"name\":\"Accueil\",\"item\":\"https:\/\/www.lift-mtb.com\/es\/\"},{\"@type\":\"ListItem\",\"position\":2,\"name\":\"Tienda\",\"item\":\"https:\/\/www.lift-mtb.com\/es\/tienda\/\"},{\"@type\":\"ListItem\",\"position\":3,\"name\":\"Piezas de recambio\",\"item\":\"https:\/\/www.lift-mtb.com\/es\/categoria-de-productos\/piezas-de-recambio\/\"},{\"@type\":\"ListItem\",\"position\":4,\"name\":\"Piezas del pedal\",\"item\":\"https:\/\/www.lift-mtb.com\/es\/categoria-de-productos\/piezas-de-recambio\/piezas-del-pedal\/\"},{\"@type\":\"ListItem\",\"position\":5,\"name\":\"Soporte de rueda libre interna V4\"}]},{\"@type\":\"WebSite\",\"@id\":\"https:\/\/www.lift-mtb.com\/es\/#website\",\"url\":\"https:\/\/www.lift-mtb.com\/es\/\",\"name\":\"LIFT-MTB\",\"description\":\"Transformer son v\u00e9lo en \u00e9lectrique rapidement !\",\"publisher\":{\"@id\":\"https:\/\/www.lift-mtb.com\/es\/#organization\"},\"potentialAction\":[{\"@type\":\"SearchAction\",\"target\":{\"@type\":\"EntryPoint\",\"urlTemplate\":\"https:\/\/www.lift-mtb.com\/es\/?s={search_term_string}\"},\"query-input\":{\"@type\":\"PropertyValueSpecification\",\"valueRequired\":true,\"valueName\":\"search_term_string\"}}],\"inLanguage\":\"es\"},{\"@type\":\"Organization\",\"@id\":\"https:\/\/www.lift-mtb.com\/es\/#organization\",\"name\":\"LIFT-MTB\",\"url\":\"https:\/\/www.lift-mtb.com\/es\/\",\"logo\":{\"@type\":\"ImageObject\",\"inLanguage\":\"es\",\"@id\":\"https:\/\/www.lift-mtb.com\/es\/#\/schema\/logo\/image\/\",\"url\":\"https:\/\/www.lift-mtb.com\/wp-content\/uploads\/2022\/01\/electric-kit-for-bike-1.jpg\",\"contentUrl\":\"https:\/\/www.lift-mtb.com\/wp-content\/uploads\/2022\/01\/electric-kit-for-bike-1.jpg\",\"width\":1223,\"height\":560,\"caption\":\"LIFT-MTB\"},\"image\":{\"@id\":\"https:\/\/www.lift-mtb.com\/es\/#\/schema\/logo\/image\/\"}}]}<\/script>\n<!-- \/ Yoast SEO plugin. -->","yoast_head_json":{"title":"Soporte de rueda libre interna del kit de motor de las bielas V4.","description":"Soporte de pi\u00f1\u00f3n libre interno espec\u00edfico para el kit de motor de plato y bielas LIFT-MTBV4. Compatible con las versiones PRO y CLASSIC. Encaja dentro de la rueda libre.","robots":{"index":"index","follow":"follow","max-snippet":"max-snippet:-1","max-image-preview":"max-image-preview:large","max-video-preview":"max-video-preview:-1"},"canonical":"https:\/\/www.lift-mtb.com\/es\/produit\/soporte-de-rueda-interna\/","og_locale":"es_ES","og_type":"article","og_title":"Soporte de rueda libre interna del kit de motor de las bielas V4.","og_description":"Soporte de pi\u00f1\u00f3n libre interno espec\u00edfico para el kit de motor de plato y bielas LIFT-MTBV4. Compatible con las versiones PRO y CLASSIC. Encaja dentro de la rueda libre.","og_url":"https:\/\/www.lift-mtb.com\/es\/produit\/soporte-de-rueda-interna\/","og_site_name":"LIFT-MTB","article_modified_time":"2023-04-03T23:27:41+00:00","og_image":[{"width":3134,"height":2092,"url":"https:\/\/www.lift-mtb.com\/wp-content\/uploads\/2022\/02\/support-interieur-de-roue-libre-v4-2-1.jpg","type":"image\/jpeg"}],"twitter_card":"summary_large_image","schema":{"@context":"https:\/\/schema.org","@graph":[{"@type":"WebPage","@id":"https:\/\/www.lift-mtb.com\/es\/produit\/soporte-de-rueda-interna\/","url":"https:\/\/www.lift-mtb.com\/es\/produit\/soporte-de-rueda-interna\/","name":"Soporte de rueda libre interna del kit de motor de las bielas V4.","isPartOf":{"@id":"https:\/\/www.lift-mtb.com\/es\/#website"},"primaryImageOfPage":{"@id":"https:\/\/www.lift-mtb.com\/es\/produit\/soporte-de-rueda-interna\/#primaryimage"},"image":{"@id":"https:\/\/www.lift-mtb.com\/es\/produit\/soporte-de-rueda-interna\/#primaryimage"},"thumbnailUrl":"https:\/\/www.lift-mtb.com\/wp-content\/uploads\/2022\/02\/support-interieur-de-roue-libre-v4-2-1.jpg","datePublished":"2022-02-23T10:17:59+00:00","dateModified":"2023-04-03T23:27:41+00:00","description":"Soporte de pi\u00f1\u00f3n libre interno espec\u00edfico para el kit de motor de plato y bielas LIFT-MTBV4. Compatible con las versiones PRO y CLASSIC. Encaja dentro de la rueda libre.","breadcrumb":{"@id":"https:\/\/www.lift-mtb.com\/es\/produit\/soporte-de-rueda-interna\/#breadcrumb"},"inLanguage":"es","potentialAction":[{"@type":"ReadAction","target":["https:\/\/www.lift-mtb.com\/es\/produit\/soporte-de-rueda-interna\/"]}]},{"@type":"ImageObject","inLanguage":"es","@id":"https:\/\/www.lift-mtb.com\/es\/produit\/soporte-de-rueda-interna\/#primaryimage","url":"https:\/\/www.lift-mtb.com\/wp-content\/uploads\/2022\/02\/support-interieur-de-roue-libre-v4-2-1.jpg","contentUrl":"https:\/\/www.lift-mtb.com\/wp-content\/uploads\/2022\/02\/support-interieur-de-roue-libre-v4-2-1.jpg","width":3134,"height":2092,"caption":"soporte interno de la rueda libre"},{"@type":"BreadcrumbList","@id":"https:\/\/www.lift-mtb.com\/es\/produit\/soporte-de-rueda-interna\/#breadcrumb","itemListElement":[{"@type":"ListItem","position":1,"name":"Accueil","item":"https:\/\/www.lift-mtb.com\/es\/"},{"@type":"ListItem","position":2,"name":"Tienda","item":"https:\/\/www.lift-mtb.com\/es\/tienda\/"},{"@type":"ListItem","position":3,"name":"Piezas de recambio","item":"https:\/\/www.lift-mtb.com\/es\/categoria-de-productos\/piezas-de-recambio\/"},{"@type":"ListItem","position":4,"name":"Piezas del pedal","item":"https:\/\/www.lift-mtb.com\/es\/categoria-de-productos\/piezas-de-recambio\/piezas-del-pedal\/"},{"@type":"ListItem","position":5,"name":"Soporte de rueda libre interna V4"}]},{"@type":"WebSite","@id":"https:\/\/www.lift-mtb.com\/es\/#website","url":"https:\/\/www.lift-mtb.com\/es\/","name":"LIFT-MTB","description":"Transformer son v\u00e9lo en \u00e9lectrique rapidement !","publisher":{"@id":"https:\/\/www.lift-mtb.com\/es\/#organization"},"potentialAction":[{"@type":"SearchAction","target":{"@type":"EntryPoint","urlTemplate":"https:\/\/www.lift-mtb.com\/es\/?s={search_term_string}"},"query-input":{"@type":"PropertyValueSpecification","valueRequired":true,"valueName":"search_term_string"}}],"inLanguage":"es"},{"@type":"Organization","@id":"https:\/\/www.lift-mtb.com\/es\/#organization","name":"LIFT-MTB","url":"https:\/\/www.lift-mtb.com\/es\/","logo":{"@type":"ImageObject","inLanguage":"es","@id":"https:\/\/www.lift-mtb.com\/es\/#\/schema\/logo\/image\/","url":"https:\/\/www.lift-mtb.com\/wp-content\/uploads\/2022\/01\/electric-kit-for-bike-1.jpg","contentUrl":"https:\/\/www.lift-mtb.com\/wp-content\/uploads\/2022\/01\/electric-kit-for-bike-1.jpg","width":1223,"height":560,"caption":"LIFT-MTB"},"image":{"@id":"https:\/\/www.lift-mtb.com\/es\/#\/schema\/logo\/image\/"}}]}},"_links":{"self":[{"href":"https:\/\/www.lift-mtb.com\/es\/wp-json\/wp\/v2\/product\/39753","targetHints":{"allow":["GET"]}}],"collection":[{"href":"https:\/\/www.lift-mtb.com\/es\/wp-json\/wp\/v2\/product"}],"about":[{"href":"https:\/\/www.lift-mtb.com\/es\/wp-json\/wp\/v2\/types\/product"}],"replies":[{"embeddable":true,"href":"https:\/\/www.lift-mtb.com\/es\/wp-json\/wp\/v2\/comments?post=39753"}],"wp:featuredmedia":[{"embeddable":true,"href":"https:\/\/www.lift-mtb.com\/es\/wp-json\/wp\/v2\/media\/7710"}],"wp:attachment":[{"href":"https:\/\/www.lift-mtb.com\/es\/wp-json\/wp\/v2\/media?parent=39753"}],"wp:term":[{"taxonomy":"product_brand","embeddable":true,"href":"https:\/\/www.lift-mtb.com\/es\/wp-json\/wp\/v2\/product_brand?post=39753"},{"taxonomy":"product_cat","embeddable":true,"href":"https:\/\/www.lift-mtb.com\/es\/wp-json\/wp\/v2\/product_cat?post=39753"},{"taxonomy":"product_tag","embeddable":true,"href":"https:\/\/www.lift-mtb.com\/es\/wp-json\/wp\/v2\/product_tag?post=39753"}],"curies":[{"name":"wp","href":"https:\/\/api.w.org\/{rel}","templated":true}]}}