{"id":39772,"date":"2022-02-23T10:45:45","date_gmt":"2022-02-23T09:45:45","guid":{"rendered":"https:\/produit\/rueda-libre-classic-para-platos-y-bielas-lift-mtb\/"},"modified":"2023-03-24T11:28:35","modified_gmt":"2023-03-24T10:28:35","slug":"free-wheel-classic-v3","status":"publish","type":"product","link":"https:\/\/www.lift-mtb.com\/es\/produit\/free-wheel-classic-v3\/","title":{"rendered":"Rueda libre CLASSIC para platos y bielas LIFT-MTB"},"content":{"rendered":"<p>Descripci\u00f3n de Freewheel CLASSIC V3:<\/p>\n<p><strong>Compatible con la rueda libre CLASSIC ?  <\/strong><\/p>\n<p>La rueda libre CLASSIC es compatible con la versi\u00f3n <a href=\"https:\/\/www.youtube.com\/@LIFTMTBTV\">PRO &amp; CLASSIC<\/a> de V1 a V4.<\/p>\n<p><strong>En la secci\u00f3n de preguntas frecuentes del sitio web encontrar\u00e1 algunos art\u00edculos relacionados con el producto:<\/strong><\/p>\n<ul>\n<li><a href=\"\/?p=1189\">Elecci\u00f3n de platos y bielas PRO o CLASSIC<\/a><\/li>\n<\/ul>\n<p>&nbsp;<\/p>\n","protected":false},"excerpt":{"rendered":"<p><strong>Descripci\u00f3n:<\/strong><\/p>\n<ul>\n<li>Adaptable a las versiones &#8220;CLASSIC&#8221; V1\/V2\/V3\/V4<\/li>\n<li>2 trinquetes<\/li>\n<li>20 puntos de compromiso por ronda.<\/li>\n<li>Requiere la sustituci\u00f3n de la herramienta de extracci\u00f3n de la rueda libre. (a veces requiere el uso de una llave de impacto para el desmontaje)<\/li>\n<\/ul>\n","protected":false},"featured_media":7663,"comment_status":"open","ping_status":"closed","template":"","meta":[],"product_brand":[],"product_cat":[846],"product_tag":[],"class_list":{"0":"post-39772","1":"product","2":"type-product","3":"status-publish","4":"has-post-thumbnail","6":"product_cat-piezas-del-pedal","8":"first","9":"instock","10":"taxable","11":"shipping-taxable","12":"purchasable","13":"product-type-variable"},"yoast_head":"<!-- This site is optimized with the Yoast SEO plugin v26.9 - https:\/\/yoast.com\/product\/yoast-seo-wordpress\/ -->\n<title>Rueda libre CLASSIC V3 para plato especial<\/title>\n<meta name=\"description\" content=\"Rueda libre CLASSIC para kit de motor de bicicleta el\u00e9ctrica versi\u00f3n V3 \/ V4 - Alta gama con 72 puntos de enganche por revoluci\u00f3n.\" \/>\n<meta name=\"robots\" content=\"index, follow, max-snippet:-1, max-image-preview:large, max-video-preview:-1\" \/>\n<link rel=\"canonical\" href=\"https:\/\/www.lift-mtb.com\/es\/produit\/free-wheel-classic-v3\/\" \/>\n<meta property=\"og:locale\" content=\"es_ES\" \/>\n<meta property=\"og:type\" content=\"article\" \/>\n<meta property=\"og:title\" content=\"Rueda libre CLASSIC V3 para plato especial\" \/>\n<meta property=\"og:description\" content=\"Rueda libre CLASSIC para kit de motor de bicicleta el\u00e9ctrica versi\u00f3n V3 \/ V4 - Alta gama con 72 puntos de enganche por revoluci\u00f3n.\" \/>\n<meta property=\"og:url\" content=\"https:\/\/www.lift-mtb.com\/es\/produit\/free-wheel-classic-v3\/\" \/>\n<meta property=\"og:site_name\" content=\"LIFT-MTB\" \/>\n<meta property=\"article:modified_time\" content=\"2023-03-24T10:28:35+00:00\" \/>\n<meta property=\"og:image\" content=\"https:\/\/www.lift-mtb.com\/wp-content\/uploads\/2022\/02\/roue-libre.png\" \/>\n\t<meta property=\"og:image:width\" content=\"300\" \/>\n\t<meta property=\"og:image:height\" content=\"248\" \/>\n\t<meta property=\"og:image:type\" content=\"image\/png\" \/>\n<meta name=\"twitter:card\" content=\"summary_large_image\" \/>\n<script type=\"application\/ld+json\" class=\"yoast-schema-graph\">{\"@context\":\"https:\/\/schema.org\",\"@graph\":[{\"@type\":\"WebPage\",\"@id\":\"https:\/\/www.lift-mtb.com\/es\/produit\/free-wheel-classic-v3\/\",\"url\":\"https:\/\/www.lift-mtb.com\/es\/produit\/free-wheel-classic-v3\/\",\"name\":\"Rueda libre CLASSIC V3 para plato especial\",\"isPartOf\":{\"@id\":\"https:\/\/www.lift-mtb.com\/es\/#website\"},\"primaryImageOfPage\":{\"@id\":\"https:\/\/www.lift-mtb.com\/es\/produit\/free-wheel-classic-v3\/#primaryimage\"},\"image\":{\"@id\":\"https:\/\/www.lift-mtb.com\/es\/produit\/free-wheel-classic-v3\/#primaryimage\"},\"thumbnailUrl\":\"https:\/\/www.lift-mtb.com\/wp-content\/uploads\/2022\/02\/roue-libre.png\",\"datePublished\":\"2022-02-23T09:45:45+00:00\",\"dateModified\":\"2023-03-24T10:28:35+00:00\",\"description\":\"Rueda libre CLASSIC para kit de motor de bicicleta el\u00e9ctrica versi\u00f3n V3 \/ V4 - Alta gama con 72 puntos de enganche por revoluci\u00f3n.\",\"breadcrumb\":{\"@id\":\"https:\/\/www.lift-mtb.com\/es\/produit\/free-wheel-classic-v3\/#breadcrumb\"},\"inLanguage\":\"es\",\"potentialAction\":[{\"@type\":\"ReadAction\",\"target\":[\"https:\/\/www.lift-mtb.com\/es\/produit\/free-wheel-classic-v3\/\"]}]},{\"@type\":\"ImageObject\",\"inLanguage\":\"es\",\"@id\":\"https:\/\/www.lift-mtb.com\/es\/produit\/free-wheel-classic-v3\/#primaryimage\",\"url\":\"https:\/\/www.lift-mtb.com\/wp-content\/uploads\/2022\/02\/roue-libre.png\",\"contentUrl\":\"https:\/\/www.lift-mtb.com\/wp-content\/uploads\/2022\/02\/roue-libre.png\",\"width\":300,\"height\":248,\"caption\":\"Rueda libre CLASSIC V3\"},{\"@type\":\"BreadcrumbList\",\"@id\":\"https:\/\/www.lift-mtb.com\/es\/produit\/free-wheel-classic-v3\/#breadcrumb\",\"itemListElement\":[{\"@type\":\"ListItem\",\"position\":1,\"name\":\"Accueil\",\"item\":\"https:\/\/www.lift-mtb.com\/es\/\"},{\"@type\":\"ListItem\",\"position\":2,\"name\":\"Tienda\",\"item\":\"https:\/\/www.lift-mtb.com\/es\/tienda\/\"},{\"@type\":\"ListItem\",\"position\":3,\"name\":\"Piezas de recambio\",\"item\":\"https:\/\/www.lift-mtb.com\/es\/categoria-de-productos\/piezas-de-recambio\/\"},{\"@type\":\"ListItem\",\"position\":4,\"name\":\"Piezas del pedal\",\"item\":\"https:\/\/www.lift-mtb.com\/es\/categoria-de-productos\/piezas-de-recambio\/piezas-del-pedal\/\"},{\"@type\":\"ListItem\",\"position\":5,\"name\":\"Rueda libre CLASSIC para platos y bielas LIFT-MTB\"}]},{\"@type\":\"WebSite\",\"@id\":\"https:\/\/www.lift-mtb.com\/es\/#website\",\"url\":\"https:\/\/www.lift-mtb.com\/es\/\",\"name\":\"LIFT-MTB\",\"description\":\"Transformer son v\u00e9lo en \u00e9lectrique rapidement !\",\"publisher\":{\"@id\":\"https:\/\/www.lift-mtb.com\/es\/#organization\"},\"potentialAction\":[{\"@type\":\"SearchAction\",\"target\":{\"@type\":\"EntryPoint\",\"urlTemplate\":\"https:\/\/www.lift-mtb.com\/es\/?s={search_term_string}\"},\"query-input\":{\"@type\":\"PropertyValueSpecification\",\"valueRequired\":true,\"valueName\":\"search_term_string\"}}],\"inLanguage\":\"es\"},{\"@type\":\"Organization\",\"@id\":\"https:\/\/www.lift-mtb.com\/es\/#organization\",\"name\":\"LIFT-MTB\",\"url\":\"https:\/\/www.lift-mtb.com\/es\/\",\"logo\":{\"@type\":\"ImageObject\",\"inLanguage\":\"es\",\"@id\":\"https:\/\/www.lift-mtb.com\/es\/#\/schema\/logo\/image\/\",\"url\":\"https:\/\/www.lift-mtb.com\/wp-content\/uploads\/2022\/01\/electric-kit-for-bike-1.jpg\",\"contentUrl\":\"https:\/\/www.lift-mtb.com\/wp-content\/uploads\/2022\/01\/electric-kit-for-bike-1.jpg\",\"width\":1223,\"height\":560,\"caption\":\"LIFT-MTB\"},\"image\":{\"@id\":\"https:\/\/www.lift-mtb.com\/es\/#\/schema\/logo\/image\/\"}}]}<\/script>\n<!-- \/ Yoast SEO plugin. -->","yoast_head_json":{"title":"Rueda libre CLASSIC V3 para plato especial","description":"Rueda libre CLASSIC para kit de motor de bicicleta el\u00e9ctrica versi\u00f3n V3 \/ V4 - Alta gama con 72 puntos de enganche por revoluci\u00f3n.","robots":{"index":"index","follow":"follow","max-snippet":"max-snippet:-1","max-image-preview":"max-image-preview:large","max-video-preview":"max-video-preview:-1"},"canonical":"https:\/\/www.lift-mtb.com\/es\/produit\/free-wheel-classic-v3\/","og_locale":"es_ES","og_type":"article","og_title":"Rueda libre CLASSIC V3 para plato especial","og_description":"Rueda libre CLASSIC para kit de motor de bicicleta el\u00e9ctrica versi\u00f3n V3 \/ V4 - Alta gama con 72 puntos de enganche por revoluci\u00f3n.","og_url":"https:\/\/www.lift-mtb.com\/es\/produit\/free-wheel-classic-v3\/","og_site_name":"LIFT-MTB","article_modified_time":"2023-03-24T10:28:35+00:00","og_image":[{"width":300,"height":248,"url":"https:\/\/www.lift-mtb.com\/wp-content\/uploads\/2022\/02\/roue-libre.png","type":"image\/png"}],"twitter_card":"summary_large_image","schema":{"@context":"https:\/\/schema.org","@graph":[{"@type":"WebPage","@id":"https:\/\/www.lift-mtb.com\/es\/produit\/free-wheel-classic-v3\/","url":"https:\/\/www.lift-mtb.com\/es\/produit\/free-wheel-classic-v3\/","name":"Rueda libre CLASSIC V3 para plato especial","isPartOf":{"@id":"https:\/\/www.lift-mtb.com\/es\/#website"},"primaryImageOfPage":{"@id":"https:\/\/www.lift-mtb.com\/es\/produit\/free-wheel-classic-v3\/#primaryimage"},"image":{"@id":"https:\/\/www.lift-mtb.com\/es\/produit\/free-wheel-classic-v3\/#primaryimage"},"thumbnailUrl":"https:\/\/www.lift-mtb.com\/wp-content\/uploads\/2022\/02\/roue-libre.png","datePublished":"2022-02-23T09:45:45+00:00","dateModified":"2023-03-24T10:28:35+00:00","description":"Rueda libre CLASSIC para kit de motor de bicicleta el\u00e9ctrica versi\u00f3n V3 \/ V4 - Alta gama con 72 puntos de enganche por revoluci\u00f3n.","breadcrumb":{"@id":"https:\/\/www.lift-mtb.com\/es\/produit\/free-wheel-classic-v3\/#breadcrumb"},"inLanguage":"es","potentialAction":[{"@type":"ReadAction","target":["https:\/\/www.lift-mtb.com\/es\/produit\/free-wheel-classic-v3\/"]}]},{"@type":"ImageObject","inLanguage":"es","@id":"https:\/\/www.lift-mtb.com\/es\/produit\/free-wheel-classic-v3\/#primaryimage","url":"https:\/\/www.lift-mtb.com\/wp-content\/uploads\/2022\/02\/roue-libre.png","contentUrl":"https:\/\/www.lift-mtb.com\/wp-content\/uploads\/2022\/02\/roue-libre.png","width":300,"height":248,"caption":"Rueda libre CLASSIC V3"},{"@type":"BreadcrumbList","@id":"https:\/\/www.lift-mtb.com\/es\/produit\/free-wheel-classic-v3\/#breadcrumb","itemListElement":[{"@type":"ListItem","position":1,"name":"Accueil","item":"https:\/\/www.lift-mtb.com\/es\/"},{"@type":"ListItem","position":2,"name":"Tienda","item":"https:\/\/www.lift-mtb.com\/es\/tienda\/"},{"@type":"ListItem","position":3,"name":"Piezas de recambio","item":"https:\/\/www.lift-mtb.com\/es\/categoria-de-productos\/piezas-de-recambio\/"},{"@type":"ListItem","position":4,"name":"Piezas del pedal","item":"https:\/\/www.lift-mtb.com\/es\/categoria-de-productos\/piezas-de-recambio\/piezas-del-pedal\/"},{"@type":"ListItem","position":5,"name":"Rueda libre CLASSIC para platos y bielas LIFT-MTB"}]},{"@type":"WebSite","@id":"https:\/\/www.lift-mtb.com\/es\/#website","url":"https:\/\/www.lift-mtb.com\/es\/","name":"LIFT-MTB","description":"Transformer son v\u00e9lo en \u00e9lectrique rapidement !","publisher":{"@id":"https:\/\/www.lift-mtb.com\/es\/#organization"},"potentialAction":[{"@type":"SearchAction","target":{"@type":"EntryPoint","urlTemplate":"https:\/\/www.lift-mtb.com\/es\/?s={search_term_string}"},"query-input":{"@type":"PropertyValueSpecification","valueRequired":true,"valueName":"search_term_string"}}],"inLanguage":"es"},{"@type":"Organization","@id":"https:\/\/www.lift-mtb.com\/es\/#organization","name":"LIFT-MTB","url":"https:\/\/www.lift-mtb.com\/es\/","logo":{"@type":"ImageObject","inLanguage":"es","@id":"https:\/\/www.lift-mtb.com\/es\/#\/schema\/logo\/image\/","url":"https:\/\/www.lift-mtb.com\/wp-content\/uploads\/2022\/01\/electric-kit-for-bike-1.jpg","contentUrl":"https:\/\/www.lift-mtb.com\/wp-content\/uploads\/2022\/01\/electric-kit-for-bike-1.jpg","width":1223,"height":560,"caption":"LIFT-MTB"},"image":{"@id":"https:\/\/www.lift-mtb.com\/es\/#\/schema\/logo\/image\/"}}]}},"_links":{"self":[{"href":"https:\/\/www.lift-mtb.com\/es\/wp-json\/wp\/v2\/product\/39772","targetHints":{"allow":["GET"]}}],"collection":[{"href":"https:\/\/www.lift-mtb.com\/es\/wp-json\/wp\/v2\/product"}],"about":[{"href":"https:\/\/www.lift-mtb.com\/es\/wp-json\/wp\/v2\/types\/product"}],"replies":[{"embeddable":true,"href":"https:\/\/www.lift-mtb.com\/es\/wp-json\/wp\/v2\/comments?post=39772"}],"wp:featuredmedia":[{"embeddable":true,"href":"https:\/\/www.lift-mtb.com\/es\/wp-json\/wp\/v2\/media\/7663"}],"wp:attachment":[{"href":"https:\/\/www.lift-mtb.com\/es\/wp-json\/wp\/v2\/media?parent=39772"}],"wp:term":[{"taxonomy":"product_brand","embeddable":true,"href":"https:\/\/www.lift-mtb.com\/es\/wp-json\/wp\/v2\/product_brand?post=39772"},{"taxonomy":"product_cat","embeddable":true,"href":"https:\/\/www.lift-mtb.com\/es\/wp-json\/wp\/v2\/product_cat?post=39772"},{"taxonomy":"product_tag","embeddable":true,"href":"https:\/\/www.lift-mtb.com\/es\/wp-json\/wp\/v2\/product_tag?post=39772"}],"curies":[{"name":"wp","href":"https:\/\/api.w.org\/{rel}","templated":true}]}}