{"id":39790,"date":"2022-02-23T11:07:41","date_gmt":"2022-02-23T10:07:41","guid":{"rendered":"https:\/produit\/rueda-libre-pro-para-platos-y-bielas-lift-mtb\/"},"modified":"2023-05-01T22:21:22","modified_gmt":"2023-05-01T20:21:22","slug":"rueda-libre-para-levantar-rodamiento-mtb","status":"publish","type":"product","link":"https:\/\/www.lift-mtb.com\/es\/produit\/rueda-libre-para-levantar-rodamiento-mtb\/","title":{"rendered":"Rueda libre PRO para platos y bielas LIFT-MTB"},"content":{"rendered":"<p><strong>\u00bfEs compatible la rueda libre PRO con un kit cl\u00e1sico?  <\/strong><\/p>\n<p>La rueda libre PRO <a href=\"https:\/\/www.youtube.com\/@LIFTMTBTV\">LIFT MTB<\/a> es compatible con la versi\u00f3n PRO &amp; CLASSIC de V1 a V4.<\/p>\n<p>La ara\u00f1a es diferente de la versi\u00f3n cl\u00e1sica por lo que ser\u00e1 necesario sustituirla si tienes una versi\u00f3n cl\u00e1sica, el centro de rueda libre (parte con una huella cuadrada de 22mm de di\u00e1metro y una rosca) es id\u00e9ntico entre la versi\u00f3n pro y cl\u00e1sica, sin embargo a veces es dif\u00edcil de quitar de la rueda libre por lo que puedes pedir la herramienta y desmontar tu viejo centro de rueda libre, o comprar un nuevo centro de rueda libre<\/p>\n<p><b>En la secci\u00f3n de preguntas frecuentes del sitio web, encontrar\u00e1 nuestro art\u00edculo en el que se explican las diferencias entre los dos platos y bielas para bicicletas el\u00e9ctricas:<\/b><\/p>\n<ul>\n<li><a href=\"\/?p=1189\">Elecci\u00f3n de platos y bielas PRO o CLASSIC<\/a><\/li>\n<\/ul>\n","protected":false},"excerpt":{"rendered":"<p><strong>Descripci\u00f3n:<\/strong><\/p>\n<ul>\n<li>Adaptable a las versiones &#8220;CLASSIC&#8221; ( V1\/V2\/V3\/ V4 ) y PRO<\/li>\n<li>72 puntos de compromiso por ronda.<\/li>\n<li>6 trinquetes y 6 muelles Independientes.<\/li>\n<li>Se vende con la ara\u00f1a de 4 puntos pero sin tornillos ni placas<\/li>\n<li>Requiere la sustituci\u00f3n de la herramienta de extracci\u00f3n de la rueda libre. (a veces requiere el uso de una llave de impacto para el desmontaje)<\/li>\n<\/ul>\n","protected":false},"featured_media":46535,"comment_status":"open","ping_status":"closed","template":"","meta":[],"product_brand":[],"product_cat":[846],"product_tag":[],"class_list":{"0":"post-39790","1":"product","2":"type-product","3":"status-publish","4":"has-post-thumbnail","6":"product_cat-piezas-del-pedal","8":"first","9":"instock","10":"taxable","11":"shipping-taxable","12":"purchasable","13":"product-type-variable"},"yoast_head":"<!-- This site is optimized with the Yoast SEO plugin v26.9 - https:\/\/yoast.com\/product\/yoast-seo-wordpress\/ -->\n<title>Rueda libre PRO para juego de pedales espec\u00edfico .<\/title>\n<meta name=\"description\" content=\"Rueda libre PRO para kit de motor de bicicleta el\u00e9ctrica V4 - Alta gama con 72 puntos de enganche por revoluci\u00f3n.\" \/>\n<meta name=\"robots\" content=\"index, follow, max-snippet:-1, max-image-preview:large, max-video-preview:-1\" \/>\n<link rel=\"canonical\" href=\"https:\/\/www.lift-mtb.com\/es\/produit\/rueda-libre-para-levantar-rodamiento-mtb\/\" \/>\n<meta property=\"og:locale\" content=\"es_ES\" \/>\n<meta property=\"og:type\" content=\"article\" \/>\n<meta property=\"og:title\" content=\"Rueda libre PRO para juego de pedales espec\u00edfico .\" \/>\n<meta property=\"og:description\" content=\"Rueda libre PRO para kit de motor de bicicleta el\u00e9ctrica V4 - Alta gama con 72 puntos de enganche por revoluci\u00f3n.\" \/>\n<meta property=\"og:url\" content=\"https:\/\/www.lift-mtb.com\/es\/produit\/rueda-libre-para-levantar-rodamiento-mtb\/\" \/>\n<meta property=\"og:site_name\" content=\"LIFT-MTB\" \/>\n<meta property=\"article:modified_time\" content=\"2023-05-01T20:21:22+00:00\" \/>\n<meta property=\"og:image\" content=\"https:\/\/www.lift-mtb.com\/wp-content\/uploads\/2022\/02\/diy-freewheel-ebike-2-1-sur-1.jpg\" \/>\n\t<meta property=\"og:image:width\" content=\"1080\" \/>\n\t<meta property=\"og:image:height\" content=\"935\" \/>\n\t<meta property=\"og:image:type\" content=\"image\/jpeg\" \/>\n<meta name=\"twitter:card\" content=\"summary_large_image\" \/>\n<meta name=\"twitter:label1\" content=\"Tiempo de lectura\" \/>\n\t<meta name=\"twitter:data1\" content=\"1 minuto\" \/>\n<script type=\"application\/ld+json\" class=\"yoast-schema-graph\">{\"@context\":\"https:\/\/schema.org\",\"@graph\":[{\"@type\":\"WebPage\",\"@id\":\"https:\/\/www.lift-mtb.com\/es\/produit\/rueda-libre-para-levantar-rodamiento-mtb\/\",\"url\":\"https:\/\/www.lift-mtb.com\/es\/produit\/rueda-libre-para-levantar-rodamiento-mtb\/\",\"name\":\"Rueda libre PRO para juego de pedales espec\u00edfico .\",\"isPartOf\":{\"@id\":\"https:\/\/www.lift-mtb.com\/es\/#website\"},\"primaryImageOfPage\":{\"@id\":\"https:\/\/www.lift-mtb.com\/es\/produit\/rueda-libre-para-levantar-rodamiento-mtb\/#primaryimage\"},\"image\":{\"@id\":\"https:\/\/www.lift-mtb.com\/es\/produit\/rueda-libre-para-levantar-rodamiento-mtb\/#primaryimage\"},\"thumbnailUrl\":\"https:\/\/www.lift-mtb.com\/wp-content\/uploads\/2022\/02\/diy-freewheel-ebike-2-1-sur-1.jpg\",\"datePublished\":\"2022-02-23T10:07:41+00:00\",\"dateModified\":\"2023-05-01T20:21:22+00:00\",\"description\":\"Rueda libre PRO para kit de motor de bicicleta el\u00e9ctrica V4 - Alta gama con 72 puntos de enganche por revoluci\u00f3n.\",\"breadcrumb\":{\"@id\":\"https:\/\/www.lift-mtb.com\/es\/produit\/rueda-libre-para-levantar-rodamiento-mtb\/#breadcrumb\"},\"inLanguage\":\"es\",\"potentialAction\":[{\"@type\":\"ReadAction\",\"target\":[\"https:\/\/www.lift-mtb.com\/es\/produit\/rueda-libre-para-levantar-rodamiento-mtb\/\"]}]},{\"@type\":\"ImageObject\",\"inLanguage\":\"es\",\"@id\":\"https:\/\/www.lift-mtb.com\/es\/produit\/rueda-libre-para-levantar-rodamiento-mtb\/#primaryimage\",\"url\":\"https:\/\/www.lift-mtb.com\/wp-content\/uploads\/2022\/02\/diy-freewheel-ebike-2-1-sur-1.jpg\",\"contentUrl\":\"https:\/\/www.lift-mtb.com\/wp-content\/uploads\/2022\/02\/diy-freewheel-ebike-2-1-sur-1.jpg\",\"width\":1080,\"height\":935,\"caption\":\"DIY freewheel ebike 2\"},{\"@type\":\"BreadcrumbList\",\"@id\":\"https:\/\/www.lift-mtb.com\/es\/produit\/rueda-libre-para-levantar-rodamiento-mtb\/#breadcrumb\",\"itemListElement\":[{\"@type\":\"ListItem\",\"position\":1,\"name\":\"Accueil\",\"item\":\"https:\/\/www.lift-mtb.com\/es\/\"},{\"@type\":\"ListItem\",\"position\":2,\"name\":\"Tienda\",\"item\":\"https:\/\/www.lift-mtb.com\/es\/tienda\/\"},{\"@type\":\"ListItem\",\"position\":3,\"name\":\"Piezas de recambio\",\"item\":\"https:\/\/www.lift-mtb.com\/es\/categoria-de-productos\/piezas-de-recambio\/\"},{\"@type\":\"ListItem\",\"position\":4,\"name\":\"Piezas del pedal\",\"item\":\"https:\/\/www.lift-mtb.com\/es\/categoria-de-productos\/piezas-de-recambio\/piezas-del-pedal\/\"},{\"@type\":\"ListItem\",\"position\":5,\"name\":\"Rueda libre PRO para platos y bielas LIFT-MTB\"}]},{\"@type\":\"WebSite\",\"@id\":\"https:\/\/www.lift-mtb.com\/es\/#website\",\"url\":\"https:\/\/www.lift-mtb.com\/es\/\",\"name\":\"LIFT-MTB\",\"description\":\"Transformer son v\u00e9lo en \u00e9lectrique rapidement !\",\"publisher\":{\"@id\":\"https:\/\/www.lift-mtb.com\/es\/#organization\"},\"potentialAction\":[{\"@type\":\"SearchAction\",\"target\":{\"@type\":\"EntryPoint\",\"urlTemplate\":\"https:\/\/www.lift-mtb.com\/es\/?s={search_term_string}\"},\"query-input\":{\"@type\":\"PropertyValueSpecification\",\"valueRequired\":true,\"valueName\":\"search_term_string\"}}],\"inLanguage\":\"es\"},{\"@type\":\"Organization\",\"@id\":\"https:\/\/www.lift-mtb.com\/es\/#organization\",\"name\":\"LIFT-MTB\",\"url\":\"https:\/\/www.lift-mtb.com\/es\/\",\"logo\":{\"@type\":\"ImageObject\",\"inLanguage\":\"es\",\"@id\":\"https:\/\/www.lift-mtb.com\/es\/#\/schema\/logo\/image\/\",\"url\":\"https:\/\/www.lift-mtb.com\/wp-content\/uploads\/2022\/01\/electric-kit-for-bike-1.jpg\",\"contentUrl\":\"https:\/\/www.lift-mtb.com\/wp-content\/uploads\/2022\/01\/electric-kit-for-bike-1.jpg\",\"width\":1223,\"height\":560,\"caption\":\"LIFT-MTB\"},\"image\":{\"@id\":\"https:\/\/www.lift-mtb.com\/es\/#\/schema\/logo\/image\/\"}}]}<\/script>\n<!-- \/ Yoast SEO plugin. -->","yoast_head_json":{"title":"Rueda libre PRO para juego de pedales espec\u00edfico .","description":"Rueda libre PRO para kit de motor de bicicleta el\u00e9ctrica V4 - Alta gama con 72 puntos de enganche por revoluci\u00f3n.","robots":{"index":"index","follow":"follow","max-snippet":"max-snippet:-1","max-image-preview":"max-image-preview:large","max-video-preview":"max-video-preview:-1"},"canonical":"https:\/\/www.lift-mtb.com\/es\/produit\/rueda-libre-para-levantar-rodamiento-mtb\/","og_locale":"es_ES","og_type":"article","og_title":"Rueda libre PRO para juego de pedales espec\u00edfico .","og_description":"Rueda libre PRO para kit de motor de bicicleta el\u00e9ctrica V4 - Alta gama con 72 puntos de enganche por revoluci\u00f3n.","og_url":"https:\/\/www.lift-mtb.com\/es\/produit\/rueda-libre-para-levantar-rodamiento-mtb\/","og_site_name":"LIFT-MTB","article_modified_time":"2023-05-01T20:21:22+00:00","og_image":[{"width":1080,"height":935,"url":"https:\/\/www.lift-mtb.com\/wp-content\/uploads\/2022\/02\/diy-freewheel-ebike-2-1-sur-1.jpg","type":"image\/jpeg"}],"twitter_card":"summary_large_image","twitter_misc":{"Tiempo de lectura":"1 minuto"},"schema":{"@context":"https:\/\/schema.org","@graph":[{"@type":"WebPage","@id":"https:\/\/www.lift-mtb.com\/es\/produit\/rueda-libre-para-levantar-rodamiento-mtb\/","url":"https:\/\/www.lift-mtb.com\/es\/produit\/rueda-libre-para-levantar-rodamiento-mtb\/","name":"Rueda libre PRO para juego de pedales espec\u00edfico .","isPartOf":{"@id":"https:\/\/www.lift-mtb.com\/es\/#website"},"primaryImageOfPage":{"@id":"https:\/\/www.lift-mtb.com\/es\/produit\/rueda-libre-para-levantar-rodamiento-mtb\/#primaryimage"},"image":{"@id":"https:\/\/www.lift-mtb.com\/es\/produit\/rueda-libre-para-levantar-rodamiento-mtb\/#primaryimage"},"thumbnailUrl":"https:\/\/www.lift-mtb.com\/wp-content\/uploads\/2022\/02\/diy-freewheel-ebike-2-1-sur-1.jpg","datePublished":"2022-02-23T10:07:41+00:00","dateModified":"2023-05-01T20:21:22+00:00","description":"Rueda libre PRO para kit de motor de bicicleta el\u00e9ctrica V4 - Alta gama con 72 puntos de enganche por revoluci\u00f3n.","breadcrumb":{"@id":"https:\/\/www.lift-mtb.com\/es\/produit\/rueda-libre-para-levantar-rodamiento-mtb\/#breadcrumb"},"inLanguage":"es","potentialAction":[{"@type":"ReadAction","target":["https:\/\/www.lift-mtb.com\/es\/produit\/rueda-libre-para-levantar-rodamiento-mtb\/"]}]},{"@type":"ImageObject","inLanguage":"es","@id":"https:\/\/www.lift-mtb.com\/es\/produit\/rueda-libre-para-levantar-rodamiento-mtb\/#primaryimage","url":"https:\/\/www.lift-mtb.com\/wp-content\/uploads\/2022\/02\/diy-freewheel-ebike-2-1-sur-1.jpg","contentUrl":"https:\/\/www.lift-mtb.com\/wp-content\/uploads\/2022\/02\/diy-freewheel-ebike-2-1-sur-1.jpg","width":1080,"height":935,"caption":"DIY freewheel ebike 2"},{"@type":"BreadcrumbList","@id":"https:\/\/www.lift-mtb.com\/es\/produit\/rueda-libre-para-levantar-rodamiento-mtb\/#breadcrumb","itemListElement":[{"@type":"ListItem","position":1,"name":"Accueil","item":"https:\/\/www.lift-mtb.com\/es\/"},{"@type":"ListItem","position":2,"name":"Tienda","item":"https:\/\/www.lift-mtb.com\/es\/tienda\/"},{"@type":"ListItem","position":3,"name":"Piezas de recambio","item":"https:\/\/www.lift-mtb.com\/es\/categoria-de-productos\/piezas-de-recambio\/"},{"@type":"ListItem","position":4,"name":"Piezas del pedal","item":"https:\/\/www.lift-mtb.com\/es\/categoria-de-productos\/piezas-de-recambio\/piezas-del-pedal\/"},{"@type":"ListItem","position":5,"name":"Rueda libre PRO para platos y bielas LIFT-MTB"}]},{"@type":"WebSite","@id":"https:\/\/www.lift-mtb.com\/es\/#website","url":"https:\/\/www.lift-mtb.com\/es\/","name":"LIFT-MTB","description":"Transformer son v\u00e9lo en \u00e9lectrique rapidement !","publisher":{"@id":"https:\/\/www.lift-mtb.com\/es\/#organization"},"potentialAction":[{"@type":"SearchAction","target":{"@type":"EntryPoint","urlTemplate":"https:\/\/www.lift-mtb.com\/es\/?s={search_term_string}"},"query-input":{"@type":"PropertyValueSpecification","valueRequired":true,"valueName":"search_term_string"}}],"inLanguage":"es"},{"@type":"Organization","@id":"https:\/\/www.lift-mtb.com\/es\/#organization","name":"LIFT-MTB","url":"https:\/\/www.lift-mtb.com\/es\/","logo":{"@type":"ImageObject","inLanguage":"es","@id":"https:\/\/www.lift-mtb.com\/es\/#\/schema\/logo\/image\/","url":"https:\/\/www.lift-mtb.com\/wp-content\/uploads\/2022\/01\/electric-kit-for-bike-1.jpg","contentUrl":"https:\/\/www.lift-mtb.com\/wp-content\/uploads\/2022\/01\/electric-kit-for-bike-1.jpg","width":1223,"height":560,"caption":"LIFT-MTB"},"image":{"@id":"https:\/\/www.lift-mtb.com\/es\/#\/schema\/logo\/image\/"}}]}},"_links":{"self":[{"href":"https:\/\/www.lift-mtb.com\/es\/wp-json\/wp\/v2\/product\/39790","targetHints":{"allow":["GET"]}}],"collection":[{"href":"https:\/\/www.lift-mtb.com\/es\/wp-json\/wp\/v2\/product"}],"about":[{"href":"https:\/\/www.lift-mtb.com\/es\/wp-json\/wp\/v2\/types\/product"}],"replies":[{"embeddable":true,"href":"https:\/\/www.lift-mtb.com\/es\/wp-json\/wp\/v2\/comments?post=39790"}],"wp:featuredmedia":[{"embeddable":true,"href":"https:\/\/www.lift-mtb.com\/es\/wp-json\/wp\/v2\/media\/46535"}],"wp:attachment":[{"href":"https:\/\/www.lift-mtb.com\/es\/wp-json\/wp\/v2\/media?parent=39790"}],"wp:term":[{"taxonomy":"product_brand","embeddable":true,"href":"https:\/\/www.lift-mtb.com\/es\/wp-json\/wp\/v2\/product_brand?post=39790"},{"taxonomy":"product_cat","embeddable":true,"href":"https:\/\/www.lift-mtb.com\/es\/wp-json\/wp\/v2\/product_cat?post=39790"},{"taxonomy":"product_tag","embeddable":true,"href":"https:\/\/www.lift-mtb.com\/es\/wp-json\/wp\/v2\/product_tag?post=39790"}],"curies":[{"name":"wp","href":"https:\/\/api.w.org\/{rel}","templated":true}]}}