{"id":39836,"date":"2022-02-18T19:51:55","date_gmt":"2022-02-18T18:51:55","guid":{"rendered":"https:\/produit\/kit-de-pegatinas\/"},"modified":"2023-02-23T23:54:57","modified_gmt":"2023-02-23T22:54:57","slug":"kit-deco-motor-pedal","status":"publish","type":"product","link":"https:\/\/www.lift-mtb.com\/es\/produit\/kit-deco-motor-pedal\/","title":{"rendered":"Kit de pegatinas"},"content":{"rendered":"<p><strong>\u00bfEs compatible el kit deco de motor de pedales con mi motor<a href=\"https:\/\/www.youtube.com\/@LIFTMTBTV\"> LIFT-MTB<\/a>?  <\/strong><\/p>\n<p>El kit de decoraci\u00f3n del motor de los pedales es compatible con todas las versiones del motor LIFT-MTB<\/p>\n<p>Ideal si desea cambiar el estilo de su kit para que coincida con otra<a href=\"https:\/categorie\/faq\/photos-videos\/photos-de-velos-avec-kit-electrique\/\"> moto<\/a>, por ejemplo.<\/p>\n","protected":false},"excerpt":{"rendered":"<p><strong>Descripci\u00f3n:<\/strong><\/p>\n<ul>\n<li>Se suministra con 5 colores de iluminaci\u00f3n a elegir \/ precio para 2 pegatinas (x1 carcasa \/ x1 pegatina de disparo).<\/li>\n<li>2 modelos de pegatinas, para la carcasa &#8220;bajo el marco&#8221; y la carcasa &#8220;interna&#8221;.<\/li>\n<li>Calidad garantizada 3M<\/li>\n<\/ul>\n","protected":false},"featured_media":11377,"comment_status":"open","ping_status":"closed","template":"","meta":[],"product_brand":[],"product_cat":[842],"product_tag":[],"class_list":{"0":"post-39836","1":"product","2":"type-product","3":"status-publish","4":"has-post-thumbnail","6":"product_cat-piezas-de-motor","8":"first","9":"instock","10":"taxable","11":"shipping-taxable","12":"purchasable","13":"product-type-variable"},"yoast_head":"<!-- This site is optimized with the Yoast SEO plugin v26.9 - https:\/\/yoast.com\/product\/yoast-seo-wordpress\/ -->\n<title>Kit de decoraci\u00f3n del motor de los pedales para bicicletas el\u00e9ctricas<\/title>\n<meta name=\"description\" content=\"Kit de decoraci\u00f3n del motor de los pedales para bicicletas el\u00e9ctricas. Varios colores, resistente, calidad 3M asegurada. Adhesivo para bicicletas el\u00e9ctricas .\" \/>\n<meta name=\"robots\" content=\"index, follow, max-snippet:-1, max-image-preview:large, max-video-preview:-1\" \/>\n<link rel=\"canonical\" href=\"https:\/\/www.lift-mtb.com\/es\/produit\/kit-deco-motor-pedal\/\" \/>\n<meta property=\"og:locale\" content=\"es_ES\" \/>\n<meta property=\"og:type\" content=\"article\" \/>\n<meta property=\"og:title\" content=\"Kit de decoraci\u00f3n del motor de los pedales para bicicletas el\u00e9ctricas\" \/>\n<meta property=\"og:description\" content=\"Kit de decoraci\u00f3n del motor de los pedales para bicicletas el\u00e9ctricas. Varios colores, resistente, calidad 3M asegurada. Adhesivo para bicicletas el\u00e9ctricas .\" \/>\n<meta property=\"og:url\" content=\"https:\/\/www.lift-mtb.com\/es\/produit\/kit-deco-motor-pedal\/\" \/>\n<meta property=\"og:site_name\" content=\"LIFT-MTB\" \/>\n<meta property=\"article:modified_time\" content=\"2023-02-23T22:54:57+00:00\" \/>\n<meta property=\"og:image\" content=\"https:\/\/www.lift-mtb.com\/wp-content\/uploads\/2022\/02\/sticker-2021-multicolor.jpg\" \/>\n\t<meta property=\"og:image:width\" content=\"1405\" \/>\n\t<meta property=\"og:image:height\" content=\"664\" \/>\n\t<meta property=\"og:image:type\" content=\"image\/jpeg\" \/>\n<meta name=\"twitter:card\" content=\"summary_large_image\" \/>\n<script type=\"application\/ld+json\" class=\"yoast-schema-graph\">{\"@context\":\"https:\/\/schema.org\",\"@graph\":[{\"@type\":\"WebPage\",\"@id\":\"https:\/\/www.lift-mtb.com\/es\/produit\/kit-deco-motor-pedal\/\",\"url\":\"https:\/\/www.lift-mtb.com\/es\/produit\/kit-deco-motor-pedal\/\",\"name\":\"Kit de decoraci\u00f3n del motor de los pedales para bicicletas el\u00e9ctricas\",\"isPartOf\":{\"@id\":\"https:\/\/www.lift-mtb.com\/es\/#website\"},\"primaryImageOfPage\":{\"@id\":\"https:\/\/www.lift-mtb.com\/es\/produit\/kit-deco-motor-pedal\/#primaryimage\"},\"image\":{\"@id\":\"https:\/\/www.lift-mtb.com\/es\/produit\/kit-deco-motor-pedal\/#primaryimage\"},\"thumbnailUrl\":\"https:\/\/www.lift-mtb.com\/wp-content\/uploads\/2022\/02\/sticker-2021-multicolor.jpg\",\"datePublished\":\"2022-02-18T18:51:55+00:00\",\"dateModified\":\"2023-02-23T22:54:57+00:00\",\"description\":\"Kit de decoraci\u00f3n del motor de los pedales para bicicletas el\u00e9ctricas. Varios colores, resistente, calidad 3M asegurada. Adhesivo para bicicletas el\u00e9ctricas .\",\"breadcrumb\":{\"@id\":\"https:\/\/www.lift-mtb.com\/es\/produit\/kit-deco-motor-pedal\/#breadcrumb\"},\"inLanguage\":\"es\",\"potentialAction\":[{\"@type\":\"ReadAction\",\"target\":[\"https:\/\/www.lift-mtb.com\/es\/produit\/kit-deco-motor-pedal\/\"]}]},{\"@type\":\"ImageObject\",\"inLanguage\":\"es\",\"@id\":\"https:\/\/www.lift-mtb.com\/es\/produit\/kit-deco-motor-pedal\/#primaryimage\",\"url\":\"https:\/\/www.lift-mtb.com\/wp-content\/uploads\/2022\/02\/sticker-2021-multicolor.jpg\",\"contentUrl\":\"https:\/\/www.lift-mtb.com\/wp-content\/uploads\/2022\/02\/sticker-2021-multicolor.jpg\",\"width\":1405,\"height\":664,\"caption\":\"sticker personnalisation lift MTB\"},{\"@type\":\"BreadcrumbList\",\"@id\":\"https:\/\/www.lift-mtb.com\/es\/produit\/kit-deco-motor-pedal\/#breadcrumb\",\"itemListElement\":[{\"@type\":\"ListItem\",\"position\":1,\"name\":\"Accueil\",\"item\":\"https:\/\/www.lift-mtb.com\/es\/\"},{\"@type\":\"ListItem\",\"position\":2,\"name\":\"Tienda\",\"item\":\"https:\/\/www.lift-mtb.com\/es\/tienda\/\"},{\"@type\":\"ListItem\",\"position\":3,\"name\":\"Piezas de recambio\",\"item\":\"https:\/\/www.lift-mtb.com\/es\/categoria-de-productos\/piezas-de-recambio\/\"},{\"@type\":\"ListItem\",\"position\":4,\"name\":\"Piezas de motor\",\"item\":\"https:\/\/www.lift-mtb.com\/es\/categoria-de-productos\/piezas-de-recambio\/piezas-de-motor\/\"},{\"@type\":\"ListItem\",\"position\":5,\"name\":\"Kit de pegatinas\"}]},{\"@type\":\"WebSite\",\"@id\":\"https:\/\/www.lift-mtb.com\/es\/#website\",\"url\":\"https:\/\/www.lift-mtb.com\/es\/\",\"name\":\"LIFT-MTB\",\"description\":\"Transformer son v\u00e9lo en \u00e9lectrique rapidement !\",\"publisher\":{\"@id\":\"https:\/\/www.lift-mtb.com\/es\/#organization\"},\"potentialAction\":[{\"@type\":\"SearchAction\",\"target\":{\"@type\":\"EntryPoint\",\"urlTemplate\":\"https:\/\/www.lift-mtb.com\/es\/?s={search_term_string}\"},\"query-input\":{\"@type\":\"PropertyValueSpecification\",\"valueRequired\":true,\"valueName\":\"search_term_string\"}}],\"inLanguage\":\"es\"},{\"@type\":\"Organization\",\"@id\":\"https:\/\/www.lift-mtb.com\/es\/#organization\",\"name\":\"LIFT-MTB\",\"url\":\"https:\/\/www.lift-mtb.com\/es\/\",\"logo\":{\"@type\":\"ImageObject\",\"inLanguage\":\"es\",\"@id\":\"https:\/\/www.lift-mtb.com\/es\/#\/schema\/logo\/image\/\",\"url\":\"https:\/\/www.lift-mtb.com\/wp-content\/uploads\/2022\/01\/electric-kit-for-bike-1.jpg\",\"contentUrl\":\"https:\/\/www.lift-mtb.com\/wp-content\/uploads\/2022\/01\/electric-kit-for-bike-1.jpg\",\"width\":1223,\"height\":560,\"caption\":\"LIFT-MTB\"},\"image\":{\"@id\":\"https:\/\/www.lift-mtb.com\/es\/#\/schema\/logo\/image\/\"}}]}<\/script>\n<!-- \/ Yoast SEO plugin. -->","yoast_head_json":{"title":"Kit de decoraci\u00f3n del motor de los pedales para bicicletas el\u00e9ctricas","description":"Kit de decoraci\u00f3n del motor de los pedales para bicicletas el\u00e9ctricas. Varios colores, resistente, calidad 3M asegurada. Adhesivo para bicicletas el\u00e9ctricas .","robots":{"index":"index","follow":"follow","max-snippet":"max-snippet:-1","max-image-preview":"max-image-preview:large","max-video-preview":"max-video-preview:-1"},"canonical":"https:\/\/www.lift-mtb.com\/es\/produit\/kit-deco-motor-pedal\/","og_locale":"es_ES","og_type":"article","og_title":"Kit de decoraci\u00f3n del motor de los pedales para bicicletas el\u00e9ctricas","og_description":"Kit de decoraci\u00f3n del motor de los pedales para bicicletas el\u00e9ctricas. Varios colores, resistente, calidad 3M asegurada. Adhesivo para bicicletas el\u00e9ctricas .","og_url":"https:\/\/www.lift-mtb.com\/es\/produit\/kit-deco-motor-pedal\/","og_site_name":"LIFT-MTB","article_modified_time":"2023-02-23T22:54:57+00:00","og_image":[{"width":1405,"height":664,"url":"https:\/\/www.lift-mtb.com\/wp-content\/uploads\/2022\/02\/sticker-2021-multicolor.jpg","type":"image\/jpeg"}],"twitter_card":"summary_large_image","schema":{"@context":"https:\/\/schema.org","@graph":[{"@type":"WebPage","@id":"https:\/\/www.lift-mtb.com\/es\/produit\/kit-deco-motor-pedal\/","url":"https:\/\/www.lift-mtb.com\/es\/produit\/kit-deco-motor-pedal\/","name":"Kit de decoraci\u00f3n del motor de los pedales para bicicletas el\u00e9ctricas","isPartOf":{"@id":"https:\/\/www.lift-mtb.com\/es\/#website"},"primaryImageOfPage":{"@id":"https:\/\/www.lift-mtb.com\/es\/produit\/kit-deco-motor-pedal\/#primaryimage"},"image":{"@id":"https:\/\/www.lift-mtb.com\/es\/produit\/kit-deco-motor-pedal\/#primaryimage"},"thumbnailUrl":"https:\/\/www.lift-mtb.com\/wp-content\/uploads\/2022\/02\/sticker-2021-multicolor.jpg","datePublished":"2022-02-18T18:51:55+00:00","dateModified":"2023-02-23T22:54:57+00:00","description":"Kit de decoraci\u00f3n del motor de los pedales para bicicletas el\u00e9ctricas. Varios colores, resistente, calidad 3M asegurada. Adhesivo para bicicletas el\u00e9ctricas .","breadcrumb":{"@id":"https:\/\/www.lift-mtb.com\/es\/produit\/kit-deco-motor-pedal\/#breadcrumb"},"inLanguage":"es","potentialAction":[{"@type":"ReadAction","target":["https:\/\/www.lift-mtb.com\/es\/produit\/kit-deco-motor-pedal\/"]}]},{"@type":"ImageObject","inLanguage":"es","@id":"https:\/\/www.lift-mtb.com\/es\/produit\/kit-deco-motor-pedal\/#primaryimage","url":"https:\/\/www.lift-mtb.com\/wp-content\/uploads\/2022\/02\/sticker-2021-multicolor.jpg","contentUrl":"https:\/\/www.lift-mtb.com\/wp-content\/uploads\/2022\/02\/sticker-2021-multicolor.jpg","width":1405,"height":664,"caption":"sticker personnalisation lift MTB"},{"@type":"BreadcrumbList","@id":"https:\/\/www.lift-mtb.com\/es\/produit\/kit-deco-motor-pedal\/#breadcrumb","itemListElement":[{"@type":"ListItem","position":1,"name":"Accueil","item":"https:\/\/www.lift-mtb.com\/es\/"},{"@type":"ListItem","position":2,"name":"Tienda","item":"https:\/\/www.lift-mtb.com\/es\/tienda\/"},{"@type":"ListItem","position":3,"name":"Piezas de recambio","item":"https:\/\/www.lift-mtb.com\/es\/categoria-de-productos\/piezas-de-recambio\/"},{"@type":"ListItem","position":4,"name":"Piezas de motor","item":"https:\/\/www.lift-mtb.com\/es\/categoria-de-productos\/piezas-de-recambio\/piezas-de-motor\/"},{"@type":"ListItem","position":5,"name":"Kit de pegatinas"}]},{"@type":"WebSite","@id":"https:\/\/www.lift-mtb.com\/es\/#website","url":"https:\/\/www.lift-mtb.com\/es\/","name":"LIFT-MTB","description":"Transformer son v\u00e9lo en \u00e9lectrique rapidement !","publisher":{"@id":"https:\/\/www.lift-mtb.com\/es\/#organization"},"potentialAction":[{"@type":"SearchAction","target":{"@type":"EntryPoint","urlTemplate":"https:\/\/www.lift-mtb.com\/es\/?s={search_term_string}"},"query-input":{"@type":"PropertyValueSpecification","valueRequired":true,"valueName":"search_term_string"}}],"inLanguage":"es"},{"@type":"Organization","@id":"https:\/\/www.lift-mtb.com\/es\/#organization","name":"LIFT-MTB","url":"https:\/\/www.lift-mtb.com\/es\/","logo":{"@type":"ImageObject","inLanguage":"es","@id":"https:\/\/www.lift-mtb.com\/es\/#\/schema\/logo\/image\/","url":"https:\/\/www.lift-mtb.com\/wp-content\/uploads\/2022\/01\/electric-kit-for-bike-1.jpg","contentUrl":"https:\/\/www.lift-mtb.com\/wp-content\/uploads\/2022\/01\/electric-kit-for-bike-1.jpg","width":1223,"height":560,"caption":"LIFT-MTB"},"image":{"@id":"https:\/\/www.lift-mtb.com\/es\/#\/schema\/logo\/image\/"}}]}},"_links":{"self":[{"href":"https:\/\/www.lift-mtb.com\/es\/wp-json\/wp\/v2\/product\/39836","targetHints":{"allow":["GET"]}}],"collection":[{"href":"https:\/\/www.lift-mtb.com\/es\/wp-json\/wp\/v2\/product"}],"about":[{"href":"https:\/\/www.lift-mtb.com\/es\/wp-json\/wp\/v2\/types\/product"}],"replies":[{"embeddable":true,"href":"https:\/\/www.lift-mtb.com\/es\/wp-json\/wp\/v2\/comments?post=39836"}],"wp:featuredmedia":[{"embeddable":true,"href":"https:\/\/www.lift-mtb.com\/es\/wp-json\/wp\/v2\/media\/11377"}],"wp:attachment":[{"href":"https:\/\/www.lift-mtb.com\/es\/wp-json\/wp\/v2\/media?parent=39836"}],"wp:term":[{"taxonomy":"product_brand","embeddable":true,"href":"https:\/\/www.lift-mtb.com\/es\/wp-json\/wp\/v2\/product_brand?post=39836"},{"taxonomy":"product_cat","embeddable":true,"href":"https:\/\/www.lift-mtb.com\/es\/wp-json\/wp\/v2\/product_cat?post=39836"},{"taxonomy":"product_tag","embeddable":true,"href":"https:\/\/www.lift-mtb.com\/es\/wp-json\/wp\/v2\/product_tag?post=39836"}],"curies":[{"name":"wp","href":"https:\/\/api.w.org\/{rel}","templated":true}]}}