{"id":39846,"date":"2022-02-18T19:34:08","date_gmt":"2022-02-18T18:34:08","guid":{"rendered":"https:\/produit\/refuerzo-del-motor-izquierdo\/"},"modified":"2023-02-17T18:02:54","modified_gmt":"2023-02-17T17:02:54","slug":"refuerzo-motor-izquierda","status":"publish","type":"product","link":"https:\/\/www.lift-mtb.com\/es\/produit\/refuerzo-motor-izquierda\/","title":{"rendered":"Refuerzo del motor izquierdo"},"content":{"rendered":"<p><strong>\u00bfEl soporte izquierdo del motor es compatible con mi motor?  <\/strong><\/p>\n<p>El soporte de motor izquierdo es compatible con todas las versiones del <a href=\"https:\/\">kit de<\/a> motor <a href=\"https:\/\/www.youtube.com\/@LIFTMTBTV\">LIFT-MTB<\/a>.<\/p>\n<p>Garantiza la sujeci\u00f3n del motor contra el cuadro de su bicicleta el\u00e9ctrica, gracias al silent block deformable y al espaciador que presiona el motor contra la parte inferior del cuadro (down tube).<\/p>\n","protected":false},"excerpt":{"rendered":"<p><strong>Descripci\u00f3n:<\/strong><\/p>\n<ul>\n<li>Juego completo de tornillos<\/li>\n<li>x1 Bloque silencioso<\/li>\n<li>Distanciador<\/li>\n<li>Sistema de sujeci\u00f3n de cables ajustable<\/li>\n<\/ul>\n","protected":false},"featured_media":7562,"comment_status":"open","ping_status":"closed","template":"","meta":[],"product_brand":[],"product_cat":[842],"product_tag":[],"class_list":{"0":"post-39846","1":"product","2":"type-product","3":"status-publish","4":"has-post-thumbnail","6":"product_cat-piezas-de-motor","8":"first","9":"instock","10":"taxable","11":"shipping-taxable","12":"purchasable","13":"product-type-variable"},"yoast_head":"<!-- This site is optimized with the Yoast SEO plugin v26.9 - https:\/\/yoast.com\/product\/yoast-seo-wordpress\/ -->\n<title>Refuerzo del motor izquierdo - LIFT-MTB kit recambios<\/title>\n<meta name=\"description\" content=\"Refuerzo del motor izquierdo para el kit de conversi\u00f3n de moto cl\u00e1sica a el\u00e9ctrica. Piezas de recambio para motores de bielas de bicicleta de monta\u00f1a.\" \/>\n<meta name=\"robots\" content=\"index, follow, max-snippet:-1, max-image-preview:large, max-video-preview:-1\" \/>\n<link rel=\"canonical\" href=\"https:\/\/www.lift-mtb.com\/es\/produit\/refuerzo-motor-izquierda\/\" \/>\n<meta property=\"og:locale\" content=\"es_ES\" \/>\n<meta property=\"og:type\" content=\"article\" \/>\n<meta property=\"og:title\" content=\"Refuerzo del motor izquierdo - LIFT-MTB kit recambios\" \/>\n<meta property=\"og:description\" content=\"Refuerzo del motor izquierdo para el kit de conversi\u00f3n de moto cl\u00e1sica a el\u00e9ctrica. Piezas de recambio para motores de bielas de bicicleta de monta\u00f1a.\" \/>\n<meta property=\"og:url\" content=\"https:\/\/www.lift-mtb.com\/es\/produit\/refuerzo-motor-izquierda\/\" \/>\n<meta property=\"og:site_name\" content=\"LIFT-MTB\" \/>\n<meta property=\"article:modified_time\" content=\"2023-02-17T17:02:54+00:00\" \/>\n<meta property=\"og:image\" content=\"https:\/\/www.lift-mtb.com\/wp-content\/uploads\/2022\/02\/renfort-gauche-moteur-electrique-pour-vtt-1-scaled.jpg\" \/>\n\t<meta property=\"og:image:width\" content=\"2797\" \/>\n\t<meta property=\"og:image:height\" content=\"3496\" \/>\n\t<meta property=\"og:image:type\" content=\"image\/jpeg\" \/>\n<meta name=\"twitter:card\" content=\"summary_large_image\" \/>\n<script type=\"application\/ld+json\" class=\"yoast-schema-graph\">{\"@context\":\"https:\/\/schema.org\",\"@graph\":[{\"@type\":\"WebPage\",\"@id\":\"https:\/\/www.lift-mtb.com\/es\/produit\/refuerzo-motor-izquierda\/\",\"url\":\"https:\/\/www.lift-mtb.com\/es\/produit\/refuerzo-motor-izquierda\/\",\"name\":\"Refuerzo del motor izquierdo - LIFT-MTB kit recambios\",\"isPartOf\":{\"@id\":\"https:\/\/www.lift-mtb.com\/es\/#website\"},\"primaryImageOfPage\":{\"@id\":\"https:\/\/www.lift-mtb.com\/es\/produit\/refuerzo-motor-izquierda\/#primaryimage\"},\"image\":{\"@id\":\"https:\/\/www.lift-mtb.com\/es\/produit\/refuerzo-motor-izquierda\/#primaryimage\"},\"thumbnailUrl\":\"https:\/\/www.lift-mtb.com\/wp-content\/uploads\/2022\/02\/renfort-gauche-moteur-electrique-pour-vtt-1-scaled.jpg\",\"datePublished\":\"2022-02-18T18:34:08+00:00\",\"dateModified\":\"2023-02-17T17:02:54+00:00\",\"description\":\"Refuerzo del motor izquierdo para el kit de conversi\u00f3n de moto cl\u00e1sica a el\u00e9ctrica. Piezas de recambio para motores de bielas de bicicleta de monta\u00f1a.\",\"breadcrumb\":{\"@id\":\"https:\/\/www.lift-mtb.com\/es\/produit\/refuerzo-motor-izquierda\/#breadcrumb\"},\"inLanguage\":\"es\",\"potentialAction\":[{\"@type\":\"ReadAction\",\"target\":[\"https:\/\/www.lift-mtb.com\/es\/produit\/refuerzo-motor-izquierda\/\"]}]},{\"@type\":\"ImageObject\",\"inLanguage\":\"es\",\"@id\":\"https:\/\/www.lift-mtb.com\/es\/produit\/refuerzo-motor-izquierda\/#primaryimage\",\"url\":\"https:\/\/www.lift-mtb.com\/wp-content\/uploads\/2022\/02\/renfort-gauche-moteur-electrique-pour-vtt-1-scaled.jpg\",\"contentUrl\":\"https:\/\/www.lift-mtb.com\/wp-content\/uploads\/2022\/02\/renfort-gauche-moteur-electrique-pour-vtt-1-scaled.jpg\",\"width\":2797,\"height\":3496,\"caption\":\"Refuerzo del motor izquierdo\"},{\"@type\":\"BreadcrumbList\",\"@id\":\"https:\/\/www.lift-mtb.com\/es\/produit\/refuerzo-motor-izquierda\/#breadcrumb\",\"itemListElement\":[{\"@type\":\"ListItem\",\"position\":1,\"name\":\"Accueil\",\"item\":\"https:\/\/www.lift-mtb.com\/es\/\"},{\"@type\":\"ListItem\",\"position\":2,\"name\":\"Tienda\",\"item\":\"https:\/\/www.lift-mtb.com\/es\/tienda\/\"},{\"@type\":\"ListItem\",\"position\":3,\"name\":\"Piezas de recambio\",\"item\":\"https:\/\/www.lift-mtb.com\/es\/categoria-de-productos\/piezas-de-recambio\/\"},{\"@type\":\"ListItem\",\"position\":4,\"name\":\"Piezas de motor\",\"item\":\"https:\/\/www.lift-mtb.com\/es\/categoria-de-productos\/piezas-de-recambio\/piezas-de-motor\/\"},{\"@type\":\"ListItem\",\"position\":5,\"name\":\"Refuerzo del motor izquierdo\"}]},{\"@type\":\"WebSite\",\"@id\":\"https:\/\/www.lift-mtb.com\/es\/#website\",\"url\":\"https:\/\/www.lift-mtb.com\/es\/\",\"name\":\"LIFT-MTB\",\"description\":\"Transformer son v\u00e9lo en \u00e9lectrique rapidement !\",\"publisher\":{\"@id\":\"https:\/\/www.lift-mtb.com\/es\/#organization\"},\"potentialAction\":[{\"@type\":\"SearchAction\",\"target\":{\"@type\":\"EntryPoint\",\"urlTemplate\":\"https:\/\/www.lift-mtb.com\/es\/?s={search_term_string}\"},\"query-input\":{\"@type\":\"PropertyValueSpecification\",\"valueRequired\":true,\"valueName\":\"search_term_string\"}}],\"inLanguage\":\"es\"},{\"@type\":\"Organization\",\"@id\":\"https:\/\/www.lift-mtb.com\/es\/#organization\",\"name\":\"LIFT-MTB\",\"url\":\"https:\/\/www.lift-mtb.com\/es\/\",\"logo\":{\"@type\":\"ImageObject\",\"inLanguage\":\"es\",\"@id\":\"https:\/\/www.lift-mtb.com\/es\/#\/schema\/logo\/image\/\",\"url\":\"https:\/\/www.lift-mtb.com\/wp-content\/uploads\/2022\/01\/electric-kit-for-bike-1.jpg\",\"contentUrl\":\"https:\/\/www.lift-mtb.com\/wp-content\/uploads\/2022\/01\/electric-kit-for-bike-1.jpg\",\"width\":1223,\"height\":560,\"caption\":\"LIFT-MTB\"},\"image\":{\"@id\":\"https:\/\/www.lift-mtb.com\/es\/#\/schema\/logo\/image\/\"}}]}<\/script>\n<!-- \/ Yoast SEO plugin. -->","yoast_head_json":{"title":"Refuerzo del motor izquierdo - LIFT-MTB kit recambios","description":"Refuerzo del motor izquierdo para el kit de conversi\u00f3n de moto cl\u00e1sica a el\u00e9ctrica. Piezas de recambio para motores de bielas de bicicleta de monta\u00f1a.","robots":{"index":"index","follow":"follow","max-snippet":"max-snippet:-1","max-image-preview":"max-image-preview:large","max-video-preview":"max-video-preview:-1"},"canonical":"https:\/\/www.lift-mtb.com\/es\/produit\/refuerzo-motor-izquierda\/","og_locale":"es_ES","og_type":"article","og_title":"Refuerzo del motor izquierdo - LIFT-MTB kit recambios","og_description":"Refuerzo del motor izquierdo para el kit de conversi\u00f3n de moto cl\u00e1sica a el\u00e9ctrica. Piezas de recambio para motores de bielas de bicicleta de monta\u00f1a.","og_url":"https:\/\/www.lift-mtb.com\/es\/produit\/refuerzo-motor-izquierda\/","og_site_name":"LIFT-MTB","article_modified_time":"2023-02-17T17:02:54+00:00","og_image":[{"width":2797,"height":3496,"url":"https:\/\/www.lift-mtb.com\/wp-content\/uploads\/2022\/02\/renfort-gauche-moteur-electrique-pour-vtt-1-scaled.jpg","type":"image\/jpeg"}],"twitter_card":"summary_large_image","schema":{"@context":"https:\/\/schema.org","@graph":[{"@type":"WebPage","@id":"https:\/\/www.lift-mtb.com\/es\/produit\/refuerzo-motor-izquierda\/","url":"https:\/\/www.lift-mtb.com\/es\/produit\/refuerzo-motor-izquierda\/","name":"Refuerzo del motor izquierdo - LIFT-MTB kit recambios","isPartOf":{"@id":"https:\/\/www.lift-mtb.com\/es\/#website"},"primaryImageOfPage":{"@id":"https:\/\/www.lift-mtb.com\/es\/produit\/refuerzo-motor-izquierda\/#primaryimage"},"image":{"@id":"https:\/\/www.lift-mtb.com\/es\/produit\/refuerzo-motor-izquierda\/#primaryimage"},"thumbnailUrl":"https:\/\/www.lift-mtb.com\/wp-content\/uploads\/2022\/02\/renfort-gauche-moteur-electrique-pour-vtt-1-scaled.jpg","datePublished":"2022-02-18T18:34:08+00:00","dateModified":"2023-02-17T17:02:54+00:00","description":"Refuerzo del motor izquierdo para el kit de conversi\u00f3n de moto cl\u00e1sica a el\u00e9ctrica. Piezas de recambio para motores de bielas de bicicleta de monta\u00f1a.","breadcrumb":{"@id":"https:\/\/www.lift-mtb.com\/es\/produit\/refuerzo-motor-izquierda\/#breadcrumb"},"inLanguage":"es","potentialAction":[{"@type":"ReadAction","target":["https:\/\/www.lift-mtb.com\/es\/produit\/refuerzo-motor-izquierda\/"]}]},{"@type":"ImageObject","inLanguage":"es","@id":"https:\/\/www.lift-mtb.com\/es\/produit\/refuerzo-motor-izquierda\/#primaryimage","url":"https:\/\/www.lift-mtb.com\/wp-content\/uploads\/2022\/02\/renfort-gauche-moteur-electrique-pour-vtt-1-scaled.jpg","contentUrl":"https:\/\/www.lift-mtb.com\/wp-content\/uploads\/2022\/02\/renfort-gauche-moteur-electrique-pour-vtt-1-scaled.jpg","width":2797,"height":3496,"caption":"Refuerzo del motor izquierdo"},{"@type":"BreadcrumbList","@id":"https:\/\/www.lift-mtb.com\/es\/produit\/refuerzo-motor-izquierda\/#breadcrumb","itemListElement":[{"@type":"ListItem","position":1,"name":"Accueil","item":"https:\/\/www.lift-mtb.com\/es\/"},{"@type":"ListItem","position":2,"name":"Tienda","item":"https:\/\/www.lift-mtb.com\/es\/tienda\/"},{"@type":"ListItem","position":3,"name":"Piezas de recambio","item":"https:\/\/www.lift-mtb.com\/es\/categoria-de-productos\/piezas-de-recambio\/"},{"@type":"ListItem","position":4,"name":"Piezas de motor","item":"https:\/\/www.lift-mtb.com\/es\/categoria-de-productos\/piezas-de-recambio\/piezas-de-motor\/"},{"@type":"ListItem","position":5,"name":"Refuerzo del motor izquierdo"}]},{"@type":"WebSite","@id":"https:\/\/www.lift-mtb.com\/es\/#website","url":"https:\/\/www.lift-mtb.com\/es\/","name":"LIFT-MTB","description":"Transformer son v\u00e9lo en \u00e9lectrique rapidement !","publisher":{"@id":"https:\/\/www.lift-mtb.com\/es\/#organization"},"potentialAction":[{"@type":"SearchAction","target":{"@type":"EntryPoint","urlTemplate":"https:\/\/www.lift-mtb.com\/es\/?s={search_term_string}"},"query-input":{"@type":"PropertyValueSpecification","valueRequired":true,"valueName":"search_term_string"}}],"inLanguage":"es"},{"@type":"Organization","@id":"https:\/\/www.lift-mtb.com\/es\/#organization","name":"LIFT-MTB","url":"https:\/\/www.lift-mtb.com\/es\/","logo":{"@type":"ImageObject","inLanguage":"es","@id":"https:\/\/www.lift-mtb.com\/es\/#\/schema\/logo\/image\/","url":"https:\/\/www.lift-mtb.com\/wp-content\/uploads\/2022\/01\/electric-kit-for-bike-1.jpg","contentUrl":"https:\/\/www.lift-mtb.com\/wp-content\/uploads\/2022\/01\/electric-kit-for-bike-1.jpg","width":1223,"height":560,"caption":"LIFT-MTB"},"image":{"@id":"https:\/\/www.lift-mtb.com\/es\/#\/schema\/logo\/image\/"}}]}},"_links":{"self":[{"href":"https:\/\/www.lift-mtb.com\/es\/wp-json\/wp\/v2\/product\/39846","targetHints":{"allow":["GET"]}}],"collection":[{"href":"https:\/\/www.lift-mtb.com\/es\/wp-json\/wp\/v2\/product"}],"about":[{"href":"https:\/\/www.lift-mtb.com\/es\/wp-json\/wp\/v2\/types\/product"}],"replies":[{"embeddable":true,"href":"https:\/\/www.lift-mtb.com\/es\/wp-json\/wp\/v2\/comments?post=39846"}],"wp:featuredmedia":[{"embeddable":true,"href":"https:\/\/www.lift-mtb.com\/es\/wp-json\/wp\/v2\/media\/7562"}],"wp:attachment":[{"href":"https:\/\/www.lift-mtb.com\/es\/wp-json\/wp\/v2\/media?parent=39846"}],"wp:term":[{"taxonomy":"product_brand","embeddable":true,"href":"https:\/\/www.lift-mtb.com\/es\/wp-json\/wp\/v2\/product_brand?post=39846"},{"taxonomy":"product_cat","embeddable":true,"href":"https:\/\/www.lift-mtb.com\/es\/wp-json\/wp\/v2\/product_cat?post=39846"},{"taxonomy":"product_tag","embeddable":true,"href":"https:\/\/www.lift-mtb.com\/es\/wp-json\/wp\/v2\/product_tag?post=39846"}],"curies":[{"name":"wp","href":"https:\/\/api.w.org\/{rel}","templated":true}]}}