{"id":39850,"date":"2022-02-18T19:14:55","date_gmt":"2022-02-18T18:14:55","guid":{"rendered":"https:\/produit\/proteccion-del-bastidor-motor\/"},"modified":"2023-02-23T23:54:59","modified_gmt":"2023-02-23T22:54:59","slug":"cuadro-protector-bicicleta-electrica-pedal-motor-kit","status":"publish","type":"product","link":"https:\/\/www.lift-mtb.com\/es\/produit\/cuadro-protector-bicicleta-electrica-pedal-motor-kit\/","title":{"rendered":"Protecci\u00f3n del bastidor &#8211; motor"},"content":{"rendered":"<p>El protector de cuadro protege el cuadro de su bicicleta el\u00e9ctrica de ara\u00f1azos debidos al contacto del juego de bielas y platos<a href=\"https:\/\/www.youtube.com\/@LIFTMTBTV\"> LIFT MTB<\/a> en la posici\u00f3n bajo el cuadro e internamente con el tubo diagonal (parte inferior del cuadro).<\/p>\n<p>Esta protecci\u00f3n reduce la resonancia del cuadro con la integraci\u00f3n del kit del motor del plato, por lo que el motor es<a href=\"https:\/test-sonometre-du-kit-moteur-pedalier\/\"> menos ruidoso<\/a>. Se fija f\u00e1cilmente con una cara autoadhesiva 3M duradera.<\/p>\n<p>&nbsp;<\/p>\n<p>&nbsp;<\/p>\n","protected":false},"excerpt":{"rendered":"<p><strong>Descripci\u00f3n:<\/strong><\/p>\n<ul>\n<li>Garantiza la protecci\u00f3n del chasis\/motor<\/li>\n<li>Goma resistente, ajustable, 3M<\/li>\n<li>1 unidad<\/li>\n<\/ul>\n","protected":false},"featured_media":7501,"comment_status":"open","ping_status":"closed","template":"","meta":[],"product_brand":[],"product_cat":[842],"product_tag":[],"class_list":{"0":"post-39850","1":"product","2":"type-product","3":"status-publish","4":"has-post-thumbnail","6":"product_cat-piezas-de-motor","8":"first","9":"instock","10":"taxable","11":"shipping-taxable","12":"purchasable","13":"product-type-simple"},"yoast_head":"<!-- This site is optimized with the Yoast SEO plugin v26.9 - https:\/\/yoast.com\/product\/yoast-seo-wordpress\/ -->\n<title>Protecci\u00f3n de bastidor para kit motor el\u00e9ctrico de pedales .<\/title>\n<meta name=\"description\" content=\"Protecci\u00f3n del cuadro que se fija entre un kit de motorizaci\u00f3n de pedales tipo BAFANG, CYC, LIFT-MTB para proteger el tubo inferior (parte baja del cuadro).\" \/>\n<meta name=\"robots\" content=\"index, follow, max-snippet:-1, max-image-preview:large, max-video-preview:-1\" \/>\n<link rel=\"canonical\" href=\"https:\/\/www.lift-mtb.com\/es\/produit\/cuadro-protector-bicicleta-electrica-pedal-motor-kit\/\" \/>\n<meta property=\"og:locale\" content=\"es_ES\" \/>\n<meta property=\"og:type\" content=\"article\" \/>\n<meta property=\"og:title\" content=\"Protecci\u00f3n de bastidor para kit motor el\u00e9ctrico de pedales .\" \/>\n<meta property=\"og:description\" content=\"Protecci\u00f3n del cuadro que se fija entre un kit de motorizaci\u00f3n de pedales tipo BAFANG, CYC, LIFT-MTB para proteger el tubo inferior (parte baja del cuadro).\" \/>\n<meta property=\"og:url\" content=\"https:\/\/www.lift-mtb.com\/es\/produit\/cuadro-protector-bicicleta-electrica-pedal-motor-kit\/\" \/>\n<meta property=\"og:site_name\" content=\"LIFT-MTB\" \/>\n<meta property=\"article:modified_time\" content=\"2023-02-23T22:54:59+00:00\" \/>\n<meta property=\"og:image\" content=\"https:\/\/www.lift-mtb.com\/wp-content\/uploads\/2022\/02\/mousse-autocollante.jpg\" \/>\n\t<meta property=\"og:image:width\" content=\"1080\" \/>\n\t<meta property=\"og:image:height\" content=\"1350\" \/>\n\t<meta property=\"og:image:type\" content=\"image\/jpeg\" \/>\n<meta name=\"twitter:card\" content=\"summary_large_image\" \/>\n<script type=\"application\/ld+json\" class=\"yoast-schema-graph\">{\"@context\":\"https:\/\/schema.org\",\"@graph\":[{\"@type\":\"WebPage\",\"@id\":\"https:\/\/www.lift-mtb.com\/es\/produit\/cuadro-protector-bicicleta-electrica-pedal-motor-kit\/\",\"url\":\"https:\/\/www.lift-mtb.com\/es\/produit\/cuadro-protector-bicicleta-electrica-pedal-motor-kit\/\",\"name\":\"Protecci\u00f3n de bastidor para kit motor el\u00e9ctrico de pedales .\",\"isPartOf\":{\"@id\":\"https:\/\/www.lift-mtb.com\/es\/#website\"},\"primaryImageOfPage\":{\"@id\":\"https:\/\/www.lift-mtb.com\/es\/produit\/cuadro-protector-bicicleta-electrica-pedal-motor-kit\/#primaryimage\"},\"image\":{\"@id\":\"https:\/\/www.lift-mtb.com\/es\/produit\/cuadro-protector-bicicleta-electrica-pedal-motor-kit\/#primaryimage\"},\"thumbnailUrl\":\"https:\/\/www.lift-mtb.com\/wp-content\/uploads\/2022\/02\/mousse-autocollante.jpg\",\"datePublished\":\"2022-02-18T18:14:55+00:00\",\"dateModified\":\"2023-02-23T22:54:59+00:00\",\"description\":\"Protecci\u00f3n del cuadro que se fija entre un kit de motorizaci\u00f3n de pedales tipo BAFANG, CYC, LIFT-MTB para proteger el tubo inferior (parte baja del cuadro).\",\"breadcrumb\":{\"@id\":\"https:\/\/www.lift-mtb.com\/es\/produit\/cuadro-protector-bicicleta-electrica-pedal-motor-kit\/#breadcrumb\"},\"inLanguage\":\"es\",\"potentialAction\":[{\"@type\":\"ReadAction\",\"target\":[\"https:\/\/www.lift-mtb.com\/es\/produit\/cuadro-protector-bicicleta-electrica-pedal-motor-kit\/\"]}]},{\"@type\":\"ImageObject\",\"inLanguage\":\"es\",\"@id\":\"https:\/\/www.lift-mtb.com\/es\/produit\/cuadro-protector-bicicleta-electrica-pedal-motor-kit\/#primaryimage\",\"url\":\"https:\/\/www.lift-mtb.com\/wp-content\/uploads\/2022\/02\/mousse-autocollante.jpg\",\"contentUrl\":\"https:\/\/www.lift-mtb.com\/wp-content\/uploads\/2022\/02\/mousse-autocollante.jpg\",\"width\":1080,\"height\":1350,\"caption\":\"Protecci\u00f3n del cuadro de la bicicleta el\u00e9ctrica\"},{\"@type\":\"BreadcrumbList\",\"@id\":\"https:\/\/www.lift-mtb.com\/es\/produit\/cuadro-protector-bicicleta-electrica-pedal-motor-kit\/#breadcrumb\",\"itemListElement\":[{\"@type\":\"ListItem\",\"position\":1,\"name\":\"Accueil\",\"item\":\"https:\/\/www.lift-mtb.com\/es\/\"},{\"@type\":\"ListItem\",\"position\":2,\"name\":\"Tienda\",\"item\":\"https:\/\/www.lift-mtb.com\/es\/tienda\/\"},{\"@type\":\"ListItem\",\"position\":3,\"name\":\"Piezas de recambio\",\"item\":\"https:\/\/www.lift-mtb.com\/es\/categoria-de-productos\/piezas-de-recambio\/\"},{\"@type\":\"ListItem\",\"position\":4,\"name\":\"Piezas de motor\",\"item\":\"https:\/\/www.lift-mtb.com\/es\/categoria-de-productos\/piezas-de-recambio\/piezas-de-motor\/\"},{\"@type\":\"ListItem\",\"position\":5,\"name\":\"Protecci\u00f3n del bastidor &#8211; motor\"}]},{\"@type\":\"WebSite\",\"@id\":\"https:\/\/www.lift-mtb.com\/es\/#website\",\"url\":\"https:\/\/www.lift-mtb.com\/es\/\",\"name\":\"LIFT-MTB\",\"description\":\"Transformer son v\u00e9lo en \u00e9lectrique rapidement !\",\"publisher\":{\"@id\":\"https:\/\/www.lift-mtb.com\/es\/#organization\"},\"potentialAction\":[{\"@type\":\"SearchAction\",\"target\":{\"@type\":\"EntryPoint\",\"urlTemplate\":\"https:\/\/www.lift-mtb.com\/es\/?s={search_term_string}\"},\"query-input\":{\"@type\":\"PropertyValueSpecification\",\"valueRequired\":true,\"valueName\":\"search_term_string\"}}],\"inLanguage\":\"es\"},{\"@type\":\"Organization\",\"@id\":\"https:\/\/www.lift-mtb.com\/es\/#organization\",\"name\":\"LIFT-MTB\",\"url\":\"https:\/\/www.lift-mtb.com\/es\/\",\"logo\":{\"@type\":\"ImageObject\",\"inLanguage\":\"es\",\"@id\":\"https:\/\/www.lift-mtb.com\/es\/#\/schema\/logo\/image\/\",\"url\":\"https:\/\/www.lift-mtb.com\/wp-content\/uploads\/2022\/01\/electric-kit-for-bike-1.jpg\",\"contentUrl\":\"https:\/\/www.lift-mtb.com\/wp-content\/uploads\/2022\/01\/electric-kit-for-bike-1.jpg\",\"width\":1223,\"height\":560,\"caption\":\"LIFT-MTB\"},\"image\":{\"@id\":\"https:\/\/www.lift-mtb.com\/es\/#\/schema\/logo\/image\/\"}}]}<\/script>\n<!-- \/ Yoast SEO plugin. -->","yoast_head_json":{"title":"Protecci\u00f3n de bastidor para kit motor el\u00e9ctrico de pedales .","description":"Protecci\u00f3n del cuadro que se fija entre un kit de motorizaci\u00f3n de pedales tipo BAFANG, CYC, LIFT-MTB para proteger el tubo inferior (parte baja del cuadro).","robots":{"index":"index","follow":"follow","max-snippet":"max-snippet:-1","max-image-preview":"max-image-preview:large","max-video-preview":"max-video-preview:-1"},"canonical":"https:\/\/www.lift-mtb.com\/es\/produit\/cuadro-protector-bicicleta-electrica-pedal-motor-kit\/","og_locale":"es_ES","og_type":"article","og_title":"Protecci\u00f3n de bastidor para kit motor el\u00e9ctrico de pedales .","og_description":"Protecci\u00f3n del cuadro que se fija entre un kit de motorizaci\u00f3n de pedales tipo BAFANG, CYC, LIFT-MTB para proteger el tubo inferior (parte baja del cuadro).","og_url":"https:\/\/www.lift-mtb.com\/es\/produit\/cuadro-protector-bicicleta-electrica-pedal-motor-kit\/","og_site_name":"LIFT-MTB","article_modified_time":"2023-02-23T22:54:59+00:00","og_image":[{"width":1080,"height":1350,"url":"https:\/\/www.lift-mtb.com\/wp-content\/uploads\/2022\/02\/mousse-autocollante.jpg","type":"image\/jpeg"}],"twitter_card":"summary_large_image","schema":{"@context":"https:\/\/schema.org","@graph":[{"@type":"WebPage","@id":"https:\/\/www.lift-mtb.com\/es\/produit\/cuadro-protector-bicicleta-electrica-pedal-motor-kit\/","url":"https:\/\/www.lift-mtb.com\/es\/produit\/cuadro-protector-bicicleta-electrica-pedal-motor-kit\/","name":"Protecci\u00f3n de bastidor para kit motor el\u00e9ctrico de pedales .","isPartOf":{"@id":"https:\/\/www.lift-mtb.com\/es\/#website"},"primaryImageOfPage":{"@id":"https:\/\/www.lift-mtb.com\/es\/produit\/cuadro-protector-bicicleta-electrica-pedal-motor-kit\/#primaryimage"},"image":{"@id":"https:\/\/www.lift-mtb.com\/es\/produit\/cuadro-protector-bicicleta-electrica-pedal-motor-kit\/#primaryimage"},"thumbnailUrl":"https:\/\/www.lift-mtb.com\/wp-content\/uploads\/2022\/02\/mousse-autocollante.jpg","datePublished":"2022-02-18T18:14:55+00:00","dateModified":"2023-02-23T22:54:59+00:00","description":"Protecci\u00f3n del cuadro que se fija entre un kit de motorizaci\u00f3n de pedales tipo BAFANG, CYC, LIFT-MTB para proteger el tubo inferior (parte baja del cuadro).","breadcrumb":{"@id":"https:\/\/www.lift-mtb.com\/es\/produit\/cuadro-protector-bicicleta-electrica-pedal-motor-kit\/#breadcrumb"},"inLanguage":"es","potentialAction":[{"@type":"ReadAction","target":["https:\/\/www.lift-mtb.com\/es\/produit\/cuadro-protector-bicicleta-electrica-pedal-motor-kit\/"]}]},{"@type":"ImageObject","inLanguage":"es","@id":"https:\/\/www.lift-mtb.com\/es\/produit\/cuadro-protector-bicicleta-electrica-pedal-motor-kit\/#primaryimage","url":"https:\/\/www.lift-mtb.com\/wp-content\/uploads\/2022\/02\/mousse-autocollante.jpg","contentUrl":"https:\/\/www.lift-mtb.com\/wp-content\/uploads\/2022\/02\/mousse-autocollante.jpg","width":1080,"height":1350,"caption":"Protecci\u00f3n del cuadro de la bicicleta el\u00e9ctrica"},{"@type":"BreadcrumbList","@id":"https:\/\/www.lift-mtb.com\/es\/produit\/cuadro-protector-bicicleta-electrica-pedal-motor-kit\/#breadcrumb","itemListElement":[{"@type":"ListItem","position":1,"name":"Accueil","item":"https:\/\/www.lift-mtb.com\/es\/"},{"@type":"ListItem","position":2,"name":"Tienda","item":"https:\/\/www.lift-mtb.com\/es\/tienda\/"},{"@type":"ListItem","position":3,"name":"Piezas de recambio","item":"https:\/\/www.lift-mtb.com\/es\/categoria-de-productos\/piezas-de-recambio\/"},{"@type":"ListItem","position":4,"name":"Piezas de motor","item":"https:\/\/www.lift-mtb.com\/es\/categoria-de-productos\/piezas-de-recambio\/piezas-de-motor\/"},{"@type":"ListItem","position":5,"name":"Protecci\u00f3n del bastidor &#8211; motor"}]},{"@type":"WebSite","@id":"https:\/\/www.lift-mtb.com\/es\/#website","url":"https:\/\/www.lift-mtb.com\/es\/","name":"LIFT-MTB","description":"Transformer son v\u00e9lo en \u00e9lectrique rapidement !","publisher":{"@id":"https:\/\/www.lift-mtb.com\/es\/#organization"},"potentialAction":[{"@type":"SearchAction","target":{"@type":"EntryPoint","urlTemplate":"https:\/\/www.lift-mtb.com\/es\/?s={search_term_string}"},"query-input":{"@type":"PropertyValueSpecification","valueRequired":true,"valueName":"search_term_string"}}],"inLanguage":"es"},{"@type":"Organization","@id":"https:\/\/www.lift-mtb.com\/es\/#organization","name":"LIFT-MTB","url":"https:\/\/www.lift-mtb.com\/es\/","logo":{"@type":"ImageObject","inLanguage":"es","@id":"https:\/\/www.lift-mtb.com\/es\/#\/schema\/logo\/image\/","url":"https:\/\/www.lift-mtb.com\/wp-content\/uploads\/2022\/01\/electric-kit-for-bike-1.jpg","contentUrl":"https:\/\/www.lift-mtb.com\/wp-content\/uploads\/2022\/01\/electric-kit-for-bike-1.jpg","width":1223,"height":560,"caption":"LIFT-MTB"},"image":{"@id":"https:\/\/www.lift-mtb.com\/es\/#\/schema\/logo\/image\/"}}]}},"_links":{"self":[{"href":"https:\/\/www.lift-mtb.com\/es\/wp-json\/wp\/v2\/product\/39850","targetHints":{"allow":["GET"]}}],"collection":[{"href":"https:\/\/www.lift-mtb.com\/es\/wp-json\/wp\/v2\/product"}],"about":[{"href":"https:\/\/www.lift-mtb.com\/es\/wp-json\/wp\/v2\/types\/product"}],"replies":[{"embeddable":true,"href":"https:\/\/www.lift-mtb.com\/es\/wp-json\/wp\/v2\/comments?post=39850"}],"wp:featuredmedia":[{"embeddable":true,"href":"https:\/\/www.lift-mtb.com\/es\/wp-json\/wp\/v2\/media\/7501"}],"wp:attachment":[{"href":"https:\/\/www.lift-mtb.com\/es\/wp-json\/wp\/v2\/media?parent=39850"}],"wp:term":[{"taxonomy":"product_brand","embeddable":true,"href":"https:\/\/www.lift-mtb.com\/es\/wp-json\/wp\/v2\/product_brand?post=39850"},{"taxonomy":"product_cat","embeddable":true,"href":"https:\/\/www.lift-mtb.com\/es\/wp-json\/wp\/v2\/product_cat?post=39850"},{"taxonomy":"product_tag","embeddable":true,"href":"https:\/\/www.lift-mtb.com\/es\/wp-json\/wp\/v2\/product_tag?post=39850"}],"curies":[{"name":"wp","href":"https:\/\/api.w.org\/{rel}","templated":true}]}}