{"id":39861,"date":"2022-02-18T14:12:15","date_gmt":"2022-02-18T13:12:15","guid":{"rendered":"https:\/produit\/protector-de-cadena-cnc\/"},"modified":"2025-06-10T23:26:03","modified_gmt":"2025-06-10T21:26:03","slug":"carcasa-cubierta-cnc","status":"publish","type":"product","link":"https:\/\/www.lift-mtb.com\/es\/produit\/carcasa-cubierta-cnc\/","title":{"rendered":"Cubrecadena de aluminio"},"content":{"rendered":"<p><strong>\u00bfEs compatible el cubrecadena de aluminio con mi kit de motor de bielas LIFT-MTB?  <\/strong><\/p>\n<p>El protector de cadena LIFT-MTB es compatible con todas las versiones de la <a href=\"https:\/\/www.youtube.com\/@LIFTMTBTV\">LIFT-MTB<\/a> y le protege de las piezas giratorias del pi\u00f1\u00f3n del motor y de la cadena de su bicicleta el\u00e9ctrica.<\/p>\n<p>Modelo id\u00e9ntico al suministrado con el kit v4, as\u00ed que con la nueva generaci\u00f3n de dise\u00f1o optimizado para limitar los descarrilamientos.<\/p>\n<p>F\u00e1cil de instalar, protege el pi\u00f1\u00f3n del motor.<\/p>\n<p>De aluminio anodizado, se <a href=\"https:\/fabrication-made-in-france-moteur-electrique-pour-velo\/\">fabrica en<\/a> Francia, se vende con tornillos BTR de acero inoxidable y un juego de arandelas de aluminio mecanizadas mediante CNC.<\/p>\n<p>&nbsp;<\/p>\n<p>Puede ver el v\u00eddeo del montaje del kit https:\/\/www.youtube.com\/watch?v=ARTflsFd2oY<\/p>\n<p>Vea todos nuestros otros v\u00eddeos aqu\u00ed: \/www.lift-mtb.com\/videos-en-action\/<\/p>\n","protected":false},"excerpt":{"rendered":"<p><strong>Descripci\u00f3n:<\/strong><\/p>\n<p>&nbsp;<\/p>\n<p>Cuando utilice un motor el\u00e9ctrico desmontable para su bicicleta el\u00e9ctrica, es importante utilizar un cubrecadenas para proteger la cadena de transmisi\u00f3n primaria.<\/p>\n<p>El cubrecadena es un accesorio esencial que protege la cadena del motor de elementos externos como el barro, el polvo y el agua. Esto puede prolongar la vida \u00fatil de la cadena cinem\u00e1tica, garantizando un rendimiento \u00f3ptimo del motor.<\/p>\n<p>A la hora de buscar el mejor motor el\u00e9ctrico desmontable para su bicicleta el\u00e9ctrica, es importante tener en cuenta factores como la potencia, el tama\u00f1o y el peso.<\/p>\n<p>Adem\u00e1s, aseg\u00farese de elegir un motor el\u00e9ctrico de alta calidad para garantizar un rendimiento fiable a largo plazo.<\/p>\n<p>Adem\u00e1s, no olvide a\u00f1adir un cubrecadenas a su equipo para proteger la cadena de transmisi\u00f3n.<\/p>\n<p>En resumen, los motores el\u00e9ctricos desmontables para bicicletas el\u00e9ctricas permiten convertir r\u00e1pidamente una bicicleta en una bicicleta el\u00e9ctrica. El uso de un protector de cadena para proteger la cadena de transmisi\u00f3n primaria tambi\u00e9n es crucial para garantizar un rendimiento \u00f3ptimo del motor. Si buscas un motor el\u00e9ctrico desmontable para tu bicicleta de enduro o all mountain, el modelo LIFT MTB es sin duda para ti<\/p>\n<div id=\"cc-shop-product-desc-text-15999231124\" class=\"description\"><\/div>\n<div id=\"cc-shop-product-desc-text-15999231124\" class=\"description\">\n<p>Las bicicletas el\u00e9ctricas son cada vez m\u00e1s populares por su facilidad de uso en desplazamientos urbanos sin fatiga. LIFT MTB ofrece motores el\u00e9ctricos desmontables para bicicletas para convertirlas en el\u00e9ctricas.<\/p>\n<p>Los motores el\u00e9ctricos desmontables est\u00e1n dise\u00f1ados para instalarse y desmontarse f\u00e1cilmente de la moto, lo que proporciona una flexibilidad adicional a los motoristas.<\/p>\n<p>Tambi\u00e9n se pueden quitar r\u00e1pidamente para pasar un fin de semana en la monta\u00f1a, por ejemplo. Los motores el\u00e9ctricos desmontables tambi\u00e9n son \u00fatiles para las personas que quieren utilizar su bicicleta para diferentes prop\u00f3sitos o diferentes bicicletas.<\/p>\n<p>&nbsp;<\/p>\n<\/div>\n","protected":false},"featured_media":41639,"comment_status":"open","ping_status":"closed","template":"","meta":[],"product_brand":[],"product_cat":[842],"product_tag":[],"class_list":{"0":"post-39861","1":"product","2":"type-product","3":"status-publish","4":"has-post-thumbnail","6":"product_cat-piezas-de-motor","8":"first","9":"instock","10":"taxable","11":"shipping-taxable","12":"purchasable","13":"product-type-simple"},"yoast_head":"<!-- This site is optimized with the Yoast SEO plugin v26.9 - https:\/\/yoast.com\/product\/yoast-seo-wordpress\/ -->\n<title>Cubrecadena para moto el\u00e9ctrica kit - Protecci\u00f3n AE<\/title>\n<meta name=\"description\" content=\"Cubierta de la cadena para el kit de motor de pedal LIFT-MTB. Permite la protecci\u00f3n del pi\u00f1\u00f3n del motor - Mecanizado en Francia.\" \/>\n<meta name=\"robots\" content=\"index, follow, max-snippet:-1, max-image-preview:large, max-video-preview:-1\" \/>\n<link rel=\"canonical\" href=\"https:\/\/www.lift-mtb.com\/es\/produit\/carcasa-cubierta-cnc\/\" \/>\n<meta property=\"og:locale\" content=\"es_ES\" \/>\n<meta property=\"og:type\" content=\"article\" \/>\n<meta property=\"og:title\" content=\"Cubrecadena para moto el\u00e9ctrica kit - Protecci\u00f3n AE\" \/>\n<meta property=\"og:description\" content=\"Cubierta de la cadena para el kit de motor de pedal LIFT-MTB. Permite la protecci\u00f3n del pi\u00f1\u00f3n del motor - Mecanizado en Francia.\" \/>\n<meta property=\"og:url\" content=\"https:\/\/www.lift-mtb.com\/es\/produit\/carcasa-cubierta-cnc\/\" \/>\n<meta property=\"og:site_name\" content=\"LIFT-MTB\" \/>\n<meta property=\"article:modified_time\" content=\"2025-06-10T21:26:03+00:00\" \/>\n<meta property=\"og:image\" content=\"https:\/\/www.lift-mtb.com\/wp-content\/uploads\/2022\/02\/cache-chaine-v4.png\" \/>\n\t<meta property=\"og:image:width\" content=\"1772\" \/>\n\t<meta property=\"og:image:height\" content=\"1181\" \/>\n\t<meta property=\"og:image:type\" content=\"image\/png\" \/>\n<meta name=\"twitter:card\" content=\"summary_large_image\" \/>\n<meta name=\"twitter:label1\" content=\"Tiempo de lectura\" \/>\n\t<meta name=\"twitter:data1\" content=\"1 minuto\" \/>\n<script type=\"application\/ld+json\" class=\"yoast-schema-graph\">{\"@context\":\"https:\/\/schema.org\",\"@graph\":[{\"@type\":\"WebPage\",\"@id\":\"https:\/\/www.lift-mtb.com\/es\/produit\/carcasa-cubierta-cnc\/\",\"url\":\"https:\/\/www.lift-mtb.com\/es\/produit\/carcasa-cubierta-cnc\/\",\"name\":\"Cubrecadena para moto el\u00e9ctrica kit - Protecci\u00f3n AE\",\"isPartOf\":{\"@id\":\"https:\/\/www.lift-mtb.com\/es\/#website\"},\"primaryImageOfPage\":{\"@id\":\"https:\/\/www.lift-mtb.com\/es\/produit\/carcasa-cubierta-cnc\/#primaryimage\"},\"image\":{\"@id\":\"https:\/\/www.lift-mtb.com\/es\/produit\/carcasa-cubierta-cnc\/#primaryimage\"},\"thumbnailUrl\":\"https:\/\/www.lift-mtb.com\/wp-content\/uploads\/2022\/02\/cache-chaine-v4.png\",\"datePublished\":\"2022-02-18T13:12:15+00:00\",\"dateModified\":\"2025-06-10T21:26:03+00:00\",\"description\":\"Cubierta de la cadena para el kit de motor de pedal LIFT-MTB. Permite la protecci\u00f3n del pi\u00f1\u00f3n del motor - Mecanizado en Francia.\",\"breadcrumb\":{\"@id\":\"https:\/\/www.lift-mtb.com\/es\/produit\/carcasa-cubierta-cnc\/#breadcrumb\"},\"inLanguage\":\"es\",\"potentialAction\":[{\"@type\":\"ReadAction\",\"target\":[\"https:\/\/www.lift-mtb.com\/es\/produit\/carcasa-cubierta-cnc\/\"]}]},{\"@type\":\"ImageObject\",\"inLanguage\":\"es\",\"@id\":\"https:\/\/www.lift-mtb.com\/es\/produit\/carcasa-cubierta-cnc\/#primaryimage\",\"url\":\"https:\/\/www.lift-mtb.com\/wp-content\/uploads\/2022\/02\/cache-chaine-v4.png\",\"contentUrl\":\"https:\/\/www.lift-mtb.com\/wp-content\/uploads\/2022\/02\/cache-chaine-v4.png\",\"width\":1772,\"height\":1181,\"caption\":\"cache chaine pour moteur p\u00e9dalier velo\"},{\"@type\":\"BreadcrumbList\",\"@id\":\"https:\/\/www.lift-mtb.com\/es\/produit\/carcasa-cubierta-cnc\/#breadcrumb\",\"itemListElement\":[{\"@type\":\"ListItem\",\"position\":1,\"name\":\"Accueil\",\"item\":\"https:\/\/www.lift-mtb.com\/es\/\"},{\"@type\":\"ListItem\",\"position\":2,\"name\":\"Tienda\",\"item\":\"https:\/\/www.lift-mtb.com\/es\/tienda\/\"},{\"@type\":\"ListItem\",\"position\":3,\"name\":\"Piezas de recambio\",\"item\":\"https:\/\/www.lift-mtb.com\/es\/categoria-de-productos\/piezas-de-recambio\/\"},{\"@type\":\"ListItem\",\"position\":4,\"name\":\"Piezas de motor\",\"item\":\"https:\/\/www.lift-mtb.com\/es\/categoria-de-productos\/piezas-de-recambio\/piezas-de-motor\/\"},{\"@type\":\"ListItem\",\"position\":5,\"name\":\"Cubrecadena de aluminio\"}]},{\"@type\":\"WebSite\",\"@id\":\"https:\/\/www.lift-mtb.com\/es\/#website\",\"url\":\"https:\/\/www.lift-mtb.com\/es\/\",\"name\":\"LIFT-MTB\",\"description\":\"Transformer son v\u00e9lo en \u00e9lectrique rapidement !\",\"publisher\":{\"@id\":\"https:\/\/www.lift-mtb.com\/es\/#organization\"},\"potentialAction\":[{\"@type\":\"SearchAction\",\"target\":{\"@type\":\"EntryPoint\",\"urlTemplate\":\"https:\/\/www.lift-mtb.com\/es\/?s={search_term_string}\"},\"query-input\":{\"@type\":\"PropertyValueSpecification\",\"valueRequired\":true,\"valueName\":\"search_term_string\"}}],\"inLanguage\":\"es\"},{\"@type\":\"Organization\",\"@id\":\"https:\/\/www.lift-mtb.com\/es\/#organization\",\"name\":\"LIFT-MTB\",\"url\":\"https:\/\/www.lift-mtb.com\/es\/\",\"logo\":{\"@type\":\"ImageObject\",\"inLanguage\":\"es\",\"@id\":\"https:\/\/www.lift-mtb.com\/es\/#\/schema\/logo\/image\/\",\"url\":\"https:\/\/www.lift-mtb.com\/wp-content\/uploads\/2022\/01\/electric-kit-for-bike-1.jpg\",\"contentUrl\":\"https:\/\/www.lift-mtb.com\/wp-content\/uploads\/2022\/01\/electric-kit-for-bike-1.jpg\",\"width\":1223,\"height\":560,\"caption\":\"LIFT-MTB\"},\"image\":{\"@id\":\"https:\/\/www.lift-mtb.com\/es\/#\/schema\/logo\/image\/\"}}]}<\/script>\n<!-- \/ Yoast SEO plugin. -->","yoast_head_json":{"title":"Cubrecadena para moto el\u00e9ctrica kit - Protecci\u00f3n AE","description":"Cubierta de la cadena para el kit de motor de pedal LIFT-MTB. Permite la protecci\u00f3n del pi\u00f1\u00f3n del motor - Mecanizado en Francia.","robots":{"index":"index","follow":"follow","max-snippet":"max-snippet:-1","max-image-preview":"max-image-preview:large","max-video-preview":"max-video-preview:-1"},"canonical":"https:\/\/www.lift-mtb.com\/es\/produit\/carcasa-cubierta-cnc\/","og_locale":"es_ES","og_type":"article","og_title":"Cubrecadena para moto el\u00e9ctrica kit - Protecci\u00f3n AE","og_description":"Cubierta de la cadena para el kit de motor de pedal LIFT-MTB. Permite la protecci\u00f3n del pi\u00f1\u00f3n del motor - Mecanizado en Francia.","og_url":"https:\/\/www.lift-mtb.com\/es\/produit\/carcasa-cubierta-cnc\/","og_site_name":"LIFT-MTB","article_modified_time":"2025-06-10T21:26:03+00:00","og_image":[{"width":1772,"height":1181,"url":"https:\/\/www.lift-mtb.com\/wp-content\/uploads\/2022\/02\/cache-chaine-v4.png","type":"image\/png"}],"twitter_card":"summary_large_image","twitter_misc":{"Tiempo de lectura":"1 minuto"},"schema":{"@context":"https:\/\/schema.org","@graph":[{"@type":"WebPage","@id":"https:\/\/www.lift-mtb.com\/es\/produit\/carcasa-cubierta-cnc\/","url":"https:\/\/www.lift-mtb.com\/es\/produit\/carcasa-cubierta-cnc\/","name":"Cubrecadena para moto el\u00e9ctrica kit - Protecci\u00f3n AE","isPartOf":{"@id":"https:\/\/www.lift-mtb.com\/es\/#website"},"primaryImageOfPage":{"@id":"https:\/\/www.lift-mtb.com\/es\/produit\/carcasa-cubierta-cnc\/#primaryimage"},"image":{"@id":"https:\/\/www.lift-mtb.com\/es\/produit\/carcasa-cubierta-cnc\/#primaryimage"},"thumbnailUrl":"https:\/\/www.lift-mtb.com\/wp-content\/uploads\/2022\/02\/cache-chaine-v4.png","datePublished":"2022-02-18T13:12:15+00:00","dateModified":"2025-06-10T21:26:03+00:00","description":"Cubierta de la cadena para el kit de motor de pedal LIFT-MTB. Permite la protecci\u00f3n del pi\u00f1\u00f3n del motor - Mecanizado en Francia.","breadcrumb":{"@id":"https:\/\/www.lift-mtb.com\/es\/produit\/carcasa-cubierta-cnc\/#breadcrumb"},"inLanguage":"es","potentialAction":[{"@type":"ReadAction","target":["https:\/\/www.lift-mtb.com\/es\/produit\/carcasa-cubierta-cnc\/"]}]},{"@type":"ImageObject","inLanguage":"es","@id":"https:\/\/www.lift-mtb.com\/es\/produit\/carcasa-cubierta-cnc\/#primaryimage","url":"https:\/\/www.lift-mtb.com\/wp-content\/uploads\/2022\/02\/cache-chaine-v4.png","contentUrl":"https:\/\/www.lift-mtb.com\/wp-content\/uploads\/2022\/02\/cache-chaine-v4.png","width":1772,"height":1181,"caption":"cache chaine pour moteur p\u00e9dalier velo"},{"@type":"BreadcrumbList","@id":"https:\/\/www.lift-mtb.com\/es\/produit\/carcasa-cubierta-cnc\/#breadcrumb","itemListElement":[{"@type":"ListItem","position":1,"name":"Accueil","item":"https:\/\/www.lift-mtb.com\/es\/"},{"@type":"ListItem","position":2,"name":"Tienda","item":"https:\/\/www.lift-mtb.com\/es\/tienda\/"},{"@type":"ListItem","position":3,"name":"Piezas de recambio","item":"https:\/\/www.lift-mtb.com\/es\/categoria-de-productos\/piezas-de-recambio\/"},{"@type":"ListItem","position":4,"name":"Piezas de motor","item":"https:\/\/www.lift-mtb.com\/es\/categoria-de-productos\/piezas-de-recambio\/piezas-de-motor\/"},{"@type":"ListItem","position":5,"name":"Cubrecadena de aluminio"}]},{"@type":"WebSite","@id":"https:\/\/www.lift-mtb.com\/es\/#website","url":"https:\/\/www.lift-mtb.com\/es\/","name":"LIFT-MTB","description":"Transformer son v\u00e9lo en \u00e9lectrique rapidement !","publisher":{"@id":"https:\/\/www.lift-mtb.com\/es\/#organization"},"potentialAction":[{"@type":"SearchAction","target":{"@type":"EntryPoint","urlTemplate":"https:\/\/www.lift-mtb.com\/es\/?s={search_term_string}"},"query-input":{"@type":"PropertyValueSpecification","valueRequired":true,"valueName":"search_term_string"}}],"inLanguage":"es"},{"@type":"Organization","@id":"https:\/\/www.lift-mtb.com\/es\/#organization","name":"LIFT-MTB","url":"https:\/\/www.lift-mtb.com\/es\/","logo":{"@type":"ImageObject","inLanguage":"es","@id":"https:\/\/www.lift-mtb.com\/es\/#\/schema\/logo\/image\/","url":"https:\/\/www.lift-mtb.com\/wp-content\/uploads\/2022\/01\/electric-kit-for-bike-1.jpg","contentUrl":"https:\/\/www.lift-mtb.com\/wp-content\/uploads\/2022\/01\/electric-kit-for-bike-1.jpg","width":1223,"height":560,"caption":"LIFT-MTB"},"image":{"@id":"https:\/\/www.lift-mtb.com\/es\/#\/schema\/logo\/image\/"}}]}},"_links":{"self":[{"href":"https:\/\/www.lift-mtb.com\/es\/wp-json\/wp\/v2\/product\/39861","targetHints":{"allow":["GET"]}}],"collection":[{"href":"https:\/\/www.lift-mtb.com\/es\/wp-json\/wp\/v2\/product"}],"about":[{"href":"https:\/\/www.lift-mtb.com\/es\/wp-json\/wp\/v2\/types\/product"}],"replies":[{"embeddable":true,"href":"https:\/\/www.lift-mtb.com\/es\/wp-json\/wp\/v2\/comments?post=39861"}],"wp:featuredmedia":[{"embeddable":true,"href":"https:\/\/www.lift-mtb.com\/es\/wp-json\/wp\/v2\/media\/41639"}],"wp:attachment":[{"href":"https:\/\/www.lift-mtb.com\/es\/wp-json\/wp\/v2\/media?parent=39861"}],"wp:term":[{"taxonomy":"product_brand","embeddable":true,"href":"https:\/\/www.lift-mtb.com\/es\/wp-json\/wp\/v2\/product_brand?post=39861"},{"taxonomy":"product_cat","embeddable":true,"href":"https:\/\/www.lift-mtb.com\/es\/wp-json\/wp\/v2\/product_cat?post=39861"},{"taxonomy":"product_tag","embeddable":true,"href":"https:\/\/www.lift-mtb.com\/es\/wp-json\/wp\/v2\/product_tag?post=39861"}],"curies":[{"name":"wp","href":"https:\/\/api.w.org\/{rel}","templated":true}]}}