{"id":39891,"date":"2022-02-18T13:13:55","date_gmt":"2022-02-18T12:13:55","guid":{"rendered":"https:\/produit\/tapa-de-bloqueo-del-pinon-del-motor-de-aluminio\/"},"modified":"2023-02-23T23:55:33","modified_gmt":"2023-02-23T22:55:33","slug":"cap-lock-guard-motor-pedal-lift-mtb","status":"publish","type":"product","link":"https:\/\/www.lift-mtb.com\/es\/produit\/cap-lock-guard-motor-pedal-lift-mtb\/","title":{"rendered":"Tapa de bloqueo del pi\u00f1\u00f3n del motor de aluminio"},"content":{"rendered":"<p><strong>\u00bfEs la tapa de bloqueo del pi\u00f1\u00f3n compatible con mi kit de motor de pedal LIFT-MTB?<\/strong><\/p>\n<p>El tap\u00f3n de bloqueo del pi\u00f1\u00f3n es compatible con todas las generaciones de motores.<\/p>\n<p>&nbsp;<\/p>\n<p><strong>Puede encontrar art\u00edculos relacionados con el producto en la secci\u00f3n de preguntas frecuentes de nuestro sitio web:<\/strong><\/p>\n<p><a href=\"https:\/\/youtu.be\/3DFbq7R5cWU\">Extracci\u00f3n de la tapa de bloqueo del pi\u00f1\u00f3n del motor en el lado de la caja de engranajes del motor LIFT-MTB  <\/a><\/p>\n<p><a href=\"\/?p=607\">\u00bfC\u00f3mo puedo mantener el motor LIFT-MTB?  <\/a><\/p>\n","protected":false},"excerpt":{"rendered":"<p><strong>Descripci\u00f3n:<\/strong><\/p>\n<ul>\n<li>Aluminio 7075 t6 mecanizado por CNC en Francia, anodizado en negro<\/li>\n<li>se suministra con tornillo y pieza de tope de pl\u00e1stico<\/li>\n<\/ul>\n","protected":false},"featured_media":7426,"comment_status":"open","ping_status":"closed","template":"","meta":[],"product_brand":[],"product_cat":[842],"product_tag":[],"class_list":{"0":"post-39891","1":"product","2":"type-product","3":"status-publish","4":"has-post-thumbnail","6":"product_cat-piezas-de-motor","8":"first","9":"instock","10":"taxable","11":"shipping-taxable","12":"purchasable","13":"product-type-simple"},"yoast_head":"<!-- This site is optimized with the Yoast SEO plugin v26.9 - https:\/\/yoast.com\/product\/yoast-seo-wordpress\/ -->\n<title>Tapa de bloqueo del pi\u00f1\u00f3n del motor del LIFT-MTB<\/title>\n<meta name=\"description\" content=\"Tapa de bloqueo para el pi\u00f1\u00f3n del motor del pedal para bicicletas LIFT-MTB. Piezas de motor de repuesto. Disponible en nuestro sitio web.\" \/>\n<meta name=\"robots\" content=\"index, follow, max-snippet:-1, max-image-preview:large, max-video-preview:-1\" \/>\n<link rel=\"canonical\" href=\"https:\/\/www.lift-mtb.com\/es\/produit\/cap-lock-guard-motor-pedal-lift-mtb\/\" \/>\n<meta property=\"og:locale\" content=\"es_ES\" \/>\n<meta property=\"og:type\" content=\"article\" \/>\n<meta property=\"og:title\" content=\"Tapa de bloqueo del pi\u00f1\u00f3n del motor del LIFT-MTB\" \/>\n<meta property=\"og:description\" content=\"Tapa de bloqueo para el pi\u00f1\u00f3n del motor del pedal para bicicletas LIFT-MTB. Piezas de motor de repuesto. Disponible en nuestro sitio web.\" \/>\n<meta property=\"og:url\" content=\"https:\/\/www.lift-mtb.com\/es\/produit\/cap-lock-guard-motor-pedal-lift-mtb\/\" \/>\n<meta property=\"og:site_name\" content=\"LIFT-MTB\" \/>\n<meta property=\"article:modified_time\" content=\"2023-02-23T22:55:33+00:00\" \/>\n<meta property=\"og:image\" content=\"https:\/\/www.lift-mtb.com\/wp-content\/uploads\/2022\/02\/capuchon-de-verouillage.jpg\" \/>\n\t<meta property=\"og:image:width\" content=\"538\" \/>\n\t<meta property=\"og:image:height\" content=\"481\" \/>\n\t<meta property=\"og:image:type\" content=\"image\/jpeg\" \/>\n<meta name=\"twitter:card\" content=\"summary_large_image\" \/>\n<script type=\"application\/ld+json\" class=\"yoast-schema-graph\">{\"@context\":\"https:\/\/schema.org\",\"@graph\":[{\"@type\":\"WebPage\",\"@id\":\"https:\/\/www.lift-mtb.com\/es\/produit\/cap-lock-guard-motor-pedal-lift-mtb\/\",\"url\":\"https:\/\/www.lift-mtb.com\/es\/produit\/cap-lock-guard-motor-pedal-lift-mtb\/\",\"name\":\"Tapa de bloqueo del pi\u00f1\u00f3n del motor del LIFT-MTB\",\"isPartOf\":{\"@id\":\"https:\/\/www.lift-mtb.com\/es\/#website\"},\"primaryImageOfPage\":{\"@id\":\"https:\/\/www.lift-mtb.com\/es\/produit\/cap-lock-guard-motor-pedal-lift-mtb\/#primaryimage\"},\"image\":{\"@id\":\"https:\/\/www.lift-mtb.com\/es\/produit\/cap-lock-guard-motor-pedal-lift-mtb\/#primaryimage\"},\"thumbnailUrl\":\"https:\/\/www.lift-mtb.com\/wp-content\/uploads\/2022\/02\/capuchon-de-verouillage.jpg\",\"datePublished\":\"2022-02-18T12:13:55+00:00\",\"dateModified\":\"2023-02-23T22:55:33+00:00\",\"description\":\"Tapa de bloqueo para el pi\u00f1\u00f3n del motor del pedal para bicicletas LIFT-MTB. Piezas de motor de repuesto. Disponible en nuestro sitio web.\",\"breadcrumb\":{\"@id\":\"https:\/\/www.lift-mtb.com\/es\/produit\/cap-lock-guard-motor-pedal-lift-mtb\/#breadcrumb\"},\"inLanguage\":\"es\",\"potentialAction\":[{\"@type\":\"ReadAction\",\"target\":[\"https:\/\/www.lift-mtb.com\/es\/produit\/cap-lock-guard-motor-pedal-lift-mtb\/\"]}]},{\"@type\":\"ImageObject\",\"inLanguage\":\"es\",\"@id\":\"https:\/\/www.lift-mtb.com\/es\/produit\/cap-lock-guard-motor-pedal-lift-mtb\/#primaryimage\",\"url\":\"https:\/\/www.lift-mtb.com\/wp-content\/uploads\/2022\/02\/capuchon-de-verouillage.jpg\",\"contentUrl\":\"https:\/\/www.lift-mtb.com\/wp-content\/uploads\/2022\/02\/capuchon-de-verouillage.jpg\",\"width\":538,\"height\":481,\"caption\":\"tapa de bloqueo del pi\u00f1\u00f3n\"},{\"@type\":\"BreadcrumbList\",\"@id\":\"https:\/\/www.lift-mtb.com\/es\/produit\/cap-lock-guard-motor-pedal-lift-mtb\/#breadcrumb\",\"itemListElement\":[{\"@type\":\"ListItem\",\"position\":1,\"name\":\"Accueil\",\"item\":\"https:\/\/www.lift-mtb.com\/es\/\"},{\"@type\":\"ListItem\",\"position\":2,\"name\":\"Tienda\",\"item\":\"https:\/\/www.lift-mtb.com\/es\/tienda\/\"},{\"@type\":\"ListItem\",\"position\":3,\"name\":\"Piezas de recambio\",\"item\":\"https:\/\/www.lift-mtb.com\/es\/categoria-de-productos\/piezas-de-recambio\/\"},{\"@type\":\"ListItem\",\"position\":4,\"name\":\"Piezas de motor\",\"item\":\"https:\/\/www.lift-mtb.com\/es\/categoria-de-productos\/piezas-de-recambio\/piezas-de-motor\/\"},{\"@type\":\"ListItem\",\"position\":5,\"name\":\"Tapa de bloqueo del pi\u00f1\u00f3n del motor de aluminio\"}]},{\"@type\":\"WebSite\",\"@id\":\"https:\/\/www.lift-mtb.com\/es\/#website\",\"url\":\"https:\/\/www.lift-mtb.com\/es\/\",\"name\":\"LIFT-MTB\",\"description\":\"Transformer son v\u00e9lo en \u00e9lectrique rapidement !\",\"publisher\":{\"@id\":\"https:\/\/www.lift-mtb.com\/es\/#organization\"},\"potentialAction\":[{\"@type\":\"SearchAction\",\"target\":{\"@type\":\"EntryPoint\",\"urlTemplate\":\"https:\/\/www.lift-mtb.com\/es\/?s={search_term_string}\"},\"query-input\":{\"@type\":\"PropertyValueSpecification\",\"valueRequired\":true,\"valueName\":\"search_term_string\"}}],\"inLanguage\":\"es\"},{\"@type\":\"Organization\",\"@id\":\"https:\/\/www.lift-mtb.com\/es\/#organization\",\"name\":\"LIFT-MTB\",\"url\":\"https:\/\/www.lift-mtb.com\/es\/\",\"logo\":{\"@type\":\"ImageObject\",\"inLanguage\":\"es\",\"@id\":\"https:\/\/www.lift-mtb.com\/es\/#\/schema\/logo\/image\/\",\"url\":\"https:\/\/www.lift-mtb.com\/wp-content\/uploads\/2022\/01\/electric-kit-for-bike-1.jpg\",\"contentUrl\":\"https:\/\/www.lift-mtb.com\/wp-content\/uploads\/2022\/01\/electric-kit-for-bike-1.jpg\",\"width\":1223,\"height\":560,\"caption\":\"LIFT-MTB\"},\"image\":{\"@id\":\"https:\/\/www.lift-mtb.com\/es\/#\/schema\/logo\/image\/\"}}]}<\/script>\n<!-- \/ Yoast SEO plugin. -->","yoast_head_json":{"title":"Tapa de bloqueo del pi\u00f1\u00f3n del motor del LIFT-MTB","description":"Tapa de bloqueo para el pi\u00f1\u00f3n del motor del pedal para bicicletas LIFT-MTB. Piezas de motor de repuesto. Disponible en nuestro sitio web.","robots":{"index":"index","follow":"follow","max-snippet":"max-snippet:-1","max-image-preview":"max-image-preview:large","max-video-preview":"max-video-preview:-1"},"canonical":"https:\/\/www.lift-mtb.com\/es\/produit\/cap-lock-guard-motor-pedal-lift-mtb\/","og_locale":"es_ES","og_type":"article","og_title":"Tapa de bloqueo del pi\u00f1\u00f3n del motor del LIFT-MTB","og_description":"Tapa de bloqueo para el pi\u00f1\u00f3n del motor del pedal para bicicletas LIFT-MTB. Piezas de motor de repuesto. Disponible en nuestro sitio web.","og_url":"https:\/\/www.lift-mtb.com\/es\/produit\/cap-lock-guard-motor-pedal-lift-mtb\/","og_site_name":"LIFT-MTB","article_modified_time":"2023-02-23T22:55:33+00:00","og_image":[{"width":538,"height":481,"url":"https:\/\/www.lift-mtb.com\/wp-content\/uploads\/2022\/02\/capuchon-de-verouillage.jpg","type":"image\/jpeg"}],"twitter_card":"summary_large_image","schema":{"@context":"https:\/\/schema.org","@graph":[{"@type":"WebPage","@id":"https:\/\/www.lift-mtb.com\/es\/produit\/cap-lock-guard-motor-pedal-lift-mtb\/","url":"https:\/\/www.lift-mtb.com\/es\/produit\/cap-lock-guard-motor-pedal-lift-mtb\/","name":"Tapa de bloqueo del pi\u00f1\u00f3n del motor del LIFT-MTB","isPartOf":{"@id":"https:\/\/www.lift-mtb.com\/es\/#website"},"primaryImageOfPage":{"@id":"https:\/\/www.lift-mtb.com\/es\/produit\/cap-lock-guard-motor-pedal-lift-mtb\/#primaryimage"},"image":{"@id":"https:\/\/www.lift-mtb.com\/es\/produit\/cap-lock-guard-motor-pedal-lift-mtb\/#primaryimage"},"thumbnailUrl":"https:\/\/www.lift-mtb.com\/wp-content\/uploads\/2022\/02\/capuchon-de-verouillage.jpg","datePublished":"2022-02-18T12:13:55+00:00","dateModified":"2023-02-23T22:55:33+00:00","description":"Tapa de bloqueo para el pi\u00f1\u00f3n del motor del pedal para bicicletas LIFT-MTB. Piezas de motor de repuesto. Disponible en nuestro sitio web.","breadcrumb":{"@id":"https:\/\/www.lift-mtb.com\/es\/produit\/cap-lock-guard-motor-pedal-lift-mtb\/#breadcrumb"},"inLanguage":"es","potentialAction":[{"@type":"ReadAction","target":["https:\/\/www.lift-mtb.com\/es\/produit\/cap-lock-guard-motor-pedal-lift-mtb\/"]}]},{"@type":"ImageObject","inLanguage":"es","@id":"https:\/\/www.lift-mtb.com\/es\/produit\/cap-lock-guard-motor-pedal-lift-mtb\/#primaryimage","url":"https:\/\/www.lift-mtb.com\/wp-content\/uploads\/2022\/02\/capuchon-de-verouillage.jpg","contentUrl":"https:\/\/www.lift-mtb.com\/wp-content\/uploads\/2022\/02\/capuchon-de-verouillage.jpg","width":538,"height":481,"caption":"tapa de bloqueo del pi\u00f1\u00f3n"},{"@type":"BreadcrumbList","@id":"https:\/\/www.lift-mtb.com\/es\/produit\/cap-lock-guard-motor-pedal-lift-mtb\/#breadcrumb","itemListElement":[{"@type":"ListItem","position":1,"name":"Accueil","item":"https:\/\/www.lift-mtb.com\/es\/"},{"@type":"ListItem","position":2,"name":"Tienda","item":"https:\/\/www.lift-mtb.com\/es\/tienda\/"},{"@type":"ListItem","position":3,"name":"Piezas de recambio","item":"https:\/\/www.lift-mtb.com\/es\/categoria-de-productos\/piezas-de-recambio\/"},{"@type":"ListItem","position":4,"name":"Piezas de motor","item":"https:\/\/www.lift-mtb.com\/es\/categoria-de-productos\/piezas-de-recambio\/piezas-de-motor\/"},{"@type":"ListItem","position":5,"name":"Tapa de bloqueo del pi\u00f1\u00f3n del motor de aluminio"}]},{"@type":"WebSite","@id":"https:\/\/www.lift-mtb.com\/es\/#website","url":"https:\/\/www.lift-mtb.com\/es\/","name":"LIFT-MTB","description":"Transformer son v\u00e9lo en \u00e9lectrique rapidement !","publisher":{"@id":"https:\/\/www.lift-mtb.com\/es\/#organization"},"potentialAction":[{"@type":"SearchAction","target":{"@type":"EntryPoint","urlTemplate":"https:\/\/www.lift-mtb.com\/es\/?s={search_term_string}"},"query-input":{"@type":"PropertyValueSpecification","valueRequired":true,"valueName":"search_term_string"}}],"inLanguage":"es"},{"@type":"Organization","@id":"https:\/\/www.lift-mtb.com\/es\/#organization","name":"LIFT-MTB","url":"https:\/\/www.lift-mtb.com\/es\/","logo":{"@type":"ImageObject","inLanguage":"es","@id":"https:\/\/www.lift-mtb.com\/es\/#\/schema\/logo\/image\/","url":"https:\/\/www.lift-mtb.com\/wp-content\/uploads\/2022\/01\/electric-kit-for-bike-1.jpg","contentUrl":"https:\/\/www.lift-mtb.com\/wp-content\/uploads\/2022\/01\/electric-kit-for-bike-1.jpg","width":1223,"height":560,"caption":"LIFT-MTB"},"image":{"@id":"https:\/\/www.lift-mtb.com\/es\/#\/schema\/logo\/image\/"}}]}},"_links":{"self":[{"href":"https:\/\/www.lift-mtb.com\/es\/wp-json\/wp\/v2\/product\/39891","targetHints":{"allow":["GET"]}}],"collection":[{"href":"https:\/\/www.lift-mtb.com\/es\/wp-json\/wp\/v2\/product"}],"about":[{"href":"https:\/\/www.lift-mtb.com\/es\/wp-json\/wp\/v2\/types\/product"}],"replies":[{"embeddable":true,"href":"https:\/\/www.lift-mtb.com\/es\/wp-json\/wp\/v2\/comments?post=39891"}],"wp:featuredmedia":[{"embeddable":true,"href":"https:\/\/www.lift-mtb.com\/es\/wp-json\/wp\/v2\/media\/7426"}],"wp:attachment":[{"href":"https:\/\/www.lift-mtb.com\/es\/wp-json\/wp\/v2\/media?parent=39891"}],"wp:term":[{"taxonomy":"product_brand","embeddable":true,"href":"https:\/\/www.lift-mtb.com\/es\/wp-json\/wp\/v2\/product_brand?post=39891"},{"taxonomy":"product_cat","embeddable":true,"href":"https:\/\/www.lift-mtb.com\/es\/wp-json\/wp\/v2\/product_cat?post=39891"},{"taxonomy":"product_tag","embeddable":true,"href":"https:\/\/www.lift-mtb.com\/es\/wp-json\/wp\/v2\/product_tag?post=39891"}],"curies":[{"name":"wp","href":"https:\/\/api.w.org\/{rel}","templated":true}]}}