{"id":45724,"date":"2023-02-16T14:32:17","date_gmt":"2023-02-16T13:32:17","guid":{"rendered":"https:\/?post_type=product&#038;p=45724"},"modified":"2023-03-03T21:31:30","modified_gmt":"2023-03-03T20:31:30","slug":"herramienta-desmontaje-engranaje-de-rueda-libre","status":"publish","type":"product","link":"https:\/\/www.lift-mtb.com\/es\/produit\/herramienta-desmontaje-engranaje-de-rueda-libre\/","title":{"rendered":"Herramienta de desmontaje de platos y bielas LIFT MTB freewheel"},"content":{"rendered":"<ul>\n<li>La herramienta de desmontaje del pi\u00f1\u00f3n libre le permite montar\/desmontar el <strong>pi\u00f1\u00f3n libre<\/strong> de sus bielas del kit de motor <a href=\"https:\/\/www.youtube.com\/watch?v=_qreEMHtk3Y\">LIFT-MTB<\/a> (pro o classic).<\/li>\n<li>El pi\u00f1\u00f3n libre se aprieta en el plato, con el pedaleo generalmente se aprieta, a veces ser\u00e1 necesario utilizar una llave de impacto para desmontar este <b><a href=\"https:\/produit\/roue-libre-classic-v3\/\">pi\u00f1\u00f3n libre<\/a> MTB el\u00e9ctrico <\/b> <\/li>\n<li>Para aflojarlo es una rosca cl\u00e1sica por lo que se afloja en sentido contrario a las agujas del reloj.<\/li>\n<li><span class=\"a-list-item\">  Cambiador de ruedas gratuito con 4 tacos para Mountain bikes (MTB) el\u00e9ctricas de monta\u00f1a.  <\/span><\/li>\n<li><span class=\"a-list-item\">  Girar con una llave de 24 mm.  <\/span><\/li>\n<li><span class=\"a-list-item\">  Ideal para mec\u00e1nicos, profesionales y usuarios conscientes de la importancia de un buen mantenimiento.  <\/span><\/li>\n<li><span class=\"a-list-item\">  Fabricado conforme a las normas ISO.  <\/span><\/li>\n<li><span class=\"a-list-item\">  Aleaci\u00f3n de acero endurecido y templado. Alta resistencia, calidad y durabilidad.  <\/span><\/li>\n<\/ul>\n","protected":false},"excerpt":{"rendered":"<p>herramienta para desmontar el plato libre<\/p>\n<ul>\n<li>Herramienta para montar\/desmontar el <strong>pi\u00f1\u00f3n libre<\/strong> de sus bielas de la versi\u00f3n <strong>&#8220;Classic&#8221;<\/strong> del kit de motor LIFT-MTB.<\/li>\n<li>La rueda libre del motor de la bicicleta se aprieta en el plato (v1\/v2\/v3) o en la interfaz (a partir de V4), con el pedaleo generalmente se aprieta fuerte, a veces ser\u00e1 necesario utilizar una llave de impacto para desmontar esta <b>rueda libre MTB el\u00e9ctrica <\/b> <\/li>\n<li>Para aflojarlo es una rosca cl\u00e1sica por lo que se afloja en sentido contrario a las agujas del reloj.<\/li>\n<\/ul>\n","protected":false},"featured_media":46064,"comment_status":"open","ping_status":"closed","template":"","meta":[],"product_brand":[],"product_cat":[1062],"product_tag":[],"class_list":{"0":"post-45724","1":"product","2":"type-product","3":"status-publish","4":"has-post-thumbnail","6":"product_cat-herramientas","8":"first","9":"instock","10":"taxable","11":"shipping-taxable","12":"purchasable","13":"product-type-simple"},"yoast_head":"<!-- This site is optimized with the Yoast SEO plugin v26.9 - https:\/\/yoast.com\/product\/yoast-seo-wordpress\/ -->\n<title>herramienta para desmontar el plato libre<\/title>\n<meta name=\"description\" content=\"herramienta de desmontaje del pedal de rueda libre para montar\/desmontar la rueda libre de su versi\u00f3n del kit de motor LIFT-MTB\" \/>\n<meta name=\"robots\" content=\"index, follow, max-snippet:-1, max-image-preview:large, max-video-preview:-1\" \/>\n<link rel=\"canonical\" href=\"https:\/\/www.lift-mtb.com\/es\/produit\/herramienta-desmontaje-engranaje-de-rueda-libre\/\" \/>\n<meta property=\"og:locale\" content=\"es_ES\" \/>\n<meta property=\"og:type\" content=\"article\" \/>\n<meta property=\"og:title\" content=\"herramienta para desmontar el plato libre\" \/>\n<meta property=\"og:description\" content=\"herramienta de desmontaje del pedal de rueda libre para montar\/desmontar la rueda libre de su versi\u00f3n del kit de motor LIFT-MTB\" \/>\n<meta property=\"og:url\" content=\"https:\/\/www.lift-mtb.com\/es\/produit\/herramienta-desmontaje-engranaje-de-rueda-libre\/\" \/>\n<meta property=\"og:site_name\" content=\"LIFT-MTB\" \/>\n<meta property=\"article:modified_time\" content=\"2023-03-03T20:31:30+00:00\" \/>\n<meta property=\"og:image\" content=\"https:\/\/www.lift-mtb.com\/wp-content\/uploads\/2023\/02\/demonte-roue-libre-bmx-2048-x-1367-px.png\" \/>\n\t<meta property=\"og:image:width\" content=\"2048\" \/>\n\t<meta property=\"og:image:height\" content=\"1367\" \/>\n\t<meta property=\"og:image:type\" content=\"image\/png\" \/>\n<meta name=\"twitter:card\" content=\"summary_large_image\" \/>\n<meta name=\"twitter:label1\" content=\"Tiempo de lectura\" \/>\n\t<meta name=\"twitter:data1\" content=\"1 minuto\" \/>\n<script type=\"application\/ld+json\" class=\"yoast-schema-graph\">{\"@context\":\"https:\/\/schema.org\",\"@graph\":[{\"@type\":\"WebPage\",\"@id\":\"https:\/\/www.lift-mtb.com\/es\/produit\/herramienta-desmontaje-engranaje-de-rueda-libre\/\",\"url\":\"https:\/\/www.lift-mtb.com\/es\/produit\/herramienta-desmontaje-engranaje-de-rueda-libre\/\",\"name\":\"herramienta para desmontar el plato libre\",\"isPartOf\":{\"@id\":\"https:\/\/www.lift-mtb.com\/es\/#website\"},\"primaryImageOfPage\":{\"@id\":\"https:\/\/www.lift-mtb.com\/es\/produit\/herramienta-desmontaje-engranaje-de-rueda-libre\/#primaryimage\"},\"image\":{\"@id\":\"https:\/\/www.lift-mtb.com\/es\/produit\/herramienta-desmontaje-engranaje-de-rueda-libre\/#primaryimage\"},\"thumbnailUrl\":\"https:\/\/www.lift-mtb.com\/wp-content\/uploads\/2023\/02\/demonte-roue-libre-bmx-2048-x-1367-px.png\",\"datePublished\":\"2023-02-16T13:32:17+00:00\",\"dateModified\":\"2023-03-03T20:31:30+00:00\",\"description\":\"herramienta de desmontaje del pedal de rueda libre para montar\/desmontar la rueda libre de su versi\u00f3n del kit de motor LIFT-MTB\",\"breadcrumb\":{\"@id\":\"https:\/\/www.lift-mtb.com\/es\/produit\/herramienta-desmontaje-engranaje-de-rueda-libre\/#breadcrumb\"},\"inLanguage\":\"es\",\"potentialAction\":[{\"@type\":\"ReadAction\",\"target\":[\"https:\/\/www.lift-mtb.com\/es\/produit\/herramienta-desmontaje-engranaje-de-rueda-libre\/\"]}]},{\"@type\":\"ImageObject\",\"inLanguage\":\"es\",\"@id\":\"https:\/\/www.lift-mtb.com\/es\/produit\/herramienta-desmontaje-engranaje-de-rueda-libre\/#primaryimage\",\"url\":\"https:\/\/www.lift-mtb.com\/wp-content\/uploads\/2023\/02\/demonte-roue-libre-bmx-2048-x-1367-px.png\",\"contentUrl\":\"https:\/\/www.lift-mtb.com\/wp-content\/uploads\/2023\/02\/demonte-roue-libre-bmx-2048-x-1367-px.png\",\"width\":2048,\"height\":1367,\"caption\":\"demonte roue libre moteur pedalier\"},{\"@type\":\"BreadcrumbList\",\"@id\":\"https:\/\/www.lift-mtb.com\/es\/produit\/herramienta-desmontaje-engranaje-de-rueda-libre\/#breadcrumb\",\"itemListElement\":[{\"@type\":\"ListItem\",\"position\":1,\"name\":\"Accueil\",\"item\":\"https:\/\/www.lift-mtb.com\/es\/\"},{\"@type\":\"ListItem\",\"position\":2,\"name\":\"Tienda\",\"item\":\"https:\/\/www.lift-mtb.com\/es\/tienda\/\"},{\"@type\":\"ListItem\",\"position\":3,\"name\":\"Herramientas\",\"item\":\"https:\/\/www.lift-mtb.com\/es\/categoria-de-productos\/herramientas\/\"},{\"@type\":\"ListItem\",\"position\":4,\"name\":\"Herramienta de desmontaje de platos y bielas LIFT MTB freewheel\"}]},{\"@type\":\"WebSite\",\"@id\":\"https:\/\/www.lift-mtb.com\/es\/#website\",\"url\":\"https:\/\/www.lift-mtb.com\/es\/\",\"name\":\"LIFT-MTB\",\"description\":\"Transformer son v\u00e9lo en \u00e9lectrique rapidement !\",\"publisher\":{\"@id\":\"https:\/\/www.lift-mtb.com\/es\/#organization\"},\"potentialAction\":[{\"@type\":\"SearchAction\",\"target\":{\"@type\":\"EntryPoint\",\"urlTemplate\":\"https:\/\/www.lift-mtb.com\/es\/?s={search_term_string}\"},\"query-input\":{\"@type\":\"PropertyValueSpecification\",\"valueRequired\":true,\"valueName\":\"search_term_string\"}}],\"inLanguage\":\"es\"},{\"@type\":\"Organization\",\"@id\":\"https:\/\/www.lift-mtb.com\/es\/#organization\",\"name\":\"LIFT-MTB\",\"url\":\"https:\/\/www.lift-mtb.com\/es\/\",\"logo\":{\"@type\":\"ImageObject\",\"inLanguage\":\"es\",\"@id\":\"https:\/\/www.lift-mtb.com\/es\/#\/schema\/logo\/image\/\",\"url\":\"https:\/\/www.lift-mtb.com\/wp-content\/uploads\/2022\/01\/electric-kit-for-bike-1.jpg\",\"contentUrl\":\"https:\/\/www.lift-mtb.com\/wp-content\/uploads\/2022\/01\/electric-kit-for-bike-1.jpg\",\"width\":1223,\"height\":560,\"caption\":\"LIFT-MTB\"},\"image\":{\"@id\":\"https:\/\/www.lift-mtb.com\/es\/#\/schema\/logo\/image\/\"}}]}<\/script>\n<!-- \/ Yoast SEO plugin. -->","yoast_head_json":{"title":"herramienta para desmontar el plato libre","description":"herramienta de desmontaje del pedal de rueda libre para montar\/desmontar la rueda libre de su versi\u00f3n del kit de motor LIFT-MTB","robots":{"index":"index","follow":"follow","max-snippet":"max-snippet:-1","max-image-preview":"max-image-preview:large","max-video-preview":"max-video-preview:-1"},"canonical":"https:\/\/www.lift-mtb.com\/es\/produit\/herramienta-desmontaje-engranaje-de-rueda-libre\/","og_locale":"es_ES","og_type":"article","og_title":"herramienta para desmontar el plato libre","og_description":"herramienta de desmontaje del pedal de rueda libre para montar\/desmontar la rueda libre de su versi\u00f3n del kit de motor LIFT-MTB","og_url":"https:\/\/www.lift-mtb.com\/es\/produit\/herramienta-desmontaje-engranaje-de-rueda-libre\/","og_site_name":"LIFT-MTB","article_modified_time":"2023-03-03T20:31:30+00:00","og_image":[{"width":2048,"height":1367,"url":"https:\/\/www.lift-mtb.com\/wp-content\/uploads\/2023\/02\/demonte-roue-libre-bmx-2048-x-1367-px.png","type":"image\/png"}],"twitter_card":"summary_large_image","twitter_misc":{"Tiempo de lectura":"1 minuto"},"schema":{"@context":"https:\/\/schema.org","@graph":[{"@type":"WebPage","@id":"https:\/\/www.lift-mtb.com\/es\/produit\/herramienta-desmontaje-engranaje-de-rueda-libre\/","url":"https:\/\/www.lift-mtb.com\/es\/produit\/herramienta-desmontaje-engranaje-de-rueda-libre\/","name":"herramienta para desmontar el plato libre","isPartOf":{"@id":"https:\/\/www.lift-mtb.com\/es\/#website"},"primaryImageOfPage":{"@id":"https:\/\/www.lift-mtb.com\/es\/produit\/herramienta-desmontaje-engranaje-de-rueda-libre\/#primaryimage"},"image":{"@id":"https:\/\/www.lift-mtb.com\/es\/produit\/herramienta-desmontaje-engranaje-de-rueda-libre\/#primaryimage"},"thumbnailUrl":"https:\/\/www.lift-mtb.com\/wp-content\/uploads\/2023\/02\/demonte-roue-libre-bmx-2048-x-1367-px.png","datePublished":"2023-02-16T13:32:17+00:00","dateModified":"2023-03-03T20:31:30+00:00","description":"herramienta de desmontaje del pedal de rueda libre para montar\/desmontar la rueda libre de su versi\u00f3n del kit de motor LIFT-MTB","breadcrumb":{"@id":"https:\/\/www.lift-mtb.com\/es\/produit\/herramienta-desmontaje-engranaje-de-rueda-libre\/#breadcrumb"},"inLanguage":"es","potentialAction":[{"@type":"ReadAction","target":["https:\/\/www.lift-mtb.com\/es\/produit\/herramienta-desmontaje-engranaje-de-rueda-libre\/"]}]},{"@type":"ImageObject","inLanguage":"es","@id":"https:\/\/www.lift-mtb.com\/es\/produit\/herramienta-desmontaje-engranaje-de-rueda-libre\/#primaryimage","url":"https:\/\/www.lift-mtb.com\/wp-content\/uploads\/2023\/02\/demonte-roue-libre-bmx-2048-x-1367-px.png","contentUrl":"https:\/\/www.lift-mtb.com\/wp-content\/uploads\/2023\/02\/demonte-roue-libre-bmx-2048-x-1367-px.png","width":2048,"height":1367,"caption":"demonte roue libre moteur pedalier"},{"@type":"BreadcrumbList","@id":"https:\/\/www.lift-mtb.com\/es\/produit\/herramienta-desmontaje-engranaje-de-rueda-libre\/#breadcrumb","itemListElement":[{"@type":"ListItem","position":1,"name":"Accueil","item":"https:\/\/www.lift-mtb.com\/es\/"},{"@type":"ListItem","position":2,"name":"Tienda","item":"https:\/\/www.lift-mtb.com\/es\/tienda\/"},{"@type":"ListItem","position":3,"name":"Herramientas","item":"https:\/\/www.lift-mtb.com\/es\/categoria-de-productos\/herramientas\/"},{"@type":"ListItem","position":4,"name":"Herramienta de desmontaje de platos y bielas LIFT MTB freewheel"}]},{"@type":"WebSite","@id":"https:\/\/www.lift-mtb.com\/es\/#website","url":"https:\/\/www.lift-mtb.com\/es\/","name":"LIFT-MTB","description":"Transformer son v\u00e9lo en \u00e9lectrique rapidement !","publisher":{"@id":"https:\/\/www.lift-mtb.com\/es\/#organization"},"potentialAction":[{"@type":"SearchAction","target":{"@type":"EntryPoint","urlTemplate":"https:\/\/www.lift-mtb.com\/es\/?s={search_term_string}"},"query-input":{"@type":"PropertyValueSpecification","valueRequired":true,"valueName":"search_term_string"}}],"inLanguage":"es"},{"@type":"Organization","@id":"https:\/\/www.lift-mtb.com\/es\/#organization","name":"LIFT-MTB","url":"https:\/\/www.lift-mtb.com\/es\/","logo":{"@type":"ImageObject","inLanguage":"es","@id":"https:\/\/www.lift-mtb.com\/es\/#\/schema\/logo\/image\/","url":"https:\/\/www.lift-mtb.com\/wp-content\/uploads\/2022\/01\/electric-kit-for-bike-1.jpg","contentUrl":"https:\/\/www.lift-mtb.com\/wp-content\/uploads\/2022\/01\/electric-kit-for-bike-1.jpg","width":1223,"height":560,"caption":"LIFT-MTB"},"image":{"@id":"https:\/\/www.lift-mtb.com\/es\/#\/schema\/logo\/image\/"}}]}},"_links":{"self":[{"href":"https:\/\/www.lift-mtb.com\/es\/wp-json\/wp\/v2\/product\/45724","targetHints":{"allow":["GET"]}}],"collection":[{"href":"https:\/\/www.lift-mtb.com\/es\/wp-json\/wp\/v2\/product"}],"about":[{"href":"https:\/\/www.lift-mtb.com\/es\/wp-json\/wp\/v2\/types\/product"}],"replies":[{"embeddable":true,"href":"https:\/\/www.lift-mtb.com\/es\/wp-json\/wp\/v2\/comments?post=45724"}],"wp:featuredmedia":[{"embeddable":true,"href":"https:\/\/www.lift-mtb.com\/es\/wp-json\/wp\/v2\/media\/46064"}],"wp:attachment":[{"href":"https:\/\/www.lift-mtb.com\/es\/wp-json\/wp\/v2\/media?parent=45724"}],"wp:term":[{"taxonomy":"product_brand","embeddable":true,"href":"https:\/\/www.lift-mtb.com\/es\/wp-json\/wp\/v2\/product_brand?post=45724"},{"taxonomy":"product_cat","embeddable":true,"href":"https:\/\/www.lift-mtb.com\/es\/wp-json\/wp\/v2\/product_cat?post=45724"},{"taxonomy":"product_tag","embeddable":true,"href":"https:\/\/www.lift-mtb.com\/es\/wp-json\/wp\/v2\/product_tag?post=45724"}],"curies":[{"name":"wp","href":"https:\/\/api.w.org\/{rel}","templated":true}]}}