{"id":45734,"date":"2023-02-16T14:44:15","date_gmt":"2023-02-16T13:44:15","guid":{"rendered":"https:\/?post_type=product&#038;p=45734"},"modified":"2025-01-06T00:44:36","modified_gmt":"2025-01-05T23:44:36","slug":"manivela-shimano","status":"publish","type":"product","link":"https:\/\/www.lift-mtb.com\/es\/produit\/manivela-shimano\/","title":{"rendered":"Herramienta para bielas SHIMANO &#8220;Hollowtech II&#8221;."},"content":{"rendered":"<p>Herramienta para bielas SHIMANO &#8220;Hollowtech II&#8221;.<\/p>\n<ul>\n<li>Herramienta para montar\/desmontar el tornillo de las <a href=\"https:\/produit\/manivelles-lift-mtb-v4-pro\/\">bielas<\/a> <strong>Shimano<\/strong> tipo &#8220;<a href=\"https:\/\/www.youtube.com\/watch?v=99BeuWcB9FI\"><strong>Hollowtech II<\/strong><\/a>&#8220;.<\/li>\n<li>Encaja en las 8 ranuras internas en forma de tuerca del tornillo de apriete.<\/li>\n<li><span class=\"a-list-item\"> Herramienta de instalaci\u00f3n para Shimano Hollowtech 2 para desmontar sus bielas y <strong>a\u00f1adir un motor el\u00e9ctrico a su bicicleta<\/strong>.<br \/>\n<\/span><\/li>\n<li><span class=\"a-list-item\"> Para insertar en el extremo de las bielas hollowtech II <\/span><\/li>\n<li><span class=\"a-list-item\"> Se utiliza para precargar los rodamientos de las bielas hollowtech II, tenga cuidado de no apretar demasiado ya que esto sobrecargar\u00e1 los rodamientos.<br \/>\n<\/span><\/li>\n<li><span class=\"a-list-item\"> Dimensiones manivela SHIMANO: 4 x 4 cm <\/span><\/li>\n<li>Esta herramienta le permite apretar y aflojar f\u00e1cilmente el tornillo de un plato Shimano Hollowtech II (XTR, XT, LX, SAINT, ULTEGRA, DURA ACE)<\/li>\n<li>Esta llave entra en la estrella del tork de la biela izquierda para apretar el plato.<\/li>\n<li>Una herramienta imprescindible para ser aut\u00f3nomo a la hora de cambiar un plato Shimano Hollowtech II y <strong>adaptar un motor a una bicicleta<\/strong>.<\/li>\n<\/ul>\n","protected":false},"excerpt":{"rendered":"<p>Herramienta para bielas SHIMANO &#8220;Hollowtech II<\/p>\n<ul>\n<li>Herramienta para montar\/desmontar el tornillo de biela <strong>Shimano<\/strong><strong>&#8220;Hollowtech II<\/strong>&#8220;.<\/li>\n<li>encaja en las 8 ranuras internas del tornillo de apriete.<\/li>\n<li>Permite desmontar los platos y bielas originales shimano para <strong>adaptar unos platos y bielas espec\u00edficos para electrificar tu Mountain bikes (MTB)<\/strong>.<\/li>\n<\/ul>\n","protected":false},"featured_media":45740,"comment_status":"open","ping_status":"closed","template":"","meta":[],"product_brand":[],"product_cat":[1062],"product_tag":[],"class_list":{"0":"post-45734","1":"product","2":"type-product","3":"status-publish","4":"has-post-thumbnail","6":"product_cat-herramientas","8":"first","9":"instock","10":"taxable","11":"shipping-taxable","12":"purchasable","13":"product-type-simple"},"yoast_head":"<!-- This site is optimized with the Yoast SEO plugin v26.9 - https:\/\/yoast.com\/product\/yoast-seo-wordpress\/ -->\n<title>Herramienta para bielas SHIMANO &quot;Hollowtech II&quot;. LIFT-MTB<\/title>\n<meta name=\"description\" content=\"SHIMANO crank tool es una herramienta para montar\/desmontar el tornillo de las bielas Shimano tipo &quot;Hollowtech II&quot;.\" \/>\n<meta name=\"robots\" content=\"index, follow, max-snippet:-1, max-image-preview:large, max-video-preview:-1\" \/>\n<link rel=\"canonical\" href=\"https:\/\/www.lift-mtb.com\/es\/produit\/manivela-shimano\/\" \/>\n<meta property=\"og:locale\" content=\"es_ES\" \/>\n<meta property=\"og:type\" content=\"article\" \/>\n<meta property=\"og:title\" content=\"Herramienta para bielas SHIMANO &quot;Hollowtech II&quot;. LIFT-MTB\" \/>\n<meta property=\"og:description\" content=\"SHIMANO crank tool es una herramienta para montar\/desmontar el tornillo de las bielas Shimano tipo &quot;Hollowtech II&quot;.\" \/>\n<meta property=\"og:url\" content=\"https:\/\/www.lift-mtb.com\/es\/produit\/manivela-shimano\/\" \/>\n<meta property=\"og:site_name\" content=\"LIFT-MTB\" \/>\n<meta property=\"article:modified_time\" content=\"2025-01-05T23:44:36+00:00\" \/>\n<meta property=\"og:image\" content=\"https:\/\/www.lift-mtb.com\/wp-content\/uploads\/2023\/02\/outil-shimano.jpg\" \/>\n\t<meta property=\"og:image:width\" content=\"114\" \/>\n\t<meta property=\"og:image:height\" content=\"114\" \/>\n\t<meta property=\"og:image:type\" content=\"image\/jpeg\" \/>\n<meta name=\"twitter:card\" content=\"summary_large_image\" \/>\n<meta name=\"twitter:label1\" content=\"Tiempo de lectura\" \/>\n\t<meta name=\"twitter:data1\" content=\"1 minuto\" \/>\n<script type=\"application\/ld+json\" class=\"yoast-schema-graph\">{\"@context\":\"https:\/\/schema.org\",\"@graph\":[{\"@type\":\"WebPage\",\"@id\":\"https:\/\/www.lift-mtb.com\/es\/produit\/manivela-shimano\/\",\"url\":\"https:\/\/www.lift-mtb.com\/es\/produit\/manivela-shimano\/\",\"name\":\"Herramienta para bielas SHIMANO \\\"Hollowtech II\\\". LIFT-MTB\",\"isPartOf\":{\"@id\":\"https:\/\/www.lift-mtb.com\/es\/#website\"},\"primaryImageOfPage\":{\"@id\":\"https:\/\/www.lift-mtb.com\/es\/produit\/manivela-shimano\/#primaryimage\"},\"image\":{\"@id\":\"https:\/\/www.lift-mtb.com\/es\/produit\/manivela-shimano\/#primaryimage\"},\"thumbnailUrl\":\"https:\/\/www.lift-mtb.com\/wp-content\/uploads\/2023\/02\/outil-shimano.jpg\",\"datePublished\":\"2023-02-16T13:44:15+00:00\",\"dateModified\":\"2025-01-05T23:44:36+00:00\",\"description\":\"SHIMANO crank tool es una herramienta para montar\/desmontar el tornillo de las bielas Shimano tipo \\\"Hollowtech II\\\".\",\"breadcrumb\":{\"@id\":\"https:\/\/www.lift-mtb.com\/es\/produit\/manivela-shimano\/#breadcrumb\"},\"inLanguage\":\"es\",\"potentialAction\":[{\"@type\":\"ReadAction\",\"target\":[\"https:\/\/www.lift-mtb.com\/es\/produit\/manivela-shimano\/\"]}]},{\"@type\":\"ImageObject\",\"inLanguage\":\"es\",\"@id\":\"https:\/\/www.lift-mtb.com\/es\/produit\/manivela-shimano\/#primaryimage\",\"url\":\"https:\/\/www.lift-mtb.com\/wp-content\/uploads\/2023\/02\/outil-shimano.jpg\",\"contentUrl\":\"https:\/\/www.lift-mtb.com\/wp-content\/uploads\/2023\/02\/outil-shimano.jpg\",\"width\":114,\"height\":114,\"caption\":\"outil shimano manivelle vtt route\"},{\"@type\":\"BreadcrumbList\",\"@id\":\"https:\/\/www.lift-mtb.com\/es\/produit\/manivela-shimano\/#breadcrumb\",\"itemListElement\":[{\"@type\":\"ListItem\",\"position\":1,\"name\":\"Accueil\",\"item\":\"https:\/\/www.lift-mtb.com\/es\/\"},{\"@type\":\"ListItem\",\"position\":2,\"name\":\"Tienda\",\"item\":\"https:\/\/www.lift-mtb.com\/es\/tienda\/\"},{\"@type\":\"ListItem\",\"position\":3,\"name\":\"Herramientas\",\"item\":\"https:\/\/www.lift-mtb.com\/es\/categoria-de-productos\/herramientas\/\"},{\"@type\":\"ListItem\",\"position\":4,\"name\":\"Herramienta para bielas SHIMANO &#8220;Hollowtech II&#8221;.\"}]},{\"@type\":\"WebSite\",\"@id\":\"https:\/\/www.lift-mtb.com\/es\/#website\",\"url\":\"https:\/\/www.lift-mtb.com\/es\/\",\"name\":\"LIFT-MTB\",\"description\":\"Transformer son v\u00e9lo en \u00e9lectrique rapidement !\",\"publisher\":{\"@id\":\"https:\/\/www.lift-mtb.com\/es\/#organization\"},\"potentialAction\":[{\"@type\":\"SearchAction\",\"target\":{\"@type\":\"EntryPoint\",\"urlTemplate\":\"https:\/\/www.lift-mtb.com\/es\/?s={search_term_string}\"},\"query-input\":{\"@type\":\"PropertyValueSpecification\",\"valueRequired\":true,\"valueName\":\"search_term_string\"}}],\"inLanguage\":\"es\"},{\"@type\":\"Organization\",\"@id\":\"https:\/\/www.lift-mtb.com\/es\/#organization\",\"name\":\"LIFT-MTB\",\"url\":\"https:\/\/www.lift-mtb.com\/es\/\",\"logo\":{\"@type\":\"ImageObject\",\"inLanguage\":\"es\",\"@id\":\"https:\/\/www.lift-mtb.com\/es\/#\/schema\/logo\/image\/\",\"url\":\"https:\/\/www.lift-mtb.com\/wp-content\/uploads\/2022\/01\/electric-kit-for-bike-1.jpg\",\"contentUrl\":\"https:\/\/www.lift-mtb.com\/wp-content\/uploads\/2022\/01\/electric-kit-for-bike-1.jpg\",\"width\":1223,\"height\":560,\"caption\":\"LIFT-MTB\"},\"image\":{\"@id\":\"https:\/\/www.lift-mtb.com\/es\/#\/schema\/logo\/image\/\"}}]}<\/script>\n<!-- \/ Yoast SEO plugin. -->","yoast_head_json":{"title":"Herramienta para bielas SHIMANO \"Hollowtech II\". LIFT-MTB","description":"SHIMANO crank tool es una herramienta para montar\/desmontar el tornillo de las bielas Shimano tipo \"Hollowtech II\".","robots":{"index":"index","follow":"follow","max-snippet":"max-snippet:-1","max-image-preview":"max-image-preview:large","max-video-preview":"max-video-preview:-1"},"canonical":"https:\/\/www.lift-mtb.com\/es\/produit\/manivela-shimano\/","og_locale":"es_ES","og_type":"article","og_title":"Herramienta para bielas SHIMANO \"Hollowtech II\". LIFT-MTB","og_description":"SHIMANO crank tool es una herramienta para montar\/desmontar el tornillo de las bielas Shimano tipo \"Hollowtech II\".","og_url":"https:\/\/www.lift-mtb.com\/es\/produit\/manivela-shimano\/","og_site_name":"LIFT-MTB","article_modified_time":"2025-01-05T23:44:36+00:00","og_image":[{"width":114,"height":114,"url":"https:\/\/www.lift-mtb.com\/wp-content\/uploads\/2023\/02\/outil-shimano.jpg","type":"image\/jpeg"}],"twitter_card":"summary_large_image","twitter_misc":{"Tiempo de lectura":"1 minuto"},"schema":{"@context":"https:\/\/schema.org","@graph":[{"@type":"WebPage","@id":"https:\/\/www.lift-mtb.com\/es\/produit\/manivela-shimano\/","url":"https:\/\/www.lift-mtb.com\/es\/produit\/manivela-shimano\/","name":"Herramienta para bielas SHIMANO \"Hollowtech II\". LIFT-MTB","isPartOf":{"@id":"https:\/\/www.lift-mtb.com\/es\/#website"},"primaryImageOfPage":{"@id":"https:\/\/www.lift-mtb.com\/es\/produit\/manivela-shimano\/#primaryimage"},"image":{"@id":"https:\/\/www.lift-mtb.com\/es\/produit\/manivela-shimano\/#primaryimage"},"thumbnailUrl":"https:\/\/www.lift-mtb.com\/wp-content\/uploads\/2023\/02\/outil-shimano.jpg","datePublished":"2023-02-16T13:44:15+00:00","dateModified":"2025-01-05T23:44:36+00:00","description":"SHIMANO crank tool es una herramienta para montar\/desmontar el tornillo de las bielas Shimano tipo \"Hollowtech II\".","breadcrumb":{"@id":"https:\/\/www.lift-mtb.com\/es\/produit\/manivela-shimano\/#breadcrumb"},"inLanguage":"es","potentialAction":[{"@type":"ReadAction","target":["https:\/\/www.lift-mtb.com\/es\/produit\/manivela-shimano\/"]}]},{"@type":"ImageObject","inLanguage":"es","@id":"https:\/\/www.lift-mtb.com\/es\/produit\/manivela-shimano\/#primaryimage","url":"https:\/\/www.lift-mtb.com\/wp-content\/uploads\/2023\/02\/outil-shimano.jpg","contentUrl":"https:\/\/www.lift-mtb.com\/wp-content\/uploads\/2023\/02\/outil-shimano.jpg","width":114,"height":114,"caption":"outil shimano manivelle vtt route"},{"@type":"BreadcrumbList","@id":"https:\/\/www.lift-mtb.com\/es\/produit\/manivela-shimano\/#breadcrumb","itemListElement":[{"@type":"ListItem","position":1,"name":"Accueil","item":"https:\/\/www.lift-mtb.com\/es\/"},{"@type":"ListItem","position":2,"name":"Tienda","item":"https:\/\/www.lift-mtb.com\/es\/tienda\/"},{"@type":"ListItem","position":3,"name":"Herramientas","item":"https:\/\/www.lift-mtb.com\/es\/categoria-de-productos\/herramientas\/"},{"@type":"ListItem","position":4,"name":"Herramienta para bielas SHIMANO &#8220;Hollowtech II&#8221;."}]},{"@type":"WebSite","@id":"https:\/\/www.lift-mtb.com\/es\/#website","url":"https:\/\/www.lift-mtb.com\/es\/","name":"LIFT-MTB","description":"Transformer son v\u00e9lo en \u00e9lectrique rapidement !","publisher":{"@id":"https:\/\/www.lift-mtb.com\/es\/#organization"},"potentialAction":[{"@type":"SearchAction","target":{"@type":"EntryPoint","urlTemplate":"https:\/\/www.lift-mtb.com\/es\/?s={search_term_string}"},"query-input":{"@type":"PropertyValueSpecification","valueRequired":true,"valueName":"search_term_string"}}],"inLanguage":"es"},{"@type":"Organization","@id":"https:\/\/www.lift-mtb.com\/es\/#organization","name":"LIFT-MTB","url":"https:\/\/www.lift-mtb.com\/es\/","logo":{"@type":"ImageObject","inLanguage":"es","@id":"https:\/\/www.lift-mtb.com\/es\/#\/schema\/logo\/image\/","url":"https:\/\/www.lift-mtb.com\/wp-content\/uploads\/2022\/01\/electric-kit-for-bike-1.jpg","contentUrl":"https:\/\/www.lift-mtb.com\/wp-content\/uploads\/2022\/01\/electric-kit-for-bike-1.jpg","width":1223,"height":560,"caption":"LIFT-MTB"},"image":{"@id":"https:\/\/www.lift-mtb.com\/es\/#\/schema\/logo\/image\/"}}]}},"_links":{"self":[{"href":"https:\/\/www.lift-mtb.com\/es\/wp-json\/wp\/v2\/product\/45734","targetHints":{"allow":["GET"]}}],"collection":[{"href":"https:\/\/www.lift-mtb.com\/es\/wp-json\/wp\/v2\/product"}],"about":[{"href":"https:\/\/www.lift-mtb.com\/es\/wp-json\/wp\/v2\/types\/product"}],"replies":[{"embeddable":true,"href":"https:\/\/www.lift-mtb.com\/es\/wp-json\/wp\/v2\/comments?post=45734"}],"wp:featuredmedia":[{"embeddable":true,"href":"https:\/\/www.lift-mtb.com\/es\/wp-json\/wp\/v2\/media\/45740"}],"wp:attachment":[{"href":"https:\/\/www.lift-mtb.com\/es\/wp-json\/wp\/v2\/media?parent=45734"}],"wp:term":[{"taxonomy":"product_brand","embeddable":true,"href":"https:\/\/www.lift-mtb.com\/es\/wp-json\/wp\/v2\/product_brand?post=45734"},{"taxonomy":"product_cat","embeddable":true,"href":"https:\/\/www.lift-mtb.com\/es\/wp-json\/wp\/v2\/product_cat?post=45734"},{"taxonomy":"product_tag","embeddable":true,"href":"https:\/\/www.lift-mtb.com\/es\/wp-json\/wp\/v2\/product_tag?post=45734"}],"curies":[{"name":"wp","href":"https:\/\/api.w.org\/{rel}","templated":true}]}}