{"id":45789,"date":"2023-02-16T15:11:08","date_gmt":"2023-02-16T14:11:08","guid":{"rendered":"https:\/?post_type=product&#038;p=45789"},"modified":"2025-06-11T20:00:24","modified_gmt":"2025-06-11T18:00:24","slug":"crank-puller-lift-mtb","status":"publish","type":"product","link":"https:\/\/www.lift-mtb.com\/es\/produit\/crank-puller-lift-mtb\/","title":{"rendered":"Extractor de manivela LIFT-MTB"},"content":{"rendered":"<p>Extractor de manivela LIFT-MTB<\/p>\n<p>Si te preguntas c\u00f3mo desmontar las bielas de tu bicicleta&#8230; Ya sea para <strong>poner un kit el\u00e9ctrico en una bicicleta <\/strong>o para hacer el mantenimiento de su kit LIFT MTB v1 \/ v2 \/v3 \u00a1aqu\u00ed tiene la soluci\u00f3n!<\/p>\n<ul>\n<li>Herramienta para desmontar las <a href=\"https:\/produit\/manivelles-lift-mtb-v4-classic-170-mm-pour-kit-moteur-de-velo\/\"><strong>bielas<\/strong><\/a> para la versi\u00f3n <strong>&#8220;Classic&#8221; V1,V2,V3<\/strong> del juego de bielas<a href=\"https:\/\/www.youtube.com\/@LIFTMTBTV\"> LIFT-MTB<\/a>,<\/li>\n<li>Se sujeta en el interior del cig\u00fce\u00f1al y, a continuaci\u00f3n, el pasador central presiona el cig\u00fce\u00f1al para extraerlo.<\/li>\n<\/ul>\n<ul class=\"a-unordered-list a-vertical a-spacing-mini\">\n<li> <span class=\"a-list-item\"> Extractor de manivela fabricado en acero de alta calidad y tratado con un tratamiento t\u00e9rmico endurecido de alta resistencia, <\/span><span class=\"a-list-item\">inoxidable y duradero. <\/span> <\/li>\n<li><span class=\"a-list-item\">Aplicaci\u00f3n: Nuestro extractor de bielas es de tama\u00f1o est\u00e1ndar, adecuado para cualquier tipo de bielas. <\/span><\/li>\n<li><span class=\"a-list-item\">Acabado cromado para resistir la corrosi\u00f3n<\/span><\/li>\n<li><span class=\"a-list-item\"> El extractor de bielas para bicicletas el\u00e9ctricas LIFT-MTB es una peque\u00f1a herramienta necesaria para cualquier mec\u00e1nico que quiera ser aut\u00f3nomo a la hora de reparar o<strong> instalar un kit el\u00e9ctrico en una bicicleta de<\/strong> monta\u00f1a<br \/>\n<\/span><\/li>\n<li><span class=\"a-list-item\"> Extractor de bielas perfectamente adecuado para reparar Mountain bikes (MTB), bicicletas de carretera y la mayor\u00eda de bicicletas con platos y bielas con c\u00e1rter cer\u00e1mico, muy pr\u00e1ctico y f\u00e1cil de usar. <\/span><\/li>\n<li>En conclusi\u00f3n, esta herramienta de alta calidad es f\u00e1cil de usar. Gracias a su tratamiento t\u00e9rmico de alta resistencia, esta llave perdurar\u00e1 en el tiempo.<\/li>\n<li>F\u00e1cil de transportar, puedes trabajar en tu bicicleta donde quieras.<\/li>\n<\/ul>\n","protected":false},"excerpt":{"rendered":"<p>Extractor de pedales LIFT-MTB<\/p>\n<ul>\n<li>Herramienta de desmontaje de <strong>bielas<\/strong> para la versi\u00f3n <strong>&#8220;Classic&#8221;<\/strong> del juego de bielas LIFT-MTB<\/li>\n<li>Tambi\u00e9n permite desmontar las bielas con huella cuadrada, ISIS y octalink<\/li>\n<li>Se sujeta en el interior del cig\u00fce\u00f1al y, a continuaci\u00f3n, el pasador del centro presiona el cig\u00fce\u00f1al para extraerlo.<\/li>\n<\/ul>\n","protected":false},"featured_media":46087,"comment_status":"open","ping_status":"closed","template":"","meta":[],"product_brand":[],"product_cat":[1062],"product_tag":[],"class_list":{"0":"post-45789","1":"product","2":"type-product","3":"status-publish","4":"has-post-thumbnail","6":"product_cat-herramientas","8":"first","9":"instock","10":"taxable","11":"shipping-taxable","12":"purchasable","13":"product-type-simple"},"yoast_head":"<!-- This site is optimized with the Yoast SEO plugin v26.9 - https:\/\/yoast.com\/product\/yoast-seo-wordpress\/ -->\n<title>Extractor de manivela LIFT-MTB LIFT-MTB<\/title>\n<meta name=\"description\" content=\"Extractor de bielas LIFT-MTB y herramienta para desmontar las bielas de las versiones &quot;Classic&quot; v1 \/ v2 \/ v3 o el juego de bielas original de su bicicleta\" \/>\n<meta name=\"robots\" content=\"index, follow, max-snippet:-1, max-image-preview:large, max-video-preview:-1\" \/>\n<link rel=\"canonical\" href=\"https:\/\/www.lift-mtb.com\/es\/produit\/crank-puller-lift-mtb\/\" \/>\n<meta property=\"og:locale\" content=\"es_ES\" \/>\n<meta property=\"og:type\" content=\"article\" \/>\n<meta property=\"og:title\" content=\"Extractor de manivela LIFT-MTB LIFT-MTB\" \/>\n<meta property=\"og:description\" content=\"Extractor de bielas LIFT-MTB y herramienta para desmontar las bielas de las versiones &quot;Classic&quot; v1 \/ v2 \/ v3 o el juego de bielas original de su bicicleta\" \/>\n<meta property=\"og:url\" content=\"https:\/\/www.lift-mtb.com\/es\/produit\/crank-puller-lift-mtb\/\" \/>\n<meta property=\"og:site_name\" content=\"LIFT-MTB\" \/>\n<meta property=\"article:modified_time\" content=\"2025-06-11T18:00:24+00:00\" \/>\n<meta property=\"og:image\" content=\"https:\/\/www.lift-mtb.com\/wp-content\/uploads\/2023\/02\/extracteur-de-manivelle-2048-x-1367-px-2.png\" \/>\n\t<meta property=\"og:image:width\" content=\"2048\" \/>\n\t<meta property=\"og:image:height\" content=\"1367\" \/>\n\t<meta property=\"og:image:type\" content=\"image\/png\" \/>\n<meta name=\"twitter:card\" content=\"summary_large_image\" \/>\n<meta name=\"twitter:label1\" content=\"Tiempo de lectura\" \/>\n\t<meta name=\"twitter:data1\" content=\"1 minuto\" \/>\n<script type=\"application\/ld+json\" class=\"yoast-schema-graph\">{\"@context\":\"https:\/\/schema.org\",\"@graph\":[{\"@type\":\"WebPage\",\"@id\":\"https:\/\/www.lift-mtb.com\/es\/produit\/crank-puller-lift-mtb\/\",\"url\":\"https:\/\/www.lift-mtb.com\/es\/produit\/crank-puller-lift-mtb\/\",\"name\":\"Extractor de manivela LIFT-MTB LIFT-MTB\",\"isPartOf\":{\"@id\":\"https:\/\/www.lift-mtb.com\/es\/#website\"},\"primaryImageOfPage\":{\"@id\":\"https:\/\/www.lift-mtb.com\/es\/produit\/crank-puller-lift-mtb\/#primaryimage\"},\"image\":{\"@id\":\"https:\/\/www.lift-mtb.com\/es\/produit\/crank-puller-lift-mtb\/#primaryimage\"},\"thumbnailUrl\":\"https:\/\/www.lift-mtb.com\/wp-content\/uploads\/2023\/02\/extracteur-de-manivelle-2048-x-1367-px-2.png\",\"datePublished\":\"2023-02-16T14:11:08+00:00\",\"dateModified\":\"2025-06-11T18:00:24+00:00\",\"description\":\"Extractor de bielas LIFT-MTB y herramienta para desmontar las bielas de las versiones \\\"Classic\\\" v1 \/ v2 \/ v3 o el juego de bielas original de su bicicleta\",\"breadcrumb\":{\"@id\":\"https:\/\/www.lift-mtb.com\/es\/produit\/crank-puller-lift-mtb\/#breadcrumb\"},\"inLanguage\":\"es\",\"potentialAction\":[{\"@type\":\"ReadAction\",\"target\":[\"https:\/\/www.lift-mtb.com\/es\/produit\/crank-puller-lift-mtb\/\"]}]},{\"@type\":\"ImageObject\",\"inLanguage\":\"es\",\"@id\":\"https:\/\/www.lift-mtb.com\/es\/produit\/crank-puller-lift-mtb\/#primaryimage\",\"url\":\"https:\/\/www.lift-mtb.com\/wp-content\/uploads\/2023\/02\/extracteur-de-manivelle-2048-x-1367-px-2.png\",\"contentUrl\":\"https:\/\/www.lift-mtb.com\/wp-content\/uploads\/2023\/02\/extracteur-de-manivelle-2048-x-1367-px-2.png\",\"width\":2048,\"height\":1367,\"caption\":\"comment d\u00e9monter mon boitier de pedalier\"},{\"@type\":\"BreadcrumbList\",\"@id\":\"https:\/\/www.lift-mtb.com\/es\/produit\/crank-puller-lift-mtb\/#breadcrumb\",\"itemListElement\":[{\"@type\":\"ListItem\",\"position\":1,\"name\":\"Accueil\",\"item\":\"https:\/\/www.lift-mtb.com\/es\/\"},{\"@type\":\"ListItem\",\"position\":2,\"name\":\"Tienda\",\"item\":\"https:\/\/www.lift-mtb.com\/es\/tienda\/\"},{\"@type\":\"ListItem\",\"position\":3,\"name\":\"Herramientas\",\"item\":\"https:\/\/www.lift-mtb.com\/es\/categoria-de-productos\/herramientas\/\"},{\"@type\":\"ListItem\",\"position\":4,\"name\":\"Extractor de manivela LIFT-MTB\"}]},{\"@type\":\"WebSite\",\"@id\":\"https:\/\/www.lift-mtb.com\/es\/#website\",\"url\":\"https:\/\/www.lift-mtb.com\/es\/\",\"name\":\"LIFT-MTB\",\"description\":\"Transformer son v\u00e9lo en \u00e9lectrique rapidement !\",\"publisher\":{\"@id\":\"https:\/\/www.lift-mtb.com\/es\/#organization\"},\"potentialAction\":[{\"@type\":\"SearchAction\",\"target\":{\"@type\":\"EntryPoint\",\"urlTemplate\":\"https:\/\/www.lift-mtb.com\/es\/?s={search_term_string}\"},\"query-input\":{\"@type\":\"PropertyValueSpecification\",\"valueRequired\":true,\"valueName\":\"search_term_string\"}}],\"inLanguage\":\"es\"},{\"@type\":\"Organization\",\"@id\":\"https:\/\/www.lift-mtb.com\/es\/#organization\",\"name\":\"LIFT-MTB\",\"url\":\"https:\/\/www.lift-mtb.com\/es\/\",\"logo\":{\"@type\":\"ImageObject\",\"inLanguage\":\"es\",\"@id\":\"https:\/\/www.lift-mtb.com\/es\/#\/schema\/logo\/image\/\",\"url\":\"https:\/\/www.lift-mtb.com\/wp-content\/uploads\/2022\/01\/electric-kit-for-bike-1.jpg\",\"contentUrl\":\"https:\/\/www.lift-mtb.com\/wp-content\/uploads\/2022\/01\/electric-kit-for-bike-1.jpg\",\"width\":1223,\"height\":560,\"caption\":\"LIFT-MTB\"},\"image\":{\"@id\":\"https:\/\/www.lift-mtb.com\/es\/#\/schema\/logo\/image\/\"}}]}<\/script>\n<!-- \/ Yoast SEO plugin. -->","yoast_head_json":{"title":"Extractor de manivela LIFT-MTB LIFT-MTB","description":"Extractor de bielas LIFT-MTB y herramienta para desmontar las bielas de las versiones \"Classic\" v1 \/ v2 \/ v3 o el juego de bielas original de su bicicleta","robots":{"index":"index","follow":"follow","max-snippet":"max-snippet:-1","max-image-preview":"max-image-preview:large","max-video-preview":"max-video-preview:-1"},"canonical":"https:\/\/www.lift-mtb.com\/es\/produit\/crank-puller-lift-mtb\/","og_locale":"es_ES","og_type":"article","og_title":"Extractor de manivela LIFT-MTB LIFT-MTB","og_description":"Extractor de bielas LIFT-MTB y herramienta para desmontar las bielas de las versiones \"Classic\" v1 \/ v2 \/ v3 o el juego de bielas original de su bicicleta","og_url":"https:\/\/www.lift-mtb.com\/es\/produit\/crank-puller-lift-mtb\/","og_site_name":"LIFT-MTB","article_modified_time":"2025-06-11T18:00:24+00:00","og_image":[{"width":2048,"height":1367,"url":"https:\/\/www.lift-mtb.com\/wp-content\/uploads\/2023\/02\/extracteur-de-manivelle-2048-x-1367-px-2.png","type":"image\/png"}],"twitter_card":"summary_large_image","twitter_misc":{"Tiempo de lectura":"1 minuto"},"schema":{"@context":"https:\/\/schema.org","@graph":[{"@type":"WebPage","@id":"https:\/\/www.lift-mtb.com\/es\/produit\/crank-puller-lift-mtb\/","url":"https:\/\/www.lift-mtb.com\/es\/produit\/crank-puller-lift-mtb\/","name":"Extractor de manivela LIFT-MTB LIFT-MTB","isPartOf":{"@id":"https:\/\/www.lift-mtb.com\/es\/#website"},"primaryImageOfPage":{"@id":"https:\/\/www.lift-mtb.com\/es\/produit\/crank-puller-lift-mtb\/#primaryimage"},"image":{"@id":"https:\/\/www.lift-mtb.com\/es\/produit\/crank-puller-lift-mtb\/#primaryimage"},"thumbnailUrl":"https:\/\/www.lift-mtb.com\/wp-content\/uploads\/2023\/02\/extracteur-de-manivelle-2048-x-1367-px-2.png","datePublished":"2023-02-16T14:11:08+00:00","dateModified":"2025-06-11T18:00:24+00:00","description":"Extractor de bielas LIFT-MTB y herramienta para desmontar las bielas de las versiones \"Classic\" v1 \/ v2 \/ v3 o el juego de bielas original de su bicicleta","breadcrumb":{"@id":"https:\/\/www.lift-mtb.com\/es\/produit\/crank-puller-lift-mtb\/#breadcrumb"},"inLanguage":"es","potentialAction":[{"@type":"ReadAction","target":["https:\/\/www.lift-mtb.com\/es\/produit\/crank-puller-lift-mtb\/"]}]},{"@type":"ImageObject","inLanguage":"es","@id":"https:\/\/www.lift-mtb.com\/es\/produit\/crank-puller-lift-mtb\/#primaryimage","url":"https:\/\/www.lift-mtb.com\/wp-content\/uploads\/2023\/02\/extracteur-de-manivelle-2048-x-1367-px-2.png","contentUrl":"https:\/\/www.lift-mtb.com\/wp-content\/uploads\/2023\/02\/extracteur-de-manivelle-2048-x-1367-px-2.png","width":2048,"height":1367,"caption":"comment d\u00e9monter mon boitier de pedalier"},{"@type":"BreadcrumbList","@id":"https:\/\/www.lift-mtb.com\/es\/produit\/crank-puller-lift-mtb\/#breadcrumb","itemListElement":[{"@type":"ListItem","position":1,"name":"Accueil","item":"https:\/\/www.lift-mtb.com\/es\/"},{"@type":"ListItem","position":2,"name":"Tienda","item":"https:\/\/www.lift-mtb.com\/es\/tienda\/"},{"@type":"ListItem","position":3,"name":"Herramientas","item":"https:\/\/www.lift-mtb.com\/es\/categoria-de-productos\/herramientas\/"},{"@type":"ListItem","position":4,"name":"Extractor de manivela LIFT-MTB"}]},{"@type":"WebSite","@id":"https:\/\/www.lift-mtb.com\/es\/#website","url":"https:\/\/www.lift-mtb.com\/es\/","name":"LIFT-MTB","description":"Transformer son v\u00e9lo en \u00e9lectrique rapidement !","publisher":{"@id":"https:\/\/www.lift-mtb.com\/es\/#organization"},"potentialAction":[{"@type":"SearchAction","target":{"@type":"EntryPoint","urlTemplate":"https:\/\/www.lift-mtb.com\/es\/?s={search_term_string}"},"query-input":{"@type":"PropertyValueSpecification","valueRequired":true,"valueName":"search_term_string"}}],"inLanguage":"es"},{"@type":"Organization","@id":"https:\/\/www.lift-mtb.com\/es\/#organization","name":"LIFT-MTB","url":"https:\/\/www.lift-mtb.com\/es\/","logo":{"@type":"ImageObject","inLanguage":"es","@id":"https:\/\/www.lift-mtb.com\/es\/#\/schema\/logo\/image\/","url":"https:\/\/www.lift-mtb.com\/wp-content\/uploads\/2022\/01\/electric-kit-for-bike-1.jpg","contentUrl":"https:\/\/www.lift-mtb.com\/wp-content\/uploads\/2022\/01\/electric-kit-for-bike-1.jpg","width":1223,"height":560,"caption":"LIFT-MTB"},"image":{"@id":"https:\/\/www.lift-mtb.com\/es\/#\/schema\/logo\/image\/"}}]}},"_links":{"self":[{"href":"https:\/\/www.lift-mtb.com\/es\/wp-json\/wp\/v2\/product\/45789","targetHints":{"allow":["GET"]}}],"collection":[{"href":"https:\/\/www.lift-mtb.com\/es\/wp-json\/wp\/v2\/product"}],"about":[{"href":"https:\/\/www.lift-mtb.com\/es\/wp-json\/wp\/v2\/types\/product"}],"replies":[{"embeddable":true,"href":"https:\/\/www.lift-mtb.com\/es\/wp-json\/wp\/v2\/comments?post=45789"}],"wp:featuredmedia":[{"embeddable":true,"href":"https:\/\/www.lift-mtb.com\/es\/wp-json\/wp\/v2\/media\/46087"}],"wp:attachment":[{"href":"https:\/\/www.lift-mtb.com\/es\/wp-json\/wp\/v2\/media?parent=45789"}],"wp:term":[{"taxonomy":"product_brand","embeddable":true,"href":"https:\/\/www.lift-mtb.com\/es\/wp-json\/wp\/v2\/product_brand?post=45789"},{"taxonomy":"product_cat","embeddable":true,"href":"https:\/\/www.lift-mtb.com\/es\/wp-json\/wp\/v2\/product_cat?post=45789"},{"taxonomy":"product_tag","embeddable":true,"href":"https:\/\/www.lift-mtb.com\/es\/wp-json\/wp\/v2\/product_tag?post=45789"}],"curies":[{"name":"wp","href":"https:\/\/api.w.org\/{rel}","templated":true}]}}