{"id":45853,"date":"2023-02-16T15:20:40","date_gmt":"2023-02-16T14:20:40","guid":{"rendered":"https:\/?post_type=product&#038;p=45853"},"modified":"2025-06-10T14:51:55","modified_gmt":"2025-06-10T12:51:55","slug":"external-gearbox-key-bsa","status":"publish","type":"product","link":"https:\/\/www.lift-mtb.com\/es\/produit\/external-gearbox-key-bsa\/","title":{"rendered":"Llave de pedalier EXTERNO tipo BSA."},"content":{"rendered":"<p>Llave de pedalier EXTERIOR<\/p>\n<h4>Se pregunta: \u00bfc\u00f3mo desmontar un pedalier externo BSA?<\/h4>\n<ul>\n<li>Esta es la llave de eje de pedalier EXTERNO para montar\/desmontar <a href=\"https:\/\/www.youtube.com\/watch?v=CyN7fAq-Qq4\"><strong>ejes de pedalier<\/strong><\/a> <a href=\"https:\/comment-reconnaitre-demonter-son-boitier-de-pedalier\/\"><strong>externos BSA para motores de pedalier de bicicleta.<\/strong><\/a><\/li>\n<li>Para la cazoleta izquierda, aflojar en sentido antihorario. Y <strong>para el cuenco<\/strong> de la derecha, aflojar en el sentido de las agujas del reloj.<\/li>\n<li><span class=\"a-list-item\">Fabricada con acero de alto contenido en carbono, tambi\u00e9n est\u00e1 tratada t\u00e9rmicamente para aumentar su durabilidad. As\u00ed que tener un producto tan duradero como resistente.<\/span><\/li>\n<li><span class=\"a-list-item\"> Se utiliza para quitar o instalar el c\u00e1rter, la peque\u00f1a herramienta en el otro extremo se utiliza para quitar o instalar f\u00e1cilmente la tuerca del cig\u00fce\u00f1al. <\/span><\/li>\n<li><span class=\"a-list-item\">Mide unos 22 cm de largo y 3,5 mm de grosor, y es ligero y compacto. Tambi\u00e9n es muy f\u00e1cil de transportar. <\/span><\/li>\n<li><span class=\"a-list-item\"> La llave del plato de la bicicleta tiene dos caras. Un lado tiene dientes met\u00e1licos ultraprecisos, que se utilizan para los rodamientos del eje de pedalier. Por otro lado, la herramienta permite quitar el tornillo de torsi\u00f3n de las bielas SHIMANO.<\/span><\/li>\n<li><span class=\"a-list-item\"> En conclusi\u00f3n, esta llave tipo Shimano est\u00e1 dise\u00f1ada para desmontar e instalar tanto la tuerca de la biela como el eje de pedalier. Es adecuado para la mayor\u00eda de los rodamientos externos Shimano Hollowtech 2, race face, rotor y SRAM. <\/span><span class=\"a-list-item\">Es una opci\u00f3n ideal para ser aut\u00f3nomo en el mantenimiento de su <strong>bicicleta el\u00e9ctrica motorizada<\/strong>. <\/span><\/li>\n<\/ul>\n","protected":false},"excerpt":{"rendered":"<h5>Llave tipo SHIMANO para caja de destino tipo BSA.<\/h5>\n<ul>\n<li>Herramienta tipo Shimano para montar\/desmontar <strong>ejes de pedalier<\/strong> <strong>externos BSA<\/strong>.<\/li>\n<li>compatible con platos y bielas externos race face, rotor y SRAM<\/li>\n<li>Para la cazoleta izquierda, aflojar en el sentido contrario a las agujas del reloj, y para la <strong>cazoleta derecha<\/strong>, aflojar en el sentido de las agujas del reloj.<\/li>\n<\/ul>\n<p>&nbsp;<\/p>\n","protected":false},"featured_media":46080,"comment_status":"open","ping_status":"closed","template":"","meta":[],"product_brand":[],"product_cat":[1062],"product_tag":[],"class_list":{"0":"post-45853","1":"product","2":"type-product","3":"status-publish","4":"has-post-thumbnail","6":"product_cat-herramientas","8":"first","9":"instock","10":"taxable","11":"shipping-taxable","12":"purchasable","13":"product-type-simple"},"yoast_head":"<!-- This site is optimized with the Yoast SEO plugin v26.9 - https:\/\/yoast.com\/product\/yoast-seo-wordpress\/ -->\n<title>Llave de pedalier EXTERNO tipo BSA. LIFT-MTB<\/title>\n<meta name=\"description\" content=\"Llave de eje de pedalier EXTERNO BSA, es una herramienta tipo Shimano para montar\/desmontar ejes de pedalier BSA.\" \/>\n<meta name=\"robots\" content=\"index, follow, max-snippet:-1, max-image-preview:large, max-video-preview:-1\" \/>\n<link rel=\"canonical\" href=\"https:\/\/www.lift-mtb.com\/es\/produit\/external-gearbox-key-bsa\/\" \/>\n<meta property=\"og:locale\" content=\"es_ES\" \/>\n<meta property=\"og:type\" content=\"article\" \/>\n<meta property=\"og:title\" content=\"Llave de pedalier EXTERNO tipo BSA. LIFT-MTB\" \/>\n<meta property=\"og:description\" content=\"Llave de eje de pedalier EXTERNO BSA, es una herramienta tipo Shimano para montar\/desmontar ejes de pedalier BSA.\" \/>\n<meta property=\"og:url\" content=\"https:\/\/www.lift-mtb.com\/es\/produit\/external-gearbox-key-bsa\/\" \/>\n<meta property=\"og:site_name\" content=\"LIFT-MTB\" \/>\n<meta property=\"article:modified_time\" content=\"2025-06-10T12:51:55+00:00\" \/>\n<meta property=\"og:image\" content=\"https:\/\/www.lift-mtb.com\/wp-content\/uploads\/2023\/02\/outil-demonte-boitier-shimano-externe-2048-x-1367-px.png\" \/>\n\t<meta property=\"og:image:width\" content=\"2048\" \/>\n\t<meta property=\"og:image:height\" content=\"1367\" \/>\n\t<meta property=\"og:image:type\" content=\"image\/png\" \/>\n<meta name=\"twitter:card\" content=\"summary_large_image\" \/>\n<meta name=\"twitter:label1\" content=\"Tiempo de lectura\" \/>\n\t<meta name=\"twitter:data1\" content=\"1 minuto\" \/>\n<script type=\"application\/ld+json\" class=\"yoast-schema-graph\">{\"@context\":\"https:\/\/schema.org\",\"@graph\":[{\"@type\":\"WebPage\",\"@id\":\"https:\/\/www.lift-mtb.com\/es\/produit\/external-gearbox-key-bsa\/\",\"url\":\"https:\/\/www.lift-mtb.com\/es\/produit\/external-gearbox-key-bsa\/\",\"name\":\"Llave de pedalier EXTERNO tipo BSA. LIFT-MTB\",\"isPartOf\":{\"@id\":\"https:\/\/www.lift-mtb.com\/es\/#website\"},\"primaryImageOfPage\":{\"@id\":\"https:\/\/www.lift-mtb.com\/es\/produit\/external-gearbox-key-bsa\/#primaryimage\"},\"image\":{\"@id\":\"https:\/\/www.lift-mtb.com\/es\/produit\/external-gearbox-key-bsa\/#primaryimage\"},\"thumbnailUrl\":\"https:\/\/www.lift-mtb.com\/wp-content\/uploads\/2023\/02\/outil-demonte-boitier-shimano-externe-2048-x-1367-px.png\",\"datePublished\":\"2023-02-16T14:20:40+00:00\",\"dateModified\":\"2025-06-10T12:51:55+00:00\",\"description\":\"Llave de eje de pedalier EXTERNO BSA, es una herramienta tipo Shimano para montar\/desmontar ejes de pedalier BSA.\",\"breadcrumb\":{\"@id\":\"https:\/\/www.lift-mtb.com\/es\/produit\/external-gearbox-key-bsa\/#breadcrumb\"},\"inLanguage\":\"es\",\"potentialAction\":[{\"@type\":\"ReadAction\",\"target\":[\"https:\/\/www.lift-mtb.com\/es\/produit\/external-gearbox-key-bsa\/\"]}]},{\"@type\":\"ImageObject\",\"inLanguage\":\"es\",\"@id\":\"https:\/\/www.lift-mtb.com\/es\/produit\/external-gearbox-key-bsa\/#primaryimage\",\"url\":\"https:\/\/www.lift-mtb.com\/wp-content\/uploads\/2023\/02\/outil-demonte-boitier-shimano-externe-2048-x-1367-px.png\",\"contentUrl\":\"https:\/\/www.lift-mtb.com\/wp-content\/uploads\/2023\/02\/outil-demonte-boitier-shimano-externe-2048-x-1367-px.png\",\"width\":2048,\"height\":1367,\"caption\":\"BSA\"},{\"@type\":\"BreadcrumbList\",\"@id\":\"https:\/\/www.lift-mtb.com\/es\/produit\/external-gearbox-key-bsa\/#breadcrumb\",\"itemListElement\":[{\"@type\":\"ListItem\",\"position\":1,\"name\":\"Accueil\",\"item\":\"https:\/\/www.lift-mtb.com\/es\/\"},{\"@type\":\"ListItem\",\"position\":2,\"name\":\"Tienda\",\"item\":\"https:\/\/www.lift-mtb.com\/es\/tienda\/\"},{\"@type\":\"ListItem\",\"position\":3,\"name\":\"Herramientas\",\"item\":\"https:\/\/www.lift-mtb.com\/es\/categoria-de-productos\/herramientas\/\"},{\"@type\":\"ListItem\",\"position\":4,\"name\":\"Llave de pedalier EXTERNO tipo BSA.\"}]},{\"@type\":\"WebSite\",\"@id\":\"https:\/\/www.lift-mtb.com\/es\/#website\",\"url\":\"https:\/\/www.lift-mtb.com\/es\/\",\"name\":\"LIFT-MTB\",\"description\":\"Transformer son v\u00e9lo en \u00e9lectrique rapidement !\",\"publisher\":{\"@id\":\"https:\/\/www.lift-mtb.com\/es\/#organization\"},\"potentialAction\":[{\"@type\":\"SearchAction\",\"target\":{\"@type\":\"EntryPoint\",\"urlTemplate\":\"https:\/\/www.lift-mtb.com\/es\/?s={search_term_string}\"},\"query-input\":{\"@type\":\"PropertyValueSpecification\",\"valueRequired\":true,\"valueName\":\"search_term_string\"}}],\"inLanguage\":\"es\"},{\"@type\":\"Organization\",\"@id\":\"https:\/\/www.lift-mtb.com\/es\/#organization\",\"name\":\"LIFT-MTB\",\"url\":\"https:\/\/www.lift-mtb.com\/es\/\",\"logo\":{\"@type\":\"ImageObject\",\"inLanguage\":\"es\",\"@id\":\"https:\/\/www.lift-mtb.com\/es\/#\/schema\/logo\/image\/\",\"url\":\"https:\/\/www.lift-mtb.com\/wp-content\/uploads\/2022\/01\/electric-kit-for-bike-1.jpg\",\"contentUrl\":\"https:\/\/www.lift-mtb.com\/wp-content\/uploads\/2022\/01\/electric-kit-for-bike-1.jpg\",\"width\":1223,\"height\":560,\"caption\":\"LIFT-MTB\"},\"image\":{\"@id\":\"https:\/\/www.lift-mtb.com\/es\/#\/schema\/logo\/image\/\"}}]}<\/script>\n<!-- \/ Yoast SEO plugin. -->","yoast_head_json":{"title":"Llave de pedalier EXTERNO tipo BSA. LIFT-MTB","description":"Llave de eje de pedalier EXTERNO BSA, es una herramienta tipo Shimano para montar\/desmontar ejes de pedalier BSA.","robots":{"index":"index","follow":"follow","max-snippet":"max-snippet:-1","max-image-preview":"max-image-preview:large","max-video-preview":"max-video-preview:-1"},"canonical":"https:\/\/www.lift-mtb.com\/es\/produit\/external-gearbox-key-bsa\/","og_locale":"es_ES","og_type":"article","og_title":"Llave de pedalier EXTERNO tipo BSA. LIFT-MTB","og_description":"Llave de eje de pedalier EXTERNO BSA, es una herramienta tipo Shimano para montar\/desmontar ejes de pedalier BSA.","og_url":"https:\/\/www.lift-mtb.com\/es\/produit\/external-gearbox-key-bsa\/","og_site_name":"LIFT-MTB","article_modified_time":"2025-06-10T12:51:55+00:00","og_image":[{"width":2048,"height":1367,"url":"https:\/\/www.lift-mtb.com\/wp-content\/uploads\/2023\/02\/outil-demonte-boitier-shimano-externe-2048-x-1367-px.png","type":"image\/png"}],"twitter_card":"summary_large_image","twitter_misc":{"Tiempo de lectura":"1 minuto"},"schema":{"@context":"https:\/\/schema.org","@graph":[{"@type":"WebPage","@id":"https:\/\/www.lift-mtb.com\/es\/produit\/external-gearbox-key-bsa\/","url":"https:\/\/www.lift-mtb.com\/es\/produit\/external-gearbox-key-bsa\/","name":"Llave de pedalier EXTERNO tipo BSA. LIFT-MTB","isPartOf":{"@id":"https:\/\/www.lift-mtb.com\/es\/#website"},"primaryImageOfPage":{"@id":"https:\/\/www.lift-mtb.com\/es\/produit\/external-gearbox-key-bsa\/#primaryimage"},"image":{"@id":"https:\/\/www.lift-mtb.com\/es\/produit\/external-gearbox-key-bsa\/#primaryimage"},"thumbnailUrl":"https:\/\/www.lift-mtb.com\/wp-content\/uploads\/2023\/02\/outil-demonte-boitier-shimano-externe-2048-x-1367-px.png","datePublished":"2023-02-16T14:20:40+00:00","dateModified":"2025-06-10T12:51:55+00:00","description":"Llave de eje de pedalier EXTERNO BSA, es una herramienta tipo Shimano para montar\/desmontar ejes de pedalier BSA.","breadcrumb":{"@id":"https:\/\/www.lift-mtb.com\/es\/produit\/external-gearbox-key-bsa\/#breadcrumb"},"inLanguage":"es","potentialAction":[{"@type":"ReadAction","target":["https:\/\/www.lift-mtb.com\/es\/produit\/external-gearbox-key-bsa\/"]}]},{"@type":"ImageObject","inLanguage":"es","@id":"https:\/\/www.lift-mtb.com\/es\/produit\/external-gearbox-key-bsa\/#primaryimage","url":"https:\/\/www.lift-mtb.com\/wp-content\/uploads\/2023\/02\/outil-demonte-boitier-shimano-externe-2048-x-1367-px.png","contentUrl":"https:\/\/www.lift-mtb.com\/wp-content\/uploads\/2023\/02\/outil-demonte-boitier-shimano-externe-2048-x-1367-px.png","width":2048,"height":1367,"caption":"BSA"},{"@type":"BreadcrumbList","@id":"https:\/\/www.lift-mtb.com\/es\/produit\/external-gearbox-key-bsa\/#breadcrumb","itemListElement":[{"@type":"ListItem","position":1,"name":"Accueil","item":"https:\/\/www.lift-mtb.com\/es\/"},{"@type":"ListItem","position":2,"name":"Tienda","item":"https:\/\/www.lift-mtb.com\/es\/tienda\/"},{"@type":"ListItem","position":3,"name":"Herramientas","item":"https:\/\/www.lift-mtb.com\/es\/categoria-de-productos\/herramientas\/"},{"@type":"ListItem","position":4,"name":"Llave de pedalier EXTERNO tipo BSA."}]},{"@type":"WebSite","@id":"https:\/\/www.lift-mtb.com\/es\/#website","url":"https:\/\/www.lift-mtb.com\/es\/","name":"LIFT-MTB","description":"Transformer son v\u00e9lo en \u00e9lectrique rapidement !","publisher":{"@id":"https:\/\/www.lift-mtb.com\/es\/#organization"},"potentialAction":[{"@type":"SearchAction","target":{"@type":"EntryPoint","urlTemplate":"https:\/\/www.lift-mtb.com\/es\/?s={search_term_string}"},"query-input":{"@type":"PropertyValueSpecification","valueRequired":true,"valueName":"search_term_string"}}],"inLanguage":"es"},{"@type":"Organization","@id":"https:\/\/www.lift-mtb.com\/es\/#organization","name":"LIFT-MTB","url":"https:\/\/www.lift-mtb.com\/es\/","logo":{"@type":"ImageObject","inLanguage":"es","@id":"https:\/\/www.lift-mtb.com\/es\/#\/schema\/logo\/image\/","url":"https:\/\/www.lift-mtb.com\/wp-content\/uploads\/2022\/01\/electric-kit-for-bike-1.jpg","contentUrl":"https:\/\/www.lift-mtb.com\/wp-content\/uploads\/2022\/01\/electric-kit-for-bike-1.jpg","width":1223,"height":560,"caption":"LIFT-MTB"},"image":{"@id":"https:\/\/www.lift-mtb.com\/es\/#\/schema\/logo\/image\/"}}]}},"_links":{"self":[{"href":"https:\/\/www.lift-mtb.com\/es\/wp-json\/wp\/v2\/product\/45853","targetHints":{"allow":["GET"]}}],"collection":[{"href":"https:\/\/www.lift-mtb.com\/es\/wp-json\/wp\/v2\/product"}],"about":[{"href":"https:\/\/www.lift-mtb.com\/es\/wp-json\/wp\/v2\/types\/product"}],"replies":[{"embeddable":true,"href":"https:\/\/www.lift-mtb.com\/es\/wp-json\/wp\/v2\/comments?post=45853"}],"wp:featuredmedia":[{"embeddable":true,"href":"https:\/\/www.lift-mtb.com\/es\/wp-json\/wp\/v2\/media\/46080"}],"wp:attachment":[{"href":"https:\/\/www.lift-mtb.com\/es\/wp-json\/wp\/v2\/media?parent=45853"}],"wp:term":[{"taxonomy":"product_brand","embeddable":true,"href":"https:\/\/www.lift-mtb.com\/es\/wp-json\/wp\/v2\/product_brand?post=45853"},{"taxonomy":"product_cat","embeddable":true,"href":"https:\/\/www.lift-mtb.com\/es\/wp-json\/wp\/v2\/product_cat?post=45853"},{"taxonomy":"product_tag","embeddable":true,"href":"https:\/\/www.lift-mtb.com\/es\/wp-json\/wp\/v2\/product_tag?post=45853"}],"curies":[{"name":"wp","href":"https:\/\/api.w.org\/{rel}","templated":true}]}}