{"id":46172,"date":"2002-01-17T16:21:47","date_gmt":"2002-01-17T15:21:47","guid":{"rendered":"https:\/produit\/carcasa-completa-de-proteccion-del-motor\/"},"modified":"2025-06-12T05:57:51","modified_gmt":"2025-06-12T03:57:51","slug":"carcasa-motor-protectora-de-bicicletas-electricas","status":"publish","type":"product","link":"https:\/\/www.lift-mtb.com\/es\/produit\/carcasa-motor-protectora-de-bicicletas-electricas\/","title":{"rendered":"Carcasa completa de protecci\u00f3n del motor"},"content":{"rendered":"<p>Nuestra carcasa protectora del motor permite ocultar el <a href=\"https:\/categorie-produit\/nos-kits-preconfigures\/\">motor completo<\/a> en el lado derecho para una integraci\u00f3n perfecta. A\u00f1adiendo un aspecto m\u00e1s discreto e integrado a nuestro kit de motor el\u00e9ctrico Mountain bikes (MTB).<\/p>\n<p><span style=\"font-family: inherit;\">Es compatible con los kits v3 y <a href=\"https:\/\/www.youtube.com\/@LIFTMTBTV\">V4<\/a> de \u00faltima producci\u00f3n (placas de motor con los 2 orificios de fijaci\u00f3n delanteros adicionales).  <\/span><\/p>\n<p>Tiene cierres<span style=\"font-family: inherit;\">  por 3 tornillos. (a<\/span>  perforaci\u00f3n<span style=\"font-family: inherit;\"> <\/span><span style=\"font-family: inherit;\"> para un 4\u00ba tornillo tambi\u00e9n es posible<\/span><span style=\"font-family: inherit;\">)<br \/>\n<\/span><\/p>\n<p>Se adapta perfectamente al motor interno o al subchasis<\/p>\n<p>est\u00e1 hecho de material pl\u00e1stico <span style=\"font-family: inherit;\">PET<\/span> negro.<\/p>\n<p>En conclusi\u00f3n, esta carcasa protectora te puede permitir hacer m\u00e1s discreto el motor a la vez que mejora la estanqueidad y protecci\u00f3n de la transmisi\u00f3n primaria.<\/p>\n","protected":false},"excerpt":{"rendered":"<h2>Carcasa protectora del motor<\/h2>\n<ul>\n<li>compatible con los kits v3 y <a href=\"https:\/\/www.youtube.com\/@LIFTMTBTV\">V4<\/a> de \u00faltima producci\u00f3n (placas de motor con los 2 orificios de montaje delanteros adicionales)<\/li>\n<li>compatible con motor interno o subchasis<\/li>\n<li>Fijaci\u00f3n con 3 tornillos (es posible taladrar adicionalmente para un 4\u00ba tornillo en los kits m\u00e1s antiguos)<\/li>\n<li>Material pl\u00e1stico PLA negro con 1 a\u00f1o de garant\u00eda contra roturas por cualquier causa.<\/li>\n<\/ul>\n","protected":false},"featured_media":45322,"comment_status":"open","ping_status":"closed","template":"","meta":[],"product_brand":[],"product_cat":[835,842],"product_tag":[],"class_list":{"0":"post-46172","1":"product","2":"type-product","3":"status-publish","4":"has-post-thumbnail","6":"product_cat-opciones-y-accesorios","7":"product_cat-piezas-de-motor","9":"first","10":"instock","11":"taxable","12":"shipping-taxable","13":"purchasable","14":"product-type-simple"},"yoast_head":"<!-- This site is optimized with the Yoast SEO plugin v26.9 - https:\/\/yoast.com\/product\/yoast-seo-wordpress\/ -->\n<title>motor housing - LIFT-MTB<\/title>\n<meta name=\"description\" content=\"Carcasa de motor LIFT-MTB para ocultar el motor compatible con motores de bicicleta el\u00e9ctrica internos y externos para motores de bicicleta de monta\u00f1a V3 y V4\" \/>\n<meta name=\"robots\" content=\"index, follow, max-snippet:-1, max-image-preview:large, max-video-preview:-1\" \/>\n<link rel=\"canonical\" href=\"https:\/\/www.lift-mtb.com\/es\/produit\/carcasa-motor-protectora-de-bicicletas-electricas\/\" \/>\n<meta property=\"og:locale\" content=\"es_ES\" \/>\n<meta property=\"og:type\" content=\"article\" \/>\n<meta property=\"og:title\" content=\"motor housing - LIFT-MTB\" \/>\n<meta property=\"og:description\" content=\"Carcasa de motor LIFT-MTB para ocultar el motor compatible con motores de bicicleta el\u00e9ctrica internos y externos para motores de bicicleta de monta\u00f1a V3 y V4\" \/>\n<meta property=\"og:url\" content=\"https:\/\/www.lift-mtb.com\/es\/produit\/carcasa-motor-protectora-de-bicicletas-electricas\/\" \/>\n<meta property=\"og:site_name\" content=\"LIFT-MTB\" \/>\n<meta property=\"article:modified_time\" content=\"2025-06-12T03:57:51+00:00\" \/>\n<meta property=\"og:image\" content=\"https:\/\/www.lift-mtb.com\/wp-content\/uploads\/2023\/01\/cache-chaine-5-sur-6-scaled.jpg\" \/>\n\t<meta property=\"og:image:width\" content=\"2560\" \/>\n\t<meta property=\"og:image:height\" content=\"1696\" \/>\n\t<meta property=\"og:image:type\" content=\"image\/jpeg\" \/>\n<meta name=\"twitter:card\" content=\"summary_large_image\" \/>\n<meta name=\"twitter:label1\" content=\"Tiempo de lectura\" \/>\n\t<meta name=\"twitter:data1\" content=\"1 minuto\" \/>\n<script type=\"application\/ld+json\" class=\"yoast-schema-graph\">{\"@context\":\"https:\/\/schema.org\",\"@graph\":[{\"@type\":\"WebPage\",\"@id\":\"https:\/\/www.lift-mtb.com\/es\/produit\/carcasa-motor-protectora-de-bicicletas-electricas\/\",\"url\":\"https:\/\/www.lift-mtb.com\/es\/produit\/carcasa-motor-protectora-de-bicicletas-electricas\/\",\"name\":\"motor housing - LIFT-MTB\",\"isPartOf\":{\"@id\":\"https:\/\/www.lift-mtb.com\/es\/#website\"},\"primaryImageOfPage\":{\"@id\":\"https:\/\/www.lift-mtb.com\/es\/produit\/carcasa-motor-protectora-de-bicicletas-electricas\/#primaryimage\"},\"image\":{\"@id\":\"https:\/\/www.lift-mtb.com\/es\/produit\/carcasa-motor-protectora-de-bicicletas-electricas\/#primaryimage\"},\"thumbnailUrl\":\"https:\/\/www.lift-mtb.com\/wp-content\/uploads\/2023\/01\/cache-chaine-5-sur-6-scaled.jpg\",\"datePublished\":\"2002-01-17T15:21:47+00:00\",\"dateModified\":\"2025-06-12T03:57:51+00:00\",\"description\":\"Carcasa de motor LIFT-MTB para ocultar el motor compatible con motores de bicicleta el\u00e9ctrica internos y externos para motores de bicicleta de monta\u00f1a V3 y V4\",\"breadcrumb\":{\"@id\":\"https:\/\/www.lift-mtb.com\/es\/produit\/carcasa-motor-protectora-de-bicicletas-electricas\/#breadcrumb\"},\"inLanguage\":\"es\",\"potentialAction\":[{\"@type\":\"ReadAction\",\"target\":[\"https:\/\/www.lift-mtb.com\/es\/produit\/carcasa-motor-protectora-de-bicicletas-electricas\/\"]}]},{\"@type\":\"ImageObject\",\"inLanguage\":\"es\",\"@id\":\"https:\/\/www.lift-mtb.com\/es\/produit\/carcasa-motor-protectora-de-bicicletas-electricas\/#primaryimage\",\"url\":\"https:\/\/www.lift-mtb.com\/wp-content\/uploads\/2023\/01\/cache-chaine-5-sur-6-scaled.jpg\",\"contentUrl\":\"https:\/\/www.lift-mtb.com\/wp-content\/uploads\/2023\/01\/cache-chaine-5-sur-6-scaled.jpg\",\"width\":2560,\"height\":1696,\"caption\":\"carter protection moteur v\u00e9lo electrique\"},{\"@type\":\"BreadcrumbList\",\"@id\":\"https:\/\/www.lift-mtb.com\/es\/produit\/carcasa-motor-protectora-de-bicicletas-electricas\/#breadcrumb\",\"itemListElement\":[{\"@type\":\"ListItem\",\"position\":1,\"name\":\"Accueil\",\"item\":\"https:\/\/www.lift-mtb.com\/es\/\"},{\"@type\":\"ListItem\",\"position\":2,\"name\":\"Tienda\",\"item\":\"https:\/\/www.lift-mtb.com\/es\/tienda\/\"},{\"@type\":\"ListItem\",\"position\":3,\"name\":\"Piezas de recambio\",\"item\":\"https:\/\/www.lift-mtb.com\/es\/categoria-de-productos\/piezas-de-recambio\/\"},{\"@type\":\"ListItem\",\"position\":4,\"name\":\"Piezas de motor\",\"item\":\"https:\/\/www.lift-mtb.com\/es\/categoria-de-productos\/piezas-de-recambio\/piezas-de-motor\/\"},{\"@type\":\"ListItem\",\"position\":5,\"name\":\"Carcasa completa de protecci\u00f3n del motor\"}]},{\"@type\":\"WebSite\",\"@id\":\"https:\/\/www.lift-mtb.com\/es\/#website\",\"url\":\"https:\/\/www.lift-mtb.com\/es\/\",\"name\":\"LIFT-MTB\",\"description\":\"Transformer son v\u00e9lo en \u00e9lectrique rapidement !\",\"publisher\":{\"@id\":\"https:\/\/www.lift-mtb.com\/es\/#organization\"},\"potentialAction\":[{\"@type\":\"SearchAction\",\"target\":{\"@type\":\"EntryPoint\",\"urlTemplate\":\"https:\/\/www.lift-mtb.com\/es\/?s={search_term_string}\"},\"query-input\":{\"@type\":\"PropertyValueSpecification\",\"valueRequired\":true,\"valueName\":\"search_term_string\"}}],\"inLanguage\":\"es\"},{\"@type\":\"Organization\",\"@id\":\"https:\/\/www.lift-mtb.com\/es\/#organization\",\"name\":\"LIFT-MTB\",\"url\":\"https:\/\/www.lift-mtb.com\/es\/\",\"logo\":{\"@type\":\"ImageObject\",\"inLanguage\":\"es\",\"@id\":\"https:\/\/www.lift-mtb.com\/es\/#\/schema\/logo\/image\/\",\"url\":\"https:\/\/www.lift-mtb.com\/wp-content\/uploads\/2022\/01\/electric-kit-for-bike-1.jpg\",\"contentUrl\":\"https:\/\/www.lift-mtb.com\/wp-content\/uploads\/2022\/01\/electric-kit-for-bike-1.jpg\",\"width\":1223,\"height\":560,\"caption\":\"LIFT-MTB\"},\"image\":{\"@id\":\"https:\/\/www.lift-mtb.com\/es\/#\/schema\/logo\/image\/\"}}]}<\/script>\n<!-- \/ Yoast SEO plugin. -->","yoast_head_json":{"title":"motor housing - LIFT-MTB","description":"Carcasa de motor LIFT-MTB para ocultar el motor compatible con motores de bicicleta el\u00e9ctrica internos y externos para motores de bicicleta de monta\u00f1a V3 y V4","robots":{"index":"index","follow":"follow","max-snippet":"max-snippet:-1","max-image-preview":"max-image-preview:large","max-video-preview":"max-video-preview:-1"},"canonical":"https:\/\/www.lift-mtb.com\/es\/produit\/carcasa-motor-protectora-de-bicicletas-electricas\/","og_locale":"es_ES","og_type":"article","og_title":"motor housing - LIFT-MTB","og_description":"Carcasa de motor LIFT-MTB para ocultar el motor compatible con motores de bicicleta el\u00e9ctrica internos y externos para motores de bicicleta de monta\u00f1a V3 y V4","og_url":"https:\/\/www.lift-mtb.com\/es\/produit\/carcasa-motor-protectora-de-bicicletas-electricas\/","og_site_name":"LIFT-MTB","article_modified_time":"2025-06-12T03:57:51+00:00","og_image":[{"width":2560,"height":1696,"url":"https:\/\/www.lift-mtb.com\/wp-content\/uploads\/2023\/01\/cache-chaine-5-sur-6-scaled.jpg","type":"image\/jpeg"}],"twitter_card":"summary_large_image","twitter_misc":{"Tiempo de lectura":"1 minuto"},"schema":{"@context":"https:\/\/schema.org","@graph":[{"@type":"WebPage","@id":"https:\/\/www.lift-mtb.com\/es\/produit\/carcasa-motor-protectora-de-bicicletas-electricas\/","url":"https:\/\/www.lift-mtb.com\/es\/produit\/carcasa-motor-protectora-de-bicicletas-electricas\/","name":"motor housing - LIFT-MTB","isPartOf":{"@id":"https:\/\/www.lift-mtb.com\/es\/#website"},"primaryImageOfPage":{"@id":"https:\/\/www.lift-mtb.com\/es\/produit\/carcasa-motor-protectora-de-bicicletas-electricas\/#primaryimage"},"image":{"@id":"https:\/\/www.lift-mtb.com\/es\/produit\/carcasa-motor-protectora-de-bicicletas-electricas\/#primaryimage"},"thumbnailUrl":"https:\/\/www.lift-mtb.com\/wp-content\/uploads\/2023\/01\/cache-chaine-5-sur-6-scaled.jpg","datePublished":"2002-01-17T15:21:47+00:00","dateModified":"2025-06-12T03:57:51+00:00","description":"Carcasa de motor LIFT-MTB para ocultar el motor compatible con motores de bicicleta el\u00e9ctrica internos y externos para motores de bicicleta de monta\u00f1a V3 y V4","breadcrumb":{"@id":"https:\/\/www.lift-mtb.com\/es\/produit\/carcasa-motor-protectora-de-bicicletas-electricas\/#breadcrumb"},"inLanguage":"es","potentialAction":[{"@type":"ReadAction","target":["https:\/\/www.lift-mtb.com\/es\/produit\/carcasa-motor-protectora-de-bicicletas-electricas\/"]}]},{"@type":"ImageObject","inLanguage":"es","@id":"https:\/\/www.lift-mtb.com\/es\/produit\/carcasa-motor-protectora-de-bicicletas-electricas\/#primaryimage","url":"https:\/\/www.lift-mtb.com\/wp-content\/uploads\/2023\/01\/cache-chaine-5-sur-6-scaled.jpg","contentUrl":"https:\/\/www.lift-mtb.com\/wp-content\/uploads\/2023\/01\/cache-chaine-5-sur-6-scaled.jpg","width":2560,"height":1696,"caption":"carter protection moteur v\u00e9lo electrique"},{"@type":"BreadcrumbList","@id":"https:\/\/www.lift-mtb.com\/es\/produit\/carcasa-motor-protectora-de-bicicletas-electricas\/#breadcrumb","itemListElement":[{"@type":"ListItem","position":1,"name":"Accueil","item":"https:\/\/www.lift-mtb.com\/es\/"},{"@type":"ListItem","position":2,"name":"Tienda","item":"https:\/\/www.lift-mtb.com\/es\/tienda\/"},{"@type":"ListItem","position":3,"name":"Piezas de recambio","item":"https:\/\/www.lift-mtb.com\/es\/categoria-de-productos\/piezas-de-recambio\/"},{"@type":"ListItem","position":4,"name":"Piezas de motor","item":"https:\/\/www.lift-mtb.com\/es\/categoria-de-productos\/piezas-de-recambio\/piezas-de-motor\/"},{"@type":"ListItem","position":5,"name":"Carcasa completa de protecci\u00f3n del motor"}]},{"@type":"WebSite","@id":"https:\/\/www.lift-mtb.com\/es\/#website","url":"https:\/\/www.lift-mtb.com\/es\/","name":"LIFT-MTB","description":"Transformer son v\u00e9lo en \u00e9lectrique rapidement !","publisher":{"@id":"https:\/\/www.lift-mtb.com\/es\/#organization"},"potentialAction":[{"@type":"SearchAction","target":{"@type":"EntryPoint","urlTemplate":"https:\/\/www.lift-mtb.com\/es\/?s={search_term_string}"},"query-input":{"@type":"PropertyValueSpecification","valueRequired":true,"valueName":"search_term_string"}}],"inLanguage":"es"},{"@type":"Organization","@id":"https:\/\/www.lift-mtb.com\/es\/#organization","name":"LIFT-MTB","url":"https:\/\/www.lift-mtb.com\/es\/","logo":{"@type":"ImageObject","inLanguage":"es","@id":"https:\/\/www.lift-mtb.com\/es\/#\/schema\/logo\/image\/","url":"https:\/\/www.lift-mtb.com\/wp-content\/uploads\/2022\/01\/electric-kit-for-bike-1.jpg","contentUrl":"https:\/\/www.lift-mtb.com\/wp-content\/uploads\/2022\/01\/electric-kit-for-bike-1.jpg","width":1223,"height":560,"caption":"LIFT-MTB"},"image":{"@id":"https:\/\/www.lift-mtb.com\/es\/#\/schema\/logo\/image\/"}}]}},"_links":{"self":[{"href":"https:\/\/www.lift-mtb.com\/es\/wp-json\/wp\/v2\/product\/46172","targetHints":{"allow":["GET"]}}],"collection":[{"href":"https:\/\/www.lift-mtb.com\/es\/wp-json\/wp\/v2\/product"}],"about":[{"href":"https:\/\/www.lift-mtb.com\/es\/wp-json\/wp\/v2\/types\/product"}],"replies":[{"embeddable":true,"href":"https:\/\/www.lift-mtb.com\/es\/wp-json\/wp\/v2\/comments?post=46172"}],"wp:featuredmedia":[{"embeddable":true,"href":"https:\/\/www.lift-mtb.com\/es\/wp-json\/wp\/v2\/media\/45322"}],"wp:attachment":[{"href":"https:\/\/www.lift-mtb.com\/es\/wp-json\/wp\/v2\/media?parent=46172"}],"wp:term":[{"taxonomy":"product_brand","embeddable":true,"href":"https:\/\/www.lift-mtb.com\/es\/wp-json\/wp\/v2\/product_brand?post=46172"},{"taxonomy":"product_cat","embeddable":true,"href":"https:\/\/www.lift-mtb.com\/es\/wp-json\/wp\/v2\/product_cat?post=46172"},{"taxonomy":"product_tag","embeddable":true,"href":"https:\/\/www.lift-mtb.com\/es\/wp-json\/wp\/v2\/product_tag?post=46172"}],"curies":[{"name":"wp","href":"https:\/\/api.w.org\/{rel}","templated":true}]}}