{"id":47374,"date":"2016-02-22T14:02:10","date_gmt":"2016-02-22T13:02:10","guid":{"rendered":"https:\/?post_type=product&#038;p=47374"},"modified":"2023-02-23T23:35:29","modified_gmt":"2023-02-23T22:35:29","slug":"comando-de-bloqueo-fox-float-x2-y-dhx2","status":"publish","type":"product","link":"https:\/\/www.lift-mtb.com\/es\/produit\/comando-de-bloqueo-fox-float-x2-y-dhx2\/","title":{"rendered":"Mando de bloqueo &#8211; FOX FLOAT X2 Y DHX2"},"content":{"rendered":"<p>Hemos desarrollado <a href=\"https:\/\/www.youtube.com\/watch?v=5C3L20TL14g\">un mando de manillar<\/a> especial para actualizar los amortiguadores Fox Float X2 y DHX2 de 2016 a 2020<\/p>\n<p>Con nuestro sistema, puede transferir el bloqueo manual del amortiguador al manillar con una palanca remota.<\/p>\n<p>Nuestro sistema ha sido dise\u00f1ado para funcionar con palancas de desviador est\u00e1ndar Shimano o SRAM.<\/p>\n<p>Puede utilizar una de las manetas de desviador de 2 \u00f3 3 velocidades, independientemente de su antig\u00fcedad o versi\u00f3n<\/p>\n<p>Esto la convierte en una soluci\u00f3n asequible, universal y sencilla.<\/p>\n<p>Nota: Nuestro sistema tambi\u00e9n es compatible con el cambio original Fox de 3 posiciones, aunque es m\u00e1s caro que un cambio delantero.<\/p>\n<p>Nuestro sistema es probablemente compatible con otras marcas de palancas, aunque no disponemos de una lista precisa.<\/p>\n<p>Para comprobar la compatibilidad, puede consultar el informe de su palanca:<\/p>\n<p>Debe tener un alcance de tracci\u00f3n m\u00ednimo de 8 mm para pasar del modo de apertura al de bloqueo.<\/p>\n<p>Todos los modelos Fox Float X2 o DHX2 de 2016 a 2020 con palanca de bloqueo azul en el amortiguador son compatibles con nuestro sistema de control.<\/p>\n<p>V\u00eddeo del soporte de bloqueo del elevador MTB.<\/p>\n","protected":false},"excerpt":{"rendered":"<p><strong>Nuestro producto es :<\/strong><\/p>\n<ul>\n<li><a href=\"https:\/fabrication-made-in-france-moteur-electrique-pour-velo\/\">Mecanizado en Francia, totalmente mecanizado &#8220;hors masse&#8221; con m\u00e1quinas CNC<\/a>.<\/li>\n<li>Aluminio 7075<\/li>\n<li>100% dise\u00f1ado en Francia por nosotros<\/li>\n<\/ul>\n<p>Negro anodizado<\/p>\n<p>Peso: 84 gramos<\/p>\n","protected":false},"featured_media":47395,"comment_status":"open","ping_status":"closed","template":"","meta":[],"product_brand":[],"product_cat":[1100],"product_tag":[],"class_list":{"0":"post-47374","1":"product","2":"type-product","3":"status-publish","4":"has-post-thumbnail","6":"product_cat-customs-es","8":"first","9":"instock","10":"sale","11":"taxable","12":"shipping-taxable","13":"purchasable","14":"product-type-simple"},"yoast_head":"<!-- This site is optimized with the Yoast SEO plugin v26.9 - https:\/\/yoast.com\/product\/yoast-seo-wordpress\/ -->\n<title>Mando de bloqueo - FOX FLOAT X2 Y DHX2<\/title>\n<meta name=\"description\" content=\"FOX FLOAT X2 AND DHX2 Remote upgrade Hemos desarrollado un amortiguador remoto X2 \/ DHX2. Con nuestro sistema, puede transferir el bloqueo del amortiguador al manillar.\" \/>\n<meta name=\"robots\" content=\"index, follow, max-snippet:-1, max-image-preview:large, max-video-preview:-1\" \/>\n<link rel=\"canonical\" href=\"https:\/\/www.lift-mtb.com\/es\/produit\/comando-de-bloqueo-fox-float-x2-y-dhx2\/\" \/>\n<meta property=\"og:locale\" content=\"es_ES\" \/>\n<meta property=\"og:type\" content=\"article\" \/>\n<meta property=\"og:title\" content=\"Mando de bloqueo - FOX FLOAT X2 Y DHX2\" \/>\n<meta property=\"og:description\" content=\"FOX FLOAT X2 AND DHX2 Remote upgrade Hemos desarrollado un amortiguador remoto X2 \/ DHX2. Con nuestro sistema, puede transferir el bloqueo del amortiguador al manillar.\" \/>\n<meta property=\"og:url\" content=\"https:\/\/www.lift-mtb.com\/es\/produit\/comando-de-bloqueo-fox-float-x2-y-dhx2\/\" \/>\n<meta property=\"og:site_name\" content=\"LIFT-MTB\" \/>\n<meta property=\"article:modified_time\" content=\"2023-02-23T22:35:29+00:00\" \/>\n<meta property=\"og:image\" content=\"https:\/\/www.lift-mtb.com\/wp-content\/uploads\/2023\/02\/fox-remote-dhx2-float-x2-7-0297-scaled.jpg\" \/>\n\t<meta property=\"og:image:width\" content=\"2560\" \/>\n\t<meta property=\"og:image:height\" content=\"1696\" \/>\n\t<meta property=\"og:image:type\" content=\"image\/jpeg\" \/>\n<meta name=\"twitter:card\" content=\"summary_large_image\" \/>\n<meta name=\"twitter:label1\" content=\"Tiempo de lectura\" \/>\n\t<meta name=\"twitter:data1\" content=\"1 minuto\" \/>\n<script type=\"application\/ld+json\" class=\"yoast-schema-graph\">{\"@context\":\"https:\/\/schema.org\",\"@graph\":[{\"@type\":\"WebPage\",\"@id\":\"https:\/\/www.lift-mtb.com\/es\/produit\/comando-de-bloqueo-fox-float-x2-y-dhx2\/\",\"url\":\"https:\/\/www.lift-mtb.com\/es\/produit\/comando-de-bloqueo-fox-float-x2-y-dhx2\/\",\"name\":\"Mando de bloqueo - FOX FLOAT X2 Y DHX2\",\"isPartOf\":{\"@id\":\"https:\/\/www.lift-mtb.com\/es\/#website\"},\"primaryImageOfPage\":{\"@id\":\"https:\/\/www.lift-mtb.com\/es\/produit\/comando-de-bloqueo-fox-float-x2-y-dhx2\/#primaryimage\"},\"image\":{\"@id\":\"https:\/\/www.lift-mtb.com\/es\/produit\/comando-de-bloqueo-fox-float-x2-y-dhx2\/#primaryimage\"},\"thumbnailUrl\":\"https:\/\/www.lift-mtb.com\/wp-content\/uploads\/2023\/02\/fox-remote-dhx2-float-x2-7-0297-scaled.jpg\",\"datePublished\":\"2016-02-22T13:02:10+00:00\",\"dateModified\":\"2023-02-23T22:35:29+00:00\",\"description\":\"FOX FLOAT X2 AND DHX2 Remote upgrade Hemos desarrollado un amortiguador remoto X2 \/ DHX2. Con nuestro sistema, puede transferir el bloqueo del amortiguador al manillar.\",\"breadcrumb\":{\"@id\":\"https:\/\/www.lift-mtb.com\/es\/produit\/comando-de-bloqueo-fox-float-x2-y-dhx2\/#breadcrumb\"},\"inLanguage\":\"es\",\"potentialAction\":[{\"@type\":\"ReadAction\",\"target\":[\"https:\/\/www.lift-mtb.com\/es\/produit\/comando-de-bloqueo-fox-float-x2-y-dhx2\/\"]}]},{\"@type\":\"ImageObject\",\"inLanguage\":\"es\",\"@id\":\"https:\/\/www.lift-mtb.com\/es\/produit\/comando-de-bloqueo-fox-float-x2-y-dhx2\/#primaryimage\",\"url\":\"https:\/\/www.lift-mtb.com\/wp-content\/uploads\/2023\/02\/fox-remote-dhx2-float-x2-7-0297-scaled.jpg\",\"contentUrl\":\"https:\/\/www.lift-mtb.com\/wp-content\/uploads\/2023\/02\/fox-remote-dhx2-float-x2-7-0297-scaled.jpg\",\"width\":2560,\"height\":1696,\"caption\":\"lift mtb fox lock out\"},{\"@type\":\"BreadcrumbList\",\"@id\":\"https:\/\/www.lift-mtb.com\/es\/produit\/comando-de-bloqueo-fox-float-x2-y-dhx2\/#breadcrumb\",\"itemListElement\":[{\"@type\":\"ListItem\",\"position\":1,\"name\":\"Accueil\",\"item\":\"https:\/\/www.lift-mtb.com\/es\/\"},{\"@type\":\"ListItem\",\"position\":2,\"name\":\"Tienda\",\"item\":\"https:\/\/www.lift-mtb.com\/es\/tienda\/\"},{\"@type\":\"ListItem\",\"position\":3,\"name\":\"Customs\",\"item\":\"https:\/\/www.lift-mtb.com\/es\/categoria-de-productos\/customs-es\/\"},{\"@type\":\"ListItem\",\"position\":4,\"name\":\"Mando de bloqueo &#8211; FOX FLOAT X2 Y DHX2\"}]},{\"@type\":\"WebSite\",\"@id\":\"https:\/\/www.lift-mtb.com\/es\/#website\",\"url\":\"https:\/\/www.lift-mtb.com\/es\/\",\"name\":\"LIFT-MTB\",\"description\":\"Transformer son v\u00e9lo en \u00e9lectrique rapidement !\",\"publisher\":{\"@id\":\"https:\/\/www.lift-mtb.com\/es\/#organization\"},\"potentialAction\":[{\"@type\":\"SearchAction\",\"target\":{\"@type\":\"EntryPoint\",\"urlTemplate\":\"https:\/\/www.lift-mtb.com\/es\/?s={search_term_string}\"},\"query-input\":{\"@type\":\"PropertyValueSpecification\",\"valueRequired\":true,\"valueName\":\"search_term_string\"}}],\"inLanguage\":\"es\"},{\"@type\":\"Organization\",\"@id\":\"https:\/\/www.lift-mtb.com\/es\/#organization\",\"name\":\"LIFT-MTB\",\"url\":\"https:\/\/www.lift-mtb.com\/es\/\",\"logo\":{\"@type\":\"ImageObject\",\"inLanguage\":\"es\",\"@id\":\"https:\/\/www.lift-mtb.com\/es\/#\/schema\/logo\/image\/\",\"url\":\"https:\/\/www.lift-mtb.com\/wp-content\/uploads\/2022\/01\/electric-kit-for-bike-1.jpg\",\"contentUrl\":\"https:\/\/www.lift-mtb.com\/wp-content\/uploads\/2022\/01\/electric-kit-for-bike-1.jpg\",\"width\":1223,\"height\":560,\"caption\":\"LIFT-MTB\"},\"image\":{\"@id\":\"https:\/\/www.lift-mtb.com\/es\/#\/schema\/logo\/image\/\"}}]}<\/script>\n<!-- \/ Yoast SEO plugin. -->","yoast_head_json":{"title":"Mando de bloqueo - FOX FLOAT X2 Y DHX2","description":"FOX FLOAT X2 AND DHX2 Remote upgrade Hemos desarrollado un amortiguador remoto X2 \/ DHX2. Con nuestro sistema, puede transferir el bloqueo del amortiguador al manillar.","robots":{"index":"index","follow":"follow","max-snippet":"max-snippet:-1","max-image-preview":"max-image-preview:large","max-video-preview":"max-video-preview:-1"},"canonical":"https:\/\/www.lift-mtb.com\/es\/produit\/comando-de-bloqueo-fox-float-x2-y-dhx2\/","og_locale":"es_ES","og_type":"article","og_title":"Mando de bloqueo - FOX FLOAT X2 Y DHX2","og_description":"FOX FLOAT X2 AND DHX2 Remote upgrade Hemos desarrollado un amortiguador remoto X2 \/ DHX2. Con nuestro sistema, puede transferir el bloqueo del amortiguador al manillar.","og_url":"https:\/\/www.lift-mtb.com\/es\/produit\/comando-de-bloqueo-fox-float-x2-y-dhx2\/","og_site_name":"LIFT-MTB","article_modified_time":"2023-02-23T22:35:29+00:00","og_image":[{"width":2560,"height":1696,"url":"https:\/\/www.lift-mtb.com\/wp-content\/uploads\/2023\/02\/fox-remote-dhx2-float-x2-7-0297-scaled.jpg","type":"image\/jpeg"}],"twitter_card":"summary_large_image","twitter_misc":{"Tiempo de lectura":"1 minuto"},"schema":{"@context":"https:\/\/schema.org","@graph":[{"@type":"WebPage","@id":"https:\/\/www.lift-mtb.com\/es\/produit\/comando-de-bloqueo-fox-float-x2-y-dhx2\/","url":"https:\/\/www.lift-mtb.com\/es\/produit\/comando-de-bloqueo-fox-float-x2-y-dhx2\/","name":"Mando de bloqueo - FOX FLOAT X2 Y DHX2","isPartOf":{"@id":"https:\/\/www.lift-mtb.com\/es\/#website"},"primaryImageOfPage":{"@id":"https:\/\/www.lift-mtb.com\/es\/produit\/comando-de-bloqueo-fox-float-x2-y-dhx2\/#primaryimage"},"image":{"@id":"https:\/\/www.lift-mtb.com\/es\/produit\/comando-de-bloqueo-fox-float-x2-y-dhx2\/#primaryimage"},"thumbnailUrl":"https:\/\/www.lift-mtb.com\/wp-content\/uploads\/2023\/02\/fox-remote-dhx2-float-x2-7-0297-scaled.jpg","datePublished":"2016-02-22T13:02:10+00:00","dateModified":"2023-02-23T22:35:29+00:00","description":"FOX FLOAT X2 AND DHX2 Remote upgrade Hemos desarrollado un amortiguador remoto X2 \/ DHX2. Con nuestro sistema, puede transferir el bloqueo del amortiguador al manillar.","breadcrumb":{"@id":"https:\/\/www.lift-mtb.com\/es\/produit\/comando-de-bloqueo-fox-float-x2-y-dhx2\/#breadcrumb"},"inLanguage":"es","potentialAction":[{"@type":"ReadAction","target":["https:\/\/www.lift-mtb.com\/es\/produit\/comando-de-bloqueo-fox-float-x2-y-dhx2\/"]}]},{"@type":"ImageObject","inLanguage":"es","@id":"https:\/\/www.lift-mtb.com\/es\/produit\/comando-de-bloqueo-fox-float-x2-y-dhx2\/#primaryimage","url":"https:\/\/www.lift-mtb.com\/wp-content\/uploads\/2023\/02\/fox-remote-dhx2-float-x2-7-0297-scaled.jpg","contentUrl":"https:\/\/www.lift-mtb.com\/wp-content\/uploads\/2023\/02\/fox-remote-dhx2-float-x2-7-0297-scaled.jpg","width":2560,"height":1696,"caption":"lift mtb fox lock out"},{"@type":"BreadcrumbList","@id":"https:\/\/www.lift-mtb.com\/es\/produit\/comando-de-bloqueo-fox-float-x2-y-dhx2\/#breadcrumb","itemListElement":[{"@type":"ListItem","position":1,"name":"Accueil","item":"https:\/\/www.lift-mtb.com\/es\/"},{"@type":"ListItem","position":2,"name":"Tienda","item":"https:\/\/www.lift-mtb.com\/es\/tienda\/"},{"@type":"ListItem","position":3,"name":"Customs","item":"https:\/\/www.lift-mtb.com\/es\/categoria-de-productos\/customs-es\/"},{"@type":"ListItem","position":4,"name":"Mando de bloqueo &#8211; FOX FLOAT X2 Y DHX2"}]},{"@type":"WebSite","@id":"https:\/\/www.lift-mtb.com\/es\/#website","url":"https:\/\/www.lift-mtb.com\/es\/","name":"LIFT-MTB","description":"Transformer son v\u00e9lo en \u00e9lectrique rapidement !","publisher":{"@id":"https:\/\/www.lift-mtb.com\/es\/#organization"},"potentialAction":[{"@type":"SearchAction","target":{"@type":"EntryPoint","urlTemplate":"https:\/\/www.lift-mtb.com\/es\/?s={search_term_string}"},"query-input":{"@type":"PropertyValueSpecification","valueRequired":true,"valueName":"search_term_string"}}],"inLanguage":"es"},{"@type":"Organization","@id":"https:\/\/www.lift-mtb.com\/es\/#organization","name":"LIFT-MTB","url":"https:\/\/www.lift-mtb.com\/es\/","logo":{"@type":"ImageObject","inLanguage":"es","@id":"https:\/\/www.lift-mtb.com\/es\/#\/schema\/logo\/image\/","url":"https:\/\/www.lift-mtb.com\/wp-content\/uploads\/2022\/01\/electric-kit-for-bike-1.jpg","contentUrl":"https:\/\/www.lift-mtb.com\/wp-content\/uploads\/2022\/01\/electric-kit-for-bike-1.jpg","width":1223,"height":560,"caption":"LIFT-MTB"},"image":{"@id":"https:\/\/www.lift-mtb.com\/es\/#\/schema\/logo\/image\/"}}]}},"_links":{"self":[{"href":"https:\/\/www.lift-mtb.com\/es\/wp-json\/wp\/v2\/product\/47374","targetHints":{"allow":["GET"]}}],"collection":[{"href":"https:\/\/www.lift-mtb.com\/es\/wp-json\/wp\/v2\/product"}],"about":[{"href":"https:\/\/www.lift-mtb.com\/es\/wp-json\/wp\/v2\/types\/product"}],"replies":[{"embeddable":true,"href":"https:\/\/www.lift-mtb.com\/es\/wp-json\/wp\/v2\/comments?post=47374"}],"wp:featuredmedia":[{"embeddable":true,"href":"https:\/\/www.lift-mtb.com\/es\/wp-json\/wp\/v2\/media\/47395"}],"wp:attachment":[{"href":"https:\/\/www.lift-mtb.com\/es\/wp-json\/wp\/v2\/media?parent=47374"}],"wp:term":[{"taxonomy":"product_brand","embeddable":true,"href":"https:\/\/www.lift-mtb.com\/es\/wp-json\/wp\/v2\/product_brand?post=47374"},{"taxonomy":"product_cat","embeddable":true,"href":"https:\/\/www.lift-mtb.com\/es\/wp-json\/wp\/v2\/product_cat?post=47374"},{"taxonomy":"product_tag","embeddable":true,"href":"https:\/\/www.lift-mtb.com\/es\/wp-json\/wp\/v2\/product_tag?post=47374"}],"curies":[{"name":"wp","href":"https:\/\/api.w.org\/{rel}","templated":true}]}}