{"id":48244,"date":"2023-05-18T22:30:10","date_gmt":"2023-05-18T20:30:10","guid":{"rendered":"https:\/produit\/etoile-de-capteur-de-pedalier\/"},"modified":"2023-05-19T09:21:05","modified_gmt":"2023-05-19T07:21:05","slug":"etoile-de-capteur-de-pedalier","status":"publish","type":"product","link":"https:\/\/www.lift-mtb.com\/es\/produit\/etoile-de-capteur-de-pedalier\/","title":{"rendered":"Etoile de capteur de p\u00e9dalier."},"content":{"rendered":"<p>Plastique moul\u00e9 injecter noir avec aimants puissant pour une d\u00e9tection rapide et efficace du signal du <a href=\"https:\/es\/produit\/sensor-de-pedal-de-bicicleta-electrica\/\">capteur p\u00e9dalier<\/a>.<\/p>\n<p>&nbsp;<\/p>\n<p>Vous pouvez voir le fonctionnement de ce capteur ici : <a href=\"https:\/\/www.youtube.com\/watch?time_continue=1&amp;v=elBylbCIj4k&amp;embeds_referring_euri=https%3A%2F&amp;source_ve_path=Mjg2NjY&amp;feature=emb_logo\">Vid\u00e9o Capteur p\u00e9dalier<\/a><\/p>\n","protected":false},"excerpt":{"rendered":"<p>Etoile de capteur p\u00e9dalier pour moteur p\u00e9dalier pour VTT LIFT MTB, donne le signale au capteur p\u00e9dalier, dispose d&#8217;aimant sp\u00e9cifique pour la d\u00e9tection.<\/p>\n<p>Compatible v1 \/ v2 \/v3 \/v4<\/p>\n<p>existe en diam\u00e8tre <a href=\"https:\/comment-reconnaitre-demonter-son-pedalier\/\">22 \/24 \/29 ou 30mm<\/a>.<\/p>\n<p>Par default livr\u00e9 en 22mm pour convenir au version V4 pro ou classic, laisser nous un message si vous voulez un autre diam\u00e8tre que 22mm.<\/p>\n<p>Compatible avec les capteur p\u00e9dalier PAS de toutes g\u00e9n\u00e9rations.<\/p>\n<p>Positionner les aimants bien, en face du capteur.<\/p>\n<p>&nbsp;<\/p>\n","protected":false},"featured_media":48239,"comment_status":"open","ping_status":"closed","template":"","meta":[],"product_brand":[],"product_cat":[850],"product_tag":[],"class_list":{"0":"post-48244","1":"product","2":"type-product","3":"status-publish","4":"has-post-thumbnail","6":"product_cat-piezas-electronicas","8":"first","9":"instock","10":"taxable","11":"shipping-taxable","12":"purchasable","13":"product-type-simple"},"yoast_head":"<!-- This site is optimized with the Yoast SEO plugin v26.9 - https:\/\/yoast.com\/product\/yoast-seo-wordpress\/ -->\n<title>Etoile de capteur de p\u00e9dalier. - LIFT-MTB<\/title>\n<meta name=\"description\" content=\"\u00e9toile de capteur p\u00e9dalier pour moteur p\u00e9dalier pour VTT LIFT MTB, donne le signale au capteur p\u00e9dalier, dispose d&#039;aimant sp\u00e9cifique pour la d\u00e9tection\" \/>\n<meta name=\"robots\" content=\"index, follow, max-snippet:-1, max-image-preview:large, max-video-preview:-1\" \/>\n<link rel=\"canonical\" href=\"https:\/\/www.lift-mtb.com\/es\/produit\/etoile-de-capteur-de-pedalier\/\" \/>\n<meta property=\"og:locale\" content=\"es_ES\" \/>\n<meta property=\"og:type\" content=\"article\" \/>\n<meta property=\"og:title\" content=\"Etoile de capteur de p\u00e9dalier. - LIFT-MTB\" \/>\n<meta property=\"og:description\" content=\"\u00e9toile de capteur p\u00e9dalier pour moteur p\u00e9dalier pour VTT LIFT MTB, donne le signale au capteur p\u00e9dalier, dispose d&#039;aimant sp\u00e9cifique pour la d\u00e9tection\" \/>\n<meta property=\"og:url\" content=\"https:\/\/www.lift-mtb.com\/es\/produit\/etoile-de-capteur-de-pedalier\/\" \/>\n<meta property=\"og:site_name\" content=\"LIFT-MTB\" \/>\n<meta property=\"article:modified_time\" content=\"2023-05-19T07:21:05+00:00\" \/>\n<meta property=\"og:image\" content=\"https:\/\/www.lift-mtb.com\/wp-content\/uploads\/2023\/05\/etoile-aimante-vtt-electrique.jpeg\" \/>\n\t<meta property=\"og:image:width\" content=\"1080\" \/>\n\t<meta property=\"og:image:height\" content=\"1028\" \/>\n\t<meta property=\"og:image:type\" content=\"image\/jpeg\" \/>\n<meta name=\"twitter:card\" content=\"summary_large_image\" \/>\n<script type=\"application\/ld+json\" class=\"yoast-schema-graph\">{\"@context\":\"https:\/\/schema.org\",\"@graph\":[{\"@type\":\"WebPage\",\"@id\":\"https:\/\/www.lift-mtb.com\/es\/produit\/etoile-de-capteur-de-pedalier\/\",\"url\":\"https:\/\/www.lift-mtb.com\/es\/produit\/etoile-de-capteur-de-pedalier\/\",\"name\":\"Etoile de capteur de p\u00e9dalier. - LIFT-MTB\",\"isPartOf\":{\"@id\":\"https:\/\/www.lift-mtb.com\/es\/#website\"},\"primaryImageOfPage\":{\"@id\":\"https:\/\/www.lift-mtb.com\/es\/produit\/etoile-de-capteur-de-pedalier\/#primaryimage\"},\"image\":{\"@id\":\"https:\/\/www.lift-mtb.com\/es\/produit\/etoile-de-capteur-de-pedalier\/#primaryimage\"},\"thumbnailUrl\":\"https:\/\/www.lift-mtb.com\/wp-content\/uploads\/2023\/05\/etoile-aimante-vtt-electrique.jpeg\",\"datePublished\":\"2023-05-18T20:30:10+00:00\",\"dateModified\":\"2023-05-19T07:21:05+00:00\",\"description\":\"\u00e9toile de capteur p\u00e9dalier pour moteur p\u00e9dalier pour VTT LIFT MTB, donne le signale au capteur p\u00e9dalier, dispose d'aimant sp\u00e9cifique pour la d\u00e9tection\",\"breadcrumb\":{\"@id\":\"https:\/\/www.lift-mtb.com\/es\/produit\/etoile-de-capteur-de-pedalier\/#breadcrumb\"},\"inLanguage\":\"es\",\"potentialAction\":[{\"@type\":\"ReadAction\",\"target\":[\"https:\/\/www.lift-mtb.com\/es\/produit\/etoile-de-capteur-de-pedalier\/\"]}]},{\"@type\":\"ImageObject\",\"inLanguage\":\"es\",\"@id\":\"https:\/\/www.lift-mtb.com\/es\/produit\/etoile-de-capteur-de-pedalier\/#primaryimage\",\"url\":\"https:\/\/www.lift-mtb.com\/wp-content\/uploads\/2023\/05\/etoile-aimante-vtt-electrique.jpeg\",\"contentUrl\":\"https:\/\/www.lift-mtb.com\/wp-content\/uploads\/2023\/05\/etoile-aimante-vtt-electrique.jpeg\",\"width\":1080,\"height\":1028,\"caption\":\"Etoile capteur p\u00e9dalier\"},{\"@type\":\"BreadcrumbList\",\"@id\":\"https:\/\/www.lift-mtb.com\/es\/produit\/etoile-de-capteur-de-pedalier\/#breadcrumb\",\"itemListElement\":[{\"@type\":\"ListItem\",\"position\":1,\"name\":\"Accueil\",\"item\":\"https:\/\/www.lift-mtb.com\/es\/\"},{\"@type\":\"ListItem\",\"position\":2,\"name\":\"Tienda\",\"item\":\"https:\/\/www.lift-mtb.com\/es\/tienda\/\"},{\"@type\":\"ListItem\",\"position\":3,\"name\":\"Piezas de recambio\",\"item\":\"https:\/\/www.lift-mtb.com\/es\/categoria-de-productos\/piezas-de-recambio\/\"},{\"@type\":\"ListItem\",\"position\":4,\"name\":\"Piezas electr\u00f3nicas\",\"item\":\"https:\/\/www.lift-mtb.com\/es\/categoria-de-productos\/piezas-de-recambio\/piezas-electronicas\/\"},{\"@type\":\"ListItem\",\"position\":5,\"name\":\"Etoile de capteur de p\u00e9dalier.\"}]},{\"@type\":\"WebSite\",\"@id\":\"https:\/\/www.lift-mtb.com\/es\/#website\",\"url\":\"https:\/\/www.lift-mtb.com\/es\/\",\"name\":\"LIFT-MTB\",\"description\":\"Transformer son v\u00e9lo en \u00e9lectrique rapidement !\",\"publisher\":{\"@id\":\"https:\/\/www.lift-mtb.com\/es\/#organization\"},\"potentialAction\":[{\"@type\":\"SearchAction\",\"target\":{\"@type\":\"EntryPoint\",\"urlTemplate\":\"https:\/\/www.lift-mtb.com\/es\/?s={search_term_string}\"},\"query-input\":{\"@type\":\"PropertyValueSpecification\",\"valueRequired\":true,\"valueName\":\"search_term_string\"}}],\"inLanguage\":\"es\"},{\"@type\":\"Organization\",\"@id\":\"https:\/\/www.lift-mtb.com\/es\/#organization\",\"name\":\"LIFT-MTB\",\"url\":\"https:\/\/www.lift-mtb.com\/es\/\",\"logo\":{\"@type\":\"ImageObject\",\"inLanguage\":\"es\",\"@id\":\"https:\/\/www.lift-mtb.com\/es\/#\/schema\/logo\/image\/\",\"url\":\"https:\/\/www.lift-mtb.com\/wp-content\/uploads\/2022\/01\/electric-kit-for-bike-1.jpg\",\"contentUrl\":\"https:\/\/www.lift-mtb.com\/wp-content\/uploads\/2022\/01\/electric-kit-for-bike-1.jpg\",\"width\":1223,\"height\":560,\"caption\":\"LIFT-MTB\"},\"image\":{\"@id\":\"https:\/\/www.lift-mtb.com\/es\/#\/schema\/logo\/image\/\"}}]}<\/script>\n<!-- \/ Yoast SEO plugin. -->","yoast_head_json":{"title":"Etoile de capteur de p\u00e9dalier. - LIFT-MTB","description":"\u00e9toile de capteur p\u00e9dalier pour moteur p\u00e9dalier pour VTT LIFT MTB, donne le signale au capteur p\u00e9dalier, dispose d'aimant sp\u00e9cifique pour la d\u00e9tection","robots":{"index":"index","follow":"follow","max-snippet":"max-snippet:-1","max-image-preview":"max-image-preview:large","max-video-preview":"max-video-preview:-1"},"canonical":"https:\/\/www.lift-mtb.com\/es\/produit\/etoile-de-capteur-de-pedalier\/","og_locale":"es_ES","og_type":"article","og_title":"Etoile de capteur de p\u00e9dalier. - LIFT-MTB","og_description":"\u00e9toile de capteur p\u00e9dalier pour moteur p\u00e9dalier pour VTT LIFT MTB, donne le signale au capteur p\u00e9dalier, dispose d'aimant sp\u00e9cifique pour la d\u00e9tection","og_url":"https:\/\/www.lift-mtb.com\/es\/produit\/etoile-de-capteur-de-pedalier\/","og_site_name":"LIFT-MTB","article_modified_time":"2023-05-19T07:21:05+00:00","og_image":[{"width":1080,"height":1028,"url":"https:\/\/www.lift-mtb.com\/wp-content\/uploads\/2023\/05\/etoile-aimante-vtt-electrique.jpeg","type":"image\/jpeg"}],"twitter_card":"summary_large_image","schema":{"@context":"https:\/\/schema.org","@graph":[{"@type":"WebPage","@id":"https:\/\/www.lift-mtb.com\/es\/produit\/etoile-de-capteur-de-pedalier\/","url":"https:\/\/www.lift-mtb.com\/es\/produit\/etoile-de-capteur-de-pedalier\/","name":"Etoile de capteur de p\u00e9dalier. - LIFT-MTB","isPartOf":{"@id":"https:\/\/www.lift-mtb.com\/es\/#website"},"primaryImageOfPage":{"@id":"https:\/\/www.lift-mtb.com\/es\/produit\/etoile-de-capteur-de-pedalier\/#primaryimage"},"image":{"@id":"https:\/\/www.lift-mtb.com\/es\/produit\/etoile-de-capteur-de-pedalier\/#primaryimage"},"thumbnailUrl":"https:\/\/www.lift-mtb.com\/wp-content\/uploads\/2023\/05\/etoile-aimante-vtt-electrique.jpeg","datePublished":"2023-05-18T20:30:10+00:00","dateModified":"2023-05-19T07:21:05+00:00","description":"\u00e9toile de capteur p\u00e9dalier pour moteur p\u00e9dalier pour VTT LIFT MTB, donne le signale au capteur p\u00e9dalier, dispose d'aimant sp\u00e9cifique pour la d\u00e9tection","breadcrumb":{"@id":"https:\/\/www.lift-mtb.com\/es\/produit\/etoile-de-capteur-de-pedalier\/#breadcrumb"},"inLanguage":"es","potentialAction":[{"@type":"ReadAction","target":["https:\/\/www.lift-mtb.com\/es\/produit\/etoile-de-capteur-de-pedalier\/"]}]},{"@type":"ImageObject","inLanguage":"es","@id":"https:\/\/www.lift-mtb.com\/es\/produit\/etoile-de-capteur-de-pedalier\/#primaryimage","url":"https:\/\/www.lift-mtb.com\/wp-content\/uploads\/2023\/05\/etoile-aimante-vtt-electrique.jpeg","contentUrl":"https:\/\/www.lift-mtb.com\/wp-content\/uploads\/2023\/05\/etoile-aimante-vtt-electrique.jpeg","width":1080,"height":1028,"caption":"Etoile capteur p\u00e9dalier"},{"@type":"BreadcrumbList","@id":"https:\/\/www.lift-mtb.com\/es\/produit\/etoile-de-capteur-de-pedalier\/#breadcrumb","itemListElement":[{"@type":"ListItem","position":1,"name":"Accueil","item":"https:\/\/www.lift-mtb.com\/es\/"},{"@type":"ListItem","position":2,"name":"Tienda","item":"https:\/\/www.lift-mtb.com\/es\/tienda\/"},{"@type":"ListItem","position":3,"name":"Piezas de recambio","item":"https:\/\/www.lift-mtb.com\/es\/categoria-de-productos\/piezas-de-recambio\/"},{"@type":"ListItem","position":4,"name":"Piezas electr\u00f3nicas","item":"https:\/\/www.lift-mtb.com\/es\/categoria-de-productos\/piezas-de-recambio\/piezas-electronicas\/"},{"@type":"ListItem","position":5,"name":"Etoile de capteur de p\u00e9dalier."}]},{"@type":"WebSite","@id":"https:\/\/www.lift-mtb.com\/es\/#website","url":"https:\/\/www.lift-mtb.com\/es\/","name":"LIFT-MTB","description":"Transformer son v\u00e9lo en \u00e9lectrique rapidement !","publisher":{"@id":"https:\/\/www.lift-mtb.com\/es\/#organization"},"potentialAction":[{"@type":"SearchAction","target":{"@type":"EntryPoint","urlTemplate":"https:\/\/www.lift-mtb.com\/es\/?s={search_term_string}"},"query-input":{"@type":"PropertyValueSpecification","valueRequired":true,"valueName":"search_term_string"}}],"inLanguage":"es"},{"@type":"Organization","@id":"https:\/\/www.lift-mtb.com\/es\/#organization","name":"LIFT-MTB","url":"https:\/\/www.lift-mtb.com\/es\/","logo":{"@type":"ImageObject","inLanguage":"es","@id":"https:\/\/www.lift-mtb.com\/es\/#\/schema\/logo\/image\/","url":"https:\/\/www.lift-mtb.com\/wp-content\/uploads\/2022\/01\/electric-kit-for-bike-1.jpg","contentUrl":"https:\/\/www.lift-mtb.com\/wp-content\/uploads\/2022\/01\/electric-kit-for-bike-1.jpg","width":1223,"height":560,"caption":"LIFT-MTB"},"image":{"@id":"https:\/\/www.lift-mtb.com\/es\/#\/schema\/logo\/image\/"}}]}},"_links":{"self":[{"href":"https:\/\/www.lift-mtb.com\/es\/wp-json\/wp\/v2\/product\/48244","targetHints":{"allow":["GET"]}}],"collection":[{"href":"https:\/\/www.lift-mtb.com\/es\/wp-json\/wp\/v2\/product"}],"about":[{"href":"https:\/\/www.lift-mtb.com\/es\/wp-json\/wp\/v2\/types\/product"}],"replies":[{"embeddable":true,"href":"https:\/\/www.lift-mtb.com\/es\/wp-json\/wp\/v2\/comments?post=48244"}],"wp:featuredmedia":[{"embeddable":true,"href":"https:\/\/www.lift-mtb.com\/es\/wp-json\/wp\/v2\/media\/48239"}],"wp:attachment":[{"href":"https:\/\/www.lift-mtb.com\/es\/wp-json\/wp\/v2\/media?parent=48244"}],"wp:term":[{"taxonomy":"product_brand","embeddable":true,"href":"https:\/\/www.lift-mtb.com\/es\/wp-json\/wp\/v2\/product_brand?post=48244"},{"taxonomy":"product_cat","embeddable":true,"href":"https:\/\/www.lift-mtb.com\/es\/wp-json\/wp\/v2\/product_cat?post=48244"},{"taxonomy":"product_tag","embeddable":true,"href":"https:\/\/www.lift-mtb.com\/es\/wp-json\/wp\/v2\/product_tag?post=48244"}],"curies":[{"name":"wp","href":"https:\/\/api.w.org\/{rel}","templated":true}]}}