{"id":48807,"date":"2023-09-22T09:09:21","date_gmt":"2023-09-22T07:09:21","guid":{"rendered":"https:\/produit\/mors-doux-de-serrage-suspension-diametre-5mm-a-100mm\/"},"modified":"2025-01-18T20:53:51","modified_gmt":"2025-01-18T19:53:51","slug":"mors-doux-de-serrage-suspension-diametre-5mm-a-100mm","status":"publish","type":"product","link":"https:\/\/www.lift-mtb.com\/es\/produit\/mors-doux-de-serrage-suspension-diametre-5mm-a-100mm\/","title":{"rendered":"Mors doux de serrage suspension diam\u00e8tre 5mm a 100mm"},"content":{"rendered":"<p>Mors doux de serrage suspension diam\u00e8tre 5mm a 100mm.<\/p>\n<p>Prix unitaire par tranche de taille, la fabrication sera sur mesure, mettre la ou les tailles que vous voulez en commentaire sur votre commande.<\/p>\n<p>Les dimensions des mors doux en plastique PETC , pour serrage par \u00e9taux disponibles sont possible de 5mm a 100mm.<\/p>\n<p>Nous pouvons aussi r\u00e9aliser des mors sur mesure jusqu&#8217;\u00e0 250mm pour les v\u00e9rins d&#8217;engin de travaux publique par exemple.<\/p>\n<p>Reference fox clamp tooling, des Mors doux de serrage suspension diam\u00e8tre 5mm a 100mm est: 803-00-084 , 803-01-690 , 803-01-545 , 803-01-351 , 803-00-969 , 803-01-495 , 803-00-967 , 803-00-830 , <a href=\"https:\/\/www.ridefox.com\/fox17\/help.php?m=bike&amp;id=1139\">803-0-805<\/a><\/p>\n<p>Kayaba\u00a0000.0463 ,\u00a0 kayaba\u00a0150073000101 , kayaba 000.0668 ,\u00a0 kayaba 000.0662 , kayaba 000.0664 , kayaba 000.0654 , kayaba\u00a0000.0669 , kayaba 000.0661 , kayaba\u00a0000.0663<\/p>\n<p>Pr\u00e9cisez en commentaire la taille que vous voulez.<\/p>\n<p>Prix quantitatif sur demande.<\/p>\n<p>D\u00e9lais de fabrication entre 1 et 5 jours.<\/p>\n<p>D\u00e9couvrez nos autres outils sur la page d\u00e9dier <a href=\"https:\/categorie-produit\/customs\/?swcfpc=1\">LIFT MTB<\/a><\/p>\n<p>Nos Mors doux de serrage suspension diam\u00e8tre 5mm a 100mm sont bien plus efficace que les mors d&#8217;origine fox racing par exemple.<\/p>\n<p>En effet le plastique PETG que nous utilisons issue de l&#8217;industrie est tr\u00e8s compacte et tr\u00e8s rigide.<\/p>\n<p>Ce PETG permet une adh\u00e9rence optimal pour les mors doux de gros diam\u00e8tre, tout en pr\u00e9servant la pi\u00e8ce a immobiliser.<\/p>\n<p>Nos mors de fixation reste toutefois l\u00e9g\u00e8rement plus souple que des mors doux en aluminium CNC.<\/p>\n<p>Ce qui permet de mieux faire corps avec la pi\u00e8ce a tenir et de mieux serrer les pi\u00e8ces fermement sans quelle tourne.<\/p>\n<p>G\u00e9n\u00e9ralement de couleur noir ou blanc.<\/p>\n<p>La taille des mors de serrage est graver sur le mord de mani\u00e8re ind\u00e9l\u00e9bile.<\/p>\n<p>Ce marquage aide a facilement reconnaitre les tailles lors du stockage.<\/p>\n<p>Parfois, lorsque une pi\u00e8ce ronde est bloqu\u00e9 dans une autre pi\u00e8ce lors d&#8217;un assemblage, il est difficile de la d\u00e9visser.<\/p>\n<p>Pour d\u00e9visser sans qu&#8217;elle ne tourne, le mors doux permet de l&#8217;immobili\u00e8res fermement.<\/p>\n<p>Il est possible que certaine de ces pi\u00e8ces soit monter entre elle au frein filet bleu ou rouge type loctite, (lors de l&#8217;assemblage t\u00e8te d&#8217;amortisseur fox , ou bombonne d&#8217;amortisseur rockshox par exemple).<\/p>\n<p>Dans ce cas vous pouvez l\u00e9g\u00e8rement chauffer le filetage pour rendre plus souple le frein filet et d\u00e9monter de mani\u00e8re plus facile la tige ou bombonne d&#8217;amortisseur.<\/p>\n<p>Contactez nous si vous voulez d&#8217;autres infos.<\/p>\n","protected":false},"excerpt":{"rendered":"<p>Mors doux de serrage suspension diam\u00e8tre 5mm a 100mm<\/p>\n<p>Mors de serrage gros diam\u00e8tre, mors doux diam\u00e8tre sur mesure.<\/p>\n<p><span style=\"color: #ff0000;\"><strong>Attention : Tarif unitaire (les tarifs affich\u00e9s sont pour un seul mors, d&#8217;un seul diam\u00e8tre ),\u00a0 la fabrication sera sur mesure.<\/strong><\/span><\/p>\n<p><strong><span style=\"color: #ff0000;\">Si par exemple vous voulez un mors de 46mm, il faut choisir la taille de 41 a 70mm et pr\u00e9ciser en commentaire 46mm pour recevoir votre mors de 46mm.<\/span><\/strong><\/p>\n<p>Indiquer la ou les tailles que vous voulez en commentaire sur votre commande, si vous avez besoin d&#8217;un hauteur sp\u00e9cifique contactez nous aussi.<\/p>\n<p>Ces mors de serrage vous permettrons a l&#8217;aide d&#8217;un \u00e9tau, d&#8217;immobiliser des pi\u00e8ces rondes d&#8217;un diam\u00e8tre de 5 a 100mm en fonction de la taille que vous avez choisi.<\/p>\n<p>R\u00e9alis\u00e9s en plastique dense PETG, ils permettrons de serrer fermement les pi\u00e8ces sans les abimer.<\/p>\n<p>Bien plus efficace qu&#8217;un mors en aluminium CNC ou moul\u00e9, le plastique offre une meilleur adh\u00e9rence pour ne pas que la pi\u00e8ce glisse ou tourne.<\/p>\n<p>Le plastique permet aussi de ne pas abimer le rev\u00eatement de la pi\u00e8ce g\u00e9n\u00e9ralement fragile (anodisation, ou traitement fox Kashima)<\/p>\n<p>Cr\u00e9er a la base pour tenir les pi\u00e8ces de suspension comme les tige d&#8217;amortisseur fox.<\/p>\n<p>Les corps d&#8217;amortisseur rock shox , olhins , DVO , manitou , EXT , corps d&#8217;amortisseur fox x2.<\/p>\n<p>Serrage des plongeurs de fourche fox 40, fox 38 , fox 36 , fox 34 , fox 32.<\/p>\n<p>Ces mors peuvent aussi servir dans d&#8217;autres applications m\u00e9canique comme l&#8217;immobilisation d&#8217;arbre de boite de vitesse.<\/p>\n<p>Immobiliser des pi\u00e8ces de suspension de voiture, mors doux suspension 4&#215;4.<\/p>\n<p>Immobiliser des suspension de moto.<\/p>\n<p>Le mors de serrage pour fourche motocross kayaba , mors doux pour fourche showa , mors pour fourche moto-cross boss , mors doux fourche solva.<\/p>\n<p>Mais aussi mors doux fourche moto de route, serrage des plongeur de moto.<\/p>\n<p>Outil de serrage de tube de fourche moto olhins, serrage tube de fourche DNM.<\/p>\n<p>Cet outil de fourche est aussi compatible fast ace, et aussi un outils mors de serrage pour fourche KTM white power WP.<\/p>\n<p>Appel\u00e9 aussi Vise Clamp \/ Vise Holder \/ Vise Soft Jaw ces mors doux conviennent pour la plupart des fourches de moto.<\/p>\n<p class=\"wt-text-body-01 wt-line-height-tight wt-break-word wt-mt-xs-1\" data-buy-box-listing-title=\"true\">Pince d\u2019arbre de suspension de diff\u00e9rents diam\u00e8tres.<\/p>\n<p>Nous pouvons \u00e9galement fabriquer sur mesure des mors de dimensions ou forme sp\u00e9cifique.<\/p>\n<p>Donc des formes autre que celle d\u00e9crite, pour cela vous pouvez nous contacter par <a href=\"https:\/contactez-nous\/\">email<\/a>.<\/p>\n<p>Nos Mors doux fonctionnent aussi pour les suspensions de quad , 4&#215;4 , ATV , powersport , RZR polaris.<\/p>\n<p>Comment tenir une pi\u00e8ce ronde ? comment immobiliser un arbre ? comment immobiliser un tube ? comment immobiliser une tige ? comment immobiliser un v\u00e9rin ? comment tenir une pi\u00e8ce cylindrique ? mors gros diam\u00e8tre ? mors pas cher? comment immobiliser un plongeur de fourche de motocross ? comment immobiliser des fourreaux de fourche moto de route ? voila a quelle demande r\u00e9pond cet outil.<\/p>\n","protected":false},"featured_media":48819,"comment_status":"open","ping_status":"closed","template":"","meta":[],"product_brand":[],"product_cat":[1100],"product_tag":[],"class_list":{"0":"post-48807","1":"product","2":"type-product","3":"status-publish","4":"has-post-thumbnail","6":"product_cat-customs-es","8":"first","9":"instock","10":"taxable","11":"shipping-taxable","12":"purchasable","13":"product-type-variable"},"yoast_head":"<!-- This site is optimized with the Yoast SEO plugin v26.9 - https:\/\/yoast.com\/product\/yoast-seo-wordpress\/ -->\n<title>Mors doux de serrage suspension diam\u00e8tre 5mm a 100mm - LIFT-MTB<\/title>\n<meta name=\"description\" content=\"Mors doux de serrage suspension diam\u00e8tre 5mm a 100mm, mors de serrage sur mesure, mors serrage fox , mors rock shox , mors olhins\" \/>\n<meta name=\"robots\" content=\"index, follow, max-snippet:-1, max-image-preview:large, max-video-preview:-1\" \/>\n<link rel=\"canonical\" href=\"https:\/\/www.lift-mtb.com\/es\/produit\/mors-doux-de-serrage-suspension-diametre-5mm-a-100mm\/\" \/>\n<meta property=\"og:locale\" content=\"es_ES\" \/>\n<meta property=\"og:type\" content=\"article\" \/>\n<meta property=\"og:title\" content=\"Mors doux de serrage suspension diam\u00e8tre 5mm a 100mm - LIFT-MTB\" \/>\n<meta property=\"og:description\" content=\"Mors doux de serrage suspension diam\u00e8tre 5mm a 100mm, mors de serrage sur mesure, mors serrage fox , mors rock shox , mors olhins\" \/>\n<meta property=\"og:url\" content=\"https:\/\/www.lift-mtb.com\/es\/produit\/mors-doux-de-serrage-suspension-diametre-5mm-a-100mm\/\" \/>\n<meta property=\"og:site_name\" content=\"LIFT-MTB\" \/>\n<meta property=\"article:modified_time\" content=\"2025-01-18T19:53:51+00:00\" \/>\n<meta property=\"og:image\" content=\"https:\/\/www.lift-mtb.com\/wp-content\/uploads\/2023\/09\/suspension-vise-clamp.png\" \/>\n\t<meta property=\"og:image:width\" content=\"1587\" \/>\n\t<meta property=\"og:image:height\" content=\"2245\" \/>\n\t<meta property=\"og:image:type\" content=\"image\/png\" \/>\n<meta name=\"twitter:card\" content=\"summary_large_image\" \/>\n<meta name=\"twitter:label1\" content=\"Tiempo de lectura\" \/>\n\t<meta name=\"twitter:data1\" content=\"2 minutos\" \/>\n<script type=\"application\/ld+json\" class=\"yoast-schema-graph\">{\"@context\":\"https:\/\/schema.org\",\"@graph\":[{\"@type\":\"WebPage\",\"@id\":\"https:\/\/www.lift-mtb.com\/es\/produit\/mors-doux-de-serrage-suspension-diametre-5mm-a-100mm\/\",\"url\":\"https:\/\/www.lift-mtb.com\/es\/produit\/mors-doux-de-serrage-suspension-diametre-5mm-a-100mm\/\",\"name\":\"Mors doux de serrage suspension diam\u00e8tre 5mm a 100mm - LIFT-MTB\",\"isPartOf\":{\"@id\":\"https:\/\/www.lift-mtb.com\/es\/#website\"},\"primaryImageOfPage\":{\"@id\":\"https:\/\/www.lift-mtb.com\/es\/produit\/mors-doux-de-serrage-suspension-diametre-5mm-a-100mm\/#primaryimage\"},\"image\":{\"@id\":\"https:\/\/www.lift-mtb.com\/es\/produit\/mors-doux-de-serrage-suspension-diametre-5mm-a-100mm\/#primaryimage\"},\"thumbnailUrl\":\"https:\/\/www.lift-mtb.com\/wp-content\/uploads\/2023\/09\/suspension-vise-clamp.png\",\"datePublished\":\"2023-09-22T07:09:21+00:00\",\"dateModified\":\"2025-01-18T19:53:51+00:00\",\"description\":\"Mors doux de serrage suspension diam\u00e8tre 5mm a 100mm, mors de serrage sur mesure, mors serrage fox , mors rock shox , mors olhins\",\"breadcrumb\":{\"@id\":\"https:\/\/www.lift-mtb.com\/es\/produit\/mors-doux-de-serrage-suspension-diametre-5mm-a-100mm\/#breadcrumb\"},\"inLanguage\":\"es\",\"potentialAction\":[{\"@type\":\"ReadAction\",\"target\":[\"https:\/\/www.lift-mtb.com\/es\/produit\/mors-doux-de-serrage-suspension-diametre-5mm-a-100mm\/\"]}]},{\"@type\":\"ImageObject\",\"inLanguage\":\"es\",\"@id\":\"https:\/\/www.lift-mtb.com\/es\/produit\/mors-doux-de-serrage-suspension-diametre-5mm-a-100mm\/#primaryimage\",\"url\":\"https:\/\/www.lift-mtb.com\/wp-content\/uploads\/2023\/09\/suspension-vise-clamp.png\",\"contentUrl\":\"https:\/\/www.lift-mtb.com\/wp-content\/uploads\/2023\/09\/suspension-vise-clamp.png\",\"width\":1587,\"height\":2245,\"caption\":\"suspension vise clamp showa\"},{\"@type\":\"BreadcrumbList\",\"@id\":\"https:\/\/www.lift-mtb.com\/es\/produit\/mors-doux-de-serrage-suspension-diametre-5mm-a-100mm\/#breadcrumb\",\"itemListElement\":[{\"@type\":\"ListItem\",\"position\":1,\"name\":\"Accueil\",\"item\":\"https:\/\/www.lift-mtb.com\/es\/\"},{\"@type\":\"ListItem\",\"position\":2,\"name\":\"Tienda\",\"item\":\"https:\/\/www.lift-mtb.com\/es\/tienda\/\"},{\"@type\":\"ListItem\",\"position\":3,\"name\":\"Customs\",\"item\":\"https:\/\/www.lift-mtb.com\/es\/categoria-de-productos\/customs-es\/\"},{\"@type\":\"ListItem\",\"position\":4,\"name\":\"Mors doux de serrage suspension diam\u00e8tre 5mm a 100mm\"}]},{\"@type\":\"WebSite\",\"@id\":\"https:\/\/www.lift-mtb.com\/es\/#website\",\"url\":\"https:\/\/www.lift-mtb.com\/es\/\",\"name\":\"LIFT-MTB\",\"description\":\"Transformer son v\u00e9lo en \u00e9lectrique rapidement !\",\"publisher\":{\"@id\":\"https:\/\/www.lift-mtb.com\/es\/#organization\"},\"potentialAction\":[{\"@type\":\"SearchAction\",\"target\":{\"@type\":\"EntryPoint\",\"urlTemplate\":\"https:\/\/www.lift-mtb.com\/es\/?s={search_term_string}\"},\"query-input\":{\"@type\":\"PropertyValueSpecification\",\"valueRequired\":true,\"valueName\":\"search_term_string\"}}],\"inLanguage\":\"es\"},{\"@type\":\"Organization\",\"@id\":\"https:\/\/www.lift-mtb.com\/es\/#organization\",\"name\":\"LIFT-MTB\",\"url\":\"https:\/\/www.lift-mtb.com\/es\/\",\"logo\":{\"@type\":\"ImageObject\",\"inLanguage\":\"es\",\"@id\":\"https:\/\/www.lift-mtb.com\/es\/#\/schema\/logo\/image\/\",\"url\":\"https:\/\/www.lift-mtb.com\/wp-content\/uploads\/2022\/01\/electric-kit-for-bike-1.jpg\",\"contentUrl\":\"https:\/\/www.lift-mtb.com\/wp-content\/uploads\/2022\/01\/electric-kit-for-bike-1.jpg\",\"width\":1223,\"height\":560,\"caption\":\"LIFT-MTB\"},\"image\":{\"@id\":\"https:\/\/www.lift-mtb.com\/es\/#\/schema\/logo\/image\/\"}}]}<\/script>\n<!-- \/ Yoast SEO plugin. -->","yoast_head_json":{"title":"Mors doux de serrage suspension diam\u00e8tre 5mm a 100mm - LIFT-MTB","description":"Mors doux de serrage suspension diam\u00e8tre 5mm a 100mm, mors de serrage sur mesure, mors serrage fox , mors rock shox , mors olhins","robots":{"index":"index","follow":"follow","max-snippet":"max-snippet:-1","max-image-preview":"max-image-preview:large","max-video-preview":"max-video-preview:-1"},"canonical":"https:\/\/www.lift-mtb.com\/es\/produit\/mors-doux-de-serrage-suspension-diametre-5mm-a-100mm\/","og_locale":"es_ES","og_type":"article","og_title":"Mors doux de serrage suspension diam\u00e8tre 5mm a 100mm - LIFT-MTB","og_description":"Mors doux de serrage suspension diam\u00e8tre 5mm a 100mm, mors de serrage sur mesure, mors serrage fox , mors rock shox , mors olhins","og_url":"https:\/\/www.lift-mtb.com\/es\/produit\/mors-doux-de-serrage-suspension-diametre-5mm-a-100mm\/","og_site_name":"LIFT-MTB","article_modified_time":"2025-01-18T19:53:51+00:00","og_image":[{"width":1587,"height":2245,"url":"https:\/\/www.lift-mtb.com\/wp-content\/uploads\/2023\/09\/suspension-vise-clamp.png","type":"image\/png"}],"twitter_card":"summary_large_image","twitter_misc":{"Tiempo de lectura":"2 minutos"},"schema":{"@context":"https:\/\/schema.org","@graph":[{"@type":"WebPage","@id":"https:\/\/www.lift-mtb.com\/es\/produit\/mors-doux-de-serrage-suspension-diametre-5mm-a-100mm\/","url":"https:\/\/www.lift-mtb.com\/es\/produit\/mors-doux-de-serrage-suspension-diametre-5mm-a-100mm\/","name":"Mors doux de serrage suspension diam\u00e8tre 5mm a 100mm - LIFT-MTB","isPartOf":{"@id":"https:\/\/www.lift-mtb.com\/es\/#website"},"primaryImageOfPage":{"@id":"https:\/\/www.lift-mtb.com\/es\/produit\/mors-doux-de-serrage-suspension-diametre-5mm-a-100mm\/#primaryimage"},"image":{"@id":"https:\/\/www.lift-mtb.com\/es\/produit\/mors-doux-de-serrage-suspension-diametre-5mm-a-100mm\/#primaryimage"},"thumbnailUrl":"https:\/\/www.lift-mtb.com\/wp-content\/uploads\/2023\/09\/suspension-vise-clamp.png","datePublished":"2023-09-22T07:09:21+00:00","dateModified":"2025-01-18T19:53:51+00:00","description":"Mors doux de serrage suspension diam\u00e8tre 5mm a 100mm, mors de serrage sur mesure, mors serrage fox , mors rock shox , mors olhins","breadcrumb":{"@id":"https:\/\/www.lift-mtb.com\/es\/produit\/mors-doux-de-serrage-suspension-diametre-5mm-a-100mm\/#breadcrumb"},"inLanguage":"es","potentialAction":[{"@type":"ReadAction","target":["https:\/\/www.lift-mtb.com\/es\/produit\/mors-doux-de-serrage-suspension-diametre-5mm-a-100mm\/"]}]},{"@type":"ImageObject","inLanguage":"es","@id":"https:\/\/www.lift-mtb.com\/es\/produit\/mors-doux-de-serrage-suspension-diametre-5mm-a-100mm\/#primaryimage","url":"https:\/\/www.lift-mtb.com\/wp-content\/uploads\/2023\/09\/suspension-vise-clamp.png","contentUrl":"https:\/\/www.lift-mtb.com\/wp-content\/uploads\/2023\/09\/suspension-vise-clamp.png","width":1587,"height":2245,"caption":"suspension vise clamp showa"},{"@type":"BreadcrumbList","@id":"https:\/\/www.lift-mtb.com\/es\/produit\/mors-doux-de-serrage-suspension-diametre-5mm-a-100mm\/#breadcrumb","itemListElement":[{"@type":"ListItem","position":1,"name":"Accueil","item":"https:\/\/www.lift-mtb.com\/es\/"},{"@type":"ListItem","position":2,"name":"Tienda","item":"https:\/\/www.lift-mtb.com\/es\/tienda\/"},{"@type":"ListItem","position":3,"name":"Customs","item":"https:\/\/www.lift-mtb.com\/es\/categoria-de-productos\/customs-es\/"},{"@type":"ListItem","position":4,"name":"Mors doux de serrage suspension diam\u00e8tre 5mm a 100mm"}]},{"@type":"WebSite","@id":"https:\/\/www.lift-mtb.com\/es\/#website","url":"https:\/\/www.lift-mtb.com\/es\/","name":"LIFT-MTB","description":"Transformer son v\u00e9lo en \u00e9lectrique rapidement !","publisher":{"@id":"https:\/\/www.lift-mtb.com\/es\/#organization"},"potentialAction":[{"@type":"SearchAction","target":{"@type":"EntryPoint","urlTemplate":"https:\/\/www.lift-mtb.com\/es\/?s={search_term_string}"},"query-input":{"@type":"PropertyValueSpecification","valueRequired":true,"valueName":"search_term_string"}}],"inLanguage":"es"},{"@type":"Organization","@id":"https:\/\/www.lift-mtb.com\/es\/#organization","name":"LIFT-MTB","url":"https:\/\/www.lift-mtb.com\/es\/","logo":{"@type":"ImageObject","inLanguage":"es","@id":"https:\/\/www.lift-mtb.com\/es\/#\/schema\/logo\/image\/","url":"https:\/\/www.lift-mtb.com\/wp-content\/uploads\/2022\/01\/electric-kit-for-bike-1.jpg","contentUrl":"https:\/\/www.lift-mtb.com\/wp-content\/uploads\/2022\/01\/electric-kit-for-bike-1.jpg","width":1223,"height":560,"caption":"LIFT-MTB"},"image":{"@id":"https:\/\/www.lift-mtb.com\/es\/#\/schema\/logo\/image\/"}}]}},"_links":{"self":[{"href":"https:\/\/www.lift-mtb.com\/es\/wp-json\/wp\/v2\/product\/48807","targetHints":{"allow":["GET"]}}],"collection":[{"href":"https:\/\/www.lift-mtb.com\/es\/wp-json\/wp\/v2\/product"}],"about":[{"href":"https:\/\/www.lift-mtb.com\/es\/wp-json\/wp\/v2\/types\/product"}],"replies":[{"embeddable":true,"href":"https:\/\/www.lift-mtb.com\/es\/wp-json\/wp\/v2\/comments?post=48807"}],"wp:featuredmedia":[{"embeddable":true,"href":"https:\/\/www.lift-mtb.com\/es\/wp-json\/wp\/v2\/media\/48819"}],"wp:attachment":[{"href":"https:\/\/www.lift-mtb.com\/es\/wp-json\/wp\/v2\/media?parent=48807"}],"wp:term":[{"taxonomy":"product_brand","embeddable":true,"href":"https:\/\/www.lift-mtb.com\/es\/wp-json\/wp\/v2\/product_brand?post=48807"},{"taxonomy":"product_cat","embeddable":true,"href":"https:\/\/www.lift-mtb.com\/es\/wp-json\/wp\/v2\/product_cat?post=48807"},{"taxonomy":"product_tag","embeddable":true,"href":"https:\/\/www.lift-mtb.com\/es\/wp-json\/wp\/v2\/product_tag?post=48807"}],"curies":[{"name":"wp","href":"https:\/\/api.w.org\/{rel}","templated":true}]}}