{"id":51402,"date":"2026-03-07T18:16:22","date_gmt":"2026-03-07T17:16:22","guid":{"rendered":"https:\/\/www.lift-mtb.com\/?post_type=product&#038;p=51402"},"modified":"2026-03-07T18:32:38","modified_gmt":"2026-03-07T17:32:38","slug":"vtt-enduro-enfant-electrique-polygone-24-moteur-lift-mtb-300wh","status":"publish","type":"product","link":"https:\/\/www.lift-mtb.com\/es\/produit\/vtt-enduro-enfant-electrique-polygone-24-moteur-lift-mtb-300wh\/","title":{"rendered":"Vtt enduro enfant \u00e9lectrique Polygone siskiu moteur \u00e9lectrique LIFT-MTB 24 pouces 8 \u00e0 12 ans"},"content":{"rendered":"<p>Vtt enduro enfant \u00e9lectrique Polygone siskiu moteur \u00e9lectrique LIFT-MTB 24 pouces 8 \u00e0 12 ans, vtt \u00e9lectrique enfant. \ud83d\ude0d Polygone siskiu 24 avec moteur \u00e9lectrique LIFT-MTB \ud83d\ude0d<\/p>\n<p>&nbsp;<\/p>\n<p>Le Polygone Siskiu 24 est un VTT enfant enduro con\u00e7u pour les jeunes riders qui veulent rouler comme les grands.<\/p>\n<p>Inspir\u00e9 des mod\u00e8les adultes de la marque Polygon Bikes, ce v\u00e9lo offre une g\u00e9om\u00e9trie moderne, un cadre en aluminium l\u00e9ger et une excellente maniabilit\u00e9, parfaitement adapt\u00e9e aux enfants d\u2019environ 8 \u00e0 12 ans (selon la taille).<\/p>\n<p>\u00c9quip\u00e9 de roues de 24 pouces, le Siskiu 24 a vue sa suspension pr\u00e9parer par LIFT-MTB pour une absorption plus efficace des petit choc, ce qui permet de rouler en toute confiance Dans cette version sp\u00e9ciale, le v\u00e9lo est \u00e9quip\u00e9 d\u2019un moteur \u00e9lectrique LIFT-MTB, transformant le Siskiu 24 en v\u00e9ritable VTT \u00e0 assistance \u00e9lectrique pour enfant.<\/p>\n<p>Le moteur apporte un soutien progressif au p\u00e9dalage, id\u00e9al pour les mont\u00e9es, les longues balades en famille ou pour suivre les adultes sans difficult\u00e9. L\u2019assistance permet \u00e0 l\u2019enfant de garder du plaisir sans se fatiguer excessivement, tout en continuant \u00e0 p\u00e9daler activement.<\/p>\n<p>Un autre atout majeur de ce mod\u00e8le est son c\u00f4t\u00e9 \u00e9volutif : il est possible de le monter en roues de 26 pouces. Cette configuration permet d\u2019accompagner la croissance de l\u2019enfant et d\u2019allonger la dur\u00e9e d\u2019utilisation du v\u00e9lo, \u00e9vitant ainsi de devoir en changer trop rapidement.<\/p>\n<p>Propos\u00e9 au prix de 2 200 \u20ac complet avec moteur LIFT-MTB et batterie 300wh au lieux de 2550euro, Velo seul 1050 euro , moteur batterie + capteur p\u00e9dalier 1450euro Ce Polygone Siskiu 24 \u00e9lectrique repr\u00e9sente une solution haut de gamme pour les familles passionn\u00e9es de VTT. Il combine performance, s\u00e9curit\u00e9, \u00e9volutivit\u00e9 et technologie moderne, offrant aux jeunes cyclistes une exp\u00e9rience proche de celle des adultes, avec un v\u00e9lo parfaitement adapt\u00e9 \u00e0 leur progression.<\/p>\n<p>C\u2019est le choix id\u00e9al pour un enfant motiv\u00e9 qui souhaite progresser en tout-terrain et partager pleinement les sorties en montagne. Le moteur est aussi amovible rapidement afin de l&#8217;adapter \u00e0 un autre v\u00e9lo si n\u00e9ccessaire lorsque l&#8217;enfant grandit.<\/p>\n<p>Exp\u00e9dition partout en France possible. Equivalent au commencal clash 24 ou au m\u00e9ta HT<\/p>\n","protected":false},"excerpt":{"rendered":"<p>Vtt enduro tout suspendu enfant \u00e9lectrique Polygone siskiu moteur \u00e9lectrique LIFT-MTB 24 pouces 8 \u00e0 12 ans avec batterie 300wh<\/p>\n<p>&nbsp;<\/p>\n<h3 data-section-id=\"10svpgx\" data-start=\"2496\" data-end=\"2544\">Une alternative aux VTT enfant haut de gamme<\/h3>\n<p data-start=\"2546\" data-end=\"2786\">Ce <strong data-start=\"2549\" data-end=\"2581\">Polygon Siskiu 24 \u00e9lectrique<\/strong> repr\u00e9sente une solution haut de gamme pour les familles passionn\u00e9es de VTT. Il offre une exp\u00e9rience identique de celle d\u2019un VTT adulte, tout en restant parfaitement adapt\u00e9 \u00e0 la progression des jeunes riders.<\/p>\n<p data-start=\"2788\" data-end=\"2868\">Il se positionne comme une excellente alternative aux mod\u00e8les populaires comme :<\/p>\n<ul data-start=\"2870\" data-end=\"2967\">\n<li data-section-id=\"1rletrm\" data-start=\"2870\" data-end=\"2892\">\n<p data-start=\"2872\" data-end=\"2892\">Commencal Clash 24 electrique<\/p>\n<\/li>\n<li data-section-id=\"vdmbba\" data-start=\"2893\" data-end=\"2917\">\n<p data-start=\"2895\" data-end=\"2917\">Commencal Meta HT 24<\/p>\n<\/li>\n<li data-section-id=\"44dy1k\" data-start=\"2918\" data-end=\"2946\">\n<p data-start=\"2920\" data-end=\"2946\">Rocky Mountain Reaper 24 electrique<\/p>\n<\/li>\n<li data-section-id=\"1q4m18v\" data-start=\"2947\" data-end=\"2967\">\n<p data-start=\"2949\" data-end=\"2967\">Scott Ransom 400 electrique<\/p>\n<\/li>\n<\/ul>\n","protected":false},"featured_media":51404,"comment_status":"open","ping_status":"closed","template":"","meta":[],"product_brand":[],"product_cat":[1147],"product_tag":[],"class_list":{"0":"post-51402","1":"product","2":"type-product","3":"status-publish","4":"has-post-thumbnail","6":"product_cat-velos-complets-avec-moteur-lift-mtb","8":"first","9":"instock","10":"taxable","11":"shipping-taxable","12":"purchasable","13":"product-type-simple"},"yoast_head":"<!-- This site is optimized with the Yoast SEO plugin v26.9 - https:\/\/yoast.com\/product\/yoast-seo-wordpress\/ -->\n<title>Vtt enduro enfant \u00e9lectrique Polygone 24&quot; moteur LIFT-MTB 300wh<\/title>\n<meta name=\"description\" content=\"Vtt enduro tout suspendu enfant \u00e9lectrique Polygone siskiu moteur \u00e9lectrique LIFT-MTB 24 pouces 8 \u00e0 12 ans avec batterie 300wh\" \/>\n<meta name=\"robots\" content=\"index, follow, max-snippet:-1, max-image-preview:large, max-video-preview:-1\" \/>\n<link rel=\"canonical\" href=\"https:\/\/www.lift-mtb.com\/es\/produit\/vtt-enduro-enfant-electrique-polygone-24-moteur-lift-mtb-300wh\/\" \/>\n<meta property=\"og:locale\" content=\"es_ES\" \/>\n<meta property=\"og:type\" content=\"article\" \/>\n<meta property=\"og:title\" content=\"Vtt enduro enfant \u00e9lectrique Polygone 24&quot; moteur LIFT-MTB 300wh\" \/>\n<meta property=\"og:description\" content=\"Vtt enduro tout suspendu enfant \u00e9lectrique Polygone siskiu moteur \u00e9lectrique LIFT-MTB 24 pouces 8 \u00e0 12 ans avec batterie 300wh\" \/>\n<meta property=\"og:url\" content=\"https:\/\/www.lift-mtb.com\/es\/produit\/vtt-enduro-enfant-electrique-polygone-24-moteur-lift-mtb-300wh\/\" \/>\n<meta property=\"og:site_name\" content=\"LIFT-MTB\" \/>\n<meta property=\"article:modified_time\" content=\"2026-03-07T17:32:38+00:00\" \/>\n<meta property=\"og:image\" content=\"https:\/\/www.lift-mtb.com\/wp-content\/uploads\/2026\/03\/vtt-electrique-pour-enfant-3-scaled.jpg\" \/>\n\t<meta property=\"og:image:width\" content=\"2560\" \/>\n\t<meta property=\"og:image:height\" content=\"1696\" \/>\n\t<meta property=\"og:image:type\" content=\"image\/jpeg\" \/>\n<meta name=\"twitter:card\" content=\"summary_large_image\" \/>\n<meta name=\"twitter:label1\" content=\"Tiempo de lectura\" \/>\n\t<meta name=\"twitter:data1\" content=\"2 minutos\" \/>\n<script type=\"application\/ld+json\" class=\"yoast-schema-graph\">{\"@context\":\"https:\/\/schema.org\",\"@graph\":[{\"@type\":\"WebPage\",\"@id\":\"https:\/\/www.lift-mtb.com\/es\/produit\/vtt-enduro-enfant-electrique-polygone-24-moteur-lift-mtb-300wh\/\",\"url\":\"https:\/\/www.lift-mtb.com\/es\/produit\/vtt-enduro-enfant-electrique-polygone-24-moteur-lift-mtb-300wh\/\",\"name\":\"Vtt enduro enfant \u00e9lectrique Polygone 24\\\" moteur LIFT-MTB 300wh\",\"isPartOf\":{\"@id\":\"https:\/\/www.lift-mtb.com\/es\/#website\"},\"primaryImageOfPage\":{\"@id\":\"https:\/\/www.lift-mtb.com\/es\/produit\/vtt-enduro-enfant-electrique-polygone-24-moteur-lift-mtb-300wh\/#primaryimage\"},\"image\":{\"@id\":\"https:\/\/www.lift-mtb.com\/es\/produit\/vtt-enduro-enfant-electrique-polygone-24-moteur-lift-mtb-300wh\/#primaryimage\"},\"thumbnailUrl\":\"https:\/\/www.lift-mtb.com\/wp-content\/uploads\/2026\/03\/vtt-electrique-pour-enfant-3-scaled.jpg\",\"datePublished\":\"2026-03-07T17:16:22+00:00\",\"dateModified\":\"2026-03-07T17:32:38+00:00\",\"description\":\"Vtt enduro tout suspendu enfant \u00e9lectrique Polygone siskiu moteur \u00e9lectrique LIFT-MTB 24 pouces 8 \u00e0 12 ans avec batterie 300wh\",\"breadcrumb\":{\"@id\":\"https:\/\/www.lift-mtb.com\/es\/produit\/vtt-enduro-enfant-electrique-polygone-24-moteur-lift-mtb-300wh\/#breadcrumb\"},\"inLanguage\":\"es\",\"potentialAction\":[{\"@type\":\"ReadAction\",\"target\":[\"https:\/\/www.lift-mtb.com\/es\/produit\/vtt-enduro-enfant-electrique-polygone-24-moteur-lift-mtb-300wh\/\"]}]},{\"@type\":\"ImageObject\",\"inLanguage\":\"es\",\"@id\":\"https:\/\/www.lift-mtb.com\/es\/produit\/vtt-enduro-enfant-electrique-polygone-24-moteur-lift-mtb-300wh\/#primaryimage\",\"url\":\"https:\/\/www.lift-mtb.com\/wp-content\/uploads\/2026\/03\/vtt-electrique-pour-enfant-3-scaled.jpg\",\"contentUrl\":\"https:\/\/www.lift-mtb.com\/wp-content\/uploads\/2026\/03\/vtt-electrique-pour-enfant-3-scaled.jpg\",\"width\":2560,\"height\":1696},{\"@type\":\"BreadcrumbList\",\"@id\":\"https:\/\/www.lift-mtb.com\/es\/produit\/vtt-enduro-enfant-electrique-polygone-24-moteur-lift-mtb-300wh\/#breadcrumb\",\"itemListElement\":[{\"@type\":\"ListItem\",\"position\":1,\"name\":\"Accueil\",\"item\":\"https:\/\/www.lift-mtb.com\/es\/\"},{\"@type\":\"ListItem\",\"position\":2,\"name\":\"Tienda\",\"item\":\"https:\/\/www.lift-mtb.com\/es\/tienda\/\"},{\"@type\":\"ListItem\",\"position\":3,\"name\":\"v\u00e9los complets avec moteur lift mtb\",\"item\":\"https:\/\/www.lift-mtb.com\/es\/categorie-produit\/velos-complets-avec-moteur-lift-mtb\/\"},{\"@type\":\"ListItem\",\"position\":4,\"name\":\"Vtt enduro enfant \u00e9lectrique Polygone siskiu moteur \u00e9lectrique LIFT-MTB 24 pouces 8 \u00e0 12 ans\"}]},{\"@type\":\"WebSite\",\"@id\":\"https:\/\/www.lift-mtb.com\/es\/#website\",\"url\":\"https:\/\/www.lift-mtb.com\/es\/\",\"name\":\"LIFT-MTB\",\"description\":\"Transformer son v\u00e9lo en \u00e9lectrique rapidement !\",\"publisher\":{\"@id\":\"https:\/\/www.lift-mtb.com\/es\/#organization\"},\"potentialAction\":[{\"@type\":\"SearchAction\",\"target\":{\"@type\":\"EntryPoint\",\"urlTemplate\":\"https:\/\/www.lift-mtb.com\/es\/?s={search_term_string}\"},\"query-input\":{\"@type\":\"PropertyValueSpecification\",\"valueRequired\":true,\"valueName\":\"search_term_string\"}}],\"inLanguage\":\"es\"},{\"@type\":\"Organization\",\"@id\":\"https:\/\/www.lift-mtb.com\/es\/#organization\",\"name\":\"LIFT-MTB\",\"url\":\"https:\/\/www.lift-mtb.com\/es\/\",\"logo\":{\"@type\":\"ImageObject\",\"inLanguage\":\"es\",\"@id\":\"https:\/\/www.lift-mtb.com\/es\/#\/schema\/logo\/image\/\",\"url\":\"https:\/\/www.lift-mtb.com\/wp-content\/uploads\/2022\/01\/electric-kit-for-bike-1.jpg\",\"contentUrl\":\"https:\/\/www.lift-mtb.com\/wp-content\/uploads\/2022\/01\/electric-kit-for-bike-1.jpg\",\"width\":1223,\"height\":560,\"caption\":\"LIFT-MTB\"},\"image\":{\"@id\":\"https:\/\/www.lift-mtb.com\/es\/#\/schema\/logo\/image\/\"}}]}<\/script>\n<!-- \/ Yoast SEO plugin. -->","yoast_head_json":{"title":"Vtt enduro enfant \u00e9lectrique Polygone 24\" moteur LIFT-MTB 300wh","description":"Vtt enduro tout suspendu enfant \u00e9lectrique Polygone siskiu moteur \u00e9lectrique LIFT-MTB 24 pouces 8 \u00e0 12 ans avec batterie 300wh","robots":{"index":"index","follow":"follow","max-snippet":"max-snippet:-1","max-image-preview":"max-image-preview:large","max-video-preview":"max-video-preview:-1"},"canonical":"https:\/\/www.lift-mtb.com\/es\/produit\/vtt-enduro-enfant-electrique-polygone-24-moteur-lift-mtb-300wh\/","og_locale":"es_ES","og_type":"article","og_title":"Vtt enduro enfant \u00e9lectrique Polygone 24\" moteur LIFT-MTB 300wh","og_description":"Vtt enduro tout suspendu enfant \u00e9lectrique Polygone siskiu moteur \u00e9lectrique LIFT-MTB 24 pouces 8 \u00e0 12 ans avec batterie 300wh","og_url":"https:\/\/www.lift-mtb.com\/es\/produit\/vtt-enduro-enfant-electrique-polygone-24-moteur-lift-mtb-300wh\/","og_site_name":"LIFT-MTB","article_modified_time":"2026-03-07T17:32:38+00:00","og_image":[{"width":2560,"height":1696,"url":"https:\/\/www.lift-mtb.com\/wp-content\/uploads\/2026\/03\/vtt-electrique-pour-enfant-3-scaled.jpg","type":"image\/jpeg"}],"twitter_card":"summary_large_image","twitter_misc":{"Tiempo de lectura":"2 minutos"},"schema":{"@context":"https:\/\/schema.org","@graph":[{"@type":"WebPage","@id":"https:\/\/www.lift-mtb.com\/es\/produit\/vtt-enduro-enfant-electrique-polygone-24-moteur-lift-mtb-300wh\/","url":"https:\/\/www.lift-mtb.com\/es\/produit\/vtt-enduro-enfant-electrique-polygone-24-moteur-lift-mtb-300wh\/","name":"Vtt enduro enfant \u00e9lectrique Polygone 24\" moteur LIFT-MTB 300wh","isPartOf":{"@id":"https:\/\/www.lift-mtb.com\/es\/#website"},"primaryImageOfPage":{"@id":"https:\/\/www.lift-mtb.com\/es\/produit\/vtt-enduro-enfant-electrique-polygone-24-moteur-lift-mtb-300wh\/#primaryimage"},"image":{"@id":"https:\/\/www.lift-mtb.com\/es\/produit\/vtt-enduro-enfant-electrique-polygone-24-moteur-lift-mtb-300wh\/#primaryimage"},"thumbnailUrl":"https:\/\/www.lift-mtb.com\/wp-content\/uploads\/2026\/03\/vtt-electrique-pour-enfant-3-scaled.jpg","datePublished":"2026-03-07T17:16:22+00:00","dateModified":"2026-03-07T17:32:38+00:00","description":"Vtt enduro tout suspendu enfant \u00e9lectrique Polygone siskiu moteur \u00e9lectrique LIFT-MTB 24 pouces 8 \u00e0 12 ans avec batterie 300wh","breadcrumb":{"@id":"https:\/\/www.lift-mtb.com\/es\/produit\/vtt-enduro-enfant-electrique-polygone-24-moteur-lift-mtb-300wh\/#breadcrumb"},"inLanguage":"es","potentialAction":[{"@type":"ReadAction","target":["https:\/\/www.lift-mtb.com\/es\/produit\/vtt-enduro-enfant-electrique-polygone-24-moteur-lift-mtb-300wh\/"]}]},{"@type":"ImageObject","inLanguage":"es","@id":"https:\/\/www.lift-mtb.com\/es\/produit\/vtt-enduro-enfant-electrique-polygone-24-moteur-lift-mtb-300wh\/#primaryimage","url":"https:\/\/www.lift-mtb.com\/wp-content\/uploads\/2026\/03\/vtt-electrique-pour-enfant-3-scaled.jpg","contentUrl":"https:\/\/www.lift-mtb.com\/wp-content\/uploads\/2026\/03\/vtt-electrique-pour-enfant-3-scaled.jpg","width":2560,"height":1696},{"@type":"BreadcrumbList","@id":"https:\/\/www.lift-mtb.com\/es\/produit\/vtt-enduro-enfant-electrique-polygone-24-moteur-lift-mtb-300wh\/#breadcrumb","itemListElement":[{"@type":"ListItem","position":1,"name":"Accueil","item":"https:\/\/www.lift-mtb.com\/es\/"},{"@type":"ListItem","position":2,"name":"Tienda","item":"https:\/\/www.lift-mtb.com\/es\/tienda\/"},{"@type":"ListItem","position":3,"name":"v\u00e9los complets avec moteur lift mtb","item":"https:\/\/www.lift-mtb.com\/es\/categorie-produit\/velos-complets-avec-moteur-lift-mtb\/"},{"@type":"ListItem","position":4,"name":"Vtt enduro enfant \u00e9lectrique Polygone siskiu moteur \u00e9lectrique LIFT-MTB 24 pouces 8 \u00e0 12 ans"}]},{"@type":"WebSite","@id":"https:\/\/www.lift-mtb.com\/es\/#website","url":"https:\/\/www.lift-mtb.com\/es\/","name":"LIFT-MTB","description":"Transformer son v\u00e9lo en \u00e9lectrique rapidement !","publisher":{"@id":"https:\/\/www.lift-mtb.com\/es\/#organization"},"potentialAction":[{"@type":"SearchAction","target":{"@type":"EntryPoint","urlTemplate":"https:\/\/www.lift-mtb.com\/es\/?s={search_term_string}"},"query-input":{"@type":"PropertyValueSpecification","valueRequired":true,"valueName":"search_term_string"}}],"inLanguage":"es"},{"@type":"Organization","@id":"https:\/\/www.lift-mtb.com\/es\/#organization","name":"LIFT-MTB","url":"https:\/\/www.lift-mtb.com\/es\/","logo":{"@type":"ImageObject","inLanguage":"es","@id":"https:\/\/www.lift-mtb.com\/es\/#\/schema\/logo\/image\/","url":"https:\/\/www.lift-mtb.com\/wp-content\/uploads\/2022\/01\/electric-kit-for-bike-1.jpg","contentUrl":"https:\/\/www.lift-mtb.com\/wp-content\/uploads\/2022\/01\/electric-kit-for-bike-1.jpg","width":1223,"height":560,"caption":"LIFT-MTB"},"image":{"@id":"https:\/\/www.lift-mtb.com\/es\/#\/schema\/logo\/image\/"}}]}},"_links":{"self":[{"href":"https:\/\/www.lift-mtb.com\/es\/wp-json\/wp\/v2\/product\/51402","targetHints":{"allow":["GET"]}}],"collection":[{"href":"https:\/\/www.lift-mtb.com\/es\/wp-json\/wp\/v2\/product"}],"about":[{"href":"https:\/\/www.lift-mtb.com\/es\/wp-json\/wp\/v2\/types\/product"}],"replies":[{"embeddable":true,"href":"https:\/\/www.lift-mtb.com\/es\/wp-json\/wp\/v2\/comments?post=51402"}],"wp:featuredmedia":[{"embeddable":true,"href":"https:\/\/www.lift-mtb.com\/es\/wp-json\/wp\/v2\/media\/51404"}],"wp:attachment":[{"href":"https:\/\/www.lift-mtb.com\/es\/wp-json\/wp\/v2\/media?parent=51402"}],"wp:term":[{"taxonomy":"product_brand","embeddable":true,"href":"https:\/\/www.lift-mtb.com\/es\/wp-json\/wp\/v2\/product_brand?post=51402"},{"taxonomy":"product_cat","embeddable":true,"href":"https:\/\/www.lift-mtb.com\/es\/wp-json\/wp\/v2\/product_cat?post=51402"},{"taxonomy":"product_tag","embeddable":true,"href":"https:\/\/www.lift-mtb.com\/es\/wp-json\/wp\/v2\/product_tag?post=51402"}],"curies":[{"name":"wp","href":"https:\/\/api.w.org\/{rel}","templated":true}]}}