{"id":11695,"date":"2022-05-04T15:36:55","date_gmt":"2022-05-04T13:36:55","guid":{"rendered":"https:\/produit\/kit-motore-a-pedale-cinese-bafang\/"},"modified":"2023-02-23T23:53:58","modified_gmt":"2023-02-23T22:53:58","slug":"kit-motore-pedale-cinese-bafang","status":"publish","type":"product","link":"https:\/\/www.lift-mtb.com\/it\/produit\/kit-motore-pedale-cinese-bafang\/","title":{"rendered":"Kit motore a pedale cinese \/ Bafang"},"content":{"rendered":"<h1>Perch\u00e9 acquistare un motore BAFANG da LIFT MTB?<\/h1>\n<p style=\"margin: 0cm 0cm 0pt;\">Dal 2012 produciamo in Francia i nostri motori LIFT-MTB, i pi\u00f9 versatili, affidabili e realmente adatti all&#8217;uso Mountain bikes, vedi il nostro articolo completo su questo argomento:<\/p>\n<h2 style=\"text-align: center;\"><a title=\"https:\/\/www.youtube.com\/watch?v=wpv1ITOgJ1A&amp;t=98s\" href=\"https:\/bafang-ou-lift-mtb\/\" target=\"_blank\" rel=\"noopener\"><span style=\"color: #ff0000;\"><strong>&#8221;Test opinione BAFANG&#8221;<\/strong><\/span><\/a><\/h2>\n<p>Siamo consapevoli che per alcuni il motore cinese BAFANG, un po&#8217; meno costoso, \u00e8 sufficiente in termini di prestazioni o di solidit\u00e0 per un uso pi\u00f9 soft, come la <strong>trasformazione delle city bike in bici elettriche<\/strong>.<\/p>\n<p>Ecco perch\u00e9, oltre alla versione top di gamma LIFT MTB \/ MADE IN FRANCE, offriamo in vendita i motori cinesi BAFANG BBS02.<\/p>\n<p>Naturalmente con alcune modifiche LIFT MTB per renderlo pi\u00f9 efficiente e affidabile per l&#8217;uso Mountain bikes, o per la versione da strada\/citt\u00e0 o Bici ibrida.<\/p>\n<p><img decoding=\"async\" class=\"wp-image-10908 alignright\" src=\"https:\/\/www.lift-mtb.com\/wp-content\/uploads\/2022\/05\/bafang-3-scaled.jpg\" alt=\"\" width=\"340\" height=\"227\" srcset=\"https:\/\/www.lift-mtb.com\/wp-content\/uploads\/2022\/05\/bafang-3-200x134.jpg 200w, https:\/\/www.lift-mtb.com\/wp-content\/uploads\/2022\/05\/bafang-3-300x200.jpg 300w, https:\/\/www.lift-mtb.com\/wp-content\/uploads\/2022\/05\/bafang-3-400x267.jpg 400w, https:\/\/www.lift-mtb.com\/wp-content\/uploads\/2022\/05\/bafang-3-500x334.jpg 500w, https:\/\/www.lift-mtb.com\/wp-content\/uploads\/2022\/05\/bafang-3-600x401.jpg 600w, https:\/\/www.lift-mtb.com\/wp-content\/uploads\/2022\/05\/bafang-3-700x467.jpg 700w, https:\/\/www.lift-mtb.com\/wp-content\/uploads\/2022\/05\/bafang-3-768x513.jpg 768w, https:\/\/www.lift-mtb.com\/wp-content\/uploads\/2022\/05\/bafang-3-800x534.jpg 800w, https:\/\/www.lift-mtb.com\/wp-content\/uploads\/2022\/05\/bafang-3-1024x684.jpg 1024w, https:\/\/www.lift-mtb.com\/wp-content\/uploads\/2022\/05\/bafang-3-1200x801.jpg 1200w, https:\/\/www.lift-mtb.com\/wp-content\/uploads\/2022\/05\/bafang-3-1536x1025.jpg 1536w, https:\/\/www.lift-mtb.com\/wp-content\/uploads\/2022\/05\/bafang-3-scaled.jpg 2200w\" sizes=\"(max-width: 340px) 100vw, 340px\" \/>Senza eguagliare la nostra guarnitura LIFT-MTB in termini di distanza dal suolo, prestazioni, finiture e soprattutto adattabilit\u00e0 e solidit\u00e0, la versione BAFANG \/ <a href=\"https:\/\/www.youtube.com\/watch?v=wpv1ITOgJ1A\">LIFT-MTB sar\u00e0 pi\u00f9 potente<\/a> e adatta all&#8217;uso Mountain bikes di una versione base del BAFANG venduta altrove.<\/p>\n<p>Essendo fondamentalmente produttori di kit, abbiamo la conoscenza della gestione dell&#8217;elettronica, la capacit\u00e0 di modificare o produrre parti molto specifiche per questi motori con le nostre macchine utensili CNC, se necessario.<\/p>\n<p>Insomma, non siamo dei semplici venditori e cerchiamo di dare qualcosa in pi\u00f9 a questo prodotto per valorizzarlo.<\/p>\n<p>&nbsp;<\/p>\n<h2><strong>Modifiche LIFT MTB:<\/strong><\/h2>\n<p>Potete quindi beneficiare del nostro know-how nel campo della riprogrammazione e dello sviluppo delle curve di potenza BAFANG.<\/p>\n<p>La curva di potenza modificata del BAFANG BBS consentir\u00e0 un consumo misurato, sfruttando al meglio la potenza della guarnitura MTB.<\/p>\n<p>Il nostro kit MTB BAFANG by LIFT viene fornito di serie con una serie di componenti, come un adattatore a 4 punti in alluminio 7075 anodizzato nero, dotato di una piastra in alluminio stretta e larga 38t per limitare il deragliamento, un cavo di prolunga, un distanziale specifico&#8230;<\/p>\n<p>Confrontate i prezzi tenendo conto di queste opzioni, che per noi sono incluse nel prezzo base, ma che spesso sono un&#8217;opzione per i nostri concorrenti&#8230;<\/p>\n<h3><strong>Versioni del motore:<\/strong><\/h3>\n<p>Per quanto riguarda le versioni in vendita, sapendo che non vogliamo vendere &#8220;moto elettriche&#8221;, ma Mountain bikes elettriche efficienti e leggere, abbiamo semplicemente selezionato 3 versioni.<\/p>\n<p>Solo 36V, con 3 potenze: 250w (uso su strada), 350w o 500w (uso fuori strada).<\/p>\n<p>Questo tipo di potenza \u00e8 ampiamente sufficiente quando il motore \u00e8 ben messo a punto con curve di potenza ben ottimizzate, una potenza contenuta evita rotture della trasmissione come i corpi della catena o della cassetta, i mozzi&#8230;<\/p>\n<p><img decoding=\"async\" class=\"alignnone wp-image-42381\" src=\"https:\/\/www.lift-mtb.com\/wp-content\/uploads\/2022\/12\/250w.png\" alt=\"\" width=\"205\" height=\"205\" srcset=\"https:\/\/www.lift-mtb.com\/wp-content\/uploads\/2022\/12\/250w-66x66.png 66w, https:\/\/www.lift-mtb.com\/wp-content\/uploads\/2022\/12\/250w-150x150.png 150w, https:\/\/www.lift-mtb.com\/wp-content\/uploads\/2022\/12\/250w-200x200.png 200w, https:\/\/www.lift-mtb.com\/wp-content\/uploads\/2022\/12\/250w-300x300.png 300w, https:\/\/www.lift-mtb.com\/wp-content\/uploads\/2022\/12\/250w-400x400.png 400w, https:\/\/www.lift-mtb.com\/wp-content\/uploads\/2022\/12\/250w.png 500w\" sizes=\"(max-width: 205px) 100vw, 205px\" \/>       <img decoding=\"async\" class=\"alignnone wp-image-42386\" src=\"https:\/\/www.lift-mtb.com\/wp-content\/uploads\/2022\/12\/350w.png\" alt=\"\" width=\"246\" height=\"246\" srcset=\"https:\/\/www.lift-mtb.com\/wp-content\/uploads\/2022\/12\/350w-66x66.png 66w, https:\/\/www.lift-mtb.com\/wp-content\/uploads\/2022\/12\/350w-150x150.png 150w, https:\/\/www.lift-mtb.com\/wp-content\/uploads\/2022\/12\/350w-200x200.png 200w, https:\/\/www.lift-mtb.com\/wp-content\/uploads\/2022\/12\/350w-300x300.png 300w, https:\/\/www.lift-mtb.com\/wp-content\/uploads\/2022\/12\/350w-400x400.png 400w, https:\/\/www.lift-mtb.com\/wp-content\/uploads\/2022\/12\/350w.png 500w\" sizes=\"(max-width: 246px) 100vw, 246px\" \/>     <img decoding=\"async\" class=\"alignnone wp-image-42396\" src=\"https:\/\/www.lift-mtb.com\/wp-content\/uploads\/2022\/12\/500w.png\" alt=\"\" width=\"274\" height=\"274\" srcset=\"https:\/\/www.lift-mtb.com\/wp-content\/uploads\/2022\/12\/500w-66x66.png 66w, https:\/\/www.lift-mtb.com\/wp-content\/uploads\/2022\/12\/500w-150x150.png 150w, https:\/\/www.lift-mtb.com\/wp-content\/uploads\/2022\/12\/500w-200x200.png 200w, https:\/\/www.lift-mtb.com\/wp-content\/uploads\/2022\/12\/500w-300x300.png 300w, https:\/\/www.lift-mtb.com\/wp-content\/uploads\/2022\/12\/500w-400x400.png 400w, https:\/\/www.lift-mtb.com\/wp-content\/uploads\/2022\/12\/500w.png 500w\" sizes=\"(max-width: 274px) 100vw, 274px\" \/><\/p>\n<p>&nbsp;<\/p>\n<p style=\"text-align: center;\"><b>Non esitate a contattarci per ulteriori informazioni su come montare questo kit sulla vostra moto.<\/b><\/p>\n<p style=\"text-align: center;\">\n","protected":false},"excerpt":{"rendered":"<p><strong>Kit motore a pedale Bafang BBS :<\/strong><\/p>\n<p>1x Motore a <strong>pedale<\/strong> con :<\/p>\n<p>1x <strong>controllore<\/strong> 25A 36V<\/p>\n<p>1x Supporto per vassoio in alluminio a 4 gambe con vassoio da 38t di tipo <strong>narrow wide<\/strong><\/p>\n<p>(viene fornita anche la corona originale in acciaio da 44 denti)<\/p>\n<p>1x <strong>Sensore di pedalata<\/strong> (il motore si avvia <strong>automaticamente<\/strong> quando si pedala)<\/p>\n<p>1x <strong>Sensore<\/strong> <strong>di velocit\u00e0 <\/strong> (il motore smette di fornire assistenza oltre i 25 km\/h, a seconda dell&#8217;impostazione)<\/p>\n<p>1x <strong>Display<\/strong> da manubrio modello C965, con 9 curve di potenza, retroilluminazione<\/p>\n<p>1x Coppia di pedivelle con <strong>asse quadrato.<\/strong><\/p>\n<p><strong>1x acceleratore a grilletto per manubrio.<\/strong> (pu\u00f2 essere scollegato nella versione omologata al 100%)<\/p>\n<p>Riprogrammazione inclusa<\/p>\n<p>Batteria da 36 volt <strong>con cavo di prolunga e borsa di protezione della batteria in dotazione<\/strong>, a seconda dell&#8217;utilizzo (vedi tabella)<\/p>\n<p><strong>I modelli BAFANG 350w e 500w non sono approvati<\/strong><strong> <\/strong><strong>per l&#8217;uso su strade aperte.<\/strong><\/p>\n","protected":false},"featured_media":10871,"comment_status":"open","ping_status":"closed","template":"","meta":[],"product_brand":[],"product_cat":[824],"product_tag":[],"class_list":{"0":"post-11695","1":"product","2":"type-product","3":"status-publish","4":"has-post-thumbnail","6":"product_cat-altri-tipi-di-motorizzazione","8":"first","9":"instock","10":"taxable","11":"shipping-taxable","12":"purchasable","13":"product-type-variable"},"yoast_head":"<!-- This site is optimized with the Yoast SEO plugin v26.9 - https:\/\/yoast.com\/product\/yoast-seo-wordpress\/ -->\n<title>Kit motore a pedale cinese \/ Bafang - LIFT-MTB<\/title>\n<meta name=\"description\" content=\"Il kit motore per guarnitura BAFANG con modifiche di LIFT MTB, vi permette di avere un motore per bicicletta al giusto prezzo, pi\u00f9 affidabile e adattato alla vostra bicicletta.\" \/>\n<meta name=\"robots\" content=\"index, follow, max-snippet:-1, max-image-preview:large, max-video-preview:-1\" \/>\n<link rel=\"canonical\" href=\"https:\/\/www.lift-mtb.com\/it\/produit\/kit-motore-pedale-cinese-bafang\/\" \/>\n<meta property=\"og:locale\" content=\"it_IT\" \/>\n<meta property=\"og:type\" content=\"article\" \/>\n<meta property=\"og:title\" content=\"Kit motore a pedale cinese \/ Bafang - LIFT-MTB\" \/>\n<meta property=\"og:description\" content=\"Il kit motore per guarnitura BAFANG con modifiche di LIFT MTB, vi permette di avere un motore per bicicletta al giusto prezzo, pi\u00f9 affidabile e adattato alla vostra bicicletta.\" \/>\n<meta property=\"og:url\" content=\"https:\/\/www.lift-mtb.com\/it\/produit\/kit-motore-pedale-cinese-bafang\/\" \/>\n<meta property=\"og:site_name\" content=\"LIFT-MTB\" \/>\n<meta property=\"article:modified_time\" content=\"2023-02-23T22:53:58+00:00\" \/>\n<meta property=\"og:image\" content=\"https:\/\/www.lift-mtb.com\/wp-content\/uploads\/2022\/05\/bafang-vtt-1-sur-1-scaled.jpg\" \/>\n\t<meta property=\"og:image:width\" content=\"2200\" \/>\n\t<meta property=\"og:image:height\" content=\"1457\" \/>\n\t<meta property=\"og:image:type\" content=\"image\/jpeg\" \/>\n<meta name=\"twitter:card\" content=\"summary_large_image\" \/>\n<meta name=\"twitter:label1\" content=\"Tempo di lettura stimato\" \/>\n\t<meta name=\"twitter:data1\" content=\"2 minuti\" \/>\n<script type=\"application\/ld+json\" class=\"yoast-schema-graph\">{\"@context\":\"https:\/\/schema.org\",\"@graph\":[{\"@type\":\"WebPage\",\"@id\":\"https:\/\/www.lift-mtb.com\/it\/produit\/kit-motore-pedale-cinese-bafang\/\",\"url\":\"https:\/\/www.lift-mtb.com\/it\/produit\/kit-motore-pedale-cinese-bafang\/\",\"name\":\"Kit motore a pedale cinese \/ Bafang - LIFT-MTB\",\"isPartOf\":{\"@id\":\"https:\/\/www.lift-mtb.com\/it\/#website\"},\"primaryImageOfPage\":{\"@id\":\"https:\/\/www.lift-mtb.com\/it\/produit\/kit-motore-pedale-cinese-bafang\/#primaryimage\"},\"image\":{\"@id\":\"https:\/\/www.lift-mtb.com\/it\/produit\/kit-motore-pedale-cinese-bafang\/#primaryimage\"},\"thumbnailUrl\":\"https:\/\/www.lift-mtb.com\/wp-content\/uploads\/2022\/05\/bafang-vtt-1-sur-1-scaled.jpg\",\"datePublished\":\"2022-05-04T13:36:55+00:00\",\"dateModified\":\"2023-02-23T22:53:58+00:00\",\"description\":\"Il kit motore per guarnitura BAFANG con modifiche di LIFT MTB, vi permette di avere un motore per bicicletta al giusto prezzo, pi\u00f9 affidabile e adattato alla vostra bicicletta.\",\"breadcrumb\":{\"@id\":\"https:\/\/www.lift-mtb.com\/it\/produit\/kit-motore-pedale-cinese-bafang\/#breadcrumb\"},\"inLanguage\":\"it-IT\",\"potentialAction\":[{\"@type\":\"ReadAction\",\"target\":[\"https:\/\/www.lift-mtb.com\/it\/produit\/kit-motore-pedale-cinese-bafang\/\"]}]},{\"@type\":\"ImageObject\",\"inLanguage\":\"it-IT\",\"@id\":\"https:\/\/www.lift-mtb.com\/it\/produit\/kit-motore-pedale-cinese-bafang\/#primaryimage\",\"url\":\"https:\/\/www.lift-mtb.com\/wp-content\/uploads\/2022\/05\/bafang-vtt-1-sur-1-scaled.jpg\",\"contentUrl\":\"https:\/\/www.lift-mtb.com\/wp-content\/uploads\/2022\/05\/bafang-vtt-1-sur-1-scaled.jpg\",\"width\":2200,\"height\":1457,\"caption\":\"Motore a pedali Bafang per convertire la bicicletta in elettrica\"},{\"@type\":\"BreadcrumbList\",\"@id\":\"https:\/\/www.lift-mtb.com\/it\/produit\/kit-motore-pedale-cinese-bafang\/#breadcrumb\",\"itemListElement\":[{\"@type\":\"ListItem\",\"position\":1,\"name\":\"Accueil\",\"item\":\"https:\/\/www.lift-mtb.com\/it\/\"},{\"@type\":\"ListItem\",\"position\":2,\"name\":\"Negozio\",\"item\":\"https:\/\/www.lift-mtb.com\/it\/negozio\/\"},{\"@type\":\"ListItem\",\"position\":3,\"name\":\"Altri tipi di motorizzazione\",\"item\":\"https:\/\/www.lift-mtb.com\/it\/categoria-di-prodotto\/altri-tipi-di-motorizzazione\/\"},{\"@type\":\"ListItem\",\"position\":4,\"name\":\"Kit motore a pedale cinese \/ Bafang\"}]},{\"@type\":\"WebSite\",\"@id\":\"https:\/\/www.lift-mtb.com\/it\/#website\",\"url\":\"https:\/\/www.lift-mtb.com\/it\/\",\"name\":\"LIFT-MTB\",\"description\":\"Transformer son v\u00e9lo en \u00e9lectrique rapidement !\",\"publisher\":{\"@id\":\"https:\/\/www.lift-mtb.com\/it\/#organization\"},\"potentialAction\":[{\"@type\":\"SearchAction\",\"target\":{\"@type\":\"EntryPoint\",\"urlTemplate\":\"https:\/\/www.lift-mtb.com\/it\/?s={search_term_string}\"},\"query-input\":{\"@type\":\"PropertyValueSpecification\",\"valueRequired\":true,\"valueName\":\"search_term_string\"}}],\"inLanguage\":\"it-IT\"},{\"@type\":\"Organization\",\"@id\":\"https:\/\/www.lift-mtb.com\/it\/#organization\",\"name\":\"LIFT-MTB\",\"url\":\"https:\/\/www.lift-mtb.com\/it\/\",\"logo\":{\"@type\":\"ImageObject\",\"inLanguage\":\"it-IT\",\"@id\":\"https:\/\/www.lift-mtb.com\/it\/#\/schema\/logo\/image\/\",\"url\":\"https:\/\/www.lift-mtb.com\/wp-content\/uploads\/2022\/01\/electric-kit-for-bike-1.jpg\",\"contentUrl\":\"https:\/\/www.lift-mtb.com\/wp-content\/uploads\/2022\/01\/electric-kit-for-bike-1.jpg\",\"width\":1223,\"height\":560,\"caption\":\"LIFT-MTB\"},\"image\":{\"@id\":\"https:\/\/www.lift-mtb.com\/it\/#\/schema\/logo\/image\/\"}}]}<\/script>\n<!-- \/ Yoast SEO plugin. -->","yoast_head_json":{"title":"Kit motore a pedale cinese \/ Bafang - LIFT-MTB","description":"Il kit motore per guarnitura BAFANG con modifiche di LIFT MTB, vi permette di avere un motore per bicicletta al giusto prezzo, pi\u00f9 affidabile e adattato alla vostra bicicletta.","robots":{"index":"index","follow":"follow","max-snippet":"max-snippet:-1","max-image-preview":"max-image-preview:large","max-video-preview":"max-video-preview:-1"},"canonical":"https:\/\/www.lift-mtb.com\/it\/produit\/kit-motore-pedale-cinese-bafang\/","og_locale":"it_IT","og_type":"article","og_title":"Kit motore a pedale cinese \/ Bafang - LIFT-MTB","og_description":"Il kit motore per guarnitura BAFANG con modifiche di LIFT MTB, vi permette di avere un motore per bicicletta al giusto prezzo, pi\u00f9 affidabile e adattato alla vostra bicicletta.","og_url":"https:\/\/www.lift-mtb.com\/it\/produit\/kit-motore-pedale-cinese-bafang\/","og_site_name":"LIFT-MTB","article_modified_time":"2023-02-23T22:53:58+00:00","og_image":[{"width":2200,"height":1457,"url":"https:\/\/www.lift-mtb.com\/wp-content\/uploads\/2022\/05\/bafang-vtt-1-sur-1-scaled.jpg","type":"image\/jpeg"}],"twitter_card":"summary_large_image","twitter_misc":{"Tempo di lettura stimato":"2 minuti"},"schema":{"@context":"https:\/\/schema.org","@graph":[{"@type":"WebPage","@id":"https:\/\/www.lift-mtb.com\/it\/produit\/kit-motore-pedale-cinese-bafang\/","url":"https:\/\/www.lift-mtb.com\/it\/produit\/kit-motore-pedale-cinese-bafang\/","name":"Kit motore a pedale cinese \/ Bafang - LIFT-MTB","isPartOf":{"@id":"https:\/\/www.lift-mtb.com\/it\/#website"},"primaryImageOfPage":{"@id":"https:\/\/www.lift-mtb.com\/it\/produit\/kit-motore-pedale-cinese-bafang\/#primaryimage"},"image":{"@id":"https:\/\/www.lift-mtb.com\/it\/produit\/kit-motore-pedale-cinese-bafang\/#primaryimage"},"thumbnailUrl":"https:\/\/www.lift-mtb.com\/wp-content\/uploads\/2022\/05\/bafang-vtt-1-sur-1-scaled.jpg","datePublished":"2022-05-04T13:36:55+00:00","dateModified":"2023-02-23T22:53:58+00:00","description":"Il kit motore per guarnitura BAFANG con modifiche di LIFT MTB, vi permette di avere un motore per bicicletta al giusto prezzo, pi\u00f9 affidabile e adattato alla vostra bicicletta.","breadcrumb":{"@id":"https:\/\/www.lift-mtb.com\/it\/produit\/kit-motore-pedale-cinese-bafang\/#breadcrumb"},"inLanguage":"it-IT","potentialAction":[{"@type":"ReadAction","target":["https:\/\/www.lift-mtb.com\/it\/produit\/kit-motore-pedale-cinese-bafang\/"]}]},{"@type":"ImageObject","inLanguage":"it-IT","@id":"https:\/\/www.lift-mtb.com\/it\/produit\/kit-motore-pedale-cinese-bafang\/#primaryimage","url":"https:\/\/www.lift-mtb.com\/wp-content\/uploads\/2022\/05\/bafang-vtt-1-sur-1-scaled.jpg","contentUrl":"https:\/\/www.lift-mtb.com\/wp-content\/uploads\/2022\/05\/bafang-vtt-1-sur-1-scaled.jpg","width":2200,"height":1457,"caption":"Motore a pedali Bafang per convertire la bicicletta in elettrica"},{"@type":"BreadcrumbList","@id":"https:\/\/www.lift-mtb.com\/it\/produit\/kit-motore-pedale-cinese-bafang\/#breadcrumb","itemListElement":[{"@type":"ListItem","position":1,"name":"Accueil","item":"https:\/\/www.lift-mtb.com\/it\/"},{"@type":"ListItem","position":2,"name":"Negozio","item":"https:\/\/www.lift-mtb.com\/it\/negozio\/"},{"@type":"ListItem","position":3,"name":"Altri tipi di motorizzazione","item":"https:\/\/www.lift-mtb.com\/it\/categoria-di-prodotto\/altri-tipi-di-motorizzazione\/"},{"@type":"ListItem","position":4,"name":"Kit motore a pedale cinese \/ Bafang"}]},{"@type":"WebSite","@id":"https:\/\/www.lift-mtb.com\/it\/#website","url":"https:\/\/www.lift-mtb.com\/it\/","name":"LIFT-MTB","description":"Transformer son v\u00e9lo en \u00e9lectrique rapidement !","publisher":{"@id":"https:\/\/www.lift-mtb.com\/it\/#organization"},"potentialAction":[{"@type":"SearchAction","target":{"@type":"EntryPoint","urlTemplate":"https:\/\/www.lift-mtb.com\/it\/?s={search_term_string}"},"query-input":{"@type":"PropertyValueSpecification","valueRequired":true,"valueName":"search_term_string"}}],"inLanguage":"it-IT"},{"@type":"Organization","@id":"https:\/\/www.lift-mtb.com\/it\/#organization","name":"LIFT-MTB","url":"https:\/\/www.lift-mtb.com\/it\/","logo":{"@type":"ImageObject","inLanguage":"it-IT","@id":"https:\/\/www.lift-mtb.com\/it\/#\/schema\/logo\/image\/","url":"https:\/\/www.lift-mtb.com\/wp-content\/uploads\/2022\/01\/electric-kit-for-bike-1.jpg","contentUrl":"https:\/\/www.lift-mtb.com\/wp-content\/uploads\/2022\/01\/electric-kit-for-bike-1.jpg","width":1223,"height":560,"caption":"LIFT-MTB"},"image":{"@id":"https:\/\/www.lift-mtb.com\/it\/#\/schema\/logo\/image\/"}}]}},"_links":{"self":[{"href":"https:\/\/www.lift-mtb.com\/it\/wp-json\/wp\/v2\/product\/11695","targetHints":{"allow":["GET"]}}],"collection":[{"href":"https:\/\/www.lift-mtb.com\/it\/wp-json\/wp\/v2\/product"}],"about":[{"href":"https:\/\/www.lift-mtb.com\/it\/wp-json\/wp\/v2\/types\/product"}],"replies":[{"embeddable":true,"href":"https:\/\/www.lift-mtb.com\/it\/wp-json\/wp\/v2\/comments?post=11695"}],"wp:featuredmedia":[{"embeddable":true,"href":"https:\/\/www.lift-mtb.com\/it\/wp-json\/wp\/v2\/media\/10871"}],"wp:attachment":[{"href":"https:\/\/www.lift-mtb.com\/it\/wp-json\/wp\/v2\/media?parent=11695"}],"wp:term":[{"taxonomy":"product_brand","embeddable":true,"href":"https:\/\/www.lift-mtb.com\/it\/wp-json\/wp\/v2\/product_brand?post=11695"},{"taxonomy":"product_cat","embeddable":true,"href":"https:\/\/www.lift-mtb.com\/it\/wp-json\/wp\/v2\/product_cat?post=11695"},{"taxonomy":"product_tag","embeddable":true,"href":"https:\/\/www.lift-mtb.com\/it\/wp-json\/wp\/v2\/product_tag?post=11695"}],"curies":[{"name":"wp","href":"https:\/\/api.w.org\/{rel}","templated":true}]}}