{"id":36220,"date":"2022-08-27T12:05:24","date_gmt":"2022-08-27T10:05:24","guid":{"rendered":"https:\/?post_type=product&#038;p=36220"},"modified":"2023-02-23T23:45:08","modified_gmt":"2023-02-23T22:45:08","slug":"moteur-bafang-bbs02-500w","status":"publish","type":"product","link":"https:\/\/www.lift-mtb.com\/it\/produit\/moteur-bafang-bbs02-500w\/","title":{"rendered":"Motore Bafang BBS02 &#8211; 500W"},"content":{"rendered":"<h4>Presentazione Bafang BBS02 &#8211; 500W<\/h4>\n<p>Il motore Lift MTB \u00e8 una scelta eccezionale per gli utenti che cercano prestazioni ottimali su terreni difficili.<\/p>\n<p>Progettato specificamente per le moto fuoristrada. Offre una maggiore versatilit\u00e0 rispetto al BBS bafang, che \u00e8 pi\u00f9 un motore da city bike.<\/p>\n<p>Il motore elettrico Bafang BBS \u00e8 un motore potente ed efficiente utilizzato in molte biciclette elettriche.<\/p>\n<p>Progettato dall&#8217;azienda cinese Bafang per offrire prestazioni ottimali nell&#8217;uso urbano.<\/p>\n<p>Per chi vuole percorrere facilmente distanze pi\u00f9 lunghe con le city bike.<\/p>\n<p>Il motore Bafang by LIFT MTB presenta diverse modifiche rispetto alla versione standard.<\/p>\n<p>L&#8217;obiettivo \u00e8 quello di renderlo pi\u00f9 affidabile e di evitare problemi di affidabilit\u00e0 ricorrenti:<\/p>\n<p><a href=\"https:\/bafang-ou-lift-mtb\/\">Ecco un articolo completo che descrive le differenze con il motore LIFT MTB e una recensione BAFANG con i punti di affidabilit\u00e0 da tenere d&#8217;occhio sul bafang bbs<\/a><\/p>\n<p>Il motore BBS \u00e8 disponibile nelle versioni da 250w (versione omologata), 350w e addirittura con una potenza massima di 500 watt.<\/p>\n<p>Per avere una maggiore affidabilit\u00e0, iniziamo con un modello da 500w.<\/p>\n<p>Lo installiamo presso la nostra sede, in base ai vostri desideri e alle vostre esigenze in termini di potenza.<\/p>\n<p>Questo \u00e8 stato fatto per avere l&#8217;avvolgimento pi\u00f9 grande e per guadagnare in affidabilit\u00e0.<\/p>\n<h4>Specifiche del motore<\/h4>\n<p>\u00c8 quindi adatto a scalare ripide colline e a percorrere piste ciclabili a ritmo sostenuto per lunghe distanze, senza dover cambiare bicicletta.<\/p>\n<p>Il bafang fornisce una coppia elevata, che consente un avvio rapido e una velocit\u00e0 media elevata.<\/p>\n<p>Il motore Bafang ha molte caratteristiche. Ad esempio, diversi livelli di assistenza per adattarsi alle diverse pendenze o al ritmo che si desidera mantenere.<\/p>\n<p>Riprogrammeremo la velocit\u00e0 massima in base alla programmazione desiderata.<\/p>\n<p>Per essere conforme all&#8217;uso stradale, la velocit\u00e0 sar\u00e0 limitata a 25 Km\/h e la potenza a 250w.<\/p>\n<p>cio\u00e8 \u00e8 dotato di un display LCD che visualizza la velocit\u00e0, la distanza percorsa, la modalit\u00e0 di alimentazione selezionata e lo stato della batteria.<\/p>\n<p>Il motore BAFANG \u00e8 facile da installare su quasi tutti i tipi di biciclette da citt\u00e0 dotate di alloggiamento di tipo BSA. Non \u00e8 compatibile con i telai BB92.<\/p>\n<p>Inoltre, il suo design compatto e leggero preserva l&#8217;estetica della moto, senza compromettere le prestazioni del motore.<\/p>\n<p>In conclusione, il motore elettrico Bafang BBS \u00e8 un motore a pedali ideale per la conversione delle city bike.<\/p>\n<p>una soluzione pratica ed economica per convertire una bici classica in una bici elettrica senza acquistare una bici elettrica completa.<\/p>\n<p>Con la sua coppia potente ed elevata, offre un aiuto supplementare per le lunghe distanze e le salite difficili.<\/p>\n<p>Quindi, mantenendo un look elegante e prestazioni ottimali.<\/p>\n<p>&nbsp;<\/p>\n<p>&nbsp;<\/p>\n","protected":false},"excerpt":{"rendered":"<p><strong>Kit motore guarnitura Bafang BBS con modifica LIFT MTB :<\/strong><\/p>\n<p>1x Motore a <strong>pedale<\/strong> con :<\/p>\n<p>1x <strong>controllore<\/strong> 25A 36V<\/p>\n<p>1x Supporto per vassoio in alluminio a 4 gambe con vassoio da 38t di tipo <strong>narrow wide<\/strong><\/p>\n<p>(viene fornita anche la corona originale in acciaio da 44 denti)<\/p>\n<p>1x <strong>Sensore di pedalata<\/strong> (il motore si avvia <strong>automaticamente<\/strong> quando si pedala)<\/p>\n<p>1x <strong>Sonde<\/strong> de <strong>vitesse <\/strong> (le moteur arr\u00eate de fournir une aide l&#8217;assistance au del\u00e0 de 25km\/h)<\/p>\n<p>1x <strong>Display da manubrio<\/strong> modello C965, con 5 curve di potenza, retroilluminazione<\/p>\n<p>1x Coppia di pedivelle con <strong>asse quadrato.<\/strong><\/p>\n<p><strong>1x acceleratore a grilletto per manubrio.<\/strong> (pu\u00f2 essere scollegato nella versione omologata al 100%)<\/p>\n<p>Riprogrammazione inclusa<\/p>\n<p>Batteria da 36 volt da scegliere in base all&#8217;utilizzo (vedi tabella)<\/p>\n<p>&nbsp;<\/p>\n<p><strong>Il modello BAFANG 350w e 500w non \u00e8 approvato<\/strong><strong> <\/strong><\/p>\n<p><strong>per l&#8217;uso su strade aperte.<\/strong><\/p>\n","protected":false},"featured_media":10871,"comment_status":"open","ping_status":"closed","template":"","meta":[],"product_brand":[],"product_cat":[824],"product_tag":[],"class_list":{"0":"post-36220","1":"product","2":"type-product","3":"status-publish","4":"has-post-thumbnail","6":"product_cat-altri-tipi-di-motorizzazione","8":"first","9":"instock","10":"taxable","11":"shipping-taxable","12":"purchasable","13":"product-type-simple"},"yoast_head":"<!-- This site is optimized with the Yoast SEO plugin v26.9 - https:\/\/yoast.com\/product\/yoast-seo-wordpress\/ -->\n<title>motore bafang 500w - LIFT-MTB<\/title>\n<meta name=\"description\" content=\"Con 500 watt di potenza e tecnologia brushless, il motore Bafang da 500 W offre le prestazioni ideali per i vostri viaggi.\" \/>\n<meta name=\"robots\" content=\"index, follow, max-snippet:-1, max-image-preview:large, max-video-preview:-1\" \/>\n<link rel=\"canonical\" href=\"https:\/\/www.lift-mtb.com\/it\/produit\/moteur-bafang-bbs02-500w\/\" \/>\n<meta property=\"og:locale\" content=\"it_IT\" \/>\n<meta property=\"og:type\" content=\"article\" \/>\n<meta property=\"og:title\" content=\"motore bafang 500w - LIFT-MTB\" \/>\n<meta property=\"og:description\" content=\"Con 500 watt di potenza e tecnologia brushless, il motore Bafang da 500 W offre le prestazioni ideali per i vostri viaggi.\" \/>\n<meta property=\"og:url\" content=\"https:\/\/www.lift-mtb.com\/it\/produit\/moteur-bafang-bbs02-500w\/\" \/>\n<meta property=\"og:site_name\" content=\"LIFT-MTB\" \/>\n<meta property=\"article:modified_time\" content=\"2023-02-23T22:45:08+00:00\" \/>\n<meta property=\"og:image\" content=\"https:\/\/www.lift-mtb.com\/wp-content\/uploads\/2022\/05\/bafang-vtt-1-sur-1-scaled.jpg\" \/>\n\t<meta property=\"og:image:width\" content=\"2200\" \/>\n\t<meta property=\"og:image:height\" content=\"1457\" \/>\n\t<meta property=\"og:image:type\" content=\"image\/jpeg\" \/>\n<meta name=\"twitter:card\" content=\"summary_large_image\" \/>\n<meta name=\"twitter:label1\" content=\"Tempo di lettura stimato\" \/>\n\t<meta name=\"twitter:data1\" content=\"1 minuto\" \/>\n<script type=\"application\/ld+json\" class=\"yoast-schema-graph\">{\"@context\":\"https:\/\/schema.org\",\"@graph\":[{\"@type\":\"WebPage\",\"@id\":\"https:\/\/www.lift-mtb.com\/it\/produit\/moteur-bafang-bbs02-500w\/\",\"url\":\"https:\/\/www.lift-mtb.com\/it\/produit\/moteur-bafang-bbs02-500w\/\",\"name\":\"motore bafang 500w - LIFT-MTB\",\"isPartOf\":{\"@id\":\"https:\/\/www.lift-mtb.com\/it\/#website\"},\"primaryImageOfPage\":{\"@id\":\"https:\/\/www.lift-mtb.com\/it\/produit\/moteur-bafang-bbs02-500w\/#primaryimage\"},\"image\":{\"@id\":\"https:\/\/www.lift-mtb.com\/it\/produit\/moteur-bafang-bbs02-500w\/#primaryimage\"},\"thumbnailUrl\":\"https:\/\/www.lift-mtb.com\/wp-content\/uploads\/2022\/05\/bafang-vtt-1-sur-1-scaled.jpg\",\"datePublished\":\"2022-08-27T10:05:24+00:00\",\"dateModified\":\"2023-02-23T22:45:08+00:00\",\"description\":\"Con 500 watt di potenza e tecnologia brushless, il motore Bafang da 500 W offre le prestazioni ideali per i vostri viaggi.\",\"breadcrumb\":{\"@id\":\"https:\/\/www.lift-mtb.com\/it\/produit\/moteur-bafang-bbs02-500w\/#breadcrumb\"},\"inLanguage\":\"it-IT\",\"potentialAction\":[{\"@type\":\"ReadAction\",\"target\":[\"https:\/\/www.lift-mtb.com\/it\/produit\/moteur-bafang-bbs02-500w\/\"]}]},{\"@type\":\"ImageObject\",\"inLanguage\":\"it-IT\",\"@id\":\"https:\/\/www.lift-mtb.com\/it\/produit\/moteur-bafang-bbs02-500w\/#primaryimage\",\"url\":\"https:\/\/www.lift-mtb.com\/wp-content\/uploads\/2022\/05\/bafang-vtt-1-sur-1-scaled.jpg\",\"contentUrl\":\"https:\/\/www.lift-mtb.com\/wp-content\/uploads\/2022\/05\/bafang-vtt-1-sur-1-scaled.jpg\",\"width\":2200,\"height\":1457,\"caption\":\"Motore a pedali Bafang per convertire la bicicletta in elettrica\"},{\"@type\":\"BreadcrumbList\",\"@id\":\"https:\/\/www.lift-mtb.com\/it\/produit\/moteur-bafang-bbs02-500w\/#breadcrumb\",\"itemListElement\":[{\"@type\":\"ListItem\",\"position\":1,\"name\":\"Accueil\",\"item\":\"https:\/\/www.lift-mtb.com\/it\/\"},{\"@type\":\"ListItem\",\"position\":2,\"name\":\"Negozio\",\"item\":\"https:\/\/www.lift-mtb.com\/it\/negozio\/\"},{\"@type\":\"ListItem\",\"position\":3,\"name\":\"Altri tipi di motorizzazione\",\"item\":\"https:\/\/www.lift-mtb.com\/it\/categoria-di-prodotto\/altri-tipi-di-motorizzazione\/\"},{\"@type\":\"ListItem\",\"position\":4,\"name\":\"Motore Bafang BBS02 &#8211; 500W\"}]},{\"@type\":\"WebSite\",\"@id\":\"https:\/\/www.lift-mtb.com\/it\/#website\",\"url\":\"https:\/\/www.lift-mtb.com\/it\/\",\"name\":\"LIFT-MTB\",\"description\":\"Transformer son v\u00e9lo en \u00e9lectrique rapidement !\",\"publisher\":{\"@id\":\"https:\/\/www.lift-mtb.com\/it\/#organization\"},\"potentialAction\":[{\"@type\":\"SearchAction\",\"target\":{\"@type\":\"EntryPoint\",\"urlTemplate\":\"https:\/\/www.lift-mtb.com\/it\/?s={search_term_string}\"},\"query-input\":{\"@type\":\"PropertyValueSpecification\",\"valueRequired\":true,\"valueName\":\"search_term_string\"}}],\"inLanguage\":\"it-IT\"},{\"@type\":\"Organization\",\"@id\":\"https:\/\/www.lift-mtb.com\/it\/#organization\",\"name\":\"LIFT-MTB\",\"url\":\"https:\/\/www.lift-mtb.com\/it\/\",\"logo\":{\"@type\":\"ImageObject\",\"inLanguage\":\"it-IT\",\"@id\":\"https:\/\/www.lift-mtb.com\/it\/#\/schema\/logo\/image\/\",\"url\":\"https:\/\/www.lift-mtb.com\/wp-content\/uploads\/2022\/01\/electric-kit-for-bike-1.jpg\",\"contentUrl\":\"https:\/\/www.lift-mtb.com\/wp-content\/uploads\/2022\/01\/electric-kit-for-bike-1.jpg\",\"width\":1223,\"height\":560,\"caption\":\"LIFT-MTB\"},\"image\":{\"@id\":\"https:\/\/www.lift-mtb.com\/it\/#\/schema\/logo\/image\/\"}}]}<\/script>\n<!-- \/ Yoast SEO plugin. -->","yoast_head_json":{"title":"motore bafang 500w - LIFT-MTB","description":"Con 500 watt di potenza e tecnologia brushless, il motore Bafang da 500 W offre le prestazioni ideali per i vostri viaggi.","robots":{"index":"index","follow":"follow","max-snippet":"max-snippet:-1","max-image-preview":"max-image-preview:large","max-video-preview":"max-video-preview:-1"},"canonical":"https:\/\/www.lift-mtb.com\/it\/produit\/moteur-bafang-bbs02-500w\/","og_locale":"it_IT","og_type":"article","og_title":"motore bafang 500w - LIFT-MTB","og_description":"Con 500 watt di potenza e tecnologia brushless, il motore Bafang da 500 W offre le prestazioni ideali per i vostri viaggi.","og_url":"https:\/\/www.lift-mtb.com\/it\/produit\/moteur-bafang-bbs02-500w\/","og_site_name":"LIFT-MTB","article_modified_time":"2023-02-23T22:45:08+00:00","og_image":[{"width":2200,"height":1457,"url":"https:\/\/www.lift-mtb.com\/wp-content\/uploads\/2022\/05\/bafang-vtt-1-sur-1-scaled.jpg","type":"image\/jpeg"}],"twitter_card":"summary_large_image","twitter_misc":{"Tempo di lettura stimato":"1 minuto"},"schema":{"@context":"https:\/\/schema.org","@graph":[{"@type":"WebPage","@id":"https:\/\/www.lift-mtb.com\/it\/produit\/moteur-bafang-bbs02-500w\/","url":"https:\/\/www.lift-mtb.com\/it\/produit\/moteur-bafang-bbs02-500w\/","name":"motore bafang 500w - LIFT-MTB","isPartOf":{"@id":"https:\/\/www.lift-mtb.com\/it\/#website"},"primaryImageOfPage":{"@id":"https:\/\/www.lift-mtb.com\/it\/produit\/moteur-bafang-bbs02-500w\/#primaryimage"},"image":{"@id":"https:\/\/www.lift-mtb.com\/it\/produit\/moteur-bafang-bbs02-500w\/#primaryimage"},"thumbnailUrl":"https:\/\/www.lift-mtb.com\/wp-content\/uploads\/2022\/05\/bafang-vtt-1-sur-1-scaled.jpg","datePublished":"2022-08-27T10:05:24+00:00","dateModified":"2023-02-23T22:45:08+00:00","description":"Con 500 watt di potenza e tecnologia brushless, il motore Bafang da 500 W offre le prestazioni ideali per i vostri viaggi.","breadcrumb":{"@id":"https:\/\/www.lift-mtb.com\/it\/produit\/moteur-bafang-bbs02-500w\/#breadcrumb"},"inLanguage":"it-IT","potentialAction":[{"@type":"ReadAction","target":["https:\/\/www.lift-mtb.com\/it\/produit\/moteur-bafang-bbs02-500w\/"]}]},{"@type":"ImageObject","inLanguage":"it-IT","@id":"https:\/\/www.lift-mtb.com\/it\/produit\/moteur-bafang-bbs02-500w\/#primaryimage","url":"https:\/\/www.lift-mtb.com\/wp-content\/uploads\/2022\/05\/bafang-vtt-1-sur-1-scaled.jpg","contentUrl":"https:\/\/www.lift-mtb.com\/wp-content\/uploads\/2022\/05\/bafang-vtt-1-sur-1-scaled.jpg","width":2200,"height":1457,"caption":"Motore a pedali Bafang per convertire la bicicletta in elettrica"},{"@type":"BreadcrumbList","@id":"https:\/\/www.lift-mtb.com\/it\/produit\/moteur-bafang-bbs02-500w\/#breadcrumb","itemListElement":[{"@type":"ListItem","position":1,"name":"Accueil","item":"https:\/\/www.lift-mtb.com\/it\/"},{"@type":"ListItem","position":2,"name":"Negozio","item":"https:\/\/www.lift-mtb.com\/it\/negozio\/"},{"@type":"ListItem","position":3,"name":"Altri tipi di motorizzazione","item":"https:\/\/www.lift-mtb.com\/it\/categoria-di-prodotto\/altri-tipi-di-motorizzazione\/"},{"@type":"ListItem","position":4,"name":"Motore Bafang BBS02 &#8211; 500W"}]},{"@type":"WebSite","@id":"https:\/\/www.lift-mtb.com\/it\/#website","url":"https:\/\/www.lift-mtb.com\/it\/","name":"LIFT-MTB","description":"Transformer son v\u00e9lo en \u00e9lectrique rapidement !","publisher":{"@id":"https:\/\/www.lift-mtb.com\/it\/#organization"},"potentialAction":[{"@type":"SearchAction","target":{"@type":"EntryPoint","urlTemplate":"https:\/\/www.lift-mtb.com\/it\/?s={search_term_string}"},"query-input":{"@type":"PropertyValueSpecification","valueRequired":true,"valueName":"search_term_string"}}],"inLanguage":"it-IT"},{"@type":"Organization","@id":"https:\/\/www.lift-mtb.com\/it\/#organization","name":"LIFT-MTB","url":"https:\/\/www.lift-mtb.com\/it\/","logo":{"@type":"ImageObject","inLanguage":"it-IT","@id":"https:\/\/www.lift-mtb.com\/it\/#\/schema\/logo\/image\/","url":"https:\/\/www.lift-mtb.com\/wp-content\/uploads\/2022\/01\/electric-kit-for-bike-1.jpg","contentUrl":"https:\/\/www.lift-mtb.com\/wp-content\/uploads\/2022\/01\/electric-kit-for-bike-1.jpg","width":1223,"height":560,"caption":"LIFT-MTB"},"image":{"@id":"https:\/\/www.lift-mtb.com\/it\/#\/schema\/logo\/image\/"}}]}},"_links":{"self":[{"href":"https:\/\/www.lift-mtb.com\/it\/wp-json\/wp\/v2\/product\/36220","targetHints":{"allow":["GET"]}}],"collection":[{"href":"https:\/\/www.lift-mtb.com\/it\/wp-json\/wp\/v2\/product"}],"about":[{"href":"https:\/\/www.lift-mtb.com\/it\/wp-json\/wp\/v2\/types\/product"}],"replies":[{"embeddable":true,"href":"https:\/\/www.lift-mtb.com\/it\/wp-json\/wp\/v2\/comments?post=36220"}],"wp:featuredmedia":[{"embeddable":true,"href":"https:\/\/www.lift-mtb.com\/it\/wp-json\/wp\/v2\/media\/10871"}],"wp:attachment":[{"href":"https:\/\/www.lift-mtb.com\/it\/wp-json\/wp\/v2\/media?parent=36220"}],"wp:term":[{"taxonomy":"product_brand","embeddable":true,"href":"https:\/\/www.lift-mtb.com\/it\/wp-json\/wp\/v2\/product_brand?post=36220"},{"taxonomy":"product_cat","embeddable":true,"href":"https:\/\/www.lift-mtb.com\/it\/wp-json\/wp\/v2\/product_cat?post=36220"},{"taxonomy":"product_tag","embeddable":true,"href":"https:\/\/www.lift-mtb.com\/it\/wp-json\/wp\/v2\/product_tag?post=36220"}],"curies":[{"name":"wp","href":"https:\/\/api.w.org\/{rel}","templated":true}]}}