{"id":39064,"date":"2022-08-27T12:00:53","date_gmt":"2022-08-27T10:00:53","guid":{"rendered":"https:\/produit\/motore-ruota\/"},"modified":"2023-02-23T23:44:04","modified_gmt":"2023-02-23T22:44:04","slug":"motore-elettrico-ruota-della-bicicletta","status":"publish","type":"product","link":"https:\/\/www.lift-mtb.com\/it\/produit\/motore-elettrico-ruota-della-bicicletta\/","title":{"rendered":"Motore ruota"},"content":{"rendered":"<p><strong>Motore elettrico per biciclette<\/strong>.<\/p>\n<p>Storicamente, LIFT-MTB \u00e8 un <strong>produttore di motori elettrici per guarniture di biciclette<\/strong>.<\/p>\n<p>In effetti, i motori per guarnitura rimangono la soluzione migliore per l&#8217;utilizzo in Mountain bikes.<\/p>\n<p>Il motore a pedale consente di ottenere pi\u00f9 coppia, meno peso e un consumo di carburante molto ridotto, oltre a una migliore distribuzione dei pesi.<\/p>\n<p>Tuttavia, vendiamo anche <a href=\"https:\/\/www.youtube.com\/watch?v=wpv1ITOgJ1A&amp;t=5s\"><strong>motori nella ruota posteriore<\/strong><\/a> per soddisfare le esigenze di tutti!<\/p>\n<p>Questo tipo di motore elettrico per ruota ha il vantaggio di essere <strong>molto competitivo in termini di prezzo,<\/strong> \u00e8 adatto a city bike, Bici ibrida (mountain bike), tricicli&#8230;<\/p>\n<p>Compatibile anche con alcune Mountain bikes per l&#8217;utilizzo su un percorso ma con un piccolo dislivello, senza alcuna nozione di prestazioni, senza cercare di risparmiare peso, o cercare una coppia elevata per salire su sentieri ripidi, in breve, un motore a ruota per una bicicletta \u00e8 per l&#8217;utilizzo su un percorso &#8220;all-terrain&#8221; piuttosto che &#8220;off-road&#8221;.<\/p>\n<p style=\"text-align: center;\"><a href=\"https:\/bafang-ou-lift-mtb\/\">Leggi il nostro articolo comparativo sul test del motore a ruota<\/a><\/p>\n<p>&nbsp;<\/p>\n<h2>Il kit motore al mozzo \u00e8 una soluzione molto popolare per convertire una bici tradizionale in una bici elettrica.<\/h2>\n<p>Facile da installare, offre un&#8217;alternativa ecologica all&#8217;auto per gli spostamenti quotidiani e la bicicletta.<\/p>\n<p>In primo luogo, il funzionamento di un motore elettrico a ruota \u00e8 piuttosto semplice. Il kit consiste in un motore elettrico che di solito viene installato sulla ruota posteriore.<\/p>\n<p>Il motore \u00e8 alimentato da una batteria ricaricabile fissata al telaio della bicicletta.<\/p>\n<p>Utilizzando un display montato sul manubrio della bicicletta, \u00e8 possibile controllare la velocit\u00e0 e la potenza del motore.<\/p>\n<p>Perch\u00e9 l&#8217;interesse principale di un kit di motori elettrici per biciclette \u00e8 quello di coprire distanze pi\u00f9 lunghe.<\/p>\n<p>Questo facilita la guida in salita.<\/p>\n<p>Il motore elettrico fornisce assistenza alla pedalata. Questo rende la pedalata pi\u00f9 facile e meno faticosa.<\/p>\n<p>Il kit motore ruota elettrico consente di trasportare carichi pi\u00f9 pesanti, come zaini, ceste o rimorchi.<\/p>\n<p>Il kit di motori elettrici per biciclette \u00e8 dotato di pedalata assistita e ha una potenza di 250 watt. Al fine di rispettare la normativa in termini di potenza, la velocit\u00e0 \u00e8 limitata a 25 km\/h.<\/p>\n<p>Inoltre, questo kit di motori elettrici per biciclette \u00e8 molto pi\u00f9 economico di una bicicletta elettrica completa.<\/p>\n<p>In questo modo \u00e8 possibile convertire la propria bicicletta in una bici elettrica senza dover acquistare una nuova e costosa bicicletta.<\/p>\n<p>In conclusione, questo kit \u00e8 l&#8217;alternativa ideale per elettrificare facilmente la vostra moto.<\/p>\n","protected":false},"excerpt":{"rendered":"<ul>\n<li>Scelta tra 1, 3, 6, 7 o 8, 9, 10 velocit\u00e0.<\/li>\n<li>Scelta del formato ruota 700 \/ 26 \/ 27,5 \/ 29 pollici<\/li>\n<li>Montaggio del capocorda da 9 \/ 10 mm<\/li>\n<li>Il kit comprende: La ruota posteriore completa (cerchio, raggi e motore del mozzo)<\/li>\n<li>Un display compatto sul manubrio per gestire le modalit\u00e0 di guida.<\/li>\n<li>La ruota elettrica sar\u00e0 consegnata gi\u00e0 raggiata dal nostro team.<\/li>\n<li>Un supporto in alluminio per batterie fino a 500wh e un supporto in plastica per batterie da 600wh<\/li>\n<li>Il controllore.<\/li>\n<li>Peso 2 kg \/ coppia 45 Nm<\/li>\n<\/ul>\n<p><strong>Si prega di specificare il numero di marce della bicicletta nei commenti all&#8217;ordine.  <\/strong><\/p>\n","protected":false},"featured_media":34948,"comment_status":"open","ping_status":"closed","template":"","meta":[],"product_brand":[],"product_cat":[824],"product_tag":[],"class_list":{"0":"post-39064","1":"product","2":"type-product","3":"status-publish","4":"has-post-thumbnail","6":"product_cat-altri-tipi-di-motorizzazione","8":"first","9":"instock","10":"taxable","11":"shipping-taxable","12":"purchasable","13":"product-type-simple"},"yoast_head":"<!-- This site is optimized with the Yoast SEO plugin v26.9 - https:\/\/yoast.com\/product\/yoast-seo-wordpress\/ -->\n<title>Motore elettrico per bicicletta per convertire la bicicletta in elettrica<\/title>\n<meta name=\"description\" content=\"Scoprite il nostro motore elettrico per biciclette per trasformare la vostra bicicletta classica in una bicicletta elettrica - Assistenza elettrica al mozzo per biciclette.\" \/>\n<meta name=\"robots\" content=\"index, follow, max-snippet:-1, max-image-preview:large, max-video-preview:-1\" \/>\n<link rel=\"canonical\" href=\"https:\/\/www.lift-mtb.com\/it\/produit\/motore-elettrico-ruota-della-bicicletta\/\" \/>\n<meta property=\"og:locale\" content=\"it_IT\" \/>\n<meta property=\"og:type\" content=\"article\" \/>\n<meta property=\"og:title\" content=\"Motore elettrico per bicicletta per convertire la bicicletta in elettrica\" \/>\n<meta property=\"og:description\" content=\"Scoprite il nostro motore elettrico per biciclette per trasformare la vostra bicicletta classica in una bicicletta elettrica - Assistenza elettrica al mozzo per biciclette.\" \/>\n<meta property=\"og:url\" content=\"https:\/\/www.lift-mtb.com\/it\/produit\/motore-elettrico-ruota-della-bicicletta\/\" \/>\n<meta property=\"og:site_name\" content=\"LIFT-MTB\" \/>\n<meta property=\"article:modified_time\" content=\"2023-02-23T22:44:04+00:00\" \/>\n<meta property=\"og:image\" content=\"https:\/\/www.lift-mtb.com\/wp-content\/uploads\/2022\/08\/moteur-moyeux-lift-mtb-poids-1-sur-1-scaled.jpg\" \/>\n\t<meta property=\"og:image:width\" content=\"2560\" \/>\n\t<meta property=\"og:image:height\" content=\"1695\" \/>\n\t<meta property=\"og:image:type\" content=\"image\/jpeg\" \/>\n<meta name=\"twitter:card\" content=\"summary_large_image\" \/>\n<meta name=\"twitter:label1\" content=\"Tempo di lettura stimato\" \/>\n\t<meta name=\"twitter:data1\" content=\"2 minuti\" \/>\n<script type=\"application\/ld+json\" class=\"yoast-schema-graph\">{\"@context\":\"https:\/\/schema.org\",\"@graph\":[{\"@type\":\"WebPage\",\"@id\":\"https:\/\/www.lift-mtb.com\/it\/produit\/motore-elettrico-ruota-della-bicicletta\/\",\"url\":\"https:\/\/www.lift-mtb.com\/it\/produit\/motore-elettrico-ruota-della-bicicletta\/\",\"name\":\"Motore elettrico per bicicletta per convertire la bicicletta in elettrica\",\"isPartOf\":{\"@id\":\"https:\/\/www.lift-mtb.com\/it\/#website\"},\"primaryImageOfPage\":{\"@id\":\"https:\/\/www.lift-mtb.com\/it\/produit\/motore-elettrico-ruota-della-bicicletta\/#primaryimage\"},\"image\":{\"@id\":\"https:\/\/www.lift-mtb.com\/it\/produit\/motore-elettrico-ruota-della-bicicletta\/#primaryimage\"},\"thumbnailUrl\":\"https:\/\/www.lift-mtb.com\/wp-content\/uploads\/2022\/08\/moteur-moyeux-lift-mtb-poids-1-sur-1-scaled.jpg\",\"datePublished\":\"2022-08-27T10:00:53+00:00\",\"dateModified\":\"2023-02-23T22:44:04+00:00\",\"description\":\"Scoprite il nostro motore elettrico per biciclette per trasformare la vostra bicicletta classica in una bicicletta elettrica - Assistenza elettrica al mozzo per biciclette.\",\"breadcrumb\":{\"@id\":\"https:\/\/www.lift-mtb.com\/it\/produit\/motore-elettrico-ruota-della-bicicletta\/#breadcrumb\"},\"inLanguage\":\"it-IT\",\"potentialAction\":[{\"@type\":\"ReadAction\",\"target\":[\"https:\/\/www.lift-mtb.com\/it\/produit\/motore-elettrico-ruota-della-bicicletta\/\"]}]},{\"@type\":\"ImageObject\",\"inLanguage\":\"it-IT\",\"@id\":\"https:\/\/www.lift-mtb.com\/it\/produit\/motore-elettrico-ruota-della-bicicletta\/#primaryimage\",\"url\":\"https:\/\/www.lift-mtb.com\/wp-content\/uploads\/2022\/08\/moteur-moyeux-lift-mtb-poids-1-sur-1-scaled.jpg\",\"contentUrl\":\"https:\/\/www.lift-mtb.com\/wp-content\/uploads\/2022\/08\/moteur-moyeux-lift-mtb-poids-1-sur-1-scaled.jpg\",\"width\":2560,\"height\":1695,\"caption\":\"moteur roue electrique\"},{\"@type\":\"BreadcrumbList\",\"@id\":\"https:\/\/www.lift-mtb.com\/it\/produit\/motore-elettrico-ruota-della-bicicletta\/#breadcrumb\",\"itemListElement\":[{\"@type\":\"ListItem\",\"position\":1,\"name\":\"Accueil\",\"item\":\"https:\/\/www.lift-mtb.com\/it\/\"},{\"@type\":\"ListItem\",\"position\":2,\"name\":\"Negozio\",\"item\":\"https:\/\/www.lift-mtb.com\/it\/negozio\/\"},{\"@type\":\"ListItem\",\"position\":3,\"name\":\"Altri tipi di motorizzazione\",\"item\":\"https:\/\/www.lift-mtb.com\/it\/categoria-di-prodotto\/altri-tipi-di-motorizzazione\/\"},{\"@type\":\"ListItem\",\"position\":4,\"name\":\"Motore ruota\"}]},{\"@type\":\"WebSite\",\"@id\":\"https:\/\/www.lift-mtb.com\/it\/#website\",\"url\":\"https:\/\/www.lift-mtb.com\/it\/\",\"name\":\"LIFT-MTB\",\"description\":\"Transformer son v\u00e9lo en \u00e9lectrique rapidement !\",\"publisher\":{\"@id\":\"https:\/\/www.lift-mtb.com\/it\/#organization\"},\"potentialAction\":[{\"@type\":\"SearchAction\",\"target\":{\"@type\":\"EntryPoint\",\"urlTemplate\":\"https:\/\/www.lift-mtb.com\/it\/?s={search_term_string}\"},\"query-input\":{\"@type\":\"PropertyValueSpecification\",\"valueRequired\":true,\"valueName\":\"search_term_string\"}}],\"inLanguage\":\"it-IT\"},{\"@type\":\"Organization\",\"@id\":\"https:\/\/www.lift-mtb.com\/it\/#organization\",\"name\":\"LIFT-MTB\",\"url\":\"https:\/\/www.lift-mtb.com\/it\/\",\"logo\":{\"@type\":\"ImageObject\",\"inLanguage\":\"it-IT\",\"@id\":\"https:\/\/www.lift-mtb.com\/it\/#\/schema\/logo\/image\/\",\"url\":\"https:\/\/www.lift-mtb.com\/wp-content\/uploads\/2022\/01\/electric-kit-for-bike-1.jpg\",\"contentUrl\":\"https:\/\/www.lift-mtb.com\/wp-content\/uploads\/2022\/01\/electric-kit-for-bike-1.jpg\",\"width\":1223,\"height\":560,\"caption\":\"LIFT-MTB\"},\"image\":{\"@id\":\"https:\/\/www.lift-mtb.com\/it\/#\/schema\/logo\/image\/\"}}]}<\/script>\n<!-- \/ Yoast SEO plugin. -->","yoast_head_json":{"title":"Motore elettrico per bicicletta per convertire la bicicletta in elettrica","description":"Scoprite il nostro motore elettrico per biciclette per trasformare la vostra bicicletta classica in una bicicletta elettrica - Assistenza elettrica al mozzo per biciclette.","robots":{"index":"index","follow":"follow","max-snippet":"max-snippet:-1","max-image-preview":"max-image-preview:large","max-video-preview":"max-video-preview:-1"},"canonical":"https:\/\/www.lift-mtb.com\/it\/produit\/motore-elettrico-ruota-della-bicicletta\/","og_locale":"it_IT","og_type":"article","og_title":"Motore elettrico per bicicletta per convertire la bicicletta in elettrica","og_description":"Scoprite il nostro motore elettrico per biciclette per trasformare la vostra bicicletta classica in una bicicletta elettrica - Assistenza elettrica al mozzo per biciclette.","og_url":"https:\/\/www.lift-mtb.com\/it\/produit\/motore-elettrico-ruota-della-bicicletta\/","og_site_name":"LIFT-MTB","article_modified_time":"2023-02-23T22:44:04+00:00","og_image":[{"width":2560,"height":1695,"url":"https:\/\/www.lift-mtb.com\/wp-content\/uploads\/2022\/08\/moteur-moyeux-lift-mtb-poids-1-sur-1-scaled.jpg","type":"image\/jpeg"}],"twitter_card":"summary_large_image","twitter_misc":{"Tempo di lettura stimato":"2 minuti"},"schema":{"@context":"https:\/\/schema.org","@graph":[{"@type":"WebPage","@id":"https:\/\/www.lift-mtb.com\/it\/produit\/motore-elettrico-ruota-della-bicicletta\/","url":"https:\/\/www.lift-mtb.com\/it\/produit\/motore-elettrico-ruota-della-bicicletta\/","name":"Motore elettrico per bicicletta per convertire la bicicletta in elettrica","isPartOf":{"@id":"https:\/\/www.lift-mtb.com\/it\/#website"},"primaryImageOfPage":{"@id":"https:\/\/www.lift-mtb.com\/it\/produit\/motore-elettrico-ruota-della-bicicletta\/#primaryimage"},"image":{"@id":"https:\/\/www.lift-mtb.com\/it\/produit\/motore-elettrico-ruota-della-bicicletta\/#primaryimage"},"thumbnailUrl":"https:\/\/www.lift-mtb.com\/wp-content\/uploads\/2022\/08\/moteur-moyeux-lift-mtb-poids-1-sur-1-scaled.jpg","datePublished":"2022-08-27T10:00:53+00:00","dateModified":"2023-02-23T22:44:04+00:00","description":"Scoprite il nostro motore elettrico per biciclette per trasformare la vostra bicicletta classica in una bicicletta elettrica - Assistenza elettrica al mozzo per biciclette.","breadcrumb":{"@id":"https:\/\/www.lift-mtb.com\/it\/produit\/motore-elettrico-ruota-della-bicicletta\/#breadcrumb"},"inLanguage":"it-IT","potentialAction":[{"@type":"ReadAction","target":["https:\/\/www.lift-mtb.com\/it\/produit\/motore-elettrico-ruota-della-bicicletta\/"]}]},{"@type":"ImageObject","inLanguage":"it-IT","@id":"https:\/\/www.lift-mtb.com\/it\/produit\/motore-elettrico-ruota-della-bicicletta\/#primaryimage","url":"https:\/\/www.lift-mtb.com\/wp-content\/uploads\/2022\/08\/moteur-moyeux-lift-mtb-poids-1-sur-1-scaled.jpg","contentUrl":"https:\/\/www.lift-mtb.com\/wp-content\/uploads\/2022\/08\/moteur-moyeux-lift-mtb-poids-1-sur-1-scaled.jpg","width":2560,"height":1695,"caption":"moteur roue electrique"},{"@type":"BreadcrumbList","@id":"https:\/\/www.lift-mtb.com\/it\/produit\/motore-elettrico-ruota-della-bicicletta\/#breadcrumb","itemListElement":[{"@type":"ListItem","position":1,"name":"Accueil","item":"https:\/\/www.lift-mtb.com\/it\/"},{"@type":"ListItem","position":2,"name":"Negozio","item":"https:\/\/www.lift-mtb.com\/it\/negozio\/"},{"@type":"ListItem","position":3,"name":"Altri tipi di motorizzazione","item":"https:\/\/www.lift-mtb.com\/it\/categoria-di-prodotto\/altri-tipi-di-motorizzazione\/"},{"@type":"ListItem","position":4,"name":"Motore ruota"}]},{"@type":"WebSite","@id":"https:\/\/www.lift-mtb.com\/it\/#website","url":"https:\/\/www.lift-mtb.com\/it\/","name":"LIFT-MTB","description":"Transformer son v\u00e9lo en \u00e9lectrique rapidement !","publisher":{"@id":"https:\/\/www.lift-mtb.com\/it\/#organization"},"potentialAction":[{"@type":"SearchAction","target":{"@type":"EntryPoint","urlTemplate":"https:\/\/www.lift-mtb.com\/it\/?s={search_term_string}"},"query-input":{"@type":"PropertyValueSpecification","valueRequired":true,"valueName":"search_term_string"}}],"inLanguage":"it-IT"},{"@type":"Organization","@id":"https:\/\/www.lift-mtb.com\/it\/#organization","name":"LIFT-MTB","url":"https:\/\/www.lift-mtb.com\/it\/","logo":{"@type":"ImageObject","inLanguage":"it-IT","@id":"https:\/\/www.lift-mtb.com\/it\/#\/schema\/logo\/image\/","url":"https:\/\/www.lift-mtb.com\/wp-content\/uploads\/2022\/01\/electric-kit-for-bike-1.jpg","contentUrl":"https:\/\/www.lift-mtb.com\/wp-content\/uploads\/2022\/01\/electric-kit-for-bike-1.jpg","width":1223,"height":560,"caption":"LIFT-MTB"},"image":{"@id":"https:\/\/www.lift-mtb.com\/it\/#\/schema\/logo\/image\/"}}]}},"_links":{"self":[{"href":"https:\/\/www.lift-mtb.com\/it\/wp-json\/wp\/v2\/product\/39064","targetHints":{"allow":["GET"]}}],"collection":[{"href":"https:\/\/www.lift-mtb.com\/it\/wp-json\/wp\/v2\/product"}],"about":[{"href":"https:\/\/www.lift-mtb.com\/it\/wp-json\/wp\/v2\/types\/product"}],"replies":[{"embeddable":true,"href":"https:\/\/www.lift-mtb.com\/it\/wp-json\/wp\/v2\/comments?post=39064"}],"wp:featuredmedia":[{"embeddable":true,"href":"https:\/\/www.lift-mtb.com\/it\/wp-json\/wp\/v2\/media\/34948"}],"wp:attachment":[{"href":"https:\/\/www.lift-mtb.com\/it\/wp-json\/wp\/v2\/media?parent=39064"}],"wp:term":[{"taxonomy":"product_brand","embeddable":true,"href":"https:\/\/www.lift-mtb.com\/it\/wp-json\/wp\/v2\/product_brand?post=39064"},{"taxonomy":"product_cat","embeddable":true,"href":"https:\/\/www.lift-mtb.com\/it\/wp-json\/wp\/v2\/product_cat?post=39064"},{"taxonomy":"product_tag","embeddable":true,"href":"https:\/\/www.lift-mtb.com\/it\/wp-json\/wp\/v2\/product_tag?post=39064"}],"curies":[{"name":"wp","href":"https:\/\/api.w.org\/{rel}","templated":true}]}}