{"id":39187,"date":"2022-04-19T15:10:05","date_gmt":"2022-04-19T13:10:05","guid":{"rendered":"https:\/produit\/kit-motore-sottocarro-lift-mtb-v4\/"},"modified":"2025-05-15T02:38:40","modified_gmt":"2025-05-15T00:38:40","slug":"kit-cuscinetto-pedale-motore-sottotelaio-lift-mtb-v4","status":"publish","type":"product","link":"https:\/\/www.lift-mtb.com\/it\/produit\/kit-cuscinetto-pedale-motore-sottotelaio-lift-mtb-v4\/","title":{"rendered":"Kit motore sottocarro LIFT-MTB V4"},"content":{"rendered":"<p><strong>Innanzitutto, il kit completo del motore del movimento centrale comprende :<\/strong><\/p>\n<p>&#8211; <strong> Motore:<\/strong> 36 volt \/ regolatore integrato<\/p>\n<p>&#8211; <strong> Staffa: <\/strong> 7075 T6 CNC (montaggio sotto il telaio) bloccaggio superiore tramite cavo.<\/p>\n<p>&#8211; <strong> Ruota libera motorizzata:<\/strong> realizzata in Francia senza resistenza alla pedalata.<\/p>\n<p>&#8211; <strong> La piastra secondaria:<\/strong> Tipo di pista faccia stretta larga \u00ae, alluminio 7075 (30 denti o 32 denti)<\/p>\n<p>&#8211; <strong> L&#8217;ingranaggio primario:<\/strong> 1\/2 per 3\/32 in alluminio serie 7000 a 38 denti.<\/p>\n<p>&#8211; <strong> Catena primaria:<\/strong> tipo shimano<\/p>\n<p>&#8211; <strong> Il tendicatena:<\/strong> con cuscinetto ad anello sigillato.<\/p>\n<p>&#8211; <strong> Grilletto <\/strong>con indicatore di carica, interruttore on\/off, montaggio su pollice o indice.<\/p>\n<p>&#8211; <strong> Kit di viti:<\/strong> acciaio ISO 10.9 e kit completo di distanziali in alluminio.<\/p>\n<p>&#8211; <strong> Kit di montaggio:<\/strong> set di Serflex in acciaio e plastica, schiuma di protezione del telaio, x1 set di connettori Anderson di ricambio.<\/p>\n<p>&#8211; <strong> Coppia sviluppata alla ruota posteriore: da 80 N.m a 110 N.m<\/strong> (a seconda dello sviluppo)<\/p>\n<p>&#8211; <strong> Velocit\u00e0 massima in piano senza pedalare: <\/strong> da 35Km\/h a 40km\/h (a seconda delle condizioni e del cambio).<\/p>\n<p>&#8211; <strong> Consumo PIC: <\/strong>30 ampere<\/p>\n<p>&#8211; <strong> Consumo medio di energia continua:<\/strong> 12 ampere<\/p>\n<p>&#8211; <strong> Volume sonoro a 150 cm: <\/strong>&#8220;ingranaggi interni supersilenziosi&#8221; (circa 60 decibel).<\/p>\n<p>&#8211; <strong> Kit deco: <\/strong>tipo motocross spesso.<\/p>\n<p>&nbsp;<\/p>\n<p><strong>Innanzitutto, le specifiche della pedaliera se si sceglie la versione &#8220;V4 CLASSIC&#8221;:<\/strong><\/p>\n<p>&#8211; Pedivelle: 170 mm in alluminio inciso al laser, ingranaggio montato su una ruota libera Dicta\u00ae a 20 punti (nessuna resistenza alla pedalata).<\/p>\n<p>&#8211; Perno del movimento centrale: cromoly 4130 trattato termicamente, fornito anche con un set di adattatori di diametro 22\/24 , 24 , 29 e 30 mm.<\/p>\n<p>-Peso: circa 400 grammi in pi\u00f9 rispetto al modello &#8220;Pro&#8221;.<\/p>\n<p><img decoding=\"async\" class=\"alignleft wp-image-4893\" src=\"http:\/\/lift-mtb.com\/wp-content\/uploads\/2017\/12\/cliquets-classic-1.png\" alt=\"\" width=\"233\" height=\"230\" srcset=\"https:\/\/www.lift-mtb.com\/wp-content\/uploads\/2017\/12\/cliquets-classic-1-66x66.png 66w, https:\/\/www.lift-mtb.com\/wp-content\/uploads\/2017\/12\/cliquets-classic-1-200x198.png 200w, https:\/\/www.lift-mtb.com\/wp-content\/uploads\/2017\/12\/cliquets-classic-1-300x296.png 300w, https:\/\/www.lift-mtb.com\/wp-content\/uploads\/2017\/12\/cliquets-classic-1.png 322w\" sizes=\"(max-width: 233px) 100vw, 233px\" \/><\/p>\n<p><strong><img decoding=\"async\" class=\"alignnone wp-image-4871\" src=\"http:\/\/lift-mtb.com\/wp-content\/uploads\/2017\/12\/pedalier-v4-classic.png\" alt=\"Scelta della guarnitura per bicicletta elettrica LIFT-MTB\" width=\"427\" height=\"240\" srcset=\"https:\/\/www.lift-mtb.com\/wp-content\/uploads\/2017\/12\/pedalier-v4-classic-200x113.png 200w, https:\/\/www.lift-mtb.com\/wp-content\/uploads\/2017\/12\/pedalier-v4-classic-300x169.png 300w, https:\/\/www.lift-mtb.com\/wp-content\/uploads\/2017\/12\/pedalier-v4-classic-400x225.png 400w, https:\/\/www.lift-mtb.com\/wp-content\/uploads\/2017\/12\/pedalier-v4-classic-500x281.png 500w, https:\/\/www.lift-mtb.com\/wp-content\/uploads\/2017\/12\/pedalier-v4-classic-600x338.png 600w, https:\/\/www.lift-mtb.com\/wp-content\/uploads\/2017\/12\/pedalier-v4-classic-700x394.png 700w, https:\/\/www.lift-mtb.com\/wp-content\/uploads\/2017\/12\/pedalier-v4-classic-768x432.png 768w, https:\/\/www.lift-mtb.com\/wp-content\/uploads\/2017\/12\/pedalier-v4-classic-800x450.png 800w, https:\/\/www.lift-mtb.com\/wp-content\/uploads\/2017\/12\/pedalier-v4-classic-1024x576.png 1024w, https:\/\/www.lift-mtb.com\/wp-content\/uploads\/2017\/12\/pedalier-v4-classic-1200x675.png 1200w, https:\/\/www.lift-mtb.com\/wp-content\/uploads\/2017\/12\/pedalier-v4-classic-1536x864.png 1536w, https:\/\/www.lift-mtb.com\/wp-content\/uploads\/2017\/12\/pedalier-v4-classic.png 1920w\" sizes=\"(max-width: 427px) 100vw, 427px\" \/><\/strong><b> <\/b><\/p>\n<p>&nbsp;<\/p>\n<p><strong>In secondo luogo le specifiche della pedaliera se si sceglie la versione &#8220;V4 PRO&#8221;:<\/strong><\/p>\n<p>&#8211; Pedivelle: alluminio 7075T6 lavorato a CNC in Francia, con ingranaggio montato su ruota libera Pro 72 (nessuna resistenza alla pedalata).<\/p>\n<p>&#8211; Asse del movimento centrale: .chromoly 4130 trattato termicamente, fornito anche con un set di adattatori da 22\/24 , 24 , 29 e 30 mm di diametro.<\/p>\n<p>-Peso: circa 400 grammi in meno rispetto al modello &#8220;CLASSIC&#8221;.<\/p>\n<p><img decoding=\"async\" class=\"alignleft wp-image-4898\" src=\"http:\/\/lift-mtb.com\/wp-content\/uploads\/2017\/12\/cliquets-pro-1.png\" alt=\"\" width=\"260\" height=\"250\" srcset=\"https:\/\/www.lift-mtb.com\/wp-content\/uploads\/2017\/12\/cliquets-pro-1-200x192.png 200w, https:\/\/www.lift-mtb.com\/wp-content\/uploads\/2017\/12\/cliquets-pro-1-300x288.png 300w, https:\/\/www.lift-mtb.com\/wp-content\/uploads\/2017\/12\/cliquets-pro-1.png 340w\" sizes=\"(max-width: 260px) 100vw, 260px\" \/><img decoding=\"async\" class=\"alignleft wp-image-8742\" src=\"http:\/\/lift-mtb.com\/wp-content\/uploads\/2022\/03\/pedalier-v4-pro.png\" alt=\"Funzionamento del ciclomotore\" width=\"434\" height=\"244\" srcset=\"https:\/\/www.lift-mtb.com\/wp-content\/uploads\/2022\/03\/pedalier-v4-pro-200x113.png 200w, https:\/\/www.lift-mtb.com\/wp-content\/uploads\/2022\/03\/pedalier-v4-pro-300x169.png 300w, https:\/\/www.lift-mtb.com\/wp-content\/uploads\/2022\/03\/pedalier-v4-pro-400x225.png 400w, https:\/\/www.lift-mtb.com\/wp-content\/uploads\/2022\/03\/pedalier-v4-pro-500x281.png 500w, https:\/\/www.lift-mtb.com\/wp-content\/uploads\/2022\/03\/pedalier-v4-pro-600x338.png 600w, https:\/\/www.lift-mtb.com\/wp-content\/uploads\/2022\/03\/pedalier-v4-pro-700x394.png 700w, https:\/\/www.lift-mtb.com\/wp-content\/uploads\/2022\/03\/pedalier-v4-pro-768x432.png 768w, https:\/\/www.lift-mtb.com\/wp-content\/uploads\/2022\/03\/pedalier-v4-pro-800x450.png 800w, https:\/\/www.lift-mtb.com\/wp-content\/uploads\/2022\/03\/pedalier-v4-pro-1024x576.png 1024w, https:\/\/www.lift-mtb.com\/wp-content\/uploads\/2022\/03\/pedalier-v4-pro-1200x675.png 1200w, https:\/\/www.lift-mtb.com\/wp-content\/uploads\/2022\/03\/pedalier-v4-pro-1536x864.png 1536w, https:\/\/www.lift-mtb.com\/wp-content\/uploads\/2022\/03\/pedalier-v4-pro.png 1920w\" sizes=\"(max-width: 434px) 100vw, 434px\" \/><\/p>\n<p>&nbsp;<\/p>\n<p>&nbsp;<\/p>\n<p>&nbsp;<\/p>\n<p>&nbsp;<\/p>\n<p>&nbsp;<\/p>\n<p>&nbsp;<\/p>\n<p>&nbsp;<\/p>\n<p><b>Di seguito potete trovare articoli e video sul kit motore LIFT-MTB:<\/b><\/p>\n<ul>\n<li><a href=\"https:\/\/www.youtube.com\/c\/LIFTMTBTV\/videos\">Video del kit motore a pedali  <\/a><\/li>\n<li><a href=\"\/?page_id=4437\">Sezione FAQ sul kit motore a pedali  <\/a><\/li>\n<\/ul>\n<p><b>Tuttavia, se avete dei dubbi, contattateci.<\/b><\/p>\n<p><strong>ATTENZIONE: IL KIT NON \u00c8 OMOLOGATO PER L&#8217;USO SU STRADA.<\/strong><\/p>\n","protected":false},"excerpt":{"rendered":"<p>Per selezionare il tuo kit motore per guarnitura elettrica V4, scegli semplicemente la capacit\u00e0 della batteria che fa per te, cos\u00ec come la versione PRO (pi\u00f9 leggera) o CLASSIC. Trova ulteriori opzioni per il motore della guarnitura LIFT-MTB nel negozio.<\/p>\n<p>Nel negozio troverete altre opzioni per il motore a pedali LIFT-MTB.<\/p>\n","protected":false},"featured_media":9696,"comment_status":"open","ping_status":"closed","template":"","meta":[],"product_brand":[],"product_cat":[832],"product_tag":[],"class_list":{"0":"post-39187","1":"product","2":"type-product","3":"status-publish","4":"has-post-thumbnail","6":"product_cat-i-nostri-kit-preconfigurati","8":"first","9":"instock","10":"sale","11":"taxable","12":"shipping-taxable","13":"purchasable","14":"product-type-variable"},"yoast_head":"<!-- This site is optimized with the Yoast SEO plugin v26.9 - https:\/\/yoast.com\/product\/yoast-seo-wordpress\/ -->\n<title>Kit motore manovella sottotelaio per convertire la tua bici in elettrica<\/title>\n<meta name=\"description\" content=\"Kit motore sottotelaio V4, per trasformare la vostra moto classica in una moto elettrica. Motore tipo BAFANG, BOSCH, YAMAHA, kit elettrico Mountain bikes\" \/>\n<meta name=\"robots\" content=\"index, follow, max-snippet:-1, max-image-preview:large, max-video-preview:-1\" \/>\n<link rel=\"canonical\" href=\"https:\/\/www.lift-mtb.com\/it\/produit\/kit-cuscinetto-pedale-motore-sottotelaio-lift-mtb-v4\/\" \/>\n<meta property=\"og:locale\" content=\"it_IT\" \/>\n<meta property=\"og:type\" content=\"article\" \/>\n<meta property=\"og:title\" content=\"Kit motore manovella sottotelaio per convertire la tua bici in elettrica\" \/>\n<meta property=\"og:description\" content=\"Kit motore sottotelaio V4, per trasformare la vostra moto classica in una moto elettrica. Motore tipo BAFANG, BOSCH, YAMAHA, kit elettrico Mountain bikes\" \/>\n<meta property=\"og:url\" content=\"https:\/\/www.lift-mtb.com\/it\/produit\/kit-cuscinetto-pedale-motore-sottotelaio-lift-mtb-v4\/\" \/>\n<meta property=\"og:site_name\" content=\"LIFT-MTB\" \/>\n<meta property=\"article:modified_time\" content=\"2025-05-15T00:38:40+00:00\" \/>\n<meta property=\"og:image\" content=\"https:\/\/www.lift-mtb.com\/wp-content\/uploads\/2022\/04\/sous-cadre-v4-classic-top-3.jpg\" \/>\n\t<meta property=\"og:image:width\" content=\"6016\" \/>\n\t<meta property=\"og:image:height\" content=\"4016\" \/>\n\t<meta property=\"og:image:type\" content=\"image\/jpeg\" \/>\n<meta name=\"twitter:card\" content=\"summary_large_image\" \/>\n<meta name=\"twitter:label1\" content=\"Tempo di lettura stimato\" \/>\n\t<meta name=\"twitter:data1\" content=\"2 minuti\" \/>\n<script type=\"application\/ld+json\" class=\"yoast-schema-graph\">{\"@context\":\"https:\/\/schema.org\",\"@graph\":[{\"@type\":\"WebPage\",\"@id\":\"https:\/\/www.lift-mtb.com\/it\/produit\/kit-cuscinetto-pedale-motore-sottotelaio-lift-mtb-v4\/\",\"url\":\"https:\/\/www.lift-mtb.com\/it\/produit\/kit-cuscinetto-pedale-motore-sottotelaio-lift-mtb-v4\/\",\"name\":\"Kit motore manovella sottotelaio per convertire la tua bici in elettrica\",\"isPartOf\":{\"@id\":\"https:\/\/www.lift-mtb.com\/it\/#website\"},\"primaryImageOfPage\":{\"@id\":\"https:\/\/www.lift-mtb.com\/it\/produit\/kit-cuscinetto-pedale-motore-sottotelaio-lift-mtb-v4\/#primaryimage\"},\"image\":{\"@id\":\"https:\/\/www.lift-mtb.com\/it\/produit\/kit-cuscinetto-pedale-motore-sottotelaio-lift-mtb-v4\/#primaryimage\"},\"thumbnailUrl\":\"https:\/\/www.lift-mtb.com\/wp-content\/uploads\/2022\/04\/sous-cadre-v4-classic-top-3.jpg\",\"datePublished\":\"2022-04-19T13:10:05+00:00\",\"dateModified\":\"2025-05-15T00:38:40+00:00\",\"description\":\"Kit motore sottotelaio V4, per trasformare la vostra moto classica in una moto elettrica. Motore tipo BAFANG, BOSCH, YAMAHA, kit elettrico Mountain bikes\",\"breadcrumb\":{\"@id\":\"https:\/\/www.lift-mtb.com\/it\/produit\/kit-cuscinetto-pedale-motore-sottotelaio-lift-mtb-v4\/#breadcrumb\"},\"inLanguage\":\"it-IT\",\"potentialAction\":[{\"@type\":\"ReadAction\",\"target\":[\"https:\/\/www.lift-mtb.com\/it\/produit\/kit-cuscinetto-pedale-motore-sottotelaio-lift-mtb-v4\/\"]}]},{\"@type\":\"ImageObject\",\"inLanguage\":\"it-IT\",\"@id\":\"https:\/\/www.lift-mtb.com\/it\/produit\/kit-cuscinetto-pedale-motore-sottotelaio-lift-mtb-v4\/#primaryimage\",\"url\":\"https:\/\/www.lift-mtb.com\/wp-content\/uploads\/2022\/04\/sous-cadre-v4-classic-top-3.jpg\",\"contentUrl\":\"https:\/\/www.lift-mtb.com\/wp-content\/uploads\/2022\/04\/sous-cadre-v4-classic-top-3.jpg\",\"width\":6016,\"height\":4016,\"caption\":\"Kit motore sottocarro LIFT-MTB\"},{\"@type\":\"BreadcrumbList\",\"@id\":\"https:\/\/www.lift-mtb.com\/it\/produit\/kit-cuscinetto-pedale-motore-sottotelaio-lift-mtb-v4\/#breadcrumb\",\"itemListElement\":[{\"@type\":\"ListItem\",\"position\":1,\"name\":\"Accueil\",\"item\":\"https:\/\/www.lift-mtb.com\/it\/\"},{\"@type\":\"ListItem\",\"position\":2,\"name\":\"Negozio\",\"item\":\"https:\/\/www.lift-mtb.com\/it\/negozio\/\"},{\"@type\":\"ListItem\",\"position\":3,\"name\":\"I nostri kit preconfigurati\",\"item\":\"https:\/\/www.lift-mtb.com\/it\/categoria-di-prodotto\/i-nostri-kit-preconfigurati\/\"},{\"@type\":\"ListItem\",\"position\":4,\"name\":\"Kit motore sottocarro LIFT-MTB V4\"}]},{\"@type\":\"WebSite\",\"@id\":\"https:\/\/www.lift-mtb.com\/it\/#website\",\"url\":\"https:\/\/www.lift-mtb.com\/it\/\",\"name\":\"LIFT-MTB\",\"description\":\"Transformer son v\u00e9lo en \u00e9lectrique rapidement !\",\"publisher\":{\"@id\":\"https:\/\/www.lift-mtb.com\/it\/#organization\"},\"potentialAction\":[{\"@type\":\"SearchAction\",\"target\":{\"@type\":\"EntryPoint\",\"urlTemplate\":\"https:\/\/www.lift-mtb.com\/it\/?s={search_term_string}\"},\"query-input\":{\"@type\":\"PropertyValueSpecification\",\"valueRequired\":true,\"valueName\":\"search_term_string\"}}],\"inLanguage\":\"it-IT\"},{\"@type\":\"Organization\",\"@id\":\"https:\/\/www.lift-mtb.com\/it\/#organization\",\"name\":\"LIFT-MTB\",\"url\":\"https:\/\/www.lift-mtb.com\/it\/\",\"logo\":{\"@type\":\"ImageObject\",\"inLanguage\":\"it-IT\",\"@id\":\"https:\/\/www.lift-mtb.com\/it\/#\/schema\/logo\/image\/\",\"url\":\"https:\/\/www.lift-mtb.com\/wp-content\/uploads\/2022\/01\/electric-kit-for-bike-1.jpg\",\"contentUrl\":\"https:\/\/www.lift-mtb.com\/wp-content\/uploads\/2022\/01\/electric-kit-for-bike-1.jpg\",\"width\":1223,\"height\":560,\"caption\":\"LIFT-MTB\"},\"image\":{\"@id\":\"https:\/\/www.lift-mtb.com\/it\/#\/schema\/logo\/image\/\"}}]}<\/script>\n<!-- \/ Yoast SEO plugin. -->","yoast_head_json":{"title":"Kit motore manovella sottotelaio per convertire la tua bici in elettrica","description":"Kit motore sottotelaio V4, per trasformare la vostra moto classica in una moto elettrica. Motore tipo BAFANG, BOSCH, YAMAHA, kit elettrico Mountain bikes","robots":{"index":"index","follow":"follow","max-snippet":"max-snippet:-1","max-image-preview":"max-image-preview:large","max-video-preview":"max-video-preview:-1"},"canonical":"https:\/\/www.lift-mtb.com\/it\/produit\/kit-cuscinetto-pedale-motore-sottotelaio-lift-mtb-v4\/","og_locale":"it_IT","og_type":"article","og_title":"Kit motore manovella sottotelaio per convertire la tua bici in elettrica","og_description":"Kit motore sottotelaio V4, per trasformare la vostra moto classica in una moto elettrica. Motore tipo BAFANG, BOSCH, YAMAHA, kit elettrico Mountain bikes","og_url":"https:\/\/www.lift-mtb.com\/it\/produit\/kit-cuscinetto-pedale-motore-sottotelaio-lift-mtb-v4\/","og_site_name":"LIFT-MTB","article_modified_time":"2025-05-15T00:38:40+00:00","og_image":[{"width":6016,"height":4016,"url":"https:\/\/www.lift-mtb.com\/wp-content\/uploads\/2022\/04\/sous-cadre-v4-classic-top-3.jpg","type":"image\/jpeg"}],"twitter_card":"summary_large_image","twitter_misc":{"Tempo di lettura stimato":"2 minuti"},"schema":{"@context":"https:\/\/schema.org","@graph":[{"@type":"WebPage","@id":"https:\/\/www.lift-mtb.com\/it\/produit\/kit-cuscinetto-pedale-motore-sottotelaio-lift-mtb-v4\/","url":"https:\/\/www.lift-mtb.com\/it\/produit\/kit-cuscinetto-pedale-motore-sottotelaio-lift-mtb-v4\/","name":"Kit motore manovella sottotelaio per convertire la tua bici in elettrica","isPartOf":{"@id":"https:\/\/www.lift-mtb.com\/it\/#website"},"primaryImageOfPage":{"@id":"https:\/\/www.lift-mtb.com\/it\/produit\/kit-cuscinetto-pedale-motore-sottotelaio-lift-mtb-v4\/#primaryimage"},"image":{"@id":"https:\/\/www.lift-mtb.com\/it\/produit\/kit-cuscinetto-pedale-motore-sottotelaio-lift-mtb-v4\/#primaryimage"},"thumbnailUrl":"https:\/\/www.lift-mtb.com\/wp-content\/uploads\/2022\/04\/sous-cadre-v4-classic-top-3.jpg","datePublished":"2022-04-19T13:10:05+00:00","dateModified":"2025-05-15T00:38:40+00:00","description":"Kit motore sottotelaio V4, per trasformare la vostra moto classica in una moto elettrica. Motore tipo BAFANG, BOSCH, YAMAHA, kit elettrico Mountain bikes","breadcrumb":{"@id":"https:\/\/www.lift-mtb.com\/it\/produit\/kit-cuscinetto-pedale-motore-sottotelaio-lift-mtb-v4\/#breadcrumb"},"inLanguage":"it-IT","potentialAction":[{"@type":"ReadAction","target":["https:\/\/www.lift-mtb.com\/it\/produit\/kit-cuscinetto-pedale-motore-sottotelaio-lift-mtb-v4\/"]}]},{"@type":"ImageObject","inLanguage":"it-IT","@id":"https:\/\/www.lift-mtb.com\/it\/produit\/kit-cuscinetto-pedale-motore-sottotelaio-lift-mtb-v4\/#primaryimage","url":"https:\/\/www.lift-mtb.com\/wp-content\/uploads\/2022\/04\/sous-cadre-v4-classic-top-3.jpg","contentUrl":"https:\/\/www.lift-mtb.com\/wp-content\/uploads\/2022\/04\/sous-cadre-v4-classic-top-3.jpg","width":6016,"height":4016,"caption":"Kit motore sottocarro LIFT-MTB"},{"@type":"BreadcrumbList","@id":"https:\/\/www.lift-mtb.com\/it\/produit\/kit-cuscinetto-pedale-motore-sottotelaio-lift-mtb-v4\/#breadcrumb","itemListElement":[{"@type":"ListItem","position":1,"name":"Accueil","item":"https:\/\/www.lift-mtb.com\/it\/"},{"@type":"ListItem","position":2,"name":"Negozio","item":"https:\/\/www.lift-mtb.com\/it\/negozio\/"},{"@type":"ListItem","position":3,"name":"I nostri kit preconfigurati","item":"https:\/\/www.lift-mtb.com\/it\/categoria-di-prodotto\/i-nostri-kit-preconfigurati\/"},{"@type":"ListItem","position":4,"name":"Kit motore sottocarro LIFT-MTB V4"}]},{"@type":"WebSite","@id":"https:\/\/www.lift-mtb.com\/it\/#website","url":"https:\/\/www.lift-mtb.com\/it\/","name":"LIFT-MTB","description":"Transformer son v\u00e9lo en \u00e9lectrique rapidement !","publisher":{"@id":"https:\/\/www.lift-mtb.com\/it\/#organization"},"potentialAction":[{"@type":"SearchAction","target":{"@type":"EntryPoint","urlTemplate":"https:\/\/www.lift-mtb.com\/it\/?s={search_term_string}"},"query-input":{"@type":"PropertyValueSpecification","valueRequired":true,"valueName":"search_term_string"}}],"inLanguage":"it-IT"},{"@type":"Organization","@id":"https:\/\/www.lift-mtb.com\/it\/#organization","name":"LIFT-MTB","url":"https:\/\/www.lift-mtb.com\/it\/","logo":{"@type":"ImageObject","inLanguage":"it-IT","@id":"https:\/\/www.lift-mtb.com\/it\/#\/schema\/logo\/image\/","url":"https:\/\/www.lift-mtb.com\/wp-content\/uploads\/2022\/01\/electric-kit-for-bike-1.jpg","contentUrl":"https:\/\/www.lift-mtb.com\/wp-content\/uploads\/2022\/01\/electric-kit-for-bike-1.jpg","width":1223,"height":560,"caption":"LIFT-MTB"},"image":{"@id":"https:\/\/www.lift-mtb.com\/it\/#\/schema\/logo\/image\/"}}]}},"_links":{"self":[{"href":"https:\/\/www.lift-mtb.com\/it\/wp-json\/wp\/v2\/product\/39187","targetHints":{"allow":["GET"]}}],"collection":[{"href":"https:\/\/www.lift-mtb.com\/it\/wp-json\/wp\/v2\/product"}],"about":[{"href":"https:\/\/www.lift-mtb.com\/it\/wp-json\/wp\/v2\/types\/product"}],"replies":[{"embeddable":true,"href":"https:\/\/www.lift-mtb.com\/it\/wp-json\/wp\/v2\/comments?post=39187"}],"wp:featuredmedia":[{"embeddable":true,"href":"https:\/\/www.lift-mtb.com\/it\/wp-json\/wp\/v2\/media\/9696"}],"wp:attachment":[{"href":"https:\/\/www.lift-mtb.com\/it\/wp-json\/wp\/v2\/media?parent=39187"}],"wp:term":[{"taxonomy":"product_brand","embeddable":true,"href":"https:\/\/www.lift-mtb.com\/it\/wp-json\/wp\/v2\/product_brand?post=39187"},{"taxonomy":"product_cat","embeddable":true,"href":"https:\/\/www.lift-mtb.com\/it\/wp-json\/wp\/v2\/product_cat?post=39187"},{"taxonomy":"product_tag","embeddable":true,"href":"https:\/\/www.lift-mtb.com\/it\/wp-json\/wp\/v2\/product_tag?post=39187"}],"curies":[{"name":"wp","href":"https:\/\/api.w.org\/{rel}","templated":true}]}}