{"id":39339,"date":"2022-07-12T16:18:39","date_gmt":"2022-07-12T14:18:39","guid":{"rendered":"https:\/produit\/kit-di-flange-per-grilletto-e-ingranaggi\/"},"modified":"2023-05-11T18:32:16","modified_gmt":"2023-05-11T16:32:16","slug":"kit-di-collegamento-per-motore-velo-lift-mtb","status":"publish","type":"product","link":"https:\/\/www.lift-mtb.com\/it\/produit\/kit-di-collegamento-per-motore-velo-lift-mtb\/","title":{"rendered":"Kit di serraggio 25Km\/h"},"content":{"rendered":"<h4><strong>kit di fissaggio per motore bici MTB LIFT<\/strong><\/h4>\n<p>Le ultime norme in vigore Pubblicato il 29 settembre 2020 dalla Direction de l&#8217;information l\u00e9gale et administrative (Primo Ministro) il suo semplice. \u00c8 del tutto legale trasformare la propria bicicletta in una bici elettrica a determinate condizioni, tra cui \u00e8 necessario che :<\/p>\n<p>Il motore viene azionato esclusivamente dal <a href=\"https:\/\/www.youtube.com\/watch?v=elBylbCIj4k\">sensore del pedale<\/a>. Senza la possibilit\u00e0 di utilizzare un grilletto e con una velocit\u00e0 limitata a 25km\/h.<\/p>\n<p>Questa opzione consente di limitare il<a href=\"https:\/produit\/capteur-pedalier-avec-regulateur-de-puissance\/\"> kit<\/a> a <a href=\"https:\/homologation-dun-velo-transforme-en-electrique\/\">25 km\/h<\/a> ed elimina la possibilit\u00e0 di utilizzare il grilletto.<\/p>\n<p>Al fine di <a href=\"http:\/\/www.service-public.fr\/particuliers\/actualites\/A14325\">rispettare la normativa<\/a> europea EN 15194 per l&#8217;utilizzo del kit motore elettrico su strade aperte.<\/p>\n<div>Il nostro kit senza questa opzione di solito funziona solo con la leva dell&#8217;acceleratore sul manubrio per gestire l&#8217;assistenza.<\/div>\n<div><\/div>\n<div>La soluzione a grilletto \u00e8 pi\u00f9 efficiente durante l&#8217;attraversamento e riduce in generale il consumo di carburante.<\/div>\n<div><\/div>\n<p>La scelta di questa opzione consente di rilevare quando il ciclista sta pedalando, per inviare una potenza del motore scelta tra 0 e 100% senza alcun intervento sul grilletto (come in una classica Mountain bikes elettrica). Tuttavia, non sar\u00e0 pi\u00f9 possibile utilizzare l&#8217;innesco.<\/p>\n<div id=\"yiv8121086712yui_3_16_0_ym19_1_1499670900712_5929\">\n<h5 dir=\"ltr\">Funzionamento del kit flangia.<\/h5>\n<div id=\"yiv8121086712yui_3_16_0_ym19_1_1499670900712_6206\" dir=\"ltr\">Il gruppo fascio\/regolatore\/sensore \u00e8 dotato di un pulsante a 2 posizioni ON\/OFF.<\/div>\n<div dir=\"ltr\"><\/div>\n<div dir=\"ltr\">-1- In posizione OFF (quando si preme il pulsante).<\/div>\n<div dir=\"ltr\">Il controller \u00e8 scollegato, non \u00e8 possibile fornire assistenza.<\/div>\n<div dir=\"ltr\"><\/div>\n<div dir=\"ltr\">-2 &#8211; In posizione ON (quando si estrae il pulsante).<\/div>\n<div dir=\"ltr\">Il sensore rileva quando la guarnitura gira, per inviare potenza al motore, la manopola, che \u00e8 un potenziometro, gira in modo da avere una sottoregolazione tra lo 0% e il 100% della potenza del motore elettrico, in modo pi\u00f9 preciso e veloce rispetto a una gestione per modalit\u00e0 diverse che troviamo nei nostri concorrenti.<\/div>\n<div dir=\"ltr\"><\/div>\n<div dir=\"ltr\">Si noti che un sensore sulla ruota, come ad esempio un ciclocomputer, limiter\u00e0 la velocit\u00e0 massima di assistenza a 25Km\/h.<\/div>\n<div dir=\"ltr\">Il grilletto non sar\u00e0 pi\u00f9 attivato se si sceglie la versione con flangia.<\/div>\n<\/div>\n<div dir=\"ltr\"><\/div>\n<div dir=\"ltr\"><strong>Prezzo dell&#8217;opzione morsetto del cambio su un nuovo kit LIFT MTB:<\/strong> 130 euro (compreso il sensore della guarnitura a 99 euro + il morsetto a 30 euro).<\/div>\n<div dir=\"ltr\"><\/div>\n<div dir=\"ltr\"><strong>Prezzo del kit flangia cambio su un kit LIFT MTB non flangiato:<\/strong> 230 euro<\/div>\n<div dir=\"ltr\">( incluso: il sensore del pedale 99euro \/ il controller v4 + il cablaggio 120euro + il sistema di pulsanti on\/off + il morsetto 30euro)<\/div>\n<div dir=\"ltr\"><\/div>\n<div dir=\"ltr\">Contattateci se volete modificare un cablaggio esistente per adattarlo a una flangia di velocit\u00e0.<\/div>\n","protected":false},"excerpt":{"rendered":"<p>Kit flangia cambio e grilletto compatibile con i sensori della guarnitura dopo giugno 2022.<\/p>\n<p>Composto da :<\/p>\n<p>-1- Sensore del movimento centrale che rileva la rotazione del movimento centrale e fornisce un&#8217;assistenza predefinita tramite il pulsante sul manubrio. (vedi l&#8217;articolo su questo argomento: <a href=\"https:\/fonctionnement-du-capteur-de-pedalier\/\">sensore a pedale per motore LIFT MTB&#8221;<\/a>)<\/p>\n<p>-2- Un sensore di velocit\u00e0 con una staffa di montaggio universale sul telaio, un magnete di rilevamento da fissare sulla ruota, che consente di trasferire la velocit\u00e0 della bicicletta.<\/p>\n<p>-3- Parte che permette di eliminare l&#8217;uso del grilletto, per adeguarsi alla normativa vigente sulle modalit\u00e0 di gestione dell&#8217;assistenza delle biciclette a pedalata assistita.<\/p>\n<p>&#8211; Si noti che l&#8217;uso del kit con il grilletto dell&#8217;acceleratore o senza limite di velocit\u00e0 \u00e8 possibile e sar\u00e0 consentito solo per l&#8217;uso fuori dalla strada pubblica.<\/p>\n","protected":false},"featured_media":42349,"comment_status":"open","ping_status":"closed","template":"","meta":[],"product_brand":[],"product_cat":[837],"product_tag":[],"class_list":{"0":"post-39339","1":"product","2":"type-product","3":"status-publish","4":"has-post-thumbnail","6":"product_cat-parti-di-ricambio","8":"first","9":"outofstock","10":"taxable","11":"shipping-taxable","12":"purchasable","13":"product-type-simple"},"yoast_head":"<!-- This site is optimized with the Yoast SEO plugin v26.9 - https:\/\/yoast.com\/product\/yoast-seo-wordpress\/ -->\n<title>kit di fissaggio per motore bici MTB LIFT<\/title>\n<meta name=\"description\" content=\"Kit di bloccaggio motore LIFT MTB: si aggiunge al kit per bloccare la velocit\u00e0 del motore limitandola al limite legale di 25km\/H.\" \/>\n<meta name=\"robots\" content=\"index, follow, max-snippet:-1, max-image-preview:large, max-video-preview:-1\" \/>\n<link rel=\"canonical\" href=\"https:\/\/www.lift-mtb.com\/it\/produit\/kit-di-collegamento-per-motore-velo-lift-mtb\/\" \/>\n<meta property=\"og:locale\" content=\"it_IT\" \/>\n<meta property=\"og:type\" content=\"article\" \/>\n<meta property=\"og:title\" content=\"kit di fissaggio per motore bici MTB LIFT\" \/>\n<meta property=\"og:description\" content=\"Kit di bloccaggio motore LIFT MTB: si aggiunge al kit per bloccare la velocit\u00e0 del motore limitandola al limite legale di 25km\/H.\" \/>\n<meta property=\"og:url\" content=\"https:\/\/www.lift-mtb.com\/it\/produit\/kit-di-collegamento-per-motore-velo-lift-mtb\/\" \/>\n<meta property=\"og:site_name\" content=\"LIFT-MTB\" \/>\n<meta property=\"article:modified_time\" content=\"2023-05-11T16:32:16+00:00\" \/>\n<meta property=\"og:image\" content=\"https:\/\/www.lift-mtb.com\/wp-content\/uploads\/2022\/07\/capteur-de-vitesse-pedalier-1-sur-1-scaled.jpg\" \/>\n\t<meta property=\"og:image:width\" content=\"2560\" \/>\n\t<meta property=\"og:image:height\" content=\"1695\" \/>\n\t<meta property=\"og:image:type\" content=\"image\/jpeg\" \/>\n<meta name=\"twitter:card\" content=\"summary_large_image\" \/>\n<meta name=\"twitter:label1\" content=\"Tempo di lettura stimato\" \/>\n\t<meta name=\"twitter:data1\" content=\"2 minuti\" \/>\n<script type=\"application\/ld+json\" class=\"yoast-schema-graph\">{\"@context\":\"https:\/\/schema.org\",\"@graph\":[{\"@type\":\"WebPage\",\"@id\":\"https:\/\/www.lift-mtb.com\/it\/produit\/kit-di-collegamento-per-motore-velo-lift-mtb\/\",\"url\":\"https:\/\/www.lift-mtb.com\/it\/produit\/kit-di-collegamento-per-motore-velo-lift-mtb\/\",\"name\":\"kit di fissaggio per motore bici MTB LIFT\",\"isPartOf\":{\"@id\":\"https:\/\/www.lift-mtb.com\/it\/#website\"},\"primaryImageOfPage\":{\"@id\":\"https:\/\/www.lift-mtb.com\/it\/produit\/kit-di-collegamento-per-motore-velo-lift-mtb\/#primaryimage\"},\"image\":{\"@id\":\"https:\/\/www.lift-mtb.com\/it\/produit\/kit-di-collegamento-per-motore-velo-lift-mtb\/#primaryimage\"},\"thumbnailUrl\":\"https:\/\/www.lift-mtb.com\/wp-content\/uploads\/2022\/07\/capteur-de-vitesse-pedalier-1-sur-1-scaled.jpg\",\"datePublished\":\"2022-07-12T14:18:39+00:00\",\"dateModified\":\"2023-05-11T16:32:16+00:00\",\"description\":\"Kit di bloccaggio motore LIFT MTB: si aggiunge al kit per bloccare la velocit\u00e0 del motore limitandola al limite legale di 25km\/H.\",\"breadcrumb\":{\"@id\":\"https:\/\/www.lift-mtb.com\/it\/produit\/kit-di-collegamento-per-motore-velo-lift-mtb\/#breadcrumb\"},\"inLanguage\":\"it-IT\",\"potentialAction\":[{\"@type\":\"ReadAction\",\"target\":[\"https:\/\/www.lift-mtb.com\/it\/produit\/kit-di-collegamento-per-motore-velo-lift-mtb\/\"]}]},{\"@type\":\"ImageObject\",\"inLanguage\":\"it-IT\",\"@id\":\"https:\/\/www.lift-mtb.com\/it\/produit\/kit-di-collegamento-per-motore-velo-lift-mtb\/#primaryimage\",\"url\":\"https:\/\/www.lift-mtb.com\/wp-content\/uploads\/2022\/07\/capteur-de-vitesse-pedalier-1-sur-1-scaled.jpg\",\"contentUrl\":\"https:\/\/www.lift-mtb.com\/wp-content\/uploads\/2022\/07\/capteur-de-vitesse-pedalier-1-sur-1-scaled.jpg\",\"width\":2560,\"height\":1695,\"caption\":\"capteur pas avec bride\"},{\"@type\":\"BreadcrumbList\",\"@id\":\"https:\/\/www.lift-mtb.com\/it\/produit\/kit-di-collegamento-per-motore-velo-lift-mtb\/#breadcrumb\",\"itemListElement\":[{\"@type\":\"ListItem\",\"position\":1,\"name\":\"Accueil\",\"item\":\"https:\/\/www.lift-mtb.com\/it\/\"},{\"@type\":\"ListItem\",\"position\":2,\"name\":\"Negozio\",\"item\":\"https:\/\/www.lift-mtb.com\/it\/negozio\/\"},{\"@type\":\"ListItem\",\"position\":3,\"name\":\"Parti di ricambio\",\"item\":\"https:\/\/www.lift-mtb.com\/it\/categoria-di-prodotto\/parti-di-ricambio\/\"},{\"@type\":\"ListItem\",\"position\":4,\"name\":\"Kit di serraggio 25Km\/h\"}]},{\"@type\":\"WebSite\",\"@id\":\"https:\/\/www.lift-mtb.com\/it\/#website\",\"url\":\"https:\/\/www.lift-mtb.com\/it\/\",\"name\":\"LIFT-MTB\",\"description\":\"Transformer son v\u00e9lo en \u00e9lectrique rapidement !\",\"publisher\":{\"@id\":\"https:\/\/www.lift-mtb.com\/it\/#organization\"},\"potentialAction\":[{\"@type\":\"SearchAction\",\"target\":{\"@type\":\"EntryPoint\",\"urlTemplate\":\"https:\/\/www.lift-mtb.com\/it\/?s={search_term_string}\"},\"query-input\":{\"@type\":\"PropertyValueSpecification\",\"valueRequired\":true,\"valueName\":\"search_term_string\"}}],\"inLanguage\":\"it-IT\"},{\"@type\":\"Organization\",\"@id\":\"https:\/\/www.lift-mtb.com\/it\/#organization\",\"name\":\"LIFT-MTB\",\"url\":\"https:\/\/www.lift-mtb.com\/it\/\",\"logo\":{\"@type\":\"ImageObject\",\"inLanguage\":\"it-IT\",\"@id\":\"https:\/\/www.lift-mtb.com\/it\/#\/schema\/logo\/image\/\",\"url\":\"https:\/\/www.lift-mtb.com\/wp-content\/uploads\/2022\/01\/electric-kit-for-bike-1.jpg\",\"contentUrl\":\"https:\/\/www.lift-mtb.com\/wp-content\/uploads\/2022\/01\/electric-kit-for-bike-1.jpg\",\"width\":1223,\"height\":560,\"caption\":\"LIFT-MTB\"},\"image\":{\"@id\":\"https:\/\/www.lift-mtb.com\/it\/#\/schema\/logo\/image\/\"}}]}<\/script>\n<!-- \/ Yoast SEO plugin. -->","yoast_head_json":{"title":"kit di fissaggio per motore bici MTB LIFT","description":"Kit di bloccaggio motore LIFT MTB: si aggiunge al kit per bloccare la velocit\u00e0 del motore limitandola al limite legale di 25km\/H.","robots":{"index":"index","follow":"follow","max-snippet":"max-snippet:-1","max-image-preview":"max-image-preview:large","max-video-preview":"max-video-preview:-1"},"canonical":"https:\/\/www.lift-mtb.com\/it\/produit\/kit-di-collegamento-per-motore-velo-lift-mtb\/","og_locale":"it_IT","og_type":"article","og_title":"kit di fissaggio per motore bici MTB LIFT","og_description":"Kit di bloccaggio motore LIFT MTB: si aggiunge al kit per bloccare la velocit\u00e0 del motore limitandola al limite legale di 25km\/H.","og_url":"https:\/\/www.lift-mtb.com\/it\/produit\/kit-di-collegamento-per-motore-velo-lift-mtb\/","og_site_name":"LIFT-MTB","article_modified_time":"2023-05-11T16:32:16+00:00","og_image":[{"width":2560,"height":1695,"url":"https:\/\/www.lift-mtb.com\/wp-content\/uploads\/2022\/07\/capteur-de-vitesse-pedalier-1-sur-1-scaled.jpg","type":"image\/jpeg"}],"twitter_card":"summary_large_image","twitter_misc":{"Tempo di lettura stimato":"2 minuti"},"schema":{"@context":"https:\/\/schema.org","@graph":[{"@type":"WebPage","@id":"https:\/\/www.lift-mtb.com\/it\/produit\/kit-di-collegamento-per-motore-velo-lift-mtb\/","url":"https:\/\/www.lift-mtb.com\/it\/produit\/kit-di-collegamento-per-motore-velo-lift-mtb\/","name":"kit di fissaggio per motore bici MTB LIFT","isPartOf":{"@id":"https:\/\/www.lift-mtb.com\/it\/#website"},"primaryImageOfPage":{"@id":"https:\/\/www.lift-mtb.com\/it\/produit\/kit-di-collegamento-per-motore-velo-lift-mtb\/#primaryimage"},"image":{"@id":"https:\/\/www.lift-mtb.com\/it\/produit\/kit-di-collegamento-per-motore-velo-lift-mtb\/#primaryimage"},"thumbnailUrl":"https:\/\/www.lift-mtb.com\/wp-content\/uploads\/2022\/07\/capteur-de-vitesse-pedalier-1-sur-1-scaled.jpg","datePublished":"2022-07-12T14:18:39+00:00","dateModified":"2023-05-11T16:32:16+00:00","description":"Kit di bloccaggio motore LIFT MTB: si aggiunge al kit per bloccare la velocit\u00e0 del motore limitandola al limite legale di 25km\/H.","breadcrumb":{"@id":"https:\/\/www.lift-mtb.com\/it\/produit\/kit-di-collegamento-per-motore-velo-lift-mtb\/#breadcrumb"},"inLanguage":"it-IT","potentialAction":[{"@type":"ReadAction","target":["https:\/\/www.lift-mtb.com\/it\/produit\/kit-di-collegamento-per-motore-velo-lift-mtb\/"]}]},{"@type":"ImageObject","inLanguage":"it-IT","@id":"https:\/\/www.lift-mtb.com\/it\/produit\/kit-di-collegamento-per-motore-velo-lift-mtb\/#primaryimage","url":"https:\/\/www.lift-mtb.com\/wp-content\/uploads\/2022\/07\/capteur-de-vitesse-pedalier-1-sur-1-scaled.jpg","contentUrl":"https:\/\/www.lift-mtb.com\/wp-content\/uploads\/2022\/07\/capteur-de-vitesse-pedalier-1-sur-1-scaled.jpg","width":2560,"height":1695,"caption":"capteur pas avec bride"},{"@type":"BreadcrumbList","@id":"https:\/\/www.lift-mtb.com\/it\/produit\/kit-di-collegamento-per-motore-velo-lift-mtb\/#breadcrumb","itemListElement":[{"@type":"ListItem","position":1,"name":"Accueil","item":"https:\/\/www.lift-mtb.com\/it\/"},{"@type":"ListItem","position":2,"name":"Negozio","item":"https:\/\/www.lift-mtb.com\/it\/negozio\/"},{"@type":"ListItem","position":3,"name":"Parti di ricambio","item":"https:\/\/www.lift-mtb.com\/it\/categoria-di-prodotto\/parti-di-ricambio\/"},{"@type":"ListItem","position":4,"name":"Kit di serraggio 25Km\/h"}]},{"@type":"WebSite","@id":"https:\/\/www.lift-mtb.com\/it\/#website","url":"https:\/\/www.lift-mtb.com\/it\/","name":"LIFT-MTB","description":"Transformer son v\u00e9lo en \u00e9lectrique rapidement !","publisher":{"@id":"https:\/\/www.lift-mtb.com\/it\/#organization"},"potentialAction":[{"@type":"SearchAction","target":{"@type":"EntryPoint","urlTemplate":"https:\/\/www.lift-mtb.com\/it\/?s={search_term_string}"},"query-input":{"@type":"PropertyValueSpecification","valueRequired":true,"valueName":"search_term_string"}}],"inLanguage":"it-IT"},{"@type":"Organization","@id":"https:\/\/www.lift-mtb.com\/it\/#organization","name":"LIFT-MTB","url":"https:\/\/www.lift-mtb.com\/it\/","logo":{"@type":"ImageObject","inLanguage":"it-IT","@id":"https:\/\/www.lift-mtb.com\/it\/#\/schema\/logo\/image\/","url":"https:\/\/www.lift-mtb.com\/wp-content\/uploads\/2022\/01\/electric-kit-for-bike-1.jpg","contentUrl":"https:\/\/www.lift-mtb.com\/wp-content\/uploads\/2022\/01\/electric-kit-for-bike-1.jpg","width":1223,"height":560,"caption":"LIFT-MTB"},"image":{"@id":"https:\/\/www.lift-mtb.com\/it\/#\/schema\/logo\/image\/"}}]}},"_links":{"self":[{"href":"https:\/\/www.lift-mtb.com\/it\/wp-json\/wp\/v2\/product\/39339","targetHints":{"allow":["GET"]}}],"collection":[{"href":"https:\/\/www.lift-mtb.com\/it\/wp-json\/wp\/v2\/product"}],"about":[{"href":"https:\/\/www.lift-mtb.com\/it\/wp-json\/wp\/v2\/types\/product"}],"replies":[{"embeddable":true,"href":"https:\/\/www.lift-mtb.com\/it\/wp-json\/wp\/v2\/comments?post=39339"}],"wp:featuredmedia":[{"embeddable":true,"href":"https:\/\/www.lift-mtb.com\/it\/wp-json\/wp\/v2\/media\/42349"}],"wp:attachment":[{"href":"https:\/\/www.lift-mtb.com\/it\/wp-json\/wp\/v2\/media?parent=39339"}],"wp:term":[{"taxonomy":"product_brand","embeddable":true,"href":"https:\/\/www.lift-mtb.com\/it\/wp-json\/wp\/v2\/product_brand?post=39339"},{"taxonomy":"product_cat","embeddable":true,"href":"https:\/\/www.lift-mtb.com\/it\/wp-json\/wp\/v2\/product_cat?post=39339"},{"taxonomy":"product_tag","embeddable":true,"href":"https:\/\/www.lift-mtb.com\/it\/wp-json\/wp\/v2\/product_tag?post=39339"}],"curies":[{"name":"wp","href":"https:\/\/api.w.org\/{rel}","templated":true}]}}