{"id":39362,"date":"2022-02-24T14:44:53","date_gmt":"2022-02-24T13:44:53","guid":{"rendered":"https:\/produit\/avvolgimento-del-motore-singolo-lift-mtb\/"},"modified":"2024-06-06T00:37:55","modified_gmt":"2024-06-05T22:37:55","slug":"avvolgimento-motore-alone-motore-elettrico-velo-lift-mtb","status":"publish","type":"product","link":"https:\/\/www.lift-mtb.com\/it\/produit\/avvolgimento-motore-alone-motore-elettrico-velo-lift-mtb\/","title":{"rendered":"Avvolgimento solo motore LIFT-MTB"},"content":{"rendered":"<p>Avvolgimento di <a href=\"https:\/\/www.youtube.com\/watch?v=g0aRczJ2-uA\">motori elettrici per biciclette.<\/a><\/p>\n<p>L&#8217;avvolgimento del motore a spazzole \u00e8 un componente chiave dei motori elettrici utilizzati nelle biciclette elettriche. Questo tipo di motore funziona utilizzando magneti permanenti e spazzole di carbone per fornire energia al motore e farlo girare.<\/p>\n<p>Le bobine sono avvolte attorno al rotore del motore. Che viene poi alimentato con corrente elettrica per creare un campo magnetico. Questo campo magnetico provoca la rotazione del rotore. Questo fa girare la ruota posteriore della bicicletta e la spinge in avanti.<\/p>\n<p>I motori a spazzole sono una tecnologia comunemente utilizzata nelle biciclette elettriche per il loro basso costo e la facilit\u00e0 di manutenzione.<\/p>\n<p>Rimangono un&#8217;opzione popolare per gli utenti che desiderano <strong>convertire la propria bicicletta in una bici elettrica<\/strong>.<\/p>\n<p>L&#8217;avvolgimento del motore elettrico in un motore a spazzole deve essere preciso per garantire un funzionamento efficiente.<\/p>\n<p>Per gli avvolgimenti si utilizza anche un filo di rame di alta qualit\u00e0. Ci\u00f2 consente di ottenere una conducibilit\u00e0 elettrica ottimale e una resistenza minima.<\/p>\n<p>Le <a href=\"https:\/technologie-du-moteur\/\">bobine<\/a> devono essere isolate per evitare cortocircuiti e guasti elettrici.<\/p>\n<p>L&#8217;avvolgimento del motore a spazzole \u00e8 un componente fondamentale e molto robusto dei motori delle biciclette elettriche, non richiede alcuna manutenzione specifica e pu\u00f2 durare per tutta la vita della bicicletta elettrica, perch\u00e9 anche le spazzole sono elementi molto robusti che vengono sostituiti raramente se non mai, la nostra motorizzazione \u00e8 davvero molto robusta e affidabile!<\/p>\n","protected":false},"excerpt":{"rendered":"<p><strong>Avvolgimento del motore elettrico per bicicletta Descrizione:<\/strong><\/p>\n<ul>\n<li>Avvolgimento per <a href=\"https:\/technologie-du-moteur\/\">motore elettrico per bicicletta<\/a> singola.<\/li>\n<li>Si tratta di un componente generalmente molto robusto, che \u00e8 estremamente raro dover sostituire.<\/li>\n<li>L&#8217;avvolgimento di un motore elettrico in cattive condizioni \u00e8 di colore molto scuro, addirittura nero se \u00e8 stato sottoposto a un eccessivo lavoro.<\/li>\n<\/ul>\n","protected":false},"featured_media":8441,"comment_status":"open","ping_status":"closed","template":"","meta":[],"product_brand":[],"product_cat":[837,849],"product_tag":[],"class_list":{"0":"post-39362","1":"product","2":"type-product","3":"status-publish","4":"has-post-thumbnail","6":"product_cat-parti-di-ricambio","7":"product_cat-parti-elettroniche","9":"first","10":"instock","11":"taxable","12":"shipping-taxable","13":"purchasable","14":"product-type-simple"},"yoast_head":"<!-- This site is optimized with the Yoast SEO plugin v26.9 - https:\/\/yoast.com\/product\/yoast-seo-wordpress\/ -->\n<title>Avvolgimento del motore elettrico per bicicletta e Mountain bikes LIFT-MTB<\/title>\n<meta name=\"description\" content=\"Bobina del motore rimovibile solo per la bici LIFT-MTB, anche se praticamente infrangibile, dettagliiamo tutte le parti del nostro kit per bici elettriche\" \/>\n<meta name=\"robots\" content=\"index, follow, max-snippet:-1, max-image-preview:large, max-video-preview:-1\" \/>\n<link rel=\"canonical\" href=\"https:\/\/www.lift-mtb.com\/it\/produit\/avvolgimento-motore-alone-motore-elettrico-velo-lift-mtb\/\" \/>\n<meta property=\"og:locale\" content=\"it_IT\" \/>\n<meta property=\"og:type\" content=\"article\" \/>\n<meta property=\"og:title\" content=\"Avvolgimento del motore elettrico per bicicletta e Mountain bikes LIFT-MTB\" \/>\n<meta property=\"og:description\" content=\"Bobina del motore rimovibile solo per la bici LIFT-MTB, anche se praticamente infrangibile, dettagliiamo tutte le parti del nostro kit per bici elettriche\" \/>\n<meta property=\"og:url\" content=\"https:\/\/www.lift-mtb.com\/it\/produit\/avvolgimento-motore-alone-motore-elettrico-velo-lift-mtb\/\" \/>\n<meta property=\"og:site_name\" content=\"LIFT-MTB\" \/>\n<meta property=\"article:modified_time\" content=\"2024-06-05T22:37:55+00:00\" \/>\n<meta property=\"og:image\" content=\"https:\/\/www.lift-mtb.com\/wp-content\/uploads\/2022\/02\/bobinage-2.jpg\" \/>\n\t<meta property=\"og:image:width\" content=\"1280\" \/>\n\t<meta property=\"og:image:height\" content=\"720\" \/>\n\t<meta property=\"og:image:type\" content=\"image\/jpeg\" \/>\n<meta name=\"twitter:card\" content=\"summary_large_image\" \/>\n<meta name=\"twitter:label1\" content=\"Tempo di lettura stimato\" \/>\n\t<meta name=\"twitter:data1\" content=\"1 minuto\" \/>\n<script type=\"application\/ld+json\" class=\"yoast-schema-graph\">{\"@context\":\"https:\/\/schema.org\",\"@graph\":[{\"@type\":\"WebPage\",\"@id\":\"https:\/\/www.lift-mtb.com\/it\/produit\/avvolgimento-motore-alone-motore-elettrico-velo-lift-mtb\/\",\"url\":\"https:\/\/www.lift-mtb.com\/it\/produit\/avvolgimento-motore-alone-motore-elettrico-velo-lift-mtb\/\",\"name\":\"Avvolgimento del motore elettrico per bicicletta e Mountain bikes LIFT-MTB\",\"isPartOf\":{\"@id\":\"https:\/\/www.lift-mtb.com\/it\/#website\"},\"primaryImageOfPage\":{\"@id\":\"https:\/\/www.lift-mtb.com\/it\/produit\/avvolgimento-motore-alone-motore-elettrico-velo-lift-mtb\/#primaryimage\"},\"image\":{\"@id\":\"https:\/\/www.lift-mtb.com\/it\/produit\/avvolgimento-motore-alone-motore-elettrico-velo-lift-mtb\/#primaryimage\"},\"thumbnailUrl\":\"https:\/\/www.lift-mtb.com\/wp-content\/uploads\/2022\/02\/bobinage-2.jpg\",\"datePublished\":\"2022-02-24T13:44:53+00:00\",\"dateModified\":\"2024-06-05T22:37:55+00:00\",\"description\":\"Bobina del motore rimovibile solo per la bici LIFT-MTB, anche se praticamente infrangibile, dettagliiamo tutte le parti del nostro kit per bici elettriche\",\"breadcrumb\":{\"@id\":\"https:\/\/www.lift-mtb.com\/it\/produit\/avvolgimento-motore-alone-motore-elettrico-velo-lift-mtb\/#breadcrumb\"},\"inLanguage\":\"it-IT\",\"potentialAction\":[{\"@type\":\"ReadAction\",\"target\":[\"https:\/\/www.lift-mtb.com\/it\/produit\/avvolgimento-motore-alone-motore-elettrico-velo-lift-mtb\/\"]}]},{\"@type\":\"ImageObject\",\"inLanguage\":\"it-IT\",\"@id\":\"https:\/\/www.lift-mtb.com\/it\/produit\/avvolgimento-motore-alone-motore-elettrico-velo-lift-mtb\/#primaryimage\",\"url\":\"https:\/\/www.lift-mtb.com\/wp-content\/uploads\/2022\/02\/bobinage-2.jpg\",\"contentUrl\":\"https:\/\/www.lift-mtb.com\/wp-content\/uploads\/2022\/02\/bobinage-2.jpg\",\"width\":1280,\"height\":720,\"caption\":\"Avvolgimento di biciclette elettriche\"},{\"@type\":\"BreadcrumbList\",\"@id\":\"https:\/\/www.lift-mtb.com\/it\/produit\/avvolgimento-motore-alone-motore-elettrico-velo-lift-mtb\/#breadcrumb\",\"itemListElement\":[{\"@type\":\"ListItem\",\"position\":1,\"name\":\"Accueil\",\"item\":\"https:\/\/www.lift-mtb.com\/it\/\"},{\"@type\":\"ListItem\",\"position\":2,\"name\":\"Negozio\",\"item\":\"https:\/\/www.lift-mtb.com\/it\/negozio\/\"},{\"@type\":\"ListItem\",\"position\":3,\"name\":\"Parti di ricambio\",\"item\":\"https:\/\/www.lift-mtb.com\/it\/categoria-di-prodotto\/parti-di-ricambio\/\"},{\"@type\":\"ListItem\",\"position\":4,\"name\":\"Parti elettroniche\",\"item\":\"https:\/\/www.lift-mtb.com\/it\/categoria-di-prodotto\/parti-di-ricambio\/parti-elettroniche\/\"},{\"@type\":\"ListItem\",\"position\":5,\"name\":\"Avvolgimento solo motore LIFT-MTB\"}]},{\"@type\":\"WebSite\",\"@id\":\"https:\/\/www.lift-mtb.com\/it\/#website\",\"url\":\"https:\/\/www.lift-mtb.com\/it\/\",\"name\":\"LIFT-MTB\",\"description\":\"Transformer son v\u00e9lo en \u00e9lectrique rapidement !\",\"publisher\":{\"@id\":\"https:\/\/www.lift-mtb.com\/it\/#organization\"},\"potentialAction\":[{\"@type\":\"SearchAction\",\"target\":{\"@type\":\"EntryPoint\",\"urlTemplate\":\"https:\/\/www.lift-mtb.com\/it\/?s={search_term_string}\"},\"query-input\":{\"@type\":\"PropertyValueSpecification\",\"valueRequired\":true,\"valueName\":\"search_term_string\"}}],\"inLanguage\":\"it-IT\"},{\"@type\":\"Organization\",\"@id\":\"https:\/\/www.lift-mtb.com\/it\/#organization\",\"name\":\"LIFT-MTB\",\"url\":\"https:\/\/www.lift-mtb.com\/it\/\",\"logo\":{\"@type\":\"ImageObject\",\"inLanguage\":\"it-IT\",\"@id\":\"https:\/\/www.lift-mtb.com\/it\/#\/schema\/logo\/image\/\",\"url\":\"https:\/\/www.lift-mtb.com\/wp-content\/uploads\/2022\/01\/electric-kit-for-bike-1.jpg\",\"contentUrl\":\"https:\/\/www.lift-mtb.com\/wp-content\/uploads\/2022\/01\/electric-kit-for-bike-1.jpg\",\"width\":1223,\"height\":560,\"caption\":\"LIFT-MTB\"},\"image\":{\"@id\":\"https:\/\/www.lift-mtb.com\/it\/#\/schema\/logo\/image\/\"}}]}<\/script>\n<!-- \/ Yoast SEO plugin. -->","yoast_head_json":{"title":"Avvolgimento del motore elettrico per bicicletta e Mountain bikes LIFT-MTB","description":"Bobina del motore rimovibile solo per la bici LIFT-MTB, anche se praticamente infrangibile, dettagliiamo tutte le parti del nostro kit per bici elettriche","robots":{"index":"index","follow":"follow","max-snippet":"max-snippet:-1","max-image-preview":"max-image-preview:large","max-video-preview":"max-video-preview:-1"},"canonical":"https:\/\/www.lift-mtb.com\/it\/produit\/avvolgimento-motore-alone-motore-elettrico-velo-lift-mtb\/","og_locale":"it_IT","og_type":"article","og_title":"Avvolgimento del motore elettrico per bicicletta e Mountain bikes LIFT-MTB","og_description":"Bobina del motore rimovibile solo per la bici LIFT-MTB, anche se praticamente infrangibile, dettagliiamo tutte le parti del nostro kit per bici elettriche","og_url":"https:\/\/www.lift-mtb.com\/it\/produit\/avvolgimento-motore-alone-motore-elettrico-velo-lift-mtb\/","og_site_name":"LIFT-MTB","article_modified_time":"2024-06-05T22:37:55+00:00","og_image":[{"width":1280,"height":720,"url":"https:\/\/www.lift-mtb.com\/wp-content\/uploads\/2022\/02\/bobinage-2.jpg","type":"image\/jpeg"}],"twitter_card":"summary_large_image","twitter_misc":{"Tempo di lettura stimato":"1 minuto"},"schema":{"@context":"https:\/\/schema.org","@graph":[{"@type":"WebPage","@id":"https:\/\/www.lift-mtb.com\/it\/produit\/avvolgimento-motore-alone-motore-elettrico-velo-lift-mtb\/","url":"https:\/\/www.lift-mtb.com\/it\/produit\/avvolgimento-motore-alone-motore-elettrico-velo-lift-mtb\/","name":"Avvolgimento del motore elettrico per bicicletta e Mountain bikes LIFT-MTB","isPartOf":{"@id":"https:\/\/www.lift-mtb.com\/it\/#website"},"primaryImageOfPage":{"@id":"https:\/\/www.lift-mtb.com\/it\/produit\/avvolgimento-motore-alone-motore-elettrico-velo-lift-mtb\/#primaryimage"},"image":{"@id":"https:\/\/www.lift-mtb.com\/it\/produit\/avvolgimento-motore-alone-motore-elettrico-velo-lift-mtb\/#primaryimage"},"thumbnailUrl":"https:\/\/www.lift-mtb.com\/wp-content\/uploads\/2022\/02\/bobinage-2.jpg","datePublished":"2022-02-24T13:44:53+00:00","dateModified":"2024-06-05T22:37:55+00:00","description":"Bobina del motore rimovibile solo per la bici LIFT-MTB, anche se praticamente infrangibile, dettagliiamo tutte le parti del nostro kit per bici elettriche","breadcrumb":{"@id":"https:\/\/www.lift-mtb.com\/it\/produit\/avvolgimento-motore-alone-motore-elettrico-velo-lift-mtb\/#breadcrumb"},"inLanguage":"it-IT","potentialAction":[{"@type":"ReadAction","target":["https:\/\/www.lift-mtb.com\/it\/produit\/avvolgimento-motore-alone-motore-elettrico-velo-lift-mtb\/"]}]},{"@type":"ImageObject","inLanguage":"it-IT","@id":"https:\/\/www.lift-mtb.com\/it\/produit\/avvolgimento-motore-alone-motore-elettrico-velo-lift-mtb\/#primaryimage","url":"https:\/\/www.lift-mtb.com\/wp-content\/uploads\/2022\/02\/bobinage-2.jpg","contentUrl":"https:\/\/www.lift-mtb.com\/wp-content\/uploads\/2022\/02\/bobinage-2.jpg","width":1280,"height":720,"caption":"Avvolgimento di biciclette elettriche"},{"@type":"BreadcrumbList","@id":"https:\/\/www.lift-mtb.com\/it\/produit\/avvolgimento-motore-alone-motore-elettrico-velo-lift-mtb\/#breadcrumb","itemListElement":[{"@type":"ListItem","position":1,"name":"Accueil","item":"https:\/\/www.lift-mtb.com\/it\/"},{"@type":"ListItem","position":2,"name":"Negozio","item":"https:\/\/www.lift-mtb.com\/it\/negozio\/"},{"@type":"ListItem","position":3,"name":"Parti di ricambio","item":"https:\/\/www.lift-mtb.com\/it\/categoria-di-prodotto\/parti-di-ricambio\/"},{"@type":"ListItem","position":4,"name":"Parti elettroniche","item":"https:\/\/www.lift-mtb.com\/it\/categoria-di-prodotto\/parti-di-ricambio\/parti-elettroniche\/"},{"@type":"ListItem","position":5,"name":"Avvolgimento solo motore LIFT-MTB"}]},{"@type":"WebSite","@id":"https:\/\/www.lift-mtb.com\/it\/#website","url":"https:\/\/www.lift-mtb.com\/it\/","name":"LIFT-MTB","description":"Transformer son v\u00e9lo en \u00e9lectrique rapidement !","publisher":{"@id":"https:\/\/www.lift-mtb.com\/it\/#organization"},"potentialAction":[{"@type":"SearchAction","target":{"@type":"EntryPoint","urlTemplate":"https:\/\/www.lift-mtb.com\/it\/?s={search_term_string}"},"query-input":{"@type":"PropertyValueSpecification","valueRequired":true,"valueName":"search_term_string"}}],"inLanguage":"it-IT"},{"@type":"Organization","@id":"https:\/\/www.lift-mtb.com\/it\/#organization","name":"LIFT-MTB","url":"https:\/\/www.lift-mtb.com\/it\/","logo":{"@type":"ImageObject","inLanguage":"it-IT","@id":"https:\/\/www.lift-mtb.com\/it\/#\/schema\/logo\/image\/","url":"https:\/\/www.lift-mtb.com\/wp-content\/uploads\/2022\/01\/electric-kit-for-bike-1.jpg","contentUrl":"https:\/\/www.lift-mtb.com\/wp-content\/uploads\/2022\/01\/electric-kit-for-bike-1.jpg","width":1223,"height":560,"caption":"LIFT-MTB"},"image":{"@id":"https:\/\/www.lift-mtb.com\/it\/#\/schema\/logo\/image\/"}}]}},"_links":{"self":[{"href":"https:\/\/www.lift-mtb.com\/it\/wp-json\/wp\/v2\/product\/39362","targetHints":{"allow":["GET"]}}],"collection":[{"href":"https:\/\/www.lift-mtb.com\/it\/wp-json\/wp\/v2\/product"}],"about":[{"href":"https:\/\/www.lift-mtb.com\/it\/wp-json\/wp\/v2\/types\/product"}],"replies":[{"embeddable":true,"href":"https:\/\/www.lift-mtb.com\/it\/wp-json\/wp\/v2\/comments?post=39362"}],"wp:featuredmedia":[{"embeddable":true,"href":"https:\/\/www.lift-mtb.com\/it\/wp-json\/wp\/v2\/media\/8441"}],"wp:attachment":[{"href":"https:\/\/www.lift-mtb.com\/it\/wp-json\/wp\/v2\/media?parent=39362"}],"wp:term":[{"taxonomy":"product_brand","embeddable":true,"href":"https:\/\/www.lift-mtb.com\/it\/wp-json\/wp\/v2\/product_brand?post=39362"},{"taxonomy":"product_cat","embeddable":true,"href":"https:\/\/www.lift-mtb.com\/it\/wp-json\/wp\/v2\/product_cat?post=39362"},{"taxonomy":"product_tag","embeddable":true,"href":"https:\/\/www.lift-mtb.com\/it\/wp-json\/wp\/v2\/product_tag?post=39362"}],"curies":[{"name":"wp","href":"https:\/\/api.w.org\/{rel}","templated":true}]}}