{"id":39366,"date":"2022-02-24T14:38:25","date_gmt":"2022-02-24T13:38:25","guid":{"rendered":"https:\/produit\/borsa-ignifuga-per-le-batterie\/"},"modified":"2024-06-06T00:37:56","modified_gmt":"2024-06-05T22:37:56","slug":"borsa-a-prova-di-batteria","status":"publish","type":"product","link":"https:\/\/www.lift-mtb.com\/it\/produit\/borsa-a-prova-di-batteria\/","title":{"rendered":"Borsa ignifuga per le batterie"},"content":{"rendered":"<p><strong>Borsa ignifuga per le batterie<\/strong><\/p>\n<p>Naturalmente. Avete bisogno di una robusta ed elegante borsa per batteria ignifuga da esterno per la vostra bicicletta elettrica? Se \u00e8 cos\u00ec, questa borsa per batterie nera e antigraffio \u00e8 proprio quello che fa per voi.<\/p>\n<div dir=\"ltr\"><\/div>\n<div>Realizzato con un tessuto ignifugo nero ad alta densit\u00e0 e una struttura multistrato. Questa borsa per batteria \u00e8 stata progettata per proteggere al meglio la preziosa batteria della bicicletta elettrica. \u00c8 dotato di un sistema di fissaggio in velcro robusto e facile da usare per evitare scivolate o cadute impreviste.<\/div>\n<div><\/div>\n<div>Inoltre, la borsa portabatterie \u00e8 progettata con doppie cuciture per garantire la massima sicurezza e protezione a lungo termine. Questa \u00e8 l&#8217;unica borsa che offre protezione e praticit\u00e0. \u00c8 una buona scelta se si deve guidare la bicicletta elettrica per molto tempo con la<a href=\"https:\/\/www.youtube.com\/watch?v=4lZmxDP_WwU\"> batteria<\/a>.<\/div>\n<div>\n<div><\/div>\n<div><\/div>\n<div>Realizzati con materiali molto robusti per garantire affidabilit\u00e0 e durata costanti. Questa borsa nera ignifuga con velcro \u00e8 l&#8217;accessorio ideale per i vostri viaggi in bicicletta elettrica. La struttura robusta e il design ergonomico consentono un trasporto delicato e sicuro. Utilizzate questa borsa per trasportare <a href=\"https:\/entretien-du-moteur\/\">in sicurezza<\/a> la vostra preziosa batteria di bicicletta elettrica.<\/div>\n<div id=\"yiv1624593109ms-outlook-mobile-signature\"><\/div>\n<\/div>\n<div dir=\"ltr\"><\/div>\n<p>Siete alla ricerca di una robusta ed elegante borsa portabatteria nera con velcro per la vostra bicicletta elettrica? Allora questa borsa per tamburi con velcro nero fa al caso vostro. \u00c8 stato progettato per fornire la massima protezione e comodit\u00e0 per lungo tempo. \u00c8 la scelta perfetta per gli appassionati di biciclette elettriche che apprezzano la protezione ottimale e la convenienza.<\/p>\n","protected":false},"excerpt":{"rendered":"<p><strong>Descrizione:<\/strong><\/p>\n<ul>\n<li>Disponibile in diverse dimensioni a seconda del formato della batteria (piatto o quadrato).<\/li>\n<li>Borsa ignifuga e impermeabile.<\/li>\n<\/ul>\n","protected":false},"featured_media":8402,"comment_status":"open","ping_status":"closed","template":"","meta":[],"product_brand":[],"product_cat":[837,849],"product_tag":[],"class_list":{"0":"post-39366","1":"product","2":"type-product","3":"status-publish","4":"has-post-thumbnail","6":"product_cat-parti-di-ricambio","7":"product_cat-parti-elettroniche","9":"first","10":"instock","11":"taxable","12":"shipping-taxable","13":"purchasable","14":"product-type-variable"},"yoast_head":"<!-- This site is optimized with the Yoast SEO plugin v26.9 - https:\/\/yoast.com\/product\/yoast-seo-wordpress\/ -->\n<title>Borsa ignifuga per batterie - Borsa ignifuga .<\/title>\n<meta name=\"description\" content=\"Borsa ignifuga per batterie - Disponibile in diverse misure a seconda delle dimensioni della batteria. Borsa ignifuga e impermeabile.\" \/>\n<meta name=\"robots\" content=\"index, follow, max-snippet:-1, max-image-preview:large, max-video-preview:-1\" \/>\n<link rel=\"canonical\" href=\"https:\/\/www.lift-mtb.com\/it\/produit\/borsa-a-prova-di-batteria\/\" \/>\n<meta property=\"og:locale\" content=\"it_IT\" \/>\n<meta property=\"og:type\" content=\"article\" \/>\n<meta property=\"og:title\" content=\"Borsa ignifuga per batterie - Borsa ignifuga .\" \/>\n<meta property=\"og:description\" content=\"Borsa ignifuga per batterie - Disponibile in diverse misure a seconda delle dimensioni della batteria. Borsa ignifuga e impermeabile.\" \/>\n<meta property=\"og:url\" content=\"https:\/\/www.lift-mtb.com\/it\/produit\/borsa-a-prova-di-batteria\/\" \/>\n<meta property=\"og:site_name\" content=\"LIFT-MTB\" \/>\n<meta property=\"article:modified_time\" content=\"2024-06-05T22:37:56+00:00\" \/>\n<meta property=\"og:image\" content=\"https:\/\/www.lift-mtb.com\/wp-content\/uploads\/2022\/02\/batterie-vttae-lift-mtb-17-4ah-sac-ignifuge-vtt-electrique-1.jpg\" \/>\n\t<meta property=\"og:image:width\" content=\"4928\" \/>\n\t<meta property=\"og:image:height\" content=\"3264\" \/>\n\t<meta property=\"og:image:type\" content=\"image\/jpeg\" \/>\n<meta name=\"twitter:card\" content=\"summary_large_image\" \/>\n<meta name=\"twitter:label1\" content=\"Tempo di lettura stimato\" \/>\n\t<meta name=\"twitter:data1\" content=\"1 minuto\" \/>\n<script type=\"application\/ld+json\" class=\"yoast-schema-graph\">{\"@context\":\"https:\/\/schema.org\",\"@graph\":[{\"@type\":\"WebPage\",\"@id\":\"https:\/\/www.lift-mtb.com\/it\/produit\/borsa-a-prova-di-batteria\/\",\"url\":\"https:\/\/www.lift-mtb.com\/it\/produit\/borsa-a-prova-di-batteria\/\",\"name\":\"Borsa ignifuga per batterie - Borsa ignifuga .\",\"isPartOf\":{\"@id\":\"https:\/\/www.lift-mtb.com\/it\/#website\"},\"primaryImageOfPage\":{\"@id\":\"https:\/\/www.lift-mtb.com\/it\/produit\/borsa-a-prova-di-batteria\/#primaryimage\"},\"image\":{\"@id\":\"https:\/\/www.lift-mtb.com\/it\/produit\/borsa-a-prova-di-batteria\/#primaryimage\"},\"thumbnailUrl\":\"https:\/\/www.lift-mtb.com\/wp-content\/uploads\/2022\/02\/batterie-vttae-lift-mtb-17-4ah-sac-ignifuge-vtt-electrique-1.jpg\",\"datePublished\":\"2022-02-24T13:38:25+00:00\",\"dateModified\":\"2024-06-05T22:37:56+00:00\",\"description\":\"Borsa ignifuga per batterie - Disponibile in diverse misure a seconda delle dimensioni della batteria. Borsa ignifuga e impermeabile.\",\"breadcrumb\":{\"@id\":\"https:\/\/www.lift-mtb.com\/it\/produit\/borsa-a-prova-di-batteria\/#breadcrumb\"},\"inLanguage\":\"it-IT\",\"potentialAction\":[{\"@type\":\"ReadAction\",\"target\":[\"https:\/\/www.lift-mtb.com\/it\/produit\/borsa-a-prova-di-batteria\/\"]}]},{\"@type\":\"ImageObject\",\"inLanguage\":\"it-IT\",\"@id\":\"https:\/\/www.lift-mtb.com\/it\/produit\/borsa-a-prova-di-batteria\/#primaryimage\",\"url\":\"https:\/\/www.lift-mtb.com\/wp-content\/uploads\/2022\/02\/batterie-vttae-lift-mtb-17-4ah-sac-ignifuge-vtt-electrique-1.jpg\",\"contentUrl\":\"https:\/\/www.lift-mtb.com\/wp-content\/uploads\/2022\/02\/batterie-vttae-lift-mtb-17-4ah-sac-ignifuge-vtt-electrique-1.jpg\",\"width\":4928,\"height\":3264,\"caption\":\"Borsa ignifuga per batteria di bicicletta elettrica\"},{\"@type\":\"BreadcrumbList\",\"@id\":\"https:\/\/www.lift-mtb.com\/it\/produit\/borsa-a-prova-di-batteria\/#breadcrumb\",\"itemListElement\":[{\"@type\":\"ListItem\",\"position\":1,\"name\":\"Accueil\",\"item\":\"https:\/\/www.lift-mtb.com\/it\/\"},{\"@type\":\"ListItem\",\"position\":2,\"name\":\"Negozio\",\"item\":\"https:\/\/www.lift-mtb.com\/it\/negozio\/\"},{\"@type\":\"ListItem\",\"position\":3,\"name\":\"Parti di ricambio\",\"item\":\"https:\/\/www.lift-mtb.com\/it\/categoria-di-prodotto\/parti-di-ricambio\/\"},{\"@type\":\"ListItem\",\"position\":4,\"name\":\"Parti elettroniche\",\"item\":\"https:\/\/www.lift-mtb.com\/it\/categoria-di-prodotto\/parti-di-ricambio\/parti-elettroniche\/\"},{\"@type\":\"ListItem\",\"position\":5,\"name\":\"Borsa ignifuga per le batterie\"}]},{\"@type\":\"WebSite\",\"@id\":\"https:\/\/www.lift-mtb.com\/it\/#website\",\"url\":\"https:\/\/www.lift-mtb.com\/it\/\",\"name\":\"LIFT-MTB\",\"description\":\"Transformer son v\u00e9lo en \u00e9lectrique rapidement !\",\"publisher\":{\"@id\":\"https:\/\/www.lift-mtb.com\/it\/#organization\"},\"potentialAction\":[{\"@type\":\"SearchAction\",\"target\":{\"@type\":\"EntryPoint\",\"urlTemplate\":\"https:\/\/www.lift-mtb.com\/it\/?s={search_term_string}\"},\"query-input\":{\"@type\":\"PropertyValueSpecification\",\"valueRequired\":true,\"valueName\":\"search_term_string\"}}],\"inLanguage\":\"it-IT\"},{\"@type\":\"Organization\",\"@id\":\"https:\/\/www.lift-mtb.com\/it\/#organization\",\"name\":\"LIFT-MTB\",\"url\":\"https:\/\/www.lift-mtb.com\/it\/\",\"logo\":{\"@type\":\"ImageObject\",\"inLanguage\":\"it-IT\",\"@id\":\"https:\/\/www.lift-mtb.com\/it\/#\/schema\/logo\/image\/\",\"url\":\"https:\/\/www.lift-mtb.com\/wp-content\/uploads\/2022\/01\/electric-kit-for-bike-1.jpg\",\"contentUrl\":\"https:\/\/www.lift-mtb.com\/wp-content\/uploads\/2022\/01\/electric-kit-for-bike-1.jpg\",\"width\":1223,\"height\":560,\"caption\":\"LIFT-MTB\"},\"image\":{\"@id\":\"https:\/\/www.lift-mtb.com\/it\/#\/schema\/logo\/image\/\"}}]}<\/script>\n<!-- \/ Yoast SEO plugin. -->","yoast_head_json":{"title":"Borsa ignifuga per batterie - Borsa ignifuga .","description":"Borsa ignifuga per batterie - Disponibile in diverse misure a seconda delle dimensioni della batteria. Borsa ignifuga e impermeabile.","robots":{"index":"index","follow":"follow","max-snippet":"max-snippet:-1","max-image-preview":"max-image-preview:large","max-video-preview":"max-video-preview:-1"},"canonical":"https:\/\/www.lift-mtb.com\/it\/produit\/borsa-a-prova-di-batteria\/","og_locale":"it_IT","og_type":"article","og_title":"Borsa ignifuga per batterie - Borsa ignifuga .","og_description":"Borsa ignifuga per batterie - Disponibile in diverse misure a seconda delle dimensioni della batteria. Borsa ignifuga e impermeabile.","og_url":"https:\/\/www.lift-mtb.com\/it\/produit\/borsa-a-prova-di-batteria\/","og_site_name":"LIFT-MTB","article_modified_time":"2024-06-05T22:37:56+00:00","og_image":[{"width":4928,"height":3264,"url":"https:\/\/www.lift-mtb.com\/wp-content\/uploads\/2022\/02\/batterie-vttae-lift-mtb-17-4ah-sac-ignifuge-vtt-electrique-1.jpg","type":"image\/jpeg"}],"twitter_card":"summary_large_image","twitter_misc":{"Tempo di lettura stimato":"1 minuto"},"schema":{"@context":"https:\/\/schema.org","@graph":[{"@type":"WebPage","@id":"https:\/\/www.lift-mtb.com\/it\/produit\/borsa-a-prova-di-batteria\/","url":"https:\/\/www.lift-mtb.com\/it\/produit\/borsa-a-prova-di-batteria\/","name":"Borsa ignifuga per batterie - Borsa ignifuga .","isPartOf":{"@id":"https:\/\/www.lift-mtb.com\/it\/#website"},"primaryImageOfPage":{"@id":"https:\/\/www.lift-mtb.com\/it\/produit\/borsa-a-prova-di-batteria\/#primaryimage"},"image":{"@id":"https:\/\/www.lift-mtb.com\/it\/produit\/borsa-a-prova-di-batteria\/#primaryimage"},"thumbnailUrl":"https:\/\/www.lift-mtb.com\/wp-content\/uploads\/2022\/02\/batterie-vttae-lift-mtb-17-4ah-sac-ignifuge-vtt-electrique-1.jpg","datePublished":"2022-02-24T13:38:25+00:00","dateModified":"2024-06-05T22:37:56+00:00","description":"Borsa ignifuga per batterie - Disponibile in diverse misure a seconda delle dimensioni della batteria. Borsa ignifuga e impermeabile.","breadcrumb":{"@id":"https:\/\/www.lift-mtb.com\/it\/produit\/borsa-a-prova-di-batteria\/#breadcrumb"},"inLanguage":"it-IT","potentialAction":[{"@type":"ReadAction","target":["https:\/\/www.lift-mtb.com\/it\/produit\/borsa-a-prova-di-batteria\/"]}]},{"@type":"ImageObject","inLanguage":"it-IT","@id":"https:\/\/www.lift-mtb.com\/it\/produit\/borsa-a-prova-di-batteria\/#primaryimage","url":"https:\/\/www.lift-mtb.com\/wp-content\/uploads\/2022\/02\/batterie-vttae-lift-mtb-17-4ah-sac-ignifuge-vtt-electrique-1.jpg","contentUrl":"https:\/\/www.lift-mtb.com\/wp-content\/uploads\/2022\/02\/batterie-vttae-lift-mtb-17-4ah-sac-ignifuge-vtt-electrique-1.jpg","width":4928,"height":3264,"caption":"Borsa ignifuga per batteria di bicicletta elettrica"},{"@type":"BreadcrumbList","@id":"https:\/\/www.lift-mtb.com\/it\/produit\/borsa-a-prova-di-batteria\/#breadcrumb","itemListElement":[{"@type":"ListItem","position":1,"name":"Accueil","item":"https:\/\/www.lift-mtb.com\/it\/"},{"@type":"ListItem","position":2,"name":"Negozio","item":"https:\/\/www.lift-mtb.com\/it\/negozio\/"},{"@type":"ListItem","position":3,"name":"Parti di ricambio","item":"https:\/\/www.lift-mtb.com\/it\/categoria-di-prodotto\/parti-di-ricambio\/"},{"@type":"ListItem","position":4,"name":"Parti elettroniche","item":"https:\/\/www.lift-mtb.com\/it\/categoria-di-prodotto\/parti-di-ricambio\/parti-elettroniche\/"},{"@type":"ListItem","position":5,"name":"Borsa ignifuga per le batterie"}]},{"@type":"WebSite","@id":"https:\/\/www.lift-mtb.com\/it\/#website","url":"https:\/\/www.lift-mtb.com\/it\/","name":"LIFT-MTB","description":"Transformer son v\u00e9lo en \u00e9lectrique rapidement !","publisher":{"@id":"https:\/\/www.lift-mtb.com\/it\/#organization"},"potentialAction":[{"@type":"SearchAction","target":{"@type":"EntryPoint","urlTemplate":"https:\/\/www.lift-mtb.com\/it\/?s={search_term_string}"},"query-input":{"@type":"PropertyValueSpecification","valueRequired":true,"valueName":"search_term_string"}}],"inLanguage":"it-IT"},{"@type":"Organization","@id":"https:\/\/www.lift-mtb.com\/it\/#organization","name":"LIFT-MTB","url":"https:\/\/www.lift-mtb.com\/it\/","logo":{"@type":"ImageObject","inLanguage":"it-IT","@id":"https:\/\/www.lift-mtb.com\/it\/#\/schema\/logo\/image\/","url":"https:\/\/www.lift-mtb.com\/wp-content\/uploads\/2022\/01\/electric-kit-for-bike-1.jpg","contentUrl":"https:\/\/www.lift-mtb.com\/wp-content\/uploads\/2022\/01\/electric-kit-for-bike-1.jpg","width":1223,"height":560,"caption":"LIFT-MTB"},"image":{"@id":"https:\/\/www.lift-mtb.com\/it\/#\/schema\/logo\/image\/"}}]}},"_links":{"self":[{"href":"https:\/\/www.lift-mtb.com\/it\/wp-json\/wp\/v2\/product\/39366","targetHints":{"allow":["GET"]}}],"collection":[{"href":"https:\/\/www.lift-mtb.com\/it\/wp-json\/wp\/v2\/product"}],"about":[{"href":"https:\/\/www.lift-mtb.com\/it\/wp-json\/wp\/v2\/types\/product"}],"replies":[{"embeddable":true,"href":"https:\/\/www.lift-mtb.com\/it\/wp-json\/wp\/v2\/comments?post=39366"}],"wp:featuredmedia":[{"embeddable":true,"href":"https:\/\/www.lift-mtb.com\/it\/wp-json\/wp\/v2\/media\/8402"}],"wp:attachment":[{"href":"https:\/\/www.lift-mtb.com\/it\/wp-json\/wp\/v2\/media?parent=39366"}],"wp:term":[{"taxonomy":"product_brand","embeddable":true,"href":"https:\/\/www.lift-mtb.com\/it\/wp-json\/wp\/v2\/product_brand?post=39366"},{"taxonomy":"product_cat","embeddable":true,"href":"https:\/\/www.lift-mtb.com\/it\/wp-json\/wp\/v2\/product_cat?post=39366"},{"taxonomy":"product_tag","embeddable":true,"href":"https:\/\/www.lift-mtb.com\/it\/wp-json\/wp\/v2\/product_tag?post=39366"}],"curies":[{"name":"wp","href":"https:\/\/api.w.org\/{rel}","templated":true}]}}