{"id":39397,"date":"2022-02-24T13:52:00","date_gmt":"2022-02-24T12:52:00","guid":{"rendered":"https:\/produit\/centralina-completa-centralina-cablaggio-trigger\/"},"modified":"2026-01-05T08:41:16","modified_gmt":"2026-01-05T07:41:16","slug":"controllore-motore-completo-di-bici-elettrica","status":"publish","type":"product","link":"https:\/\/www.lift-mtb.com\/it\/produit\/controllore-motore-completo-di-bici-elettrica\/","title":{"rendered":"Centralina completa (centralina + cablaggio + trigger)"},"content":{"rendered":"<h2>Controller motore completo (controller + cablaggio + trigger) <a href=\"https:\/\/www.youtube.com\/@LIFTMTBTV\/featured\">LIFT MTB<\/a><\/h2>\n<p>Il gruppo completo \u00e8 costituito dal controllore che si fissa al motore.<\/p>\n<p>Poi il cablaggio elettrico per creare il collegamento con il grilletto.<\/p>\n<p>Che viene fissato al manubrio della bicicletta.<\/p>\n<p>Questo kit \u00e8 inoltre compatibile con tutte le versioni del kit per bici elettriche LIFT MTB v1,v2,v3,v4 dal 2012 a oggi.<\/p>\n<p>Fornito con tubo <a href=\"https:\/produit\/gaine-retractable\/\">termorestringente<\/a>.<\/p>\n<p>Molto facile da installare o rimuovere, basta collegarlo o scollegarlo al cavo del motore, non \u00e8 necessario rimuovere il motore dalla moto.<\/p>\n<p>Un motore che non funziona pi\u00f9 correttamente in termini di gestione dell&#8217;acceleratore \u00e8 segno di un guasto alla centralina, che pu\u00f2 verificarsi per 3 motivi:<\/p>\n<p>-Quando la batteria \u00e8 collegata in modo permanente e il grilletto non \u00e8 in posizione OFF<\/p>\n<p>&#8211; Immersione in acqua.<\/p>\n<p>&#8211; Surriscaldamento dovuto a un rapporto di trasmissione troppo grande, quando non si fanno girare abbastanza le gambe (pignone troppo piccolo sulla cassetta posteriore rispetto alla velocit\u00e0 della bicicletta), di solito su strada quando si vuole andare veloci per molto tempo.<\/p>\n<p><strong>Se<\/strong> non ne avete uno e la vostra centralina \u00e8 difettosa, vi consigliamo di acquistarne uno e di controllare i dati durante la guida per ottimizzare il consumo di carburante ed evitare il surriscaldamento.<\/p>\n<p>In caso contrario, installare un fusibile da 20 ampere sulla batteria, per proteggere il controller in caso di surriscaldamento.<\/p>\n<p>\u00c8 possibile sigillare il tubo termorestringente con il sigillante per tetti Rubson Butyl o con qualsiasi altro sigillante.<\/p>\n<div class=\"video-shortcode\"><iframe title=\"Replacement controller\/trigger\/harness assembly on LIFT-MTB V1 V2 V3 V4 kit\" width=\"1375\" height=\"773\" src=\"https:\/\/www.youtube.com\/embed\/E86Rx5rYXqw?feature=oembed\" frameborder=\"0\" allow=\"accelerometer; autoplay; clipboard-write; encrypted-media; gyroscope; picture-in-picture; web-share\" allowfullscreen><\/iframe><\/div>\n<p>&nbsp;<\/p>\n","protected":false},"excerpt":{"rendered":"<p><strong>Descrizione:<\/strong><\/p>\n<ul>\n<li>Compatibile con tutti i motori V1 \/V2 \/V3\/ V4<\/li>\n<li>Cablaggio completo con trigger pre-attrezzato per il montaggio del sensore del pedale.<\/li>\n<li>Include tubi termoretraibili per il montaggio<\/li>\n<li>Molto facile da sostituire, basta collegarlo al cavo del motore per installarlo.<\/li>\n<\/ul>\n<p><span class=\"Y2IQFc\" lang=\"it\">Questa nuova versione ventilata offre un raffreddamento migliorato e dispone anche di un sistema anti-scintilla integrato che riduce il rischio di danneggiare i componenti se la batteria \u00e8 collegata a quadro spento.<\/span><\/p>\n<p><span class=\"Y2IQFc\" lang=\"it\">Con dimensioni di 90 mm x 70 mm x 30 mm, \u00e8 leggermente pi\u00f9 grande della versione precedente. A seconda del modello di motore, potrebbe essere necessario un piccolo ritaglio nella protezione del motore sotto il telaio per l&#8217;installazione.<\/span><\/p>\n","protected":false},"featured_media":8308,"comment_status":"open","ping_status":"closed","template":"","meta":[],"product_brand":[],"product_cat":[849],"product_tag":[],"class_list":{"0":"post-39397","1":"product","2":"type-product","3":"status-publish","4":"has-post-thumbnail","6":"product_cat-parti-elettroniche","8":"first","9":"instock","10":"taxable","11":"shipping-taxable","12":"purchasable","13":"product-type-simple"},"yoast_head":"<!-- This site is optimized with the Yoast SEO plugin v26.9 - https:\/\/yoast.com\/product\/yoast-seo-wordpress\/ -->\n<title>Controller motore completo (controller e cablaggio).<\/title>\n<meta name=\"description\" content=\"Controller motore completo compatibile con tutti i motori - Cablaggio completo con trigger pre-attrezzato per il montaggio del sensore del pedale.\" \/>\n<meta name=\"robots\" content=\"index, follow, max-snippet:-1, max-image-preview:large, max-video-preview:-1\" \/>\n<link rel=\"canonical\" href=\"https:\/\/www.lift-mtb.com\/it\/produit\/controllore-motore-completo-di-bici-elettrica\/\" \/>\n<meta property=\"og:locale\" content=\"it_IT\" \/>\n<meta property=\"og:type\" content=\"article\" \/>\n<meta property=\"og:title\" content=\"Controller motore completo (controller e cablaggio).\" \/>\n<meta property=\"og:description\" content=\"Controller motore completo compatibile con tutti i motori - Cablaggio completo con trigger pre-attrezzato per il montaggio del sensore del pedale.\" \/>\n<meta property=\"og:url\" content=\"https:\/\/www.lift-mtb.com\/it\/produit\/controllore-motore-completo-di-bici-elettrica\/\" \/>\n<meta property=\"og:site_name\" content=\"LIFT-MTB\" \/>\n<meta property=\"article:modified_time\" content=\"2026-01-05T07:41:16+00:00\" \/>\n<meta property=\"og:image\" content=\"https:\/\/www.lift-mtb.com\/wp-content\/uploads\/2022\/02\/controleur-complet-kit-moteur-pedalier-velo-elctrique-1-scaled.jpg\" \/>\n\t<meta property=\"og:image:width\" content=\"3024\" \/>\n\t<meta property=\"og:image:height\" content=\"3780\" \/>\n\t<meta property=\"og:image:type\" content=\"image\/jpeg\" \/>\n<meta name=\"twitter:card\" content=\"summary_large_image\" \/>\n<meta name=\"twitter:label1\" content=\"Tempo di lettura stimato\" \/>\n\t<meta name=\"twitter:data1\" content=\"2 minuti\" \/>\n<script type=\"application\/ld+json\" class=\"yoast-schema-graph\">{\"@context\":\"https:\/\/schema.org\",\"@graph\":[{\"@type\":\"WebPage\",\"@id\":\"https:\/\/www.lift-mtb.com\/it\/produit\/controllore-motore-completo-di-bici-elettrica\/\",\"url\":\"https:\/\/www.lift-mtb.com\/it\/produit\/controllore-motore-completo-di-bici-elettrica\/\",\"name\":\"Controller motore completo (controller e cablaggio).\",\"isPartOf\":{\"@id\":\"https:\/\/www.lift-mtb.com\/it\/#website\"},\"primaryImageOfPage\":{\"@id\":\"https:\/\/www.lift-mtb.com\/it\/produit\/controllore-motore-completo-di-bici-elettrica\/#primaryimage\"},\"image\":{\"@id\":\"https:\/\/www.lift-mtb.com\/it\/produit\/controllore-motore-completo-di-bici-elettrica\/#primaryimage\"},\"thumbnailUrl\":\"https:\/\/www.lift-mtb.com\/wp-content\/uploads\/2022\/02\/controleur-complet-kit-moteur-pedalier-velo-elctrique-1-scaled.jpg\",\"datePublished\":\"2022-02-24T12:52:00+00:00\",\"dateModified\":\"2026-01-05T07:41:16+00:00\",\"description\":\"Controller motore completo compatibile con tutti i motori - Cablaggio completo con trigger pre-attrezzato per il montaggio del sensore del pedale.\",\"breadcrumb\":{\"@id\":\"https:\/\/www.lift-mtb.com\/it\/produit\/controllore-motore-completo-di-bici-elettrica\/#breadcrumb\"},\"inLanguage\":\"it-IT\",\"potentialAction\":[{\"@type\":\"ReadAction\",\"target\":[\"https:\/\/www.lift-mtb.com\/it\/produit\/controllore-motore-completo-di-bici-elettrica\/\"]}]},{\"@type\":\"ImageObject\",\"inLanguage\":\"it-IT\",\"@id\":\"https:\/\/www.lift-mtb.com\/it\/produit\/controllore-motore-completo-di-bici-elettrica\/#primaryimage\",\"url\":\"https:\/\/www.lift-mtb.com\/wp-content\/uploads\/2022\/02\/controleur-complet-kit-moteur-pedalier-velo-elctrique-1-scaled.jpg\",\"contentUrl\":\"https:\/\/www.lift-mtb.com\/wp-content\/uploads\/2022\/02\/controleur-complet-kit-moteur-pedalier-velo-elctrique-1-scaled.jpg\",\"width\":3024,\"height\":3780,\"caption\":\"Controllore motore completo LIFT-MTB\"},{\"@type\":\"BreadcrumbList\",\"@id\":\"https:\/\/www.lift-mtb.com\/it\/produit\/controllore-motore-completo-di-bici-elettrica\/#breadcrumb\",\"itemListElement\":[{\"@type\":\"ListItem\",\"position\":1,\"name\":\"Accueil\",\"item\":\"https:\/\/www.lift-mtb.com\/it\/\"},{\"@type\":\"ListItem\",\"position\":2,\"name\":\"Negozio\",\"item\":\"https:\/\/www.lift-mtb.com\/it\/negozio\/\"},{\"@type\":\"ListItem\",\"position\":3,\"name\":\"Parti di ricambio\",\"item\":\"https:\/\/www.lift-mtb.com\/it\/categoria-di-prodotto\/parti-di-ricambio\/\"},{\"@type\":\"ListItem\",\"position\":4,\"name\":\"Parti elettroniche\",\"item\":\"https:\/\/www.lift-mtb.com\/it\/categoria-di-prodotto\/parti-di-ricambio\/parti-elettroniche\/\"},{\"@type\":\"ListItem\",\"position\":5,\"name\":\"Centralina completa (centralina + cablaggio + trigger)\"}]},{\"@type\":\"WebSite\",\"@id\":\"https:\/\/www.lift-mtb.com\/it\/#website\",\"url\":\"https:\/\/www.lift-mtb.com\/it\/\",\"name\":\"LIFT-MTB\",\"description\":\"Transformer son v\u00e9lo en \u00e9lectrique rapidement !\",\"publisher\":{\"@id\":\"https:\/\/www.lift-mtb.com\/it\/#organization\"},\"potentialAction\":[{\"@type\":\"SearchAction\",\"target\":{\"@type\":\"EntryPoint\",\"urlTemplate\":\"https:\/\/www.lift-mtb.com\/it\/?s={search_term_string}\"},\"query-input\":{\"@type\":\"PropertyValueSpecification\",\"valueRequired\":true,\"valueName\":\"search_term_string\"}}],\"inLanguage\":\"it-IT\"},{\"@type\":\"Organization\",\"@id\":\"https:\/\/www.lift-mtb.com\/it\/#organization\",\"name\":\"LIFT-MTB\",\"url\":\"https:\/\/www.lift-mtb.com\/it\/\",\"logo\":{\"@type\":\"ImageObject\",\"inLanguage\":\"it-IT\",\"@id\":\"https:\/\/www.lift-mtb.com\/it\/#\/schema\/logo\/image\/\",\"url\":\"https:\/\/www.lift-mtb.com\/wp-content\/uploads\/2022\/01\/electric-kit-for-bike-1.jpg\",\"contentUrl\":\"https:\/\/www.lift-mtb.com\/wp-content\/uploads\/2022\/01\/electric-kit-for-bike-1.jpg\",\"width\":1223,\"height\":560,\"caption\":\"LIFT-MTB\"},\"image\":{\"@id\":\"https:\/\/www.lift-mtb.com\/it\/#\/schema\/logo\/image\/\"}}]}<\/script>\n<!-- \/ Yoast SEO plugin. -->","yoast_head_json":{"title":"Controller motore completo (controller e cablaggio).","description":"Controller motore completo compatibile con tutti i motori - Cablaggio completo con trigger pre-attrezzato per il montaggio del sensore del pedale.","robots":{"index":"index","follow":"follow","max-snippet":"max-snippet:-1","max-image-preview":"max-image-preview:large","max-video-preview":"max-video-preview:-1"},"canonical":"https:\/\/www.lift-mtb.com\/it\/produit\/controllore-motore-completo-di-bici-elettrica\/","og_locale":"it_IT","og_type":"article","og_title":"Controller motore completo (controller e cablaggio).","og_description":"Controller motore completo compatibile con tutti i motori - Cablaggio completo con trigger pre-attrezzato per il montaggio del sensore del pedale.","og_url":"https:\/\/www.lift-mtb.com\/it\/produit\/controllore-motore-completo-di-bici-elettrica\/","og_site_name":"LIFT-MTB","article_modified_time":"2026-01-05T07:41:16+00:00","og_image":[{"width":3024,"height":3780,"url":"https:\/\/www.lift-mtb.com\/wp-content\/uploads\/2022\/02\/controleur-complet-kit-moteur-pedalier-velo-elctrique-1-scaled.jpg","type":"image\/jpeg"}],"twitter_card":"summary_large_image","twitter_misc":{"Tempo di lettura stimato":"2 minuti"},"schema":{"@context":"https:\/\/schema.org","@graph":[{"@type":"WebPage","@id":"https:\/\/www.lift-mtb.com\/it\/produit\/controllore-motore-completo-di-bici-elettrica\/","url":"https:\/\/www.lift-mtb.com\/it\/produit\/controllore-motore-completo-di-bici-elettrica\/","name":"Controller motore completo (controller e cablaggio).","isPartOf":{"@id":"https:\/\/www.lift-mtb.com\/it\/#website"},"primaryImageOfPage":{"@id":"https:\/\/www.lift-mtb.com\/it\/produit\/controllore-motore-completo-di-bici-elettrica\/#primaryimage"},"image":{"@id":"https:\/\/www.lift-mtb.com\/it\/produit\/controllore-motore-completo-di-bici-elettrica\/#primaryimage"},"thumbnailUrl":"https:\/\/www.lift-mtb.com\/wp-content\/uploads\/2022\/02\/controleur-complet-kit-moteur-pedalier-velo-elctrique-1-scaled.jpg","datePublished":"2022-02-24T12:52:00+00:00","dateModified":"2026-01-05T07:41:16+00:00","description":"Controller motore completo compatibile con tutti i motori - Cablaggio completo con trigger pre-attrezzato per il montaggio del sensore del pedale.","breadcrumb":{"@id":"https:\/\/www.lift-mtb.com\/it\/produit\/controllore-motore-completo-di-bici-elettrica\/#breadcrumb"},"inLanguage":"it-IT","potentialAction":[{"@type":"ReadAction","target":["https:\/\/www.lift-mtb.com\/it\/produit\/controllore-motore-completo-di-bici-elettrica\/"]}]},{"@type":"ImageObject","inLanguage":"it-IT","@id":"https:\/\/www.lift-mtb.com\/it\/produit\/controllore-motore-completo-di-bici-elettrica\/#primaryimage","url":"https:\/\/www.lift-mtb.com\/wp-content\/uploads\/2022\/02\/controleur-complet-kit-moteur-pedalier-velo-elctrique-1-scaled.jpg","contentUrl":"https:\/\/www.lift-mtb.com\/wp-content\/uploads\/2022\/02\/controleur-complet-kit-moteur-pedalier-velo-elctrique-1-scaled.jpg","width":3024,"height":3780,"caption":"Controllore motore completo LIFT-MTB"},{"@type":"BreadcrumbList","@id":"https:\/\/www.lift-mtb.com\/it\/produit\/controllore-motore-completo-di-bici-elettrica\/#breadcrumb","itemListElement":[{"@type":"ListItem","position":1,"name":"Accueil","item":"https:\/\/www.lift-mtb.com\/it\/"},{"@type":"ListItem","position":2,"name":"Negozio","item":"https:\/\/www.lift-mtb.com\/it\/negozio\/"},{"@type":"ListItem","position":3,"name":"Parti di ricambio","item":"https:\/\/www.lift-mtb.com\/it\/categoria-di-prodotto\/parti-di-ricambio\/"},{"@type":"ListItem","position":4,"name":"Parti elettroniche","item":"https:\/\/www.lift-mtb.com\/it\/categoria-di-prodotto\/parti-di-ricambio\/parti-elettroniche\/"},{"@type":"ListItem","position":5,"name":"Centralina completa (centralina + cablaggio + trigger)"}]},{"@type":"WebSite","@id":"https:\/\/www.lift-mtb.com\/it\/#website","url":"https:\/\/www.lift-mtb.com\/it\/","name":"LIFT-MTB","description":"Transformer son v\u00e9lo en \u00e9lectrique rapidement !","publisher":{"@id":"https:\/\/www.lift-mtb.com\/it\/#organization"},"potentialAction":[{"@type":"SearchAction","target":{"@type":"EntryPoint","urlTemplate":"https:\/\/www.lift-mtb.com\/it\/?s={search_term_string}"},"query-input":{"@type":"PropertyValueSpecification","valueRequired":true,"valueName":"search_term_string"}}],"inLanguage":"it-IT"},{"@type":"Organization","@id":"https:\/\/www.lift-mtb.com\/it\/#organization","name":"LIFT-MTB","url":"https:\/\/www.lift-mtb.com\/it\/","logo":{"@type":"ImageObject","inLanguage":"it-IT","@id":"https:\/\/www.lift-mtb.com\/it\/#\/schema\/logo\/image\/","url":"https:\/\/www.lift-mtb.com\/wp-content\/uploads\/2022\/01\/electric-kit-for-bike-1.jpg","contentUrl":"https:\/\/www.lift-mtb.com\/wp-content\/uploads\/2022\/01\/electric-kit-for-bike-1.jpg","width":1223,"height":560,"caption":"LIFT-MTB"},"image":{"@id":"https:\/\/www.lift-mtb.com\/it\/#\/schema\/logo\/image\/"}}]}},"_links":{"self":[{"href":"https:\/\/www.lift-mtb.com\/it\/wp-json\/wp\/v2\/product\/39397","targetHints":{"allow":["GET"]}}],"collection":[{"href":"https:\/\/www.lift-mtb.com\/it\/wp-json\/wp\/v2\/product"}],"about":[{"href":"https:\/\/www.lift-mtb.com\/it\/wp-json\/wp\/v2\/types\/product"}],"replies":[{"embeddable":true,"href":"https:\/\/www.lift-mtb.com\/it\/wp-json\/wp\/v2\/comments?post=39397"}],"wp:featuredmedia":[{"embeddable":true,"href":"https:\/\/www.lift-mtb.com\/it\/wp-json\/wp\/v2\/media\/8308"}],"wp:attachment":[{"href":"https:\/\/www.lift-mtb.com\/it\/wp-json\/wp\/v2\/media?parent=39397"}],"wp:term":[{"taxonomy":"product_brand","embeddable":true,"href":"https:\/\/www.lift-mtb.com\/it\/wp-json\/wp\/v2\/product_brand?post=39397"},{"taxonomy":"product_cat","embeddable":true,"href":"https:\/\/www.lift-mtb.com\/it\/wp-json\/wp\/v2\/product_cat?post=39397"},{"taxonomy":"product_tag","embeddable":true,"href":"https:\/\/www.lift-mtb.com\/it\/wp-json\/wp\/v2\/product_tag?post=39397"}],"curies":[{"name":"wp","href":"https:\/\/api.w.org\/{rel}","templated":true}]}}