{"id":39478,"date":"2022-02-23T17:57:41","date_gmt":"2022-02-23T16:57:41","guid":{"rendered":"https:\/produit\/frusta-a-catena\/"},"modified":"2023-02-20T01:15:41","modified_gmt":"2023-02-20T00:15:41","slug":"gara-di-frusta","status":"publish","type":"product","link":"https:\/\/www.lift-mtb.com\/it\/produit\/gara-di-frusta\/","title":{"rendered":"Frusta a catena"},"content":{"rendered":"<h1>Frusta a catena<\/h1>\n<p>La frusta per catena \u00e8 un attrezzo utilizzato per rimuovere la cassetta della bicicletta, ovvero la serie di pignoni situati sulla ruota posteriore della bicicletta.<\/p>\n<p>Si utilizza spesso quando \u00e8 necessario sostituire una cassetta usurata o installare una <a href=\"https:\/produit\/casette-velo-11-42-dents-8-9-et-10-vitesses\/\">cassetta con un numero diverso o con pignoni pi\u00f9 grandi<\/a>. Con una maggiore gamma di utilizzo che vi permetter\u00e0 di cambiare le marce sugli ingranaggi anteriori della bicicletta (montaggio di una sola corona come sulle biciclette moderne).<\/p>\n<p>Questo tipo di montaggio consente di avere pi\u00f9 coppia alla ruota posteriore con un motore a pedale su pendenze elevate.<\/p>\n<p>La frusta per catena viene utilizzata insieme a un dispositivo <a href=\"https:\/\/www.youtube.com\/watch?v=eTvVlh36XV0\">di rimozione della cassetta.<\/a> Si tratta di uno strumento che si inserisce nelle scanalature della cassetta e la tiene in posizione mentre si rimuovono i controdadi.<\/p>\n<p>Ricordate quindi di ordinare la frusta per catena, il dispositivo di rimozione della cassetta e la cassetta adatta al vostro numero di marce se volete cambiare i pignoni sulla vostra bicicletta elettrica.<\/p>\n<p>Si noti inoltre che pu\u00f2 essere necessario cambiare la catena con pignoni pi\u00f9 grandi (a volte di lunghezza diversa) e che \u00e8 preferibile iniziare con un nuovo set di catene per cassette in modo che l&#8217;usura sia identica.<\/p>\n<p>La frusta per catena serve a tenere la catena in posizione sui pignoni della cassetta mentre si allentano i dadi di bloccaggio con il dispositivo di rimozione della cassetta.<\/p>\n<p>La frusta per catene \u00e8 costituita da una catena robusta che avvolge i pignoni della cassetta e da un&#8217;impugnatura che consente di tenere la cassetta in posizione mentre si utilizza il dispositivo di rimozione della cassetta per allentare i dadi di bloccaggio.<\/p>\n<p>Questo mantiene la catena in posizione e impedisce che salti o si stacchi durante la rimozione della cassetta.<\/p>\n<p>In sintesi, una frusta per catena \u00e8 uno strumento essenziale per qualsiasi ciclista o meccanico che debba rimuovere la cassetta della bicicletta.<\/p>\n","protected":false},"excerpt":{"rendered":"<p><strong>Descrizione:<\/strong><\/p>\n<ul>\n<li>Consente di mantenere in posizione le ruote dentate quando si rimuove il dado di bloccaggio della cassetta.<\/li>\n<li>la frusta per catena viene utilizzata insieme a un dispositivo di rimozione della cassetta, che \u00e8 uno strumento che si inserisce nelle scanalature della cassetta<\/li>\n<\/ul>\n<p>Compatibile con 3, 4, 5, 6, 7, 8, 9, 10, 11, 12 velocit\u00e0.<\/p>\n","protected":false},"featured_media":46068,"comment_status":"open","ping_status":"closed","template":"","meta":[],"product_brand":[],"product_cat":[1061],"product_tag":[],"class_list":{"0":"post-39478","1":"product","2":"type-product","3":"status-publish","4":"has-post-thumbnail","6":"product_cat-utensili","8":"first","9":"instock","10":"taxable","11":"shipping-taxable","12":"purchasable","13":"product-type-simple"},"yoast_head":"<!-- This site is optimized with the Yoast SEO plugin v26.9 - https:\/\/yoast.com\/product\/yoast-seo-wordpress\/ -->\n<title>Frusta per catene \/ smontatore di pignoni per biciclette<\/title>\n<meta name=\"description\" content=\"La frusta per catena consente di smontare la cassetta della vostra bicicletta -. Uno strumento essenziale per smontare da soli la cassetta della vostra bicicletta elettrica.\" \/>\n<meta name=\"robots\" content=\"index, follow, max-snippet:-1, max-image-preview:large, max-video-preview:-1\" \/>\n<link rel=\"canonical\" href=\"https:\/\/www.lift-mtb.com\/it\/produit\/gara-di-frusta\/\" \/>\n<meta property=\"og:locale\" content=\"it_IT\" \/>\n<meta property=\"og:type\" content=\"article\" \/>\n<meta property=\"og:title\" content=\"Frusta per catene \/ smontatore di pignoni per biciclette\" \/>\n<meta property=\"og:description\" content=\"La frusta per catena consente di smontare la cassetta della vostra bicicletta -. Uno strumento essenziale per smontare da soli la cassetta della vostra bicicletta elettrica.\" \/>\n<meta property=\"og:url\" content=\"https:\/\/www.lift-mtb.com\/it\/produit\/gara-di-frusta\/\" \/>\n<meta property=\"og:site_name\" content=\"LIFT-MTB\" \/>\n<meta property=\"article:modified_time\" content=\"2023-02-20T00:15:41+00:00\" \/>\n<meta property=\"og:image\" content=\"https:\/\/www.lift-mtb.com\/wp-content\/uploads\/2023\/02\/fouet-a-chaine-2048x1357-1.png\" \/>\n\t<meta property=\"og:image:width\" content=\"2048\" \/>\n\t<meta property=\"og:image:height\" content=\"1367\" \/>\n\t<meta property=\"og:image:type\" content=\"image\/png\" \/>\n<meta name=\"twitter:card\" content=\"summary_large_image\" \/>\n<meta name=\"twitter:label1\" content=\"Tempo di lettura stimato\" \/>\n\t<meta name=\"twitter:data1\" content=\"2 minuti\" \/>\n<script type=\"application\/ld+json\" class=\"yoast-schema-graph\">{\"@context\":\"https:\/\/schema.org\",\"@graph\":[{\"@type\":\"WebPage\",\"@id\":\"https:\/\/www.lift-mtb.com\/it\/produit\/gara-di-frusta\/\",\"url\":\"https:\/\/www.lift-mtb.com\/it\/produit\/gara-di-frusta\/\",\"name\":\"Frusta per catene \/ smontatore di pignoni per biciclette\",\"isPartOf\":{\"@id\":\"https:\/\/www.lift-mtb.com\/it\/#website\"},\"primaryImageOfPage\":{\"@id\":\"https:\/\/www.lift-mtb.com\/it\/produit\/gara-di-frusta\/#primaryimage\"},\"image\":{\"@id\":\"https:\/\/www.lift-mtb.com\/it\/produit\/gara-di-frusta\/#primaryimage\"},\"thumbnailUrl\":\"https:\/\/www.lift-mtb.com\/wp-content\/uploads\/2023\/02\/fouet-a-chaine-2048x1357-1.png\",\"datePublished\":\"2022-02-23T16:57:41+00:00\",\"dateModified\":\"2023-02-20T00:15:41+00:00\",\"description\":\"La frusta per catena consente di smontare la cassetta della vostra bicicletta -. Uno strumento essenziale per smontare da soli la cassetta della vostra bicicletta elettrica.\",\"breadcrumb\":{\"@id\":\"https:\/\/www.lift-mtb.com\/it\/produit\/gara-di-frusta\/#breadcrumb\"},\"inLanguage\":\"it-IT\",\"potentialAction\":[{\"@type\":\"ReadAction\",\"target\":[\"https:\/\/www.lift-mtb.com\/it\/produit\/gara-di-frusta\/\"]}]},{\"@type\":\"ImageObject\",\"inLanguage\":\"it-IT\",\"@id\":\"https:\/\/www.lift-mtb.com\/it\/produit\/gara-di-frusta\/#primaryimage\",\"url\":\"https:\/\/www.lift-mtb.com\/wp-content\/uploads\/2023\/02\/fouet-a-chaine-2048x1357-1.png\",\"contentUrl\":\"https:\/\/www.lift-mtb.com\/wp-content\/uploads\/2023\/02\/fouet-a-chaine-2048x1357-1.png\",\"width\":2048,\"height\":1367,\"caption\":\"d\u00e9montage pignon vtt\"},{\"@type\":\"BreadcrumbList\",\"@id\":\"https:\/\/www.lift-mtb.com\/it\/produit\/gara-di-frusta\/#breadcrumb\",\"itemListElement\":[{\"@type\":\"ListItem\",\"position\":1,\"name\":\"Accueil\",\"item\":\"https:\/\/www.lift-mtb.com\/it\/\"},{\"@type\":\"ListItem\",\"position\":2,\"name\":\"Negozio\",\"item\":\"https:\/\/www.lift-mtb.com\/it\/negozio\/\"},{\"@type\":\"ListItem\",\"position\":3,\"name\":\"Utensili\",\"item\":\"https:\/\/www.lift-mtb.com\/it\/categoria-di-prodotto\/utensili\/\"},{\"@type\":\"ListItem\",\"position\":4,\"name\":\"Frusta a catena\"}]},{\"@type\":\"WebSite\",\"@id\":\"https:\/\/www.lift-mtb.com\/it\/#website\",\"url\":\"https:\/\/www.lift-mtb.com\/it\/\",\"name\":\"LIFT-MTB\",\"description\":\"Transformer son v\u00e9lo en \u00e9lectrique rapidement !\",\"publisher\":{\"@id\":\"https:\/\/www.lift-mtb.com\/it\/#organization\"},\"potentialAction\":[{\"@type\":\"SearchAction\",\"target\":{\"@type\":\"EntryPoint\",\"urlTemplate\":\"https:\/\/www.lift-mtb.com\/it\/?s={search_term_string}\"},\"query-input\":{\"@type\":\"PropertyValueSpecification\",\"valueRequired\":true,\"valueName\":\"search_term_string\"}}],\"inLanguage\":\"it-IT\"},{\"@type\":\"Organization\",\"@id\":\"https:\/\/www.lift-mtb.com\/it\/#organization\",\"name\":\"LIFT-MTB\",\"url\":\"https:\/\/www.lift-mtb.com\/it\/\",\"logo\":{\"@type\":\"ImageObject\",\"inLanguage\":\"it-IT\",\"@id\":\"https:\/\/www.lift-mtb.com\/it\/#\/schema\/logo\/image\/\",\"url\":\"https:\/\/www.lift-mtb.com\/wp-content\/uploads\/2022\/01\/electric-kit-for-bike-1.jpg\",\"contentUrl\":\"https:\/\/www.lift-mtb.com\/wp-content\/uploads\/2022\/01\/electric-kit-for-bike-1.jpg\",\"width\":1223,\"height\":560,\"caption\":\"LIFT-MTB\"},\"image\":{\"@id\":\"https:\/\/www.lift-mtb.com\/it\/#\/schema\/logo\/image\/\"}}]}<\/script>\n<!-- \/ Yoast SEO plugin. -->","yoast_head_json":{"title":"Frusta per catene \/ smontatore di pignoni per biciclette","description":"La frusta per catena consente di smontare la cassetta della vostra bicicletta -. Uno strumento essenziale per smontare da soli la cassetta della vostra bicicletta elettrica.","robots":{"index":"index","follow":"follow","max-snippet":"max-snippet:-1","max-image-preview":"max-image-preview:large","max-video-preview":"max-video-preview:-1"},"canonical":"https:\/\/www.lift-mtb.com\/it\/produit\/gara-di-frusta\/","og_locale":"it_IT","og_type":"article","og_title":"Frusta per catene \/ smontatore di pignoni per biciclette","og_description":"La frusta per catena consente di smontare la cassetta della vostra bicicletta -. Uno strumento essenziale per smontare da soli la cassetta della vostra bicicletta elettrica.","og_url":"https:\/\/www.lift-mtb.com\/it\/produit\/gara-di-frusta\/","og_site_name":"LIFT-MTB","article_modified_time":"2023-02-20T00:15:41+00:00","og_image":[{"width":2048,"height":1367,"url":"https:\/\/www.lift-mtb.com\/wp-content\/uploads\/2023\/02\/fouet-a-chaine-2048x1357-1.png","type":"image\/png"}],"twitter_card":"summary_large_image","twitter_misc":{"Tempo di lettura stimato":"2 minuti"},"schema":{"@context":"https:\/\/schema.org","@graph":[{"@type":"WebPage","@id":"https:\/\/www.lift-mtb.com\/it\/produit\/gara-di-frusta\/","url":"https:\/\/www.lift-mtb.com\/it\/produit\/gara-di-frusta\/","name":"Frusta per catene \/ smontatore di pignoni per biciclette","isPartOf":{"@id":"https:\/\/www.lift-mtb.com\/it\/#website"},"primaryImageOfPage":{"@id":"https:\/\/www.lift-mtb.com\/it\/produit\/gara-di-frusta\/#primaryimage"},"image":{"@id":"https:\/\/www.lift-mtb.com\/it\/produit\/gara-di-frusta\/#primaryimage"},"thumbnailUrl":"https:\/\/www.lift-mtb.com\/wp-content\/uploads\/2023\/02\/fouet-a-chaine-2048x1357-1.png","datePublished":"2022-02-23T16:57:41+00:00","dateModified":"2023-02-20T00:15:41+00:00","description":"La frusta per catena consente di smontare la cassetta della vostra bicicletta -. Uno strumento essenziale per smontare da soli la cassetta della vostra bicicletta elettrica.","breadcrumb":{"@id":"https:\/\/www.lift-mtb.com\/it\/produit\/gara-di-frusta\/#breadcrumb"},"inLanguage":"it-IT","potentialAction":[{"@type":"ReadAction","target":["https:\/\/www.lift-mtb.com\/it\/produit\/gara-di-frusta\/"]}]},{"@type":"ImageObject","inLanguage":"it-IT","@id":"https:\/\/www.lift-mtb.com\/it\/produit\/gara-di-frusta\/#primaryimage","url":"https:\/\/www.lift-mtb.com\/wp-content\/uploads\/2023\/02\/fouet-a-chaine-2048x1357-1.png","contentUrl":"https:\/\/www.lift-mtb.com\/wp-content\/uploads\/2023\/02\/fouet-a-chaine-2048x1357-1.png","width":2048,"height":1367,"caption":"d\u00e9montage pignon vtt"},{"@type":"BreadcrumbList","@id":"https:\/\/www.lift-mtb.com\/it\/produit\/gara-di-frusta\/#breadcrumb","itemListElement":[{"@type":"ListItem","position":1,"name":"Accueil","item":"https:\/\/www.lift-mtb.com\/it\/"},{"@type":"ListItem","position":2,"name":"Negozio","item":"https:\/\/www.lift-mtb.com\/it\/negozio\/"},{"@type":"ListItem","position":3,"name":"Utensili","item":"https:\/\/www.lift-mtb.com\/it\/categoria-di-prodotto\/utensili\/"},{"@type":"ListItem","position":4,"name":"Frusta a catena"}]},{"@type":"WebSite","@id":"https:\/\/www.lift-mtb.com\/it\/#website","url":"https:\/\/www.lift-mtb.com\/it\/","name":"LIFT-MTB","description":"Transformer son v\u00e9lo en \u00e9lectrique rapidement !","publisher":{"@id":"https:\/\/www.lift-mtb.com\/it\/#organization"},"potentialAction":[{"@type":"SearchAction","target":{"@type":"EntryPoint","urlTemplate":"https:\/\/www.lift-mtb.com\/it\/?s={search_term_string}"},"query-input":{"@type":"PropertyValueSpecification","valueRequired":true,"valueName":"search_term_string"}}],"inLanguage":"it-IT"},{"@type":"Organization","@id":"https:\/\/www.lift-mtb.com\/it\/#organization","name":"LIFT-MTB","url":"https:\/\/www.lift-mtb.com\/it\/","logo":{"@type":"ImageObject","inLanguage":"it-IT","@id":"https:\/\/www.lift-mtb.com\/it\/#\/schema\/logo\/image\/","url":"https:\/\/www.lift-mtb.com\/wp-content\/uploads\/2022\/01\/electric-kit-for-bike-1.jpg","contentUrl":"https:\/\/www.lift-mtb.com\/wp-content\/uploads\/2022\/01\/electric-kit-for-bike-1.jpg","width":1223,"height":560,"caption":"LIFT-MTB"},"image":{"@id":"https:\/\/www.lift-mtb.com\/it\/#\/schema\/logo\/image\/"}}]}},"_links":{"self":[{"href":"https:\/\/www.lift-mtb.com\/it\/wp-json\/wp\/v2\/product\/39478","targetHints":{"allow":["GET"]}}],"collection":[{"href":"https:\/\/www.lift-mtb.com\/it\/wp-json\/wp\/v2\/product"}],"about":[{"href":"https:\/\/www.lift-mtb.com\/it\/wp-json\/wp\/v2\/types\/product"}],"replies":[{"embeddable":true,"href":"https:\/\/www.lift-mtb.com\/it\/wp-json\/wp\/v2\/comments?post=39478"}],"wp:featuredmedia":[{"embeddable":true,"href":"https:\/\/www.lift-mtb.com\/it\/wp-json\/wp\/v2\/media\/46068"}],"wp:attachment":[{"href":"https:\/\/www.lift-mtb.com\/it\/wp-json\/wp\/v2\/media?parent=39478"}],"wp:term":[{"taxonomy":"product_brand","embeddable":true,"href":"https:\/\/www.lift-mtb.com\/it\/wp-json\/wp\/v2\/product_brand?post=39478"},{"taxonomy":"product_cat","embeddable":true,"href":"https:\/\/www.lift-mtb.com\/it\/wp-json\/wp\/v2\/product_cat?post=39478"},{"taxonomy":"product_tag","embeddable":true,"href":"https:\/\/www.lift-mtb.com\/it\/wp-json\/wp\/v2\/product_tag?post=39478"}],"curies":[{"name":"wp","href":"https:\/\/api.w.org\/{rel}","templated":true}]}}