{"id":39773,"date":"2022-02-23T11:07:41","date_gmt":"2022-02-23T10:07:41","guid":{"rendered":"https:\/produit\/ruota-libera-pro-per-guarnitura-lift-mtb\/"},"modified":"2023-05-01T22:20:06","modified_gmt":"2023-05-01T20:20:06","slug":"ruota-libera-pro-per-il-cuscinetto-mtb","status":"publish","type":"product","link":"https:\/\/www.lift-mtb.com\/it\/produit\/ruota-libera-pro-per-il-cuscinetto-mtb\/","title":{"rendered":"Ruota libera PRO per guarnitura LIFT-MTB"},"content":{"rendered":"<p><strong>La ruota libera PRO \u00e8 compatibile con un kit classico?  <\/strong><\/p>\n<p>La ruota libera PRO <a href=\"https:\/\/www.youtube.com\/@LIFTMTBTV\">LIFT MTB<\/a> \u00e8 compatibile con le versioni PRO e CLASSIC dalla V1 alla V4.<\/p>\n<p>Lo spider \u00e8 diverso da quello della versione classica, quindi sar\u00e0 necessario sostituirlo se si possiede una versione classica, mentre il centro della ruota libera (parte con un&#8217;impronta quadrata di 22 mm di diametro e una filettatura) \u00e8 identico tra la versione pro e quella classica, tuttavia a volte \u00e8 difficile rimuoverlo dalla ruota libera, quindi \u00e8 possibile ordinare l&#8217;attrezzo e smontare il vecchio centro della ruota libera, oppure acquistare un nuovo centro della ruota libera.<\/p>\n<p><b>Nella sezione FAQ del sito, troverete il nostro articolo che spiega le differenze tra le due guarniture per biciclette elettriche:<\/b><\/p>\n<ul>\n<li><a href=\"\/?p=1189\">Scelta della guarnitura PRO o CLASSIC?<\/a><\/li>\n<\/ul>\n","protected":false},"excerpt":{"rendered":"<p><strong>Descrizione:<\/strong><\/p>\n<ul>\n<li>Adattabile alle versioni &#8220;CLASSIC&#8221; ( V1\/V2\/V3\/ V4 ) e PRO<\/li>\n<li>72 punti di impegno per turno.<\/li>\n<li>6 nottolini e 6 molle Indipendente.<\/li>\n<li>Venduto con ragno a 4 punti ma senza viti e piastre<\/li>\n<li>Richiede la sostituzione dell&#8217;attrezzo di rimozione della ruota libera. (a volte richiede l&#8217;uso di un cacciavite a percussione per lo smontaggio)<\/li>\n<\/ul>\n","protected":false},"featured_media":46534,"comment_status":"open","ping_status":"closed","template":"","meta":[],"product_brand":[],"product_cat":[845],"product_tag":[],"class_list":{"0":"post-39773","1":"product","2":"type-product","3":"status-publish","4":"has-post-thumbnail","6":"product_cat-parti-del-pedale","8":"first","9":"instock","10":"taxable","11":"shipping-taxable","12":"purchasable","13":"product-type-variable"},"yoast_head":"<!-- This site is optimized with the Yoast SEO plugin v26.9 - https:\/\/yoast.com\/product\/yoast-seo-wordpress\/ -->\n<title>Ruota libera PRO per pedaliera specifica .<\/title>\n<meta name=\"description\" content=\"PRO Ruota libera per kit motore elettrico a pedale per bicicletta V4 - Alta gamma con 72 punti di innesto per giro.\" \/>\n<meta name=\"robots\" content=\"index, follow, max-snippet:-1, max-image-preview:large, max-video-preview:-1\" \/>\n<link rel=\"canonical\" href=\"https:\/\/www.lift-mtb.com\/it\/produit\/ruota-libera-pro-per-il-cuscinetto-mtb\/\" \/>\n<meta property=\"og:locale\" content=\"it_IT\" \/>\n<meta property=\"og:type\" content=\"article\" \/>\n<meta property=\"og:title\" content=\"Ruota libera PRO per pedaliera specifica .\" \/>\n<meta property=\"og:description\" content=\"PRO Ruota libera per kit motore elettrico a pedale per bicicletta V4 - Alta gamma con 72 punti di innesto per giro.\" \/>\n<meta property=\"og:url\" content=\"https:\/\/www.lift-mtb.com\/it\/produit\/ruota-libera-pro-per-il-cuscinetto-mtb\/\" \/>\n<meta property=\"og:site_name\" content=\"LIFT-MTB\" \/>\n<meta property=\"article:modified_time\" content=\"2023-05-01T20:20:06+00:00\" \/>\n<meta property=\"og:image\" content=\"https:\/\/www.lift-mtb.com\/wp-content\/uploads\/2022\/02\/diy-freewheel-ebike-2-1-sur-1.jpg\" \/>\n\t<meta property=\"og:image:width\" content=\"1080\" \/>\n\t<meta property=\"og:image:height\" content=\"935\" \/>\n\t<meta property=\"og:image:type\" content=\"image\/jpeg\" \/>\n<meta name=\"twitter:card\" content=\"summary_large_image\" \/>\n<meta name=\"twitter:label1\" content=\"Tempo di lettura stimato\" \/>\n\t<meta name=\"twitter:data1\" content=\"1 minuto\" \/>\n<script type=\"application\/ld+json\" class=\"yoast-schema-graph\">{\"@context\":\"https:\/\/schema.org\",\"@graph\":[{\"@type\":\"WebPage\",\"@id\":\"https:\/\/www.lift-mtb.com\/it\/produit\/ruota-libera-pro-per-il-cuscinetto-mtb\/\",\"url\":\"https:\/\/www.lift-mtb.com\/it\/produit\/ruota-libera-pro-per-il-cuscinetto-mtb\/\",\"name\":\"Ruota libera PRO per pedaliera specifica .\",\"isPartOf\":{\"@id\":\"https:\/\/www.lift-mtb.com\/it\/#website\"},\"primaryImageOfPage\":{\"@id\":\"https:\/\/www.lift-mtb.com\/it\/produit\/ruota-libera-pro-per-il-cuscinetto-mtb\/#primaryimage\"},\"image\":{\"@id\":\"https:\/\/www.lift-mtb.com\/it\/produit\/ruota-libera-pro-per-il-cuscinetto-mtb\/#primaryimage\"},\"thumbnailUrl\":\"https:\/\/www.lift-mtb.com\/wp-content\/uploads\/2022\/02\/diy-freewheel-ebike-2-1-sur-1.jpg\",\"datePublished\":\"2022-02-23T10:07:41+00:00\",\"dateModified\":\"2023-05-01T20:20:06+00:00\",\"description\":\"PRO Ruota libera per kit motore elettrico a pedale per bicicletta V4 - Alta gamma con 72 punti di innesto per giro.\",\"breadcrumb\":{\"@id\":\"https:\/\/www.lift-mtb.com\/it\/produit\/ruota-libera-pro-per-il-cuscinetto-mtb\/#breadcrumb\"},\"inLanguage\":\"it-IT\",\"potentialAction\":[{\"@type\":\"ReadAction\",\"target\":[\"https:\/\/www.lift-mtb.com\/it\/produit\/ruota-libera-pro-per-il-cuscinetto-mtb\/\"]}]},{\"@type\":\"ImageObject\",\"inLanguage\":\"it-IT\",\"@id\":\"https:\/\/www.lift-mtb.com\/it\/produit\/ruota-libera-pro-per-il-cuscinetto-mtb\/#primaryimage\",\"url\":\"https:\/\/www.lift-mtb.com\/wp-content\/uploads\/2022\/02\/diy-freewheel-ebike-2-1-sur-1.jpg\",\"contentUrl\":\"https:\/\/www.lift-mtb.com\/wp-content\/uploads\/2022\/02\/diy-freewheel-ebike-2-1-sur-1.jpg\",\"width\":1080,\"height\":935,\"caption\":\"DIY freewheel ebike 2\"},{\"@type\":\"BreadcrumbList\",\"@id\":\"https:\/\/www.lift-mtb.com\/it\/produit\/ruota-libera-pro-per-il-cuscinetto-mtb\/#breadcrumb\",\"itemListElement\":[{\"@type\":\"ListItem\",\"position\":1,\"name\":\"Accueil\",\"item\":\"https:\/\/www.lift-mtb.com\/it\/\"},{\"@type\":\"ListItem\",\"position\":2,\"name\":\"Negozio\",\"item\":\"https:\/\/www.lift-mtb.com\/it\/negozio\/\"},{\"@type\":\"ListItem\",\"position\":3,\"name\":\"Parti di ricambio\",\"item\":\"https:\/\/www.lift-mtb.com\/it\/categoria-di-prodotto\/parti-di-ricambio\/\"},{\"@type\":\"ListItem\",\"position\":4,\"name\":\"Parti del pedale\",\"item\":\"https:\/\/www.lift-mtb.com\/it\/categoria-di-prodotto\/parti-di-ricambio\/parti-del-pedale\/\"},{\"@type\":\"ListItem\",\"position\":5,\"name\":\"Ruota libera PRO per guarnitura LIFT-MTB\"}]},{\"@type\":\"WebSite\",\"@id\":\"https:\/\/www.lift-mtb.com\/it\/#website\",\"url\":\"https:\/\/www.lift-mtb.com\/it\/\",\"name\":\"LIFT-MTB\",\"description\":\"Transformer son v\u00e9lo en \u00e9lectrique rapidement !\",\"publisher\":{\"@id\":\"https:\/\/www.lift-mtb.com\/it\/#organization\"},\"potentialAction\":[{\"@type\":\"SearchAction\",\"target\":{\"@type\":\"EntryPoint\",\"urlTemplate\":\"https:\/\/www.lift-mtb.com\/it\/?s={search_term_string}\"},\"query-input\":{\"@type\":\"PropertyValueSpecification\",\"valueRequired\":true,\"valueName\":\"search_term_string\"}}],\"inLanguage\":\"it-IT\"},{\"@type\":\"Organization\",\"@id\":\"https:\/\/www.lift-mtb.com\/it\/#organization\",\"name\":\"LIFT-MTB\",\"url\":\"https:\/\/www.lift-mtb.com\/it\/\",\"logo\":{\"@type\":\"ImageObject\",\"inLanguage\":\"it-IT\",\"@id\":\"https:\/\/www.lift-mtb.com\/it\/#\/schema\/logo\/image\/\",\"url\":\"https:\/\/www.lift-mtb.com\/wp-content\/uploads\/2022\/01\/electric-kit-for-bike-1.jpg\",\"contentUrl\":\"https:\/\/www.lift-mtb.com\/wp-content\/uploads\/2022\/01\/electric-kit-for-bike-1.jpg\",\"width\":1223,\"height\":560,\"caption\":\"LIFT-MTB\"},\"image\":{\"@id\":\"https:\/\/www.lift-mtb.com\/it\/#\/schema\/logo\/image\/\"}}]}<\/script>\n<!-- \/ Yoast SEO plugin. -->","yoast_head_json":{"title":"Ruota libera PRO per pedaliera specifica .","description":"PRO Ruota libera per kit motore elettrico a pedale per bicicletta V4 - Alta gamma con 72 punti di innesto per giro.","robots":{"index":"index","follow":"follow","max-snippet":"max-snippet:-1","max-image-preview":"max-image-preview:large","max-video-preview":"max-video-preview:-1"},"canonical":"https:\/\/www.lift-mtb.com\/it\/produit\/ruota-libera-pro-per-il-cuscinetto-mtb\/","og_locale":"it_IT","og_type":"article","og_title":"Ruota libera PRO per pedaliera specifica .","og_description":"PRO Ruota libera per kit motore elettrico a pedale per bicicletta V4 - Alta gamma con 72 punti di innesto per giro.","og_url":"https:\/\/www.lift-mtb.com\/it\/produit\/ruota-libera-pro-per-il-cuscinetto-mtb\/","og_site_name":"LIFT-MTB","article_modified_time":"2023-05-01T20:20:06+00:00","og_image":[{"width":1080,"height":935,"url":"https:\/\/www.lift-mtb.com\/wp-content\/uploads\/2022\/02\/diy-freewheel-ebike-2-1-sur-1.jpg","type":"image\/jpeg"}],"twitter_card":"summary_large_image","twitter_misc":{"Tempo di lettura stimato":"1 minuto"},"schema":{"@context":"https:\/\/schema.org","@graph":[{"@type":"WebPage","@id":"https:\/\/www.lift-mtb.com\/it\/produit\/ruota-libera-pro-per-il-cuscinetto-mtb\/","url":"https:\/\/www.lift-mtb.com\/it\/produit\/ruota-libera-pro-per-il-cuscinetto-mtb\/","name":"Ruota libera PRO per pedaliera specifica .","isPartOf":{"@id":"https:\/\/www.lift-mtb.com\/it\/#website"},"primaryImageOfPage":{"@id":"https:\/\/www.lift-mtb.com\/it\/produit\/ruota-libera-pro-per-il-cuscinetto-mtb\/#primaryimage"},"image":{"@id":"https:\/\/www.lift-mtb.com\/it\/produit\/ruota-libera-pro-per-il-cuscinetto-mtb\/#primaryimage"},"thumbnailUrl":"https:\/\/www.lift-mtb.com\/wp-content\/uploads\/2022\/02\/diy-freewheel-ebike-2-1-sur-1.jpg","datePublished":"2022-02-23T10:07:41+00:00","dateModified":"2023-05-01T20:20:06+00:00","description":"PRO Ruota libera per kit motore elettrico a pedale per bicicletta V4 - Alta gamma con 72 punti di innesto per giro.","breadcrumb":{"@id":"https:\/\/www.lift-mtb.com\/it\/produit\/ruota-libera-pro-per-il-cuscinetto-mtb\/#breadcrumb"},"inLanguage":"it-IT","potentialAction":[{"@type":"ReadAction","target":["https:\/\/www.lift-mtb.com\/it\/produit\/ruota-libera-pro-per-il-cuscinetto-mtb\/"]}]},{"@type":"ImageObject","inLanguage":"it-IT","@id":"https:\/\/www.lift-mtb.com\/it\/produit\/ruota-libera-pro-per-il-cuscinetto-mtb\/#primaryimage","url":"https:\/\/www.lift-mtb.com\/wp-content\/uploads\/2022\/02\/diy-freewheel-ebike-2-1-sur-1.jpg","contentUrl":"https:\/\/www.lift-mtb.com\/wp-content\/uploads\/2022\/02\/diy-freewheel-ebike-2-1-sur-1.jpg","width":1080,"height":935,"caption":"DIY freewheel ebike 2"},{"@type":"BreadcrumbList","@id":"https:\/\/www.lift-mtb.com\/it\/produit\/ruota-libera-pro-per-il-cuscinetto-mtb\/#breadcrumb","itemListElement":[{"@type":"ListItem","position":1,"name":"Accueil","item":"https:\/\/www.lift-mtb.com\/it\/"},{"@type":"ListItem","position":2,"name":"Negozio","item":"https:\/\/www.lift-mtb.com\/it\/negozio\/"},{"@type":"ListItem","position":3,"name":"Parti di ricambio","item":"https:\/\/www.lift-mtb.com\/it\/categoria-di-prodotto\/parti-di-ricambio\/"},{"@type":"ListItem","position":4,"name":"Parti del pedale","item":"https:\/\/www.lift-mtb.com\/it\/categoria-di-prodotto\/parti-di-ricambio\/parti-del-pedale\/"},{"@type":"ListItem","position":5,"name":"Ruota libera PRO per guarnitura LIFT-MTB"}]},{"@type":"WebSite","@id":"https:\/\/www.lift-mtb.com\/it\/#website","url":"https:\/\/www.lift-mtb.com\/it\/","name":"LIFT-MTB","description":"Transformer son v\u00e9lo en \u00e9lectrique rapidement !","publisher":{"@id":"https:\/\/www.lift-mtb.com\/it\/#organization"},"potentialAction":[{"@type":"SearchAction","target":{"@type":"EntryPoint","urlTemplate":"https:\/\/www.lift-mtb.com\/it\/?s={search_term_string}"},"query-input":{"@type":"PropertyValueSpecification","valueRequired":true,"valueName":"search_term_string"}}],"inLanguage":"it-IT"},{"@type":"Organization","@id":"https:\/\/www.lift-mtb.com\/it\/#organization","name":"LIFT-MTB","url":"https:\/\/www.lift-mtb.com\/it\/","logo":{"@type":"ImageObject","inLanguage":"it-IT","@id":"https:\/\/www.lift-mtb.com\/it\/#\/schema\/logo\/image\/","url":"https:\/\/www.lift-mtb.com\/wp-content\/uploads\/2022\/01\/electric-kit-for-bike-1.jpg","contentUrl":"https:\/\/www.lift-mtb.com\/wp-content\/uploads\/2022\/01\/electric-kit-for-bike-1.jpg","width":1223,"height":560,"caption":"LIFT-MTB"},"image":{"@id":"https:\/\/www.lift-mtb.com\/it\/#\/schema\/logo\/image\/"}}]}},"_links":{"self":[{"href":"https:\/\/www.lift-mtb.com\/it\/wp-json\/wp\/v2\/product\/39773","targetHints":{"allow":["GET"]}}],"collection":[{"href":"https:\/\/www.lift-mtb.com\/it\/wp-json\/wp\/v2\/product"}],"about":[{"href":"https:\/\/www.lift-mtb.com\/it\/wp-json\/wp\/v2\/types\/product"}],"replies":[{"embeddable":true,"href":"https:\/\/www.lift-mtb.com\/it\/wp-json\/wp\/v2\/comments?post=39773"}],"wp:featuredmedia":[{"embeddable":true,"href":"https:\/\/www.lift-mtb.com\/it\/wp-json\/wp\/v2\/media\/46534"}],"wp:attachment":[{"href":"https:\/\/www.lift-mtb.com\/it\/wp-json\/wp\/v2\/media?parent=39773"}],"wp:term":[{"taxonomy":"product_brand","embeddable":true,"href":"https:\/\/www.lift-mtb.com\/it\/wp-json\/wp\/v2\/product_brand?post=39773"},{"taxonomy":"product_cat","embeddable":true,"href":"https:\/\/www.lift-mtb.com\/it\/wp-json\/wp\/v2\/product_cat?post=39773"},{"taxonomy":"product_tag","embeddable":true,"href":"https:\/\/www.lift-mtb.com\/it\/wp-json\/wp\/v2\/product_tag?post=39773"}],"curies":[{"name":"wp","href":"https:\/\/api.w.org\/{rel}","templated":true}]}}