{"id":45174,"date":"2023-01-23T00:40:03","date_gmt":"2023-01-22T23:40:03","guid":{"rendered":"https:\/?post_type=product&#038;p=45174"},"modified":"2023-02-23T23:44:04","modified_gmt":"2023-02-23T22:44:04","slug":"cuscinetto-singolo-per-adattatore-cambio-bb92-lift-mtb-tipo-d-2-2","status":"publish","type":"product","link":"https:\/\/www.lift-mtb.com\/it\/produit\/cuscinetto-singolo-per-adattatore-cambio-bb92-lift-mtb-tipo-d-2-2\/","title":{"rendered":"Cuscinetto solo per movimento centrale BB92 LIFT MTB \/ TYPE D \/ adattatore"},"content":{"rendered":"<p>Cuscinetto del movimento centrale impermeabile per adattatore <a href=\"https:\/\/www.youtube.com\/@LIFTMTBTV\">LIFT MTB<\/a> a standard BB92.<\/p>\n<p>Il montaggio stretto nell&#8217;<a href=\"https:\/produit\/boitier-de-pedalier-bb92-24mm-pour-velo\/\"> adattatore<\/a>, con un diametro maggiore rispetto ad alcuni alloggiamenti pressati di tipo bb92 o bb108, vi consentir\u00e0 di sostituire facilmente i cuscinetti con la stessa qualit\u00e0 dell&#8217;originale.<\/p>\n<p>Progettato per i <strong>movimenti centrali BB108 o BB92<\/strong>, questo cuscinetto \u00e8 un modello di ricambio di alta qualit\u00e0, ideale per resistere alle condizioni pi\u00f9 estreme.<\/p>\n<p>Il cuscinetto del movimento centrale presenta sfere in acciaio cromato, una gabbia in acciaio cromato e guarnizioni rinforzate per un&#8217;eccellente resistenza all&#8217;acqua e alla polvere.<\/p>\n<p>&nbsp;<\/p>\n","protected":false},"excerpt":{"rendered":"<p><strong>Descrizione: <\/strong><\/p>\n<ul>\n<li>Cuscinetto solo per adattatore movimento centrale <strong>Press-Fit Mountain bikes bb92<\/strong> LIFT MTB \/ TYPE D diametro interno<strong> asse 30mm<\/strong> \/ <strong>22\/24mm<\/strong> o <strong>24mm<\/strong>.<\/li>\n<li>(i cuscinetti da 30 mm saranno compatibili solo con una cassa da 30 mm esistente)<\/li>\n<\/ul>\n","protected":false},"featured_media":8577,"comment_status":"open","ping_status":"closed","template":"","meta":[],"product_brand":[],"product_cat":[845],"product_tag":[],"class_list":{"0":"post-45174","1":"product","2":"type-product","3":"status-publish","4":"has-post-thumbnail","6":"product_cat-parti-del-pedale","8":"first","9":"instock","10":"taxable","11":"shipping-taxable","12":"purchasable","13":"product-type-variable"},"yoast_head":"<!-- This site is optimized with the Yoast SEO plugin v26.9 - https:\/\/yoast.com\/product\/yoast-seo-wordpress\/ -->\n<title>Cuscinetto per l&#039;adattatore del movimento centrale BB92.<\/title>\n<meta name=\"description\" content=\"Scoprite il cuscinetto del movimento centrale pressfit BB92 per gli adattatori del movimento centrale Mountain bikes. Adattatore per movimento centrale da BSA a BB92\" \/>\n<meta name=\"robots\" content=\"index, follow, max-snippet:-1, max-image-preview:large, max-video-preview:-1\" \/>\n<link rel=\"canonical\" href=\"https:\/\/www.lift-mtb.com\/it\/produit\/cuscinetto-singolo-per-adattatore-cambio-bb92-lift-mtb-tipo-d-2-2\/\" \/>\n<meta property=\"og:locale\" content=\"it_IT\" \/>\n<meta property=\"og:type\" content=\"article\" \/>\n<meta property=\"og:title\" content=\"Cuscinetto per l&#039;adattatore del movimento centrale BB92.\" \/>\n<meta property=\"og:description\" content=\"Scoprite il cuscinetto del movimento centrale pressfit BB92 per gli adattatori del movimento centrale Mountain bikes. Adattatore per movimento centrale da BSA a BB92\" \/>\n<meta property=\"og:url\" content=\"https:\/\/www.lift-mtb.com\/it\/produit\/cuscinetto-singolo-per-adattatore-cambio-bb92-lift-mtb-tipo-d-2-2\/\" \/>\n<meta property=\"og:site_name\" content=\"LIFT-MTB\" \/>\n<meta property=\"article:modified_time\" content=\"2023-02-23T22:44:04+00:00\" \/>\n<meta property=\"og:image\" content=\"https:\/\/www.lift-mtb.com\/wp-content\/uploads\/2022\/02\/roulement-1.jpg\" \/>\n\t<meta property=\"og:image:width\" content=\"341\" \/>\n\t<meta property=\"og:image:height\" content=\"248\" \/>\n\t<meta property=\"og:image:type\" content=\"image\/jpeg\" \/>\n<meta name=\"twitter:card\" content=\"summary_large_image\" \/>\n<meta name=\"twitter:label1\" content=\"Tempo di lettura stimato\" \/>\n\t<meta name=\"twitter:data1\" content=\"1 minuto\" \/>\n<script type=\"application\/ld+json\" class=\"yoast-schema-graph\">{\"@context\":\"https:\/\/schema.org\",\"@graph\":[{\"@type\":\"WebPage\",\"@id\":\"https:\/\/www.lift-mtb.com\/it\/produit\/cuscinetto-singolo-per-adattatore-cambio-bb92-lift-mtb-tipo-d-2-2\/\",\"url\":\"https:\/\/www.lift-mtb.com\/it\/produit\/cuscinetto-singolo-per-adattatore-cambio-bb92-lift-mtb-tipo-d-2-2\/\",\"name\":\"Cuscinetto per l'adattatore del movimento centrale BB92.\",\"isPartOf\":{\"@id\":\"https:\/\/www.lift-mtb.com\/it\/#website\"},\"primaryImageOfPage\":{\"@id\":\"https:\/\/www.lift-mtb.com\/it\/produit\/cuscinetto-singolo-per-adattatore-cambio-bb92-lift-mtb-tipo-d-2-2\/#primaryimage\"},\"image\":{\"@id\":\"https:\/\/www.lift-mtb.com\/it\/produit\/cuscinetto-singolo-per-adattatore-cambio-bb92-lift-mtb-tipo-d-2-2\/#primaryimage\"},\"thumbnailUrl\":\"https:\/\/www.lift-mtb.com\/wp-content\/uploads\/2022\/02\/roulement-1.jpg\",\"datePublished\":\"2023-01-22T23:40:03+00:00\",\"dateModified\":\"2023-02-23T22:44:04+00:00\",\"description\":\"Scoprite il cuscinetto del movimento centrale pressfit BB92 per gli adattatori del movimento centrale Mountain bikes. Adattatore per movimento centrale da BSA a BB92\",\"breadcrumb\":{\"@id\":\"https:\/\/www.lift-mtb.com\/it\/produit\/cuscinetto-singolo-per-adattatore-cambio-bb92-lift-mtb-tipo-d-2-2\/#breadcrumb\"},\"inLanguage\":\"it-IT\",\"potentialAction\":[{\"@type\":\"ReadAction\",\"target\":[\"https:\/\/www.lift-mtb.com\/it\/produit\/cuscinetto-singolo-per-adattatore-cambio-bb92-lift-mtb-tipo-d-2-2\/\"]}]},{\"@type\":\"ImageObject\",\"inLanguage\":\"it-IT\",\"@id\":\"https:\/\/www.lift-mtb.com\/it\/produit\/cuscinetto-singolo-per-adattatore-cambio-bb92-lift-mtb-tipo-d-2-2\/#primaryimage\",\"url\":\"https:\/\/www.lift-mtb.com\/wp-content\/uploads\/2022\/02\/roulement-1.jpg\",\"contentUrl\":\"https:\/\/www.lift-mtb.com\/wp-content\/uploads\/2022\/02\/roulement-1.jpg\",\"width\":341,\"height\":248,\"caption\":\"Cuscinetto adattatore del movimento centrale\"},{\"@type\":\"BreadcrumbList\",\"@id\":\"https:\/\/www.lift-mtb.com\/it\/produit\/cuscinetto-singolo-per-adattatore-cambio-bb92-lift-mtb-tipo-d-2-2\/#breadcrumb\",\"itemListElement\":[{\"@type\":\"ListItem\",\"position\":1,\"name\":\"Accueil\",\"item\":\"https:\/\/www.lift-mtb.com\/it\/\"},{\"@type\":\"ListItem\",\"position\":2,\"name\":\"Negozio\",\"item\":\"https:\/\/www.lift-mtb.com\/it\/negozio\/\"},{\"@type\":\"ListItem\",\"position\":3,\"name\":\"Parti di ricambio\",\"item\":\"https:\/\/www.lift-mtb.com\/it\/categoria-di-prodotto\/parti-di-ricambio\/\"},{\"@type\":\"ListItem\",\"position\":4,\"name\":\"Parti del pedale\",\"item\":\"https:\/\/www.lift-mtb.com\/it\/categoria-di-prodotto\/parti-di-ricambio\/parti-del-pedale\/\"},{\"@type\":\"ListItem\",\"position\":5,\"name\":\"Cuscinetto solo per movimento centrale BB92 LIFT MTB \/ TYPE D \/ adattatore\"}]},{\"@type\":\"WebSite\",\"@id\":\"https:\/\/www.lift-mtb.com\/it\/#website\",\"url\":\"https:\/\/www.lift-mtb.com\/it\/\",\"name\":\"LIFT-MTB\",\"description\":\"Transformer son v\u00e9lo en \u00e9lectrique rapidement !\",\"publisher\":{\"@id\":\"https:\/\/www.lift-mtb.com\/it\/#organization\"},\"potentialAction\":[{\"@type\":\"SearchAction\",\"target\":{\"@type\":\"EntryPoint\",\"urlTemplate\":\"https:\/\/www.lift-mtb.com\/it\/?s={search_term_string}\"},\"query-input\":{\"@type\":\"PropertyValueSpecification\",\"valueRequired\":true,\"valueName\":\"search_term_string\"}}],\"inLanguage\":\"it-IT\"},{\"@type\":\"Organization\",\"@id\":\"https:\/\/www.lift-mtb.com\/it\/#organization\",\"name\":\"LIFT-MTB\",\"url\":\"https:\/\/www.lift-mtb.com\/it\/\",\"logo\":{\"@type\":\"ImageObject\",\"inLanguage\":\"it-IT\",\"@id\":\"https:\/\/www.lift-mtb.com\/it\/#\/schema\/logo\/image\/\",\"url\":\"https:\/\/www.lift-mtb.com\/wp-content\/uploads\/2022\/01\/electric-kit-for-bike-1.jpg\",\"contentUrl\":\"https:\/\/www.lift-mtb.com\/wp-content\/uploads\/2022\/01\/electric-kit-for-bike-1.jpg\",\"width\":1223,\"height\":560,\"caption\":\"LIFT-MTB\"},\"image\":{\"@id\":\"https:\/\/www.lift-mtb.com\/it\/#\/schema\/logo\/image\/\"}}]}<\/script>\n<!-- \/ Yoast SEO plugin. -->","yoast_head_json":{"title":"Cuscinetto per l'adattatore del movimento centrale BB92.","description":"Scoprite il cuscinetto del movimento centrale pressfit BB92 per gli adattatori del movimento centrale Mountain bikes. Adattatore per movimento centrale da BSA a BB92","robots":{"index":"index","follow":"follow","max-snippet":"max-snippet:-1","max-image-preview":"max-image-preview:large","max-video-preview":"max-video-preview:-1"},"canonical":"https:\/\/www.lift-mtb.com\/it\/produit\/cuscinetto-singolo-per-adattatore-cambio-bb92-lift-mtb-tipo-d-2-2\/","og_locale":"it_IT","og_type":"article","og_title":"Cuscinetto per l'adattatore del movimento centrale BB92.","og_description":"Scoprite il cuscinetto del movimento centrale pressfit BB92 per gli adattatori del movimento centrale Mountain bikes. Adattatore per movimento centrale da BSA a BB92","og_url":"https:\/\/www.lift-mtb.com\/it\/produit\/cuscinetto-singolo-per-adattatore-cambio-bb92-lift-mtb-tipo-d-2-2\/","og_site_name":"LIFT-MTB","article_modified_time":"2023-02-23T22:44:04+00:00","og_image":[{"width":341,"height":248,"url":"https:\/\/www.lift-mtb.com\/wp-content\/uploads\/2022\/02\/roulement-1.jpg","type":"image\/jpeg"}],"twitter_card":"summary_large_image","twitter_misc":{"Tempo di lettura stimato":"1 minuto"},"schema":{"@context":"https:\/\/schema.org","@graph":[{"@type":"WebPage","@id":"https:\/\/www.lift-mtb.com\/it\/produit\/cuscinetto-singolo-per-adattatore-cambio-bb92-lift-mtb-tipo-d-2-2\/","url":"https:\/\/www.lift-mtb.com\/it\/produit\/cuscinetto-singolo-per-adattatore-cambio-bb92-lift-mtb-tipo-d-2-2\/","name":"Cuscinetto per l'adattatore del movimento centrale BB92.","isPartOf":{"@id":"https:\/\/www.lift-mtb.com\/it\/#website"},"primaryImageOfPage":{"@id":"https:\/\/www.lift-mtb.com\/it\/produit\/cuscinetto-singolo-per-adattatore-cambio-bb92-lift-mtb-tipo-d-2-2\/#primaryimage"},"image":{"@id":"https:\/\/www.lift-mtb.com\/it\/produit\/cuscinetto-singolo-per-adattatore-cambio-bb92-lift-mtb-tipo-d-2-2\/#primaryimage"},"thumbnailUrl":"https:\/\/www.lift-mtb.com\/wp-content\/uploads\/2022\/02\/roulement-1.jpg","datePublished":"2023-01-22T23:40:03+00:00","dateModified":"2023-02-23T22:44:04+00:00","description":"Scoprite il cuscinetto del movimento centrale pressfit BB92 per gli adattatori del movimento centrale Mountain bikes. Adattatore per movimento centrale da BSA a BB92","breadcrumb":{"@id":"https:\/\/www.lift-mtb.com\/it\/produit\/cuscinetto-singolo-per-adattatore-cambio-bb92-lift-mtb-tipo-d-2-2\/#breadcrumb"},"inLanguage":"it-IT","potentialAction":[{"@type":"ReadAction","target":["https:\/\/www.lift-mtb.com\/it\/produit\/cuscinetto-singolo-per-adattatore-cambio-bb92-lift-mtb-tipo-d-2-2\/"]}]},{"@type":"ImageObject","inLanguage":"it-IT","@id":"https:\/\/www.lift-mtb.com\/it\/produit\/cuscinetto-singolo-per-adattatore-cambio-bb92-lift-mtb-tipo-d-2-2\/#primaryimage","url":"https:\/\/www.lift-mtb.com\/wp-content\/uploads\/2022\/02\/roulement-1.jpg","contentUrl":"https:\/\/www.lift-mtb.com\/wp-content\/uploads\/2022\/02\/roulement-1.jpg","width":341,"height":248,"caption":"Cuscinetto adattatore del movimento centrale"},{"@type":"BreadcrumbList","@id":"https:\/\/www.lift-mtb.com\/it\/produit\/cuscinetto-singolo-per-adattatore-cambio-bb92-lift-mtb-tipo-d-2-2\/#breadcrumb","itemListElement":[{"@type":"ListItem","position":1,"name":"Accueil","item":"https:\/\/www.lift-mtb.com\/it\/"},{"@type":"ListItem","position":2,"name":"Negozio","item":"https:\/\/www.lift-mtb.com\/it\/negozio\/"},{"@type":"ListItem","position":3,"name":"Parti di ricambio","item":"https:\/\/www.lift-mtb.com\/it\/categoria-di-prodotto\/parti-di-ricambio\/"},{"@type":"ListItem","position":4,"name":"Parti del pedale","item":"https:\/\/www.lift-mtb.com\/it\/categoria-di-prodotto\/parti-di-ricambio\/parti-del-pedale\/"},{"@type":"ListItem","position":5,"name":"Cuscinetto solo per movimento centrale BB92 LIFT MTB \/ TYPE D \/ adattatore"}]},{"@type":"WebSite","@id":"https:\/\/www.lift-mtb.com\/it\/#website","url":"https:\/\/www.lift-mtb.com\/it\/","name":"LIFT-MTB","description":"Transformer son v\u00e9lo en \u00e9lectrique rapidement !","publisher":{"@id":"https:\/\/www.lift-mtb.com\/it\/#organization"},"potentialAction":[{"@type":"SearchAction","target":{"@type":"EntryPoint","urlTemplate":"https:\/\/www.lift-mtb.com\/it\/?s={search_term_string}"},"query-input":{"@type":"PropertyValueSpecification","valueRequired":true,"valueName":"search_term_string"}}],"inLanguage":"it-IT"},{"@type":"Organization","@id":"https:\/\/www.lift-mtb.com\/it\/#organization","name":"LIFT-MTB","url":"https:\/\/www.lift-mtb.com\/it\/","logo":{"@type":"ImageObject","inLanguage":"it-IT","@id":"https:\/\/www.lift-mtb.com\/it\/#\/schema\/logo\/image\/","url":"https:\/\/www.lift-mtb.com\/wp-content\/uploads\/2022\/01\/electric-kit-for-bike-1.jpg","contentUrl":"https:\/\/www.lift-mtb.com\/wp-content\/uploads\/2022\/01\/electric-kit-for-bike-1.jpg","width":1223,"height":560,"caption":"LIFT-MTB"},"image":{"@id":"https:\/\/www.lift-mtb.com\/it\/#\/schema\/logo\/image\/"}}]}},"_links":{"self":[{"href":"https:\/\/www.lift-mtb.com\/it\/wp-json\/wp\/v2\/product\/45174","targetHints":{"allow":["GET"]}}],"collection":[{"href":"https:\/\/www.lift-mtb.com\/it\/wp-json\/wp\/v2\/product"}],"about":[{"href":"https:\/\/www.lift-mtb.com\/it\/wp-json\/wp\/v2\/types\/product"}],"replies":[{"embeddable":true,"href":"https:\/\/www.lift-mtb.com\/it\/wp-json\/wp\/v2\/comments?post=45174"}],"wp:featuredmedia":[{"embeddable":true,"href":"https:\/\/www.lift-mtb.com\/it\/wp-json\/wp\/v2\/media\/8577"}],"wp:attachment":[{"href":"https:\/\/www.lift-mtb.com\/it\/wp-json\/wp\/v2\/media?parent=45174"}],"wp:term":[{"taxonomy":"product_brand","embeddable":true,"href":"https:\/\/www.lift-mtb.com\/it\/wp-json\/wp\/v2\/product_brand?post=45174"},{"taxonomy":"product_cat","embeddable":true,"href":"https:\/\/www.lift-mtb.com\/it\/wp-json\/wp\/v2\/product_cat?post=45174"},{"taxonomy":"product_tag","embeddable":true,"href":"https:\/\/www.lift-mtb.com\/it\/wp-json\/wp\/v2\/product_tag?post=45174"}],"curies":[{"name":"wp","href":"https:\/\/api.w.org\/{rel}","templated":true}]}}