{"id":45790,"date":"2023-02-16T15:11:08","date_gmt":"2023-02-16T14:11:08","guid":{"rendered":"https:\/?post_type=product&#038;p=45790"},"modified":"2023-03-03T21:23:33","modified_gmt":"2023-03-03T20:23:33","slug":"manovella-elevatore-mtb","status":"publish","type":"product","link":"https:\/\/www.lift-mtb.com\/it\/produit\/manovella-elevatore-mtb\/","title":{"rendered":"Estrattore a manovella LIFT-MTB"},"content":{"rendered":"<p>Estrattore a manovella LIFT-MTB<\/p>\n<p>Se vi state chiedendo come smontare le pedivelle della vostra bicicletta? Che si tratti di <strong>montare un kit elettrico su una bicicletta <\/strong>o di fare la manutenzione del vostro kit LIFT MTB v1 \/ v2 \/v3, ecco la soluzione!<\/p>\n<ul>\n<li>Strumento per lo smontaggio delle <a href=\"https:\/produit\/manivelles-lift-mtb-v4-classic-170-mm-pour-kit-moteur-de-velo\/\"><strong>pedivelle<\/strong><\/a> per la versione <strong>&#8220;Classic&#8221; V1,V2,V3<\/strong> della guarnitura<a href=\"https:\/\/www.youtube.com\/@LIFTMTBTV\"> LIFT-MTB<\/a>,<\/li>\n<li>Si blocca all&#8217;interno della manovella, quindi il perno centrale preme sull&#8217;albero a gomiti per estrarre la manovella.<\/li>\n<\/ul>\n<ul class=\"a-unordered-list a-vertical a-spacing-mini\">\n<li> <span class=\"a-list-item\"> Estrattore a manovella realizzato in acciaio di alta qualit\u00e0 e sottoposto a un trattamento termico di tempra ad alta resistenza, <\/span><span class=\"a-list-item\">antiruggine e durevole. <\/span> <\/li>\n<li><span class=\"a-list-item\">Applicazione: Il nostro estrattore per pedivelle \u00e8 di dimensioni standard, adatto a qualsiasi tipo di guarnitura. <\/span><\/li>\n<li><span class=\"a-list-item\">Finitura cromata per resistere alla corrosione<\/span><\/li>\n<li><span class=\"a-list-item\"> L&#8217;estrattore di pedivelle per biciclette elettriche LIFT-MTB \u00e8 un piccolo strumento necessario per ogni meccanico che voglia essere autonomo nella riparazione o nell&#8217;<strong> installazione di un kit elettrico su una mountain bike<\/strong>.<br \/>\n<\/span><\/li>\n<li><span class=\"a-list-item\"> Estrattore di pedivelle perfettamente adatto alla riparazione di Mountain bikes, bici da strada e della maggior parte delle bici con guarniture con alloggiamento in ceramica, molto pratico e facile da usare. <\/span><\/li>\n<li>In conclusione, questo strumento di alta qualit\u00e0 \u00e8 facile da usare. Grazie al trattamento termico ad alta resistenza, questa chiave durer\u00e0 nel tempo.<\/li>\n<li>Facile da trasportare, potete lavorare sulla vostra bicicletta ovunque vogliate.<\/li>\n<\/ul>\n","protected":false},"excerpt":{"rendered":"<p>Estrattore per pedali LIFT-MTB<\/p>\n<ul>\n<li>Attrezzo per la rimozione della <strong>pedivella<\/strong> per la versione <strong>&#8220;Classic<\/strong> &#8221; della guarnitura LIFT-MTB<\/li>\n<li>Consente inoltre di smontare le pedivelle con ingombro quadrato, ISIS e octalink.<\/li>\n<li>Si blocca all&#8217;interno della manovella, quindi il perno al centro preme sull&#8217;albero a gomiti per estrarre la manovella.<\/li>\n<\/ul>\n","protected":false},"featured_media":46086,"comment_status":"open","ping_status":"closed","template":"","meta":[],"product_brand":[],"product_cat":[1061],"product_tag":[],"class_list":{"0":"post-45790","1":"product","2":"type-product","3":"status-publish","4":"has-post-thumbnail","6":"product_cat-utensili","8":"first","9":"instock","10":"taxable","11":"shipping-taxable","12":"purchasable","13":"product-type-simple"},"yoast_head":"<!-- This site is optimized with the Yoast SEO plugin v26.9 - https:\/\/yoast.com\/product\/yoast-seo-wordpress\/ -->\n<title>Estrattore a manovella LIFT-MTB LIFT-MTB<\/title>\n<meta name=\"description\" content=\"Estrattore per pedivelle LIFT-MTB e attrezzo per rimuovere le pedivelle delle versioni &quot;Classic&quot; v1 \/ v2 \/ v3 o la guarnitura originale della bicicletta\" \/>\n<meta name=\"robots\" content=\"index, follow, max-snippet:-1, max-image-preview:large, max-video-preview:-1\" \/>\n<link rel=\"canonical\" href=\"https:\/\/www.lift-mtb.com\/it\/produit\/manovella-elevatore-mtb\/\" \/>\n<meta property=\"og:locale\" content=\"it_IT\" \/>\n<meta property=\"og:type\" content=\"article\" \/>\n<meta property=\"og:title\" content=\"Estrattore a manovella LIFT-MTB LIFT-MTB\" \/>\n<meta property=\"og:description\" content=\"Estrattore per pedivelle LIFT-MTB e attrezzo per rimuovere le pedivelle delle versioni &quot;Classic&quot; v1 \/ v2 \/ v3 o la guarnitura originale della bicicletta\" \/>\n<meta property=\"og:url\" content=\"https:\/\/www.lift-mtb.com\/it\/produit\/manovella-elevatore-mtb\/\" \/>\n<meta property=\"og:site_name\" content=\"LIFT-MTB\" \/>\n<meta property=\"article:modified_time\" content=\"2023-03-03T20:23:33+00:00\" \/>\n<meta property=\"og:image\" content=\"https:\/\/www.lift-mtb.com\/wp-content\/uploads\/2023\/02\/extracteur-de-manivelle-2048-x-1367-px-2.png\" \/>\n\t<meta property=\"og:image:width\" content=\"2048\" \/>\n\t<meta property=\"og:image:height\" content=\"1367\" \/>\n\t<meta property=\"og:image:type\" content=\"image\/png\" \/>\n<meta name=\"twitter:card\" content=\"summary_large_image\" \/>\n<meta name=\"twitter:label1\" content=\"Tempo di lettura stimato\" \/>\n\t<meta name=\"twitter:data1\" content=\"1 minuto\" \/>\n<script type=\"application\/ld+json\" class=\"yoast-schema-graph\">{\"@context\":\"https:\/\/schema.org\",\"@graph\":[{\"@type\":\"WebPage\",\"@id\":\"https:\/\/www.lift-mtb.com\/it\/produit\/manovella-elevatore-mtb\/\",\"url\":\"https:\/\/www.lift-mtb.com\/it\/produit\/manovella-elevatore-mtb\/\",\"name\":\"Estrattore a manovella LIFT-MTB LIFT-MTB\",\"isPartOf\":{\"@id\":\"https:\/\/www.lift-mtb.com\/it\/#website\"},\"primaryImageOfPage\":{\"@id\":\"https:\/\/www.lift-mtb.com\/it\/produit\/manovella-elevatore-mtb\/#primaryimage\"},\"image\":{\"@id\":\"https:\/\/www.lift-mtb.com\/it\/produit\/manovella-elevatore-mtb\/#primaryimage\"},\"thumbnailUrl\":\"https:\/\/www.lift-mtb.com\/wp-content\/uploads\/2023\/02\/extracteur-de-manivelle-2048-x-1367-px-2.png\",\"datePublished\":\"2023-02-16T14:11:08+00:00\",\"dateModified\":\"2023-03-03T20:23:33+00:00\",\"description\":\"Estrattore per pedivelle LIFT-MTB e attrezzo per rimuovere le pedivelle delle versioni \\\"Classic\\\" v1 \/ v2 \/ v3 o la guarnitura originale della bicicletta\",\"breadcrumb\":{\"@id\":\"https:\/\/www.lift-mtb.com\/it\/produit\/manovella-elevatore-mtb\/#breadcrumb\"},\"inLanguage\":\"it-IT\",\"potentialAction\":[{\"@type\":\"ReadAction\",\"target\":[\"https:\/\/www.lift-mtb.com\/it\/produit\/manovella-elevatore-mtb\/\"]}]},{\"@type\":\"ImageObject\",\"inLanguage\":\"it-IT\",\"@id\":\"https:\/\/www.lift-mtb.com\/it\/produit\/manovella-elevatore-mtb\/#primaryimage\",\"url\":\"https:\/\/www.lift-mtb.com\/wp-content\/uploads\/2023\/02\/extracteur-de-manivelle-2048-x-1367-px-2.png\",\"contentUrl\":\"https:\/\/www.lift-mtb.com\/wp-content\/uploads\/2023\/02\/extracteur-de-manivelle-2048-x-1367-px-2.png\",\"width\":2048,\"height\":1367,\"caption\":\"comment d\u00e9monter mon boitier de pedalier\"},{\"@type\":\"BreadcrumbList\",\"@id\":\"https:\/\/www.lift-mtb.com\/it\/produit\/manovella-elevatore-mtb\/#breadcrumb\",\"itemListElement\":[{\"@type\":\"ListItem\",\"position\":1,\"name\":\"Accueil\",\"item\":\"https:\/\/www.lift-mtb.com\/it\/\"},{\"@type\":\"ListItem\",\"position\":2,\"name\":\"Negozio\",\"item\":\"https:\/\/www.lift-mtb.com\/it\/negozio\/\"},{\"@type\":\"ListItem\",\"position\":3,\"name\":\"Utensili\",\"item\":\"https:\/\/www.lift-mtb.com\/it\/categoria-di-prodotto\/utensili\/\"},{\"@type\":\"ListItem\",\"position\":4,\"name\":\"Estrattore a manovella LIFT-MTB\"}]},{\"@type\":\"WebSite\",\"@id\":\"https:\/\/www.lift-mtb.com\/it\/#website\",\"url\":\"https:\/\/www.lift-mtb.com\/it\/\",\"name\":\"LIFT-MTB\",\"description\":\"Transformer son v\u00e9lo en \u00e9lectrique rapidement !\",\"publisher\":{\"@id\":\"https:\/\/www.lift-mtb.com\/it\/#organization\"},\"potentialAction\":[{\"@type\":\"SearchAction\",\"target\":{\"@type\":\"EntryPoint\",\"urlTemplate\":\"https:\/\/www.lift-mtb.com\/it\/?s={search_term_string}\"},\"query-input\":{\"@type\":\"PropertyValueSpecification\",\"valueRequired\":true,\"valueName\":\"search_term_string\"}}],\"inLanguage\":\"it-IT\"},{\"@type\":\"Organization\",\"@id\":\"https:\/\/www.lift-mtb.com\/it\/#organization\",\"name\":\"LIFT-MTB\",\"url\":\"https:\/\/www.lift-mtb.com\/it\/\",\"logo\":{\"@type\":\"ImageObject\",\"inLanguage\":\"it-IT\",\"@id\":\"https:\/\/www.lift-mtb.com\/it\/#\/schema\/logo\/image\/\",\"url\":\"https:\/\/www.lift-mtb.com\/wp-content\/uploads\/2022\/01\/electric-kit-for-bike-1.jpg\",\"contentUrl\":\"https:\/\/www.lift-mtb.com\/wp-content\/uploads\/2022\/01\/electric-kit-for-bike-1.jpg\",\"width\":1223,\"height\":560,\"caption\":\"LIFT-MTB\"},\"image\":{\"@id\":\"https:\/\/www.lift-mtb.com\/it\/#\/schema\/logo\/image\/\"}}]}<\/script>\n<!-- \/ Yoast SEO plugin. -->","yoast_head_json":{"title":"Estrattore a manovella LIFT-MTB LIFT-MTB","description":"Estrattore per pedivelle LIFT-MTB e attrezzo per rimuovere le pedivelle delle versioni \"Classic\" v1 \/ v2 \/ v3 o la guarnitura originale della bicicletta","robots":{"index":"index","follow":"follow","max-snippet":"max-snippet:-1","max-image-preview":"max-image-preview:large","max-video-preview":"max-video-preview:-1"},"canonical":"https:\/\/www.lift-mtb.com\/it\/produit\/manovella-elevatore-mtb\/","og_locale":"it_IT","og_type":"article","og_title":"Estrattore a manovella LIFT-MTB LIFT-MTB","og_description":"Estrattore per pedivelle LIFT-MTB e attrezzo per rimuovere le pedivelle delle versioni \"Classic\" v1 \/ v2 \/ v3 o la guarnitura originale della bicicletta","og_url":"https:\/\/www.lift-mtb.com\/it\/produit\/manovella-elevatore-mtb\/","og_site_name":"LIFT-MTB","article_modified_time":"2023-03-03T20:23:33+00:00","og_image":[{"width":2048,"height":1367,"url":"https:\/\/www.lift-mtb.com\/wp-content\/uploads\/2023\/02\/extracteur-de-manivelle-2048-x-1367-px-2.png","type":"image\/png"}],"twitter_card":"summary_large_image","twitter_misc":{"Tempo di lettura stimato":"1 minuto"},"schema":{"@context":"https:\/\/schema.org","@graph":[{"@type":"WebPage","@id":"https:\/\/www.lift-mtb.com\/it\/produit\/manovella-elevatore-mtb\/","url":"https:\/\/www.lift-mtb.com\/it\/produit\/manovella-elevatore-mtb\/","name":"Estrattore a manovella LIFT-MTB LIFT-MTB","isPartOf":{"@id":"https:\/\/www.lift-mtb.com\/it\/#website"},"primaryImageOfPage":{"@id":"https:\/\/www.lift-mtb.com\/it\/produit\/manovella-elevatore-mtb\/#primaryimage"},"image":{"@id":"https:\/\/www.lift-mtb.com\/it\/produit\/manovella-elevatore-mtb\/#primaryimage"},"thumbnailUrl":"https:\/\/www.lift-mtb.com\/wp-content\/uploads\/2023\/02\/extracteur-de-manivelle-2048-x-1367-px-2.png","datePublished":"2023-02-16T14:11:08+00:00","dateModified":"2023-03-03T20:23:33+00:00","description":"Estrattore per pedivelle LIFT-MTB e attrezzo per rimuovere le pedivelle delle versioni \"Classic\" v1 \/ v2 \/ v3 o la guarnitura originale della bicicletta","breadcrumb":{"@id":"https:\/\/www.lift-mtb.com\/it\/produit\/manovella-elevatore-mtb\/#breadcrumb"},"inLanguage":"it-IT","potentialAction":[{"@type":"ReadAction","target":["https:\/\/www.lift-mtb.com\/it\/produit\/manovella-elevatore-mtb\/"]}]},{"@type":"ImageObject","inLanguage":"it-IT","@id":"https:\/\/www.lift-mtb.com\/it\/produit\/manovella-elevatore-mtb\/#primaryimage","url":"https:\/\/www.lift-mtb.com\/wp-content\/uploads\/2023\/02\/extracteur-de-manivelle-2048-x-1367-px-2.png","contentUrl":"https:\/\/www.lift-mtb.com\/wp-content\/uploads\/2023\/02\/extracteur-de-manivelle-2048-x-1367-px-2.png","width":2048,"height":1367,"caption":"comment d\u00e9monter mon boitier de pedalier"},{"@type":"BreadcrumbList","@id":"https:\/\/www.lift-mtb.com\/it\/produit\/manovella-elevatore-mtb\/#breadcrumb","itemListElement":[{"@type":"ListItem","position":1,"name":"Accueil","item":"https:\/\/www.lift-mtb.com\/it\/"},{"@type":"ListItem","position":2,"name":"Negozio","item":"https:\/\/www.lift-mtb.com\/it\/negozio\/"},{"@type":"ListItem","position":3,"name":"Utensili","item":"https:\/\/www.lift-mtb.com\/it\/categoria-di-prodotto\/utensili\/"},{"@type":"ListItem","position":4,"name":"Estrattore a manovella LIFT-MTB"}]},{"@type":"WebSite","@id":"https:\/\/www.lift-mtb.com\/it\/#website","url":"https:\/\/www.lift-mtb.com\/it\/","name":"LIFT-MTB","description":"Transformer son v\u00e9lo en \u00e9lectrique rapidement !","publisher":{"@id":"https:\/\/www.lift-mtb.com\/it\/#organization"},"potentialAction":[{"@type":"SearchAction","target":{"@type":"EntryPoint","urlTemplate":"https:\/\/www.lift-mtb.com\/it\/?s={search_term_string}"},"query-input":{"@type":"PropertyValueSpecification","valueRequired":true,"valueName":"search_term_string"}}],"inLanguage":"it-IT"},{"@type":"Organization","@id":"https:\/\/www.lift-mtb.com\/it\/#organization","name":"LIFT-MTB","url":"https:\/\/www.lift-mtb.com\/it\/","logo":{"@type":"ImageObject","inLanguage":"it-IT","@id":"https:\/\/www.lift-mtb.com\/it\/#\/schema\/logo\/image\/","url":"https:\/\/www.lift-mtb.com\/wp-content\/uploads\/2022\/01\/electric-kit-for-bike-1.jpg","contentUrl":"https:\/\/www.lift-mtb.com\/wp-content\/uploads\/2022\/01\/electric-kit-for-bike-1.jpg","width":1223,"height":560,"caption":"LIFT-MTB"},"image":{"@id":"https:\/\/www.lift-mtb.com\/it\/#\/schema\/logo\/image\/"}}]}},"_links":{"self":[{"href":"https:\/\/www.lift-mtb.com\/it\/wp-json\/wp\/v2\/product\/45790","targetHints":{"allow":["GET"]}}],"collection":[{"href":"https:\/\/www.lift-mtb.com\/it\/wp-json\/wp\/v2\/product"}],"about":[{"href":"https:\/\/www.lift-mtb.com\/it\/wp-json\/wp\/v2\/types\/product"}],"replies":[{"embeddable":true,"href":"https:\/\/www.lift-mtb.com\/it\/wp-json\/wp\/v2\/comments?post=45790"}],"wp:featuredmedia":[{"embeddable":true,"href":"https:\/\/www.lift-mtb.com\/it\/wp-json\/wp\/v2\/media\/46086"}],"wp:attachment":[{"href":"https:\/\/www.lift-mtb.com\/it\/wp-json\/wp\/v2\/media?parent=45790"}],"wp:term":[{"taxonomy":"product_brand","embeddable":true,"href":"https:\/\/www.lift-mtb.com\/it\/wp-json\/wp\/v2\/product_brand?post=45790"},{"taxonomy":"product_cat","embeddable":true,"href":"https:\/\/www.lift-mtb.com\/it\/wp-json\/wp\/v2\/product_cat?post=45790"},{"taxonomy":"product_tag","embeddable":true,"href":"https:\/\/www.lift-mtb.com\/it\/wp-json\/wp\/v2\/product_tag?post=45790"}],"curies":[{"name":"wp","href":"https:\/\/api.w.org\/{rel}","templated":true}]}}