{"id":47375,"date":"2016-02-22T14:02:10","date_gmt":"2016-02-22T13:02:10","guid":{"rendered":"https:\/?post_type=product&#038;p=47375"},"modified":"2023-02-23T23:35:12","modified_gmt":"2023-02-23T22:35:12","slug":"comando-di-blocco-fox-float-x2-e-dhx2","status":"publish","type":"product","link":"https:\/\/www.lift-mtb.com\/it\/produit\/comando-di-blocco-fox-float-x2-e-dhx2\/","title":{"rendered":"Comando di bloccaggio &#8211; FOX FLOAT X2 E DHX2"},"content":{"rendered":"<p>Abbiamo sviluppato <a href=\"https:\/\/www.youtube.com\/watch?v=5C3L20TL14g\">uno<\/a> speciale <a href=\"https:\/\/www.youtube.com\/watch?v=5C3L20TL14g\">comando al manubrio<\/a> per aggiornare gli ammortizzatori Fox Float X2 e DHX2 dal 2016 al 2020.<\/p>\n<p>Con il nostro sistema, \u00e8 possibile trasferire il blocco manuale dell&#8217;ammortizzatore al manubrio con una leva remota.<\/p>\n<p>Il nostro sistema \u00e8 stato progettato per funzionare con le leve del deragliatore anteriore standard Shimano o SRAM.<\/p>\n<p>\u00c8 possibile utilizzare una delle leve del deragliatore a 2 o 3 velocit\u00e0, indipendentemente dalla sua et\u00e0 o dalla sua versione.<\/p>\n<p>Si tratta quindi di una soluzione economica, universale e semplice.<\/p>\n<p>Nota: il nostro sistema \u00e8 compatibile anche con il cambio originale Fox a 3 posizioni, sebbene sia pi\u00f9 costoso di un cambio anteriore.<\/p>\n<p>Il nostro sistema \u00e8 probabilmente compatibile con le leve di altre marche, anche se non disponiamo di un elenco preciso.<\/p>\n<p>Per verificare la compatibilit\u00e0, si pu\u00f2 fare riferimento al rapporto della propria leva:<\/p>\n<p>Deve avere un&#8217;escursione minima di 8 mm per passare dalla modalit\u00e0 di apertura a quella di blocco.<\/p>\n<p>Tutti i modelli Fox Float X2 o DHX2 dal 2016 al 2020 con una leva di bloccaggio blu sull&#8217;ammortizzatore sono compatibili con il nostro sistema di controllo.<\/p>\n<p>Video della staffa di bloccaggio del sollevatore MTB.<\/p>\n","protected":false},"excerpt":{"rendered":"<p><strong>Il nostro prodotto \u00e8 :<\/strong><\/p>\n<ul>\n<li><a href=\"https:\/fabrication-made-in-france-moteur-electrique-pour-velo\/\">Lavorati in Francia, interamente lavorati &#8220;hors masse&#8221; con macchine CNC<\/a>.<\/li>\n<li>Alluminio 7075<\/li>\n<li>100% progettato in Francia da noi<\/li>\n<\/ul>\n<p>Nero anodizzato<\/p>\n<p>Peso: 84 grammi<\/p>\n","protected":false},"featured_media":47394,"comment_status":"open","ping_status":"closed","template":"","meta":[],"product_brand":[],"product_cat":[1099],"product_tag":[],"class_list":{"0":"post-47375","1":"product","2":"type-product","3":"status-publish","4":"has-post-thumbnail","6":"product_cat-customs-it","8":"first","9":"instock","10":"sale","11":"taxable","12":"shipping-taxable","13":"purchasable","14":"product-type-simple"},"yoast_head":"<!-- This site is optimized with the Yoast SEO plugin v26.9 - https:\/\/yoast.com\/product\/yoast-seo-wordpress\/ -->\n<title>Comando di bloccaggio - FOX FLOAT X2 E DHX2<\/title>\n<meta name=\"description\" content=\"FOX FLOAT X2 E DHX2 Aggiornamento remoto Abbiamo sviluppato un ammortizzatore X2 \/ DHX2 remoto. Con il nostro sistema, \u00e8 possibile trasferire il blocco dell&#039;ammortizzatore al manubrio.\" \/>\n<meta name=\"robots\" content=\"index, follow, max-snippet:-1, max-image-preview:large, max-video-preview:-1\" \/>\n<link rel=\"canonical\" href=\"https:\/\/www.lift-mtb.com\/it\/produit\/comando-di-blocco-fox-float-x2-e-dhx2\/\" \/>\n<meta property=\"og:locale\" content=\"it_IT\" \/>\n<meta property=\"og:type\" content=\"article\" \/>\n<meta property=\"og:title\" content=\"Comando di bloccaggio - FOX FLOAT X2 E DHX2\" \/>\n<meta property=\"og:description\" content=\"FOX FLOAT X2 E DHX2 Aggiornamento remoto Abbiamo sviluppato un ammortizzatore X2 \/ DHX2 remoto. Con il nostro sistema, \u00e8 possibile trasferire il blocco dell&#039;ammortizzatore al manubrio.\" \/>\n<meta property=\"og:url\" content=\"https:\/\/www.lift-mtb.com\/it\/produit\/comando-di-blocco-fox-float-x2-e-dhx2\/\" \/>\n<meta property=\"og:site_name\" content=\"LIFT-MTB\" \/>\n<meta property=\"article:modified_time\" content=\"2023-02-23T22:35:12+00:00\" \/>\n<meta property=\"og:image\" content=\"https:\/\/www.lift-mtb.com\/wp-content\/uploads\/2023\/02\/fox-remote-dhx2-float-x2-7-0297-scaled.jpg\" \/>\n\t<meta property=\"og:image:width\" content=\"2560\" \/>\n\t<meta property=\"og:image:height\" content=\"1696\" \/>\n\t<meta property=\"og:image:type\" content=\"image\/jpeg\" \/>\n<meta name=\"twitter:card\" content=\"summary_large_image\" \/>\n<meta name=\"twitter:label1\" content=\"Tempo di lettura stimato\" \/>\n\t<meta name=\"twitter:data1\" content=\"2 minuti\" \/>\n<script type=\"application\/ld+json\" class=\"yoast-schema-graph\">{\"@context\":\"https:\/\/schema.org\",\"@graph\":[{\"@type\":\"WebPage\",\"@id\":\"https:\/\/www.lift-mtb.com\/it\/produit\/comando-di-blocco-fox-float-x2-e-dhx2\/\",\"url\":\"https:\/\/www.lift-mtb.com\/it\/produit\/comando-di-blocco-fox-float-x2-e-dhx2\/\",\"name\":\"Comando di bloccaggio - FOX FLOAT X2 E DHX2\",\"isPartOf\":{\"@id\":\"https:\/\/www.lift-mtb.com\/it\/#website\"},\"primaryImageOfPage\":{\"@id\":\"https:\/\/www.lift-mtb.com\/it\/produit\/comando-di-blocco-fox-float-x2-e-dhx2\/#primaryimage\"},\"image\":{\"@id\":\"https:\/\/www.lift-mtb.com\/it\/produit\/comando-di-blocco-fox-float-x2-e-dhx2\/#primaryimage\"},\"thumbnailUrl\":\"https:\/\/www.lift-mtb.com\/wp-content\/uploads\/2023\/02\/fox-remote-dhx2-float-x2-7-0297-scaled.jpg\",\"datePublished\":\"2016-02-22T13:02:10+00:00\",\"dateModified\":\"2023-02-23T22:35:12+00:00\",\"description\":\"FOX FLOAT X2 E DHX2 Aggiornamento remoto Abbiamo sviluppato un ammortizzatore X2 \/ DHX2 remoto. Con il nostro sistema, \u00e8 possibile trasferire il blocco dell'ammortizzatore al manubrio.\",\"breadcrumb\":{\"@id\":\"https:\/\/www.lift-mtb.com\/it\/produit\/comando-di-blocco-fox-float-x2-e-dhx2\/#breadcrumb\"},\"inLanguage\":\"it-IT\",\"potentialAction\":[{\"@type\":\"ReadAction\",\"target\":[\"https:\/\/www.lift-mtb.com\/it\/produit\/comando-di-blocco-fox-float-x2-e-dhx2\/\"]}]},{\"@type\":\"ImageObject\",\"inLanguage\":\"it-IT\",\"@id\":\"https:\/\/www.lift-mtb.com\/it\/produit\/comando-di-blocco-fox-float-x2-e-dhx2\/#primaryimage\",\"url\":\"https:\/\/www.lift-mtb.com\/wp-content\/uploads\/2023\/02\/fox-remote-dhx2-float-x2-7-0297-scaled.jpg\",\"contentUrl\":\"https:\/\/www.lift-mtb.com\/wp-content\/uploads\/2023\/02\/fox-remote-dhx2-float-x2-7-0297-scaled.jpg\",\"width\":2560,\"height\":1696,\"caption\":\"lift mtb fox lock out\"},{\"@type\":\"BreadcrumbList\",\"@id\":\"https:\/\/www.lift-mtb.com\/it\/produit\/comando-di-blocco-fox-float-x2-e-dhx2\/#breadcrumb\",\"itemListElement\":[{\"@type\":\"ListItem\",\"position\":1,\"name\":\"Accueil\",\"item\":\"https:\/\/www.lift-mtb.com\/it\/\"},{\"@type\":\"ListItem\",\"position\":2,\"name\":\"Negozio\",\"item\":\"https:\/\/www.lift-mtb.com\/it\/negozio\/\"},{\"@type\":\"ListItem\",\"position\":3,\"name\":\"Customs\",\"item\":\"https:\/\/www.lift-mtb.com\/it\/categoria-di-prodotto\/customs-it\/\"},{\"@type\":\"ListItem\",\"position\":4,\"name\":\"Comando di bloccaggio &#8211; FOX FLOAT X2 E DHX2\"}]},{\"@type\":\"WebSite\",\"@id\":\"https:\/\/www.lift-mtb.com\/it\/#website\",\"url\":\"https:\/\/www.lift-mtb.com\/it\/\",\"name\":\"LIFT-MTB\",\"description\":\"Transformer son v\u00e9lo en \u00e9lectrique rapidement !\",\"publisher\":{\"@id\":\"https:\/\/www.lift-mtb.com\/it\/#organization\"},\"potentialAction\":[{\"@type\":\"SearchAction\",\"target\":{\"@type\":\"EntryPoint\",\"urlTemplate\":\"https:\/\/www.lift-mtb.com\/it\/?s={search_term_string}\"},\"query-input\":{\"@type\":\"PropertyValueSpecification\",\"valueRequired\":true,\"valueName\":\"search_term_string\"}}],\"inLanguage\":\"it-IT\"},{\"@type\":\"Organization\",\"@id\":\"https:\/\/www.lift-mtb.com\/it\/#organization\",\"name\":\"LIFT-MTB\",\"url\":\"https:\/\/www.lift-mtb.com\/it\/\",\"logo\":{\"@type\":\"ImageObject\",\"inLanguage\":\"it-IT\",\"@id\":\"https:\/\/www.lift-mtb.com\/it\/#\/schema\/logo\/image\/\",\"url\":\"https:\/\/www.lift-mtb.com\/wp-content\/uploads\/2022\/01\/electric-kit-for-bike-1.jpg\",\"contentUrl\":\"https:\/\/www.lift-mtb.com\/wp-content\/uploads\/2022\/01\/electric-kit-for-bike-1.jpg\",\"width\":1223,\"height\":560,\"caption\":\"LIFT-MTB\"},\"image\":{\"@id\":\"https:\/\/www.lift-mtb.com\/it\/#\/schema\/logo\/image\/\"}}]}<\/script>\n<!-- \/ Yoast SEO plugin. -->","yoast_head_json":{"title":"Comando di bloccaggio - FOX FLOAT X2 E DHX2","description":"FOX FLOAT X2 E DHX2 Aggiornamento remoto Abbiamo sviluppato un ammortizzatore X2 \/ DHX2 remoto. Con il nostro sistema, \u00e8 possibile trasferire il blocco dell'ammortizzatore al manubrio.","robots":{"index":"index","follow":"follow","max-snippet":"max-snippet:-1","max-image-preview":"max-image-preview:large","max-video-preview":"max-video-preview:-1"},"canonical":"https:\/\/www.lift-mtb.com\/it\/produit\/comando-di-blocco-fox-float-x2-e-dhx2\/","og_locale":"it_IT","og_type":"article","og_title":"Comando di bloccaggio - FOX FLOAT X2 E DHX2","og_description":"FOX FLOAT X2 E DHX2 Aggiornamento remoto Abbiamo sviluppato un ammortizzatore X2 \/ DHX2 remoto. Con il nostro sistema, \u00e8 possibile trasferire il blocco dell'ammortizzatore al manubrio.","og_url":"https:\/\/www.lift-mtb.com\/it\/produit\/comando-di-blocco-fox-float-x2-e-dhx2\/","og_site_name":"LIFT-MTB","article_modified_time":"2023-02-23T22:35:12+00:00","og_image":[{"width":2560,"height":1696,"url":"https:\/\/www.lift-mtb.com\/wp-content\/uploads\/2023\/02\/fox-remote-dhx2-float-x2-7-0297-scaled.jpg","type":"image\/jpeg"}],"twitter_card":"summary_large_image","twitter_misc":{"Tempo di lettura stimato":"2 minuti"},"schema":{"@context":"https:\/\/schema.org","@graph":[{"@type":"WebPage","@id":"https:\/\/www.lift-mtb.com\/it\/produit\/comando-di-blocco-fox-float-x2-e-dhx2\/","url":"https:\/\/www.lift-mtb.com\/it\/produit\/comando-di-blocco-fox-float-x2-e-dhx2\/","name":"Comando di bloccaggio - FOX FLOAT X2 E DHX2","isPartOf":{"@id":"https:\/\/www.lift-mtb.com\/it\/#website"},"primaryImageOfPage":{"@id":"https:\/\/www.lift-mtb.com\/it\/produit\/comando-di-blocco-fox-float-x2-e-dhx2\/#primaryimage"},"image":{"@id":"https:\/\/www.lift-mtb.com\/it\/produit\/comando-di-blocco-fox-float-x2-e-dhx2\/#primaryimage"},"thumbnailUrl":"https:\/\/www.lift-mtb.com\/wp-content\/uploads\/2023\/02\/fox-remote-dhx2-float-x2-7-0297-scaled.jpg","datePublished":"2016-02-22T13:02:10+00:00","dateModified":"2023-02-23T22:35:12+00:00","description":"FOX FLOAT X2 E DHX2 Aggiornamento remoto Abbiamo sviluppato un ammortizzatore X2 \/ DHX2 remoto. Con il nostro sistema, \u00e8 possibile trasferire il blocco dell'ammortizzatore al manubrio.","breadcrumb":{"@id":"https:\/\/www.lift-mtb.com\/it\/produit\/comando-di-blocco-fox-float-x2-e-dhx2\/#breadcrumb"},"inLanguage":"it-IT","potentialAction":[{"@type":"ReadAction","target":["https:\/\/www.lift-mtb.com\/it\/produit\/comando-di-blocco-fox-float-x2-e-dhx2\/"]}]},{"@type":"ImageObject","inLanguage":"it-IT","@id":"https:\/\/www.lift-mtb.com\/it\/produit\/comando-di-blocco-fox-float-x2-e-dhx2\/#primaryimage","url":"https:\/\/www.lift-mtb.com\/wp-content\/uploads\/2023\/02\/fox-remote-dhx2-float-x2-7-0297-scaled.jpg","contentUrl":"https:\/\/www.lift-mtb.com\/wp-content\/uploads\/2023\/02\/fox-remote-dhx2-float-x2-7-0297-scaled.jpg","width":2560,"height":1696,"caption":"lift mtb fox lock out"},{"@type":"BreadcrumbList","@id":"https:\/\/www.lift-mtb.com\/it\/produit\/comando-di-blocco-fox-float-x2-e-dhx2\/#breadcrumb","itemListElement":[{"@type":"ListItem","position":1,"name":"Accueil","item":"https:\/\/www.lift-mtb.com\/it\/"},{"@type":"ListItem","position":2,"name":"Negozio","item":"https:\/\/www.lift-mtb.com\/it\/negozio\/"},{"@type":"ListItem","position":3,"name":"Customs","item":"https:\/\/www.lift-mtb.com\/it\/categoria-di-prodotto\/customs-it\/"},{"@type":"ListItem","position":4,"name":"Comando di bloccaggio &#8211; FOX FLOAT X2 E DHX2"}]},{"@type":"WebSite","@id":"https:\/\/www.lift-mtb.com\/it\/#website","url":"https:\/\/www.lift-mtb.com\/it\/","name":"LIFT-MTB","description":"Transformer son v\u00e9lo en \u00e9lectrique rapidement !","publisher":{"@id":"https:\/\/www.lift-mtb.com\/it\/#organization"},"potentialAction":[{"@type":"SearchAction","target":{"@type":"EntryPoint","urlTemplate":"https:\/\/www.lift-mtb.com\/it\/?s={search_term_string}"},"query-input":{"@type":"PropertyValueSpecification","valueRequired":true,"valueName":"search_term_string"}}],"inLanguage":"it-IT"},{"@type":"Organization","@id":"https:\/\/www.lift-mtb.com\/it\/#organization","name":"LIFT-MTB","url":"https:\/\/www.lift-mtb.com\/it\/","logo":{"@type":"ImageObject","inLanguage":"it-IT","@id":"https:\/\/www.lift-mtb.com\/it\/#\/schema\/logo\/image\/","url":"https:\/\/www.lift-mtb.com\/wp-content\/uploads\/2022\/01\/electric-kit-for-bike-1.jpg","contentUrl":"https:\/\/www.lift-mtb.com\/wp-content\/uploads\/2022\/01\/electric-kit-for-bike-1.jpg","width":1223,"height":560,"caption":"LIFT-MTB"},"image":{"@id":"https:\/\/www.lift-mtb.com\/it\/#\/schema\/logo\/image\/"}}]}},"_links":{"self":[{"href":"https:\/\/www.lift-mtb.com\/it\/wp-json\/wp\/v2\/product\/47375","targetHints":{"allow":["GET"]}}],"collection":[{"href":"https:\/\/www.lift-mtb.com\/it\/wp-json\/wp\/v2\/product"}],"about":[{"href":"https:\/\/www.lift-mtb.com\/it\/wp-json\/wp\/v2\/types\/product"}],"replies":[{"embeddable":true,"href":"https:\/\/www.lift-mtb.com\/it\/wp-json\/wp\/v2\/comments?post=47375"}],"wp:featuredmedia":[{"embeddable":true,"href":"https:\/\/www.lift-mtb.com\/it\/wp-json\/wp\/v2\/media\/47394"}],"wp:attachment":[{"href":"https:\/\/www.lift-mtb.com\/it\/wp-json\/wp\/v2\/media?parent=47375"}],"wp:term":[{"taxonomy":"product_brand","embeddable":true,"href":"https:\/\/www.lift-mtb.com\/it\/wp-json\/wp\/v2\/product_brand?post=47375"},{"taxonomy":"product_cat","embeddable":true,"href":"https:\/\/www.lift-mtb.com\/it\/wp-json\/wp\/v2\/product_cat?post=47375"},{"taxonomy":"product_tag","embeddable":true,"href":"https:\/\/www.lift-mtb.com\/it\/wp-json\/wp\/v2\/product_tag?post=47375"}],"curies":[{"name":"wp","href":"https:\/\/api.w.org\/{rel}","templated":true}]}}