{"id":47510,"date":"2023-02-24T09:57:46","date_gmt":"2023-02-24T08:57:46","guid":{"rendered":"https:\/?post_type=product&#038;p=47510"},"modified":"2023-03-03T19:34:27","modified_gmt":"2023-03-03T18:34:27","slug":"pedaliera-versione-classica","status":"publish","type":"product","link":"https:\/\/www.lift-mtb.com\/it\/produit\/pedaliera-versione-classica\/","title":{"rendered":"Guarnitura classica"},"content":{"rendered":"<p>Guarnitura classica LIFT-MTB per kit bicicletta elettrica fai da te.<\/p>\n<h2><strong>La versione classica della pedaliera \u00e8 composta da<br \/>\n<\/strong><\/h2>\n<div class=\"fusion-text fusion-text-8\">\n<div class=\"fusion-text fusion-text-8\">\n<ul>\n<li>Assale oversize <b>in acciaio cromato<\/b> da 22 mm.<\/li>\n<li>Fornito con adattatori di diversi diametri per passare a 22\/24 mm \/24 mm \/29 mm e 30 mm.<\/li>\n<li>Poich\u00e9 le pedivelle si inseriscono pi\u00f9 o meno profondamente nell&#8217;asse, \u00e8 compatibile con tutte le larghezze di telaio: cross country elettrico \/ enduro eclettico \/ downhill elettrico \/ bici da strada elettrica \/ fat bike elettrica \/ tandem elettrico. (vedi versione specifica tandem elettrico)<\/li>\n<li>Ruota libera <strong>DICTA in cromo 20 punti di ingaggio<\/strong> per giro, molla singola con doppi nottolini.<\/li>\n<li><strong>Pedivelle in alluminio 6061T6 da 170 mm<\/strong>, con incisione laser<a href=\"https:\/\/www.youtube.com\/@LIFTMTBTV\">&#8220;LIFT-MTB<\/a>&#8220;, doppio serraggio tramite pinzatura dell&#8217;asse<\/li>\n<li>Peso <strong>1.150 grammi<\/strong> (valore della sola guarnitura &#8220;CLASSIC&#8221;, escluso il kit <strong>200 euro<\/strong>).<\/li>\n<li>Per ulteriori informazioni sulle differenze tra la versione classica e quella pro, visitate il link sottostante.<\/li>\n<li><a href=\"https:\/choix-du-pedalier-pro-ou-classic\/?swcfpc=1\">https:\/choix-du-pedalier-pro-ou-classic\/?swcfpc=1<\/a><\/li>\n<\/ul>\n<\/div>\n<\/div>\n","protected":false},"excerpt":{"rendered":"<ul>\n<li>Viene fornito con tutti gli adattatori di diametro dell&#8217;asse (22\/24, 24, 28,9 e 30 mm).<\/li>\n<li>Fornito con piastra a 32 e 38 denti<\/li>\n<li>Fornito con albero, anello a cuneo e viti.<\/li>\n<\/ul>\n","protected":false},"featured_media":4874,"comment_status":"open","ping_status":"closed","template":"","meta":[],"product_brand":[],"product_cat":[845],"product_tag":[],"class_list":{"0":"post-47510","1":"product","2":"type-product","3":"status-publish","4":"has-post-thumbnail","6":"product_cat-parti-del-pedale","8":"first","9":"instock","10":"taxable","11":"shipping-taxable","12":"purchasable","13":"product-type-simple"},"yoast_head":"<!-- This site is optimized with the Yoast SEO plugin v26.9 - https:\/\/yoast.com\/product\/yoast-seo-wordpress\/ -->\n<title>Guarnitura classica per la bicicletta convertita in bicicletta elettrica.<\/title>\n<meta name=\"description\" content=\"Guarnitura classica per biciclette classiche convertite all&#039;elettrico. La guarnitura viene fornita con ingranaggi da 30 e 38.\" \/>\n<meta name=\"robots\" content=\"index, follow, max-snippet:-1, max-image-preview:large, max-video-preview:-1\" \/>\n<link rel=\"canonical\" href=\"https:\/\/www.lift-mtb.com\/it\/produit\/pedaliera-versione-classica\/\" \/>\n<meta property=\"og:locale\" content=\"it_IT\" \/>\n<meta property=\"og:type\" content=\"article\" \/>\n<meta property=\"og:title\" content=\"Guarnitura classica per la bicicletta convertita in bicicletta elettrica.\" \/>\n<meta property=\"og:description\" content=\"Guarnitura classica per biciclette classiche convertite all&#039;elettrico. La guarnitura viene fornita con ingranaggi da 30 e 38.\" \/>\n<meta property=\"og:url\" content=\"https:\/\/www.lift-mtb.com\/it\/produit\/pedaliera-versione-classica\/\" \/>\n<meta property=\"og:site_name\" content=\"LIFT-MTB\" \/>\n<meta property=\"article:modified_time\" content=\"2023-03-03T18:34:27+00:00\" \/>\n<meta property=\"og:image\" content=\"https:\/\/www.lift-mtb.com\/wp-content\/uploads\/2017\/12\/pedalier-v4-classic.png\" \/>\n\t<meta property=\"og:image:width\" content=\"1920\" \/>\n\t<meta property=\"og:image:height\" content=\"1080\" \/>\n\t<meta property=\"og:image:type\" content=\"image\/png\" \/>\n<meta name=\"twitter:card\" content=\"summary_large_image\" \/>\n<meta name=\"twitter:label1\" content=\"Tempo di lettura stimato\" \/>\n\t<meta name=\"twitter:data1\" content=\"1 minuto\" \/>\n<script type=\"application\/ld+json\" class=\"yoast-schema-graph\">{\"@context\":\"https:\/\/schema.org\",\"@graph\":[{\"@type\":\"WebPage\",\"@id\":\"https:\/\/www.lift-mtb.com\/it\/produit\/pedaliera-versione-classica\/\",\"url\":\"https:\/\/www.lift-mtb.com\/it\/produit\/pedaliera-versione-classica\/\",\"name\":\"Guarnitura classica per la bicicletta convertita in bicicletta elettrica.\",\"isPartOf\":{\"@id\":\"https:\/\/www.lift-mtb.com\/it\/#website\"},\"primaryImageOfPage\":{\"@id\":\"https:\/\/www.lift-mtb.com\/it\/produit\/pedaliera-versione-classica\/#primaryimage\"},\"image\":{\"@id\":\"https:\/\/www.lift-mtb.com\/it\/produit\/pedaliera-versione-classica\/#primaryimage\"},\"thumbnailUrl\":\"https:\/\/www.lift-mtb.com\/wp-content\/uploads\/2017\/12\/pedalier-v4-classic.png\",\"datePublished\":\"2023-02-24T08:57:46+00:00\",\"dateModified\":\"2023-03-03T18:34:27+00:00\",\"description\":\"Guarnitura classica per biciclette classiche convertite all'elettrico. La guarnitura viene fornita con ingranaggi da 30 e 38.\",\"breadcrumb\":{\"@id\":\"https:\/\/www.lift-mtb.com\/it\/produit\/pedaliera-versione-classica\/#breadcrumb\"},\"inLanguage\":\"it-IT\",\"potentialAction\":[{\"@type\":\"ReadAction\",\"target\":[\"https:\/\/www.lift-mtb.com\/it\/produit\/pedaliera-versione-classica\/\"]}]},{\"@type\":\"ImageObject\",\"inLanguage\":\"it-IT\",\"@id\":\"https:\/\/www.lift-mtb.com\/it\/produit\/pedaliera-versione-classica\/#primaryimage\",\"url\":\"https:\/\/www.lift-mtb.com\/wp-content\/uploads\/2017\/12\/pedalier-v4-classic.png\",\"contentUrl\":\"https:\/\/www.lift-mtb.com\/wp-content\/uploads\/2017\/12\/pedalier-v4-classic.png\",\"width\":1920,\"height\":1080,\"caption\":\"Scelta della guarnitura per bicicletta elettrica LIFT-MTB\"},{\"@type\":\"BreadcrumbList\",\"@id\":\"https:\/\/www.lift-mtb.com\/it\/produit\/pedaliera-versione-classica\/#breadcrumb\",\"itemListElement\":[{\"@type\":\"ListItem\",\"position\":1,\"name\":\"Accueil\",\"item\":\"https:\/\/www.lift-mtb.com\/it\/\"},{\"@type\":\"ListItem\",\"position\":2,\"name\":\"Negozio\",\"item\":\"https:\/\/www.lift-mtb.com\/it\/negozio\/\"},{\"@type\":\"ListItem\",\"position\":3,\"name\":\"Parti di ricambio\",\"item\":\"https:\/\/www.lift-mtb.com\/it\/categoria-di-prodotto\/parti-di-ricambio\/\"},{\"@type\":\"ListItem\",\"position\":4,\"name\":\"Parti del pedale\",\"item\":\"https:\/\/www.lift-mtb.com\/it\/categoria-di-prodotto\/parti-di-ricambio\/parti-del-pedale\/\"},{\"@type\":\"ListItem\",\"position\":5,\"name\":\"Guarnitura classica\"}]},{\"@type\":\"WebSite\",\"@id\":\"https:\/\/www.lift-mtb.com\/it\/#website\",\"url\":\"https:\/\/www.lift-mtb.com\/it\/\",\"name\":\"LIFT-MTB\",\"description\":\"Transformer son v\u00e9lo en \u00e9lectrique rapidement !\",\"publisher\":{\"@id\":\"https:\/\/www.lift-mtb.com\/it\/#organization\"},\"potentialAction\":[{\"@type\":\"SearchAction\",\"target\":{\"@type\":\"EntryPoint\",\"urlTemplate\":\"https:\/\/www.lift-mtb.com\/it\/?s={search_term_string}\"},\"query-input\":{\"@type\":\"PropertyValueSpecification\",\"valueRequired\":true,\"valueName\":\"search_term_string\"}}],\"inLanguage\":\"it-IT\"},{\"@type\":\"Organization\",\"@id\":\"https:\/\/www.lift-mtb.com\/it\/#organization\",\"name\":\"LIFT-MTB\",\"url\":\"https:\/\/www.lift-mtb.com\/it\/\",\"logo\":{\"@type\":\"ImageObject\",\"inLanguage\":\"it-IT\",\"@id\":\"https:\/\/www.lift-mtb.com\/it\/#\/schema\/logo\/image\/\",\"url\":\"https:\/\/www.lift-mtb.com\/wp-content\/uploads\/2022\/01\/electric-kit-for-bike-1.jpg\",\"contentUrl\":\"https:\/\/www.lift-mtb.com\/wp-content\/uploads\/2022\/01\/electric-kit-for-bike-1.jpg\",\"width\":1223,\"height\":560,\"caption\":\"LIFT-MTB\"},\"image\":{\"@id\":\"https:\/\/www.lift-mtb.com\/it\/#\/schema\/logo\/image\/\"}}]}<\/script>\n<!-- \/ Yoast SEO plugin. -->","yoast_head_json":{"title":"Guarnitura classica per la bicicletta convertita in bicicletta elettrica.","description":"Guarnitura classica per biciclette classiche convertite all'elettrico. La guarnitura viene fornita con ingranaggi da 30 e 38.","robots":{"index":"index","follow":"follow","max-snippet":"max-snippet:-1","max-image-preview":"max-image-preview:large","max-video-preview":"max-video-preview:-1"},"canonical":"https:\/\/www.lift-mtb.com\/it\/produit\/pedaliera-versione-classica\/","og_locale":"it_IT","og_type":"article","og_title":"Guarnitura classica per la bicicletta convertita in bicicletta elettrica.","og_description":"Guarnitura classica per biciclette classiche convertite all'elettrico. La guarnitura viene fornita con ingranaggi da 30 e 38.","og_url":"https:\/\/www.lift-mtb.com\/it\/produit\/pedaliera-versione-classica\/","og_site_name":"LIFT-MTB","article_modified_time":"2023-03-03T18:34:27+00:00","og_image":[{"width":1920,"height":1080,"url":"https:\/\/www.lift-mtb.com\/wp-content\/uploads\/2017\/12\/pedalier-v4-classic.png","type":"image\/png"}],"twitter_card":"summary_large_image","twitter_misc":{"Tempo di lettura stimato":"1 minuto"},"schema":{"@context":"https:\/\/schema.org","@graph":[{"@type":"WebPage","@id":"https:\/\/www.lift-mtb.com\/it\/produit\/pedaliera-versione-classica\/","url":"https:\/\/www.lift-mtb.com\/it\/produit\/pedaliera-versione-classica\/","name":"Guarnitura classica per la bicicletta convertita in bicicletta elettrica.","isPartOf":{"@id":"https:\/\/www.lift-mtb.com\/it\/#website"},"primaryImageOfPage":{"@id":"https:\/\/www.lift-mtb.com\/it\/produit\/pedaliera-versione-classica\/#primaryimage"},"image":{"@id":"https:\/\/www.lift-mtb.com\/it\/produit\/pedaliera-versione-classica\/#primaryimage"},"thumbnailUrl":"https:\/\/www.lift-mtb.com\/wp-content\/uploads\/2017\/12\/pedalier-v4-classic.png","datePublished":"2023-02-24T08:57:46+00:00","dateModified":"2023-03-03T18:34:27+00:00","description":"Guarnitura classica per biciclette classiche convertite all'elettrico. La guarnitura viene fornita con ingranaggi da 30 e 38.","breadcrumb":{"@id":"https:\/\/www.lift-mtb.com\/it\/produit\/pedaliera-versione-classica\/#breadcrumb"},"inLanguage":"it-IT","potentialAction":[{"@type":"ReadAction","target":["https:\/\/www.lift-mtb.com\/it\/produit\/pedaliera-versione-classica\/"]}]},{"@type":"ImageObject","inLanguage":"it-IT","@id":"https:\/\/www.lift-mtb.com\/it\/produit\/pedaliera-versione-classica\/#primaryimage","url":"https:\/\/www.lift-mtb.com\/wp-content\/uploads\/2017\/12\/pedalier-v4-classic.png","contentUrl":"https:\/\/www.lift-mtb.com\/wp-content\/uploads\/2017\/12\/pedalier-v4-classic.png","width":1920,"height":1080,"caption":"Scelta della guarnitura per bicicletta elettrica LIFT-MTB"},{"@type":"BreadcrumbList","@id":"https:\/\/www.lift-mtb.com\/it\/produit\/pedaliera-versione-classica\/#breadcrumb","itemListElement":[{"@type":"ListItem","position":1,"name":"Accueil","item":"https:\/\/www.lift-mtb.com\/it\/"},{"@type":"ListItem","position":2,"name":"Negozio","item":"https:\/\/www.lift-mtb.com\/it\/negozio\/"},{"@type":"ListItem","position":3,"name":"Parti di ricambio","item":"https:\/\/www.lift-mtb.com\/it\/categoria-di-prodotto\/parti-di-ricambio\/"},{"@type":"ListItem","position":4,"name":"Parti del pedale","item":"https:\/\/www.lift-mtb.com\/it\/categoria-di-prodotto\/parti-di-ricambio\/parti-del-pedale\/"},{"@type":"ListItem","position":5,"name":"Guarnitura classica"}]},{"@type":"WebSite","@id":"https:\/\/www.lift-mtb.com\/it\/#website","url":"https:\/\/www.lift-mtb.com\/it\/","name":"LIFT-MTB","description":"Transformer son v\u00e9lo en \u00e9lectrique rapidement !","publisher":{"@id":"https:\/\/www.lift-mtb.com\/it\/#organization"},"potentialAction":[{"@type":"SearchAction","target":{"@type":"EntryPoint","urlTemplate":"https:\/\/www.lift-mtb.com\/it\/?s={search_term_string}"},"query-input":{"@type":"PropertyValueSpecification","valueRequired":true,"valueName":"search_term_string"}}],"inLanguage":"it-IT"},{"@type":"Organization","@id":"https:\/\/www.lift-mtb.com\/it\/#organization","name":"LIFT-MTB","url":"https:\/\/www.lift-mtb.com\/it\/","logo":{"@type":"ImageObject","inLanguage":"it-IT","@id":"https:\/\/www.lift-mtb.com\/it\/#\/schema\/logo\/image\/","url":"https:\/\/www.lift-mtb.com\/wp-content\/uploads\/2022\/01\/electric-kit-for-bike-1.jpg","contentUrl":"https:\/\/www.lift-mtb.com\/wp-content\/uploads\/2022\/01\/electric-kit-for-bike-1.jpg","width":1223,"height":560,"caption":"LIFT-MTB"},"image":{"@id":"https:\/\/www.lift-mtb.com\/it\/#\/schema\/logo\/image\/"}}]}},"_links":{"self":[{"href":"https:\/\/www.lift-mtb.com\/it\/wp-json\/wp\/v2\/product\/47510","targetHints":{"allow":["GET"]}}],"collection":[{"href":"https:\/\/www.lift-mtb.com\/it\/wp-json\/wp\/v2\/product"}],"about":[{"href":"https:\/\/www.lift-mtb.com\/it\/wp-json\/wp\/v2\/types\/product"}],"replies":[{"embeddable":true,"href":"https:\/\/www.lift-mtb.com\/it\/wp-json\/wp\/v2\/comments?post=47510"}],"wp:featuredmedia":[{"embeddable":true,"href":"https:\/\/www.lift-mtb.com\/it\/wp-json\/wp\/v2\/media\/4874"}],"wp:attachment":[{"href":"https:\/\/www.lift-mtb.com\/it\/wp-json\/wp\/v2\/media?parent=47510"}],"wp:term":[{"taxonomy":"product_brand","embeddable":true,"href":"https:\/\/www.lift-mtb.com\/it\/wp-json\/wp\/v2\/product_brand?post=47510"},{"taxonomy":"product_cat","embeddable":true,"href":"https:\/\/www.lift-mtb.com\/it\/wp-json\/wp\/v2\/product_cat?post=47510"},{"taxonomy":"product_tag","embeddable":true,"href":"https:\/\/www.lift-mtb.com\/it\/wp-json\/wp\/v2\/product_tag?post=47510"}],"curies":[{"name":"wp","href":"https:\/\/api.w.org\/{rel}","templated":true}]}}