{"id":48648,"date":"2023-09-24T06:42:13","date_gmt":"2023-09-24T04:42:13","guid":{"rendered":"https:\/?post_type=product&#038;p=48648"},"modified":"2025-09-18T18:31:31","modified_gmt":"2025-09-18T16:31:31","slug":"803-01-690-fox-x2-air-sleeve-vise-clamp","status":"publish","type":"product","link":"https:\/\/www.lift-mtb.com\/it\/produit\/803-01-690-fox-x2-air-sleeve-vise-clamp\/","title":{"rendered":"803-01-690 FOX X2 \/ Air Sleeve Vise Clamp"},"content":{"rendered":"<p>803-01-690 FOX X2 &#8211; MORS DOUX POUR PARTIE AIR AMORTISSEUR FOX \/ Fox X2 Air Sleeve Vise Clamp<\/p>\n<p>La r\u00e9f\u00e9rence de cet outil est 803-01-690, il permet de faire l&#8217;entretien de votre amortisseur a moindre cout de mani\u00e8re autonome.<\/p>\n<p>Pour amortisseur FOX X2 &#8211; MORS DOUX POUR PARTIE AIR AMORTISSEUR FOX \/ Fox X2 Air Sleeve Vise Clamp permet d&#8217;immobiliser le corps de l&#8217;amortisseur pour pouvoir le d\u00e9visser facilement.<\/p>\n<p>La proc\u00e9dure compl\u00e8te de d\u00e9montage du fox X2 est sur le site ride fox.<\/p>\n<p>Comment faire soit m\u00eame le service d&#8217;un fox x2 ? outils fox x2 a air ? d\u00e9montage amortisseur fox x2 ? entretien fox x2 ? voila a quoi sert cet outil.<\/p>\n<p>Probl\u00e8me sur fox x2 ? bruit d&#8217;air fox x2 ? le fox x2 est il fiable ? vidange fox x2 ? il suffit g\u00e9n\u00e9ralement de faire la vidange de l&#8217;amortisseur pour ressoudre ce probl\u00e8me r\u00e9curent sur le fox x2 d&#8217;ou l&#8217;interet d&#8217;utiliser notre mors doux pour amortisseur vtt.<\/p>\n<p>Que votre x2 soit un amortisseur de DH ou d&#8217;enduro l&#8217;outil sera le meme : <strong>803-01-690 FOX X2 \/ Air Sleeve Vise Clamp<\/strong><\/p>\n<p><a href=\"https:\/produit\/mors-doux-de-serrage-suspension-diametre-5mm-a-100mm\/\">Outil compl\u00e9mentaire<\/a> pour le service du X2 air selon<a href=\"https:\/\/www.ridefox.com\/fox17\/help.php?m=bike&amp;id=682\"> le site officiel fox<\/a> :<\/p>\n<div id=\"partlist\" class=\"list\">\n<h3>Required Parts<\/h3>\n<ul>\n<li>803-00-951 Seal Kit: Float X2 Spring and Damper Rebuild 2016-2017 all sizes except 8.75&#215;2.75<\/li>\n<li>803-01-147 Seal Kit: FLOAT X2 Spring and Damper Rebuild 2016-2017 8.75&#215;2.75 and all 2018<\/li>\n<\/ul>\n<\/div>\n<div id=\"partlist\" class=\"list\">\n<h3>Required Tools<\/h3>\n<ul>\n<li>027-00-018 Pump: Fox Digital HP w\/ Bleed, Foldable, Replaceable Battery, 350 psi, Swivel Head<\/li>\n<li>213-01-460 Eyelet: 9mm Shaft, DHX2, Increased Clearance<\/li>\n<li>398-00-280 Tooling: Eyelet Torque Tool<\/li>\n<li>398-00-419 Tooling: 2016 Float X2, Negative Air Seal<\/li>\n<li>398-00-797 Tooling: Float X2 Steel Shaft, Bullet Tool<\/li>\n<li>803-00-463 Kit: Fill Machine Adapter, 04-07 Epic IV, DHX Air, RC2_RC4 Shocks<\/li>\n<li>803-00-566 Kit: Bike IFP Depth Setting Tool Set<\/li>\n<li>803-00-967 Kit: Tooling: Shaft Clamps, FLOAT X2, 9mm Shaft<\/li>\n<li>803-00-969 Kit: Tooling: Clamps, FLOAT X2, Body&#8212;&#8212;&#8212; &#8212;&#8212;&#8212;(Only needed if replacing the outer body)<\/li>\n<li>803-01-690\u00a0Kit: Tooling: Clamps, ALL FLOAT X2, Inner Air Sleeve<\/li>\n<\/ul>\n<\/div>\n<p>803-01-690 FOX X2 &#8211; MORS DOUX POUR PARTIE AIR AMORTISSEUR FOX \/ Fox X2 Air Sleeve Vise Clamp est l&#8217;outil indispensable pour le service de &#8216;amortisseur fox<\/p>\n","protected":false},"excerpt":{"rendered":"<p>803-01-690 FOX X2 &#8211; MORS DOUX POUR PARTIE AIR AMORTISSEUR FOX \/ Fox X2 Air Sleeve Vise Clamp<\/p>\n<p>Mors doux de serrage suspension diam\u00e8tre 43.13mm \/ 1.698In<\/p>\n<p>Les dimensions des mors doux en plastique PETC , pour serrage par \u00e9taux du corps d&#8221;amortisseur fox x2 a air.<\/p>\n<p>Reference fox clamp tooling fox : 803-01-690 FOX X2 \/ Air Sleeve Vise Clamp<\/p>\n<p>Prix quantitatif sur demande.<\/p>\n<p>D\u00e9couvrez nos autres outils sur la page d\u00e9dier <a href=\"https:\/categorie-produit\/customs\/?swcfpc=1\">LIFT MTB<\/a><\/p>\n<p>Nos Mors doux de serrage suspension diam\u00e8tre 43.13mm pour fox x2 sont bien plus efficace que les mors d&#8217;origine fox racing par exemple.<\/p>\n<p>En effet le plastique PETG que nous utilisons issue de l&#8217;industrie est tr\u00e8s compacte et tr\u00e8s rigide.<\/p>\n<p>Ce PETG permet une adh\u00e9rence optimal pour les mors doux de gros diam\u00e8tre, tout en pr\u00e9servant la pi\u00e8ce a immobiliser.<\/p>\n<p>Nos mors de fixation reste toutefois l\u00e9g\u00e8rement plus souple que des mors doux en aluminium CNC.<\/p>\n<p>Ce qui permet de mieux faire corps avec la pi\u00e8ce a tenir et de mieux serrer les pi\u00e8ces fermement sans quelle tourne.<\/p>\n<p>G\u00e9n\u00e9ralement de couleur noir ou blanc.<\/p>\n<p>La taille des mors de serrage est graver sur le mord de mani\u00e8re ind\u00e9l\u00e9bile.<\/p>\n<p>Ce marquage aide a facilement reconnaitre les tailles lors du stockage.<\/p>\n<p>Parfois, lorsque le corps du fox a air est bloqu\u00e9 lors d&#8217;un assemblage, il est difficile de la d\u00e9visser.<\/p>\n<p>Pour d\u00e9visser sans qu&#8217;elle ne tourne, le mors doux permet de l&#8217;immobili\u00e8res fermement.<\/p>\n<p>Il est possible que certaine de ces pi\u00e8ces soit monter entre elle au frein filet bleu ou rouge type loctite, (lors de l&#8217;assemblage t\u00e8te d&#8217;amortisseur fox , ou bombonne d&#8217;amortisseur x2 par exemple).<\/p>\n<p>Dans ce cas vous pouvez l\u00e9g\u00e8rement chauffer le filetage pour rendre plus souple le frein filet et d\u00e9monter de mani\u00e8re plus facile la tige ou bombonne d&#8217;amortisseur.<\/p>\n<p>Contactez nous si vous voulez d&#8217;autres infos.<\/p>\n","protected":false},"featured_media":48649,"comment_status":"open","ping_status":"closed","template":"","meta":[],"product_brand":[],"product_cat":[1097],"product_tag":[],"class_list":{"0":"post-48648","1":"product","2":"type-product","3":"status-publish","4":"has-post-thumbnail","6":"product_cat-customs","8":"first","9":"instock","10":"taxable","11":"shipping-taxable","12":"purchasable","13":"product-type-simple"},"yoast_head":"<!-- This site is optimized with the Yoast SEO plugin v26.9 - https:\/\/yoast.com\/product\/yoast-seo-wordpress\/ -->\n<title>803-01-690 FOX X2 \/ Air Sleeve Vise Clamp - LIFT-MTB<\/title>\n<meta name=\"description\" content=\"803-01-690 FOX X2 - MORS DOUX POUR PARTIE AIR AMORTISSEUR FOX \/ Fox X2 Air Sleeve Vise Clamp, service fox x2 , fox x2 tooling clamp\" \/>\n<meta name=\"robots\" content=\"index, follow, max-snippet:-1, max-image-preview:large, max-video-preview:-1\" \/>\n<link rel=\"canonical\" href=\"https:\/\/www.lift-mtb.com\/it\/produit\/803-01-690-fox-x2-air-sleeve-vise-clamp\/\" \/>\n<meta property=\"og:locale\" content=\"it_IT\" \/>\n<meta property=\"og:type\" content=\"article\" \/>\n<meta property=\"og:title\" content=\"803-01-690 FOX X2 \/ Air Sleeve Vise Clamp - LIFT-MTB\" \/>\n<meta property=\"og:description\" content=\"803-01-690 FOX X2 - MORS DOUX POUR PARTIE AIR AMORTISSEUR FOX \/ Fox X2 Air Sleeve Vise Clamp, service fox x2 , fox x2 tooling clamp\" \/>\n<meta property=\"og:url\" content=\"https:\/\/www.lift-mtb.com\/it\/produit\/803-01-690-fox-x2-air-sleeve-vise-clamp\/\" \/>\n<meta property=\"og:site_name\" content=\"LIFT-MTB\" \/>\n<meta property=\"article:modified_time\" content=\"2025-09-18T16:31:31+00:00\" \/>\n<meta property=\"og:image\" content=\"https:\/\/www.lift-mtb.com\/wp-content\/uploads\/2023\/09\/803-01-690-fox-x2-air-sleeve-tool.jpg\" \/>\n\t<meta property=\"og:image:width\" content=\"681\" \/>\n\t<meta property=\"og:image:height\" content=\"584\" \/>\n\t<meta property=\"og:image:type\" content=\"image\/jpeg\" \/>\n<meta name=\"twitter:card\" content=\"summary_large_image\" \/>\n<meta name=\"twitter:label1\" content=\"Tempo di lettura stimato\" \/>\n\t<meta name=\"twitter:data1\" content=\"2 minuti\" \/>\n<script type=\"application\/ld+json\" class=\"yoast-schema-graph\">{\"@context\":\"https:\/\/schema.org\",\"@graph\":[{\"@type\":\"WebPage\",\"@id\":\"https:\/\/www.lift-mtb.com\/it\/produit\/803-01-690-fox-x2-air-sleeve-vise-clamp\/\",\"url\":\"https:\/\/www.lift-mtb.com\/it\/produit\/803-01-690-fox-x2-air-sleeve-vise-clamp\/\",\"name\":\"803-01-690 FOX X2 \/ Air Sleeve Vise Clamp - LIFT-MTB\",\"isPartOf\":{\"@id\":\"https:\/\/www.lift-mtb.com\/it\/#website\"},\"primaryImageOfPage\":{\"@id\":\"https:\/\/www.lift-mtb.com\/it\/produit\/803-01-690-fox-x2-air-sleeve-vise-clamp\/#primaryimage\"},\"image\":{\"@id\":\"https:\/\/www.lift-mtb.com\/it\/produit\/803-01-690-fox-x2-air-sleeve-vise-clamp\/#primaryimage\"},\"thumbnailUrl\":\"https:\/\/www.lift-mtb.com\/wp-content\/uploads\/2023\/09\/803-01-690-fox-x2-air-sleeve-tool.jpg\",\"datePublished\":\"2023-09-24T04:42:13+00:00\",\"dateModified\":\"2025-09-18T16:31:31+00:00\",\"description\":\"803-01-690 FOX X2 - MORS DOUX POUR PARTIE AIR AMORTISSEUR FOX \/ Fox X2 Air Sleeve Vise Clamp, service fox x2 , fox x2 tooling clamp\",\"breadcrumb\":{\"@id\":\"https:\/\/www.lift-mtb.com\/it\/produit\/803-01-690-fox-x2-air-sleeve-vise-clamp\/#breadcrumb\"},\"inLanguage\":\"it-IT\",\"potentialAction\":[{\"@type\":\"ReadAction\",\"target\":[\"https:\/\/www.lift-mtb.com\/it\/produit\/803-01-690-fox-x2-air-sleeve-vise-clamp\/\"]}]},{\"@type\":\"ImageObject\",\"inLanguage\":\"it-IT\",\"@id\":\"https:\/\/www.lift-mtb.com\/it\/produit\/803-01-690-fox-x2-air-sleeve-vise-clamp\/#primaryimage\",\"url\":\"https:\/\/www.lift-mtb.com\/wp-content\/uploads\/2023\/09\/803-01-690-fox-x2-air-sleeve-tool.jpg\",\"contentUrl\":\"https:\/\/www.lift-mtb.com\/wp-content\/uploads\/2023\/09\/803-01-690-fox-x2-air-sleeve-tool.jpg\",\"width\":681,\"height\":584,\"caption\":\"803-01-690 FOX X2 AIR SLEEVE TOOL\"},{\"@type\":\"BreadcrumbList\",\"@id\":\"https:\/\/www.lift-mtb.com\/it\/produit\/803-01-690-fox-x2-air-sleeve-vise-clamp\/#breadcrumb\",\"itemListElement\":[{\"@type\":\"ListItem\",\"position\":1,\"name\":\"Accueil\",\"item\":\"https:\/\/www.lift-mtb.com\/it\/\"},{\"@type\":\"ListItem\",\"position\":2,\"name\":\"Negozio\",\"item\":\"https:\/\/www.lift-mtb.com\/it\/negozio\/\"},{\"@type\":\"ListItem\",\"position\":3,\"name\":\"Customs\",\"item\":\"https:\/\/www.lift-mtb.com\/it\/categoria-di-prodotto\/customs-it\/\"},{\"@type\":\"ListItem\",\"position\":4,\"name\":\"803-01-690 FOX X2 \/ Air Sleeve Vise Clamp\"}]},{\"@type\":\"WebSite\",\"@id\":\"https:\/\/www.lift-mtb.com\/it\/#website\",\"url\":\"https:\/\/www.lift-mtb.com\/it\/\",\"name\":\"LIFT-MTB\",\"description\":\"Transformer son v\u00e9lo en \u00e9lectrique rapidement !\",\"publisher\":{\"@id\":\"https:\/\/www.lift-mtb.com\/it\/#organization\"},\"potentialAction\":[{\"@type\":\"SearchAction\",\"target\":{\"@type\":\"EntryPoint\",\"urlTemplate\":\"https:\/\/www.lift-mtb.com\/it\/?s={search_term_string}\"},\"query-input\":{\"@type\":\"PropertyValueSpecification\",\"valueRequired\":true,\"valueName\":\"search_term_string\"}}],\"inLanguage\":\"it-IT\"},{\"@type\":\"Organization\",\"@id\":\"https:\/\/www.lift-mtb.com\/it\/#organization\",\"name\":\"LIFT-MTB\",\"url\":\"https:\/\/www.lift-mtb.com\/it\/\",\"logo\":{\"@type\":\"ImageObject\",\"inLanguage\":\"it-IT\",\"@id\":\"https:\/\/www.lift-mtb.com\/it\/#\/schema\/logo\/image\/\",\"url\":\"https:\/\/www.lift-mtb.com\/wp-content\/uploads\/2022\/01\/electric-kit-for-bike-1.jpg\",\"contentUrl\":\"https:\/\/www.lift-mtb.com\/wp-content\/uploads\/2022\/01\/electric-kit-for-bike-1.jpg\",\"width\":1223,\"height\":560,\"caption\":\"LIFT-MTB\"},\"image\":{\"@id\":\"https:\/\/www.lift-mtb.com\/it\/#\/schema\/logo\/image\/\"}}]}<\/script>\n<!-- \/ Yoast SEO plugin. -->","yoast_head_json":{"title":"803-01-690 FOX X2 \/ Air Sleeve Vise Clamp - LIFT-MTB","description":"803-01-690 FOX X2 - MORS DOUX POUR PARTIE AIR AMORTISSEUR FOX \/ Fox X2 Air Sleeve Vise Clamp, service fox x2 , fox x2 tooling clamp","robots":{"index":"index","follow":"follow","max-snippet":"max-snippet:-1","max-image-preview":"max-image-preview:large","max-video-preview":"max-video-preview:-1"},"canonical":"https:\/\/www.lift-mtb.com\/it\/produit\/803-01-690-fox-x2-air-sleeve-vise-clamp\/","og_locale":"it_IT","og_type":"article","og_title":"803-01-690 FOX X2 \/ Air Sleeve Vise Clamp - LIFT-MTB","og_description":"803-01-690 FOX X2 - MORS DOUX POUR PARTIE AIR AMORTISSEUR FOX \/ Fox X2 Air Sleeve Vise Clamp, service fox x2 , fox x2 tooling clamp","og_url":"https:\/\/www.lift-mtb.com\/it\/produit\/803-01-690-fox-x2-air-sleeve-vise-clamp\/","og_site_name":"LIFT-MTB","article_modified_time":"2025-09-18T16:31:31+00:00","og_image":[{"width":681,"height":584,"url":"https:\/\/www.lift-mtb.com\/wp-content\/uploads\/2023\/09\/803-01-690-fox-x2-air-sleeve-tool.jpg","type":"image\/jpeg"}],"twitter_card":"summary_large_image","twitter_misc":{"Tempo di lettura stimato":"2 minuti"},"schema":{"@context":"https:\/\/schema.org","@graph":[{"@type":"WebPage","@id":"https:\/\/www.lift-mtb.com\/it\/produit\/803-01-690-fox-x2-air-sleeve-vise-clamp\/","url":"https:\/\/www.lift-mtb.com\/it\/produit\/803-01-690-fox-x2-air-sleeve-vise-clamp\/","name":"803-01-690 FOX X2 \/ Air Sleeve Vise Clamp - LIFT-MTB","isPartOf":{"@id":"https:\/\/www.lift-mtb.com\/it\/#website"},"primaryImageOfPage":{"@id":"https:\/\/www.lift-mtb.com\/it\/produit\/803-01-690-fox-x2-air-sleeve-vise-clamp\/#primaryimage"},"image":{"@id":"https:\/\/www.lift-mtb.com\/it\/produit\/803-01-690-fox-x2-air-sleeve-vise-clamp\/#primaryimage"},"thumbnailUrl":"https:\/\/www.lift-mtb.com\/wp-content\/uploads\/2023\/09\/803-01-690-fox-x2-air-sleeve-tool.jpg","datePublished":"2023-09-24T04:42:13+00:00","dateModified":"2025-09-18T16:31:31+00:00","description":"803-01-690 FOX X2 - MORS DOUX POUR PARTIE AIR AMORTISSEUR FOX \/ Fox X2 Air Sleeve Vise Clamp, service fox x2 , fox x2 tooling clamp","breadcrumb":{"@id":"https:\/\/www.lift-mtb.com\/it\/produit\/803-01-690-fox-x2-air-sleeve-vise-clamp\/#breadcrumb"},"inLanguage":"it-IT","potentialAction":[{"@type":"ReadAction","target":["https:\/\/www.lift-mtb.com\/it\/produit\/803-01-690-fox-x2-air-sleeve-vise-clamp\/"]}]},{"@type":"ImageObject","inLanguage":"it-IT","@id":"https:\/\/www.lift-mtb.com\/it\/produit\/803-01-690-fox-x2-air-sleeve-vise-clamp\/#primaryimage","url":"https:\/\/www.lift-mtb.com\/wp-content\/uploads\/2023\/09\/803-01-690-fox-x2-air-sleeve-tool.jpg","contentUrl":"https:\/\/www.lift-mtb.com\/wp-content\/uploads\/2023\/09\/803-01-690-fox-x2-air-sleeve-tool.jpg","width":681,"height":584,"caption":"803-01-690 FOX X2 AIR SLEEVE TOOL"},{"@type":"BreadcrumbList","@id":"https:\/\/www.lift-mtb.com\/it\/produit\/803-01-690-fox-x2-air-sleeve-vise-clamp\/#breadcrumb","itemListElement":[{"@type":"ListItem","position":1,"name":"Accueil","item":"https:\/\/www.lift-mtb.com\/it\/"},{"@type":"ListItem","position":2,"name":"Negozio","item":"https:\/\/www.lift-mtb.com\/it\/negozio\/"},{"@type":"ListItem","position":3,"name":"Customs","item":"https:\/\/www.lift-mtb.com\/it\/categoria-di-prodotto\/customs-it\/"},{"@type":"ListItem","position":4,"name":"803-01-690 FOX X2 \/ Air Sleeve Vise Clamp"}]},{"@type":"WebSite","@id":"https:\/\/www.lift-mtb.com\/it\/#website","url":"https:\/\/www.lift-mtb.com\/it\/","name":"LIFT-MTB","description":"Transformer son v\u00e9lo en \u00e9lectrique rapidement !","publisher":{"@id":"https:\/\/www.lift-mtb.com\/it\/#organization"},"potentialAction":[{"@type":"SearchAction","target":{"@type":"EntryPoint","urlTemplate":"https:\/\/www.lift-mtb.com\/it\/?s={search_term_string}"},"query-input":{"@type":"PropertyValueSpecification","valueRequired":true,"valueName":"search_term_string"}}],"inLanguage":"it-IT"},{"@type":"Organization","@id":"https:\/\/www.lift-mtb.com\/it\/#organization","name":"LIFT-MTB","url":"https:\/\/www.lift-mtb.com\/it\/","logo":{"@type":"ImageObject","inLanguage":"it-IT","@id":"https:\/\/www.lift-mtb.com\/it\/#\/schema\/logo\/image\/","url":"https:\/\/www.lift-mtb.com\/wp-content\/uploads\/2022\/01\/electric-kit-for-bike-1.jpg","contentUrl":"https:\/\/www.lift-mtb.com\/wp-content\/uploads\/2022\/01\/electric-kit-for-bike-1.jpg","width":1223,"height":560,"caption":"LIFT-MTB"},"image":{"@id":"https:\/\/www.lift-mtb.com\/it\/#\/schema\/logo\/image\/"}}]}},"_links":{"self":[{"href":"https:\/\/www.lift-mtb.com\/it\/wp-json\/wp\/v2\/product\/48648","targetHints":{"allow":["GET"]}}],"collection":[{"href":"https:\/\/www.lift-mtb.com\/it\/wp-json\/wp\/v2\/product"}],"about":[{"href":"https:\/\/www.lift-mtb.com\/it\/wp-json\/wp\/v2\/types\/product"}],"replies":[{"embeddable":true,"href":"https:\/\/www.lift-mtb.com\/it\/wp-json\/wp\/v2\/comments?post=48648"}],"wp:featuredmedia":[{"embeddable":true,"href":"https:\/\/www.lift-mtb.com\/it\/wp-json\/wp\/v2\/media\/48649"}],"wp:attachment":[{"href":"https:\/\/www.lift-mtb.com\/it\/wp-json\/wp\/v2\/media?parent=48648"}],"wp:term":[{"taxonomy":"product_brand","embeddable":true,"href":"https:\/\/www.lift-mtb.com\/it\/wp-json\/wp\/v2\/product_brand?post=48648"},{"taxonomy":"product_cat","embeddable":true,"href":"https:\/\/www.lift-mtb.com\/it\/wp-json\/wp\/v2\/product_cat?post=48648"},{"taxonomy":"product_tag","embeddable":true,"href":"https:\/\/www.lift-mtb.com\/it\/wp-json\/wp\/v2\/product_tag?post=48648"}],"curies":[{"name":"wp","href":"https:\/\/api.w.org\/{rel}","templated":true}]}}